{"id":1760,"date":"2025-08-11T08:23:48","date_gmt":"2025-08-11T08:23:48","guid":{"rendered":"https:\/\/hunter-optics.com\/?post_type=product&#038;p=1760"},"modified":"2025-10-11T09:15:54","modified_gmt":"2025-10-11T09:15:54","slug":"element-helix-6-24x50-ffp-apr-2d-mrad-30mm","status":"publish","type":"product","link":"https:\/\/hunter-optics.com\/tr\/urun\/element-helix-6-24x50-ffp-apr-2d-mrad-30mm\/","title":{"rendered":"Element Helix 6-24\u00d750 FFP APR-2D MRAD 30mm"},"content":{"rendered":"<div id=\"target_description\" class=\"w-full py-8 border-t mb-6 text-sm border-pbordergreydark pm-product-content open\">\n<p><strong>\u00d6ZELL\u0130KLER<\/strong><\/p>\n<\/div>\n<ul>\n<li>B\u00fcy\u00fctme oran\u0131: 6-24x<\/li>\n<li>Objektif Lens \u00c7ap\u0131: 50mm<\/li>\n<li>T\u00fcp \u00c7ap\u0131: 30 mm<\/li>\n<li>\u00c7\u0131k\u0131\u015f G\u00f6zbebe\u011fi: 9,1-2,2 mm<\/li>\n<li>G\u00f6z R\u00f6lyefi: 3,7-4 in\u00e7<\/li>\n<li>G\u00f6r\u00fc\u015f Alan\u0131 @100 yarda: 18.3-4.6 fit<\/li>\n<li>T\u0131klama De\u011feri: 0,25 MARD<\/li>\n<li>D\u00f6n\u00fc\u015f ba\u015f\u0131na ayar aral\u0131\u011f\u0131: 11,6 MOA<\/li>\n<li>Toplam Y\u00fckseklik Ayar\u0131: 18.9 MIL<\/li>\n<li>Minimum Paralaks: 10 Metre<\/li>\n<li>Temizleme Malzemesi: Azot<\/li>\n<li>Uzunluk: 363mm<\/li>\n<li>A\u011f\u0131rl\u0131k: 737g<\/li>\n<li>\u00d6m\u00fcr boyu garanti<\/li>\n<\/ul>\n<p><strong>\u00d6ZELL\u0130KLER<\/strong><\/p>\n<ul>\n<li>30mm Ana G\u00f6vde Borusu<\/li>\n<li>Kompakt, Hafif tasar\u0131m<\/li>\n<li>Birinci Odak D\u00fczlemi Retik\u00fcl\u00fc<\/li>\n<li>U\u00e7ak S\u0131n\u0131f\u0131 Al\u00fcminyum<\/li>\n<li>Yan Paralaks: 10yds-Sonsuzluk<\/li>\n<li>Tamamen \u00c7ok Kaplamal\u0131 Lensler<\/li>\n<li>Devir Ba\u015f\u0131na 15 MOA ile Aletsiz S\u0131f\u0131rlanabilir Taretler<\/li>\n<li>Sert Mekanik S\u0131f\u0131r Durdurma<\/li>\n<li>\u00c7\u0131kar\u0131labilir B\u00fcy\u00fctme F\u0131rlatma Kolu<\/li>\n<li>Su Ge\u00e7irmez, Sis Ge\u00e7irmez, Darbeye Dayan\u0131kl\u0131 ve Azot Tasfiyeli<\/li>\n<li>G\u00fcne\u015flik, Lens Bezi ve Kau\u00e7uk Lens Kapaklar\u0131 dahildir<\/li>\n<\/ul>","protected":false},"excerpt":{"rendered":"<div class=\"fusion-woo-short-description-tb fusion-woo-short-description-tb-1\">\n<div class=\"woocommerce-product-details__short-description\">\n<p>HELIX'i \u00f6nemli \u015feylere \u00f6ncelik verecek \u015fekilde tasarlad\u0131k: net cam, ak\u0131ll\u0131 retik\u00fcller, yenilik\u00e7i \u00f6zellikler ve ayn\u0131 fiyat s\u0131n\u0131f\u0131ndaki di\u011fer \u00fcr\u00fcnlerden daha \u00fcst\u00fcn bir taret sistemi. Taret sistemi, modern at\u0131c\u0131l\u0131k disiplinlerinin gerektirdi\u011fi gibi, d\u00fczenli olarak \u00e7evirme yaparken a\u015f\u0131nma ve y\u0131pranmaya kar\u015f\u0131 diren\u00e7 sa\u011flamak i\u00e7in paslanmaz \u00e7elik i\u00e7 k\u0131s\u0131mlara sahip olacak \u015fekilde standart spor opti\u011finizden y\u00fckseltildi. Alet gerektirmeyen taretler ve s\u0131f\u0131r durdurma mekanizmas\u0131, b\u00fct\u00e7enizi sarsmadan size \u00fcst d\u00fczey \u00f6zellikler sunar ve \u0130lk Odak D\u00fczlemi retik\u00fcl\u00fc, t\u00fcm b\u00fcy\u00fctmelerde hassas retik\u00fcl kalibrasyonu sa\u011flar. Bu 1000 yardal\u0131k at\u0131\u015f\u0131 yaparken i\u00e7inizin rahat olmas\u0131 i\u00e7in kalite kontrol kontrolleri getirdik ve bir \u015feyler ters giderse, Platin \u00d6m\u00fcr Boyu Garantimiz sizi koruyor!<\/p>\n<\/div>\n<\/div>","protected":false},"featured_media":1761,"comment_status":"open","ping_status":"closed","template":"","meta":[],"etheme_brands":[{"term_id":48,"name":"Element","slug":"element","term_group":0,"term_taxonomy_id":48,"taxonomy":"brand","description":"","parent":0,"count":2,"filter":"raw"}],"product_brand":[],"product_cat":[49],"product_tag":[],"class_list":{"0":"post-1760","1":"product","2":"type-product","3":"status-publish","4":"has-post-thumbnail","6":"brand-element","7":"product_cat-rifle-scopes","9":"first","10":"instock","11":"taxable","12":"shipping-taxable","13":"purchasable","14":"product-type-simple"},"yoast_head":"<!-- This site is optimized with the Yoast SEO Premium plugin v25.7.1 (Yoast SEO v27.4) - https:\/\/yoast.com\/product\/yoast-seo-premium-wordpress\/ -->\n<title>Element Helix 6-24x50 FFP APR-2D MRAD 30mm - Hunter Optics<\/title>\n<meta name=\"description\" content=\"Athlon Argos BTR GEN2 6-24x50 FFP scope features illuminated APLR2 MOA reticle, aircraft-grade aluminum body &amp; true zero-stop. Ideal for precision shooting. Shop now.\" \/>\n<meta name=\"robots\" content=\"index, follow, max-snippet:-1, max-image-preview:large, max-video-preview:-1\" \/>\n<link rel=\"canonical\" href=\"https:\/\/hunter-optics.com\/tr\/urun\/element-helix-6-24x50-ffp-apr-2d-mrad-30mm\/\" \/>\n<meta property=\"og:locale\" content=\"tr_TR\" \/>\n<meta property=\"og:type\" content=\"article\" \/>\n<meta property=\"og:title\" content=\"Element Helix 6-24x50 FFP APR-2D MRAD 30mm\" \/>\n<meta property=\"og:description\" content=\"Athlon Argos BTR GEN2 6-24x50 FFP scope features illuminated APLR2 MOA reticle, aircraft-grade aluminum body &amp; true zero-stop. Ideal for precision shooting. Shop now.\" \/>\n<meta property=\"og:url\" content=\"https:\/\/hunter-optics.com\/tr\/urun\/element-helix-6-24x50-ffp-apr-2d-mrad-30mm\/\" \/>\n<meta property=\"og:site_name\" content=\"Hunter Optics\" \/>\n<meta property=\"article:modified_time\" content=\"2025-10-11T09:15:54+00:00\" \/>\n<meta property=\"og:image\" content=\"https:\/\/hunter-optics.com\/wp-content\/uploads\/2025\/08\/Element-Helix-6-24x50-FFP-APR-2D-MRAD-30mm-3.jpeg\" \/>\n\t<meta property=\"og:image:width\" content=\"2560\" \/>\n\t<meta property=\"og:image:height\" content=\"1537\" \/>\n\t<meta property=\"og:image:type\" content=\"image\/jpeg\" \/>\n<meta name=\"twitter:card\" content=\"summary_large_image\" \/>\n<meta name=\"twitter:label1\" content=\"Fiyat\" \/>\n\t<meta name=\"twitter:data1\" content=\"&#036;439.99\" \/>\n\t<meta name=\"twitter:label2\" content=\"Durumu\" \/>\n\t<meta name=\"twitter:data2\" content=\"Stokta var\" \/>\n<script type=\"application\/ld+json\" class=\"yoast-schema-graph\">{\"@context\":\"https:\\\/\\\/schema.org\",\"@graph\":[{\"@type\":\"WebPage\",\"@id\":\"https:\\\/\\\/hunter-optics.com\\\/product\\\/element-helix-6-24x50-ffp-apr-2d-mrad-30mm\\\/\",\"url\":\"https:\\\/\\\/hunter-optics.com\\\/product\\\/element-helix-6-24x50-ffp-apr-2d-mrad-30mm\\\/\",\"name\":\"Element Helix 6-24x50 FFP APR-2D MRAD 30mm - Hunter Optics\",\"isPartOf\":{\"@id\":\"https:\\\/\\\/hunter-optics.com\\\/#website\"},\"primaryImageOfPage\":{\"@id\":\"https:\\\/\\\/hunter-optics.com\\\/product\\\/element-helix-6-24x50-ffp-apr-2d-mrad-30mm\\\/#primaryimage\"},\"image\":{\"@id\":\"https:\\\/\\\/hunter-optics.com\\\/product\\\/element-helix-6-24x50-ffp-apr-2d-mrad-30mm\\\/#primaryimage\"},\"thumbnailUrl\":\"https:\\\/\\\/hunter-optics.com\\\/wp-content\\\/uploads\\\/2025\\\/08\\\/Element-Helix-6-24x50-FFP-APR-2D-MRAD-30mm-3.jpeg\",\"datePublished\":\"2025-08-11T08:23:48+00:00\",\"dateModified\":\"2025-10-11T09:15:54+00:00\",\"description\":\"Athlon Argos BTR GEN2 6-24x50 FFP scope features illuminated APLR2 MOA reticle, aircraft-grade aluminum body & true zero-stop. Ideal for precision shooting. Shop now.\",\"breadcrumb\":{\"@id\":\"https:\\\/\\\/hunter-optics.com\\\/product\\\/element-helix-6-24x50-ffp-apr-2d-mrad-30mm\\\/#breadcrumb\"},\"inLanguage\":\"tr\",\"potentialAction\":[{\"@type\":\"ReadAction\",\"target\":[\"https:\\\/\\\/hunter-optics.com\\\/product\\\/element-helix-6-24x50-ffp-apr-2d-mrad-30mm\\\/\"]}]},{\"@type\":\"ImageObject\",\"inLanguage\":\"tr\",\"@id\":\"https:\\\/\\\/hunter-optics.com\\\/product\\\/element-helix-6-24x50-ffp-apr-2d-mrad-30mm\\\/#primaryimage\",\"url\":\"https:\\\/\\\/hunter-optics.com\\\/wp-content\\\/uploads\\\/2025\\\/08\\\/Element-Helix-6-24x50-FFP-APR-2D-MRAD-30mm-3.jpeg\",\"contentUrl\":\"https:\\\/\\\/hunter-optics.com\\\/wp-content\\\/uploads\\\/2025\\\/08\\\/Element-Helix-6-24x50-FFP-APR-2D-MRAD-30mm-3.jpeg\",\"width\":2560,\"height\":1537,\"caption\":\"Element Helix 6-24x50 FFP APR-2D MRAD 30mm\"},{\"@type\":\"BreadcrumbList\",\"@id\":\"https:\\\/\\\/hunter-optics.com\\\/product\\\/element-helix-6-24x50-ffp-apr-2d-mrad-30mm\\\/#breadcrumb\",\"itemListElement\":[{\"@type\":\"ListItem\",\"position\":1,\"name\":\"Home\",\"item\":\"https:\\\/\\\/hunter-optics.com\\\/\"},{\"@type\":\"ListItem\",\"position\":2,\"name\":\"Products\",\"item\":\"https:\\\/\\\/hunter-optics.com\\\/shop\\\/\"},{\"@type\":\"ListItem\",\"position\":3,\"name\":\"Element Helix 6-24&#215;50 FFP APR-2D MRAD 30mm\"}]},{\"@type\":\"WebSite\",\"@id\":\"https:\\\/\\\/hunter-optics.com\\\/#website\",\"url\":\"https:\\\/\\\/hunter-optics.com\\\/\",\"name\":\"Hunter Optics\",\"description\":\"Hunter Optics \u2014 Your Eye on the Target.\",\"publisher\":{\"@id\":\"https:\\\/\\\/hunter-optics.com\\\/#organization\"},\"potentialAction\":[{\"@type\":\"SearchAction\",\"target\":{\"@type\":\"EntryPoint\",\"urlTemplate\":\"https:\\\/\\\/hunter-optics.com\\\/?s={search_term_string}\"},\"query-input\":{\"@type\":\"PropertyValueSpecification\",\"valueRequired\":true,\"valueName\":\"search_term_string\"}}],\"inLanguage\":\"tr\"},{\"@type\":\"Organization\",\"@id\":\"https:\\\/\\\/hunter-optics.com\\\/#organization\",\"name\":\"Hunter Optics\",\"url\":\"https:\\\/\\\/hunter-optics.com\\\/\",\"logo\":{\"@type\":\"ImageObject\",\"inLanguage\":\"tr\",\"@id\":\"https:\\\/\\\/hunter-optics.com\\\/#\\\/schema\\\/logo\\\/image\\\/\",\"url\":\"https:\\\/\\\/hunter-optics.com\\\/wp-content\\\/uploads\\\/2025\\\/06\\\/hunter-optics-logo-1.png\",\"contentUrl\":\"https:\\\/\\\/hunter-optics.com\\\/wp-content\\\/uploads\\\/2025\\\/06\\\/hunter-optics-logo-1.png\",\"width\":937,\"height\":373,\"caption\":\"Hunter Optics\"},\"image\":{\"@id\":\"https:\\\/\\\/hunter-optics.com\\\/#\\\/schema\\\/logo\\\/image\\\/\"}}]}<\/script>\n<meta property=\"product:brand\" content=\"Element\" \/>\n<meta property=\"product:price:amount\" content=\"439.99\" \/>\n<meta property=\"product:price:currency\" content=\"USD\" \/>\n<meta property=\"og:availability\" content=\"instock\" \/>\n<meta property=\"product:availability\" content=\"instock\" \/>\n<meta property=\"product:condition\" content=\"new\" \/>\n<!-- \/ Yoast SEO Premium plugin. -->","yoast_head_json":{"title":"Element Helix 6-24x50 FFP APR-2D MRAD 30mm - Hunter Optics","description":"Athlon Argos BTR GEN2 6-24x50 FFP d\u00fcrb\u00fcn, ayd\u0131nlatmal\u0131 APLR2 MOA retik\u00fcl, u\u00e7ak s\u0131n\u0131f\u0131 al\u00fcminyum g\u00f6vde ve ger\u00e7ek s\u0131f\u0131r durdurma \u00f6zelli\u011fine sahiptir. Hassas at\u0131\u015flar i\u00e7in idealdir. \u015eimdi sat\u0131n al\u0131n.","robots":{"index":"index","follow":"follow","max-snippet":"max-snippet:-1","max-image-preview":"max-image-preview:large","max-video-preview":"max-video-preview:-1"},"canonical":"https:\/\/hunter-optics.com\/tr\/urun\/element-helix-6-24x50-ffp-apr-2d-mrad-30mm\/","og_locale":"tr_TR","og_type":"article","og_title":"Element Helix 6-24x50 FFP APR-2D MRAD 30mm","og_description":"Athlon Argos BTR GEN2 6-24x50 FFP scope features illuminated APLR2 MOA reticle, aircraft-grade aluminum body & true zero-stop. Ideal for precision shooting. Shop now.","og_url":"https:\/\/hunter-optics.com\/tr\/urun\/element-helix-6-24x50-ffp-apr-2d-mrad-30mm\/","og_site_name":"Hunter Optics","article_modified_time":"2025-10-11T09:15:54+00:00","og_image":[{"width":2560,"height":1537,"url":"https:\/\/hunter-optics.com\/wp-content\/uploads\/2025\/08\/Element-Helix-6-24x50-FFP-APR-2D-MRAD-30mm-3.jpeg","type":"image\/jpeg"}],"twitter_card":"summary_large_image","twitter_misc":{"Fiyat":"&#36;439.99","Durumu":"Stokta var"},"schema":{"@context":"https:\/\/schema.org","@graph":[{"@type":"WebPage","@id":"https:\/\/hunter-optics.com\/product\/element-helix-6-24x50-ffp-apr-2d-mrad-30mm\/","url":"https:\/\/hunter-optics.com\/product\/element-helix-6-24x50-ffp-apr-2d-mrad-30mm\/","name":"Element Helix 6-24x50 FFP APR-2D MRAD 30mm - Hunter Optics","isPartOf":{"@id":"https:\/\/hunter-optics.com\/#website"},"primaryImageOfPage":{"@id":"https:\/\/hunter-optics.com\/product\/element-helix-6-24x50-ffp-apr-2d-mrad-30mm\/#primaryimage"},"image":{"@id":"https:\/\/hunter-optics.com\/product\/element-helix-6-24x50-ffp-apr-2d-mrad-30mm\/#primaryimage"},"thumbnailUrl":"https:\/\/hunter-optics.com\/wp-content\/uploads\/2025\/08\/Element-Helix-6-24x50-FFP-APR-2D-MRAD-30mm-3.jpeg","datePublished":"2025-08-11T08:23:48+00:00","dateModified":"2025-10-11T09:15:54+00:00","description":"Athlon Argos BTR GEN2 6-24x50 FFP d\u00fcrb\u00fcn, ayd\u0131nlatmal\u0131 APLR2 MOA retik\u00fcl, u\u00e7ak s\u0131n\u0131f\u0131 al\u00fcminyum g\u00f6vde ve ger\u00e7ek s\u0131f\u0131r durdurma \u00f6zelli\u011fine sahiptir. Hassas at\u0131\u015flar i\u00e7in idealdir. \u015eimdi sat\u0131n al\u0131n.","breadcrumb":{"@id":"https:\/\/hunter-optics.com\/product\/element-helix-6-24x50-ffp-apr-2d-mrad-30mm\/#breadcrumb"},"inLanguage":"tr","potentialAction":[{"@type":"ReadAction","target":["https:\/\/hunter-optics.com\/product\/element-helix-6-24x50-ffp-apr-2d-mrad-30mm\/"]}]},{"@type":"ImageObject","inLanguage":"tr","@id":"https:\/\/hunter-optics.com\/product\/element-helix-6-24x50-ffp-apr-2d-mrad-30mm\/#primaryimage","url":"https:\/\/hunter-optics.com\/wp-content\/uploads\/2025\/08\/Element-Helix-6-24x50-FFP-APR-2D-MRAD-30mm-3.jpeg","contentUrl":"https:\/\/hunter-optics.com\/wp-content\/uploads\/2025\/08\/Element-Helix-6-24x50-FFP-APR-2D-MRAD-30mm-3.jpeg","width":2560,"height":1537,"caption":"Element Helix 6-24x50 FFP APR-2D MRAD 30mm"},{"@type":"BreadcrumbList","@id":"https:\/\/hunter-optics.com\/product\/element-helix-6-24x50-ffp-apr-2d-mrad-30mm\/#breadcrumb","itemListElement":[{"@type":"ListItem","position":1,"name":"Home","item":"https:\/\/hunter-optics.com\/"},{"@type":"ListItem","position":2,"name":"Products","item":"https:\/\/hunter-optics.com\/shop\/"},{"@type":"ListItem","position":3,"name":"Element Helix 6-24&#215;50 FFP APR-2D MRAD 30mm"}]},{"@type":"WebSite","@id":"https:\/\/hunter-optics.com\/#website","url":"https:\/\/hunter-optics.com\/","name":"Avc\u0131 Optikleri","description":"Avc\u0131 Opti\u011fi - G\u00f6z\u00fcn\u00fcz Hedefte.","publisher":{"@id":"https:\/\/hunter-optics.com\/#organization"},"potentialAction":[{"@type":"SearchAction","target":{"@type":"EntryPoint","urlTemplate":"https:\/\/hunter-optics.com\/?s={search_term_string}"},"query-input":{"@type":"PropertyValueSpecification","valueRequired":true,"valueName":"search_term_string"}}],"inLanguage":"tr"},{"@type":"Organization","@id":"https:\/\/hunter-optics.com\/#organization","name":"Avc\u0131 Optikleri","url":"https:\/\/hunter-optics.com\/","logo":{"@type":"ImageObject","inLanguage":"tr","@id":"https:\/\/hunter-optics.com\/#\/schema\/logo\/image\/","url":"https:\/\/hunter-optics.com\/wp-content\/uploads\/2025\/06\/hunter-optics-logo-1.png","contentUrl":"https:\/\/hunter-optics.com\/wp-content\/uploads\/2025\/06\/hunter-optics-logo-1.png","width":937,"height":373,"caption":"Hunter Optics"},"image":{"@id":"https:\/\/hunter-optics.com\/#\/schema\/logo\/image\/"}}]},"product_brand":"Element","product_price_amount":"439.99","product_price_currency":"USD","og_availability":"instock","product_availability":"instock","product_condition":"new"},"_links":{"self":[{"href":"https:\/\/hunter-optics.com\/tr\/wp-json\/wp\/v2\/product\/1760","targetHints":{"allow":["GET"]}}],"collection":[{"href":"https:\/\/hunter-optics.com\/tr\/wp-json\/wp\/v2\/product"}],"about":[{"href":"https:\/\/hunter-optics.com\/tr\/wp-json\/wp\/v2\/types\/product"}],"replies":[{"embeddable":true,"href":"https:\/\/hunter-optics.com\/tr\/wp-json\/wp\/v2\/comments?post=1760"}],"version-history":[{"count":1,"href":"https:\/\/hunter-optics.com\/tr\/wp-json\/wp\/v2\/product\/1760\/revisions"}],"predecessor-version":[{"id":1765,"href":"https:\/\/hunter-optics.com\/tr\/wp-json\/wp\/v2\/product\/1760\/revisions\/1765"}],"wp:featuredmedia":[{"embeddable":true,"href":"https:\/\/hunter-optics.com\/tr\/wp-json\/wp\/v2\/media\/1761"}],"wp:attachment":[{"href":"https:\/\/hunter-optics.com\/tr\/wp-json\/wp\/v2\/media?parent=1760"}],"wp:term":[{"taxonomy":"brand","embeddable":true,"href":"https:\/\/hunter-optics.com\/tr\/wp-json\/wp\/v2\/etheme_brands?post=1760"},{"taxonomy":"product_brand","embeddable":true,"href":"https:\/\/hunter-optics.com\/tr\/wp-json\/wp\/v2\/product_brand?post=1760"},{"taxonomy":"product_cat","embeddable":true,"href":"https:\/\/hunter-optics.com\/tr\/wp-json\/wp\/v2\/product_cat?post=1760"},{"taxonomy":"product_tag","embeddable":true,"href":"https:\/\/hunter-optics.com\/tr\/wp-json\/wp\/v2\/product_tag?post=1760"}],"curies":[{"name":"wp","href":"https:\/\/api.w.org\/{rel}","templated":true}]}}