{"id":1747,"date":"2025-08-11T07:45:54","date_gmt":"2025-08-11T07:45:54","guid":{"rendered":"https:\/\/hunter-optics.com\/?post_type=product&#038;p=1747"},"modified":"2025-08-11T07:49:11","modified_gmt":"2025-08-11T07:49:11","slug":"athlon-neos-6-18x44-bdc-500-ir-1mm","status":"publish","type":"product","link":"https:\/\/hunter-optics.com\/tr\/urun\/athlon-neos-6-18x44-bdc-500-ir-1mm\/","title":{"rendered":"Athlon NEOS 6-18\u00d744 BDC 500 IR 1mm"},"content":{"rendered":"<div id=\"target_description\" class=\"w-full py-8 border-t mb-6 text-sm border-pbordergreydark pm-product-content open\">\n<p><strong>\u00d6ZELL\u0130KLER<\/strong><\/p>\n<\/div>\n<ul>\n<li>B\u00fcy\u00fctme oran\u0131: 6-18x<\/li>\n<li>Objektif Lens \u00c7ap\u0131: 44mm<\/li>\n<li>T\u00fcp \u00c7ap\u0131: 1 mm<\/li>\n<li>G\u00f6z R\u00f6lyefi: 3,39-3,19 in\u00e7<\/li>\n<li>G\u00f6r\u00fc\u015f Alan\u0131 @100 yarda: 17,5-5,9 fit<\/li>\n<li>T\u0131klama De\u011feri: 0,25MOA<\/li>\n<li>D\u00f6n\u00fc\u015f ba\u015f\u0131na ayar aral\u0131\u011f\u0131: 15 MOA<\/li>\n<li>Toplam Y\u00fckseklik Ayar\u0131: 50 MIL<\/li>\n<li>Toplam Windage Ayar\u0131: 50 MIL<\/li>\n<li>Paralaks Ayar\u0131: Yan Odak - 10 yardadan sonsuza<\/li>\n<li>Temizleme Malzemesi: Azot<\/li>\n<li>Uzunluk: 13,5 in\u00e7<\/li>\n<li>A\u011f\u0131rl\u0131k: 21,7 oz<\/li>\n<li>\u00d6m\u00fcr boyu garanti<\/li>\n<\/ul>\n<p><strong>\u00d6ZELL\u0130KLER<\/strong><\/p>\n<h4>Birinci Odak D\u00fczlemi Retik\u00fcl\u00fc:<\/h4>\n<ul>\n<li>\u0130lk odak d\u00fczlemi tasar\u0131m\u0131, yak\u0131nla\u015ft\u0131rd\u0131k\u00e7a veya uzakla\u015ft\u0131rd\u0131k\u00e7a hedefinizle birlikte k\u00fc\u00e7\u00fclen veya b\u00fcy\u00fcyen \u00f6zel olarak tasarlanm\u0131\u015f retik\u00fclleri tam olarak kullanman\u0131za olanak tan\u0131r.  Bu retik\u00fcller, d\u00fc\u015f\u00fck g\u00fc\u00e7te h\u0131zl\u0131 hedef tutu\u015fu sa\u011flarken, daha ince ayr\u0131nt\u0131larla hassas tutu\u015f pozisyonlar\u0131 sunar.<\/li>\n<\/ul>\n<h4>I\u015f\u0131kl\u0131 Ni\u015fangah:<\/h4>\n<ul>\n<li>Ayd\u0131nlatmal\u0131 d\u00fcrb\u00fcn, alacakaranl\u0131kta ve \u015fafakta ve di\u011fer d\u00fc\u015f\u00fck ortam \u0131\u015f\u0131\u011f\u0131 ortamlar\u0131nda daha fazla g\u00f6r\u00fcn\u00fcrl\u00fck sa\u011flar.<\/li>\n<\/ul>\n<h4>Kaz\u0131nm\u0131\u015f Cam Retik\u00fcl:<\/h4>\n<ul>\n<li>Karma\u015f\u0131k retik\u00fcl tasar\u0131m\u0131 i\u00e7in m\u00fckemmel destek sa\u011flayan ve b\u00fcy\u00fck dayan\u0131kl\u0131l\u0131k ve geri tepmeye kar\u015f\u0131 \u00e7ok daha y\u00fcksek \u015fok direnci sunan cam \u00fczerine kaz\u0131nm\u0131\u015f retik\u00fcl.<\/li>\n<\/ul>\n<h4>Geli\u015fmi\u015f Tam Multicoated:<\/h4>\n<ul>\n<li>Tamamen \u00c7ok Kaplamal\u0131 optikler yans\u0131yan \u0131\u015f\u0131\u011f\u0131 etkili bir \u015fekilde azalt\u0131r ve \u0131\u015f\u0131\u011f\u0131n iletimini art\u0131rarak size normal tek kaplamal\u0131 camlardan daha parlak bir g\u00f6r\u00fcnt\u00fc sa\u011flar.<\/li>\n<\/ul>\n<h4>Hassas S\u0131f\u0131r Durdurma Sistemi:<\/h4>\n<ul>\n<li>Sistem, s\u0131f\u0131r konumunuzu kilitlemenize ve zifiri karanl\u0131kta veya k\u00f6r bir katta \u00e7eviriyor olsan\u0131z bile s\u0131f\u0131r i\u015faretinizde keskin ve hassas bir durdurma ile geri \u00e7evirmenize olanak tan\u0131r.<\/li>\n<\/ul>\n<h4>6061 T6 Al\u00fcminyum:<\/h4>\n<ul>\n<li>Ola\u011fan\u00fcst\u00fc dayan\u0131kl\u0131l\u0131\u011fa ve \u00fcst\u00fcn mekanik b\u00fct\u00fcnl\u00fc\u011fe sahip 6061T6 u\u00e7ak s\u0131n\u0131f\u0131 al\u00fcminyum boru, bu birinci s\u0131n\u0131f optikleri ne kadar zorlarsan\u0131z zorlay\u0131n koruyacakt\u0131r.<\/li>\n<\/ul>\n<h4>Is\u0131l \u0130\u015flem G\u00f6rm\u00fc\u015f Tek Par\u00e7a Boru Yap\u0131s\u0131:<\/h4>\n<ul>\n<li>Is\u0131l i\u015flem g\u00f6rm\u00fc\u015f tek par\u00e7a t\u00fcp, d\u00fcrb\u00fcne \u00e7ok par\u00e7al\u0131 t\u00fcplere g\u00f6re ekstra g\u00fc\u00e7 kazand\u0131r\u0131r.  Tek par\u00e7al\u0131 bir t\u00fcp ayr\u0131ca nemi d\u0131\u015far\u0131da tutmada daha iyidir, b\u00f6ylece d\u00fcrb\u00fcn\u00fcn\u00fcz \u00fcr\u00fcn\u00fcn \u00f6mr\u00fc boyunca bu\u011fulanmaz.<\/li>\n<\/ul>\n<h4>Su ge\u00e7irmez:<\/h4>\n<ul>\n<li>En zorlu hava ko\u015fullar\u0131nda veya yanl\u0131\u015fl\u0131kla su alt\u0131nda kalmas\u0131 durumunda d\u00fcrb\u00fcn\u00fc korumak i\u00e7in su ge\u00e7irmez.<\/li>\n<\/ul>\n<p><strong>Sis ge\u00e7irmez:<\/strong><\/p>\n<ul>\n<li>T\u00fcfe\u011finizi s\u0131cak i\u00e7 ortamdan so\u011fuk ortam s\u0131cakl\u0131\u011f\u0131na ald\u0131\u011f\u0131n\u0131zda hedefinize hemen ni\u015fan alman\u0131z\u0131 sa\u011flamak i\u00e7in bu\u011fu ge\u00e7irmez.<\/li>\n<\/ul>\n<p><strong>Darbeye dayan\u0131kl\u0131:<\/strong><\/p>\n<ul>\n<li>Hem kontrol hem de erekt\u00f6r sisteminde \u00f6zel tasar\u0131mlara sahip sa\u011flam mekanik sistem, 1000 kez 1000G geri tepmeye dayanacak \u015fekilde en \u00fcst d\u00fczeyde geri tepme direnci sa\u011flar.<\/li>\n<\/ul>\n<p><strong>Argonla temizlenmi\u015f:<\/strong><\/p>\n<ul>\n<li>Argon Temizleme, daha iyi su yal\u0131t\u0131m\u0131 ve termal stabilite sa\u011flayarak t\u00fcp\u00fcn i\u00e7indeki nemi temizlemek i\u00e7in daha b\u00fcy\u00fck boyutlu molek\u00fcllere sahip atalet gaz\u0131 kullan\u0131r.<\/li>\n<\/ul>","protected":false},"excerpt":{"rendered":"<p>\u00d6n\u00fcm\u00fczdeki sezon i\u00e7in harika bir av t\u00fcfe\u011fi d\u00fcrb\u00fcn\u00fc arayan, b\u00fct\u00e7esi k\u0131s\u0131tl\u0131 bir avc\u0131 m\u0131s\u0131n\u0131z? Neos d\u00fcrb\u00fcnleri, b\u00fct\u00e7esini a\u015fmadan kalite ve \u00f6zellik isteyen avc\u0131lar i\u00e7in m\u00fckemmel av t\u00fcfe\u011fi d\u00fcrb\u00fcnleridir. Neos av t\u00fcfe\u011fi d\u00fcrb\u00fcnleri serisi, Kapakl\u0131 y\u00fckseklik ve windage taretleri, I\u015f\u0131kl\u0131 retik\u00fcl, Tamamen \u00e7ok kaplamal\u0131 lensler, Su ge\u00e7irmez \/ Sis ge\u00e7irmez \u00f6zelliklere sahiptir.<\/p>","protected":false},"featured_media":1748,"comment_status":"open","ping_status":"closed","template":"","meta":[],"etheme_brands":[{"term_id":46,"name":"Athlon","slug":"athlon","term_group":0,"term_taxonomy_id":46,"taxonomy":"brand","description":"Athlon is a proud US sports optics product company. Devoted to designing and delivering superior quality optics products and outdoor accessories at a competitive price to our consumers via our distribution and retail channels. Athlon has strong engineering capabilities, strategic alliances with quality manufacturers, and a streamlined fully integrated supply chain. These advantages enable us to bring the latest cutting edge technologies and cut out the extra layers of traditional supply chains. With these advantages we are able to deliver products to consumers with great cost savings. Our goal from day one is to pass those savings to you, the outdoor enthusiast.","parent":0,"count":8,"filter":"raw"}],"product_brand":[],"product_cat":[49],"product_tag":[],"class_list":{"0":"post-1747","1":"product","2":"type-product","3":"status-publish","4":"has-post-thumbnail","6":"brand-athlon","7":"product_cat-rifle-scopes","9":"first","10":"instock","11":"taxable","12":"shipping-taxable","13":"purchasable","14":"product-type-simple"},"yoast_head":"<!-- This site is optimized with the Yoast SEO Premium plugin v25.7.1 (Yoast SEO v27.4) - https:\/\/yoast.com\/product\/yoast-seo-premium-wordpress\/ -->\n<title>Athlon NEOS 6-18\u00d744 BDC 500 IR 1mm - Hunter Optics<\/title>\n<meta name=\"description\" content=\"Athlon Argos BTR GEN2 6-24x50 FFP scope features illuminated APLR2 MOA reticle, aircraft-grade aluminum body &amp; true zero-stop. Ideal for precision shooting. Shop now.\" \/>\n<meta name=\"robots\" content=\"index, follow, max-snippet:-1, max-image-preview:large, max-video-preview:-1\" \/>\n<link rel=\"canonical\" href=\"https:\/\/hunter-optics.com\/tr\/urun\/athlon-neos-6-18x44-bdc-500-ir-1mm\/\" \/>\n<meta property=\"og:locale\" content=\"tr_TR\" \/>\n<meta property=\"og:type\" content=\"article\" \/>\n<meta property=\"og:title\" content=\"Athlon NEOS 6-18\u00d744 BDC 500 IR 1mm\" \/>\n<meta property=\"og:description\" content=\"Athlon Argos BTR GEN2 6-24x50 FFP scope features illuminated APLR2 MOA reticle, aircraft-grade aluminum body &amp; true zero-stop. Ideal for precision shooting. Shop now.\" \/>\n<meta property=\"og:url\" content=\"https:\/\/hunter-optics.com\/tr\/urun\/athlon-neos-6-18x44-bdc-500-ir-1mm\/\" \/>\n<meta property=\"og:site_name\" content=\"Hunter Optics\" \/>\n<meta property=\"article:modified_time\" content=\"2025-08-11T07:49:11+00:00\" \/>\n<meta property=\"og:image\" content=\"https:\/\/hunter-optics.com\/wp-content\/uploads\/2025\/08\/Athlon-NEOS-6-18\u00d744-BDC-500-IR-1.webp\" \/>\n\t<meta property=\"og:image:width\" content=\"1500\" \/>\n\t<meta property=\"og:image:height\" content=\"1500\" \/>\n\t<meta property=\"og:image:type\" content=\"image\/webp\" \/>\n<meta name=\"twitter:card\" content=\"summary_large_image\" \/>\n<meta name=\"twitter:label1\" content=\"Fiyat\" \/>\n\t<meta name=\"twitter:data1\" content=\"&#036;237.49\" \/>\n\t<meta name=\"twitter:label2\" content=\"Durumu\" \/>\n\t<meta name=\"twitter:data2\" content=\"Stokta var\" \/>\n<script type=\"application\/ld+json\" class=\"yoast-schema-graph\">{\"@context\":\"https:\\\/\\\/schema.org\",\"@graph\":[{\"@type\":\"WebPage\",\"@id\":\"https:\\\/\\\/hunter-optics.com\\\/product\\\/athlon-neos-6-18x44-bdc-500-ir-1mm\\\/\",\"url\":\"https:\\\/\\\/hunter-optics.com\\\/product\\\/athlon-neos-6-18x44-bdc-500-ir-1mm\\\/\",\"name\":\"Athlon NEOS 6-18\u00d744 BDC 500 IR 1mm - Hunter Optics\",\"isPartOf\":{\"@id\":\"https:\\\/\\\/hunter-optics.com\\\/#website\"},\"primaryImageOfPage\":{\"@id\":\"https:\\\/\\\/hunter-optics.com\\\/product\\\/athlon-neos-6-18x44-bdc-500-ir-1mm\\\/#primaryimage\"},\"image\":{\"@id\":\"https:\\\/\\\/hunter-optics.com\\\/product\\\/athlon-neos-6-18x44-bdc-500-ir-1mm\\\/#primaryimage\"},\"thumbnailUrl\":\"https:\\\/\\\/hunter-optics.com\\\/wp-content\\\/uploads\\\/2025\\\/08\\\/Athlon-NEOS-6-18\u00d744-BDC-500-IR-1.webp\",\"datePublished\":\"2025-08-11T07:45:54+00:00\",\"dateModified\":\"2025-08-11T07:49:11+00:00\",\"description\":\"Athlon Argos BTR GEN2 6-24x50 FFP scope features illuminated APLR2 MOA reticle, aircraft-grade aluminum body & true zero-stop. Ideal for precision shooting. Shop now.\",\"breadcrumb\":{\"@id\":\"https:\\\/\\\/hunter-optics.com\\\/product\\\/athlon-neos-6-18x44-bdc-500-ir-1mm\\\/#breadcrumb\"},\"inLanguage\":\"tr\",\"potentialAction\":[{\"@type\":\"ReadAction\",\"target\":[\"https:\\\/\\\/hunter-optics.com\\\/product\\\/athlon-neos-6-18x44-bdc-500-ir-1mm\\\/\"]}]},{\"@type\":\"ImageObject\",\"inLanguage\":\"tr\",\"@id\":\"https:\\\/\\\/hunter-optics.com\\\/product\\\/athlon-neos-6-18x44-bdc-500-ir-1mm\\\/#primaryimage\",\"url\":\"https:\\\/\\\/hunter-optics.com\\\/wp-content\\\/uploads\\\/2025\\\/08\\\/Athlon-NEOS-6-18\u00d744-BDC-500-IR-1.webp\",\"contentUrl\":\"https:\\\/\\\/hunter-optics.com\\\/wp-content\\\/uploads\\\/2025\\\/08\\\/Athlon-NEOS-6-18\u00d744-BDC-500-IR-1.webp\",\"width\":1500,\"height\":1500,\"caption\":\"Athlon NEOS 6-18\u00d744 BDC 500 IR\"},{\"@type\":\"BreadcrumbList\",\"@id\":\"https:\\\/\\\/hunter-optics.com\\\/product\\\/athlon-neos-6-18x44-bdc-500-ir-1mm\\\/#breadcrumb\",\"itemListElement\":[{\"@type\":\"ListItem\",\"position\":1,\"name\":\"Home\",\"item\":\"https:\\\/\\\/hunter-optics.com\\\/\"},{\"@type\":\"ListItem\",\"position\":2,\"name\":\"Products\",\"item\":\"https:\\\/\\\/hunter-optics.com\\\/shop\\\/\"},{\"@type\":\"ListItem\",\"position\":3,\"name\":\"Athlon NEOS 6-18\u00d744 BDC 500 IR 1mm\"}]},{\"@type\":\"WebSite\",\"@id\":\"https:\\\/\\\/hunter-optics.com\\\/#website\",\"url\":\"https:\\\/\\\/hunter-optics.com\\\/\",\"name\":\"Hunter Optics\",\"description\":\"Hunter Optics \u2014 Your Eye on the Target.\",\"publisher\":{\"@id\":\"https:\\\/\\\/hunter-optics.com\\\/#organization\"},\"potentialAction\":[{\"@type\":\"SearchAction\",\"target\":{\"@type\":\"EntryPoint\",\"urlTemplate\":\"https:\\\/\\\/hunter-optics.com\\\/?s={search_term_string}\"},\"query-input\":{\"@type\":\"PropertyValueSpecification\",\"valueRequired\":true,\"valueName\":\"search_term_string\"}}],\"inLanguage\":\"tr\"},{\"@type\":\"Organization\",\"@id\":\"https:\\\/\\\/hunter-optics.com\\\/#organization\",\"name\":\"Hunter Optics\",\"url\":\"https:\\\/\\\/hunter-optics.com\\\/\",\"logo\":{\"@type\":\"ImageObject\",\"inLanguage\":\"tr\",\"@id\":\"https:\\\/\\\/hunter-optics.com\\\/#\\\/schema\\\/logo\\\/image\\\/\",\"url\":\"https:\\\/\\\/hunter-optics.com\\\/wp-content\\\/uploads\\\/2025\\\/06\\\/hunter-optics-logo-1.png\",\"contentUrl\":\"https:\\\/\\\/hunter-optics.com\\\/wp-content\\\/uploads\\\/2025\\\/06\\\/hunter-optics-logo-1.png\",\"width\":937,\"height\":373,\"caption\":\"Hunter Optics\"},\"image\":{\"@id\":\"https:\\\/\\\/hunter-optics.com\\\/#\\\/schema\\\/logo\\\/image\\\/\"}}]}<\/script>\n<meta property=\"product:brand\" content=\"Athlon\" \/>\n<meta property=\"product:price:amount\" content=\"237.49\" \/>\n<meta property=\"product:price:currency\" content=\"USD\" \/>\n<meta property=\"og:availability\" content=\"instock\" \/>\n<meta property=\"product:availability\" content=\"instock\" \/>\n<meta property=\"product:condition\" content=\"new\" \/>\n<!-- \/ Yoast SEO Premium plugin. -->","yoast_head_json":{"title":"Athlon NEOS 6-18\u00d744 BDC 500 IR 1mm - Hunter Optics","description":"Athlon Argos BTR GEN2 6-24x50 FFP d\u00fcrb\u00fcn, ayd\u0131nlatmal\u0131 APLR2 MOA retik\u00fcl, u\u00e7ak s\u0131n\u0131f\u0131 al\u00fcminyum g\u00f6vde ve ger\u00e7ek s\u0131f\u0131r durdurma \u00f6zelli\u011fine sahiptir. Hassas at\u0131\u015flar i\u00e7in idealdir. \u015eimdi sat\u0131n al\u0131n.","robots":{"index":"index","follow":"follow","max-snippet":"max-snippet:-1","max-image-preview":"max-image-preview:large","max-video-preview":"max-video-preview:-1"},"canonical":"https:\/\/hunter-optics.com\/tr\/urun\/athlon-neos-6-18x44-bdc-500-ir-1mm\/","og_locale":"tr_TR","og_type":"article","og_title":"Athlon NEOS 6-18\u00d744 BDC 500 IR 1mm","og_description":"Athlon Argos BTR GEN2 6-24x50 FFP scope features illuminated APLR2 MOA reticle, aircraft-grade aluminum body & true zero-stop. Ideal for precision shooting. Shop now.","og_url":"https:\/\/hunter-optics.com\/tr\/urun\/athlon-neos-6-18x44-bdc-500-ir-1mm\/","og_site_name":"Hunter Optics","article_modified_time":"2025-08-11T07:49:11+00:00","og_image":[{"width":1500,"height":1500,"url":"https:\/\/hunter-optics.com\/wp-content\/uploads\/2025\/08\/Athlon-NEOS-6-18\u00d744-BDC-500-IR-1.webp","type":"image\/webp"}],"twitter_card":"summary_large_image","twitter_misc":{"Fiyat":"&#36;237.49","Durumu":"Stokta var"},"schema":{"@context":"https:\/\/schema.org","@graph":[{"@type":"WebPage","@id":"https:\/\/hunter-optics.com\/product\/athlon-neos-6-18x44-bdc-500-ir-1mm\/","url":"https:\/\/hunter-optics.com\/product\/athlon-neos-6-18x44-bdc-500-ir-1mm\/","name":"Athlon NEOS 6-18\u00d744 BDC 500 IR 1mm - Hunter Optics","isPartOf":{"@id":"https:\/\/hunter-optics.com\/#website"},"primaryImageOfPage":{"@id":"https:\/\/hunter-optics.com\/product\/athlon-neos-6-18x44-bdc-500-ir-1mm\/#primaryimage"},"image":{"@id":"https:\/\/hunter-optics.com\/product\/athlon-neos-6-18x44-bdc-500-ir-1mm\/#primaryimage"},"thumbnailUrl":"https:\/\/hunter-optics.com\/wp-content\/uploads\/2025\/08\/Athlon-NEOS-6-18\u00d744-BDC-500-IR-1.webp","datePublished":"2025-08-11T07:45:54+00:00","dateModified":"2025-08-11T07:49:11+00:00","description":"Athlon Argos BTR GEN2 6-24x50 FFP d\u00fcrb\u00fcn, ayd\u0131nlatmal\u0131 APLR2 MOA retik\u00fcl, u\u00e7ak s\u0131n\u0131f\u0131 al\u00fcminyum g\u00f6vde ve ger\u00e7ek s\u0131f\u0131r durdurma \u00f6zelli\u011fine sahiptir. Hassas at\u0131\u015flar i\u00e7in idealdir. \u015eimdi sat\u0131n al\u0131n.","breadcrumb":{"@id":"https:\/\/hunter-optics.com\/product\/athlon-neos-6-18x44-bdc-500-ir-1mm\/#breadcrumb"},"inLanguage":"tr","potentialAction":[{"@type":"ReadAction","target":["https:\/\/hunter-optics.com\/product\/athlon-neos-6-18x44-bdc-500-ir-1mm\/"]}]},{"@type":"ImageObject","inLanguage":"tr","@id":"https:\/\/hunter-optics.com\/product\/athlon-neos-6-18x44-bdc-500-ir-1mm\/#primaryimage","url":"https:\/\/hunter-optics.com\/wp-content\/uploads\/2025\/08\/Athlon-NEOS-6-18\u00d744-BDC-500-IR-1.webp","contentUrl":"https:\/\/hunter-optics.com\/wp-content\/uploads\/2025\/08\/Athlon-NEOS-6-18\u00d744-BDC-500-IR-1.webp","width":1500,"height":1500,"caption":"Athlon NEOS 6-18\u00d744 BDC 500 IR"},{"@type":"BreadcrumbList","@id":"https:\/\/hunter-optics.com\/product\/athlon-neos-6-18x44-bdc-500-ir-1mm\/#breadcrumb","itemListElement":[{"@type":"ListItem","position":1,"name":"Home","item":"https:\/\/hunter-optics.com\/"},{"@type":"ListItem","position":2,"name":"Products","item":"https:\/\/hunter-optics.com\/shop\/"},{"@type":"ListItem","position":3,"name":"Athlon NEOS 6-18\u00d744 BDC 500 IR 1mm"}]},{"@type":"WebSite","@id":"https:\/\/hunter-optics.com\/#website","url":"https:\/\/hunter-optics.com\/","name":"Avc\u0131 Optikleri","description":"Avc\u0131 Opti\u011fi - G\u00f6z\u00fcn\u00fcz Hedefte.","publisher":{"@id":"https:\/\/hunter-optics.com\/#organization"},"potentialAction":[{"@type":"SearchAction","target":{"@type":"EntryPoint","urlTemplate":"https:\/\/hunter-optics.com\/?s={search_term_string}"},"query-input":{"@type":"PropertyValueSpecification","valueRequired":true,"valueName":"search_term_string"}}],"inLanguage":"tr"},{"@type":"Organization","@id":"https:\/\/hunter-optics.com\/#organization","name":"Avc\u0131 Optikleri","url":"https:\/\/hunter-optics.com\/","logo":{"@type":"ImageObject","inLanguage":"tr","@id":"https:\/\/hunter-optics.com\/#\/schema\/logo\/image\/","url":"https:\/\/hunter-optics.com\/wp-content\/uploads\/2025\/06\/hunter-optics-logo-1.png","contentUrl":"https:\/\/hunter-optics.com\/wp-content\/uploads\/2025\/06\/hunter-optics-logo-1.png","width":937,"height":373,"caption":"Hunter Optics"},"image":{"@id":"https:\/\/hunter-optics.com\/#\/schema\/logo\/image\/"}}]},"product_brand":"Athlon","product_price_amount":"237.49","product_price_currency":"USD","og_availability":"instock","product_availability":"instock","product_condition":"new"},"_links":{"self":[{"href":"https:\/\/hunter-optics.com\/tr\/wp-json\/wp\/v2\/product\/1747","targetHints":{"allow":["GET"]}}],"collection":[{"href":"https:\/\/hunter-optics.com\/tr\/wp-json\/wp\/v2\/product"}],"about":[{"href":"https:\/\/hunter-optics.com\/tr\/wp-json\/wp\/v2\/types\/product"}],"replies":[{"embeddable":true,"href":"https:\/\/hunter-optics.com\/tr\/wp-json\/wp\/v2\/comments?post=1747"}],"version-history":[{"count":2,"href":"https:\/\/hunter-optics.com\/tr\/wp-json\/wp\/v2\/product\/1747\/revisions"}],"predecessor-version":[{"id":1753,"href":"https:\/\/hunter-optics.com\/tr\/wp-json\/wp\/v2\/product\/1747\/revisions\/1753"}],"wp:featuredmedia":[{"embeddable":true,"href":"https:\/\/hunter-optics.com\/tr\/wp-json\/wp\/v2\/media\/1748"}],"wp:attachment":[{"href":"https:\/\/hunter-optics.com\/tr\/wp-json\/wp\/v2\/media?parent=1747"}],"wp:term":[{"taxonomy":"brand","embeddable":true,"href":"https:\/\/hunter-optics.com\/tr\/wp-json\/wp\/v2\/etheme_brands?post=1747"},{"taxonomy":"product_brand","embeddable":true,"href":"https:\/\/hunter-optics.com\/tr\/wp-json\/wp\/v2\/product_brand?post=1747"},{"taxonomy":"product_cat","embeddable":true,"href":"https:\/\/hunter-optics.com\/tr\/wp-json\/wp\/v2\/product_cat?post=1747"},{"taxonomy":"product_tag","embeddable":true,"href":"https:\/\/hunter-optics.com\/tr\/wp-json\/wp\/v2\/product_tag?post=1747"}],"curies":[{"name":"wp","href":"https:\/\/api.w.org\/{rel}","templated":true}]}}