{"id":1682,"date":"2025-08-11T02:16:40","date_gmt":"2025-08-11T02:16:40","guid":{"rendered":"https:\/\/hunter-optics.com\/?post_type=product&#038;p=1682"},"modified":"2025-10-28T04:11:59","modified_gmt":"2025-10-28T04:11:59","slug":"vortex-crossfire-ii-3-9x40-bdc-moa","status":"publish","type":"product","link":"https:\/\/hunter-optics.com\/tr\/urun\/vortex-crossfire-ii-3-9x40-bdc-moa\/","title":{"rendered":"Vortex CROSSFIRE\u00ae II 3-9\u00d740 BDC MOA"},"content":{"rendered":"<p><strong>Genel Bak\u0131\u015f<\/strong><\/p>\n<div class=\"product sizechart\">\n<div class=\"sizechart-details\">\n<div class=\"product sizechart\">\n<div class=\"sizechart-details\">\n<div class=\"product sizechart\">\n<div class=\"sizechart-details\">\n<div class=\"product sizechart\">\n<div class=\"sizechart-details\">\n<p>Y\u00fcksek performans ekonomiklikle bulu\u015fuyor. \u015eeffaf, sa\u011flam ve parlak, pop\u00fcler Crossfire'\u0131m\u0131z<sup>\u00ae<\/sup>\u00a0II serisi, benzer fiyatl\u0131 t\u00fcfek d\u00fcrb\u00fcnlerinin performans standartlar\u0131n\u0131 a\u015fmak i\u00e7in \u00fcretilmi\u015ftir. Uzun g\u00f6z mesafesi, h\u0131zl\u0131 odaklanan bir mercek, tamamen \u00e7ok kaplamal\u0131 lensler ve s\u0131f\u0131rlanabilir MOA taretleri serinin ay\u0131rt edici \u00f6zellikleridir.<\/p>\n<p><a href=\"https:\/\/www.kentonindustries.com\/products\/vortex-crossfire-ii-1\" target=\"_blank\" rel=\"external noopener\" data-uw-rm-brl=\"PR\" data-uw-original-href=\"https:\/\/www.kentonindustries.com\/products\/vortex-crossfire-ii-1\" aria-label=\"Kendi \u00d6zel Taretinizi Yap\u0131n - Kenton Industries - yeni sekmede a\u00e7\" data-uw-rm-ext-link=\"\"><img decoding=\"async\" src=\"https:\/\/vortexoptics.com\/media\/wysiwyg\/kentonlogo.jpg\" alt=\"Kendi \u00d6zel Taretinizi Yap\u0131n - Kenton Industries\" data-uw-rm-alt-original=\"Build Your Own Custom Turret - Kenton Industries\" data-uw-rm-alt=\"ALT\" \/><\/a><\/p>\n<div class=\"product sizechart\">\n<div class=\"sizechart-title\">\n<div class=\"item-title\"><strong>Crossfire II 3-9\u00d740 Boyutlar (in\u00e7 cinsinden)<\/strong><\/div>\n<\/div>\n<div class=\"sizechart-details\">\n<div class=\"sizechart-image\"><img decoding=\"async\" src=\"https:\/\/vortexoptics.com\/media\/wysiwyg\/dim_cf2_3-9x40.png\" alt=\"\u00dcr\u00fcn Boyutlar\u0131\" data-uw-rm-alt-original=\"Product Dimensions\" data-uw-rm-alt=\"ALT\" \/><\/div>\n<table class=\"lengths\">\n<tbody>\n<tr>\n<th colspan=\"6\" scope=\"colgroup\">Uzunluklar<\/th>\n<\/tr>\n<tr>\n<td>L1<\/td>\n<td>L2<\/td>\n<td>L3<\/td>\n<td>L4<\/td>\n<td>L5<\/td>\n<td>L6<\/td>\n<\/tr>\n<tr>\n<td>11.86<\/td>\n<td>2.1<\/td>\n<td>2.1<\/td>\n<td>5.1<\/td>\n<td>3.15<\/td>\n<td>3.6<\/td>\n<\/tr>\n<\/tbody>\n<\/table>\n<table class=\"heights\">\n<tbody>\n<tr>\n<th colspan=\"2\" scope=\"colgroup\">Y\u00fckseklikler<\/th>\n<\/tr>\n<tr>\n<td>H1<\/td>\n<td>H2<\/td>\n<\/tr>\n<tr>\n<td>1.89<\/td>\n<td>1.68<\/td>\n<\/tr>\n<\/tbody>\n<\/table>\n<\/div>\n<\/div>\n<\/div>\n<\/div>\n<\/div>\n<\/div>\n<\/div>\n<\/div>\n<p><strong>Teknik \u00d6zellikler<\/strong><\/p>\n<table id=\"product-vortex-specs-table\" class=\"data table spec-attributes\">\n<tbody>\n<tr>\n<th class=\"col label Magnification\" scope=\"row\">B\u00fcy\u00fctme<\/th>\n<td class=\"col data\" data-th=\"Magnification\">3-9x<\/td>\n<\/tr>\n<tr>\n<th class=\"col label Objective Lens Diameter\" scope=\"row\">Objektif Lens \u00c7ap\u0131<\/th>\n<td class=\"col data\" data-th=\"Objective Lens Diameter\">40 mm<\/td>\n<\/tr>\n<tr>\n<th class=\"col label Focal Plane\" scope=\"row\">Odak D\u00fczlemi<\/th>\n<td class=\"col data\" data-th=\"Focal Plane\">\u0130kinci Odak D\u00fczlemi<\/td>\n<\/tr>\n<tr>\n<th class=\"col label Reticle\" scope=\"row\">Reticle<\/th>\n<td class=\"col data\" data-th=\"Reticle\">Dead-Hold\u00ae BDC (MOA)<\/td>\n<\/tr>\n<tr>\n<th class=\"col label Eye Relief\" scope=\"row\">G\u00f6z R\u00f6lyefi<\/th>\n<td class=\"col data\" data-th=\"Eye Relief\">3.8&#8243;<\/td>\n<\/tr>\n<tr>\n<th class=\"col label Field of View\" scope=\"row\">G\u00f6r\u00fc\u015f Alan\u0131<\/th>\n<td class=\"col data\" data-th=\"Field of View\">100 yds'de 34,1\u2032 - 12,6\u2032<\/td>\n<\/tr>\n<tr>\n<th class=\"col label Turret Style\" scope=\"row\">Taret Stili<\/th>\n<td class=\"col data\" data-th=\"Turret Style\">Kapakl\u0131<\/td>\n<\/tr>\n<tr>\n<th class=\"col label Tube Size\" scope=\"row\">T\u00fcp Boyutu<\/th>\n<td class=\"col data\" data-th=\"Tube Size\">1 in\u00e7<\/td>\n<\/tr>\n<tr>\n<th class=\"col label Adjustment Graduation\" scope=\"row\">Ayarlama Mezuniyet<\/th>\n<td class=\"col data\" data-th=\"Adjustment Graduation\">1\/4 MOA<\/td>\n<\/tr>\n<tr>\n<th class=\"col label Travel Per Rotation\" scope=\"row\">Rotasyon Ba\u015f\u0131na Seyahat<\/th>\n<td class=\"col data\" data-th=\"Travel Per Rotation\">15 MOA<\/td>\n<\/tr>\n<tr>\n<th class=\"col label Max Elevation Adjustment\" scope=\"row\">Maksimum Y\u00fckseklik Ayar\u0131<\/th>\n<td class=\"col data\" data-th=\"Max Elevation Adjustment\">60 MOA<\/td>\n<\/tr>\n<tr>\n<th class=\"col label Max Windage Adjustment\" scope=\"row\">Maksimum Windage Ayar\u0131<\/th>\n<td class=\"col data\" data-th=\"Max Windage Adjustment\">60 MOA<\/td>\n<\/tr>\n<tr>\n<th class=\"col label Parallax Setting\" scope=\"row\">Paralaks Ayar\u0131<\/th>\n<td class=\"col data\" data-th=\"Parallax Setting\">100 yds.<\/td>\n<\/tr>\n<tr>\n<th class=\"col label Length\" scope=\"row\">Uzunluk<\/th>\n<td class=\"col data\" data-th=\"Length\">12.2&#8243;<\/td>\n<\/tr>\n<tr>\n<th class=\"col label Weight\" scope=\"row\">A\u011f\u0131rl\u0131k<\/th>\n<td class=\"col data\" data-th=\"Weight\">14.8 oz<\/td>\n<\/tr>\n<\/tbody>\n<\/table>\n<p><strong>\u00d6zellikler<\/strong><\/p>\n<table>\n<tbody>\n<tr>\n<th class=\"col label\" scope=\"row\">SD Optik Sistem<\/th>\n<td class=\"col data\">Y\u00fcksek kaliteli optik sistem renk sapmalar\u0131n\u0131 azalt\u0131r ve temiz, parlak, keskin g\u00f6r\u00fcnt\u00fcler sunar.<\/td>\n<\/tr>\n<tr>\n<th class=\"col label\" scope=\"row\">Tamamen \u00c7ok Kaplamal\u0131 Lensler<\/th>\n<td class=\"col data\">Havadan cama t\u00fcm y\u00fczeylerdeki yans\u0131ma \u00f6nleyici kaplamalar, daha fazla netlik ve d\u00fc\u015f\u00fck \u0131\u015f\u0131k performans\u0131 i\u00e7in daha fazla \u0131\u015f\u0131k ge\u00e7irgenli\u011fi sa\u011flar.<\/td>\n<\/tr>\n<tr>\n<th class=\"col label\" scope=\"row\">Azot Gaz\u0131 Tahliyesi<\/th>\n<td class=\"col data\">Her ko\u015fulda sis ge\u00e7irmez ve su ge\u00e7irmez performans i\u00e7in gaz tahliyeli ve O-ring contal\u0131.<\/td>\n<\/tr>\n<tr>\n<th class=\"col label\" scope=\"row\">H\u0131zl\u0131 Odakl\u0131 Mercek<\/th>\n<td class=\"col data\">H\u0131zl\u0131 ve kolay ni\u015fangah odaklamas\u0131 sa\u011flar.<\/td>\n<\/tr>\n<tr>\n<th class=\"col label\" scope=\"row\">U\u00e7ak S\u0131n\u0131f\u0131 Al\u00fcminyum<\/th>\n<td class=\"col data\">G\u00fc\u00e7 ve sa\u011flaml\u0131k i\u00e7in u\u00e7ak s\u0131n\u0131f\u0131 al\u00fcminyumdan sa\u011flam bir bloktan \u00fcretilmi\u015ftir.<\/td>\n<\/tr>\n<tr>\n<th class=\"col label\" scope=\"row\">D\u00fc\u015f\u00fck Yans\u0131mal\u0131 Mat Siyah Eloksal<\/th>\n<td class=\"col data\">Korozyona ve a\u015f\u0131nmaya dayan\u0131kl\u0131 anodizasyon, d\u00fc\u015f\u00fck par\u0131lt\u0131l\u0131 mat y\u00fczey sa\u011flar ve at\u0131c\u0131n\u0131n konumunu kamufle etmeye yard\u0131mc\u0131 olur.<\/td>\n<\/tr>\n<tr>\n<th class=\"col label\" scope=\"row\">Su ge\u00e7irmez<\/th>\n<td class=\"col data\">Zorlu hava ko\u015fullar\u0131na dayanacak \u015fekilde tasarlanm\u0131\u015ft\u0131r.<\/td>\n<\/tr>\n<tr>\n<th class=\"col label\" scope=\"row\">Sis ge\u00e7irmez<\/th>\n<td class=\"col data\">Geni\u015f bir s\u0131cakl\u0131k aral\u0131\u011f\u0131na dayanacak \u015fekilde tasarlanm\u0131\u015ft\u0131r.<\/td>\n<\/tr>\n<tr>\n<th class=\"col label\" scope=\"row\">Darbeye dayan\u0131kl\u0131<\/th>\n<td class=\"col data\">En y\u00fcksek geri tepme ve darbe seviyelerine dayanacak \u015fekilde tasarlanm\u0131\u015ft\u0131r.<\/td>\n<\/tr>\n<\/tbody>\n<\/table>\n<p><strong>Reticle<\/strong><\/p>\n<div class=\"reticle-details\">\n<div class=\"reticle-info\">\n<div class=\"reticle-description\">\n<div class=\"reticle-image\">\n<div class=\"reticle-image\">\n<div class=\"reticle-info\">\n<div class=\"reticle-description\">\n<div class=\"reticle-image\"><img decoding=\"async\" src=\"https:\/\/vortexoptics.com\/media\/attribute\/swatch\/v\/t\/vtx_cfr-3901_dead-hold_bdc_moa_3-9x40_rs_i_ri_cu.jpg\" alt=\"ni\u015fangah g\u00f6r\u00fcnt\u00fcs\u00fc\" data-uw-rm-alt-original=\"image of reticle\" data-uw-rm-alt=\"ALT\" \/><\/div>\n<p>&nbsp;<\/p>\n<div class=\"reticle-info\">\n<div class=\"reticle-description\">\n<p><strong>\u00d6l\u00fc Bekletme<sup>\u00ae<\/sup>\u00a0BDC (MOA)<\/strong><\/p>\n<p>\u00d6zelle\u015ftirilmi\u015f hashmark tasar\u0131m\u0131, tutu\u015f ve r\u00fczgar a\u00e7\u0131s\u0131 d\u00fczeltmelerinde tahminleri ortadan kald\u0131rmaya yard\u0131mc\u0131 olur. Bekleme mesafesini tahmin etmenin \u00f6nemli oldu\u011fu farkl\u0131 mesafelerde avlanmak\/at\u0131\u015f yapmak i\u00e7in idealdir.<\/p>\n<\/div>\n<\/div>\n<\/div>\n<\/div>\n<\/div>\n<\/div>\n<\/div>\n<\/div>\n<\/div>\n<\/div>\n<\/div>","protected":false},"excerpt":{"rendered":"<p>Genel Bak\u0131\u015f Y\u00fcksek performans ekonomiklikle bulu\u015fuyor. Net, sa\u011flam ve parlak olan pop\u00fcler Crossfire\u00ae II serimiz, benzer fiyatl\u0131 t\u00fcfek d\u00fcrb\u00fcnlerinin performans standartlar\u0131n\u0131 a\u015fmak i\u00e7in \u00fcretilmi\u015ftir. Uzun<\/p>","protected":false},"featured_media":1683,"comment_status":"open","ping_status":"closed","template":"","meta":[],"etheme_brands":[{"term_id":47,"name":"Vortex","slug":"vortex","term_group":0,"term_taxonomy_id":47,"taxonomy":"brand","description":"","parent":0,"count":9,"filter":"raw"}],"product_brand":[],"product_cat":[49],"product_tag":[],"class_list":{"0":"post-1682","1":"product","2":"type-product","3":"status-publish","4":"has-post-thumbnail","6":"brand-vortex","7":"product_cat-rifle-scopes","9":"first","10":"instock","11":"taxable","12":"shipping-taxable","13":"purchasable","14":"product-type-simple"},"yoast_head":"<!-- This site is optimized with the Yoast SEO Premium plugin v25.7.1 (Yoast SEO v27.4) - https:\/\/yoast.com\/product\/yoast-seo-premium-wordpress\/ -->\n<title>Vortex CROSSFIRE\u00ae II 3-9x40 BDC MOA - Hunter Optics<\/title>\n<meta name=\"description\" content=\"Diamondback Tactical 4-16x44 FFP rifle scope features EBR-2C MRAD reticle, precision turrets &amp; rugged construction. Ideal for long-range accuracy. Shop Vortex optics.\" \/>\n<meta name=\"robots\" content=\"index, follow, max-snippet:-1, max-image-preview:large, max-video-preview:-1\" \/>\n<link rel=\"canonical\" href=\"https:\/\/hunter-optics.com\/tr\/urun\/vortex-crossfire-ii-3-9x40-bdc-moa\/\" \/>\n<meta property=\"og:locale\" content=\"tr_TR\" \/>\n<meta property=\"og:type\" content=\"article\" \/>\n<meta property=\"og:title\" content=\"Vortex CROSSFIRE\u00ae II 3-9x40 BDC MOA\" \/>\n<meta property=\"og:description\" content=\"Diamondback Tactical 4-16x44 FFP rifle scope features EBR-2C MRAD reticle, precision turrets &amp; rugged construction. Ideal for long-range accuracy. Shop Vortex optics.\" \/>\n<meta property=\"og:url\" content=\"https:\/\/hunter-optics.com\/tr\/urun\/vortex-crossfire-ii-3-9x40-bdc-moa\/\" \/>\n<meta property=\"og:site_name\" content=\"Hunter Optics\" \/>\n<meta property=\"article:modified_time\" content=\"2025-10-28T04:11:59+00:00\" \/>\n<meta property=\"og:image\" content=\"https:\/\/hunter-optics.com\/wp-content\/uploads\/2025\/08\/Vortex-Crossfire-II-3-9x40-BDC-MOA-1.png\" \/>\n\t<meta property=\"og:image:width\" content=\"1920\" \/>\n\t<meta property=\"og:image:height\" content=\"1123\" \/>\n\t<meta property=\"og:image:type\" content=\"image\/png\" \/>\n<meta name=\"twitter:card\" content=\"summary_large_image\" \/>\n<meta name=\"twitter:label1\" content=\"Fiyat\" \/>\n\t<meta name=\"twitter:data1\" content=\"&#036;209.99\" \/>\n\t<meta name=\"twitter:label2\" content=\"Durumu\" \/>\n\t<meta name=\"twitter:data2\" content=\"Stokta var\" \/>\n<script type=\"application\/ld+json\" class=\"yoast-schema-graph\">{\"@context\":\"https:\\\/\\\/schema.org\",\"@graph\":[{\"@type\":\"WebPage\",\"@id\":\"https:\\\/\\\/hunter-optics.com\\\/product\\\/vortex-crossfire-ii-3-9x40-bdc-moa\\\/\",\"url\":\"https:\\\/\\\/hunter-optics.com\\\/product\\\/vortex-crossfire-ii-3-9x40-bdc-moa\\\/\",\"name\":\"Vortex CROSSFIRE\u00ae II 3-9x40 BDC MOA - Hunter Optics\",\"isPartOf\":{\"@id\":\"https:\\\/\\\/hunter-optics.com\\\/#website\"},\"primaryImageOfPage\":{\"@id\":\"https:\\\/\\\/hunter-optics.com\\\/product\\\/vortex-crossfire-ii-3-9x40-bdc-moa\\\/#primaryimage\"},\"image\":{\"@id\":\"https:\\\/\\\/hunter-optics.com\\\/product\\\/vortex-crossfire-ii-3-9x40-bdc-moa\\\/#primaryimage\"},\"thumbnailUrl\":\"https:\\\/\\\/hunter-optics.com\\\/wp-content\\\/uploads\\\/2025\\\/08\\\/Vortex-Crossfire-II-3-9x40-BDC-MOA-1.png\",\"datePublished\":\"2025-08-11T02:16:40+00:00\",\"dateModified\":\"2025-10-28T04:11:59+00:00\",\"description\":\"Diamondback Tactical 4-16x44 FFP rifle scope features EBR-2C MRAD reticle, precision turrets & rugged construction. Ideal for long-range accuracy. Shop Vortex optics.\",\"breadcrumb\":{\"@id\":\"https:\\\/\\\/hunter-optics.com\\\/product\\\/vortex-crossfire-ii-3-9x40-bdc-moa\\\/#breadcrumb\"},\"inLanguage\":\"tr\",\"potentialAction\":[{\"@type\":\"ReadAction\",\"target\":[\"https:\\\/\\\/hunter-optics.com\\\/product\\\/vortex-crossfire-ii-3-9x40-bdc-moa\\\/\"]}]},{\"@type\":\"ImageObject\",\"inLanguage\":\"tr\",\"@id\":\"https:\\\/\\\/hunter-optics.com\\\/product\\\/vortex-crossfire-ii-3-9x40-bdc-moa\\\/#primaryimage\",\"url\":\"https:\\\/\\\/hunter-optics.com\\\/wp-content\\\/uploads\\\/2025\\\/08\\\/Vortex-Crossfire-II-3-9x40-BDC-MOA-1.png\",\"contentUrl\":\"https:\\\/\\\/hunter-optics.com\\\/wp-content\\\/uploads\\\/2025\\\/08\\\/Vortex-Crossfire-II-3-9x40-BDC-MOA-1.png\",\"width\":1920,\"height\":1123,\"caption\":\"Vortex Crossfire II 3-9x40 BDC MOA\"},{\"@type\":\"BreadcrumbList\",\"@id\":\"https:\\\/\\\/hunter-optics.com\\\/product\\\/vortex-crossfire-ii-3-9x40-bdc-moa\\\/#breadcrumb\",\"itemListElement\":[{\"@type\":\"ListItem\",\"position\":1,\"name\":\"Home\",\"item\":\"https:\\\/\\\/hunter-optics.com\\\/\"},{\"@type\":\"ListItem\",\"position\":2,\"name\":\"Products\",\"item\":\"https:\\\/\\\/hunter-optics.com\\\/shop\\\/\"},{\"@type\":\"ListItem\",\"position\":3,\"name\":\"Vortex CROSSFIRE\u00ae II 3-9&#215;40 BDC MOA\"}]},{\"@type\":\"WebSite\",\"@id\":\"https:\\\/\\\/hunter-optics.com\\\/#website\",\"url\":\"https:\\\/\\\/hunter-optics.com\\\/\",\"name\":\"Hunter Optics\",\"description\":\"Hunter Optics \u2014 Your Eye on the Target.\",\"publisher\":{\"@id\":\"https:\\\/\\\/hunter-optics.com\\\/#organization\"},\"potentialAction\":[{\"@type\":\"SearchAction\",\"target\":{\"@type\":\"EntryPoint\",\"urlTemplate\":\"https:\\\/\\\/hunter-optics.com\\\/?s={search_term_string}\"},\"query-input\":{\"@type\":\"PropertyValueSpecification\",\"valueRequired\":true,\"valueName\":\"search_term_string\"}}],\"inLanguage\":\"tr\"},{\"@type\":\"Organization\",\"@id\":\"https:\\\/\\\/hunter-optics.com\\\/#organization\",\"name\":\"Hunter Optics\",\"url\":\"https:\\\/\\\/hunter-optics.com\\\/\",\"logo\":{\"@type\":\"ImageObject\",\"inLanguage\":\"tr\",\"@id\":\"https:\\\/\\\/hunter-optics.com\\\/#\\\/schema\\\/logo\\\/image\\\/\",\"url\":\"https:\\\/\\\/hunter-optics.com\\\/wp-content\\\/uploads\\\/2025\\\/06\\\/hunter-optics-logo-1.png\",\"contentUrl\":\"https:\\\/\\\/hunter-optics.com\\\/wp-content\\\/uploads\\\/2025\\\/06\\\/hunter-optics-logo-1.png\",\"width\":937,\"height\":373,\"caption\":\"Hunter Optics\"},\"image\":{\"@id\":\"https:\\\/\\\/hunter-optics.com\\\/#\\\/schema\\\/logo\\\/image\\\/\"}}]}<\/script>\n<meta property=\"product:brand\" content=\"Vortex\" \/>\n<meta property=\"product:price:amount\" content=\"209.99\" \/>\n<meta property=\"product:price:currency\" content=\"USD\" \/>\n<meta property=\"og:availability\" content=\"instock\" \/>\n<meta property=\"product:availability\" content=\"instock\" \/>\n<meta property=\"product:condition\" content=\"new\" \/>\n<!-- \/ Yoast SEO Premium plugin. -->","yoast_head_json":{"title":"Vortex CROSSFIRE\u00ae II 3-9x40 BDC MOA - Hunter Optics","description":"Diamondback Tactical 4-16x44 FFP t\u00fcfek d\u00fcrb\u00fcn\u00fc, EBR-2C MRAD retik\u00fcl\u00fcne, hassas taretlere ve sa\u011flam yap\u0131ya sahiptir. Uzun menzilli do\u011fruluk i\u00e7in idealdir. Vortex optikleri sat\u0131n al\u0131n.","robots":{"index":"index","follow":"follow","max-snippet":"max-snippet:-1","max-image-preview":"max-image-preview:large","max-video-preview":"max-video-preview:-1"},"canonical":"https:\/\/hunter-optics.com\/tr\/urun\/vortex-crossfire-ii-3-9x40-bdc-moa\/","og_locale":"tr_TR","og_type":"article","og_title":"Vortex CROSSFIRE\u00ae II 3-9x40 BDC MOA","og_description":"Diamondback Tactical 4-16x44 FFP rifle scope features EBR-2C MRAD reticle, precision turrets & rugged construction. Ideal for long-range accuracy. Shop Vortex optics.","og_url":"https:\/\/hunter-optics.com\/tr\/urun\/vortex-crossfire-ii-3-9x40-bdc-moa\/","og_site_name":"Hunter Optics","article_modified_time":"2025-10-28T04:11:59+00:00","og_image":[{"width":1920,"height":1123,"url":"https:\/\/hunter-optics.com\/wp-content\/uploads\/2025\/08\/Vortex-Crossfire-II-3-9x40-BDC-MOA-1.png","type":"image\/png"}],"twitter_card":"summary_large_image","twitter_misc":{"Fiyat":"&#36;209.99","Durumu":"Stokta var"},"schema":{"@context":"https:\/\/schema.org","@graph":[{"@type":"WebPage","@id":"https:\/\/hunter-optics.com\/product\/vortex-crossfire-ii-3-9x40-bdc-moa\/","url":"https:\/\/hunter-optics.com\/product\/vortex-crossfire-ii-3-9x40-bdc-moa\/","name":"Vortex CROSSFIRE\u00ae II 3-9x40 BDC MOA - Hunter Optics","isPartOf":{"@id":"https:\/\/hunter-optics.com\/#website"},"primaryImageOfPage":{"@id":"https:\/\/hunter-optics.com\/product\/vortex-crossfire-ii-3-9x40-bdc-moa\/#primaryimage"},"image":{"@id":"https:\/\/hunter-optics.com\/product\/vortex-crossfire-ii-3-9x40-bdc-moa\/#primaryimage"},"thumbnailUrl":"https:\/\/hunter-optics.com\/wp-content\/uploads\/2025\/08\/Vortex-Crossfire-II-3-9x40-BDC-MOA-1.png","datePublished":"2025-08-11T02:16:40+00:00","dateModified":"2025-10-28T04:11:59+00:00","description":"Diamondback Tactical 4-16x44 FFP t\u00fcfek d\u00fcrb\u00fcn\u00fc, EBR-2C MRAD retik\u00fcl\u00fcne, hassas taretlere ve sa\u011flam yap\u0131ya sahiptir. Uzun menzilli do\u011fruluk i\u00e7in idealdir. Vortex optikleri sat\u0131n al\u0131n.","breadcrumb":{"@id":"https:\/\/hunter-optics.com\/product\/vortex-crossfire-ii-3-9x40-bdc-moa\/#breadcrumb"},"inLanguage":"tr","potentialAction":[{"@type":"ReadAction","target":["https:\/\/hunter-optics.com\/product\/vortex-crossfire-ii-3-9x40-bdc-moa\/"]}]},{"@type":"ImageObject","inLanguage":"tr","@id":"https:\/\/hunter-optics.com\/product\/vortex-crossfire-ii-3-9x40-bdc-moa\/#primaryimage","url":"https:\/\/hunter-optics.com\/wp-content\/uploads\/2025\/08\/Vortex-Crossfire-II-3-9x40-BDC-MOA-1.png","contentUrl":"https:\/\/hunter-optics.com\/wp-content\/uploads\/2025\/08\/Vortex-Crossfire-II-3-9x40-BDC-MOA-1.png","width":1920,"height":1123,"caption":"Vortex Crossfire II 3-9x40 BDC MOA"},{"@type":"BreadcrumbList","@id":"https:\/\/hunter-optics.com\/product\/vortex-crossfire-ii-3-9x40-bdc-moa\/#breadcrumb","itemListElement":[{"@type":"ListItem","position":1,"name":"Home","item":"https:\/\/hunter-optics.com\/"},{"@type":"ListItem","position":2,"name":"Products","item":"https:\/\/hunter-optics.com\/shop\/"},{"@type":"ListItem","position":3,"name":"Vortex CROSSFIRE\u00ae II 3-9&#215;40 BDC MOA"}]},{"@type":"WebSite","@id":"https:\/\/hunter-optics.com\/#website","url":"https:\/\/hunter-optics.com\/","name":"Avc\u0131 Optikleri","description":"Avc\u0131 Opti\u011fi - G\u00f6z\u00fcn\u00fcz Hedefte.","publisher":{"@id":"https:\/\/hunter-optics.com\/#organization"},"potentialAction":[{"@type":"SearchAction","target":{"@type":"EntryPoint","urlTemplate":"https:\/\/hunter-optics.com\/?s={search_term_string}"},"query-input":{"@type":"PropertyValueSpecification","valueRequired":true,"valueName":"search_term_string"}}],"inLanguage":"tr"},{"@type":"Organization","@id":"https:\/\/hunter-optics.com\/#organization","name":"Avc\u0131 Optikleri","url":"https:\/\/hunter-optics.com\/","logo":{"@type":"ImageObject","inLanguage":"tr","@id":"https:\/\/hunter-optics.com\/#\/schema\/logo\/image\/","url":"https:\/\/hunter-optics.com\/wp-content\/uploads\/2025\/06\/hunter-optics-logo-1.png","contentUrl":"https:\/\/hunter-optics.com\/wp-content\/uploads\/2025\/06\/hunter-optics-logo-1.png","width":937,"height":373,"caption":"Hunter Optics"},"image":{"@id":"https:\/\/hunter-optics.com\/#\/schema\/logo\/image\/"}}]},"product_brand":"Vortex","product_price_amount":"209.99","product_price_currency":"USD","og_availability":"instock","product_availability":"instock","product_condition":"new"},"_links":{"self":[{"href":"https:\/\/hunter-optics.com\/tr\/wp-json\/wp\/v2\/product\/1682","targetHints":{"allow":["GET"]}}],"collection":[{"href":"https:\/\/hunter-optics.com\/tr\/wp-json\/wp\/v2\/product"}],"about":[{"href":"https:\/\/hunter-optics.com\/tr\/wp-json\/wp\/v2\/types\/product"}],"replies":[{"embeddable":true,"href":"https:\/\/hunter-optics.com\/tr\/wp-json\/wp\/v2\/comments?post=1682"}],"version-history":[{"count":1,"href":"https:\/\/hunter-optics.com\/tr\/wp-json\/wp\/v2\/product\/1682\/revisions"}],"predecessor-version":[{"id":1687,"href":"https:\/\/hunter-optics.com\/tr\/wp-json\/wp\/v2\/product\/1682\/revisions\/1687"}],"wp:featuredmedia":[{"embeddable":true,"href":"https:\/\/hunter-optics.com\/tr\/wp-json\/wp\/v2\/media\/1683"}],"wp:attachment":[{"href":"https:\/\/hunter-optics.com\/tr\/wp-json\/wp\/v2\/media?parent=1682"}],"wp:term":[{"taxonomy":"brand","embeddable":true,"href":"https:\/\/hunter-optics.com\/tr\/wp-json\/wp\/v2\/etheme_brands?post=1682"},{"taxonomy":"product_brand","embeddable":true,"href":"https:\/\/hunter-optics.com\/tr\/wp-json\/wp\/v2\/product_brand?post=1682"},{"taxonomy":"product_cat","embeddable":true,"href":"https:\/\/hunter-optics.com\/tr\/wp-json\/wp\/v2\/product_cat?post=1682"},{"taxonomy":"product_tag","embeddable":true,"href":"https:\/\/hunter-optics.com\/tr\/wp-json\/wp\/v2\/product_tag?post=1682"}],"curies":[{"name":"wp","href":"https:\/\/api.w.org\/{rel}","templated":true}]}}