{"id":1646,"date":"2025-08-09T09:34:37","date_gmt":"2025-08-09T09:34:37","guid":{"rendered":"https:\/\/hunter-optics.com\/?post_type=product&#038;p=1646"},"modified":"2025-11-03T02:17:39","modified_gmt":"2025-11-03T02:17:39","slug":"vortex-venom-5-25x56-ffp-ebr-7c-mrad-non-ir","status":"publish","type":"product","link":"https:\/\/hunter-optics.com\/tr\/urun\/vortex-venom-5-25x56-ffp-ebr-7c-mrad-non-ir\/","title":{"rendered":"Vortex VENOM\u00ae 5-25\u00d756 FFP EBR-7C MRAD IR Olmayan"},"content":{"rendered":"<p><strong>Genel Bak\u0131\u015f<\/strong><\/p>\n<div class=\"product sizechart\">\n<div class=\"sizechart-details\">\n<div class=\"product sizechart\">\n<div class=\"sizechart-details\">\n<p>Zehir<sup>\u00ae<\/sup>\u00a0uzun menzilli isabetlili\u011fe ve taktiksel ba\u015far\u0131ya giden k\u00f6pr\u00fcn\u00fczd\u00fcr - \u00e7abay\u0131 sonuca d\u00f6n\u00fc\u015ft\u00fcren bir i\u015f g\u00fcc\u00fc opti\u011fidir. Sa\u011flam yap\u0131. \u0130ster yak\u0131n mesafedeki hedeflere kilitleniyor ister menzilde s\u0131n\u0131rlar\u0131n\u0131z\u0131 zorluyor olun, her ortamda odaklanman\u0131z\u0131 sa\u011flayan netlik ve kontrasta sahip m\u00fckemmel cam kalitesi. Bask\u0131 alt\u0131nda g\u00fcvenilirlik, h\u0131z ve isabetlili\u011fe ihtiya\u00e7 duyan at\u0131c\u0131lar i\u00e7in tasarlanan \u00fcr\u00fcn yelpazesi, sizi oyuna dahil eden ve her at\u0131\u015fta sizi daha da ileriye g\u00f6t\u00fcren m\u00fckemmel bir kullan\u0131m ve performans kar\u0131\u015f\u0131m\u0131 sunar.<\/p>\n<div class=\"product sizechart\">\n<div class=\"sizechart-title\">\n<div class=\"item-title\"><strong>Zehir<sup>\u00ae<\/sup>\u00a05-25\u00d756 FFP Boyutlar (in\u00e7 cinsinden)<\/strong><\/div>\n<\/div>\n<div class=\"sizechart-details\">\n<div class=\"sizechart-image\"><img decoding=\"async\" src=\"https:\/\/vortexoptics.com\/media\/wysiwyg\/dim_venom_5-25x56.png\" alt=\"Venom 5-25x56 FFP Boyutlar\u0131\" data-uw-rm-alt-original=\"Venom 5-25x56 FFP Dimensions\" data-uw-rm-alt=\"ALT\" \/><\/div>\n<table class=\"lengths\">\n<tbody>\n<tr>\n<th colspan=\"6\" scope=\"colgroup\">Uzunluklar<\/th>\n<\/tr>\n<tr>\n<td>L1<\/td>\n<td>L2<\/td>\n<td>L3<\/td>\n<td>L4<\/td>\n<\/tr>\n<tr>\n<td>15.25<\/td>\n<td>2.60<\/td>\n<td>2.4<\/td>\n<td>6.9<\/td>\n<\/tr>\n<\/tbody>\n<\/table>\n<table class=\"heights\">\n<tbody>\n<tr>\n<th colspan=\"2\" scope=\"colgroup\">Y\u00fckseklikler<\/th>\n<\/tr>\n<tr>\n<td>H1<\/td>\n<td>H2<\/td>\n<\/tr>\n<tr>\n<td>2.54<\/td>\n<td>1.81<\/td>\n<\/tr>\n<\/tbody>\n<\/table>\n<\/div>\n<\/div>\n<\/div>\n<\/div>\n<p><strong>Teknik \u00d6zellikler<\/strong><\/p>\n<table id=\"product-vortex-specs-table\" class=\"data table spec-attributes\">\n<tbody>\n<tr>\n<th class=\"col label Magnification\" scope=\"row\">B\u00fcy\u00fctme<\/th>\n<td class=\"col data\" data-th=\"Magnification\">5-25x<\/td>\n<\/tr>\n<tr>\n<th class=\"col label Objective Lens Diameter\" scope=\"row\">Objektif Lens \u00c7ap\u0131<\/th>\n<td class=\"col data\" data-th=\"Objective Lens Diameter\">56 mm<\/td>\n<\/tr>\n<tr>\n<th class=\"col label Focal Plane\" scope=\"row\">Odak D\u00fczlemi<\/th>\n<td class=\"col data\" data-th=\"Focal Plane\">Birinci Odak D\u00fczlemi<\/td>\n<\/tr>\n<tr>\n<th class=\"col label Reticle\" scope=\"row\">Reticle<\/th>\n<td class=\"col data\" data-th=\"Reticle\">EBR-7C (MRAD)<\/td>\n<\/tr>\n<tr>\n<th class=\"col label Eye Relief\" scope=\"row\">G\u00f6z R\u00f6lyefi<\/th>\n<td class=\"col data\" data-th=\"Eye Relief\">3.6&#8243;<\/td>\n<\/tr>\n<tr>\n<th class=\"col label Field of View\" scope=\"row\">G\u00f6r\u00fc\u015f Alan\u0131<\/th>\n<td class=\"col data\" data-th=\"Field of View\">21,2\u2032 - 4,7\u2032 @ 100 yds<\/td>\n<\/tr>\n<tr>\n<th class=\"col label Turret Style\" scope=\"row\">Taret Stili<\/th>\n<td class=\"col data\" data-th=\"Turret Style\">\u0130f\u015fa Edildi<\/td>\n<\/tr>\n<tr>\n<th class=\"col label Tube Size\" scope=\"row\">T\u00fcp Boyutu<\/th>\n<td class=\"col data\" data-th=\"Tube Size\">34mm<\/td>\n<\/tr>\n<tr>\n<th class=\"col label Adjustment Graduation\" scope=\"row\">Ayarlama Mezuniyet<\/th>\n<td class=\"col data\" data-th=\"Adjustment Graduation\">.1 MRAD<\/td>\n<\/tr>\n<tr>\n<th class=\"col label Travel Per Rotation\" scope=\"row\">Rotasyon Ba\u015f\u0131na Seyahat<\/th>\n<td class=\"col data\" data-th=\"Travel Per Rotation\">10 MRAD<\/td>\n<\/tr>\n<tr>\n<th class=\"col label Max Elevation Adjustment\" scope=\"row\">Maksimum Y\u00fckseklik Ayar\u0131<\/th>\n<td class=\"col data\" data-th=\"Max Elevation Adjustment\">25 MRAD<\/td>\n<\/tr>\n<tr>\n<th class=\"col label Max Windage Adjustment\" scope=\"row\">Maksimum Windage Ayar\u0131<\/th>\n<td class=\"col data\" data-th=\"Max Windage Adjustment\">25 MRAD<\/td>\n<\/tr>\n<tr>\n<th class=\"col label Parallax Setting\" scope=\"row\">Paralaks Ayar\u0131<\/th>\n<td class=\"col data\" data-th=\"Parallax Setting\">15 yds. - \u221e<\/td>\n<\/tr>\n<tr>\n<th class=\"col label Length\" scope=\"row\">Uzunluk<\/th>\n<td class=\"col data\" data-th=\"Length\">15.3&#8243;<\/td>\n<\/tr>\n<tr>\n<th class=\"col label Weight\" scope=\"row\">A\u011f\u0131rl\u0131k<\/th>\n<td class=\"col data\" data-th=\"Weight\">35,0 oz.<\/td>\n<\/tr>\n<\/tbody>\n<\/table>\n<p><strong>\u00d6zellikler<\/strong><\/p>\n<table>\n<tbody>\n<tr>\n<th class=\"col label\" scope=\"row\">XD\u2122 Optik Sistem<\/th>\n<td class=\"col data\">\u00dcst\u00fcn optik sistem etkileyici \u00e7\u00f6z\u00fcn\u00fcrl\u00fck, u\u00e7tan uca keskinlik sunar, renk sapmalar\u0131n\u0131 b\u00fcy\u00fck \u00f6l\u00e7\u00fcde azalt\u0131r ve parlak, y\u00fcksek kontrastl\u0131 g\u00f6r\u00fcnt\u00fcleri garanti eder.<\/td>\n<\/tr>\n<tr>\n<th class=\"col label\" scope=\"row\">RevStop<sup>\u00ae<\/sup>\u00a0S\u0131f\u0131r Sistem<\/th>\n<td class=\"col data\">Patentli aerodinamik tasar\u0131m, taret ayarlamalar\u0131ndan sonra ayarlanmas\u0131 kolay, g\u00fcvenilir bir s\u0131f\u0131ra d\u00f6n\u00fc\u015f sunar.<\/td>\n<\/tr>\n<tr>\n<th class=\"col label\" scope=\"row\">Tamamen \u00c7ok Kaplamal\u0131 Lensler<\/th>\n<td class=\"col data\">Havadan cama t\u00fcm y\u00fczeylerdeki yans\u0131ma \u00f6nleyici kaplamalar, daha fazla netlik ve d\u00fc\u015f\u00fck \u0131\u015f\u0131k performans\u0131 i\u00e7in daha fazla \u0131\u015f\u0131k ge\u00e7irgenli\u011fi sa\u011flar.<\/td>\n<\/tr>\n<tr>\n<th class=\"col label\" scope=\"row\">A\u00e7\u0131k Y\u00fckseklik Tareti<\/th>\n<td class=\"col data\">Y\u00fckseklik tareti h\u0131zl\u0131, do\u011fru ve kolayca okunabilen y\u00fckseklik ayarlar\u0131 sa\u011flar.<\/td>\n<\/tr>\n<tr>\n<th class=\"col label\" scope=\"row\">Birinci Odak D\u00fczlemi Retik\u00fcl\u00fc<\/th>\n<td class=\"col data\">Birinci odak d\u00fczlemi ni\u015fangah\u0131, t\u00fcfek d\u00fcrb\u00fcn\u00fcn\u00fcn i\u00e7inde menzil ve y\u00fckseklik taretlerinin yak\u0131n\u0131nda bulunur. Ni\u015fangah \u00f6l\u00e7e\u011fi yak\u0131nla\u015ft\u0131r\u0131lm\u0131\u015f g\u00f6r\u00fcnt\u00fcyle orant\u0131l\u0131 kal\u0131r. Sabit alt gerilimler, t\u00fcm b\u00fcy\u00fctmelerde do\u011fru tutma ve menzilleme sa\u011flar. Ni\u015fangah\u0131n boyutu y\u00fcksek b\u00fcy\u00fctmelerde daha b\u00fcy\u00fck ve d\u00fc\u015f\u00fck b\u00fcy\u00fctmelerde daha k\u00fc\u00e7\u00fck g\u00f6r\u00fcnecektir.<\/td>\n<\/tr>\n<tr>\n<th class=\"col label\" scope=\"row\">Tek Par\u00e7a T\u00fcp<\/th>\n<td class=\"col data\">Geli\u015fmi\u015f do\u011fruluk ve optimum g\u00f6rsel performans i\u00e7in hizalamay\u0131 en \u00fcst d\u00fczeye \u00e7\u0131kar\u0131r, ayr\u0131ca g\u00fc\u00e7 ve su ge\u00e7irmezlik sa\u011flar.<\/td>\n<\/tr>\n<tr>\n<th class=\"col label\" scope=\"row\">Azot Gaz\u0131 Tahliyesi<\/th>\n<td class=\"col data\">Her ko\u015fulda sis ge\u00e7irmez ve su ge\u00e7irmez performans i\u00e7in gaz tahliyeli ve O-ring contal\u0131.<\/td>\n<\/tr>\n<tr>\n<th class=\"col label\" scope=\"row\">H\u0131zl\u0131 Odakl\u0131 Mercek<\/th>\n<td class=\"col data\">H\u0131zl\u0131 ve kolay ni\u015fangah odaklamas\u0131 sa\u011flar.<\/td>\n<\/tr>\n<tr>\n<th class=\"col label\" scope=\"row\">Atma Kolu<\/th>\n<td class=\"col data\">Birlikte verilen f\u0131rlatma kolu, h\u0131zl\u0131 ve kolay b\u00fcy\u00fctme ayarlamalar\u0131 i\u00e7in tak\u0131labilir.<\/td>\n<\/tr>\n<tr>\n<th class=\"col label\" scope=\"row\">U\u00e7ak S\u0131n\u0131f\u0131 Al\u00fcminyum<\/th>\n<td class=\"col data\">G\u00fc\u00e7 ve sa\u011flaml\u0131k i\u00e7in u\u00e7ak s\u0131n\u0131f\u0131 al\u00fcminyumdan sa\u011flam bir bloktan \u00fcretilmi\u015ftir.<\/td>\n<\/tr>\n<tr>\n<th class=\"col label\" scope=\"row\">ArmorTek<sup>\u00ae<\/sup><\/th>\n<td class=\"col data\">Ultra sert, \u00e7izilmeye kar\u015f\u0131 dayan\u0131kl\u0131 kaplama d\u0131\u015f camlar\u0131 \u00e7izilmelere, ya\u011fa ve kire kar\u015f\u0131 korur.<\/td>\n<\/tr>\n<tr>\n<th class=\"col label\" scope=\"row\">D\u00fc\u015f\u00fck Parlama Mat Siyah Eloksal<\/th>\n<td class=\"col data\">Korozyona ve a\u015f\u0131nmaya dayan\u0131kl\u0131 anodizasyon, d\u00fc\u015f\u00fck par\u0131lt\u0131l\u0131 mat y\u00fczey sa\u011flar ve at\u0131c\u0131n\u0131n konumunu kamufle etmeye yard\u0131mc\u0131 olur.<\/td>\n<\/tr>\n<tr>\n<th class=\"col label\" scope=\"row\">Su ge\u00e7irmez<\/th>\n<td class=\"col data\">Zorlu hava ko\u015fullar\u0131na dayanacak \u015fekilde tasarlanm\u0131\u015ft\u0131r.<\/td>\n<\/tr>\n<tr>\n<th class=\"col label\" scope=\"row\">Darbeye dayan\u0131kl\u0131<\/th>\n<td class=\"col data\">En y\u00fcksek geri tepme ve darbe seviyelerine dayanacak \u015fekilde tasarlanm\u0131\u015ft\u0131r.<\/td>\n<\/tr>\n<tr>\n<th class=\"col label\" scope=\"row\">Sis ge\u00e7irmez<\/th>\n<td class=\"col data\">Geni\u015f bir s\u0131cakl\u0131k aral\u0131\u011f\u0131na dayanacak \u015fekilde tasarlanm\u0131\u015ft\u0131r.<\/td>\n<\/tr>\n<\/tbody>\n<\/table>\n<p><strong>Reticle<\/strong><\/p>\n<div class=\"reticle-details\">\n<div class=\"reticle-info\">\n<div class=\"reticle-description\">\n<div class=\"reticle-image\">\n<div class=\"reticle-image\"><img decoding=\"async\" src=\"https:\/\/vortexoptics.com\/media\/attribute\/swatch\/v\/t\/vtx_rzr-42708_ebr-7c_mrad_rs_i_ri_fv.jpg\" alt=\"ni\u015fangah g\u00f6r\u00fcnt\u00fcs\u00fc\" data-uw-rm-alt-original=\"image of reticle\" data-uw-rm-alt=\"ALT\" \/><\/div>\n<div class=\"reticle-info\">\n<div class=\"reticle-description\">\n<p><strong>EBR-7C (MRAD)<\/strong>Menzil, bekleme ve \u00f6ng\u00f6r\u00fc d\u00fczeltmeleri i\u00e7in MOA veya MRAD tabanl\u0131 alt gerilim \u00e7izgileri kullanan karma i\u015faretli menzil d\u00fcrb\u00fcn\u00fc. Harfler a\u015fa\u011f\u0131daki tabloda listelenen ni\u015fangah alt gerilimlerini ifade eder.<\/p>\n<\/div>\n<\/div>\n<\/div>\n<\/div>\n<\/div>\n<\/div>\n<\/div>\n<\/div>","protected":false},"excerpt":{"rendered":"<p>Overview Venom\u00ae\u00a0is your bridge to long-range accuracy and tactical success\u2014a workhorse optic that turns effort into results. Solid construction. Great glass quality with clarity and<\/p>","protected":false},"featured_media":1647,"comment_status":"open","ping_status":"closed","template":"","meta":[],"etheme_brands":[{"term_id":47,"name":"Vortex","slug":"vortex","term_group":0,"term_taxonomy_id":47,"taxonomy":"brand","description":"","parent":0,"count":9,"filter":"raw"}],"product_brand":[],"product_cat":[49],"product_tag":[],"class_list":{"0":"post-1646","1":"product","2":"type-product","3":"status-publish","4":"has-post-thumbnail","6":"brand-vortex","7":"product_cat-rifle-scopes","9":"first","10":"instock","11":"taxable","12":"shipping-taxable","13":"purchasable","14":"product-type-simple"},"yoast_head":"<!-- This site is optimized with the Yoast SEO Premium plugin v25.7.1 (Yoast SEO v27.4) - https:\/\/yoast.com\/product\/yoast-seo-premium-wordpress\/ -->\n<title>Vortex VENOM\u00ae 5-25x56 FFP EBR-7C MRAD Non IR - Hunter Optics<\/title>\n<meta name=\"description\" content=\"Diamondback Tactical 4-16x44 FFP rifle scope features EBR-2C MRAD reticle, precision turrets &amp; rugged construction. Ideal for long-range accuracy. Shop Vortex optics.\" \/>\n<meta name=\"robots\" content=\"index, follow, max-snippet:-1, max-image-preview:large, max-video-preview:-1\" \/>\n<link rel=\"canonical\" href=\"https:\/\/hunter-optics.com\/tr\/urun\/vortex-venom-5-25x56-ffp-ebr-7c-mrad-non-ir\/\" \/>\n<meta property=\"og:locale\" content=\"tr_TR\" \/>\n<meta property=\"og:type\" content=\"article\" \/>\n<meta property=\"og:title\" content=\"Vortex VENOM\u00ae 5-25x56 FFP EBR-7C MRAD Non IR\" \/>\n<meta property=\"og:description\" content=\"Diamondback Tactical 4-16x44 FFP rifle scope features EBR-2C MRAD reticle, precision turrets &amp; rugged construction. Ideal for long-range accuracy. Shop Vortex optics.\" \/>\n<meta property=\"og:url\" content=\"https:\/\/hunter-optics.com\/tr\/urun\/vortex-venom-5-25x56-ffp-ebr-7c-mrad-non-ir\/\" \/>\n<meta property=\"og:site_name\" content=\"Hunter Optics\" \/>\n<meta property=\"article:modified_time\" content=\"2025-11-03T02:17:39+00:00\" \/>\n<meta property=\"og:image\" content=\"https:\/\/hunter-optics.com\/wp-content\/uploads\/2025\/08\/Venom-5-25x56-FFP-EBR-7C-MRAD-Non-IR-1.png\" \/>\n\t<meta property=\"og:image:width\" content=\"1920\" \/>\n\t<meta property=\"og:image:height\" content=\"1123\" \/>\n\t<meta property=\"og:image:type\" content=\"image\/png\" \/>\n<meta name=\"twitter:card\" content=\"summary_large_image\" \/>\n<meta name=\"twitter:label1\" content=\"Fiyat\" \/>\n\t<meta name=\"twitter:data1\" content=\"&#036;699.99\" \/>\n\t<meta name=\"twitter:label2\" content=\"Durumu\" \/>\n\t<meta name=\"twitter:data2\" content=\"Stokta var\" \/>\n<script type=\"application\/ld+json\" class=\"yoast-schema-graph\">{\"@context\":\"https:\\\/\\\/schema.org\",\"@graph\":[{\"@type\":\"WebPage\",\"@id\":\"https:\\\/\\\/hunter-optics.com\\\/product\\\/vortex-venom-5-25x56-ffp-ebr-7c-mrad-non-ir\\\/\",\"url\":\"https:\\\/\\\/hunter-optics.com\\\/product\\\/vortex-venom-5-25x56-ffp-ebr-7c-mrad-non-ir\\\/\",\"name\":\"Vortex VENOM\u00ae 5-25x56 FFP EBR-7C MRAD Non IR - Hunter Optics\",\"isPartOf\":{\"@id\":\"https:\\\/\\\/hunter-optics.com\\\/#website\"},\"primaryImageOfPage\":{\"@id\":\"https:\\\/\\\/hunter-optics.com\\\/product\\\/vortex-venom-5-25x56-ffp-ebr-7c-mrad-non-ir\\\/#primaryimage\"},\"image\":{\"@id\":\"https:\\\/\\\/hunter-optics.com\\\/product\\\/vortex-venom-5-25x56-ffp-ebr-7c-mrad-non-ir\\\/#primaryimage\"},\"thumbnailUrl\":\"https:\\\/\\\/hunter-optics.com\\\/wp-content\\\/uploads\\\/2025\\\/08\\\/Venom-5-25x56-FFP-EBR-7C-MRAD-Non-IR-1.png\",\"datePublished\":\"2025-08-09T09:34:37+00:00\",\"dateModified\":\"2025-11-03T02:17:39+00:00\",\"description\":\"Diamondback Tactical 4-16x44 FFP rifle scope features EBR-2C MRAD reticle, precision turrets & rugged construction. Ideal for long-range accuracy. Shop Vortex optics.\",\"breadcrumb\":{\"@id\":\"https:\\\/\\\/hunter-optics.com\\\/product\\\/vortex-venom-5-25x56-ffp-ebr-7c-mrad-non-ir\\\/#breadcrumb\"},\"inLanguage\":\"tr\",\"potentialAction\":[{\"@type\":\"ReadAction\",\"target\":[\"https:\\\/\\\/hunter-optics.com\\\/product\\\/vortex-venom-5-25x56-ffp-ebr-7c-mrad-non-ir\\\/\"]}]},{\"@type\":\"ImageObject\",\"inLanguage\":\"tr\",\"@id\":\"https:\\\/\\\/hunter-optics.com\\\/product\\\/vortex-venom-5-25x56-ffp-ebr-7c-mrad-non-ir\\\/#primaryimage\",\"url\":\"https:\\\/\\\/hunter-optics.com\\\/wp-content\\\/uploads\\\/2025\\\/08\\\/Venom-5-25x56-FFP-EBR-7C-MRAD-Non-IR-1.png\",\"contentUrl\":\"https:\\\/\\\/hunter-optics.com\\\/wp-content\\\/uploads\\\/2025\\\/08\\\/Venom-5-25x56-FFP-EBR-7C-MRAD-Non-IR-1.png\",\"width\":1920,\"height\":1123,\"caption\":\"Venom 5-25x56 FFP EBR-7C MRAD Non IR\"},{\"@type\":\"BreadcrumbList\",\"@id\":\"https:\\\/\\\/hunter-optics.com\\\/product\\\/vortex-venom-5-25x56-ffp-ebr-7c-mrad-non-ir\\\/#breadcrumb\",\"itemListElement\":[{\"@type\":\"ListItem\",\"position\":1,\"name\":\"Home\",\"item\":\"https:\\\/\\\/hunter-optics.com\\\/\"},{\"@type\":\"ListItem\",\"position\":2,\"name\":\"Products\",\"item\":\"https:\\\/\\\/hunter-optics.com\\\/shop\\\/\"},{\"@type\":\"ListItem\",\"position\":3,\"name\":\"Vortex VENOM\u00ae 5-25&#215;56 FFP EBR-7C MRAD Non IR\"}]},{\"@type\":\"WebSite\",\"@id\":\"https:\\\/\\\/hunter-optics.com\\\/#website\",\"url\":\"https:\\\/\\\/hunter-optics.com\\\/\",\"name\":\"Hunter Optics\",\"description\":\"Hunter Optics \u2014 Your Eye on the Target.\",\"publisher\":{\"@id\":\"https:\\\/\\\/hunter-optics.com\\\/#organization\"},\"potentialAction\":[{\"@type\":\"SearchAction\",\"target\":{\"@type\":\"EntryPoint\",\"urlTemplate\":\"https:\\\/\\\/hunter-optics.com\\\/?s={search_term_string}\"},\"query-input\":{\"@type\":\"PropertyValueSpecification\",\"valueRequired\":true,\"valueName\":\"search_term_string\"}}],\"inLanguage\":\"tr\"},{\"@type\":\"Organization\",\"@id\":\"https:\\\/\\\/hunter-optics.com\\\/#organization\",\"name\":\"Hunter Optics\",\"url\":\"https:\\\/\\\/hunter-optics.com\\\/\",\"logo\":{\"@type\":\"ImageObject\",\"inLanguage\":\"tr\",\"@id\":\"https:\\\/\\\/hunter-optics.com\\\/#\\\/schema\\\/logo\\\/image\\\/\",\"url\":\"https:\\\/\\\/hunter-optics.com\\\/wp-content\\\/uploads\\\/2025\\\/06\\\/hunter-optics-logo-1.png\",\"contentUrl\":\"https:\\\/\\\/hunter-optics.com\\\/wp-content\\\/uploads\\\/2025\\\/06\\\/hunter-optics-logo-1.png\",\"width\":937,\"height\":373,\"caption\":\"Hunter Optics\"},\"image\":{\"@id\":\"https:\\\/\\\/hunter-optics.com\\\/#\\\/schema\\\/logo\\\/image\\\/\"}}]}<\/script>\n<meta property=\"product:brand\" content=\"Vortex\" \/>\n<meta property=\"product:price:amount\" content=\"699.99\" \/>\n<meta property=\"product:price:currency\" content=\"USD\" \/>\n<meta property=\"og:availability\" content=\"instock\" \/>\n<meta property=\"product:availability\" content=\"instock\" \/>\n<meta property=\"product:condition\" content=\"new\" \/>\n<!-- \/ Yoast SEO Premium plugin. -->","yoast_head_json":{"title":"Vortex VENOM\u00ae 5-25x56 FFP EBR-7C MRAD Non IR - Hunter Optics","description":"Diamondback Tactical 4-16x44 FFP t\u00fcfek d\u00fcrb\u00fcn\u00fc, EBR-2C MRAD retik\u00fcl\u00fcne, hassas taretlere ve sa\u011flam yap\u0131ya sahiptir. Uzun menzilli do\u011fruluk i\u00e7in idealdir. Vortex optikleri sat\u0131n al\u0131n.","robots":{"index":"index","follow":"follow","max-snippet":"max-snippet:-1","max-image-preview":"max-image-preview:large","max-video-preview":"max-video-preview:-1"},"canonical":"https:\/\/hunter-optics.com\/tr\/urun\/vortex-venom-5-25x56-ffp-ebr-7c-mrad-non-ir\/","og_locale":"tr_TR","og_type":"article","og_title":"Vortex VENOM\u00ae 5-25x56 FFP EBR-7C MRAD Non IR","og_description":"Diamondback Tactical 4-16x44 FFP rifle scope features EBR-2C MRAD reticle, precision turrets & rugged construction. Ideal for long-range accuracy. Shop Vortex optics.","og_url":"https:\/\/hunter-optics.com\/tr\/urun\/vortex-venom-5-25x56-ffp-ebr-7c-mrad-non-ir\/","og_site_name":"Hunter Optics","article_modified_time":"2025-11-03T02:17:39+00:00","og_image":[{"width":1920,"height":1123,"url":"https:\/\/hunter-optics.com\/wp-content\/uploads\/2025\/08\/Venom-5-25x56-FFP-EBR-7C-MRAD-Non-IR-1.png","type":"image\/png"}],"twitter_card":"summary_large_image","twitter_misc":{"Fiyat":"&#36;699.99","Durumu":"Stokta var"},"schema":{"@context":"https:\/\/schema.org","@graph":[{"@type":"WebPage","@id":"https:\/\/hunter-optics.com\/product\/vortex-venom-5-25x56-ffp-ebr-7c-mrad-non-ir\/","url":"https:\/\/hunter-optics.com\/product\/vortex-venom-5-25x56-ffp-ebr-7c-mrad-non-ir\/","name":"Vortex VENOM\u00ae 5-25x56 FFP EBR-7C MRAD Non IR - Hunter Optics","isPartOf":{"@id":"https:\/\/hunter-optics.com\/#website"},"primaryImageOfPage":{"@id":"https:\/\/hunter-optics.com\/product\/vortex-venom-5-25x56-ffp-ebr-7c-mrad-non-ir\/#primaryimage"},"image":{"@id":"https:\/\/hunter-optics.com\/product\/vortex-venom-5-25x56-ffp-ebr-7c-mrad-non-ir\/#primaryimage"},"thumbnailUrl":"https:\/\/hunter-optics.com\/wp-content\/uploads\/2025\/08\/Venom-5-25x56-FFP-EBR-7C-MRAD-Non-IR-1.png","datePublished":"2025-08-09T09:34:37+00:00","dateModified":"2025-11-03T02:17:39+00:00","description":"Diamondback Tactical 4-16x44 FFP t\u00fcfek d\u00fcrb\u00fcn\u00fc, EBR-2C MRAD retik\u00fcl\u00fcne, hassas taretlere ve sa\u011flam yap\u0131ya sahiptir. Uzun menzilli do\u011fruluk i\u00e7in idealdir. Vortex optikleri sat\u0131n al\u0131n.","breadcrumb":{"@id":"https:\/\/hunter-optics.com\/product\/vortex-venom-5-25x56-ffp-ebr-7c-mrad-non-ir\/#breadcrumb"},"inLanguage":"tr","potentialAction":[{"@type":"ReadAction","target":["https:\/\/hunter-optics.com\/product\/vortex-venom-5-25x56-ffp-ebr-7c-mrad-non-ir\/"]}]},{"@type":"ImageObject","inLanguage":"tr","@id":"https:\/\/hunter-optics.com\/product\/vortex-venom-5-25x56-ffp-ebr-7c-mrad-non-ir\/#primaryimage","url":"https:\/\/hunter-optics.com\/wp-content\/uploads\/2025\/08\/Venom-5-25x56-FFP-EBR-7C-MRAD-Non-IR-1.png","contentUrl":"https:\/\/hunter-optics.com\/wp-content\/uploads\/2025\/08\/Venom-5-25x56-FFP-EBR-7C-MRAD-Non-IR-1.png","width":1920,"height":1123,"caption":"Venom 5-25x56 FFP EBR-7C MRAD Non IR"},{"@type":"BreadcrumbList","@id":"https:\/\/hunter-optics.com\/product\/vortex-venom-5-25x56-ffp-ebr-7c-mrad-non-ir\/#breadcrumb","itemListElement":[{"@type":"ListItem","position":1,"name":"Home","item":"https:\/\/hunter-optics.com\/"},{"@type":"ListItem","position":2,"name":"Products","item":"https:\/\/hunter-optics.com\/shop\/"},{"@type":"ListItem","position":3,"name":"Vortex VENOM\u00ae 5-25&#215;56 FFP EBR-7C MRAD Non IR"}]},{"@type":"WebSite","@id":"https:\/\/hunter-optics.com\/#website","url":"https:\/\/hunter-optics.com\/","name":"Avc\u0131 Optikleri","description":"Avc\u0131 Opti\u011fi - G\u00f6z\u00fcn\u00fcz Hedefte.","publisher":{"@id":"https:\/\/hunter-optics.com\/#organization"},"potentialAction":[{"@type":"SearchAction","target":{"@type":"EntryPoint","urlTemplate":"https:\/\/hunter-optics.com\/?s={search_term_string}"},"query-input":{"@type":"PropertyValueSpecification","valueRequired":true,"valueName":"search_term_string"}}],"inLanguage":"tr"},{"@type":"Organization","@id":"https:\/\/hunter-optics.com\/#organization","name":"Avc\u0131 Optikleri","url":"https:\/\/hunter-optics.com\/","logo":{"@type":"ImageObject","inLanguage":"tr","@id":"https:\/\/hunter-optics.com\/#\/schema\/logo\/image\/","url":"https:\/\/hunter-optics.com\/wp-content\/uploads\/2025\/06\/hunter-optics-logo-1.png","contentUrl":"https:\/\/hunter-optics.com\/wp-content\/uploads\/2025\/06\/hunter-optics-logo-1.png","width":937,"height":373,"caption":"Hunter Optics"},"image":{"@id":"https:\/\/hunter-optics.com\/#\/schema\/logo\/image\/"}}]},"product_brand":"Vortex","product_price_amount":"699.99","product_price_currency":"USD","og_availability":"instock","product_availability":"instock","product_condition":"new"},"_links":{"self":[{"href":"https:\/\/hunter-optics.com\/tr\/wp-json\/wp\/v2\/product\/1646","targetHints":{"allow":["GET"]}}],"collection":[{"href":"https:\/\/hunter-optics.com\/tr\/wp-json\/wp\/v2\/product"}],"about":[{"href":"https:\/\/hunter-optics.com\/tr\/wp-json\/wp\/v2\/types\/product"}],"replies":[{"embeddable":true,"href":"https:\/\/hunter-optics.com\/tr\/wp-json\/wp\/v2\/comments?post=1646"}],"version-history":[{"count":4,"href":"https:\/\/hunter-optics.com\/tr\/wp-json\/wp\/v2\/product\/1646\/revisions"}],"predecessor-version":[{"id":1674,"href":"https:\/\/hunter-optics.com\/tr\/wp-json\/wp\/v2\/product\/1646\/revisions\/1674"}],"wp:featuredmedia":[{"embeddable":true,"href":"https:\/\/hunter-optics.com\/tr\/wp-json\/wp\/v2\/media\/1647"}],"wp:attachment":[{"href":"https:\/\/hunter-optics.com\/tr\/wp-json\/wp\/v2\/media?parent=1646"}],"wp:term":[{"taxonomy":"brand","embeddable":true,"href":"https:\/\/hunter-optics.com\/tr\/wp-json\/wp\/v2\/etheme_brands?post=1646"},{"taxonomy":"product_brand","embeddable":true,"href":"https:\/\/hunter-optics.com\/tr\/wp-json\/wp\/v2\/product_brand?post=1646"},{"taxonomy":"product_cat","embeddable":true,"href":"https:\/\/hunter-optics.com\/tr\/wp-json\/wp\/v2\/product_cat?post=1646"},{"taxonomy":"product_tag","embeddable":true,"href":"https:\/\/hunter-optics.com\/tr\/wp-json\/wp\/v2\/product_tag?post=1646"}],"curies":[{"name":"wp","href":"https:\/\/api.w.org\/{rel}","templated":true}]}}