{"id":1595,"date":"2025-08-05T07:21:39","date_gmt":"2025-08-05T07:21:39","guid":{"rendered":"https:\/\/hunter-optics.com\/?post_type=product&#038;p=1595"},"modified":"2025-10-11T09:22:12","modified_gmt":"2025-10-11T09:22:12","slug":"vortex-diamondback-tactical-4-16x44-ffp-ebr-2c-mrad-non-ir","status":"publish","type":"product","link":"https:\/\/hunter-optics.com\/tr\/urun\/vortex-diamondback-tactical-4-16x44-ffp-ebr-2c-mrad-non-ir\/","title":{"rendered":"Vortex DIAMONDBACK\u00ae Tactical 4-16\u00d744 FFP EBR-2C MRAD IR Olmayan"},"content":{"rendered":"<p><strong>Genel Bak\u0131\u015f<\/strong><\/p>\n<p>Diamondback<sup>\u00ae<\/sup> Tactical, Diamondback'in \u00e7al\u0131\u015fkan miras\u0131n\u0131<sup>\u00ae<\/sup> etkili menzillerini geni\u015fletmek isteyen at\u0131c\u0131lar i\u00e7in g\u00fcvenilir performans sunarak taktik d\u00fcnyas\u0131na ad\u0131n\u0131 yazd\u0131rd\u0131. Sa\u011flam yap\u0131s\u0131 ve keskin, net cam\u0131 ile ister orta menzilli at\u0131\u015flara ister 1.000 yardaya kadar uzanmaya odaklanman\u0131z\u0131 sa\u011flar. Windage ve elevasyon ayarlar\u0131nda g\u00fcven arayan yeni at\u0131c\u0131lar i\u00e7in tasarlanm\u0131\u015ft\u0131r. Zorlu kullan\u0131ma dayanacak kadar sa\u011flamd\u0131r ve at\u0131\u015ftan at\u0131\u015fa isabet sa\u011flar.<\/p>\n<p><a href=\"https:\/\/www.kentonindustries.com\/products\/vortex-diamondback-tactical-ffp\" target=\"_blank\" rel=\"external noopener\" data-uw-rm-brl=\"PR\" data-uw-original-href=\"https:\/\/www.kentonindustries.com\/products\/vortex-diamondback-tactical-ffp\" aria-label=\"Kendi \u00d6zel Taretinizi Yap\u0131n - Kenton Industries - yeni sekmede a\u00e7\" data-uw-rm-ext-link=\"\"><img decoding=\"async\" src=\"https:\/\/vortexoptics.com\/media\/wysiwyg\/kentonlogo.jpg\" alt=\"Kendi \u00d6zel Taretinizi Yap\u0131n - Kenton Industries\" data-uw-rm-alt-original=\"Build Your Own Custom Turret - Kenton Industries\" data-uw-rm-alt=\"ALT\" \/><\/a><\/p>\n<div class=\"product sizechart\">\n<div class=\"sizechart-title\">\n<div class=\"item-title\"><b>Diamondback Tactical 4-16\u00d744 FFP Boyutlar (in\u00e7 cinsinden)<\/b><\/div>\n<\/div>\n<div class=\"sizechart-details\">\n<div class=\"sizechart-image\"><img decoding=\"async\" src=\"https:\/\/vortexoptics.com\/media\/wysiwyg\/dim_dbk-tactical.png\" alt=\"\u00dcr\u00fcn Boyutlar\u0131\" data-uw-rm-alt-original=\"Product Dimensions\" data-uw-rm-alt=\"ALT\" \/><\/div>\n<table class=\"lengths\">\n<tbody>\n<tr>\n<th colspan=\"6\" scope=\"colgroup\">Uzunluklar<\/th>\n<\/tr>\n<tr>\n<td>L1<\/td>\n<td>L2<\/td>\n<td>L3<\/td>\n<td>L4<\/td>\n<td>L5<\/td>\n<td>L6<\/td>\n<\/tr>\n<tr>\n<td>14.06<\/td>\n<td>2.24<\/td>\n<td>2.7<\/td>\n<td>6.43<\/td>\n<td>3.83<\/td>\n<td>3.77<\/td>\n<\/tr>\n<\/tbody>\n<\/table>\n<table class=\"heights\">\n<tbody>\n<tr>\n<th colspan=\"2\" scope=\"colgroup\">Y\u00fckseklikler<\/th>\n<\/tr>\n<tr>\n<td>H1<\/td>\n<td>H2<\/td>\n<\/tr>\n<tr>\n<td>2.01<\/td>\n<td>1.73<\/td>\n<\/tr>\n<\/tbody>\n<\/table>\n<p><strong>Teknik \u00d6zellikler<\/strong><\/p>\n<table id=\"product-vortex-specs-table\" class=\"data table spec-attributes\">\n<tbody>\n<tr>\n<th class=\"col label Magnification\" scope=\"row\">B\u00fcy\u00fctme<\/th>\n<td class=\"col data\" data-th=\"Magnification\">4-16x<\/td>\n<\/tr>\n<tr>\n<th class=\"col label Objective Lens Diameter\" scope=\"row\">Objektif Lens \u00c7ap\u0131<\/th>\n<td class=\"col data\" data-th=\"Objective Lens Diameter\">44 mm<\/td>\n<\/tr>\n<tr>\n<th class=\"col label Focal Plane\" scope=\"row\">Odak D\u00fczlemi<\/th>\n<td class=\"col data\" data-th=\"Focal Plane\">Birinci Odak D\u00fczlemi<\/td>\n<\/tr>\n<tr>\n<th class=\"col label Reticle\" scope=\"row\">Reticle<\/th>\n<td class=\"col data\" data-th=\"Reticle\">EBR-2C (MRAD)<\/td>\n<\/tr>\n<tr>\n<th class=\"col label Eye Relief\" scope=\"row\">G\u00f6z R\u00f6lyefi<\/th>\n<td class=\"col data\" data-th=\"Eye Relief\">3.8&#8243;<\/td>\n<\/tr>\n<tr>\n<th class=\"col label Field of View\" scope=\"row\">G\u00f6r\u00fc\u015f Alan\u0131<\/th>\n<td class=\"col data\" data-th=\"Field of View\">26,9\u2032 - 6,7 \u2018 @ 100 yds<\/td>\n<\/tr>\n<tr>\n<th class=\"col label Turret Style\" scope=\"row\">Taret Stili<\/th>\n<td class=\"col data\" data-th=\"Turret Style\">\u0130f\u015fa Edildi<\/td>\n<\/tr>\n<tr>\n<th class=\"col label Tube Size\" scope=\"row\">T\u00fcp Boyutu<\/th>\n<td class=\"col data\" data-th=\"Tube Size\">30mm<\/td>\n<\/tr>\n<tr>\n<th class=\"col label Adjustment Graduation\" scope=\"row\">Ayarlama Mezuniyet<\/th>\n<td class=\"col data\" data-th=\"Adjustment Graduation\">.1 MRAD<\/td>\n<\/tr>\n<tr>\n<th class=\"col label Travel Per Rotation\" scope=\"row\">Rotasyon Ba\u015f\u0131na Seyahat<\/th>\n<td class=\"col data\" data-th=\"Travel Per Rotation\">6 MRAD<\/td>\n<\/tr>\n<tr>\n<th class=\"col label Max Elevation Adjustment\" scope=\"row\">Maksimum Y\u00fckseklik Ayar\u0131<\/th>\n<td class=\"col data\" data-th=\"Max Elevation Adjustment\">25 MRAD<\/td>\n<\/tr>\n<tr>\n<th class=\"col label Max Windage Adjustment\" scope=\"row\">Maksimum Windage Ayar\u0131<\/th>\n<td class=\"col data\" data-th=\"Max Windage Adjustment\">25 MRAD<\/td>\n<\/tr>\n<tr>\n<th class=\"col label Parallax Setting\" scope=\"row\">Paralaks Ayar\u0131<\/th>\n<td class=\"col data\" data-th=\"Parallax Setting\">20 yds. - \u221e<\/td>\n<\/tr>\n<tr>\n<th class=\"col label Length\" scope=\"row\">Uzunluk<\/th>\n<td class=\"col data\" data-th=\"Length\">14.1&#8243;<\/td>\n<\/tr>\n<tr>\n<th class=\"col label Weight\" scope=\"row\">A\u011f\u0131rl\u0131k<\/th>\n<td class=\"col data\" data-th=\"Weight\">23.1 oz<\/td>\n<\/tr>\n<\/tbody>\n<\/table>\n<p><strong>\u00d6zellikler<\/strong><\/p>\n<table>\n<tbody>\n<tr>\n<th class=\"col label\" scope=\"row\">XD\u2122 Optik Sistem<\/th>\n<td class=\"col data\">\u00dcst\u00fcn optik sistem etkileyici \u00e7\u00f6z\u00fcn\u00fcrl\u00fck, u\u00e7tan uca keskinlik sunar, renk sapmalar\u0131n\u0131 b\u00fcy\u00fck \u00f6l\u00e7\u00fcde azalt\u0131r ve parlak, y\u00fcksek kontrastl\u0131 g\u00f6r\u00fcnt\u00fcleri garanti eder.<\/td>\n<\/tr>\n<tr>\n<th class=\"col label\" scope=\"row\">Tamamen \u00c7ok Kaplamal\u0131 Lensler<\/th>\n<td class=\"col data\">Havadan cama t\u00fcm y\u00fczeylerdeki yans\u0131ma \u00f6nleyici kaplamalar, daha fazla netlik ve d\u00fc\u015f\u00fck \u0131\u015f\u0131k performans\u0131 i\u00e7in daha fazla \u0131\u015f\u0131k ge\u00e7irgenli\u011fi sa\u011flar.<\/td>\n<\/tr>\n<tr>\n<th class=\"col label\" scope=\"row\">Birinci Odak D\u00fczlemi Retik\u00fcl\u00fc<\/th>\n<td class=\"col data\">Birinci odak d\u00fczlemi ni\u015fangah\u0131, t\u00fcfek d\u00fcrb\u00fcn\u00fcn\u00fcn i\u00e7inde menzil ve y\u00fckseklik taretlerinin yak\u0131n\u0131nda bulunur. Ni\u015fangah \u00f6l\u00e7e\u011fi yak\u0131nla\u015ft\u0131r\u0131lm\u0131\u015f g\u00f6r\u00fcnt\u00fcyle orant\u0131l\u0131 kal\u0131r. Sabit alt gerilimler, t\u00fcm b\u00fcy\u00fctmelerde do\u011fru tutma ve menzilleme sa\u011flar. Ni\u015fangah\u0131n boyutu y\u00fcksek b\u00fcy\u00fctmelerde daha b\u00fcy\u00fck ve d\u00fc\u015f\u00fck b\u00fcy\u00fctmelerde daha k\u00fc\u00e7\u00fck g\u00f6r\u00fcnecektir.<\/td>\n<\/tr>\n<tr>\n<th class=\"col label\" scope=\"row\">Azot Gaz\u0131 Tahliyesi<\/th>\n<td class=\"col data\">Her ko\u015fulda sis ge\u00e7irmez ve su ge\u00e7irmez performans i\u00e7in gaz tahliyeli ve O-ring contal\u0131.<\/td>\n<\/tr>\n<tr>\n<th class=\"col label\" scope=\"row\">H\u0131zl\u0131 Odakl\u0131 Mercek<\/th>\n<td class=\"col data\">H\u0131zl\u0131 ve kolay ni\u015fangah odaklamas\u0131 sa\u011flar.<\/td>\n<\/tr>\n<tr>\n<th class=\"col label\" scope=\"row\">U\u00e7ak S\u0131n\u0131f\u0131 Al\u00fcminyum<\/th>\n<td class=\"col data\">G\u00fc\u00e7 ve sa\u011flaml\u0131k i\u00e7in u\u00e7ak s\u0131n\u0131f\u0131 al\u00fcminyumdan sa\u011flam bir bloktan \u00fcretilmi\u015ftir.<\/td>\n<\/tr>\n<tr>\n<th class=\"col label\" scope=\"row\">D\u00fc\u015f\u00fck Yans\u0131mal\u0131 Mat Siyah Eloksal<\/th>\n<td class=\"col data\">Korozyona ve a\u015f\u0131nmaya dayan\u0131kl\u0131 anodizasyon, d\u00fc\u015f\u00fck par\u0131lt\u0131l\u0131 mat y\u00fczey sa\u011flar ve at\u0131c\u0131n\u0131n konumunu kamufle etmeye yard\u0131mc\u0131 olur.<\/td>\n<\/tr>\n<tr>\n<th class=\"col label\" scope=\"row\">Su ge\u00e7irmez<\/th>\n<td class=\"col data\">Zorlu hava ko\u015fullar\u0131na dayanacak \u015fekilde tasarlanm\u0131\u015ft\u0131r.<\/td>\n<\/tr>\n<tr>\n<th class=\"col label\" scope=\"row\">Sis ge\u00e7irmez<\/th>\n<td class=\"col data\">Geni\u015f bir s\u0131cakl\u0131k aral\u0131\u011f\u0131na dayanacak \u015fekilde tasarlanm\u0131\u015ft\u0131r.<\/td>\n<\/tr>\n<tr>\n<th class=\"col label\" scope=\"row\">Darbeye dayan\u0131kl\u0131<\/th>\n<td class=\"col data\">En y\u00fcksek geri tepme ve darbe seviyelerine dayanacak \u015fekilde tasarlanm\u0131\u015ft\u0131r.<\/td>\n<\/tr>\n<\/tbody>\n<\/table>\n<p><strong>Reticle<\/strong><\/p>\n<div class=\"reticle-details\">\n<div class=\"reticle-image\"><img decoding=\"async\" src=\"https:\/\/vortexoptics.com\/media\/attribute\/swatch\/v\/t\/vtx_pst-5258_ebr-2c_mrad_rs_i_ri_fv.jpg\" alt=\"ni\u015fangah g\u00f6r\u00fcnt\u00fcs\u00fc\" data-uw-rm-alt-original=\"image of reticle\" data-uw-rm-alt=\"ALT\" \/><\/div>\n<div class=\"reticle-info\">\n<div class=\"reticle-description\">\n<p><strong>EBR-2C (MRAD)<\/strong>Menzil, bekleme ve r\u00fczgar a\u00e7\u0131s\u0131 d\u00fczeltmeleri i\u00e7in MRAD tabanl\u0131 alt gerilim \u00e7izgileri kullanan karma i\u015faretli menzil d\u00fcrb\u00fcn\u00fc. Harfler a\u015fa\u011f\u0131daki tabloda listelenen ni\u015fangah alt gerilimlerini ifade eder.<\/p>\n<\/div>\n<\/div>\n<\/div>\n<\/div>\n<\/div>","protected":false},"excerpt":{"rendered":"<p>Genel Bak\u0131\u015f Diamondback\u00ae Tactical, Diamondback\u00ae ad\u0131n\u0131n \u00e7al\u0131\u015fkan miras\u0131n\u0131 taktik d\u00fcnyas\u0131na ta\u015f\u0131yor ve etkili silahlar\u0131n\u0131 geni\u015fletmek isteyen at\u0131c\u0131lar i\u00e7in g\u00fcvenilir performans sunuyor.<\/p>","protected":false},"featured_media":1596,"comment_status":"open","ping_status":"closed","template":"","meta":[],"etheme_brands":[{"term_id":47,"name":"Vortex","slug":"vortex","term_group":0,"term_taxonomy_id":47,"taxonomy":"brand","description":"","parent":0,"count":9,"filter":"raw"}],"product_brand":[],"product_cat":[49],"product_tag":[],"class_list":{"0":"post-1595","1":"product","2":"type-product","3":"status-publish","4":"has-post-thumbnail","6":"brand-vortex","7":"product_cat-rifle-scopes","9":"first","10":"instock","11":"sale","12":"taxable","13":"shipping-taxable","14":"purchasable","15":"product-type-simple"},"yoast_head":"<!-- This site is optimized with the Yoast SEO Premium plugin v25.7.1 (Yoast SEO v27.4) - https:\/\/yoast.com\/product\/yoast-seo-premium-wordpress\/ -->\n<title>Vortex DIAMONDBACK\u00ae Tactical 4-16x44 FFP EBR-2C MRAD Non IR - Hunter Optics<\/title>\n<meta name=\"description\" content=\"Boost your shooting confidence. The Diamondback Tactical 4-16x44 scope provides precise MRAD adjustments and clear glass for accuracy.\" \/>\n<meta name=\"robots\" content=\"index, follow, max-snippet:-1, max-image-preview:large, max-video-preview:-1\" \/>\n<link rel=\"canonical\" href=\"https:\/\/hunter-optics.com\/tr\/urun\/vortex-diamondback-tactical-4-16x44-ffp-ebr-2c-mrad-non-ir\/\" \/>\n<meta property=\"og:locale\" content=\"tr_TR\" \/>\n<meta property=\"og:type\" content=\"article\" \/>\n<meta property=\"og:title\" content=\"Vortex DIAMONDBACK\u00ae Tactical 4-16x44 FFP EBR-2C MRAD Non IR\" \/>\n<meta property=\"og:description\" content=\"Boost your shooting confidence. The Diamondback Tactical 4-16x44 scope provides precise MRAD adjustments and clear glass for accuracy.\" \/>\n<meta property=\"og:url\" content=\"https:\/\/hunter-optics.com\/tr\/urun\/vortex-diamondback-tactical-4-16x44-ffp-ebr-2c-mrad-non-ir\/\" \/>\n<meta property=\"og:site_name\" content=\"Hunter Optics\" \/>\n<meta property=\"article:modified_time\" content=\"2025-10-11T09:22:12+00:00\" \/>\n<meta property=\"og:image\" content=\"https:\/\/hunter-optics.com\/wp-content\/uploads\/2025\/08\/Diamondback\u00ae-Tactical-4-16x44-FFP-EBR-2C-MRAD.jpg\" \/>\n\t<meta property=\"og:image:width\" content=\"876\" \/>\n\t<meta property=\"og:image:height\" content=\"876\" \/>\n\t<meta property=\"og:image:type\" content=\"image\/jpeg\" \/>\n<meta name=\"twitter:card\" content=\"summary_large_image\" \/>\n<meta name=\"twitter:label1\" content=\"Fiyat\" \/>\n\t<meta name=\"twitter:data1\" content=\"&#036;559.99\" \/>\n\t<meta name=\"twitter:label2\" content=\"Durumu\" \/>\n\t<meta name=\"twitter:data2\" content=\"Stokta var\" \/>\n<script type=\"application\/ld+json\" class=\"yoast-schema-graph\">{\"@context\":\"https:\\\/\\\/schema.org\",\"@graph\":[{\"@type\":\"WebPage\",\"@id\":\"https:\\\/\\\/hunter-optics.com\\\/product\\\/vortex-diamondback-tactical-4-16x44-ffp-ebr-2c-mrad-non-ir\\\/\",\"url\":\"https:\\\/\\\/hunter-optics.com\\\/product\\\/vortex-diamondback-tactical-4-16x44-ffp-ebr-2c-mrad-non-ir\\\/\",\"name\":\"Vortex DIAMONDBACK\u00ae Tactical 4-16x44 FFP EBR-2C MRAD Non IR - Hunter Optics\",\"isPartOf\":{\"@id\":\"https:\\\/\\\/hunter-optics.com\\\/#website\"},\"primaryImageOfPage\":{\"@id\":\"https:\\\/\\\/hunter-optics.com\\\/product\\\/vortex-diamondback-tactical-4-16x44-ffp-ebr-2c-mrad-non-ir\\\/#primaryimage\"},\"image\":{\"@id\":\"https:\\\/\\\/hunter-optics.com\\\/product\\\/vortex-diamondback-tactical-4-16x44-ffp-ebr-2c-mrad-non-ir\\\/#primaryimage\"},\"thumbnailUrl\":\"https:\\\/\\\/hunter-optics.com\\\/wp-content\\\/uploads\\\/2025\\\/08\\\/Diamondback\u00ae-Tactical-4-16x44-FFP-EBR-2C-MRAD.jpg\",\"datePublished\":\"2025-08-05T07:21:39+00:00\",\"dateModified\":\"2025-10-11T09:22:12+00:00\",\"description\":\"Boost your shooting confidence. The Diamondback Tactical 4-16x44 scope provides precise MRAD adjustments and clear glass for accuracy.\",\"breadcrumb\":{\"@id\":\"https:\\\/\\\/hunter-optics.com\\\/product\\\/vortex-diamondback-tactical-4-16x44-ffp-ebr-2c-mrad-non-ir\\\/#breadcrumb\"},\"inLanguage\":\"tr\",\"potentialAction\":[{\"@type\":\"ReadAction\",\"target\":[\"https:\\\/\\\/hunter-optics.com\\\/product\\\/vortex-diamondback-tactical-4-16x44-ffp-ebr-2c-mrad-non-ir\\\/\"]}]},{\"@type\":\"ImageObject\",\"inLanguage\":\"tr\",\"@id\":\"https:\\\/\\\/hunter-optics.com\\\/product\\\/vortex-diamondback-tactical-4-16x44-ffp-ebr-2c-mrad-non-ir\\\/#primaryimage\",\"url\":\"https:\\\/\\\/hunter-optics.com\\\/wp-content\\\/uploads\\\/2025\\\/08\\\/Diamondback\u00ae-Tactical-4-16x44-FFP-EBR-2C-MRAD.jpg\",\"contentUrl\":\"https:\\\/\\\/hunter-optics.com\\\/wp-content\\\/uploads\\\/2025\\\/08\\\/Diamondback\u00ae-Tactical-4-16x44-FFP-EBR-2C-MRAD.jpg\",\"width\":876,\"height\":876},{\"@type\":\"BreadcrumbList\",\"@id\":\"https:\\\/\\\/hunter-optics.com\\\/product\\\/vortex-diamondback-tactical-4-16x44-ffp-ebr-2c-mrad-non-ir\\\/#breadcrumb\",\"itemListElement\":[{\"@type\":\"ListItem\",\"position\":1,\"name\":\"Home\",\"item\":\"https:\\\/\\\/hunter-optics.com\\\/\"},{\"@type\":\"ListItem\",\"position\":2,\"name\":\"Products\",\"item\":\"https:\\\/\\\/hunter-optics.com\\\/shop\\\/\"},{\"@type\":\"ListItem\",\"position\":3,\"name\":\"Vortex DIAMONDBACK\u00ae Tactical 4-16&#215;44 FFP EBR-2C MRAD Non IR\"}]},{\"@type\":\"WebSite\",\"@id\":\"https:\\\/\\\/hunter-optics.com\\\/#website\",\"url\":\"https:\\\/\\\/hunter-optics.com\\\/\",\"name\":\"Hunter Optics\",\"description\":\"Hunter Optics \u2014 Your Eye on the Target.\",\"publisher\":{\"@id\":\"https:\\\/\\\/hunter-optics.com\\\/#organization\"},\"potentialAction\":[{\"@type\":\"SearchAction\",\"target\":{\"@type\":\"EntryPoint\",\"urlTemplate\":\"https:\\\/\\\/hunter-optics.com\\\/?s={search_term_string}\"},\"query-input\":{\"@type\":\"PropertyValueSpecification\",\"valueRequired\":true,\"valueName\":\"search_term_string\"}}],\"inLanguage\":\"tr\"},{\"@type\":\"Organization\",\"@id\":\"https:\\\/\\\/hunter-optics.com\\\/#organization\",\"name\":\"Hunter Optics\",\"url\":\"https:\\\/\\\/hunter-optics.com\\\/\",\"logo\":{\"@type\":\"ImageObject\",\"inLanguage\":\"tr\",\"@id\":\"https:\\\/\\\/hunter-optics.com\\\/#\\\/schema\\\/logo\\\/image\\\/\",\"url\":\"https:\\\/\\\/hunter-optics.com\\\/wp-content\\\/uploads\\\/2025\\\/06\\\/hunter-optics-logo-1.png\",\"contentUrl\":\"https:\\\/\\\/hunter-optics.com\\\/wp-content\\\/uploads\\\/2025\\\/06\\\/hunter-optics-logo-1.png\",\"width\":937,\"height\":373,\"caption\":\"Hunter Optics\"},\"image\":{\"@id\":\"https:\\\/\\\/hunter-optics.com\\\/#\\\/schema\\\/logo\\\/image\\\/\"}}]}<\/script>\n<meta property=\"product:brand\" content=\"Vortex\" \/>\n<meta property=\"product:price:amount\" content=\"559.99\" \/>\n<meta property=\"product:price:currency\" content=\"USD\" \/>\n<meta property=\"og:availability\" content=\"instock\" \/>\n<meta property=\"product:availability\" content=\"instock\" \/>\n<meta property=\"product:condition\" content=\"new\" \/>\n<!-- \/ Yoast SEO Premium plugin. -->","yoast_head_json":{"title":"Vortex DIAMONDBACK\u00ae Tactical 4-16x44 FFP EBR-2C MRAD Non IR - Avc\u0131 Optikleri","description":"Boost your shooting confidence. The Diamondback Tactical 4-16x44 scope provides precise MRAD adjustments and clear glass for accuracy.","robots":{"index":"index","follow":"follow","max-snippet":"max-snippet:-1","max-image-preview":"max-image-preview:large","max-video-preview":"max-video-preview:-1"},"canonical":"https:\/\/hunter-optics.com\/tr\/urun\/vortex-diamondback-tactical-4-16x44-ffp-ebr-2c-mrad-non-ir\/","og_locale":"tr_TR","og_type":"article","og_title":"Vortex DIAMONDBACK\u00ae Tactical 4-16x44 FFP EBR-2C MRAD Non IR","og_description":"Boost your shooting confidence. The Diamondback Tactical 4-16x44 scope provides precise MRAD adjustments and clear glass for accuracy.","og_url":"https:\/\/hunter-optics.com\/tr\/urun\/vortex-diamondback-tactical-4-16x44-ffp-ebr-2c-mrad-non-ir\/","og_site_name":"Hunter Optics","article_modified_time":"2025-10-11T09:22:12+00:00","og_image":[{"width":876,"height":876,"url":"https:\/\/hunter-optics.com\/wp-content\/uploads\/2025\/08\/Diamondback\u00ae-Tactical-4-16x44-FFP-EBR-2C-MRAD.jpg","type":"image\/jpeg"}],"twitter_card":"summary_large_image","twitter_misc":{"Fiyat":"&#36;559.99","Durumu":"Stokta var"},"schema":{"@context":"https:\/\/schema.org","@graph":[{"@type":"WebPage","@id":"https:\/\/hunter-optics.com\/product\/vortex-diamondback-tactical-4-16x44-ffp-ebr-2c-mrad-non-ir\/","url":"https:\/\/hunter-optics.com\/product\/vortex-diamondback-tactical-4-16x44-ffp-ebr-2c-mrad-non-ir\/","name":"Vortex DIAMONDBACK\u00ae Tactical 4-16x44 FFP EBR-2C MRAD Non IR - Avc\u0131 Optikleri","isPartOf":{"@id":"https:\/\/hunter-optics.com\/#website"},"primaryImageOfPage":{"@id":"https:\/\/hunter-optics.com\/product\/vortex-diamondback-tactical-4-16x44-ffp-ebr-2c-mrad-non-ir\/#primaryimage"},"image":{"@id":"https:\/\/hunter-optics.com\/product\/vortex-diamondback-tactical-4-16x44-ffp-ebr-2c-mrad-non-ir\/#primaryimage"},"thumbnailUrl":"https:\/\/hunter-optics.com\/wp-content\/uploads\/2025\/08\/Diamondback\u00ae-Tactical-4-16x44-FFP-EBR-2C-MRAD.jpg","datePublished":"2025-08-05T07:21:39+00:00","dateModified":"2025-10-11T09:22:12+00:00","description":"Boost your shooting confidence. The Diamondback Tactical 4-16x44 scope provides precise MRAD adjustments and clear glass for accuracy.","breadcrumb":{"@id":"https:\/\/hunter-optics.com\/product\/vortex-diamondback-tactical-4-16x44-ffp-ebr-2c-mrad-non-ir\/#breadcrumb"},"inLanguage":"tr","potentialAction":[{"@type":"ReadAction","target":["https:\/\/hunter-optics.com\/product\/vortex-diamondback-tactical-4-16x44-ffp-ebr-2c-mrad-non-ir\/"]}]},{"@type":"ImageObject","inLanguage":"tr","@id":"https:\/\/hunter-optics.com\/product\/vortex-diamondback-tactical-4-16x44-ffp-ebr-2c-mrad-non-ir\/#primaryimage","url":"https:\/\/hunter-optics.com\/wp-content\/uploads\/2025\/08\/Diamondback\u00ae-Tactical-4-16x44-FFP-EBR-2C-MRAD.jpg","contentUrl":"https:\/\/hunter-optics.com\/wp-content\/uploads\/2025\/08\/Diamondback\u00ae-Tactical-4-16x44-FFP-EBR-2C-MRAD.jpg","width":876,"height":876},{"@type":"BreadcrumbList","@id":"https:\/\/hunter-optics.com\/product\/vortex-diamondback-tactical-4-16x44-ffp-ebr-2c-mrad-non-ir\/#breadcrumb","itemListElement":[{"@type":"ListItem","position":1,"name":"Home","item":"https:\/\/hunter-optics.com\/"},{"@type":"ListItem","position":2,"name":"Products","item":"https:\/\/hunter-optics.com\/shop\/"},{"@type":"ListItem","position":3,"name":"Vortex DIAMONDBACK\u00ae Tactical 4-16&#215;44 FFP EBR-2C MRAD Non IR"}]},{"@type":"WebSite","@id":"https:\/\/hunter-optics.com\/#website","url":"https:\/\/hunter-optics.com\/","name":"Avc\u0131 Optikleri","description":"Avc\u0131 Opti\u011fi - G\u00f6z\u00fcn\u00fcz Hedefte.","publisher":{"@id":"https:\/\/hunter-optics.com\/#organization"},"potentialAction":[{"@type":"SearchAction","target":{"@type":"EntryPoint","urlTemplate":"https:\/\/hunter-optics.com\/?s={search_term_string}"},"query-input":{"@type":"PropertyValueSpecification","valueRequired":true,"valueName":"search_term_string"}}],"inLanguage":"tr"},{"@type":"Organization","@id":"https:\/\/hunter-optics.com\/#organization","name":"Avc\u0131 Optikleri","url":"https:\/\/hunter-optics.com\/","logo":{"@type":"ImageObject","inLanguage":"tr","@id":"https:\/\/hunter-optics.com\/#\/schema\/logo\/image\/","url":"https:\/\/hunter-optics.com\/wp-content\/uploads\/2025\/06\/hunter-optics-logo-1.png","contentUrl":"https:\/\/hunter-optics.com\/wp-content\/uploads\/2025\/06\/hunter-optics-logo-1.png","width":937,"height":373,"caption":"Hunter Optics"},"image":{"@id":"https:\/\/hunter-optics.com\/#\/schema\/logo\/image\/"}}]},"product_brand":"Vortex","product_price_amount":"559.99","product_price_currency":"USD","og_availability":"instock","product_availability":"instock","product_condition":"new"},"_links":{"self":[{"href":"https:\/\/hunter-optics.com\/tr\/wp-json\/wp\/v2\/product\/1595","targetHints":{"allow":["GET"]}}],"collection":[{"href":"https:\/\/hunter-optics.com\/tr\/wp-json\/wp\/v2\/product"}],"about":[{"href":"https:\/\/hunter-optics.com\/tr\/wp-json\/wp\/v2\/types\/product"}],"replies":[{"embeddable":true,"href":"https:\/\/hunter-optics.com\/tr\/wp-json\/wp\/v2\/comments?post=1595"}],"version-history":[{"count":7,"href":"https:\/\/hunter-optics.com\/tr\/wp-json\/wp\/v2\/product\/1595\/revisions"}],"predecessor-version":[{"id":1677,"href":"https:\/\/hunter-optics.com\/tr\/wp-json\/wp\/v2\/product\/1595\/revisions\/1677"}],"wp:featuredmedia":[{"embeddable":true,"href":"https:\/\/hunter-optics.com\/tr\/wp-json\/wp\/v2\/media\/1596"}],"wp:attachment":[{"href":"https:\/\/hunter-optics.com\/tr\/wp-json\/wp\/v2\/media?parent=1595"}],"wp:term":[{"taxonomy":"brand","embeddable":true,"href":"https:\/\/hunter-optics.com\/tr\/wp-json\/wp\/v2\/etheme_brands?post=1595"},{"taxonomy":"product_brand","embeddable":true,"href":"https:\/\/hunter-optics.com\/tr\/wp-json\/wp\/v2\/product_brand?post=1595"},{"taxonomy":"product_cat","embeddable":true,"href":"https:\/\/hunter-optics.com\/tr\/wp-json\/wp\/v2\/product_cat?post=1595"},{"taxonomy":"product_tag","embeddable":true,"href":"https:\/\/hunter-optics.com\/tr\/wp-json\/wp\/v2\/product_tag?post=1595"}],"curies":[{"name":"wp","href":"https:\/\/api.w.org\/{rel}","templated":true}]}}