{"id":1578,"date":"2025-08-05T06:29:36","date_gmt":"2025-08-05T06:29:36","guid":{"rendered":"https:\/\/hunter-optics.com\/?post_type=product&#038;p=1578"},"modified":"2025-08-09T10:02:56","modified_gmt":"2025-08-09T10:02:56","slug":"vortex-venom-1-6x24ir-moa","status":"publish","type":"product","link":"https:\/\/hunter-optics.com\/tr\/urun\/vortex-venom-1-6x24ir-moa\/","title":{"rendered":"Vortex VENOM\u00ae 1-6x24IR (MOA)"},"content":{"rendered":"<p><strong>Genel Bak\u0131\u015f<\/strong><\/p>\n<p>Zehir<sup>\u00ae<\/sup> uzun menzilli isabetlili\u011fe ve taktiksel ba\u015far\u0131ya giden k\u00f6pr\u00fcn\u00fczd\u00fcr - \u00e7abay\u0131 sonuca d\u00f6n\u00fc\u015ft\u00fcren bir i\u015f g\u00fcc\u00fc opti\u011fidir. Sa\u011flam yap\u0131. \u0130ster yak\u0131n mesafedeki hedeflere kilitleniyor ister menzilde s\u0131n\u0131rlar\u0131n\u0131z\u0131 zorluyor olun, her ortamda odaklanman\u0131z\u0131 sa\u011flayan netlik ve kontrasta sahip m\u00fckemmel cam kalitesi. Bask\u0131 alt\u0131nda g\u00fcvenilirlik, h\u0131z ve isabetlili\u011fe ihtiya\u00e7 duyan at\u0131c\u0131lar i\u00e7in tasarlanan \u00fcr\u00fcn yelpazesi, sizi oyuna dahil eden ve her at\u0131\u015fta sizi daha da ileriye g\u00f6t\u00fcren m\u00fckemmel bir kullan\u0131m ve performans kar\u0131\u015f\u0131m\u0131 sunar.<\/p>\n<div class=\"product sizechart\">\n<div class=\"sizechart-title\">\n<div class=\"item-title\"><strong>Zehir<sup>\u00ae<\/sup> 1-6\u00d724 SFP Boyutlar (in\u00e7 cinsinden)<\/strong><\/div>\n<\/div>\n<div class=\"sizechart-details\">\n<div class=\"sizechart-image\"><img decoding=\"async\" src=\"https:\/\/vortexoptics.com\/media\/wysiwyg\/dim_venom_3-15x44_moa.png\" alt=\"Venom 1-6x24 SFP Boyutlar\u0131\" data-uw-rm-alt-original=\"Venom 1-6x24 SFP Dimensions\" data-uw-rm-alt=\"ALT\" \/><\/div>\n<table class=\"lengths\">\n<tbody>\n<tr>\n<th colspan=\"6\" scope=\"colgroup\">Uzunluklar<\/th>\n<\/tr>\n<tr>\n<td>L1<\/td>\n<td>L2<\/td>\n<td>L3<\/td>\n<td>L4<\/td>\n<\/tr>\n<tr>\n<td>10.3<\/td>\n<td>2.8<\/td>\n<td>2.3<\/td>\n<td>6.7<\/td>\n<\/tr>\n<\/tbody>\n<\/table>\n<table class=\"heights\">\n<tbody>\n<tr>\n<th colspan=\"2\" scope=\"colgroup\">Y\u00fckseklikler<\/th>\n<\/tr>\n<tr>\n<td>H1<\/td>\n<td>H2<\/td>\n<\/tr>\n<tr>\n<td>1.2<\/td>\n<td>1.8<\/td>\n<\/tr>\n<\/tbody>\n<\/table>\n<p><strong>Teknik \u00d6zellikler<\/strong><\/p>\n<table id=\"product-vortex-specs-table\" class=\"data table spec-attributes\">\n<tbody>\n<tr>\n<th class=\"col label\" scope=\"row\">B\u00fcy\u00fctme<\/th>\n<td class=\"col data\" data-th=\"Magnification\">1-6x<\/td>\n<\/tr>\n<tr>\n<th class=\"col label\" scope=\"row\">Objektif Lens \u00c7ap\u0131<\/th>\n<td class=\"col data\" data-th=\"Objective Lens Diameter\">24 mm<\/td>\n<\/tr>\n<tr>\n<th class=\"col label\" scope=\"row\">Odak D\u00fczlemi<\/th>\n<td class=\"col data\" data-th=\"Focal Plane\">\u0130kinci Odak D\u00fczlemi<\/td>\n<\/tr>\n<tr>\n<th class=\"col label\" scope=\"row\">Reticle<\/th>\n<td class=\"col data\" data-th=\"Reticle\">AR-BDC3<\/td>\n<\/tr>\n<tr>\n<th class=\"col label\" scope=\"row\">G\u00f6z R\u00f6lyefi<\/th>\n<td class=\"col data\" data-th=\"Eye Relief\">3.7&#8243;<\/td>\n<\/tr>\n<tr>\n<th class=\"col label\" scope=\"row\">G\u00f6r\u00fc\u015f Alan\u0131<\/th>\n<td class=\"col data\" data-th=\"Field of View\">126,0\u2032 - 20,2\u2032 @ 100 yds<\/td>\n<\/tr>\n<tr>\n<th class=\"col label\" scope=\"row\">Taret Stili<\/th>\n<td class=\"col data\" data-th=\"Turret Style\">Kapakl\u0131<\/td>\n<\/tr>\n<tr>\n<th class=\"col label\" scope=\"row\">T\u00fcp Boyutu<\/th>\n<td class=\"col data\" data-th=\"Tube Size\">30mm<\/td>\n<\/tr>\n<tr>\n<th class=\"col label\" scope=\"row\">Ayarlama Mezuniyet<\/th>\n<td class=\"col data\" data-th=\"Adjustment Graduation\">1\/4 MOA<\/td>\n<\/tr>\n<tr>\n<th class=\"col label\" scope=\"row\">Rotasyon Ba\u015f\u0131na Seyahat<\/th>\n<td class=\"col data\" data-th=\"Travel Per Rotation\">25 MOA<\/td>\n<\/tr>\n<tr>\n<th class=\"col label\" scope=\"row\">Maksimum Y\u00fckseklik Ayar\u0131<\/th>\n<td class=\"col data\" data-th=\"Max Elevation Adjustment\">140 MOA<\/td>\n<\/tr>\n<tr>\n<th class=\"col label\" scope=\"row\">Maksimum Windage Ayar\u0131<\/th>\n<td class=\"col data\" data-th=\"Max Windage Adjustment\">140 MOA<\/td>\n<\/tr>\n<tr>\n<th class=\"col label\" scope=\"row\">Paralaks Ayar\u0131<\/th>\n<td class=\"col data\" data-th=\"Parallax Setting\">100 yds.<\/td>\n<\/tr>\n<tr>\n<th class=\"col label\" scope=\"row\">Uzunluk<\/th>\n<td class=\"col data\" data-th=\"Length\">10.3&#8243;<\/td>\n<\/tr>\n<tr>\n<th class=\"col label\" scope=\"row\">A\u011f\u0131rl\u0131k<\/th>\n<td class=\"col data\" data-th=\"Weight\">19,5 oz<\/td>\n<\/tr>\n<\/tbody>\n<\/table>\n<p><strong>\u00d6zellikler<\/strong><\/p>\n<table>\n<tbody>\n<tr>\n<th class=\"col label\" scope=\"row\">XD\u2122 Optik Sistem<\/th>\n<td class=\"col data\">\u00dcst\u00fcn optik sistem etkileyici \u00e7\u00f6z\u00fcn\u00fcrl\u00fck, u\u00e7tan uca keskinlik sunar, renk sapmalar\u0131n\u0131 b\u00fcy\u00fck \u00f6l\u00e7\u00fcde azalt\u0131r ve parlak, y\u00fcksek kontrastl\u0131 g\u00f6r\u00fcnt\u00fcleri garanti eder.<\/td>\n<\/tr>\n<tr>\n<th class=\"col label\" scope=\"row\">Tamamen \u00c7ok Kaplamal\u0131 Lensler<\/th>\n<td class=\"col data\">Havadan cama t\u00fcm y\u00fczeylerdeki yans\u0131ma \u00f6nleyici kaplamalar, daha fazla netlik ve d\u00fc\u015f\u00fck \u0131\u015f\u0131k performans\u0131 i\u00e7in daha fazla \u0131\u015f\u0131k ge\u00e7irgenli\u011fi sa\u011flar.<\/td>\n<\/tr>\n<tr>\n<th class=\"col label\" scope=\"row\">I\u015f\u0131kl\u0131 Retik\u00fcl<\/th>\n<td class=\"col data\">D\u00fc\u015f\u00fck \u0131\u015f\u0131k ko\u015fullar\u0131nda hassas ni\u015fan alma sa\u011flar.<\/td>\n<\/tr>\n<tr>\n<th class=\"col label\" scope=\"row\">Tek Par\u00e7a T\u00fcp<\/th>\n<td class=\"col data\">Geli\u015fmi\u015f do\u011fruluk ve optimum g\u00f6rsel performans i\u00e7in hizalamay\u0131 en \u00fcst d\u00fczeye \u00e7\u0131kar\u0131r, ayr\u0131ca g\u00fc\u00e7 ve su ge\u00e7irmezlik sa\u011flar.<\/td>\n<\/tr>\n<tr>\n<th class=\"col label\" scope=\"row\">Azot Gaz\u0131 Tahliyesi<\/th>\n<td class=\"col data\">Her ko\u015fulda sis ge\u00e7irmez ve su ge\u00e7irmez performans i\u00e7in gaz tahliyeli ve O-ring contal\u0131.<\/td>\n<\/tr>\n<tr>\n<th class=\"col label\" scope=\"row\">H\u0131zl\u0131 Odakl\u0131 Mercek<\/th>\n<td class=\"col data\">H\u0131zl\u0131 ve kolay ni\u015fangah odaklamas\u0131 sa\u011flar.<\/td>\n<\/tr>\n<tr>\n<th class=\"col label\" scope=\"row\">Atma Kolu<\/th>\n<td class=\"col data\">Birlikte verilen f\u0131rlatma kolu, h\u0131zl\u0131 ve kolay b\u00fcy\u00fctme ayarlamalar\u0131 i\u00e7in tak\u0131labilir.<\/td>\n<\/tr>\n<tr>\n<th class=\"col label\" scope=\"row\">U\u00e7ak S\u0131n\u0131f\u0131 Al\u00fcminyum<\/th>\n<td class=\"col data\">G\u00fc\u00e7 ve sa\u011flaml\u0131k i\u00e7in u\u00e7ak s\u0131n\u0131f\u0131 al\u00fcminyumdan sa\u011flam bir bloktan \u00fcretilmi\u015ftir.<\/td>\n<\/tr>\n<tr>\n<th class=\"col label\" scope=\"row\">ArmorTek<sup>\u00ae<\/sup><\/th>\n<td class=\"col data\">Ultra sert, \u00e7izilmeye kar\u015f\u0131 dayan\u0131kl\u0131 kaplama d\u0131\u015f camlar\u0131 \u00e7izilmelere, ya\u011fa ve kire kar\u015f\u0131 korur.<\/td>\n<\/tr>\n<tr>\n<th class=\"col label\" scope=\"row\">D\u00fc\u015f\u00fck Parlama Mat Siyah Eloksal<\/th>\n<td class=\"col data\">Korozyona ve a\u015f\u0131nmaya dayan\u0131kl\u0131 anodizasyon, d\u00fc\u015f\u00fck par\u0131lt\u0131l\u0131 mat y\u00fczey sa\u011flar ve at\u0131c\u0131n\u0131n konumunu kamufle etmeye yard\u0131mc\u0131 olur.<\/td>\n<\/tr>\n<tr>\n<th class=\"col label\" scope=\"row\">Su ge\u00e7irmez<\/th>\n<td class=\"col data\">Zorlu hava ko\u015fullar\u0131na dayanacak \u015fekilde tasarlanm\u0131\u015ft\u0131r.<\/td>\n<\/tr>\n<tr>\n<th class=\"col label\" scope=\"row\">Darbeye dayan\u0131kl\u0131<\/th>\n<td class=\"col data\">En y\u00fcksek geri tepme ve darbe seviyelerine dayanacak \u015fekilde tasarlanm\u0131\u015ft\u0131r.<\/td>\n<\/tr>\n<tr>\n<th class=\"col label\" scope=\"row\">Sis ge\u00e7irmez<\/th>\n<td class=\"col data\">Geni\u015f bir s\u0131cakl\u0131k aral\u0131\u011f\u0131na dayanacak \u015fekilde tasarlanm\u0131\u015ft\u0131r.<\/td>\n<\/tr>\n<\/tbody>\n<\/table>\n<p><strong>Reticle<\/strong><\/p>\n<div class=\"reticle-details\">\n<div class=\"reticle-image\"><img decoding=\"async\" src=\"https:\/\/vortexoptics.widen.net\/content\/4ruwhdj8w8\/jpeg\/VTX_SE-1624-2_AR-BDC3_MOA_RS_I_RI_FV.jpeg?w=320&amp;keep=c&amp;crop=yes&amp;color=cccccc&amp;quality=80&amp;u=9oqiqe\" alt=\"AR-BDC3\" data-uw-rm-alt-original=\"\" data-uw-rm-alt=\"CT\" \/><\/div>\n<div class=\"reticle-info\">\n<p><strong>AR-BDC3<\/strong><\/p>\n<div class=\"reticle-description\">\n<p>Ayd\u0131nlatmal\u0131, camla oyulmu\u015f AR-BDC3, bir AR-15'ten \u00e7\u0131kan yayg\u0131n 5.56 y\u00fcklerin balistik performans\u0131na g\u00f6re \u00f6zel olarak ayarlanm\u0131\u015ft\u0131r. 1 MOA merkez noktas\u0131 hassas bir ni\u015fan noktas\u0131 sa\u011flarken, etraf\u0131ndaki 16,625 MOA k\u0131r\u0131k daire h\u0131zl\u0131 hedef al\u0131m\u0131 i\u00e7in g\u00f6z\u00fcn\u00fcz\u00fc merkeze daha h\u0131zl\u0131 y\u00f6nlendirir ve BDC sizi 650 yardaya kadar hedefte tutar.<\/p>\n<p>AR-BDC3 d\u00fcrb\u00fcnl\u00fc Venom 1-6\u00d724 t\u00fcfek d\u00fcrb\u00fcn\u00fc i\u00e7in alt boyut detay\u0131.<\/p>\n<\/div>\n<\/div>\n<\/div>\n<\/div>\n<\/div>","protected":false},"excerpt":{"rendered":"<p>Overview Venom\u00ae is your bridge to long-range accuracy and tactical success\u2014a workhorse optic that turns effort into results. Solid construction. Great glass quality with clarity<\/p>","protected":false},"featured_media":1580,"comment_status":"open","ping_status":"closed","template":"","meta":[],"etheme_brands":[{"term_id":47,"name":"Vortex","slug":"vortex","term_group":0,"term_taxonomy_id":47,"taxonomy":"brand","description":"","parent":0,"count":9,"filter":"raw"}],"product_brand":[],"product_cat":[49],"product_tag":[],"class_list":{"0":"post-1578","1":"product","2":"type-product","3":"status-publish","4":"has-post-thumbnail","6":"brand-vortex","7":"product_cat-rifle-scopes","9":"first","10":"instock","11":"sale","12":"taxable","13":"shipping-taxable","14":"purchasable","15":"product-type-simple"},"yoast_head":"<!-- This site is optimized with the Yoast SEO Premium plugin v25.7.1 (Yoast SEO v27.4) - https:\/\/yoast.com\/product\/yoast-seo-premium-wordpress\/ -->\n<title>Vortex VENOM\u00ae 1-6x24IR (MOA) - Hunter Optics<\/title>\n<meta name=\"description\" content=\"Vortex Venom 1-6x24IR MOA rifle scope features illuminated reticle, precision adjustments &amp; rugged construction. Ideal for tactical shooting. Shop Vortex optics.\" \/>\n<meta name=\"robots\" content=\"index, follow, max-snippet:-1, max-image-preview:large, max-video-preview:-1\" \/>\n<link rel=\"canonical\" href=\"https:\/\/hunter-optics.com\/tr\/urun\/vortex-venom-1-6x24ir-moa\/\" \/>\n<meta property=\"og:locale\" content=\"tr_TR\" \/>\n<meta property=\"og:type\" content=\"article\" \/>\n<meta property=\"og:title\" content=\"Vortex VENOM\u00ae 1-6x24IR (MOA)\" \/>\n<meta property=\"og:description\" content=\"Vortex Venom 1-6x24IR MOA rifle scope features illuminated reticle, precision adjustments &amp; rugged construction. Ideal for tactical shooting. Shop Vortex optics.\" \/>\n<meta property=\"og:url\" content=\"https:\/\/hunter-optics.com\/tr\/urun\/vortex-venom-1-6x24ir-moa\/\" \/>\n<meta property=\"og:site_name\" content=\"Hunter Optics\" \/>\n<meta property=\"article:modified_time\" content=\"2025-08-09T10:02:56+00:00\" \/>\n<meta property=\"og:image\" content=\"https:\/\/hunter-optics.com\/wp-content\/uploads\/2025\/08\/Vortex-Venom-1-6x24IR-MOA.jpg\" \/>\n\t<meta property=\"og:image:width\" content=\"876\" \/>\n\t<meta property=\"og:image:height\" content=\"876\" \/>\n\t<meta property=\"og:image:type\" content=\"image\/jpeg\" \/>\n<meta name=\"twitter:card\" content=\"summary_large_image\" \/>\n<meta name=\"twitter:label1\" content=\"Fiyat\" \/>\n\t<meta name=\"twitter:data1\" content=\"&#036;439.99\" \/>\n\t<meta name=\"twitter:label2\" content=\"Durumu\" \/>\n\t<meta name=\"twitter:data2\" content=\"Stokta var\" \/>\n<script type=\"application\/ld+json\" class=\"yoast-schema-graph\">{\"@context\":\"https:\\\/\\\/schema.org\",\"@graph\":[{\"@type\":\"WebPage\",\"@id\":\"https:\\\/\\\/hunter-optics.com\\\/product\\\/vortex-venom-1-6x24ir-moa\\\/\",\"url\":\"https:\\\/\\\/hunter-optics.com\\\/product\\\/vortex-venom-1-6x24ir-moa\\\/\",\"name\":\"Vortex VENOM\u00ae 1-6x24IR (MOA) - Hunter Optics\",\"isPartOf\":{\"@id\":\"https:\\\/\\\/hunter-optics.com\\\/#website\"},\"primaryImageOfPage\":{\"@id\":\"https:\\\/\\\/hunter-optics.com\\\/product\\\/vortex-venom-1-6x24ir-moa\\\/#primaryimage\"},\"image\":{\"@id\":\"https:\\\/\\\/hunter-optics.com\\\/product\\\/vortex-venom-1-6x24ir-moa\\\/#primaryimage\"},\"thumbnailUrl\":\"https:\\\/\\\/hunter-optics.com\\\/wp-content\\\/uploads\\\/2025\\\/08\\\/Vortex-Venom-1-6x24IR-MOA.jpg\",\"datePublished\":\"2025-08-05T06:29:36+00:00\",\"dateModified\":\"2025-08-09T10:02:56+00:00\",\"description\":\"Vortex Venom 1-6x24IR MOA rifle scope features illuminated reticle, precision adjustments & rugged construction. Ideal for tactical shooting. Shop Vortex optics.\",\"breadcrumb\":{\"@id\":\"https:\\\/\\\/hunter-optics.com\\\/product\\\/vortex-venom-1-6x24ir-moa\\\/#breadcrumb\"},\"inLanguage\":\"tr\",\"potentialAction\":[{\"@type\":\"ReadAction\",\"target\":[\"https:\\\/\\\/hunter-optics.com\\\/product\\\/vortex-venom-1-6x24ir-moa\\\/\"]}]},{\"@type\":\"ImageObject\",\"inLanguage\":\"tr\",\"@id\":\"https:\\\/\\\/hunter-optics.com\\\/product\\\/vortex-venom-1-6x24ir-moa\\\/#primaryimage\",\"url\":\"https:\\\/\\\/hunter-optics.com\\\/wp-content\\\/uploads\\\/2025\\\/08\\\/Vortex-Venom-1-6x24IR-MOA.jpg\",\"contentUrl\":\"https:\\\/\\\/hunter-optics.com\\\/wp-content\\\/uploads\\\/2025\\\/08\\\/Vortex-Venom-1-6x24IR-MOA.jpg\",\"width\":876,\"height\":876},{\"@type\":\"BreadcrumbList\",\"@id\":\"https:\\\/\\\/hunter-optics.com\\\/product\\\/vortex-venom-1-6x24ir-moa\\\/#breadcrumb\",\"itemListElement\":[{\"@type\":\"ListItem\",\"position\":1,\"name\":\"Home\",\"item\":\"https:\\\/\\\/hunter-optics.com\\\/\"},{\"@type\":\"ListItem\",\"position\":2,\"name\":\"Products\",\"item\":\"https:\\\/\\\/hunter-optics.com\\\/shop\\\/\"},{\"@type\":\"ListItem\",\"position\":3,\"name\":\"Vortex VENOM\u00ae 1-6x24IR (MOA)\"}]},{\"@type\":\"WebSite\",\"@id\":\"https:\\\/\\\/hunter-optics.com\\\/#website\",\"url\":\"https:\\\/\\\/hunter-optics.com\\\/\",\"name\":\"Hunter Optics\",\"description\":\"Hunter Optics \u2014 Your Eye on the Target.\",\"publisher\":{\"@id\":\"https:\\\/\\\/hunter-optics.com\\\/#organization\"},\"potentialAction\":[{\"@type\":\"SearchAction\",\"target\":{\"@type\":\"EntryPoint\",\"urlTemplate\":\"https:\\\/\\\/hunter-optics.com\\\/?s={search_term_string}\"},\"query-input\":{\"@type\":\"PropertyValueSpecification\",\"valueRequired\":true,\"valueName\":\"search_term_string\"}}],\"inLanguage\":\"tr\"},{\"@type\":\"Organization\",\"@id\":\"https:\\\/\\\/hunter-optics.com\\\/#organization\",\"name\":\"Hunter Optics\",\"url\":\"https:\\\/\\\/hunter-optics.com\\\/\",\"logo\":{\"@type\":\"ImageObject\",\"inLanguage\":\"tr\",\"@id\":\"https:\\\/\\\/hunter-optics.com\\\/#\\\/schema\\\/logo\\\/image\\\/\",\"url\":\"https:\\\/\\\/hunter-optics.com\\\/wp-content\\\/uploads\\\/2025\\\/06\\\/hunter-optics-logo-1.png\",\"contentUrl\":\"https:\\\/\\\/hunter-optics.com\\\/wp-content\\\/uploads\\\/2025\\\/06\\\/hunter-optics-logo-1.png\",\"width\":937,\"height\":373,\"caption\":\"Hunter Optics\"},\"image\":{\"@id\":\"https:\\\/\\\/hunter-optics.com\\\/#\\\/schema\\\/logo\\\/image\\\/\"}}]}<\/script>\n<meta property=\"product:brand\" content=\"Vortex\" \/>\n<meta property=\"product:price:amount\" content=\"439.99\" \/>\n<meta property=\"product:price:currency\" content=\"USD\" \/>\n<meta property=\"og:availability\" content=\"instock\" \/>\n<meta property=\"product:availability\" content=\"instock\" \/>\n<meta property=\"product:condition\" content=\"new\" \/>\n<!-- \/ Yoast SEO Premium plugin. -->","yoast_head_json":{"title":"Vortex VENOM\u00ae 1-6x24IR (MOA) - Hunter Optics","description":"Vortex Venom 1-6x24IR MOA t\u00fcfek d\u00fcrb\u00fcn\u00fc, ayd\u0131nlatmal\u0131 ni\u015fangah, hassas ayarlar ve sa\u011flam yap\u0131ya sahiptir. Taktiksel at\u0131\u015flar i\u00e7in idealdir. Vortex optikleri sat\u0131n al\u0131n.","robots":{"index":"index","follow":"follow","max-snippet":"max-snippet:-1","max-image-preview":"max-image-preview:large","max-video-preview":"max-video-preview:-1"},"canonical":"https:\/\/hunter-optics.com\/tr\/urun\/vortex-venom-1-6x24ir-moa\/","og_locale":"tr_TR","og_type":"article","og_title":"Vortex VENOM\u00ae 1-6x24IR (MOA)","og_description":"Vortex Venom 1-6x24IR MOA rifle scope features illuminated reticle, precision adjustments & rugged construction. Ideal for tactical shooting. Shop Vortex optics.","og_url":"https:\/\/hunter-optics.com\/tr\/urun\/vortex-venom-1-6x24ir-moa\/","og_site_name":"Hunter Optics","article_modified_time":"2025-08-09T10:02:56+00:00","og_image":[{"width":876,"height":876,"url":"https:\/\/hunter-optics.com\/wp-content\/uploads\/2025\/08\/Vortex-Venom-1-6x24IR-MOA.jpg","type":"image\/jpeg"}],"twitter_card":"summary_large_image","twitter_misc":{"Fiyat":"&#36;439.99","Durumu":"Stokta var"},"schema":{"@context":"https:\/\/schema.org","@graph":[{"@type":"WebPage","@id":"https:\/\/hunter-optics.com\/product\/vortex-venom-1-6x24ir-moa\/","url":"https:\/\/hunter-optics.com\/product\/vortex-venom-1-6x24ir-moa\/","name":"Vortex VENOM\u00ae 1-6x24IR (MOA) - Hunter Optics","isPartOf":{"@id":"https:\/\/hunter-optics.com\/#website"},"primaryImageOfPage":{"@id":"https:\/\/hunter-optics.com\/product\/vortex-venom-1-6x24ir-moa\/#primaryimage"},"image":{"@id":"https:\/\/hunter-optics.com\/product\/vortex-venom-1-6x24ir-moa\/#primaryimage"},"thumbnailUrl":"https:\/\/hunter-optics.com\/wp-content\/uploads\/2025\/08\/Vortex-Venom-1-6x24IR-MOA.jpg","datePublished":"2025-08-05T06:29:36+00:00","dateModified":"2025-08-09T10:02:56+00:00","description":"Vortex Venom 1-6x24IR MOA t\u00fcfek d\u00fcrb\u00fcn\u00fc, ayd\u0131nlatmal\u0131 ni\u015fangah, hassas ayarlar ve sa\u011flam yap\u0131ya sahiptir. Taktiksel at\u0131\u015flar i\u00e7in idealdir. Vortex optikleri sat\u0131n al\u0131n.","breadcrumb":{"@id":"https:\/\/hunter-optics.com\/product\/vortex-venom-1-6x24ir-moa\/#breadcrumb"},"inLanguage":"tr","potentialAction":[{"@type":"ReadAction","target":["https:\/\/hunter-optics.com\/product\/vortex-venom-1-6x24ir-moa\/"]}]},{"@type":"ImageObject","inLanguage":"tr","@id":"https:\/\/hunter-optics.com\/product\/vortex-venom-1-6x24ir-moa\/#primaryimage","url":"https:\/\/hunter-optics.com\/wp-content\/uploads\/2025\/08\/Vortex-Venom-1-6x24IR-MOA.jpg","contentUrl":"https:\/\/hunter-optics.com\/wp-content\/uploads\/2025\/08\/Vortex-Venom-1-6x24IR-MOA.jpg","width":876,"height":876},{"@type":"BreadcrumbList","@id":"https:\/\/hunter-optics.com\/product\/vortex-venom-1-6x24ir-moa\/#breadcrumb","itemListElement":[{"@type":"ListItem","position":1,"name":"Home","item":"https:\/\/hunter-optics.com\/"},{"@type":"ListItem","position":2,"name":"Products","item":"https:\/\/hunter-optics.com\/shop\/"},{"@type":"ListItem","position":3,"name":"Vortex VENOM\u00ae 1-6x24IR (MOA)"}]},{"@type":"WebSite","@id":"https:\/\/hunter-optics.com\/#website","url":"https:\/\/hunter-optics.com\/","name":"Avc\u0131 Optikleri","description":"Avc\u0131 Opti\u011fi - G\u00f6z\u00fcn\u00fcz Hedefte.","publisher":{"@id":"https:\/\/hunter-optics.com\/#organization"},"potentialAction":[{"@type":"SearchAction","target":{"@type":"EntryPoint","urlTemplate":"https:\/\/hunter-optics.com\/?s={search_term_string}"},"query-input":{"@type":"PropertyValueSpecification","valueRequired":true,"valueName":"search_term_string"}}],"inLanguage":"tr"},{"@type":"Organization","@id":"https:\/\/hunter-optics.com\/#organization","name":"Avc\u0131 Optikleri","url":"https:\/\/hunter-optics.com\/","logo":{"@type":"ImageObject","inLanguage":"tr","@id":"https:\/\/hunter-optics.com\/#\/schema\/logo\/image\/","url":"https:\/\/hunter-optics.com\/wp-content\/uploads\/2025\/06\/hunter-optics-logo-1.png","contentUrl":"https:\/\/hunter-optics.com\/wp-content\/uploads\/2025\/06\/hunter-optics-logo-1.png","width":937,"height":373,"caption":"Hunter Optics"},"image":{"@id":"https:\/\/hunter-optics.com\/#\/schema\/logo\/image\/"}}]},"product_brand":"Vortex","product_price_amount":"439.99","product_price_currency":"USD","og_availability":"instock","product_availability":"instock","product_condition":"new"},"_links":{"self":[{"href":"https:\/\/hunter-optics.com\/tr\/wp-json\/wp\/v2\/product\/1578","targetHints":{"allow":["GET"]}}],"collection":[{"href":"https:\/\/hunter-optics.com\/tr\/wp-json\/wp\/v2\/product"}],"about":[{"href":"https:\/\/hunter-optics.com\/tr\/wp-json\/wp\/v2\/types\/product"}],"replies":[{"embeddable":true,"href":"https:\/\/hunter-optics.com\/tr\/wp-json\/wp\/v2\/comments?post=1578"}],"version-history":[{"count":5,"href":"https:\/\/hunter-optics.com\/tr\/wp-json\/wp\/v2\/product\/1578\/revisions"}],"predecessor-version":[{"id":1681,"href":"https:\/\/hunter-optics.com\/tr\/wp-json\/wp\/v2\/product\/1578\/revisions\/1681"}],"wp:featuredmedia":[{"embeddable":true,"href":"https:\/\/hunter-optics.com\/tr\/wp-json\/wp\/v2\/media\/1580"}],"wp:attachment":[{"href":"https:\/\/hunter-optics.com\/tr\/wp-json\/wp\/v2\/media?parent=1578"}],"wp:term":[{"taxonomy":"brand","embeddable":true,"href":"https:\/\/hunter-optics.com\/tr\/wp-json\/wp\/v2\/etheme_brands?post=1578"},{"taxonomy":"product_brand","embeddable":true,"href":"https:\/\/hunter-optics.com\/tr\/wp-json\/wp\/v2\/product_brand?post=1578"},{"taxonomy":"product_cat","embeddable":true,"href":"https:\/\/hunter-optics.com\/tr\/wp-json\/wp\/v2\/product_cat?post=1578"},{"taxonomy":"product_tag","embeddable":true,"href":"https:\/\/hunter-optics.com\/tr\/wp-json\/wp\/v2\/product_tag?post=1578"}],"curies":[{"name":"wp","href":"https:\/\/api.w.org\/{rel}","templated":true}]}}