{"id":1546,"date":"2025-07-31T08:44:18","date_gmt":"2025-07-31T08:44:18","guid":{"rendered":"https:\/\/hunter-optics.com\/?post_type=product&#038;p=1546"},"modified":"2025-11-06T06:29:16","modified_gmt":"2025-11-06T06:29:16","slug":"riton-1-tactix-eed-kirmizi-nokta-nisangah","status":"publish","type":"product","link":"https:\/\/hunter-optics.com\/tr\/urun\/riton-1-tactix-eed-kirmizi-nokta-nisangah\/","title":{"rendered":"Riton 1 TACTIX EED K\u0131rm\u0131z\u0131 Nokta D\u00fcrb\u00fcn"},"content":{"rendered":"<div id=\"brxe-uenhta\" class=\"brxe-text prod-video__txt\">\n<p><strong>DO\u011eRULUK I\u00c7IN YAPILMI\u015eTIR<\/strong><\/p>\n<p>Ritons 1 Tactix sadece sa\u011flam de\u011fil ayn\u0131 zamanda son derece hassas olacak \u015fekilde tasarlanm\u0131\u015ft\u0131r. EED, toplam 90 MOA ayarlama ile 2 MOA nokta \u00fcretir. Bu ayar aral\u0131\u011f\u0131 ve nokta boyutu, e\u011flenceli poligon g\u00fcnleri, yar\u0131\u015fma at\u0131\u015flar\u0131 ve g\u00fcnl\u00fck ta\u015f\u0131ma i\u00e7in m\u00fckemmel olan hassas do\u011frulukla hedefe ula\u015fman\u0131z\u0131 sa\u011flar.<\/p>\n<div id=\"brxe-pogdbu\" class=\"brxe-container prod-colmns\">\n<div id=\"brxe-ywglqp\" class=\"brxe-text prod-column__txt\">\n<p><strong>SALLA UYANIK ILE DAHA HIZLI ATE\u015e ET<\/strong><\/p>\n<p>1 Tactix EED salla uyand\u0131r teknolojisine sahiptir, sadece ni\u015fan alarak hedefe ula\u015fman\u0131z\u0131 sa\u011flar, hi\u00e7bir d\u00fc\u011fme veya g\u00fc\u00e7l\u00fck yoktur. Bu \u00f6zellik ayr\u0131ca, yakla\u015f\u0131k \u00fc\u00e7 dakika kullan\u0131lmad\u0131\u011f\u0131nda optik otomatik olarak kapand\u0131\u011f\u0131ndan pil kullan\u0131m\u0131n\u0131z\u0131n verimli olmas\u0131n\u0131 sa\u011flar.<\/p>\n<p><strong>D\u00dc\u015e\u00dcK I\u015eIK UYGULAMALARI<\/strong><\/p>\n<p>Gece g\u00f6r\u00fc\u015f\u00fc gerektiren senaryolarda 1 Tactix EED, k\u0131rm\u0131z\u0131 noktaya gitmenizdir. 10 seviyeli ayd\u0131nlatma ayarlar\u0131ndan 1. ve 2. parlakl\u0131k seviyeleri gece g\u00f6r\u00fc\u015f\u00fc ile uyumludur. Hava karard\u0131\u011f\u0131nda ni\u015fangah\u0131n\u0131z kararmaz ve sizi en \u00f6nemli \u015feye, hedefinize odaklanmaya devam ettirir.<\/p>\n<p><strong>SIFIRINIZI KORUYUN<\/strong><\/p>\n<p>Genellikle k\u0131rm\u0131z\u0131 noktalar\u0131n yay\u0131c\u0131 alt\u0131nda pil yuvalar\u0131 vard\u0131r, 1 Tactix EED'de bu yoktur. Noktan\u0131n yan taraf\u0131ndaki bir pil kapa\u011f\u0131yla, bir pili de\u011fi\u015ftirmeniz gerekti\u011finde EED'nizi do\u011frudan ate\u015fli silah\u0131n\u0131za monte edebilirsiniz. Bu, pil de\u011fi\u015fiminden sonra opti\u011finizi yeniden ayarlamak zorunda kalmadan s\u0131f\u0131r noktan\u0131z\u0131 koruman\u0131za olanak tan\u0131r.<\/p>\n<div id=\"brxe-pzrzqi\" class=\"brxe-block prod-ret-info\">\n<h3 id=\"brxe-ztlivr\" class=\"brxe-heading prod-tabs__title\">Retina Bilgileri:<\/h3>\n<p id=\"brxe-grjall\" class=\"brxe-text-basic prod-reticle-name\">RET\u0130KLE: 2 MOA Nokta<\/p>\n<div id=\"brxe-rkyybx\" class=\"brxe-text-basic prod-ret__txt\">\n<p>A <strong>2 MOA nokta<\/strong> farkl\u0131 mesafelerde hassas hedefleme sunarak hedef kapsam\u0131n\u0131z\u0131 azalt\u0131r ve isabet oran\u0131n\u0131 art\u0131r\u0131r.<\/p>\n<div id=\"brxe-abuzoo\" class=\"brxe-block x-tabs_panel x-tabs_panel-current\" tabindex=\"0\" role=\"tabpanel\" aria-labelledby=\"brxe-amrphz\">\n<div id=\"brxe-ohplhw\" class=\"brxe-block x-tabs_panel-content\">\n<h3 id=\"brxe-qcmket\" class=\"brxe-heading prod-tabs__title\">Temel \u00d6zellikler:<\/h3>\n<div id=\"brxe-pnyzeh\" class=\"brxe-block prod-tab-feature\">\n<div class=\"brxe-xfsvub brxe-block prod-tab-key-loop\">\n<p><img loading=\"lazy\" decoding=\"async\" class=\"brxe-rtihxw brxe-image prod-feature__icon css-filter size-full\" src=\"https:\/\/ritonoptics.com\/wp-content\/uploads\/precision-quality-1.png\" alt=\"\" width=\"72\" height=\"74\" \/><\/p>\n<div class=\"brxe-anynyj brxe-div\">\n<p class=\"brxe-abizyp brxe-text-basic prod-feature__title\">Hassas Kalite G\u00fcvencesi<\/p>\n<p class=\"brxe-lprtvs brxe-text-basic prod-feature__txt\">Her Riton \u00fcr\u00fcn\u00fc, Tucson, AZ'deki sertifikal\u0131 teknisyenler taraf\u0131ndan titiz bir kalite kontrol s\u00fcrecinden ge\u00e7er. Ald\u0131\u011f\u0131n\u0131z her \u00fcr\u00fcn...<\/p>\n<\/div>\n<\/div>\n<div class=\"brxe-xfsvub brxe-block prod-tab-key-loop\">\n<p><img loading=\"lazy\" decoding=\"async\" class=\"brxe-rtihxw brxe-image prod-feature__icon css-filter size-full\" src=\"https:\/\/ritonoptics.com\/wp-content\/uploads\/hd-glass-1.png\" alt=\"\" width=\"72\" height=\"74\" \/><\/p>\n<div class=\"brxe-anynyj brxe-div\">\n<p class=\"brxe-abizyp brxe-text-basic prod-feature__title\">Riton HD Cam<\/p>\n<p class=\"brxe-lprtvs brxe-text-basic prod-feature__txt\">Riton Y\u00fcksek Yo\u011funluklu (HD) cam, geli\u015fmi\u015f netlik ve optimum g\u00f6r\u00fc\u015f g\u00f6r\u00fcnt\u00fcs\u00fc i\u00e7in 99,5% \u0131\u015f\u0131k ge\u00e7irgenli\u011fi sa\u011flar.<\/p>\n<\/div>\n<\/div>\n<div class=\"brxe-xfsvub brxe-block prod-tab-key-loop\">\n<p><img loading=\"lazy\" decoding=\"async\" class=\"brxe-rtihxw brxe-image prod-feature__icon css-filter size-full\" src=\"https:\/\/ritonoptics.com\/wp-content\/uploads\/performance-coating-1.png\" alt=\"\" width=\"72\" height=\"74\" \/><\/p>\n<div class=\"brxe-anynyj brxe-div\">\n<p class=\"brxe-abizyp brxe-text-basic prod-feature__title\">Riton Performans Kaplama<\/p>\n<p class=\"brxe-lprtvs brxe-text-basic prod-feature__txt\">Tescilli tamamen \u00e7oklu kaplamal\u0131 lensler i\u00e7eren t\u00fcm Riton optikleri, d\u00fc\u015f\u00fck \u0131\u015f\u0131k iyile\u015ftirme, tam geni\u015f bant, \u00e7izilmeye kar\u015f\u0131 koruma ve yans\u0131ma \u00f6nleyici kaplamalara sahiptir...<\/p>\n<\/div>\n<\/div>\n<div class=\"brxe-xfsvub brxe-block prod-tab-key-loop\">\n<p><img loading=\"lazy\" decoding=\"async\" class=\"brxe-rtihxw brxe-image prod-feature__icon css-filter size-full\" src=\"https:\/\/ritonoptics.com\/wp-content\/uploads\/rugged-construction-1.png\" alt=\"\" width=\"72\" height=\"74\" \/><\/p>\n<div class=\"brxe-anynyj brxe-div\">\n<p class=\"brxe-abizyp brxe-text-basic prod-feature__title\">Riton Sa\u011flam Yap\u0131<\/p>\n<p class=\"brxe-lprtvs brxe-text-basic prod-feature__txt\">Riton Rugged Construction, 6061-T6 u\u00e7ak s\u0131n\u0131f\u0131 al\u00fcminyum, CNC ile i\u015flenmi\u015f tek par\u00e7a borular ve Tip III Sert Kaplama Eloksal uygulamas\u0131n\u0131 i\u00e7erir....<\/p>\n<div id=\"brxe-gtdyre\" class=\"brxe-block x-tabs_panel x-tabs_panel-current\" tabindex=\"0\" role=\"tabpanel\" aria-labelledby=\"brxe-yxbhdb\">\n<div id=\"brxe-eknisj\" class=\"brxe-block x-tabs_panel-content\">\n<h3 id=\"brxe-qzyxzy\" class=\"brxe-heading prod-tabs__title\">T\u00fcm \u00f6zellikler:<\/h3>\n<div class=\"brxe-zlpnap brxe-block prod-tab-spec-loop\">\n<p class=\"brxe-ibnnrs brxe-text-basic tab-spec__value\">B\u00fcy\u00fctme:1<\/p>\n<\/div>\n<div class=\"brxe-zlpnap brxe-block prod-tab-spec-loop\">\n<p class=\"brxe-ibnnrs brxe-text-basic tab-spec__value\">Objektif Lens \u00c7ap\u0131: 21,8 mm x 15,8 mm<\/p>\n<\/div>\n<div class=\"brxe-zlpnap brxe-block prod-tab-spec-loop\">\n<p class=\"brxe-ibnnrs brxe-text-basic tab-spec__value\">Odak D\u00fczlemi:\u0130kinci Odak D\u00fczlemi<\/p>\n<\/div>\n<div class=\"brxe-zlpnap brxe-block prod-tab-spec-loop\">\n<p class=\"brxe-ibnnrs brxe-text-basic tab-spec__value\">G\u00f6z R\u00f6lyefi:S\u0131n\u0131rs\u0131z<\/p>\n<\/div>\n<div class=\"brxe-zlpnap brxe-block prod-tab-spec-loop\">\n<p class=\"brxe-ibnnrs brxe-text-basic tab-spec__value\">T\u0131klama De\u011feri:1 MOA<\/p>\n<\/div>\n<div class=\"brxe-zlpnap brxe-block prod-tab-spec-loop\">\n<p class=\"brxe-ibnnrs brxe-text-basic tab-spec__value\">Hedef:2 MOA Nokta<\/p>\n<\/div>\n<div class=\"brxe-zlpnap brxe-block prod-tab-spec-loop\">\n<p class=\"brxe-ibnnrs brxe-text-basic tab-spec__value\">Ayar Aral\u0131\u011f\u0131:+\/- 45 MOA<\/p>\n<\/div>\n<div class=\"brxe-zlpnap brxe-block prod-tab-spec-loop\">\n<p class=\"brxe-ibnnrs brxe-text-basic tab-spec__value\">Y\u00fckseklik:1.06in\/27mm<\/p>\n<\/div>\n<div class=\"brxe-zlpnap brxe-block prod-tab-spec-loop\">\n<p class=\"brxe-ibnnrs brxe-text-basic tab-spec__value\">Uzunluk:1.73in\/44mm<\/p>\n<\/div>\n<div class=\"brxe-zlpnap brxe-block prod-tab-spec-loop\">\n<p class=\"brxe-ibnnrs brxe-text-basic tab-spec__value\">Geni\u015flik:1.06in\/27mm<\/p>\n<\/div>\n<div class=\"brxe-zlpnap brxe-block prod-tab-spec-loop\">\n<p class=\"brxe-ibnnrs brxe-text-basic tab-spec__value\">A\u011f\u0131rl\u0131k:1.32oz\/37.5g<\/p>\n<\/div>\n<div class=\"brxe-zlpnap brxe-block prod-tab-spec-loop\">\n<p class=\"brxe-ibnnrs brxe-text-basic tab-spec__value\">Malzeme:6061-T6<\/p>\n<\/div>\n<div class=\"brxe-zlpnap brxe-block prod-tab-spec-loop\">\n<p class=\"brxe-ibnnrs brxe-text-basic tab-spec__value\">Ayak izi:ACRO<\/p>\n<\/div>\n<div class=\"brxe-zlpnap brxe-block prod-tab-spec-loop\">\n<p class=\"brxe-ibnnrs brxe-text-basic tab-spec__value\">Pil \u00d6mr\u00fc: 30.000 Saat<\/p>\n<\/div>\n<div class=\"brxe-zlpnap brxe-block prod-tab-spec-loop\">\n<p class=\"brxe-ibnnrs brxe-text-basic tab-spec__value\">Birlikte Verilen Aksesuarlar:Alyan Anahtar\u0131, 1632 Pil, K\u0131rm\u0131z\u0131 Nokta Arac\u0131, Lens Bezi<\/p>\n<\/div>\n<\/div>\n<\/div>\n<\/div>\n<\/div>\n<\/div>\n<\/div>\n<\/div>\n<\/div>\n<\/div>\n<\/div>\n<\/div>\n<\/div>","protected":false},"excerpt":{"rendered":"<p><strong>HASSASIYETE, ELEMENTLERE VE ARADAKI HER \u015eEYE H\u00dcKMETMEK<\/strong><\/p>\n<p>Bu <strong>1 Tactix EED<\/strong> (kapal\u0131 yay\u0131c\u0131 nokta) hassasiyet i\u00e7in \u00fcretilmi\u015f en \u00fcst d\u00fczey kapal\u0131 k\u0131rm\u0131z\u0131 noktad\u0131r. \u0130stedi\u011finiz yerde ve zamanda hedefe at\u0131\u015f yapmak i\u00e7in \u00fcretilmi\u015ftir. Bu, ona atabilece\u011finiz her \u015feye haz\u0131r olan k\u0131rm\u0131z\u0131 noktad\u0131r.<\/p>","protected":false},"featured_media":1547,"comment_status":"open","ping_status":"closed","template":"","meta":[],"etheme_brands":[{"term_id":44,"name":"Riton","slug":"riton","term_group":0,"term_taxonomy_id":44,"taxonomy":"brand","description":"","parent":0,"count":18,"filter":"raw"}],"product_brand":[],"product_cat":[50],"product_tag":[],"class_list":{"0":"post-1546","1":"product","2":"type-product","3":"status-publish","4":"has-post-thumbnail","6":"brand-riton","7":"product_cat-red-dot-sights","9":"first","10":"instock","11":"sale","12":"taxable","13":"shipping-taxable","14":"purchasable","15":"product-type-simple"},"yoast_head":"<!-- This site is optimized with the Yoast SEO Premium plugin v25.7.1 (Yoast SEO v27.4) - https:\/\/yoast.com\/product\/yoast-seo-premium-wordpress\/ -->\n<title>Riton 1 TACTIX EED Red Dot Sight - Hunter Optics<\/title>\n<meta name=\"description\" content=\"Riton 1 Tactix EED red dot sight features an illuminated reticle, aircraft-grade aluminum construction &amp; HD glass clarity. Ideal for fast target acquisition. Shop now.\" \/>\n<meta name=\"robots\" content=\"index, follow, max-snippet:-1, max-image-preview:large, max-video-preview:-1\" \/>\n<link rel=\"canonical\" href=\"https:\/\/hunter-optics.com\/tr\/urun\/riton-1-tactix-eed-kirmizi-nokta-nisangah\/\" \/>\n<meta property=\"og:locale\" content=\"tr_TR\" \/>\n<meta property=\"og:type\" content=\"article\" \/>\n<meta property=\"og:title\" content=\"Riton 1 TACTIX EED Red Dot Sight\" \/>\n<meta property=\"og:description\" content=\"Riton 1 Tactix EED red dot sight features an illuminated reticle, aircraft-grade aluminum construction &amp; HD glass clarity. Ideal for fast target acquisition. Shop now.\" \/>\n<meta property=\"og:url\" content=\"https:\/\/hunter-optics.com\/tr\/urun\/riton-1-tactix-eed-kirmizi-nokta-nisangah\/\" \/>\n<meta property=\"og:site_name\" content=\"Hunter Optics\" \/>\n<meta property=\"article:modified_time\" content=\"2025-11-06T06:29:16+00:00\" \/>\n<meta property=\"og:image\" content=\"https:\/\/hunter-optics.com\/wp-content\/uploads\/2025\/07\/1-tactix-eed-Angle-01.webp\" \/>\n\t<meta property=\"og:image:width\" content=\"876\" \/>\n\t<meta property=\"og:image:height\" content=\"876\" \/>\n\t<meta property=\"og:image:type\" content=\"image\/webp\" \/>\n<meta name=\"twitter:card\" content=\"summary_large_image\" \/>\n<meta name=\"twitter:label1\" content=\"Fiyat\" \/>\n\t<meta name=\"twitter:data1\" content=\"&#036;229.99\" \/>\n\t<meta name=\"twitter:label2\" content=\"Durumu\" \/>\n\t<meta name=\"twitter:data2\" content=\"Stokta var\" \/>\n<script type=\"application\/ld+json\" class=\"yoast-schema-graph\">{\"@context\":\"https:\\\/\\\/schema.org\",\"@graph\":[{\"@type\":\"WebPage\",\"@id\":\"https:\\\/\\\/hunter-optics.com\\\/product\\\/riton-1-tactix-eed-red-dot-sight\\\/\",\"url\":\"https:\\\/\\\/hunter-optics.com\\\/product\\\/riton-1-tactix-eed-red-dot-sight\\\/\",\"name\":\"Riton 1 TACTIX EED Red Dot Sight - Hunter Optics\",\"isPartOf\":{\"@id\":\"https:\\\/\\\/hunter-optics.com\\\/#website\"},\"primaryImageOfPage\":{\"@id\":\"https:\\\/\\\/hunter-optics.com\\\/product\\\/riton-1-tactix-eed-red-dot-sight\\\/#primaryimage\"},\"image\":{\"@id\":\"https:\\\/\\\/hunter-optics.com\\\/product\\\/riton-1-tactix-eed-red-dot-sight\\\/#primaryimage\"},\"thumbnailUrl\":\"https:\\\/\\\/hunter-optics.com\\\/wp-content\\\/uploads\\\/2025\\\/07\\\/1-tactix-eed-Angle-01.webp\",\"datePublished\":\"2025-07-31T08:44:18+00:00\",\"dateModified\":\"2025-11-06T06:29:16+00:00\",\"description\":\"Riton 1 Tactix EED red dot sight features an illuminated reticle, aircraft-grade aluminum construction & HD glass clarity. Ideal for fast target acquisition. Shop now.\",\"breadcrumb\":{\"@id\":\"https:\\\/\\\/hunter-optics.com\\\/product\\\/riton-1-tactix-eed-red-dot-sight\\\/#breadcrumb\"},\"inLanguage\":\"tr\",\"potentialAction\":[{\"@type\":\"ReadAction\",\"target\":[\"https:\\\/\\\/hunter-optics.com\\\/product\\\/riton-1-tactix-eed-red-dot-sight\\\/\"]}]},{\"@type\":\"ImageObject\",\"inLanguage\":\"tr\",\"@id\":\"https:\\\/\\\/hunter-optics.com\\\/product\\\/riton-1-tactix-eed-red-dot-sight\\\/#primaryimage\",\"url\":\"https:\\\/\\\/hunter-optics.com\\\/wp-content\\\/uploads\\\/2025\\\/07\\\/1-tactix-eed-Angle-01.webp\",\"contentUrl\":\"https:\\\/\\\/hunter-optics.com\\\/wp-content\\\/uploads\\\/2025\\\/07\\\/1-tactix-eed-Angle-01.webp\",\"width\":876,\"height\":876},{\"@type\":\"BreadcrumbList\",\"@id\":\"https:\\\/\\\/hunter-optics.com\\\/product\\\/riton-1-tactix-eed-red-dot-sight\\\/#breadcrumb\",\"itemListElement\":[{\"@type\":\"ListItem\",\"position\":1,\"name\":\"Home\",\"item\":\"https:\\\/\\\/hunter-optics.com\\\/\"},{\"@type\":\"ListItem\",\"position\":2,\"name\":\"Products\",\"item\":\"https:\\\/\\\/hunter-optics.com\\\/shop\\\/\"},{\"@type\":\"ListItem\",\"position\":3,\"name\":\"Riton 1 TACTIX EED Red Dot Sight\"}]},{\"@type\":\"WebSite\",\"@id\":\"https:\\\/\\\/hunter-optics.com\\\/#website\",\"url\":\"https:\\\/\\\/hunter-optics.com\\\/\",\"name\":\"Hunter Optics\",\"description\":\"Hunter Optics \u2014 Your Eye on the Target.\",\"publisher\":{\"@id\":\"https:\\\/\\\/hunter-optics.com\\\/#organization\"},\"potentialAction\":[{\"@type\":\"SearchAction\",\"target\":{\"@type\":\"EntryPoint\",\"urlTemplate\":\"https:\\\/\\\/hunter-optics.com\\\/?s={search_term_string}\"},\"query-input\":{\"@type\":\"PropertyValueSpecification\",\"valueRequired\":true,\"valueName\":\"search_term_string\"}}],\"inLanguage\":\"tr\"},{\"@type\":\"Organization\",\"@id\":\"https:\\\/\\\/hunter-optics.com\\\/#organization\",\"name\":\"Hunter Optics\",\"url\":\"https:\\\/\\\/hunter-optics.com\\\/\",\"logo\":{\"@type\":\"ImageObject\",\"inLanguage\":\"tr\",\"@id\":\"https:\\\/\\\/hunter-optics.com\\\/#\\\/schema\\\/logo\\\/image\\\/\",\"url\":\"https:\\\/\\\/hunter-optics.com\\\/wp-content\\\/uploads\\\/2025\\\/06\\\/hunter-optics-logo-1.png\",\"contentUrl\":\"https:\\\/\\\/hunter-optics.com\\\/wp-content\\\/uploads\\\/2025\\\/06\\\/hunter-optics-logo-1.png\",\"width\":937,\"height\":373,\"caption\":\"Hunter Optics\"},\"image\":{\"@id\":\"https:\\\/\\\/hunter-optics.com\\\/#\\\/schema\\\/logo\\\/image\\\/\"}}]}<\/script>\n<meta property=\"product:brand\" content=\"Riton\" \/>\n<meta property=\"product:price:amount\" content=\"229.99\" \/>\n<meta property=\"product:price:currency\" content=\"USD\" \/>\n<meta property=\"og:availability\" content=\"instock\" \/>\n<meta property=\"product:availability\" content=\"instock\" \/>\n<meta property=\"product:condition\" content=\"new\" \/>\n<!-- \/ Yoast SEO Premium plugin. -->","yoast_head_json":{"title":"Riton 1 TACTIX EED K\u0131rm\u0131z\u0131 Nokta D\u00fcrb\u00fcn - Hunter Optics","description":"Riton 1 Tactix EED k\u0131rm\u0131z\u0131 nokta d\u00fcrb\u00fcn\u00fc, ayd\u0131nlatmal\u0131 bir ni\u015fangah, u\u00e7ak s\u0131n\u0131f\u0131 al\u00fcminyum yap\u0131 ve HD cam netli\u011fine sahiptir. H\u0131zl\u0131 hedef tespiti i\u00e7in idealdir. \u015eimdi sat\u0131n al\u0131n.","robots":{"index":"index","follow":"follow","max-snippet":"max-snippet:-1","max-image-preview":"max-image-preview:large","max-video-preview":"max-video-preview:-1"},"canonical":"https:\/\/hunter-optics.com\/tr\/urun\/riton-1-tactix-eed-kirmizi-nokta-nisangah\/","og_locale":"tr_TR","og_type":"article","og_title":"Riton 1 TACTIX EED Red Dot Sight","og_description":"Riton 1 Tactix EED red dot sight features an illuminated reticle, aircraft-grade aluminum construction & HD glass clarity. Ideal for fast target acquisition. Shop now.","og_url":"https:\/\/hunter-optics.com\/tr\/urun\/riton-1-tactix-eed-kirmizi-nokta-nisangah\/","og_site_name":"Hunter Optics","article_modified_time":"2025-11-06T06:29:16+00:00","og_image":[{"width":876,"height":876,"url":"https:\/\/hunter-optics.com\/wp-content\/uploads\/2025\/07\/1-tactix-eed-Angle-01.webp","type":"image\/webp"}],"twitter_card":"summary_large_image","twitter_misc":{"Fiyat":"&#36;229.99","Durumu":"Stokta var"},"schema":{"@context":"https:\/\/schema.org","@graph":[{"@type":"WebPage","@id":"https:\/\/hunter-optics.com\/product\/riton-1-tactix-eed-red-dot-sight\/","url":"https:\/\/hunter-optics.com\/product\/riton-1-tactix-eed-red-dot-sight\/","name":"Riton 1 TACTIX EED K\u0131rm\u0131z\u0131 Nokta D\u00fcrb\u00fcn - Hunter Optics","isPartOf":{"@id":"https:\/\/hunter-optics.com\/#website"},"primaryImageOfPage":{"@id":"https:\/\/hunter-optics.com\/product\/riton-1-tactix-eed-red-dot-sight\/#primaryimage"},"image":{"@id":"https:\/\/hunter-optics.com\/product\/riton-1-tactix-eed-red-dot-sight\/#primaryimage"},"thumbnailUrl":"https:\/\/hunter-optics.com\/wp-content\/uploads\/2025\/07\/1-tactix-eed-Angle-01.webp","datePublished":"2025-07-31T08:44:18+00:00","dateModified":"2025-11-06T06:29:16+00:00","description":"Riton 1 Tactix EED k\u0131rm\u0131z\u0131 nokta d\u00fcrb\u00fcn\u00fc, ayd\u0131nlatmal\u0131 bir ni\u015fangah, u\u00e7ak s\u0131n\u0131f\u0131 al\u00fcminyum yap\u0131 ve HD cam netli\u011fine sahiptir. H\u0131zl\u0131 hedef tespiti i\u00e7in idealdir. \u015eimdi sat\u0131n al\u0131n.","breadcrumb":{"@id":"https:\/\/hunter-optics.com\/product\/riton-1-tactix-eed-red-dot-sight\/#breadcrumb"},"inLanguage":"tr","potentialAction":[{"@type":"ReadAction","target":["https:\/\/hunter-optics.com\/product\/riton-1-tactix-eed-red-dot-sight\/"]}]},{"@type":"ImageObject","inLanguage":"tr","@id":"https:\/\/hunter-optics.com\/product\/riton-1-tactix-eed-red-dot-sight\/#primaryimage","url":"https:\/\/hunter-optics.com\/wp-content\/uploads\/2025\/07\/1-tactix-eed-Angle-01.webp","contentUrl":"https:\/\/hunter-optics.com\/wp-content\/uploads\/2025\/07\/1-tactix-eed-Angle-01.webp","width":876,"height":876},{"@type":"BreadcrumbList","@id":"https:\/\/hunter-optics.com\/product\/riton-1-tactix-eed-red-dot-sight\/#breadcrumb","itemListElement":[{"@type":"ListItem","position":1,"name":"Home","item":"https:\/\/hunter-optics.com\/"},{"@type":"ListItem","position":2,"name":"Products","item":"https:\/\/hunter-optics.com\/shop\/"},{"@type":"ListItem","position":3,"name":"Riton 1 TACTIX EED Red Dot Sight"}]},{"@type":"WebSite","@id":"https:\/\/hunter-optics.com\/#website","url":"https:\/\/hunter-optics.com\/","name":"Avc\u0131 Optikleri","description":"Avc\u0131 Opti\u011fi - G\u00f6z\u00fcn\u00fcz Hedefte.","publisher":{"@id":"https:\/\/hunter-optics.com\/#organization"},"potentialAction":[{"@type":"SearchAction","target":{"@type":"EntryPoint","urlTemplate":"https:\/\/hunter-optics.com\/?s={search_term_string}"},"query-input":{"@type":"PropertyValueSpecification","valueRequired":true,"valueName":"search_term_string"}}],"inLanguage":"tr"},{"@type":"Organization","@id":"https:\/\/hunter-optics.com\/#organization","name":"Avc\u0131 Optikleri","url":"https:\/\/hunter-optics.com\/","logo":{"@type":"ImageObject","inLanguage":"tr","@id":"https:\/\/hunter-optics.com\/#\/schema\/logo\/image\/","url":"https:\/\/hunter-optics.com\/wp-content\/uploads\/2025\/06\/hunter-optics-logo-1.png","contentUrl":"https:\/\/hunter-optics.com\/wp-content\/uploads\/2025\/06\/hunter-optics-logo-1.png","width":937,"height":373,"caption":"Hunter Optics"},"image":{"@id":"https:\/\/hunter-optics.com\/#\/schema\/logo\/image\/"}}]},"product_brand":"Riton","product_price_amount":"229.99","product_price_currency":"USD","og_availability":"instock","product_availability":"instock","product_condition":"new"},"_links":{"self":[{"href":"https:\/\/hunter-optics.com\/tr\/wp-json\/wp\/v2\/product\/1546","targetHints":{"allow":["GET"]}}],"collection":[{"href":"https:\/\/hunter-optics.com\/tr\/wp-json\/wp\/v2\/product"}],"about":[{"href":"https:\/\/hunter-optics.com\/tr\/wp-json\/wp\/v2\/types\/product"}],"replies":[{"embeddable":true,"href":"https:\/\/hunter-optics.com\/tr\/wp-json\/wp\/v2\/comments?post=1546"}],"version-history":[{"count":2,"href":"https:\/\/hunter-optics.com\/tr\/wp-json\/wp\/v2\/product\/1546\/revisions"}],"predecessor-version":[{"id":1555,"href":"https:\/\/hunter-optics.com\/tr\/wp-json\/wp\/v2\/product\/1546\/revisions\/1555"}],"wp:featuredmedia":[{"embeddable":true,"href":"https:\/\/hunter-optics.com\/tr\/wp-json\/wp\/v2\/media\/1547"}],"wp:attachment":[{"href":"https:\/\/hunter-optics.com\/tr\/wp-json\/wp\/v2\/media?parent=1546"}],"wp:term":[{"taxonomy":"brand","embeddable":true,"href":"https:\/\/hunter-optics.com\/tr\/wp-json\/wp\/v2\/etheme_brands?post=1546"},{"taxonomy":"product_brand","embeddable":true,"href":"https:\/\/hunter-optics.com\/tr\/wp-json\/wp\/v2\/product_brand?post=1546"},{"taxonomy":"product_cat","embeddable":true,"href":"https:\/\/hunter-optics.com\/tr\/wp-json\/wp\/v2\/product_cat?post=1546"},{"taxonomy":"product_tag","embeddable":true,"href":"https:\/\/hunter-optics.com\/tr\/wp-json\/wp\/v2\/product_tag?post=1546"}],"curies":[{"name":"wp","href":"https:\/\/api.w.org\/{rel}","templated":true}]}}