{"id":1542,"date":"2025-07-31T08:41:23","date_gmt":"2025-07-31T08:41:23","guid":{"rendered":"https:\/\/hunter-optics.com\/?post_type=product&#038;p=1542"},"modified":"2025-10-11T08:58:47","modified_gmt":"2025-10-11T08:58:47","slug":"riton-3-tactix-prd-kirmizi-nokta-nisangah","status":"publish","type":"product","link":"https:\/\/hunter-optics.com\/tr\/urun\/riton-3-tactix-prd-kirmizi-nokta-nisangah\/","title":{"rendered":"Riton 3 Tactix PRD K\u0131rm\u0131z\u0131 Nokta D\u00fcrb\u00fcn"},"content":{"rendered":"<div id=\"brxe-uenhta\" class=\"brxe-text prod-video__txt\">\n<p><strong>\u00c7OK Y\u00d6NL\u00dc RETIK\u00dcLLER<\/strong><\/p>\n<p>Bu <strong>3 Tactix MPRD 3<\/strong> at\u0131\u015f tarz\u0131n\u0131za en uygun nokta sunumunu sa\u011flayan \u00fc\u00e7 retik\u00fcl se\u00e7ene\u011fine sahiptir. Klasik tek nokta, daire veya daire i\u00e7inde nokta aras\u0131nda se\u00e7im yapabilirsiniz. Her iki \u00fcnite de ni\u015fangah ve parlakl\u0131k tercihlerinizi kaydeder, b\u00f6ylece hedefe a\u015final\u0131kla gidebilirsiniz. Kendinizi koruman\u0131z gerekti\u011finde, noktan\u0131z\u0131n g\u00fcvenilir ve her an haz\u0131r olaca\u011f\u0131ndan emin olabilirsiniz.<\/p>\n<div id=\"brxe-pogdbu\" class=\"brxe-container prod-colmns\">\n<div id=\"brxe-ywglqp\" class=\"brxe-text prod-column__txt\">\n<p><strong>PLATFORMUNUZ I\u00c7IN DO\u011eRU OPTIK<\/strong><\/p>\n<p>Bu <strong>3 Tactix MPRD 3<\/strong> m\u00fcmk\u00fcn oldu\u011funca \u00e7ok say\u0131da platforma uyacak \u015fekilde tasarland\u0131. Piyasada bu kadar \u00e7ok model ve optik ayak izi varken, se\u00e7imin net olmas\u0131n\u0131 istiyoruz. RMR ayak izine sahip tipik tam boyutlu tabancalar i\u00e7in, 3 TACTIX PRD 3 do\u011frudan bu s\u00fcrg\u00fc kesikli\u011fine monte edilirken, MPRD kompakt ve subcompact platformlarda en yayg\u0131n olarak bulunan RMSc ayak izi ile kullan\u0131lmak \u00fczere tasarlanm\u0131\u015ft\u0131r. Her ikisi de, pic ray se\u00e7ene\u011fi olan bir av t\u00fcfe\u011fine veya ba\u015fka bir uzun silaha monte edilmesini sa\u011flamak i\u00e7in bir pic ray adapt\u00f6r\u00fc ile birlikte gelir.<\/p>\n<p><strong>HAREKET ALGILAMA TEKNOLOJISI<\/strong><\/p>\n<p>Riton <strong>3 Tactix MPRD 3<\/strong> hareketi alg\u0131layan ve sadece hedefinize ni\u015fan alarak opti\u011fi uyand\u0131ran bir teknolojiye sahiptir. Bu, silah\u0131n\u0131z\u0131 \u00e7ekerken daha fazla ad\u0131m atma zahmetine girmeden sizi hedefe daha h\u0131zl\u0131 ula\u015ft\u0131r\u0131r. Bu ayn\u0131 zamanda kullan\u0131lmad\u0131\u011f\u0131nda otomatik kapanma \u00f6zelli\u011fi ile optimum pil performans\u0131 ve uzun \u00f6m\u00fcr sa\u011flar.<\/p>\n<p><strong>AYARLANABILIR PARLAKLIK<\/strong><\/p>\n<p>3 Tactix MPRD 3, \u00e7ekim ko\u015fullar\u0131n\u0131za uyum sa\u011flamak i\u00e7in on parlakl\u0131k seviyesine sahiptir. Ayr\u0131ca, birinci ve ikinci seviyeler gece g\u00f6r\u00fc\u015f teknolojisi ile uyumludur. Ayarlamalar, \u00fcnitenin sol taraf\u0131ndaki iki d\u00fc\u011fme kullan\u0131larak yap\u0131l\u0131r. Bu d\u00fc\u011fmeler, eldiven tak\u0131l\u0131yken bile parlakl\u0131k seviyenizde h\u0131zl\u0131 de\u011fi\u015fiklikler yapmak i\u00e7in m\u00fckemmel boyuttad\u0131r. D\u00fc\u015f\u00fck \u0131\u015f\u0131ktan a\u015f\u0131r\u0131 g\u00fcn \u0131\u015f\u0131\u011f\u0131 ko\u015fullar\u0131na kadar, uyarlanabilirlik \u00e7ok \u00f6nemlidir, geni\u015f bir ayarlanabilirlik yelpazesi ile 3 Tactix MPRD sizi her ko\u015fulda koruyacakt\u0131r.<\/p>\n<div id=\"brxe-pzrzqi\" class=\"brxe-block prod-ret-info\">\n<h3 id=\"brxe-ztlivr\" class=\"brxe-heading prod-tabs__title\">Retina Bilgileri:<\/h3>\n<p id=\"brxe-grjall\" class=\"brxe-text-basic prod-reticle-name\">RET\u0130K\u00dcL: 3 MOA Nokta + 30 MOA Daire<\/p>\n<div id=\"brxe-rkyybx\" class=\"brxe-text-basic prod-ret__txt\">\n<p>Bu <strong>3 MOA nokta<\/strong> hassas at\u0131\u015flar i\u00e7in do\u011fru ni\u015fan almay\u0131 sa\u011flarken, 30 MOA daire yak\u0131n mesafeden h\u0131zl\u0131 hedef almay\u0131 kolayla\u015ft\u0131r\u0131r. Kullan\u0131c\u0131 olarak, farkl\u0131 at\u0131\u015f durumlar\u0131nda sizin i\u00e7in en uygun olan\u0131 se\u00e7ebilirsiniz.<\/p>\n<div id=\"brxe-abuzoo\" class=\"brxe-block x-tabs_panel x-tabs_panel-current\" tabindex=\"0\" role=\"tabpanel\" aria-labelledby=\"brxe-amrphz\">\n<div id=\"brxe-ohplhw\" class=\"brxe-block x-tabs_panel-content\">\n<h3 id=\"brxe-qcmket\" class=\"brxe-heading prod-tabs__title\">Temel \u00d6zellikler:<\/h3>\n<div id=\"brxe-pnyzeh\" class=\"brxe-block prod-tab-feature\">\n<div class=\"brxe-xfsvub brxe-block prod-tab-key-loop\"><img loading=\"lazy\" decoding=\"async\" class=\"brxe-rtihxw brxe-image prod-feature__icon css-filter size-full\" src=\"https:\/\/ritonoptics.com\/wp-content\/uploads\/precision-quality-1.png\" alt=\"\" width=\"72\" height=\"74\" \/><\/p>\n<div class=\"brxe-anynyj brxe-div\">\n<p class=\"brxe-abizyp brxe-text-basic prod-feature__title\">Hassas Kalite G\u00fcvencesi<\/p>\n<p class=\"brxe-lprtvs brxe-text-basic prod-feature__txt\">Her Riton \u00fcr\u00fcn\u00fc, Tucson, AZ'deki sertifikal\u0131 teknisyenler taraf\u0131ndan titiz bir kalite kontrol s\u00fcrecinden ge\u00e7er. Ald\u0131\u011f\u0131n\u0131z her \u00fcr\u00fcn...<\/p>\n<\/div>\n<\/div>\n<div class=\"brxe-xfsvub brxe-block prod-tab-key-loop\"><img loading=\"lazy\" decoding=\"async\" class=\"brxe-rtihxw brxe-image prod-feature__icon css-filter size-full\" src=\"https:\/\/ritonoptics.com\/wp-content\/uploads\/hd-glass-1.png\" alt=\"\" width=\"72\" height=\"74\" \/><\/p>\n<div class=\"brxe-anynyj brxe-div\">\n<p class=\"brxe-abizyp brxe-text-basic prod-feature__title\">Riton HD Cam<\/p>\n<p class=\"brxe-lprtvs brxe-text-basic prod-feature__txt\">Riton Y\u00fcksek Yo\u011funluklu (HD) cam, geli\u015fmi\u015f netlik ve optimum g\u00f6r\u00fc\u015f g\u00f6r\u00fcnt\u00fcs\u00fc i\u00e7in 99,5% \u0131\u015f\u0131k ge\u00e7irgenli\u011fi sa\u011flar.<\/p>\n<\/div>\n<\/div>\n<div class=\"brxe-xfsvub brxe-block prod-tab-key-loop\"><img loading=\"lazy\" decoding=\"async\" class=\"brxe-rtihxw brxe-image prod-feature__icon css-filter size-full\" src=\"https:\/\/ritonoptics.com\/wp-content\/uploads\/performance-coating-1.png\" alt=\"\" width=\"72\" height=\"74\" \/><\/p>\n<div class=\"brxe-anynyj brxe-div\">\n<p class=\"brxe-abizyp brxe-text-basic prod-feature__title\">Riton Performans Kaplama<\/p>\n<p class=\"brxe-lprtvs brxe-text-basic prod-feature__txt\">Tescilli tamamen \u00e7oklu kaplamal\u0131 lensler i\u00e7eren t\u00fcm Riton optikleri, d\u00fc\u015f\u00fck \u0131\u015f\u0131k iyile\u015ftirme, tam geni\u015f bant, \u00e7izilmeye kar\u015f\u0131 koruma ve yans\u0131ma \u00f6nleyici kaplamalara sahiptir...<\/p>\n<div id=\"brxe-gtdyre\" class=\"brxe-block x-tabs_panel x-tabs_panel-current\" tabindex=\"0\" role=\"tabpanel\" aria-labelledby=\"brxe-yxbhdb\">\n<div id=\"brxe-eknisj\" class=\"brxe-block x-tabs_panel-content\">\n<h3 id=\"brxe-qzyxzy\" class=\"brxe-heading prod-tabs__title\">T\u00fcm \u00f6zellikler:<\/h3>\n<div class=\"brxe-zlpnap brxe-block prod-tab-spec-loop\">\n<p class=\"brxe-ibnnrs brxe-text-basic tab-spec__value\">B\u00fcy\u00fctme:1<\/p>\n<\/div>\n<div class=\"brxe-zlpnap brxe-block prod-tab-spec-loop\">\n<p class=\"brxe-ibnnrs brxe-text-basic tab-spec__value\">Objektif Lens \u00c7ap\u0131: 21mm x 16.4mm<\/p>\n<\/div>\n<div class=\"brxe-zlpnap brxe-block prod-tab-spec-loop\">\n<p class=\"brxe-ibnnrs brxe-text-basic tab-spec__value\">G\u00f6z R\u00f6lyefi:S\u0131n\u0131rs\u0131z<\/p>\n<\/div>\n<div class=\"brxe-zlpnap brxe-block prod-tab-spec-loop\">\n<p class=\"brxe-ibnnrs brxe-text-basic tab-spec__value\">T\u0131klama De\u011feri:1 MOA<\/p>\n<\/div>\n<div class=\"brxe-zlpnap brxe-block prod-tab-spec-loop\">\n<p class=\"brxe-ibnnrs brxe-text-basic tab-spec__value\">Ayar Aral\u0131\u011f\u0131:45 MOA<\/p>\n<\/div>\n<div class=\"brxe-zlpnap brxe-block prod-tab-spec-loop\">\n<p class=\"brxe-ibnnrs brxe-text-basic tab-spec__value\">Hedef:3 MOA Nokta + 30 MOA Daire<\/p>\n<\/div>\n<div class=\"brxe-zlpnap brxe-block prod-tab-spec-loop\">\n<p class=\"brxe-ibnnrs brxe-text-basic tab-spec__value\">Y\u00fckseklik:1.02in\/26mm<\/p>\n<\/div>\n<div class=\"brxe-zlpnap brxe-block prod-tab-spec-loop\">\n<p class=\"brxe-ibnnrs brxe-text-basic tab-spec__value\">Uzunluk:1.64in\/41.6mm<\/p>\n<\/div>\n<div class=\"brxe-zlpnap brxe-block prod-tab-spec-loop\">\n<p class=\"brxe-ibnnrs brxe-text-basic tab-spec__value\">Geni\u015flik:1.02in\/25.8mm<\/p>\n<\/div>\n<div class=\"brxe-zlpnap brxe-block prod-tab-spec-loop\">\n<p class=\"brxe-ibnnrs brxe-text-basic tab-spec__value\">A\u011f\u0131rl\u0131k: 0,96oz\/27,2g<\/p>\n<\/div>\n<div class=\"brxe-zlpnap brxe-block prod-tab-spec-loop\">\n<p class=\"brxe-ibnnrs brxe-text-basic tab-spec__value\">Malzeme:7075 Al\u00fcminyum Ala\u015f\u0131m<\/p>\n<\/div>\n<div class=\"brxe-zlpnap brxe-block prod-tab-spec-loop\">\n<p class=\"brxe-ibnnrs brxe-text-basic tab-spec__value\">Ayak \u0130zi:RMSc<\/p>\n<\/div>\n<div class=\"brxe-zlpnap brxe-block prod-tab-spec-loop\">\n<p class=\"brxe-ibnnrs brxe-text-basic tab-spec__value\">Pil:CR1632<\/p>\n<\/div>\n<div class=\"brxe-zlpnap brxe-block prod-tab-spec-loop\">\n<p class=\"brxe-ibnnrs brxe-text-basic tab-spec__value\">Pil \u00d6mr\u00fc: 50.000 Saat<\/p>\n<\/div>\n<div class=\"brxe-zlpnap brxe-block prod-tab-spec-loop\">\n<p class=\"brxe-ibnnrs brxe-text-basic tab-spec__value\">Su ge\u00e7irmezlik derecesi:IPX67<\/p>\n<\/div>\n<div class=\"brxe-zlpnap brxe-block prod-tab-spec-loop\">\n<p class=\"brxe-ibnnrs brxe-text-basic tab-spec__value\">Birlikte Verilen Aksesuarlar: Allen Anahtar\u0131, 1632 Pil, Red Dot Aleti, Lens Bezi, Pic Ray Adapt\u00f6r\u00fc, Montaj Vidalar\u0131<\/p>\n<\/div>\n<\/div>\n<\/div>\n<\/div>\n<\/div>\n<\/div>\n<\/div>\n<\/div>\n<\/div>\n<\/div>\n<\/div>\n<\/div>\n<\/div>","protected":false},"excerpt":{"rendered":"<p>Bu <strong>3 Tactix MPRD 3 (mikro tabanca k\u0131rm\u0131z\u0131 nokta)<\/strong>, g\u00fcnl\u00fck kullan\u0131m i\u00e7in performans ve g\u00fcvenilirli\u011fe odaklan\u0131r. Entegre ba\u015fl\u0131k, nokta cam\u0131n\u0131 a\u015f\u0131nmaya, darbelere ve g\u00fcne\u015f \u0131\u015f\u0131\u011f\u0131na kar\u015f\u0131 koruyarak engeller ne olursa olsun noktan\u0131z\u0131n g\u00f6r\u00fcn\u00fcr kalmas\u0131n\u0131 sa\u011flar. Aralar\u0131ndan se\u00e7im yapabilece\u011finiz \u00fc\u00e7 k\u0131rm\u0131z\u0131 ayd\u0131nlatmal\u0131 d\u00fcrb\u00fcn se\u00e7ene\u011fi ile noktay\u0131 ki\u015fisel tercihinize g\u00f6re ayarlayabilirsiniz. 50.000 saatlik pil \u00f6mr\u00fcn\u00fcn ve g\u00fc\u00e7 sa\u011flamak i\u00e7in opti\u011finizi s\u00f6kmenizi gerektirmeyen yandan y\u00fcklemeli pil tepsisinin basitli\u011finin keyfini \u00e7\u0131kar\u0131n.<\/p>","protected":false},"featured_media":1557,"comment_status":"open","ping_status":"closed","template":"","meta":[],"etheme_brands":[{"term_id":44,"name":"Riton","slug":"riton","term_group":0,"term_taxonomy_id":44,"taxonomy":"brand","description":"","parent":0,"count":18,"filter":"raw"}],"product_brand":[],"product_cat":[50],"product_tag":[],"class_list":{"0":"post-1542","1":"product","2":"type-product","3":"status-publish","4":"has-post-thumbnail","6":"brand-riton","7":"product_cat-red-dot-sights","9":"first","10":"instock","11":"sale","12":"taxable","13":"shipping-taxable","14":"purchasable","15":"product-type-simple"},"yoast_head":"<!-- This site is optimized with the Yoast SEO Premium plugin v25.7.1 (Yoast SEO v27.4) - https:\/\/yoast.com\/product\/yoast-seo-premium-wordpress\/ -->\n<title>Riton 3 Tactix PRD Red Dot Sight - Hunter Optics<\/title>\n<meta name=\"description\" content=\"Riton 3 Tactix PRD red dot sight delivers rapid target acquisition with an illuminated dot. Features aircraft-grade aluminum construction &amp; HD glass clarity. Shop now.\" \/>\n<meta name=\"robots\" content=\"index, follow, max-snippet:-1, max-image-preview:large, max-video-preview:-1\" \/>\n<link rel=\"canonical\" href=\"https:\/\/hunter-optics.com\/tr\/urun\/riton-3-tactix-prd-kirmizi-nokta-nisangah\/\" \/>\n<meta property=\"og:locale\" content=\"tr_TR\" \/>\n<meta property=\"og:type\" content=\"article\" \/>\n<meta property=\"og:title\" content=\"Riton 3 Tactix PRD Red Dot Sight\" \/>\n<meta property=\"og:description\" content=\"Riton 3 Tactix PRD red dot sight delivers rapid target acquisition with an illuminated dot. Features aircraft-grade aluminum construction &amp; HD glass clarity. Shop now.\" \/>\n<meta property=\"og:url\" content=\"https:\/\/hunter-optics.com\/tr\/urun\/riton-3-tactix-prd-kirmizi-nokta-nisangah\/\" \/>\n<meta property=\"og:site_name\" content=\"Hunter Optics\" \/>\n<meta property=\"article:modified_time\" content=\"2025-10-11T08:58:47+00:00\" \/>\n<meta property=\"og:image\" content=\"https:\/\/hunter-optics.com\/wp-content\/uploads\/2025\/07\/3-Tactix-MPRD-3.webp\" \/>\n\t<meta property=\"og:image:width\" content=\"876\" \/>\n\t<meta property=\"og:image:height\" content=\"876\" \/>\n\t<meta property=\"og:image:type\" content=\"image\/webp\" \/>\n<meta name=\"twitter:card\" content=\"summary_large_image\" \/>\n<meta name=\"twitter:label1\" content=\"Fiyat\" \/>\n\t<meta name=\"twitter:data1\" content=\"&#036;199.99\" \/>\n\t<meta name=\"twitter:label2\" content=\"Durumu\" \/>\n\t<meta name=\"twitter:data2\" content=\"Stokta var\" \/>\n<script type=\"application\/ld+json\" class=\"yoast-schema-graph\">{\"@context\":\"https:\\\/\\\/schema.org\",\"@graph\":[{\"@type\":\"WebPage\",\"@id\":\"https:\\\/\\\/hunter-optics.com\\\/product\\\/riton-3-tactix-prd-red-dot-sight\\\/\",\"url\":\"https:\\\/\\\/hunter-optics.com\\\/product\\\/riton-3-tactix-prd-red-dot-sight\\\/\",\"name\":\"Riton 3 Tactix PRD Red Dot Sight - Hunter Optics\",\"isPartOf\":{\"@id\":\"https:\\\/\\\/hunter-optics.com\\\/#website\"},\"primaryImageOfPage\":{\"@id\":\"https:\\\/\\\/hunter-optics.com\\\/product\\\/riton-3-tactix-prd-red-dot-sight\\\/#primaryimage\"},\"image\":{\"@id\":\"https:\\\/\\\/hunter-optics.com\\\/product\\\/riton-3-tactix-prd-red-dot-sight\\\/#primaryimage\"},\"thumbnailUrl\":\"https:\\\/\\\/hunter-optics.com\\\/wp-content\\\/uploads\\\/2025\\\/07\\\/3-Tactix-MPRD-3.webp\",\"datePublished\":\"2025-07-31T08:41:23+00:00\",\"dateModified\":\"2025-10-11T08:58:47+00:00\",\"description\":\"Riton 3 Tactix PRD red dot sight delivers rapid target acquisition with an illuminated dot. Features aircraft-grade aluminum construction & HD glass clarity. Shop now.\",\"breadcrumb\":{\"@id\":\"https:\\\/\\\/hunter-optics.com\\\/product\\\/riton-3-tactix-prd-red-dot-sight\\\/#breadcrumb\"},\"inLanguage\":\"tr\",\"potentialAction\":[{\"@type\":\"ReadAction\",\"target\":[\"https:\\\/\\\/hunter-optics.com\\\/product\\\/riton-3-tactix-prd-red-dot-sight\\\/\"]}]},{\"@type\":\"ImageObject\",\"inLanguage\":\"tr\",\"@id\":\"https:\\\/\\\/hunter-optics.com\\\/product\\\/riton-3-tactix-prd-red-dot-sight\\\/#primaryimage\",\"url\":\"https:\\\/\\\/hunter-optics.com\\\/wp-content\\\/uploads\\\/2025\\\/07\\\/3-Tactix-MPRD-3.webp\",\"contentUrl\":\"https:\\\/\\\/hunter-optics.com\\\/wp-content\\\/uploads\\\/2025\\\/07\\\/3-Tactix-MPRD-3.webp\",\"width\":876,\"height\":876},{\"@type\":\"BreadcrumbList\",\"@id\":\"https:\\\/\\\/hunter-optics.com\\\/product\\\/riton-3-tactix-prd-red-dot-sight\\\/#breadcrumb\",\"itemListElement\":[{\"@type\":\"ListItem\",\"position\":1,\"name\":\"Home\",\"item\":\"https:\\\/\\\/hunter-optics.com\\\/\"},{\"@type\":\"ListItem\",\"position\":2,\"name\":\"Products\",\"item\":\"https:\\\/\\\/hunter-optics.com\\\/shop\\\/\"},{\"@type\":\"ListItem\",\"position\":3,\"name\":\"Riton 3 Tactix PRD Red Dot Sight\"}]},{\"@type\":\"WebSite\",\"@id\":\"https:\\\/\\\/hunter-optics.com\\\/#website\",\"url\":\"https:\\\/\\\/hunter-optics.com\\\/\",\"name\":\"Hunter Optics\",\"description\":\"Hunter Optics \u2014 Your Eye on the Target.\",\"publisher\":{\"@id\":\"https:\\\/\\\/hunter-optics.com\\\/#organization\"},\"potentialAction\":[{\"@type\":\"SearchAction\",\"target\":{\"@type\":\"EntryPoint\",\"urlTemplate\":\"https:\\\/\\\/hunter-optics.com\\\/?s={search_term_string}\"},\"query-input\":{\"@type\":\"PropertyValueSpecification\",\"valueRequired\":true,\"valueName\":\"search_term_string\"}}],\"inLanguage\":\"tr\"},{\"@type\":\"Organization\",\"@id\":\"https:\\\/\\\/hunter-optics.com\\\/#organization\",\"name\":\"Hunter Optics\",\"url\":\"https:\\\/\\\/hunter-optics.com\\\/\",\"logo\":{\"@type\":\"ImageObject\",\"inLanguage\":\"tr\",\"@id\":\"https:\\\/\\\/hunter-optics.com\\\/#\\\/schema\\\/logo\\\/image\\\/\",\"url\":\"https:\\\/\\\/hunter-optics.com\\\/wp-content\\\/uploads\\\/2025\\\/06\\\/hunter-optics-logo-1.png\",\"contentUrl\":\"https:\\\/\\\/hunter-optics.com\\\/wp-content\\\/uploads\\\/2025\\\/06\\\/hunter-optics-logo-1.png\",\"width\":937,\"height\":373,\"caption\":\"Hunter Optics\"},\"image\":{\"@id\":\"https:\\\/\\\/hunter-optics.com\\\/#\\\/schema\\\/logo\\\/image\\\/\"}}]}<\/script>\n<meta property=\"product:brand\" content=\"Riton\" \/>\n<meta property=\"product:price:amount\" content=\"199.99\" \/>\n<meta property=\"product:price:currency\" content=\"USD\" \/>\n<meta property=\"og:availability\" content=\"instock\" \/>\n<meta property=\"product:availability\" content=\"instock\" \/>\n<meta property=\"product:condition\" content=\"new\" \/>\n<!-- \/ Yoast SEO Premium plugin. -->","yoast_head_json":{"title":"Riton 3 Tactix PRD K\u0131rm\u0131z\u0131 Nokta D\u00fcrb\u00fcn - Hunter Optics","description":"Riton 3 Tactix PRD k\u0131rm\u0131z\u0131 nokta d\u00fcrb\u00fcn\u00fc, \u0131\u015f\u0131kl\u0131 bir nokta ile h\u0131zl\u0131 hedef tespiti sa\u011flar. U\u00e7ak s\u0131n\u0131f\u0131 al\u00fcminyum yap\u0131 ve HD cam netli\u011fine sahiptir. \u015eimdi sat\u0131n al\u0131n.","robots":{"index":"index","follow":"follow","max-snippet":"max-snippet:-1","max-image-preview":"max-image-preview:large","max-video-preview":"max-video-preview:-1"},"canonical":"https:\/\/hunter-optics.com\/tr\/urun\/riton-3-tactix-prd-kirmizi-nokta-nisangah\/","og_locale":"tr_TR","og_type":"article","og_title":"Riton 3 Tactix PRD Red Dot Sight","og_description":"Riton 3 Tactix PRD red dot sight delivers rapid target acquisition with an illuminated dot. Features aircraft-grade aluminum construction & HD glass clarity. Shop now.","og_url":"https:\/\/hunter-optics.com\/tr\/urun\/riton-3-tactix-prd-kirmizi-nokta-nisangah\/","og_site_name":"Hunter Optics","article_modified_time":"2025-10-11T08:58:47+00:00","og_image":[{"width":876,"height":876,"url":"https:\/\/hunter-optics.com\/wp-content\/uploads\/2025\/07\/3-Tactix-MPRD-3.webp","type":"image\/webp"}],"twitter_card":"summary_large_image","twitter_misc":{"Fiyat":"&#36;199.99","Durumu":"Stokta var"},"schema":{"@context":"https:\/\/schema.org","@graph":[{"@type":"WebPage","@id":"https:\/\/hunter-optics.com\/product\/riton-3-tactix-prd-red-dot-sight\/","url":"https:\/\/hunter-optics.com\/product\/riton-3-tactix-prd-red-dot-sight\/","name":"Riton 3 Tactix PRD K\u0131rm\u0131z\u0131 Nokta D\u00fcrb\u00fcn - Hunter Optics","isPartOf":{"@id":"https:\/\/hunter-optics.com\/#website"},"primaryImageOfPage":{"@id":"https:\/\/hunter-optics.com\/product\/riton-3-tactix-prd-red-dot-sight\/#primaryimage"},"image":{"@id":"https:\/\/hunter-optics.com\/product\/riton-3-tactix-prd-red-dot-sight\/#primaryimage"},"thumbnailUrl":"https:\/\/hunter-optics.com\/wp-content\/uploads\/2025\/07\/3-Tactix-MPRD-3.webp","datePublished":"2025-07-31T08:41:23+00:00","dateModified":"2025-10-11T08:58:47+00:00","description":"Riton 3 Tactix PRD k\u0131rm\u0131z\u0131 nokta d\u00fcrb\u00fcn\u00fc, \u0131\u015f\u0131kl\u0131 bir nokta ile h\u0131zl\u0131 hedef tespiti sa\u011flar. U\u00e7ak s\u0131n\u0131f\u0131 al\u00fcminyum yap\u0131 ve HD cam netli\u011fine sahiptir. \u015eimdi sat\u0131n al\u0131n.","breadcrumb":{"@id":"https:\/\/hunter-optics.com\/product\/riton-3-tactix-prd-red-dot-sight\/#breadcrumb"},"inLanguage":"tr","potentialAction":[{"@type":"ReadAction","target":["https:\/\/hunter-optics.com\/product\/riton-3-tactix-prd-red-dot-sight\/"]}]},{"@type":"ImageObject","inLanguage":"tr","@id":"https:\/\/hunter-optics.com\/product\/riton-3-tactix-prd-red-dot-sight\/#primaryimage","url":"https:\/\/hunter-optics.com\/wp-content\/uploads\/2025\/07\/3-Tactix-MPRD-3.webp","contentUrl":"https:\/\/hunter-optics.com\/wp-content\/uploads\/2025\/07\/3-Tactix-MPRD-3.webp","width":876,"height":876},{"@type":"BreadcrumbList","@id":"https:\/\/hunter-optics.com\/product\/riton-3-tactix-prd-red-dot-sight\/#breadcrumb","itemListElement":[{"@type":"ListItem","position":1,"name":"Home","item":"https:\/\/hunter-optics.com\/"},{"@type":"ListItem","position":2,"name":"Products","item":"https:\/\/hunter-optics.com\/shop\/"},{"@type":"ListItem","position":3,"name":"Riton 3 Tactix PRD Red Dot Sight"}]},{"@type":"WebSite","@id":"https:\/\/hunter-optics.com\/#website","url":"https:\/\/hunter-optics.com\/","name":"Avc\u0131 Optikleri","description":"Avc\u0131 Opti\u011fi - G\u00f6z\u00fcn\u00fcz Hedefte.","publisher":{"@id":"https:\/\/hunter-optics.com\/#organization"},"potentialAction":[{"@type":"SearchAction","target":{"@type":"EntryPoint","urlTemplate":"https:\/\/hunter-optics.com\/?s={search_term_string}"},"query-input":{"@type":"PropertyValueSpecification","valueRequired":true,"valueName":"search_term_string"}}],"inLanguage":"tr"},{"@type":"Organization","@id":"https:\/\/hunter-optics.com\/#organization","name":"Avc\u0131 Optikleri","url":"https:\/\/hunter-optics.com\/","logo":{"@type":"ImageObject","inLanguage":"tr","@id":"https:\/\/hunter-optics.com\/#\/schema\/logo\/image\/","url":"https:\/\/hunter-optics.com\/wp-content\/uploads\/2025\/06\/hunter-optics-logo-1.png","contentUrl":"https:\/\/hunter-optics.com\/wp-content\/uploads\/2025\/06\/hunter-optics-logo-1.png","width":937,"height":373,"caption":"Hunter Optics"},"image":{"@id":"https:\/\/hunter-optics.com\/#\/schema\/logo\/image\/"}}]},"product_brand":"Riton","product_price_amount":"199.99","product_price_currency":"USD","og_availability":"instock","product_availability":"instock","product_condition":"new"},"_links":{"self":[{"href":"https:\/\/hunter-optics.com\/tr\/wp-json\/wp\/v2\/product\/1542","targetHints":{"allow":["GET"]}}],"collection":[{"href":"https:\/\/hunter-optics.com\/tr\/wp-json\/wp\/v2\/product"}],"about":[{"href":"https:\/\/hunter-optics.com\/tr\/wp-json\/wp\/v2\/types\/product"}],"replies":[{"embeddable":true,"href":"https:\/\/hunter-optics.com\/tr\/wp-json\/wp\/v2\/comments?post=1542"}],"version-history":[{"count":3,"href":"https:\/\/hunter-optics.com\/tr\/wp-json\/wp\/v2\/product\/1542\/revisions"}],"predecessor-version":[{"id":1565,"href":"https:\/\/hunter-optics.com\/tr\/wp-json\/wp\/v2\/product\/1542\/revisions\/1565"}],"wp:featuredmedia":[{"embeddable":true,"href":"https:\/\/hunter-optics.com\/tr\/wp-json\/wp\/v2\/media\/1557"}],"wp:attachment":[{"href":"https:\/\/hunter-optics.com\/tr\/wp-json\/wp\/v2\/media?parent=1542"}],"wp:term":[{"taxonomy":"brand","embeddable":true,"href":"https:\/\/hunter-optics.com\/tr\/wp-json\/wp\/v2\/etheme_brands?post=1542"},{"taxonomy":"product_brand","embeddable":true,"href":"https:\/\/hunter-optics.com\/tr\/wp-json\/wp\/v2\/product_brand?post=1542"},{"taxonomy":"product_cat","embeddable":true,"href":"https:\/\/hunter-optics.com\/tr\/wp-json\/wp\/v2\/product_cat?post=1542"},{"taxonomy":"product_tag","embeddable":true,"href":"https:\/\/hunter-optics.com\/tr\/wp-json\/wp\/v2\/product_tag?post=1542"}],"curies":[{"name":"wp","href":"https:\/\/api.w.org\/{rel}","templated":true}]}}