{"id":1504,"date":"2025-07-31T06:22:35","date_gmt":"2025-07-31T06:22:35","guid":{"rendered":"https:\/\/hunter-optics.com\/?post_type=product&#038;p=1504"},"modified":"2025-07-31T06:24:20","modified_gmt":"2025-07-31T06:24:20","slug":"crimson-trace-4-20x50mm-mil-ffp-ctl-3420","status":"publish","type":"product","link":"https:\/\/hunter-optics.com\/tr\/urun\/crimson-trace-4-20x50mm-mil-ffp-ctl-3420\/","title":{"rendered":"Crimson Trace 4-20x50mm MIL\/FFP CTL-3420"},"content":{"rendered":"<p>CTL-3420 3 Serisi, s\u0131f\u0131rdan \u00f6zel olarak \u00fcretilmi\u015f, zengin \u00f6zelliklere sahip 4-20x50mm orta menzilli bir t\u00fcfek d\u00fcrb\u00fcn\u00fcd\u00fcr. D\u00fcrb\u00fcn \u0130lk Odak D\u00fczlemi (FFP) ve etkileyici Japon ED Cam netli\u011fi benzersiz bir at\u0131\u015f deneyimi sa\u011flar. \u00d6zel tasar\u0131m LR1-MIL geli\u015fmi\u015f d\u00fcrb\u00fcn tamamen ayd\u0131nlat\u0131lm\u0131\u015ft\u0131r ve r\u00fczgar ya\u015f\u0131 ve y\u00fckseklik i\u00e7in h\u0131zl\u0131 tutma noktalar\u0131 sunar. A\u00e7\u0131kta kalan . 1 MIL taktik taretler, en isabetli at\u0131\u015flar i\u00e7in arama yaparken hassas ve sa\u011flam bir his sa\u011flar. T\u00fcm Crimson Trace d\u00fcrb\u00fcn serisi, h\u0131zl\u0131 ve kesin montaj i\u00e7in EZ montaj tesviye g\u00f6stergeleri ve do\u011fru g\u00f6z yerle\u015fimi i\u00e7in nadir teknoloji (K\u0131rm\u0131z\u0131 hizalama halkas\u0131) sunar. T\u00fcm Crimson Trace D\u00fcrb\u00fcnleri Tam \u00d6m\u00fcr Boyu Garanti kapsam\u0131ndad\u0131r.<\/p>\n<div class=\"a-row\">\n<div class=\"a-column a-span6\">\n<h1 class=\"a-size-medium a-spacing-small\">Teknik Ayr\u0131nt\u0131lar<\/h1>\n<\/div>\n<\/div>\n<div class=\"a-expander-content a-expander-extend-content\" data-expanded=\"true\">\n<div class=\"a-row a-expander-container a-expander-inline-container\">\n<div class=\"a-expander-content a-expander-section-content a-section-expander-inner\" data-expanded=\"true\">\n<table id=\"productDetails_techSpec_section_1\" class=\"a-keyvalue prodDetTable\">\n<tbody>\n<tr>\n<th class=\"a-color-secondary a-size-base prodDetSectionEntry\">Marka<\/th>\n<td class=\"a-size-base prodDetAttrValue\">Crimson Trace<\/td>\n<\/tr>\n<tr>\n<th class=\"a-color-secondary a-size-base prodDetSectionEntry\">Renk<\/th>\n<td class=\"a-size-base prodDetAttrValue\">Siyah<\/td>\n<\/tr>\n<tr>\n<th class=\"a-color-secondary a-size-base prodDetSectionEntry\">Stil<\/th>\n<td class=\"a-size-base prodDetAttrValue\">Taktiksel<\/td>\n<\/tr>\n<tr>\n<th class=\"a-color-secondary a-size-base prodDetSectionEntry\">Spor<\/th>\n<td class=\"a-size-base prodDetAttrValue\">Avc\u0131l\u0131k, Taktik ve Askeri<\/td>\n<\/tr>\n<tr>\n<th class=\"a-color-secondary a-size-base prodDetSectionEntry\">\u00dcr\u00fcn A\u011f\u0131rl\u0131\u011f\u0131<\/th>\n<td class=\"a-size-base prodDetAttrValue\">3,76 Pound<\/td>\n<\/tr>\n<tr>\n<th class=\"a-color-secondary a-size-base prodDetSectionEntry\">Malzeme<\/th>\n<td class=\"a-size-base prodDetAttrValue\">Al\u00fcminyum<\/td>\n<\/tr>\n<tr>\n<th class=\"a-color-secondary a-size-base prodDetSectionEntry\">B\u00fcy\u00fctme Maksimum<\/th>\n<td class=\"a-size-base prodDetAttrValue\">20.00<\/td>\n<\/tr>\n<tr>\n<th class=\"a-color-secondary a-size-base prodDetSectionEntry\">Objektif Lens \u00c7ap\u0131<\/th>\n<td class=\"a-size-base prodDetAttrValue\">50 Milimetre<\/td>\n<\/tr>\n<tr>\n<th class=\"a-color-secondary a-size-base prodDetSectionEntry\">B\u00fcy\u00fctme Minimum<\/th>\n<td class=\"a-size-base prodDetAttrValue\">4.00<\/td>\n<\/tr>\n<tr>\n<th class=\"a-color-secondary a-size-base prodDetSectionEntry\">Uyumlu Cihazlar<\/th>\n<td class=\"a-size-base prodDetAttrValue\">T\u00fcfek<\/td>\n<\/tr>\n<tr>\n<th class=\"a-color-secondary a-size-base prodDetSectionEntry\">Montaj Tipi<\/th>\n<td class=\"a-size-base prodDetAttrValue\">Ekstr\u00fczyon Montaj<\/td>\n<\/tr>\n<tr>\n<th class=\"a-color-secondary a-size-base prodDetSectionEntry\">Gece g\u00f6r\u00fc\u015f\u00fc<\/th>\n<td class=\"a-size-base prodDetAttrValue\">Hay\u0131r<\/td>\n<\/tr>\n<tr>\n<th class=\"a-color-secondary a-size-base prodDetSectionEntry\">G\u00f6z R\u00f6lyefi<\/th>\n<td class=\"a-size-base prodDetAttrValue\">3,7 \u0130n\u00e7<\/td>\n<\/tr>\n<tr>\n<th class=\"a-color-secondary a-size-base prodDetSectionEntry\">G\u00f6r\u00fc\u015f Alan\u0131<\/th>\n<td class=\"a-size-base prodDetAttrValue\">28.9 Ayak<\/td>\n<\/tr>\n<tr>\n<th class=\"a-color-secondary a-size-base prodDetSectionEntry\">Model Ad\u0131<\/th>\n<td class=\"a-size-base prodDetAttrValue\">Crimson Trace Optics Taktik T\u00fcfek D\u00fcrb\u00fcn\u00fc 4-20x50mm MIL\/MIL FFP ile LR1-MIL I\u015f\u0131kl\u0131 Retik\u00fcl, 3 Serisi CTL-3420<\/td>\n<\/tr>\n<tr>\n<th class=\"a-color-secondary a-size-base prodDetSectionEntry\">\u00dcretici firma<\/th>\n<td class=\"a-size-base prodDetAttrValue\">Crimson Trace Corporation<\/td>\n<\/tr>\n<tr>\n<th class=\"a-color-secondary a-size-base prodDetSectionEntry\">Reticle Tipi<\/th>\n<td class=\"a-size-base prodDetAttrValue\">LR1-MIL<\/td>\n<\/tr>\n<tr>\n<th class=\"a-color-secondary a-size-base prodDetSectionEntry\">UPC<\/th>\n<td class=\"a-size-base prodDetAttrValue\">850002469134<\/td>\n<\/tr>\n<tr>\n<th class=\"a-color-secondary a-size-base prodDetSectionEntry\">\u00dcr\u00fcn Paket Boyutlar\u0131 U x G x Y<\/th>\n<td class=\"a-size-base prodDetAttrValue\">17,48 x 4,84 x 4,13 in\u00e7<\/td>\n<\/tr>\n<tr>\n<th class=\"a-color-secondary a-size-base prodDetSectionEntry\">Paket A\u011f\u0131rl\u0131\u011f\u0131<\/th>\n<td class=\"a-size-base prodDetAttrValue\">1.73 Kilogram<\/td>\n<\/tr>\n<tr>\n<th class=\"a-color-secondary a-size-base prodDetSectionEntry\">\u00dcr\u00fcn Boyutlar\u0131 LxWxH<\/th>\n<td class=\"a-size-base prodDetAttrValue\">14,5 x 3,4 x 2,5 in\u00e7<\/td>\n<\/tr>\n<tr>\n<th class=\"a-color-secondary a-size-base prodDetSectionEntry\">Marka Ad\u0131<\/th>\n<td class=\"a-size-base prodDetAttrValue\">Crimson Trace<\/td>\n<\/tr>\n<tr>\n<th class=\"a-color-secondary a-size-base prodDetSectionEntry\">Garanti A\u00e7\u0131klamas\u0131<\/th>\n<td class=\"a-size-base prodDetAttrValue\">https:\/\/www.crimsontrace.com\/support\/warranty, TAM \u00d6M\u00dcR BOYU GARANTI<\/td>\n<\/tr>\n<tr>\n<th class=\"a-color-secondary a-size-base prodDetSectionEntry\">\u00d6nerilen Kullan\u0131c\u0131lar<\/th>\n<td class=\"a-size-base prodDetAttrValue\">unisex-yeti\u015fkin<\/td>\n<\/tr>\n<tr>\n<th class=\"a-color-secondary a-size-base prodDetSectionEntry\">\u00dcr\u00fcn Say\u0131s\u0131<\/th>\n<td class=\"a-size-base prodDetAttrValue\">1<\/td>\n<\/tr>\n<tr>\n<th class=\"a-color-secondary a-size-base prodDetSectionEntry\">Par\u00e7a Numaras\u0131<\/th>\n<td class=\"a-size-base prodDetAttrValue\">CTL-3420<\/td>\n<\/tr>\n<tr>\n<th class=\"a-color-secondary a-size-base prodDetSectionEntry\">Model Y\u0131l\u0131<\/th>\n<td class=\"a-size-base prodDetAttrValue\">2020<\/td>\n<\/tr>\n<tr>\n<th class=\"a-color-secondary a-size-base prodDetSectionEntry\">Dahil Edilen Bile\u015fenler<\/th>\n<td class=\"a-size-base prodDetAttrValue\">D\u00fcrb\u00fcn, Pil, Sistem K\u0131lavuzu, Reticle K\u0131lavuzu, Sistem Ara\u00e7lar\u0131, 2x Kapak, lens temizleme bezi<\/td>\n<\/tr>\n<tr>\n<th class=\"a-color-secondary a-size-base prodDetSectionEntry\">Boyut<\/th>\n<td class=\"a-size-base prodDetAttrValue\">Bir Beden<\/td>\n<\/tr>\n<tr>\n<th class=\"a-color-secondary a-size-base prodDetSectionEntry\">El Y\u00f6nlendirme<\/th>\n<td class=\"a-size-base prodDetAttrValue\">Sol\/Sa\u011f<\/td>\n<\/tr>\n<\/tbody>\n<\/table>\n<\/div>\n<\/div>\n<\/div>","protected":false},"excerpt":{"rendered":"<ul class=\"a-unordered-list a-vertical a-spacing-mini\">\n<li class=\"a-spacing-mini\"><span class=\"a-list-item\"> G\u00dc\u00c7: 4-20x50mm d\u00fcrb\u00fcn, 50mm objektif lensi sayesinde nesnelerin \u00e7\u0131plak g\u00f6zle g\u00f6r\u00fcld\u00fc\u011f\u00fcnden d\u00f6rt ila yirmi kat daha yak\u0131n g\u00f6r\u00fcnmesini sa\u011flar. <\/span><\/li>\n<li class=\"a-spacing-mini\"><span class=\"a-list-item\"> \u0130LK ODAK D\u00dcZLEM\u0130 (FFP): Cam Kaz\u0131nm\u0131\u015f, LR1-MIL Geli\u015fmi\u015f I\u015f\u0131kl\u0131 Retik\u00fcl, b\u00fcy\u00fctme mekanizmas\u0131n\u0131n \u00f6n\u00fcne oturur ve her menzilde do\u011fru Balistik tutma noktalar\u0131 sa\u011flamak i\u00e7in \u00f6l\u00e7eklenir. <\/span><\/li>\n<li class=\"a-spacing-mini\"><span class=\"a-list-item\"> LR1-MIL GELI\u015eMI\u015e RETIK\u00dcL ILE A\u00c7IK TARETLER: <\/span><\/li>\n<li class=\"a-spacing-mini\"><span class=\"a-list-item\"> KALI\u0307TELI\u0307 \u00dcRETI\u0307M: Tek par\u00e7a 30 mm anodize al\u00fcminyum ana boru, en zorlu ortamlar\u0131n \u00fcstesinden gelecek \u015fekilde \u00fcretilmi\u015ftir. <\/span><\/li>\n<\/ul>","protected":false},"featured_media":1509,"comment_status":"open","ping_status":"closed","template":"","meta":[],"etheme_brands":[{"term_id":45,"name":"Crimson Trace","slug":"crimson-trace","term_group":0,"term_taxonomy_id":45,"taxonomy":"brand","description":"Crimson Trace is a manufacturer dedicated to producing the highest quality laser sights, tactical lights, electronic sights, and riflescopes for your pistols, rifles, and shotguns.","parent":0,"count":6,"filter":"raw"}],"product_brand":[],"product_cat":[49],"product_tag":[],"class_list":{"0":"post-1504","1":"product","2":"type-product","3":"status-publish","4":"has-post-thumbnail","6":"brand-crimson-trace","7":"product_cat-rifle-scopes","9":"first","10":"instock","11":"sale","12":"taxable","13":"shipping-taxable","14":"purchasable","15":"product-type-simple"},"yoast_head":"<!-- This site is optimized with the Yoast SEO Premium plugin v25.7.1 (Yoast SEO v27.4) - https:\/\/yoast.com\/product\/yoast-seo-premium-wordpress\/ -->\n<title>Crimson Trace 4-20x50mm MIL\/FFP CTL-3420 - Hunter Optics<\/title>\n<meta name=\"description\" content=\"The CTL-3420 3 Series is a feature rich 4-20x50mm mid-range rifle scope that has been purposefully built from the ground up.\" \/>\n<meta name=\"robots\" content=\"index, follow, max-snippet:-1, max-image-preview:large, max-video-preview:-1\" \/>\n<link rel=\"canonical\" href=\"https:\/\/hunter-optics.com\/tr\/urun\/crimson-trace-4-20x50mm-mil-ffp-ctl-3420\/\" \/>\n<meta property=\"og:locale\" content=\"tr_TR\" \/>\n<meta property=\"og:type\" content=\"article\" \/>\n<meta property=\"og:title\" content=\"Crimson Trace 4-20x50mm MIL\/FFP CTL-3420\" \/>\n<meta property=\"og:description\" content=\"The CTL-3420 3 Series is a feature rich 4-20x50mm mid-range rifle scope that has been purposefully built from the ground up.\" \/>\n<meta property=\"og:url\" content=\"https:\/\/hunter-optics.com\/tr\/urun\/crimson-trace-4-20x50mm-mil-ffp-ctl-3420\/\" \/>\n<meta property=\"og:site_name\" content=\"Hunter Optics\" \/>\n<meta property=\"article:modified_time\" content=\"2025-07-31T06:24:20+00:00\" \/>\n<meta property=\"og:image\" content=\"https:\/\/hunter-optics.com\/wp-content\/uploads\/2025\/07\/CTL-3420.jpg\" \/>\n\t<meta property=\"og:image:width\" content=\"876\" \/>\n\t<meta property=\"og:image:height\" content=\"876\" \/>\n\t<meta property=\"og:image:type\" content=\"image\/jpeg\" \/>\n<meta name=\"twitter:card\" content=\"summary_large_image\" \/>\n<meta name=\"twitter:label1\" content=\"Fiyat\" \/>\n\t<meta name=\"twitter:data1\" content=\"&#036;669.99\" \/>\n\t<meta name=\"twitter:label2\" content=\"Durumu\" \/>\n\t<meta name=\"twitter:data2\" content=\"Stokta var\" \/>\n<script type=\"application\/ld+json\" class=\"yoast-schema-graph\">{\"@context\":\"https:\\\/\\\/schema.org\",\"@graph\":[{\"@type\":\"WebPage\",\"@id\":\"https:\\\/\\\/hunter-optics.com\\\/product\\\/crimson-trace-4-20x50mm-mil-ffp-ctl-3420\\\/\",\"url\":\"https:\\\/\\\/hunter-optics.com\\\/product\\\/crimson-trace-4-20x50mm-mil-ffp-ctl-3420\\\/\",\"name\":\"Crimson Trace 4-20x50mm MIL\\\/FFP CTL-3420 - Hunter Optics\",\"isPartOf\":{\"@id\":\"https:\\\/\\\/hunter-optics.com\\\/#website\"},\"primaryImageOfPage\":{\"@id\":\"https:\\\/\\\/hunter-optics.com\\\/product\\\/crimson-trace-4-20x50mm-mil-ffp-ctl-3420\\\/#primaryimage\"},\"image\":{\"@id\":\"https:\\\/\\\/hunter-optics.com\\\/product\\\/crimson-trace-4-20x50mm-mil-ffp-ctl-3420\\\/#primaryimage\"},\"thumbnailUrl\":\"https:\\\/\\\/hunter-optics.com\\\/wp-content\\\/uploads\\\/2025\\\/07\\\/CTL-3420.jpg\",\"datePublished\":\"2025-07-31T06:22:35+00:00\",\"dateModified\":\"2025-07-31T06:24:20+00:00\",\"description\":\"The CTL-3420 3 Series is a feature rich 4-20x50mm mid-range rifle scope that has been purposefully built from the ground up.\",\"breadcrumb\":{\"@id\":\"https:\\\/\\\/hunter-optics.com\\\/product\\\/crimson-trace-4-20x50mm-mil-ffp-ctl-3420\\\/#breadcrumb\"},\"inLanguage\":\"tr\",\"potentialAction\":[{\"@type\":\"ReadAction\",\"target\":[\"https:\\\/\\\/hunter-optics.com\\\/product\\\/crimson-trace-4-20x50mm-mil-ffp-ctl-3420\\\/\"]}]},{\"@type\":\"ImageObject\",\"inLanguage\":\"tr\",\"@id\":\"https:\\\/\\\/hunter-optics.com\\\/product\\\/crimson-trace-4-20x50mm-mil-ffp-ctl-3420\\\/#primaryimage\",\"url\":\"https:\\\/\\\/hunter-optics.com\\\/wp-content\\\/uploads\\\/2025\\\/07\\\/CTL-3420.jpg\",\"contentUrl\":\"https:\\\/\\\/hunter-optics.com\\\/wp-content\\\/uploads\\\/2025\\\/07\\\/CTL-3420.jpg\",\"width\":876,\"height\":876},{\"@type\":\"BreadcrumbList\",\"@id\":\"https:\\\/\\\/hunter-optics.com\\\/product\\\/crimson-trace-4-20x50mm-mil-ffp-ctl-3420\\\/#breadcrumb\",\"itemListElement\":[{\"@type\":\"ListItem\",\"position\":1,\"name\":\"Home\",\"item\":\"https:\\\/\\\/hunter-optics.com\\\/\"},{\"@type\":\"ListItem\",\"position\":2,\"name\":\"Products\",\"item\":\"https:\\\/\\\/hunter-optics.com\\\/shop\\\/\"},{\"@type\":\"ListItem\",\"position\":3,\"name\":\"Crimson Trace 4-20x50mm MIL\\\/FFP CTL-3420\"}]},{\"@type\":\"WebSite\",\"@id\":\"https:\\\/\\\/hunter-optics.com\\\/#website\",\"url\":\"https:\\\/\\\/hunter-optics.com\\\/\",\"name\":\"Hunter Optics\",\"description\":\"Hunter Optics \u2014 Your Eye on the Target.\",\"publisher\":{\"@id\":\"https:\\\/\\\/hunter-optics.com\\\/#organization\"},\"potentialAction\":[{\"@type\":\"SearchAction\",\"target\":{\"@type\":\"EntryPoint\",\"urlTemplate\":\"https:\\\/\\\/hunter-optics.com\\\/?s={search_term_string}\"},\"query-input\":{\"@type\":\"PropertyValueSpecification\",\"valueRequired\":true,\"valueName\":\"search_term_string\"}}],\"inLanguage\":\"tr\"},{\"@type\":\"Organization\",\"@id\":\"https:\\\/\\\/hunter-optics.com\\\/#organization\",\"name\":\"Hunter Optics\",\"url\":\"https:\\\/\\\/hunter-optics.com\\\/\",\"logo\":{\"@type\":\"ImageObject\",\"inLanguage\":\"tr\",\"@id\":\"https:\\\/\\\/hunter-optics.com\\\/#\\\/schema\\\/logo\\\/image\\\/\",\"url\":\"https:\\\/\\\/hunter-optics.com\\\/wp-content\\\/uploads\\\/2025\\\/06\\\/hunter-optics-logo-1.png\",\"contentUrl\":\"https:\\\/\\\/hunter-optics.com\\\/wp-content\\\/uploads\\\/2025\\\/06\\\/hunter-optics-logo-1.png\",\"width\":937,\"height\":373,\"caption\":\"Hunter Optics\"},\"image\":{\"@id\":\"https:\\\/\\\/hunter-optics.com\\\/#\\\/schema\\\/logo\\\/image\\\/\"}}]}<\/script>\n<meta property=\"product:brand\" content=\"Crimson Trace\" \/>\n<meta property=\"product:price:amount\" content=\"669.99\" \/>\n<meta property=\"product:price:currency\" content=\"USD\" \/>\n<meta property=\"og:availability\" content=\"instock\" \/>\n<meta property=\"product:availability\" content=\"instock\" \/>\n<meta property=\"product:condition\" content=\"new\" \/>\n<!-- \/ Yoast SEO Premium plugin. -->","yoast_head_json":{"title":"Crimson Trace 4-20x50mm MIL\/FFP CTL-3420 - Avc\u0131 Optikleri","description":"CTL-3420 3 Serisi, s\u0131f\u0131rdan \u00f6zel olarak \u00fcretilmi\u015f, zengin \u00f6zelliklere sahip 4-20x50mm orta menzilli bir t\u00fcfek d\u00fcrb\u00fcn\u00fcd\u00fcr.","robots":{"index":"index","follow":"follow","max-snippet":"max-snippet:-1","max-image-preview":"max-image-preview:large","max-video-preview":"max-video-preview:-1"},"canonical":"https:\/\/hunter-optics.com\/tr\/urun\/crimson-trace-4-20x50mm-mil-ffp-ctl-3420\/","og_locale":"tr_TR","og_type":"article","og_title":"Crimson Trace 4-20x50mm MIL\/FFP CTL-3420","og_description":"The CTL-3420 3 Series is a feature rich 4-20x50mm mid-range rifle scope that has been purposefully built from the ground up.","og_url":"https:\/\/hunter-optics.com\/tr\/urun\/crimson-trace-4-20x50mm-mil-ffp-ctl-3420\/","og_site_name":"Hunter Optics","article_modified_time":"2025-07-31T06:24:20+00:00","og_image":[{"width":876,"height":876,"url":"https:\/\/hunter-optics.com\/wp-content\/uploads\/2025\/07\/CTL-3420.jpg","type":"image\/jpeg"}],"twitter_card":"summary_large_image","twitter_misc":{"Fiyat":"&#36;669.99","Durumu":"Stokta var"},"schema":{"@context":"https:\/\/schema.org","@graph":[{"@type":"WebPage","@id":"https:\/\/hunter-optics.com\/product\/crimson-trace-4-20x50mm-mil-ffp-ctl-3420\/","url":"https:\/\/hunter-optics.com\/product\/crimson-trace-4-20x50mm-mil-ffp-ctl-3420\/","name":"Crimson Trace 4-20x50mm MIL\/FFP CTL-3420 - Avc\u0131 Optikleri","isPartOf":{"@id":"https:\/\/hunter-optics.com\/#website"},"primaryImageOfPage":{"@id":"https:\/\/hunter-optics.com\/product\/crimson-trace-4-20x50mm-mil-ffp-ctl-3420\/#primaryimage"},"image":{"@id":"https:\/\/hunter-optics.com\/product\/crimson-trace-4-20x50mm-mil-ffp-ctl-3420\/#primaryimage"},"thumbnailUrl":"https:\/\/hunter-optics.com\/wp-content\/uploads\/2025\/07\/CTL-3420.jpg","datePublished":"2025-07-31T06:22:35+00:00","dateModified":"2025-07-31T06:24:20+00:00","description":"CTL-3420 3 Serisi, s\u0131f\u0131rdan \u00f6zel olarak \u00fcretilmi\u015f, zengin \u00f6zelliklere sahip 4-20x50mm orta menzilli bir t\u00fcfek d\u00fcrb\u00fcn\u00fcd\u00fcr.","breadcrumb":{"@id":"https:\/\/hunter-optics.com\/product\/crimson-trace-4-20x50mm-mil-ffp-ctl-3420\/#breadcrumb"},"inLanguage":"tr","potentialAction":[{"@type":"ReadAction","target":["https:\/\/hunter-optics.com\/product\/crimson-trace-4-20x50mm-mil-ffp-ctl-3420\/"]}]},{"@type":"ImageObject","inLanguage":"tr","@id":"https:\/\/hunter-optics.com\/product\/crimson-trace-4-20x50mm-mil-ffp-ctl-3420\/#primaryimage","url":"https:\/\/hunter-optics.com\/wp-content\/uploads\/2025\/07\/CTL-3420.jpg","contentUrl":"https:\/\/hunter-optics.com\/wp-content\/uploads\/2025\/07\/CTL-3420.jpg","width":876,"height":876},{"@type":"BreadcrumbList","@id":"https:\/\/hunter-optics.com\/product\/crimson-trace-4-20x50mm-mil-ffp-ctl-3420\/#breadcrumb","itemListElement":[{"@type":"ListItem","position":1,"name":"Home","item":"https:\/\/hunter-optics.com\/"},{"@type":"ListItem","position":2,"name":"Products","item":"https:\/\/hunter-optics.com\/shop\/"},{"@type":"ListItem","position":3,"name":"Crimson Trace 4-20x50mm MIL\/FFP CTL-3420"}]},{"@type":"WebSite","@id":"https:\/\/hunter-optics.com\/#website","url":"https:\/\/hunter-optics.com\/","name":"Avc\u0131 Optikleri","description":"Avc\u0131 Opti\u011fi - G\u00f6z\u00fcn\u00fcz Hedefte.","publisher":{"@id":"https:\/\/hunter-optics.com\/#organization"},"potentialAction":[{"@type":"SearchAction","target":{"@type":"EntryPoint","urlTemplate":"https:\/\/hunter-optics.com\/?s={search_term_string}"},"query-input":{"@type":"PropertyValueSpecification","valueRequired":true,"valueName":"search_term_string"}}],"inLanguage":"tr"},{"@type":"Organization","@id":"https:\/\/hunter-optics.com\/#organization","name":"Avc\u0131 Optikleri","url":"https:\/\/hunter-optics.com\/","logo":{"@type":"ImageObject","inLanguage":"tr","@id":"https:\/\/hunter-optics.com\/#\/schema\/logo\/image\/","url":"https:\/\/hunter-optics.com\/wp-content\/uploads\/2025\/06\/hunter-optics-logo-1.png","contentUrl":"https:\/\/hunter-optics.com\/wp-content\/uploads\/2025\/06\/hunter-optics-logo-1.png","width":937,"height":373,"caption":"Hunter Optics"},"image":{"@id":"https:\/\/hunter-optics.com\/#\/schema\/logo\/image\/"}}]},"product_brand":"Crimson Trace","product_price_amount":"669.99","product_price_currency":"USD","og_availability":"instock","product_availability":"instock","product_condition":"new"},"_links":{"self":[{"href":"https:\/\/hunter-optics.com\/tr\/wp-json\/wp\/v2\/product\/1504","targetHints":{"allow":["GET"]}}],"collection":[{"href":"https:\/\/hunter-optics.com\/tr\/wp-json\/wp\/v2\/product"}],"about":[{"href":"https:\/\/hunter-optics.com\/tr\/wp-json\/wp\/v2\/types\/product"}],"replies":[{"embeddable":true,"href":"https:\/\/hunter-optics.com\/tr\/wp-json\/wp\/v2\/comments?post=1504"}],"version-history":[{"count":1,"href":"https:\/\/hunter-optics.com\/tr\/wp-json\/wp\/v2\/product\/1504\/revisions"}],"predecessor-version":[{"id":1512,"href":"https:\/\/hunter-optics.com\/tr\/wp-json\/wp\/v2\/product\/1504\/revisions\/1512"}],"wp:featuredmedia":[{"embeddable":true,"href":"https:\/\/hunter-optics.com\/tr\/wp-json\/wp\/v2\/media\/1509"}],"wp:attachment":[{"href":"https:\/\/hunter-optics.com\/tr\/wp-json\/wp\/v2\/media?parent=1504"}],"wp:term":[{"taxonomy":"brand","embeddable":true,"href":"https:\/\/hunter-optics.com\/tr\/wp-json\/wp\/v2\/etheme_brands?post=1504"},{"taxonomy":"product_brand","embeddable":true,"href":"https:\/\/hunter-optics.com\/tr\/wp-json\/wp\/v2\/product_brand?post=1504"},{"taxonomy":"product_cat","embeddable":true,"href":"https:\/\/hunter-optics.com\/tr\/wp-json\/wp\/v2\/product_cat?post=1504"},{"taxonomy":"product_tag","embeddable":true,"href":"https:\/\/hunter-optics.com\/tr\/wp-json\/wp\/v2\/product_tag?post=1504"}],"curies":[{"name":"wp","href":"https:\/\/api.w.org\/{rel}","templated":true}]}}