{"id":1489,"date":"2025-07-29T09:38:29","date_gmt":"2025-07-29T09:38:29","guid":{"rendered":"https:\/\/hunter-optics.com\/?post_type=product&#038;p=1489"},"modified":"2025-07-31T06:10:29","modified_gmt":"2025-07-31T06:10:29","slug":"crimson-trace-5-seri%cc%87-3-18x50mm-ctl-5318","status":"publish","type":"product","link":"https:\/\/hunter-optics.com\/tr\/urun\/crimson-trace-5-seri%cc%87-3-18x50mm-ctl-5318\/","title":{"rendered":"Crimson Trace 5 Serisi 3-18x50mm CTL-5318"},"content":{"rendered":"<h2 id=\"caption-header\">Crimson Trace 5 Serisi 3-18x50mm Taktik T\u00fcfek D\u00fcrb\u00fcn\u00fc i\u00e7in \u00dcr\u00fcn Bilgisi<\/h2>\n<div>\n<div id=\"product-caption-block-description\" class=\"product-caption-block product-caption-block\">\n<p>Crimson Trace CTL-5318 5 Serisi, s\u0131f\u0131rdan tasarlanm\u0131\u015f, zengin \u00f6zelliklere sahip 3-18x50mm orta menzilli bir t\u00fcfek d\u00fcrb\u00fcn\u00fcd\u00fcr. D\u00fcrb\u00fcn \u0130lk Odak D\u00fczlemi (FFP) ve etkileyici Japon ED cam netli\u011fi benzersiz bir at\u0131\u015f deneyimi sa\u011flar. \u00d6zel olarak tasarlanm\u0131\u015f MR1-MIL geli\u015fmi\u015f retik\u00fcl tamamen ayd\u0131nlat\u0131lm\u0131\u015ft\u0131r ve windage ve elevasyon i\u00e7in h\u0131zl\u0131 tutma noktalar\u0131 sunar. A\u00e7\u0131kta kalan .1 MIL taktik taretler, en isabetli at\u0131\u015flar i\u00e7in arama yaparken hassas ve sa\u011flam bir his sa\u011flar. Crimson Trace D\u00fcrb\u00fcn Serisinin tamam\u0131, h\u0131zl\u0131 ve tam montaj i\u00e7in EZ Montaj Seviyeleme G\u00f6stergeleri ve do\u011fru g\u00f6z yerle\u015fimi i\u00e7in k\u0131rm\u0131z\u0131 hizalama halkas\u0131 sunar. T\u00fcm Crimson Trace D\u00fcrb\u00fcnleri \u00d6m\u00fcr Boyu \u00dcCRETS\u0130Z Pil program\u0131n\u0131n bir par\u00e7as\u0131d\u0131r ve \u00d6m\u00fcr Boyu Koruma Garantisi kapsam\u0131ndad\u0131r.\u0130lk Odak D\u00fczlemi (FFP): Cam kaz\u0131nm\u0131\u015f MR1-MIL Geli\u015fmi\u015f Ayd\u0131nlatmal\u0131 retik\u00fcl, herhangi bir aral\u0131kta do\u011fru balistik tutma noktalar\u0131 sa\u011flamak i\u00e7in \u00f6l\u00e7eklendirilmi\u015f b\u00fcy\u00fctme mekanizmas\u0131n\u0131n \u00f6n\u00fcnde oturur. Bu \u00f6zellik, retik\u00fcl\u00fcn b\u00fcy\u00fctme \u00f6l\u00e7e\u011finin herhangi bir yerinde ni\u015fan al\u0131nmas\u0131na ve hassas menzil \u00f6l\u00e7\u00fcmlerine olanak tan\u0131r. \u00c7ok say\u0131da windage tutma noktas\u0131, s\u00fcrekli de\u011fi\u015fen \u00e7evresel ko\u015fullar s\u0131ras\u0131nda an\u0131nda ayarlamalara olanak tan\u0131r. Premium Tamamen \u00c7ok Kaplamal\u0131 ED Cam, g\u00f6rsel spektrum boyunca geli\u015fmi\u015f g\u00f6r\u00fcnt\u00fc kalitesi sa\u011flar. 3-18x50mm d\u00fcrb\u00fcn, 50mm Objektif Lensi ile nesnelerin \u00e7\u0131plak g\u00f6zle g\u00f6r\u00fcld\u00fc\u011f\u00fcnden \u00fc\u00e7 ila on sekiz kat daha yak\u0131n g\u00f6r\u00fcnmesini sa\u011flarMR1-MIL Geli\u015fmi\u015f Retik\u00fcl ile a\u00e7\u0131k taretler: Y\u00fckseklik ve windage ayarlar\u0131na izin vermek, 5 Serisini hafifken uzun menzilli hassas avc\u0131l\u0131k uygulamalar\u0131 i\u00e7in ideal k\u0131larBasitle\u015ftirilmi\u015f s\u0131f\u0131ra d\u00f6n\u00fc\u015f i\u00e7in S\u0131f\u0131r Durdurma ve 2. d\u00f6n\u00fc\u015f g\u00f6stergesiOdaklanm\u0131\u015f bir retik\u00fcl\u00fc korumak i\u00e7in diyoptri ayarl\u0131 inan\u0131lmaz derecede affedici g\u00f6z kutusu Tek par\u00e7a 30mm Eloksall\u0131 Al\u00fcminyum ana t\u00fcp, en zorlu ortamlar\u0131n \u00fcstesinden gelmek i\u00e7in \u00fcretilmi\u015ftir\u00c7izilmelere, ya\u011fa ve d\u00f6k\u00fcnt\u00fclere kar\u015f\u0131 korumak i\u00e7in kaplamal\u0131 lenslerle su ge\u00e7irmez ve Sis ge\u00e7irmezAzot tasfiyeli ve O-Ring s\u0131zd\u0131rmaz<img loading=\"lazy\" decoding=\"async\" src=\"https:\/\/opl.0ps.us\/assets-1d43849faec\/base\/opweb\/base\/desktop\/img\/pixels\/description-product-pixel.gif\" alt=\"g\u00f6r\u00fcnt\u00fc\" width=\"1\" height=\"1\" \/>.<\/p>\n<div id=\"product-caption-block-manufacture-specification\" class=\"product-caption-block product-caption-block\">\n<h3>Crimson Trace 5 Serisi 3-18x50mm Taktik T\u00fcfek D\u00fcrb\u00fcn\u00fc i\u00e7in \u00d6zellikler:<\/h3>\n<table class=\"spec-table\" border=\"0\" cellspacing=\"0\" cellpadding=\"0\">\n<tbody>\n<tr>\n<td class=\"spec-left-column\">\u00dcretici firma:<\/td>\n<td width=\"50%\">Crimson Trace<\/td>\n<\/tr>\n<tr>\n<td class=\"spec-left-column\">Objektif Lens \u00c7ap\u0131:<\/td>\n<td width=\"50%\">50 mm<\/td>\n<\/tr>\n<tr>\n<td class=\"spec-left-column\">B\u00fcy\u00fctme:<\/td>\n<td width=\"50%\">3 - 18 x<\/td>\n<\/tr>\n<tr>\n<td class=\"spec-left-column\">Reticle:<\/td>\n<td width=\"50%\">MR1-MIL I\u015f\u0131kl\u0131 Reticle<\/td>\n<\/tr>\n<tr>\n<td class=\"spec-left-column\">T\u00fcp \u00c7ap\u0131:<\/td>\n<td width=\"50%\">34 mm<\/td>\n<\/tr>\n<tr>\n<td class=\"spec-left-column\">Reticle Odak D\u00fczlemi:<\/td>\n<td width=\"50%\">Birinci Odak D\u00fczlemi (FFP)<\/td>\n<\/tr>\n<tr>\n<td class=\"spec-left-column\">\u00d6\u011frenciden \u00e7\u0131k:<\/td>\n<td width=\"50%\">2,8 - 9 mm<\/td>\n<\/tr>\n<tr>\n<td class=\"spec-left-column\">Ayd\u0131nlatma Rengi:<\/td>\n<td width=\"50%\">K\u0131rm\u0131z\u0131<\/td>\n<\/tr>\n<tr>\n<td class=\"spec-left-column\">Bitir:<\/td>\n<td width=\"50%\">Mat<\/td>\n<\/tr>\n<tr>\n<td class=\"spec-left-column\">G\u00f6r\u00fc\u015f Alan\u0131, Do\u011frusal:<\/td>\n<td width=\"50%\">100 yds'de 33,2 ft<\/td>\n<\/tr>\n<tr>\n<td class=\"spec-left-column\">G\u00f6z R\u00f6lyefi:<\/td>\n<td width=\"50%\">3,5 in\u00e7<\/td>\n<\/tr>\n<tr>\n<td class=\"spec-left-column\">Diyoptri Ayar Aral\u0131\u011f\u0131:<\/td>\n<td width=\"50%\">-3 - 2 dpt<\/td>\n<\/tr>\n<tr>\n<td class=\"spec-left-column\">Renk:<\/td>\n<td width=\"50%\">Siyah<\/td>\n<\/tr>\n<tr>\n<td class=\"spec-left-column\">Ayarlama T\u0131klama De\u011feri:<\/td>\n<td width=\"50%\">0,1 Mil Rad<\/td>\n<\/tr>\n<tr>\n<td class=\"spec-left-column\">Uzunluk:<\/td>\n<td width=\"50%\">17 i\u00e7inde<\/td>\n<\/tr>\n<tr>\n<td class=\"spec-left-column\">Ayarlama Tipi:<\/td>\n<td width=\"50%\">Mil Rad<\/td>\n<\/tr>\n<tr>\n<td class=\"spec-left-column\">Paralaks:<\/td>\n<td width=\"50%\">Sonsuzlu\u011fa 10 yds<\/td>\n<\/tr>\n<tr>\n<td class=\"spec-left-column\">Ayd\u0131nlatma Tipi:<\/td>\n<td width=\"50%\">LED<\/td>\n<\/tr>\n<tr>\n<td class=\"spec-left-column\">Pil Tipi:<\/td>\n<td width=\"50%\">CR2032<\/td>\n<\/tr>\n<tr>\n<td class=\"spec-left-column\">Geni\u015flik:<\/td>\n<td width=\"50%\">4,75 in\u00e7<\/td>\n<\/tr>\n<tr>\n<td class=\"spec-left-column\">Kuma\u015f\/Malzeme:<\/td>\n<td width=\"50%\">6061-T6 U\u00e7ak Al\u00fcminyum Tek Par\u00e7a Boru<\/td>\n<\/tr>\n<tr>\n<td class=\"spec-left-column\">Y\u00fckseklik:<\/td>\n<td width=\"50%\">50 mm<\/td>\n<\/tr>\n<tr>\n<td class=\"spec-left-column\">Odak Aral\u0131\u011f\u0131:<\/td>\n<td width=\"50%\">Sonsuzlu\u011fa 10 yds<\/td>\n<\/tr>\n<tr>\n<td class=\"spec-left-column\">Lens Malzemesi:<\/td>\n<td width=\"50%\">ED Cam<\/td>\n<\/tr>\n<tr>\n<td class=\"spec-left-column\">Optik Kaplama:<\/td>\n<td width=\"50%\">Tamamen \u00c7oklu Kaplamal\u0131<\/td>\n<\/tr>\n<tr>\n<td class=\"spec-left-column\">\u00c7al\u0131\u015fma S\u0131cakl\u0131\u011f\u0131:<\/td>\n<td width=\"50%\">-10 - 50 Santigrat<\/td>\n<\/tr>\n<tr>\n<td class=\"spec-left-column\">Suya Dayan\u0131kl\u0131l\u0131k Seviyesi:<\/td>\n<td width=\"50%\">Su ge\u00e7irmez<\/td>\n<\/tr>\n<tr>\n<td class=\"spec-left-column\">Sis ge\u00e7irmez:<\/td>\n<td width=\"50%\">Evet<\/td>\n<\/tr>\n<tr>\n<td class=\"spec-left-column\">Pil Miktar\u0131:<\/td>\n<td width=\"50%\">1<\/td>\n<\/tr>\n<tr>\n<td class=\"spec-left-column\">Birlikte Verilen Aksesuarlar:<\/td>\n<td width=\"50%\">Lens Temizleme Bezi, Pil, Kapaklar<\/td>\n<\/tr>\n<tr>\n<td class=\"spec-left-column\">B\u00fcy\u00fctme Tipi:<\/td>\n<td width=\"50%\">De\u011fi\u015fken<\/td>\n<\/tr>\n<tr>\n<td class=\"spec-left-column\">Ek \u00d6zellikler:<\/td>\n<td width=\"50%\">S\u0131f\u0131rlama<\/td>\n<\/tr>\n<tr>\n<td class=\"spec-left-column\">Y\u00fcz\u00fck Y\u00fcksekli\u011fi:<\/td>\n<td width=\"50%\">34 mm<\/td>\n<\/tr>\n<tr>\n<td class=\"spec-left-column\">Eklenti T\u00fcr\u00fc:<\/td>\n<td width=\"50%\">T\u00fcfek D\u00fcrb\u00fcn\u00fc Halkas\u0131<\/td>\n<\/tr>\n<\/tbody>\n<\/table>\n<\/div>\n<\/div>\n<\/div>","protected":false},"excerpt":{"rendered":"<p><span class=\"IpNPnb\" data-spec-name=\"Reticle\"><strong>Reticle: <\/strong>MR1-MIL I\u015f\u0131kl\u0131 Reticle <\/span><span class=\"IpNPnb\" data-spec-name=\"Tube Diameter\"><strong>T\u00fcp \u00c7ap\u0131: <\/strong>34 mm<\/span><span class=\"IpNPnb\" data-spec-name=\"Reticle Focal Plane\"><strong>Reticle Odak D\u00fczlemi: <\/strong>Birinci Odak D\u00fczlemi (FFP) <\/span><span class=\"IpNPnb\" data-spec-name=\"Illumination Color\"><strong>Ayd\u0131nlatma Rengi: <\/strong>K\u0131rm\u0131z\u0131 <\/span><span class=\"IpNPnb\" data-spec-name=\"Finish\"><strong>Bitir: <\/strong>Mat <\/span><span class=\"IpNPnb\" data-spec-name=\"Color\"><strong>Renk: <\/strong>Siyah <\/span><span class=\"IpNPnb\" data-spec-name=\"Adjustment Click Value\"><strong>Ayarlama T\u0131klama De\u011feri: <\/strong>0,1 Mil Rad<\/span><span class=\"IpNPnb\" data-spec-name=\"Adjustment Type\"><strong>Ayarlama Tipi: <\/strong>Mil Rad <\/span><span class=\"IpNPnb\" data-spec-name=\"Illumination Type\"><strong>Ayd\u0131nlatma Tipi: <\/strong>LED <\/span><\/p>","protected":false},"featured_media":1490,"comment_status":"open","ping_status":"closed","template":"","meta":[],"etheme_brands":[{"term_id":45,"name":"Crimson Trace","slug":"crimson-trace","term_group":0,"term_taxonomy_id":45,"taxonomy":"brand","description":"Crimson Trace is a manufacturer dedicated to producing the highest quality laser sights, tactical lights, electronic sights, and riflescopes for your pistols, rifles, and shotguns.","parent":0,"count":6,"filter":"raw"}],"product_brand":[],"product_cat":[49],"product_tag":[],"class_list":{"0":"post-1489","1":"product","2":"type-product","3":"status-publish","4":"has-post-thumbnail","6":"brand-crimson-trace","7":"product_cat-rifle-scopes","9":"first","10":"instock","11":"sale","12":"taxable","13":"shipping-taxable","14":"purchasable","15":"product-type-simple"},"yoast_head":"<!-- This site is optimized with the Yoast SEO Premium plugin v25.7.1 (Yoast SEO v27.4) - https:\/\/yoast.com\/product\/yoast-seo-premium-wordpress\/ -->\n<title>Crimson Trace 5 Series 3-18x50mm CTL-5318 - Hunter Optics<\/title>\n<meta name=\"description\" content=\"The Crimson Trace 5 Series 3-18x50mm CTL-5318 is a feature rich 3-18x50mm mid-range rifle scope that has been purposefully built from the ground up.\" \/>\n<meta name=\"robots\" content=\"index, follow, max-snippet:-1, max-image-preview:large, max-video-preview:-1\" \/>\n<link rel=\"canonical\" href=\"https:\/\/hunter-optics.com\/tr\/urun\/crimson-trace-5-seri\u0307-3-18x50mm-ctl-5318\/\" \/>\n<meta property=\"og:locale\" content=\"tr_TR\" \/>\n<meta property=\"og:type\" content=\"article\" \/>\n<meta property=\"og:title\" content=\"Crimson Trace 5 Series 3-18x50mm CTL-5318\" \/>\n<meta property=\"og:description\" content=\"The Crimson Trace 5 Series 3-18x50mm CTL-5318 is a feature rich 3-18x50mm mid-range rifle scope that has been purposefully built from the ground up.\" \/>\n<meta property=\"og:url\" content=\"https:\/\/hunter-optics.com\/tr\/urun\/crimson-trace-5-seri\u0307-3-18x50mm-ctl-5318\/\" \/>\n<meta property=\"og:site_name\" content=\"Hunter Optics\" \/>\n<meta property=\"article:modified_time\" content=\"2025-07-31T06:10:29+00:00\" \/>\n<meta property=\"og:image\" content=\"https:\/\/hunter-optics.com\/wp-content\/uploads\/2025\/07\/Crimson-Trace-5-Series-3-18x50mm-CTL-5318.jpg\" \/>\n\t<meta property=\"og:image:width\" content=\"876\" \/>\n\t<meta property=\"og:image:height\" content=\"876\" \/>\n\t<meta property=\"og:image:type\" content=\"image\/jpeg\" \/>\n<meta name=\"twitter:card\" content=\"summary_large_image\" \/>\n<meta name=\"twitter:label1\" content=\"Fiyat\" \/>\n\t<meta name=\"twitter:data1\" content=\"&#036;769.99\" \/>\n\t<meta name=\"twitter:label2\" content=\"Durumu\" \/>\n\t<meta name=\"twitter:data2\" content=\"Stokta var\" \/>\n<script type=\"application\/ld+json\" class=\"yoast-schema-graph\">{\"@context\":\"https:\\\/\\\/schema.org\",\"@graph\":[{\"@type\":\"WebPage\",\"@id\":\"https:\\\/\\\/hunter-optics.com\\\/product\\\/crimson-trace-5-series-3-18x50mm-ctl-5318\\\/\",\"url\":\"https:\\\/\\\/hunter-optics.com\\\/product\\\/crimson-trace-5-series-3-18x50mm-ctl-5318\\\/\",\"name\":\"Crimson Trace 5 Series 3-18x50mm CTL-5318 - Hunter Optics\",\"isPartOf\":{\"@id\":\"https:\\\/\\\/hunter-optics.com\\\/#website\"},\"primaryImageOfPage\":{\"@id\":\"https:\\\/\\\/hunter-optics.com\\\/product\\\/crimson-trace-5-series-3-18x50mm-ctl-5318\\\/#primaryimage\"},\"image\":{\"@id\":\"https:\\\/\\\/hunter-optics.com\\\/product\\\/crimson-trace-5-series-3-18x50mm-ctl-5318\\\/#primaryimage\"},\"thumbnailUrl\":\"https:\\\/\\\/hunter-optics.com\\\/wp-content\\\/uploads\\\/2025\\\/07\\\/Crimson-Trace-5-Series-3-18x50mm-CTL-5318.jpg\",\"datePublished\":\"2025-07-29T09:38:29+00:00\",\"dateModified\":\"2025-07-31T06:10:29+00:00\",\"description\":\"The Crimson Trace 5 Series 3-18x50mm CTL-5318 is a feature rich 3-18x50mm mid-range rifle scope that has been purposefully built from the ground up.\",\"breadcrumb\":{\"@id\":\"https:\\\/\\\/hunter-optics.com\\\/product\\\/crimson-trace-5-series-3-18x50mm-ctl-5318\\\/#breadcrumb\"},\"inLanguage\":\"tr\",\"potentialAction\":[{\"@type\":\"ReadAction\",\"target\":[\"https:\\\/\\\/hunter-optics.com\\\/product\\\/crimson-trace-5-series-3-18x50mm-ctl-5318\\\/\"]}]},{\"@type\":\"ImageObject\",\"inLanguage\":\"tr\",\"@id\":\"https:\\\/\\\/hunter-optics.com\\\/product\\\/crimson-trace-5-series-3-18x50mm-ctl-5318\\\/#primaryimage\",\"url\":\"https:\\\/\\\/hunter-optics.com\\\/wp-content\\\/uploads\\\/2025\\\/07\\\/Crimson-Trace-5-Series-3-18x50mm-CTL-5318.jpg\",\"contentUrl\":\"https:\\\/\\\/hunter-optics.com\\\/wp-content\\\/uploads\\\/2025\\\/07\\\/Crimson-Trace-5-Series-3-18x50mm-CTL-5318.jpg\",\"width\":876,\"height\":876},{\"@type\":\"BreadcrumbList\",\"@id\":\"https:\\\/\\\/hunter-optics.com\\\/product\\\/crimson-trace-5-series-3-18x50mm-ctl-5318\\\/#breadcrumb\",\"itemListElement\":[{\"@type\":\"ListItem\",\"position\":1,\"name\":\"Home\",\"item\":\"https:\\\/\\\/hunter-optics.com\\\/\"},{\"@type\":\"ListItem\",\"position\":2,\"name\":\"Products\",\"item\":\"https:\\\/\\\/hunter-optics.com\\\/shop\\\/\"},{\"@type\":\"ListItem\",\"position\":3,\"name\":\"Crimson Trace 5 Series 3-18x50mm CTL-5318\"}]},{\"@type\":\"WebSite\",\"@id\":\"https:\\\/\\\/hunter-optics.com\\\/#website\",\"url\":\"https:\\\/\\\/hunter-optics.com\\\/\",\"name\":\"Hunter Optics\",\"description\":\"Hunter Optics \u2014 Your Eye on the Target.\",\"publisher\":{\"@id\":\"https:\\\/\\\/hunter-optics.com\\\/#organization\"},\"potentialAction\":[{\"@type\":\"SearchAction\",\"target\":{\"@type\":\"EntryPoint\",\"urlTemplate\":\"https:\\\/\\\/hunter-optics.com\\\/?s={search_term_string}\"},\"query-input\":{\"@type\":\"PropertyValueSpecification\",\"valueRequired\":true,\"valueName\":\"search_term_string\"}}],\"inLanguage\":\"tr\"},{\"@type\":\"Organization\",\"@id\":\"https:\\\/\\\/hunter-optics.com\\\/#organization\",\"name\":\"Hunter Optics\",\"url\":\"https:\\\/\\\/hunter-optics.com\\\/\",\"logo\":{\"@type\":\"ImageObject\",\"inLanguage\":\"tr\",\"@id\":\"https:\\\/\\\/hunter-optics.com\\\/#\\\/schema\\\/logo\\\/image\\\/\",\"url\":\"https:\\\/\\\/hunter-optics.com\\\/wp-content\\\/uploads\\\/2025\\\/06\\\/hunter-optics-logo-1.png\",\"contentUrl\":\"https:\\\/\\\/hunter-optics.com\\\/wp-content\\\/uploads\\\/2025\\\/06\\\/hunter-optics-logo-1.png\",\"width\":937,\"height\":373,\"caption\":\"Hunter Optics\"},\"image\":{\"@id\":\"https:\\\/\\\/hunter-optics.com\\\/#\\\/schema\\\/logo\\\/image\\\/\"}}]}<\/script>\n<meta property=\"product:brand\" content=\"Crimson Trace\" \/>\n<meta property=\"product:price:amount\" content=\"769.99\" \/>\n<meta property=\"product:price:currency\" content=\"USD\" \/>\n<meta property=\"og:availability\" content=\"instock\" \/>\n<meta property=\"product:availability\" content=\"instock\" \/>\n<meta property=\"product:condition\" content=\"new\" \/>\n<!-- \/ Yoast SEO Premium plugin. -->","yoast_head_json":{"title":"Crimson Trace 5 Serisi 3-18x50mm CTL-5318 - Avc\u0131 Optikleri","description":"Crimson Trace 5 Serisi 3-18x50mm CTL-5318, s\u0131f\u0131rdan \u00f6zel olarak \u00fcretilmi\u015f, zengin \u00f6zelliklere sahip 3-18x50mm orta menzilli bir t\u00fcfek d\u00fcrb\u00fcn\u00fcd\u00fcr.","robots":{"index":"index","follow":"follow","max-snippet":"max-snippet:-1","max-image-preview":"max-image-preview:large","max-video-preview":"max-video-preview:-1"},"canonical":"https:\/\/hunter-optics.com\/tr\/urun\/crimson-trace-5-seri\u0307-3-18x50mm-ctl-5318\/","og_locale":"tr_TR","og_type":"article","og_title":"Crimson Trace 5 Series 3-18x50mm CTL-5318","og_description":"The Crimson Trace 5 Series 3-18x50mm CTL-5318 is a feature rich 3-18x50mm mid-range rifle scope that has been purposefully built from the ground up.","og_url":"https:\/\/hunter-optics.com\/tr\/urun\/crimson-trace-5-seri\u0307-3-18x50mm-ctl-5318\/","og_site_name":"Hunter Optics","article_modified_time":"2025-07-31T06:10:29+00:00","og_image":[{"width":876,"height":876,"url":"https:\/\/hunter-optics.com\/wp-content\/uploads\/2025\/07\/Crimson-Trace-5-Series-3-18x50mm-CTL-5318.jpg","type":"image\/jpeg"}],"twitter_card":"summary_large_image","twitter_misc":{"Fiyat":"&#36;769.99","Durumu":"Stokta var"},"schema":{"@context":"https:\/\/schema.org","@graph":[{"@type":"WebPage","@id":"https:\/\/hunter-optics.com\/product\/crimson-trace-5-series-3-18x50mm-ctl-5318\/","url":"https:\/\/hunter-optics.com\/product\/crimson-trace-5-series-3-18x50mm-ctl-5318\/","name":"Crimson Trace 5 Serisi 3-18x50mm CTL-5318 - Avc\u0131 Optikleri","isPartOf":{"@id":"https:\/\/hunter-optics.com\/#website"},"primaryImageOfPage":{"@id":"https:\/\/hunter-optics.com\/product\/crimson-trace-5-series-3-18x50mm-ctl-5318\/#primaryimage"},"image":{"@id":"https:\/\/hunter-optics.com\/product\/crimson-trace-5-series-3-18x50mm-ctl-5318\/#primaryimage"},"thumbnailUrl":"https:\/\/hunter-optics.com\/wp-content\/uploads\/2025\/07\/Crimson-Trace-5-Series-3-18x50mm-CTL-5318.jpg","datePublished":"2025-07-29T09:38:29+00:00","dateModified":"2025-07-31T06:10:29+00:00","description":"Crimson Trace 5 Serisi 3-18x50mm CTL-5318, s\u0131f\u0131rdan \u00f6zel olarak \u00fcretilmi\u015f, zengin \u00f6zelliklere sahip 3-18x50mm orta menzilli bir t\u00fcfek d\u00fcrb\u00fcn\u00fcd\u00fcr.","breadcrumb":{"@id":"https:\/\/hunter-optics.com\/product\/crimson-trace-5-series-3-18x50mm-ctl-5318\/#breadcrumb"},"inLanguage":"tr","potentialAction":[{"@type":"ReadAction","target":["https:\/\/hunter-optics.com\/product\/crimson-trace-5-series-3-18x50mm-ctl-5318\/"]}]},{"@type":"ImageObject","inLanguage":"tr","@id":"https:\/\/hunter-optics.com\/product\/crimson-trace-5-series-3-18x50mm-ctl-5318\/#primaryimage","url":"https:\/\/hunter-optics.com\/wp-content\/uploads\/2025\/07\/Crimson-Trace-5-Series-3-18x50mm-CTL-5318.jpg","contentUrl":"https:\/\/hunter-optics.com\/wp-content\/uploads\/2025\/07\/Crimson-Trace-5-Series-3-18x50mm-CTL-5318.jpg","width":876,"height":876},{"@type":"BreadcrumbList","@id":"https:\/\/hunter-optics.com\/product\/crimson-trace-5-series-3-18x50mm-ctl-5318\/#breadcrumb","itemListElement":[{"@type":"ListItem","position":1,"name":"Home","item":"https:\/\/hunter-optics.com\/"},{"@type":"ListItem","position":2,"name":"Products","item":"https:\/\/hunter-optics.com\/shop\/"},{"@type":"ListItem","position":3,"name":"Crimson Trace 5 Series 3-18x50mm CTL-5318"}]},{"@type":"WebSite","@id":"https:\/\/hunter-optics.com\/#website","url":"https:\/\/hunter-optics.com\/","name":"Avc\u0131 Optikleri","description":"Avc\u0131 Opti\u011fi - G\u00f6z\u00fcn\u00fcz Hedefte.","publisher":{"@id":"https:\/\/hunter-optics.com\/#organization"},"potentialAction":[{"@type":"SearchAction","target":{"@type":"EntryPoint","urlTemplate":"https:\/\/hunter-optics.com\/?s={search_term_string}"},"query-input":{"@type":"PropertyValueSpecification","valueRequired":true,"valueName":"search_term_string"}}],"inLanguage":"tr"},{"@type":"Organization","@id":"https:\/\/hunter-optics.com\/#organization","name":"Avc\u0131 Optikleri","url":"https:\/\/hunter-optics.com\/","logo":{"@type":"ImageObject","inLanguage":"tr","@id":"https:\/\/hunter-optics.com\/#\/schema\/logo\/image\/","url":"https:\/\/hunter-optics.com\/wp-content\/uploads\/2025\/06\/hunter-optics-logo-1.png","contentUrl":"https:\/\/hunter-optics.com\/wp-content\/uploads\/2025\/06\/hunter-optics-logo-1.png","width":937,"height":373,"caption":"Hunter Optics"},"image":{"@id":"https:\/\/hunter-optics.com\/#\/schema\/logo\/image\/"}}]},"product_brand":"Crimson Trace","product_price_amount":"769.99","product_price_currency":"USD","og_availability":"instock","product_availability":"instock","product_condition":"new"},"_links":{"self":[{"href":"https:\/\/hunter-optics.com\/tr\/wp-json\/wp\/v2\/product\/1489","targetHints":{"allow":["GET"]}}],"collection":[{"href":"https:\/\/hunter-optics.com\/tr\/wp-json\/wp\/v2\/product"}],"about":[{"href":"https:\/\/hunter-optics.com\/tr\/wp-json\/wp\/v2\/types\/product"}],"replies":[{"embeddable":true,"href":"https:\/\/hunter-optics.com\/tr\/wp-json\/wp\/v2\/comments?post=1489"}],"version-history":[{"count":1,"href":"https:\/\/hunter-optics.com\/tr\/wp-json\/wp\/v2\/product\/1489\/revisions"}],"predecessor-version":[{"id":1497,"href":"https:\/\/hunter-optics.com\/tr\/wp-json\/wp\/v2\/product\/1489\/revisions\/1497"}],"wp:featuredmedia":[{"embeddable":true,"href":"https:\/\/hunter-optics.com\/tr\/wp-json\/wp\/v2\/media\/1490"}],"wp:attachment":[{"href":"https:\/\/hunter-optics.com\/tr\/wp-json\/wp\/v2\/media?parent=1489"}],"wp:term":[{"taxonomy":"brand","embeddable":true,"href":"https:\/\/hunter-optics.com\/tr\/wp-json\/wp\/v2\/etheme_brands?post=1489"},{"taxonomy":"product_brand","embeddable":true,"href":"https:\/\/hunter-optics.com\/tr\/wp-json\/wp\/v2\/product_brand?post=1489"},{"taxonomy":"product_cat","embeddable":true,"href":"https:\/\/hunter-optics.com\/tr\/wp-json\/wp\/v2\/product_cat?post=1489"},{"taxonomy":"product_tag","embeddable":true,"href":"https:\/\/hunter-optics.com\/tr\/wp-json\/wp\/v2\/product_tag?post=1489"}],"curies":[{"name":"wp","href":"https:\/\/api.w.org\/{rel}","templated":true}]}}