{"id":1480,"date":"2025-07-29T06:03:36","date_gmt":"2025-07-29T06:03:36","guid":{"rendered":"https:\/\/hunter-optics.com\/?post_type=product&#038;p=1480"},"modified":"2025-07-29T06:15:45","modified_gmt":"2025-07-29T06:15:45","slug":"crimson-trace-hardline-pro-6-24x50-ffp-moa-ill","status":"publish","type":"product","link":"https:\/\/hunter-optics.com\/tr\/urun\/crimson-trace-hardline-pro-6-24x50-ffp-moa-ill\/","title":{"rendered":"Crimson Trace Hardline Pro 6-24\u00d750 FFP MOA ILL"},"content":{"rendered":"<div class=\"c-product__section-body c-toggler__content\">\n<div class=\"product-main-attributes attribute-table\">\n<p>\u00d6zellikler<\/p>\n<ul class=\"attribute-info\">\n<li class=\"attribute tg-b2\"><span class=\"label tg-b2\">B\u00fcy\u00fctme <\/span> <span class=\"value tg-b2\"> 6-24x <\/span><\/li>\n<li class=\"attribute tg-b2\"><span class=\"label tg-b2\">Reticle <\/span> <span class=\"value tg-b2\"> Ayd\u0131nlatmal\u0131 MR1-MOA <\/span><\/li>\n<li class=\"attribute tg-b2\"><span class=\"label tg-b2\">Odak D\u00fczlemi <\/span> <span class=\"value tg-b2\"> 1. <\/span><\/li>\n<li class=\"attribute tg-b2\"><span class=\"label tg-b2\">Malzeme <\/span> <span class=\"value tg-b2\"> havac\u0131l\u0131k ve uzay al\u00fcminyum <\/span><\/li>\n<li class=\"attribute tg-b2\"><span class=\"label tg-b2\">G\u00f6z R\u00f6lyefi (in\u00e7) <\/span> <span class=\"value tg-b2\"> 3,6~4 in\u00e7 <\/span><\/li>\n<li class=\"attribute tg-b2\"><span class=\"label tg-b2\">Objektif Lens \u00c7ap\u0131 <\/span> <span class=\"value tg-b2\"> 50 <\/span><\/li>\n<li class=\"attribute tg-b2\"><span class=\"label tg-b2\">T\u00fcp \u00c7ap\u0131 <\/span> <span class=\"value tg-b2\"> 30mm <\/span><\/li>\n<li class=\"attribute tg-b2\"><span class=\"label tg-b2\">De\u011fere T\u0131klay\u0131n <\/span> <span class=\"value tg-b2\"> 1\/4 MOA <\/span><\/li>\n<li class=\"attribute tg-b2\"><span class=\"label tg-b2\">Taretler <\/span> <span class=\"value tg-b2\"> \u0130f\u015fa Edildi <\/span><\/li>\n<li class=\"attribute tg-b2\"><span class=\"label tg-b2\">Ayd\u0131nlatma <\/span> <span class=\"value tg-b2\"> Evet <\/span><\/li>\n<li class=\"attribute tg-b2\"><span class=\"label tg-b2\">I\u015f\u0131k Ge\u00e7irgenli\u011fi (%) <\/span> <span class=\"value tg-b2\"> 90 <\/span><\/li>\n<li class=\"attribute tg-b2\"><span class=\"label tg-b2\">Kapsam Uzunlu\u011fu <\/span> <span class=\"value tg-b2\"> 3,7 in\u00e7 x 3,1 in\u00e7 x 15,6 in\u00e7 <\/span><\/li>\n<li class=\"attribute tg-b2\"><span class=\"label tg-b2\">\u00dcr\u00fcn A\u011f\u0131rl\u0131\u011f\u0131 <\/span> <span class=\"value tg-b2\"> 26,46 oz oz <\/span><\/li>\n<li class=\"attribute tg-b2\"><span class=\"label tg-b2\">Lens Kaplamas\u0131 <\/span> <span class=\"value tg-b2\"> ye\u015fil \u00e7oklu kaplamal\u0131 <\/span><\/li>\n<li class=\"attribute tg-b2\"><span class=\"label tg-b2\">Arka Montaj Uzunlu\u011fu (in\u00e7) <\/span> <span class=\"value tg-b2\"> 2.1 <\/span><\/li>\n<li class=\"attribute tg-b2\"><span class=\"label tg-b2\">\u00d6n Montaj Uzunlu\u011fu (in\u00e7) <\/span> <span class=\"value tg-b2\"> 2.7 <\/span><\/li>\n<li class=\"attribute tg-b2\"><span class=\"label tg-b2\">Windage Aral\u0131\u011f\u0131 <\/span> <span class=\"value tg-b2\"> 60 MOA <\/span><\/li>\n<li class=\"attribute tg-b2\"><span class=\"label tg-b2\">Y\u00fckseklik Aral\u0131\u011f\u0131 <\/span> <span class=\"value tg-b2\"> 60 MOA <\/span><\/li>\n<li class=\"attribute tg-b2\"><span class=\"label tg-b2\">Yan Paralaks <\/span> <span class=\"value tg-b2\"> Ayarlanabilir <\/span><\/li>\n<li class=\"attribute tg-b2\"><span class=\"label tg-b2\">S\u0131f\u0131r Durak <\/span> <span class=\"value tg-b2\"> Evet <\/span><\/li>\n<li class=\"attribute tg-b2\"><span class=\"label tg-b2\">FOV Maksimum <\/span> <span class=\"value tg-b2\"> 17.9 ft <\/span><\/li>\n<li class=\"attribute tg-b2\"><span class=\"label tg-b2\">Minimum FOV <\/span> <span class=\"value tg-b2\"> 4.7 ft <\/span><\/li>\n<\/ul>\n<div class=\"c-toggler c-product__section c-product__module c-toggler--expanded\">\n<div class=\"c-product__section-title c-toggler__element tg-h4\" tabindex=\"0\" data-gtm=\"{&quot;event&quot;:&quot;FeaturesPDP&quot;,&quot;eventTypes&quot;:&quot;link, click, hover&quot;,&quot;action&quot;:&quot;&quot;,&quot;label&quot;:&quot;https:\/\/www.crimsontrace.com\/on\/demandware.servlet\/Sites-CrimsonTrace_US-Site\/default\/Product-Detail?pid=01-01040&amp;source=&amp;uuid=&amp;Quantity=&amp;productlistid=&amp;cantAdd=false&amp;cantAddMessage=&quot;}\">\u00d6zellikler<\/div>\n<div class=\"c-product__section-body c-toggler__content\">\n<ul>\n<li class=\"c-product__section-item\">RET\u0130K\u00dcL: Ayd\u0131nlatmal\u0131 MR1-MOA<\/li>\n<li class=\"c-product__section-item\">GARANT\u0130L\u0130: T\u00fcm Crimson Trace D\u00fcrb\u00fcnleri Tam \u00d6m\u00fcr Boyu Garanti kapsam\u0131ndad\u0131r. Sorular\u0131n\u0131z veya garanti i\u00e7in support@crimsontrace.com adresinden bize ula\u015f\u0131n.<\/li>\n<li class=\"c-product__section-item\">\u0130\u00c7\u0130NDEK\u0130LER: Lens bezi, d\u00fcrb\u00fcn kapaklar\u0131 ve pil<\/li>\n<li class=\"c-product__section-item\">KAPSAM BOYUTLARI: 15,6\u2033 x 3,7\u2033 x 3,1\u2033<\/li>\n<li class=\"c-product__section-item\">MALZEME: Dayan\u0131kl\u0131, hafif havac\u0131l\u0131k al\u00fcminyumundan ve ye\u015fil \u00e7oklu kaplamal\u0131 y\u00fcksek kaliteli camdan \u00fcretilmi\u015ftir<\/li>\n<\/ul>\n<\/div>\n<\/div>\n<\/div>\n<\/div>","protected":false},"excerpt":{"rendered":"<div class=\"c-product__description tg-b2\" tabindex=\"0\">Crimson Trace Hardline Pro optikleri, deneyimli taktik ve hedef at\u0131c\u0131lar\u0131 d\u00fc\u015f\u00fcn\u00fclerek tasarlanm\u0131\u015f ve s\u0131f\u0131rdan \u00f6zel olarak \u00fcretilmi\u015ftir. Seride \u0130lk Odak D\u00fczlemi (FFP) se\u00e7eneklerine sahip havac\u0131l\u0131k s\u0131n\u0131f\u0131 30 mm t\u00fcpler bulunmaktad\u0131r. Seri, \u00e7e\u015fitli \u00f6zel retik\u00fcllere sahip k\u0131sa, orta ve uzun menzilli optikler sunar. Tamamen \u00e7ok kaplamal\u0131, nitrojen temizlemeli, darbeye dayan\u0131kl\u0131 ve kar\u015f\u0131la\u015ft\u0131klar\u0131 her t\u00fcrl\u00fc elemente haz\u0131rd\u0131rlar. T\u00fcm Crimson Trace\u00ae d\u00fcrb\u00fcnleri \u00d6M\u00dcR BOYU koruma garantisi kapsam\u0131ndad\u0131r ve \u00f6d\u00fcll\u00fc m\u00fc\u015fteri hizmetleri ekibimiz taraf\u0131ndan desteklenmektedir.<\/div>","protected":false},"featured_media":1481,"comment_status":"open","ping_status":"closed","template":"","meta":[],"etheme_brands":[{"term_id":45,"name":"Crimson Trace","slug":"crimson-trace","term_group":0,"term_taxonomy_id":45,"taxonomy":"brand","description":"Crimson Trace is a manufacturer dedicated to producing the highest quality laser sights, tactical lights, electronic sights, and riflescopes for your pistols, rifles, and shotguns.","parent":0,"count":6,"filter":"raw"}],"product_brand":[],"product_cat":[49],"product_tag":[],"class_list":{"0":"post-1480","1":"product","2":"type-product","3":"status-publish","4":"has-post-thumbnail","6":"brand-crimson-trace","7":"product_cat-rifle-scopes","9":"first","10":"instock","11":"sale","12":"taxable","13":"shipping-taxable","14":"purchasable","15":"product-type-simple"},"yoast_head":"<!-- This site is optimized with the Yoast SEO Premium plugin v25.7.1 (Yoast SEO v27.4) - https:\/\/yoast.com\/product\/yoast-seo-premium-wordpress\/ -->\n<title>Crimson Trace Hardline Pro 6-24x50 FFP MOA ILL - Hunter Optics<\/title>\n<meta name=\"description\" content=\"The Crimson Trace Hardline Pro optics are designed with the experienced tactical and target shooter in mind and have been purposefully built from the ground up.\" \/>\n<meta name=\"robots\" content=\"index, follow, max-snippet:-1, max-image-preview:large, max-video-preview:-1\" \/>\n<link rel=\"canonical\" href=\"https:\/\/hunter-optics.com\/tr\/urun\/crimson-trace-hardline-pro-6-24x50-ffp-moa-ill\/\" \/>\n<meta property=\"og:locale\" content=\"tr_TR\" \/>\n<meta property=\"og:type\" content=\"article\" \/>\n<meta property=\"og:title\" content=\"Crimson Trace Hardline Pro 6-24x50 FFP MOA ILL\" \/>\n<meta property=\"og:description\" content=\"The Crimson Trace Hardline Pro optics are designed with the experienced tactical and target shooter in mind and have been purposefully built from the ground up.\" \/>\n<meta property=\"og:url\" content=\"https:\/\/hunter-optics.com\/tr\/urun\/crimson-trace-hardline-pro-6-24x50-ffp-moa-ill\/\" \/>\n<meta property=\"og:site_name\" content=\"Hunter Optics\" \/>\n<meta property=\"article:modified_time\" content=\"2025-07-29T06:15:45+00:00\" \/>\n<meta property=\"og:image\" content=\"https:\/\/hunter-optics.com\/wp-content\/uploads\/2025\/07\/Crimson-Trace-Hardline-Pro-6-24x50-FFP-MOA-ILL.jpg\" \/>\n\t<meta property=\"og:image:width\" content=\"876\" \/>\n\t<meta property=\"og:image:height\" content=\"876\" \/>\n\t<meta property=\"og:image:type\" content=\"image\/jpeg\" \/>\n<meta name=\"twitter:card\" content=\"summary_large_image\" \/>\n<meta name=\"twitter:label1\" content=\"Fiyat\" \/>\n\t<meta name=\"twitter:data1\" content=\"&#036;829.99\" \/>\n\t<meta name=\"twitter:label2\" content=\"Durumu\" \/>\n\t<meta name=\"twitter:data2\" content=\"Stokta var\" \/>\n<script type=\"application\/ld+json\" class=\"yoast-schema-graph\">{\"@context\":\"https:\\\/\\\/schema.org\",\"@graph\":[{\"@type\":\"WebPage\",\"@id\":\"https:\\\/\\\/hunter-optics.com\\\/product\\\/crimson-trace-hardline-pro-6-24x50-ffp-moa-ill\\\/\",\"url\":\"https:\\\/\\\/hunter-optics.com\\\/product\\\/crimson-trace-hardline-pro-6-24x50-ffp-moa-ill\\\/\",\"name\":\"Crimson Trace Hardline Pro 6-24x50 FFP MOA ILL - Hunter Optics\",\"isPartOf\":{\"@id\":\"https:\\\/\\\/hunter-optics.com\\\/#website\"},\"primaryImageOfPage\":{\"@id\":\"https:\\\/\\\/hunter-optics.com\\\/product\\\/crimson-trace-hardline-pro-6-24x50-ffp-moa-ill\\\/#primaryimage\"},\"image\":{\"@id\":\"https:\\\/\\\/hunter-optics.com\\\/product\\\/crimson-trace-hardline-pro-6-24x50-ffp-moa-ill\\\/#primaryimage\"},\"thumbnailUrl\":\"https:\\\/\\\/hunter-optics.com\\\/wp-content\\\/uploads\\\/2025\\\/07\\\/Crimson-Trace-Hardline-Pro-6-24x50-FFP-MOA-ILL.jpg\",\"datePublished\":\"2025-07-29T06:03:36+00:00\",\"dateModified\":\"2025-07-29T06:15:45+00:00\",\"description\":\"The Crimson Trace Hardline Pro optics are designed with the experienced tactical and target shooter in mind and have been purposefully built from the ground up.\",\"breadcrumb\":{\"@id\":\"https:\\\/\\\/hunter-optics.com\\\/product\\\/crimson-trace-hardline-pro-6-24x50-ffp-moa-ill\\\/#breadcrumb\"},\"inLanguage\":\"tr\",\"potentialAction\":[{\"@type\":\"ReadAction\",\"target\":[\"https:\\\/\\\/hunter-optics.com\\\/product\\\/crimson-trace-hardline-pro-6-24x50-ffp-moa-ill\\\/\"]}]},{\"@type\":\"ImageObject\",\"inLanguage\":\"tr\",\"@id\":\"https:\\\/\\\/hunter-optics.com\\\/product\\\/crimson-trace-hardline-pro-6-24x50-ffp-moa-ill\\\/#primaryimage\",\"url\":\"https:\\\/\\\/hunter-optics.com\\\/wp-content\\\/uploads\\\/2025\\\/07\\\/Crimson-Trace-Hardline-Pro-6-24x50-FFP-MOA-ILL.jpg\",\"contentUrl\":\"https:\\\/\\\/hunter-optics.com\\\/wp-content\\\/uploads\\\/2025\\\/07\\\/Crimson-Trace-Hardline-Pro-6-24x50-FFP-MOA-ILL.jpg\",\"width\":876,\"height\":876},{\"@type\":\"BreadcrumbList\",\"@id\":\"https:\\\/\\\/hunter-optics.com\\\/product\\\/crimson-trace-hardline-pro-6-24x50-ffp-moa-ill\\\/#breadcrumb\",\"itemListElement\":[{\"@type\":\"ListItem\",\"position\":1,\"name\":\"Home\",\"item\":\"https:\\\/\\\/hunter-optics.com\\\/\"},{\"@type\":\"ListItem\",\"position\":2,\"name\":\"Products\",\"item\":\"https:\\\/\\\/hunter-optics.com\\\/shop\\\/\"},{\"@type\":\"ListItem\",\"position\":3,\"name\":\"Crimson Trace Hardline Pro 6-24&#215;50 FFP MOA ILL\"}]},{\"@type\":\"WebSite\",\"@id\":\"https:\\\/\\\/hunter-optics.com\\\/#website\",\"url\":\"https:\\\/\\\/hunter-optics.com\\\/\",\"name\":\"Hunter Optics\",\"description\":\"Hunter Optics \u2014 Your Eye on the Target.\",\"publisher\":{\"@id\":\"https:\\\/\\\/hunter-optics.com\\\/#organization\"},\"potentialAction\":[{\"@type\":\"SearchAction\",\"target\":{\"@type\":\"EntryPoint\",\"urlTemplate\":\"https:\\\/\\\/hunter-optics.com\\\/?s={search_term_string}\"},\"query-input\":{\"@type\":\"PropertyValueSpecification\",\"valueRequired\":true,\"valueName\":\"search_term_string\"}}],\"inLanguage\":\"tr\"},{\"@type\":\"Organization\",\"@id\":\"https:\\\/\\\/hunter-optics.com\\\/#organization\",\"name\":\"Hunter Optics\",\"url\":\"https:\\\/\\\/hunter-optics.com\\\/\",\"logo\":{\"@type\":\"ImageObject\",\"inLanguage\":\"tr\",\"@id\":\"https:\\\/\\\/hunter-optics.com\\\/#\\\/schema\\\/logo\\\/image\\\/\",\"url\":\"https:\\\/\\\/hunter-optics.com\\\/wp-content\\\/uploads\\\/2025\\\/06\\\/hunter-optics-logo-1.png\",\"contentUrl\":\"https:\\\/\\\/hunter-optics.com\\\/wp-content\\\/uploads\\\/2025\\\/06\\\/hunter-optics-logo-1.png\",\"width\":937,\"height\":373,\"caption\":\"Hunter Optics\"},\"image\":{\"@id\":\"https:\\\/\\\/hunter-optics.com\\\/#\\\/schema\\\/logo\\\/image\\\/\"}}]}<\/script>\n<meta property=\"product:brand\" content=\"Crimson Trace\" \/>\n<meta property=\"product:price:amount\" content=\"829.99\" \/>\n<meta property=\"product:price:currency\" content=\"USD\" \/>\n<meta property=\"og:availability\" content=\"instock\" \/>\n<meta property=\"product:availability\" content=\"instock\" \/>\n<meta property=\"product:condition\" content=\"new\" \/>\n<!-- \/ Yoast SEO Premium plugin. -->","yoast_head_json":{"title":"Crimson Trace Hardline Pro 6-24x50 FFP MOA ILL - Avc\u0131 Optikleri","description":"Crimson Trace Hardline Pro optikler, deneyimli taktik ve hedef at\u0131c\u0131lar\u0131 d\u00fc\u015f\u00fcn\u00fclerek tasarlanm\u0131\u015f ve s\u0131f\u0131rdan \u00f6zel olarak \u00fcretilmi\u015ftir.","robots":{"index":"index","follow":"follow","max-snippet":"max-snippet:-1","max-image-preview":"max-image-preview:large","max-video-preview":"max-video-preview:-1"},"canonical":"https:\/\/hunter-optics.com\/tr\/urun\/crimson-trace-hardline-pro-6-24x50-ffp-moa-ill\/","og_locale":"tr_TR","og_type":"article","og_title":"Crimson Trace Hardline Pro 6-24x50 FFP MOA ILL","og_description":"The Crimson Trace Hardline Pro optics are designed with the experienced tactical and target shooter in mind and have been purposefully built from the ground up.","og_url":"https:\/\/hunter-optics.com\/tr\/urun\/crimson-trace-hardline-pro-6-24x50-ffp-moa-ill\/","og_site_name":"Hunter Optics","article_modified_time":"2025-07-29T06:15:45+00:00","og_image":[{"width":876,"height":876,"url":"https:\/\/hunter-optics.com\/wp-content\/uploads\/2025\/07\/Crimson-Trace-Hardline-Pro-6-24x50-FFP-MOA-ILL.jpg","type":"image\/jpeg"}],"twitter_card":"summary_large_image","twitter_misc":{"Fiyat":"&#36;829.99","Durumu":"Stokta var"},"schema":{"@context":"https:\/\/schema.org","@graph":[{"@type":"WebPage","@id":"https:\/\/hunter-optics.com\/product\/crimson-trace-hardline-pro-6-24x50-ffp-moa-ill\/","url":"https:\/\/hunter-optics.com\/product\/crimson-trace-hardline-pro-6-24x50-ffp-moa-ill\/","name":"Crimson Trace Hardline Pro 6-24x50 FFP MOA ILL - Avc\u0131 Optikleri","isPartOf":{"@id":"https:\/\/hunter-optics.com\/#website"},"primaryImageOfPage":{"@id":"https:\/\/hunter-optics.com\/product\/crimson-trace-hardline-pro-6-24x50-ffp-moa-ill\/#primaryimage"},"image":{"@id":"https:\/\/hunter-optics.com\/product\/crimson-trace-hardline-pro-6-24x50-ffp-moa-ill\/#primaryimage"},"thumbnailUrl":"https:\/\/hunter-optics.com\/wp-content\/uploads\/2025\/07\/Crimson-Trace-Hardline-Pro-6-24x50-FFP-MOA-ILL.jpg","datePublished":"2025-07-29T06:03:36+00:00","dateModified":"2025-07-29T06:15:45+00:00","description":"Crimson Trace Hardline Pro optikler, deneyimli taktik ve hedef at\u0131c\u0131lar\u0131 d\u00fc\u015f\u00fcn\u00fclerek tasarlanm\u0131\u015f ve s\u0131f\u0131rdan \u00f6zel olarak \u00fcretilmi\u015ftir.","breadcrumb":{"@id":"https:\/\/hunter-optics.com\/product\/crimson-trace-hardline-pro-6-24x50-ffp-moa-ill\/#breadcrumb"},"inLanguage":"tr","potentialAction":[{"@type":"ReadAction","target":["https:\/\/hunter-optics.com\/product\/crimson-trace-hardline-pro-6-24x50-ffp-moa-ill\/"]}]},{"@type":"ImageObject","inLanguage":"tr","@id":"https:\/\/hunter-optics.com\/product\/crimson-trace-hardline-pro-6-24x50-ffp-moa-ill\/#primaryimage","url":"https:\/\/hunter-optics.com\/wp-content\/uploads\/2025\/07\/Crimson-Trace-Hardline-Pro-6-24x50-FFP-MOA-ILL.jpg","contentUrl":"https:\/\/hunter-optics.com\/wp-content\/uploads\/2025\/07\/Crimson-Trace-Hardline-Pro-6-24x50-FFP-MOA-ILL.jpg","width":876,"height":876},{"@type":"BreadcrumbList","@id":"https:\/\/hunter-optics.com\/product\/crimson-trace-hardline-pro-6-24x50-ffp-moa-ill\/#breadcrumb","itemListElement":[{"@type":"ListItem","position":1,"name":"Home","item":"https:\/\/hunter-optics.com\/"},{"@type":"ListItem","position":2,"name":"Products","item":"https:\/\/hunter-optics.com\/shop\/"},{"@type":"ListItem","position":3,"name":"Crimson Trace Hardline Pro 6-24&#215;50 FFP MOA ILL"}]},{"@type":"WebSite","@id":"https:\/\/hunter-optics.com\/#website","url":"https:\/\/hunter-optics.com\/","name":"Avc\u0131 Optikleri","description":"Avc\u0131 Opti\u011fi - G\u00f6z\u00fcn\u00fcz Hedefte.","publisher":{"@id":"https:\/\/hunter-optics.com\/#organization"},"potentialAction":[{"@type":"SearchAction","target":{"@type":"EntryPoint","urlTemplate":"https:\/\/hunter-optics.com\/?s={search_term_string}"},"query-input":{"@type":"PropertyValueSpecification","valueRequired":true,"valueName":"search_term_string"}}],"inLanguage":"tr"},{"@type":"Organization","@id":"https:\/\/hunter-optics.com\/#organization","name":"Avc\u0131 Optikleri","url":"https:\/\/hunter-optics.com\/","logo":{"@type":"ImageObject","inLanguage":"tr","@id":"https:\/\/hunter-optics.com\/#\/schema\/logo\/image\/","url":"https:\/\/hunter-optics.com\/wp-content\/uploads\/2025\/06\/hunter-optics-logo-1.png","contentUrl":"https:\/\/hunter-optics.com\/wp-content\/uploads\/2025\/06\/hunter-optics-logo-1.png","width":937,"height":373,"caption":"Hunter Optics"},"image":{"@id":"https:\/\/hunter-optics.com\/#\/schema\/logo\/image\/"}}]},"product_brand":"Crimson Trace","product_price_amount":"829.99","product_price_currency":"USD","og_availability":"instock","product_availability":"instock","product_condition":"new"},"_links":{"self":[{"href":"https:\/\/hunter-optics.com\/tr\/wp-json\/wp\/v2\/product\/1480","targetHints":{"allow":["GET"]}}],"collection":[{"href":"https:\/\/hunter-optics.com\/tr\/wp-json\/wp\/v2\/product"}],"about":[{"href":"https:\/\/hunter-optics.com\/tr\/wp-json\/wp\/v2\/types\/product"}],"replies":[{"embeddable":true,"href":"https:\/\/hunter-optics.com\/tr\/wp-json\/wp\/v2\/comments?post=1480"}],"version-history":[{"count":1,"href":"https:\/\/hunter-optics.com\/tr\/wp-json\/wp\/v2\/product\/1480\/revisions"}],"predecessor-version":[{"id":1488,"href":"https:\/\/hunter-optics.com\/tr\/wp-json\/wp\/v2\/product\/1480\/revisions\/1488"}],"wp:featuredmedia":[{"embeddable":true,"href":"https:\/\/hunter-optics.com\/tr\/wp-json\/wp\/v2\/media\/1481"}],"wp:attachment":[{"href":"https:\/\/hunter-optics.com\/tr\/wp-json\/wp\/v2\/media?parent=1480"}],"wp:term":[{"taxonomy":"brand","embeddable":true,"href":"https:\/\/hunter-optics.com\/tr\/wp-json\/wp\/v2\/etheme_brands?post=1480"},{"taxonomy":"product_brand","embeddable":true,"href":"https:\/\/hunter-optics.com\/tr\/wp-json\/wp\/v2\/product_brand?post=1480"},{"taxonomy":"product_cat","embeddable":true,"href":"https:\/\/hunter-optics.com\/tr\/wp-json\/wp\/v2\/product_cat?post=1480"},{"taxonomy":"product_tag","embeddable":true,"href":"https:\/\/hunter-optics.com\/tr\/wp-json\/wp\/v2\/product_tag?post=1480"}],"curies":[{"name":"wp","href":"https:\/\/api.w.org\/{rel}","templated":true}]}}