{"id":1434,"date":"2025-07-24T10:02:21","date_gmt":"2025-07-24T10:02:21","guid":{"rendered":"https:\/\/hunter-optics.com\/?post_type=product&#038;p=1434"},"modified":"2025-07-29T05:54:03","modified_gmt":"2025-07-29T05:54:03","slug":"crimson-trace-hardline-1-8x28-34mm-mil","status":"publish","type":"product","link":"https:\/\/hunter-optics.com\/tr\/urun\/crimson-trace-hardline-1-8x28-34mm-mil\/","title":{"rendered":"Crimson Trace Hardline 1-8\u00d728 34mm MIL"},"content":{"rendered":"<div class=\"c-product__section-body c-toggler__content\">\n<div class=\"product-main-attributes attribute-table\">\n<ul class=\"attribute-info\">\n<li class=\"attribute tg-b2\"><span class=\"label tg-b2\">B\u00fcy\u00fctme:<\/span><span class=\"value tg-b2\">1-8x <\/span><\/li>\n<li class=\"attribute tg-b2\"><span class=\"label tg-b2\">Odak D\u00fczlemi:<\/span><span class=\"value tg-b2\">2'nci <\/span><\/li>\n<li class=\"attribute tg-b2\"><span class=\"label tg-b2\">T\u00fcp \u00c7ap\u0131:<\/span><span class=\"value tg-b2\">34mm <\/span><\/li>\n<li class=\"attribute tg-b2\"><span class=\"label tg-b2\">G\u00f6z R\u00f6lyefi (in\u00e7):<\/span><span class=\"value tg-b2\">3.5\u2033 <\/span><\/li>\n<li class=\"attribute tg-b2\"><span class=\"label tg-b2\">\u0130n\u015faat:<\/span><span class=\"value tg-b2\">Havac\u0131l\u0131k ve Uzay Al\u00fcminyum <\/span><\/li>\n<li class=\"attribute tg-b2\"><span class=\"label tg-b2\">Su Dayan\u0131m\u0131:<\/span><span class=\"value tg-b2\">IPX7 <\/span><\/li>\n<li class=\"attribute tg-b2\"><span class=\"label tg-b2\">\u00dcr\u00fcn A\u011f\u0131rl\u0131\u011f\u0131:<\/span><span class=\"value tg-b2\">18 oz oz <\/span><\/li>\n<li class=\"attribute tg-b2\"><span class=\"label tg-b2\">Reticle:<\/span> <span class=\"value tg-b2\">Ayd\u0131nlatmal\u0131 CT TR1-MOA Retik\u00fcl <\/span><\/li>\n<li class=\"attribute tg-b2\"><span class=\"label tg-b2\">Objektif Lens \u00c7ap\u0131:<\/span><span class=\"value tg-b2\">28 <\/span><\/li>\n<li class=\"attribute tg-b2\"><span class=\"label tg-b2\">\u00c7\u0131k\u0131\u015f G\u00f6zbebe\u011fi (mm):<\/span><span class=\"value tg-b2\">8.5~2.95 <\/span><\/li>\n<li class=\"attribute tg-b2\"><span class=\"label tg-b2\">FOV feet @100yd:<\/span><span class=\"value tg-b2\">15.53~118.5 <\/span><\/li>\n<li class=\"attribute tg-b2\"><span class=\"label tg-b2\">De\u011fer'e t\u0131klay\u0131n:<\/span><span class=\"value tg-b2\">1\/10 Mil <\/span><\/li>\n<li class=\"attribute tg-b2\"><span class=\"label tg-b2\">E\/W Ayar Aral\u0131\u011f\u0131:<\/span><span class=\"value tg-b2\">32 MIL <\/span><\/li>\n<li class=\"attribute tg-b2\"><span class=\"label tg-b2\">Paralax Yards'\u0131 ayarl\u0131yor:<\/span><span class=\"value tg-b2\">100.00 <\/span><\/li>\n<li class=\"attribute tg-b2\"><span class=\"label tg-b2\">Lens Kaplamas\u0131:<\/span><span class=\"value tg-b2\">CT MOC ile Tamamen \u00c7ok Katmanl\u0131 <\/span><\/li>\n<li class=\"attribute tg-b2\"><span class=\"label tg-b2\">Ayd\u0131nlatmal\u0131 Ni\u015fangah:<\/span><span class=\"value tg-b2\">Evet <\/span><\/li>\n<li class=\"attribute tg-b2\"><span class=\"label tg-b2\">I\u015f\u0131k Ge\u00e7irgenli\u011fi (%):<\/span><span class=\"value tg-b2\">88 <\/span><\/li>\n<li class=\"attribute tg-b2\"><span class=\"label tg-b2\">Toplam Uzunluk:<\/span><span class=\"value tg-b2\">10.67 <\/span><\/li>\n<\/ul>\n<\/div>\n<\/div>","protected":false},"excerpt":{"rendered":"<p>Crimson Trace Hardline D\u00fc\u015f\u00fck G\u00fc\u00e7l\u00fc De\u011fi\u015fken Optikler, taktik profesyonellerden arka bah\u00e7edeki avc\u0131lara kadar herkes i\u00e7in bilin\u00e7li olarak \u00fcretilmi\u015ftir. Crimson Trace D\u00fc\u015f\u00fck G\u00fc\u00e7l\u00fc De\u011fi\u015fken Optik d\u00fcrb\u00fcn serisi tam size g\u00f6re. Bu seride \u00e7e\u015fitli b\u00fcy\u00fctme ve \u00f6l\u00e7\u00fcm se\u00e7eneklerine sahip \u00e7oklu optikler bulunmaktad\u0131r. T\u00fcm retik\u00fcller hassas olacak \u015fekilde kalibre edilmi\u015ftir, ancak birden fazla farkl\u0131 platform aras\u0131nda birden fazla kalibre kullan\u0131m\u0131 i\u00e7in yeterince sa\u011flamd\u0131r. T\u00fcm LPVO'lar, son derece hafif ve dayan\u0131kl\u0131 olan havac\u0131l\u0131k s\u0131n\u0131f\u0131 anodize al\u00fcminyumdan \u00fcretilmi\u015f 34 mm'lik bir t\u00fcpe sahiptir. D\u00fcrb\u00fcnler MIL-STD-810G test protokol\u00fcne g\u00f6re darbeye dayan\u0131kl\u0131d\u0131r ve optiklerin 30 dakika boyunca 1 metre suya dald\u0131r\u0131lmas\u0131na izin veren IPX7 protokol\u00fcne g\u00f6re su ge\u00e7irmezdir. T\u00fcm d\u00fcrb\u00fcnler tamamen \u00e7ok kaplamal\u0131 olup ola\u011fan\u00fcst\u00fc \u0131\u015f\u0131k ge\u00e7irgenli\u011fine ve cam kalitesine sahiptir. Azot temizleme, d\u00fcrb\u00fcnlerin t\u00fcm ortamlarda bu\u011fulanmas\u0131n\u0131 \u00f6nler. Cam kaz\u0131nm\u0131\u015f retik\u00fcller ve kaliteli cam m\u00fckemmel g\u00f6r\u00fc\u015f alan\u0131 sa\u011flar.<\/p>","protected":false},"featured_media":1435,"comment_status":"open","ping_status":"closed","template":"","meta":[],"etheme_brands":[{"term_id":45,"name":"Crimson Trace","slug":"crimson-trace","term_group":0,"term_taxonomy_id":45,"taxonomy":"brand","description":"Crimson Trace is a manufacturer dedicated to producing the highest quality laser sights, tactical lights, electronic sights, and riflescopes for your pistols, rifles, and shotguns.","parent":0,"count":6,"filter":"raw"}],"product_brand":[],"product_cat":[49],"product_tag":[],"class_list":{"0":"post-1434","1":"product","2":"type-product","3":"status-publish","4":"has-post-thumbnail","6":"brand-crimson-trace","7":"product_cat-rifle-scopes","9":"first","10":"instock","11":"sale","12":"taxable","13":"shipping-taxable","14":"purchasable","15":"product-type-simple"},"yoast_head":"<!-- This site is optimized with the Yoast SEO Premium plugin v25.7.1 (Yoast SEO v27.4) - https:\/\/yoast.com\/product\/yoast-seo-premium-wordpress\/ -->\n<title>Crimson Trace Hardline 1-8x28 34mm MIL - Hunter Optics<\/title>\n<meta name=\"description\" content=\"The Crimson Trace Hardline 1-8x28 34mm MIL Hardline Low Power Variable Optics are deliberately built for everyone from tactical professionals to backyard plinkers.\" \/>\n<meta name=\"robots\" content=\"index, follow, max-snippet:-1, max-image-preview:large, max-video-preview:-1\" \/>\n<link rel=\"canonical\" href=\"https:\/\/hunter-optics.com\/tr\/urun\/crimson-trace-hardline-1-8x28-34mm-mil\/\" \/>\n<meta property=\"og:locale\" content=\"tr_TR\" \/>\n<meta property=\"og:type\" content=\"article\" \/>\n<meta property=\"og:title\" content=\"Crimson Trace Hardline 1-8x28 34mm MIL\" \/>\n<meta property=\"og:description\" content=\"The Crimson Trace Hardline 1-8x28 34mm MIL Hardline Low Power Variable Optics are deliberately built for everyone from tactical professionals to backyard plinkers.\" \/>\n<meta property=\"og:url\" content=\"https:\/\/hunter-optics.com\/tr\/urun\/crimson-trace-hardline-1-8x28-34mm-mil\/\" \/>\n<meta property=\"og:site_name\" content=\"Hunter Optics\" \/>\n<meta property=\"article:modified_time\" content=\"2025-07-29T05:54:03+00:00\" \/>\n<meta property=\"og:image\" content=\"https:\/\/hunter-optics.com\/wp-content\/uploads\/2025\/07\/Hardline-1-8x28-1.jpg\" \/>\n\t<meta property=\"og:image:width\" content=\"876\" \/>\n\t<meta property=\"og:image:height\" content=\"876\" \/>\n\t<meta property=\"og:image:type\" content=\"image\/jpeg\" \/>\n<meta name=\"twitter:card\" content=\"summary_large_image\" \/>\n<meta name=\"twitter:label1\" content=\"Fiyat\" \/>\n\t<meta name=\"twitter:data1\" content=\"&#036;369.99\" \/>\n\t<meta name=\"twitter:label2\" content=\"Durumu\" \/>\n\t<meta name=\"twitter:data2\" content=\"Stokta var\" \/>\n<script type=\"application\/ld+json\" class=\"yoast-schema-graph\">{\"@context\":\"https:\\\/\\\/schema.org\",\"@graph\":[{\"@type\":\"WebPage\",\"@id\":\"https:\\\/\\\/hunter-optics.com\\\/product\\\/crimson-trace-hardline-1-8x28-34mm-mil\\\/\",\"url\":\"https:\\\/\\\/hunter-optics.com\\\/product\\\/crimson-trace-hardline-1-8x28-34mm-mil\\\/\",\"name\":\"Crimson Trace Hardline 1-8x28 34mm MIL - Hunter Optics\",\"isPartOf\":{\"@id\":\"https:\\\/\\\/hunter-optics.com\\\/#website\"},\"primaryImageOfPage\":{\"@id\":\"https:\\\/\\\/hunter-optics.com\\\/product\\\/crimson-trace-hardline-1-8x28-34mm-mil\\\/#primaryimage\"},\"image\":{\"@id\":\"https:\\\/\\\/hunter-optics.com\\\/product\\\/crimson-trace-hardline-1-8x28-34mm-mil\\\/#primaryimage\"},\"thumbnailUrl\":\"https:\\\/\\\/hunter-optics.com\\\/wp-content\\\/uploads\\\/2025\\\/07\\\/Hardline-1-8x28-1.jpg\",\"datePublished\":\"2025-07-24T10:02:21+00:00\",\"dateModified\":\"2025-07-29T05:54:03+00:00\",\"description\":\"The Crimson Trace Hardline 1-8x28 34mm MIL Hardline Low Power Variable Optics are deliberately built for everyone from tactical professionals to backyard plinkers.\",\"breadcrumb\":{\"@id\":\"https:\\\/\\\/hunter-optics.com\\\/product\\\/crimson-trace-hardline-1-8x28-34mm-mil\\\/#breadcrumb\"},\"inLanguage\":\"tr\",\"potentialAction\":[{\"@type\":\"ReadAction\",\"target\":[\"https:\\\/\\\/hunter-optics.com\\\/product\\\/crimson-trace-hardline-1-8x28-34mm-mil\\\/\"]}]},{\"@type\":\"ImageObject\",\"inLanguage\":\"tr\",\"@id\":\"https:\\\/\\\/hunter-optics.com\\\/product\\\/crimson-trace-hardline-1-8x28-34mm-mil\\\/#primaryimage\",\"url\":\"https:\\\/\\\/hunter-optics.com\\\/wp-content\\\/uploads\\\/2025\\\/07\\\/Hardline-1-8x28-1.jpg\",\"contentUrl\":\"https:\\\/\\\/hunter-optics.com\\\/wp-content\\\/uploads\\\/2025\\\/07\\\/Hardline-1-8x28-1.jpg\",\"width\":876,\"height\":876},{\"@type\":\"BreadcrumbList\",\"@id\":\"https:\\\/\\\/hunter-optics.com\\\/product\\\/crimson-trace-hardline-1-8x28-34mm-mil\\\/#breadcrumb\",\"itemListElement\":[{\"@type\":\"ListItem\",\"position\":1,\"name\":\"Home\",\"item\":\"https:\\\/\\\/hunter-optics.com\\\/\"},{\"@type\":\"ListItem\",\"position\":2,\"name\":\"Products\",\"item\":\"https:\\\/\\\/hunter-optics.com\\\/shop\\\/\"},{\"@type\":\"ListItem\",\"position\":3,\"name\":\"Crimson Trace Hardline 1-8&#215;28 34mm MIL\"}]},{\"@type\":\"WebSite\",\"@id\":\"https:\\\/\\\/hunter-optics.com\\\/#website\",\"url\":\"https:\\\/\\\/hunter-optics.com\\\/\",\"name\":\"Hunter Optics\",\"description\":\"Hunter Optics \u2014 Your Eye on the Target.\",\"publisher\":{\"@id\":\"https:\\\/\\\/hunter-optics.com\\\/#organization\"},\"potentialAction\":[{\"@type\":\"SearchAction\",\"target\":{\"@type\":\"EntryPoint\",\"urlTemplate\":\"https:\\\/\\\/hunter-optics.com\\\/?s={search_term_string}\"},\"query-input\":{\"@type\":\"PropertyValueSpecification\",\"valueRequired\":true,\"valueName\":\"search_term_string\"}}],\"inLanguage\":\"tr\"},{\"@type\":\"Organization\",\"@id\":\"https:\\\/\\\/hunter-optics.com\\\/#organization\",\"name\":\"Hunter Optics\",\"url\":\"https:\\\/\\\/hunter-optics.com\\\/\",\"logo\":{\"@type\":\"ImageObject\",\"inLanguage\":\"tr\",\"@id\":\"https:\\\/\\\/hunter-optics.com\\\/#\\\/schema\\\/logo\\\/image\\\/\",\"url\":\"https:\\\/\\\/hunter-optics.com\\\/wp-content\\\/uploads\\\/2025\\\/06\\\/hunter-optics-logo-1.png\",\"contentUrl\":\"https:\\\/\\\/hunter-optics.com\\\/wp-content\\\/uploads\\\/2025\\\/06\\\/hunter-optics-logo-1.png\",\"width\":937,\"height\":373,\"caption\":\"Hunter Optics\"},\"image\":{\"@id\":\"https:\\\/\\\/hunter-optics.com\\\/#\\\/schema\\\/logo\\\/image\\\/\"}}]}<\/script>\n<meta property=\"product:brand\" content=\"Crimson Trace\" \/>\n<meta property=\"product:price:amount\" content=\"369.99\" \/>\n<meta property=\"product:price:currency\" content=\"USD\" \/>\n<meta property=\"og:availability\" content=\"instock\" \/>\n<meta property=\"product:availability\" content=\"instock\" \/>\n<meta property=\"product:condition\" content=\"new\" \/>\n<!-- \/ Yoast SEO Premium plugin. -->","yoast_head_json":{"title":"Crimson Trace Hardline 1-8x28 34mm MIL - Avc\u0131 Optikleri","description":"Crimson Trace Hardline 1-8x28 34mm MIL Hardline D\u00fc\u015f\u00fck G\u00fc\u00e7l\u00fc De\u011fi\u015fken Optikler, taktik profesyonellerden arka bah\u00e7edeki plink\u00e7ilere kadar herkes i\u00e7in bilin\u00e7li olarak \u00fcretilmi\u015ftir.","robots":{"index":"index","follow":"follow","max-snippet":"max-snippet:-1","max-image-preview":"max-image-preview:large","max-video-preview":"max-video-preview:-1"},"canonical":"https:\/\/hunter-optics.com\/tr\/urun\/crimson-trace-hardline-1-8x28-34mm-mil\/","og_locale":"tr_TR","og_type":"article","og_title":"Crimson Trace Hardline 1-8x28 34mm MIL","og_description":"The Crimson Trace Hardline 1-8x28 34mm MIL Hardline Low Power Variable Optics are deliberately built for everyone from tactical professionals to backyard plinkers.","og_url":"https:\/\/hunter-optics.com\/tr\/urun\/crimson-trace-hardline-1-8x28-34mm-mil\/","og_site_name":"Hunter Optics","article_modified_time":"2025-07-29T05:54:03+00:00","og_image":[{"width":876,"height":876,"url":"https:\/\/hunter-optics.com\/wp-content\/uploads\/2025\/07\/Hardline-1-8x28-1.jpg","type":"image\/jpeg"}],"twitter_card":"summary_large_image","twitter_misc":{"Fiyat":"&#36;369.99","Durumu":"Stokta var"},"schema":{"@context":"https:\/\/schema.org","@graph":[{"@type":"WebPage","@id":"https:\/\/hunter-optics.com\/product\/crimson-trace-hardline-1-8x28-34mm-mil\/","url":"https:\/\/hunter-optics.com\/product\/crimson-trace-hardline-1-8x28-34mm-mil\/","name":"Crimson Trace Hardline 1-8x28 34mm MIL - Avc\u0131 Optikleri","isPartOf":{"@id":"https:\/\/hunter-optics.com\/#website"},"primaryImageOfPage":{"@id":"https:\/\/hunter-optics.com\/product\/crimson-trace-hardline-1-8x28-34mm-mil\/#primaryimage"},"image":{"@id":"https:\/\/hunter-optics.com\/product\/crimson-trace-hardline-1-8x28-34mm-mil\/#primaryimage"},"thumbnailUrl":"https:\/\/hunter-optics.com\/wp-content\/uploads\/2025\/07\/Hardline-1-8x28-1.jpg","datePublished":"2025-07-24T10:02:21+00:00","dateModified":"2025-07-29T05:54:03+00:00","description":"Crimson Trace Hardline 1-8x28 34mm MIL Hardline D\u00fc\u015f\u00fck G\u00fc\u00e7l\u00fc De\u011fi\u015fken Optikler, taktik profesyonellerden arka bah\u00e7edeki plink\u00e7ilere kadar herkes i\u00e7in bilin\u00e7li olarak \u00fcretilmi\u015ftir.","breadcrumb":{"@id":"https:\/\/hunter-optics.com\/product\/crimson-trace-hardline-1-8x28-34mm-mil\/#breadcrumb"},"inLanguage":"tr","potentialAction":[{"@type":"ReadAction","target":["https:\/\/hunter-optics.com\/product\/crimson-trace-hardline-1-8x28-34mm-mil\/"]}]},{"@type":"ImageObject","inLanguage":"tr","@id":"https:\/\/hunter-optics.com\/product\/crimson-trace-hardline-1-8x28-34mm-mil\/#primaryimage","url":"https:\/\/hunter-optics.com\/wp-content\/uploads\/2025\/07\/Hardline-1-8x28-1.jpg","contentUrl":"https:\/\/hunter-optics.com\/wp-content\/uploads\/2025\/07\/Hardline-1-8x28-1.jpg","width":876,"height":876},{"@type":"BreadcrumbList","@id":"https:\/\/hunter-optics.com\/product\/crimson-trace-hardline-1-8x28-34mm-mil\/#breadcrumb","itemListElement":[{"@type":"ListItem","position":1,"name":"Home","item":"https:\/\/hunter-optics.com\/"},{"@type":"ListItem","position":2,"name":"Products","item":"https:\/\/hunter-optics.com\/shop\/"},{"@type":"ListItem","position":3,"name":"Crimson Trace Hardline 1-8&#215;28 34mm MIL"}]},{"@type":"WebSite","@id":"https:\/\/hunter-optics.com\/#website","url":"https:\/\/hunter-optics.com\/","name":"Avc\u0131 Optikleri","description":"Avc\u0131 Opti\u011fi - G\u00f6z\u00fcn\u00fcz Hedefte.","publisher":{"@id":"https:\/\/hunter-optics.com\/#organization"},"potentialAction":[{"@type":"SearchAction","target":{"@type":"EntryPoint","urlTemplate":"https:\/\/hunter-optics.com\/?s={search_term_string}"},"query-input":{"@type":"PropertyValueSpecification","valueRequired":true,"valueName":"search_term_string"}}],"inLanguage":"tr"},{"@type":"Organization","@id":"https:\/\/hunter-optics.com\/#organization","name":"Avc\u0131 Optikleri","url":"https:\/\/hunter-optics.com\/","logo":{"@type":"ImageObject","inLanguage":"tr","@id":"https:\/\/hunter-optics.com\/#\/schema\/logo\/image\/","url":"https:\/\/hunter-optics.com\/wp-content\/uploads\/2025\/06\/hunter-optics-logo-1.png","contentUrl":"https:\/\/hunter-optics.com\/wp-content\/uploads\/2025\/06\/hunter-optics-logo-1.png","width":937,"height":373,"caption":"Hunter Optics"},"image":{"@id":"https:\/\/hunter-optics.com\/#\/schema\/logo\/image\/"}}]},"product_brand":"Crimson Trace","product_price_amount":"369.99","product_price_currency":"USD","og_availability":"instock","product_availability":"instock","product_condition":"new"},"_links":{"self":[{"href":"https:\/\/hunter-optics.com\/tr\/wp-json\/wp\/v2\/product\/1434","targetHints":{"allow":["GET"]}}],"collection":[{"href":"https:\/\/hunter-optics.com\/tr\/wp-json\/wp\/v2\/product"}],"about":[{"href":"https:\/\/hunter-optics.com\/tr\/wp-json\/wp\/v2\/types\/product"}],"replies":[{"embeddable":true,"href":"https:\/\/hunter-optics.com\/tr\/wp-json\/wp\/v2\/comments?post=1434"}],"version-history":[{"count":3,"href":"https:\/\/hunter-optics.com\/tr\/wp-json\/wp\/v2\/product\/1434\/revisions"}],"predecessor-version":[{"id":1479,"href":"https:\/\/hunter-optics.com\/tr\/wp-json\/wp\/v2\/product\/1434\/revisions\/1479"}],"wp:featuredmedia":[{"embeddable":true,"href":"https:\/\/hunter-optics.com\/tr\/wp-json\/wp\/v2\/media\/1435"}],"wp:attachment":[{"href":"https:\/\/hunter-optics.com\/tr\/wp-json\/wp\/v2\/media?parent=1434"}],"wp:term":[{"taxonomy":"brand","embeddable":true,"href":"https:\/\/hunter-optics.com\/tr\/wp-json\/wp\/v2\/etheme_brands?post=1434"},{"taxonomy":"product_brand","embeddable":true,"href":"https:\/\/hunter-optics.com\/tr\/wp-json\/wp\/v2\/product_brand?post=1434"},{"taxonomy":"product_cat","embeddable":true,"href":"https:\/\/hunter-optics.com\/tr\/wp-json\/wp\/v2\/product_cat?post=1434"},{"taxonomy":"product_tag","embeddable":true,"href":"https:\/\/hunter-optics.com\/tr\/wp-json\/wp\/v2\/product_tag?post=1434"}],"curies":[{"name":"wp","href":"https:\/\/api.w.org\/{rel}","templated":true}]}}