{"id":1422,"date":"2025-07-24T09:34:26","date_gmt":"2025-07-24T09:34:26","guid":{"rendered":"https:\/\/hunter-optics.com\/?post_type=product&#038;p=1422"},"modified":"2025-07-24T09:34:27","modified_gmt":"2025-07-24T09:34:27","slug":"riton-5-conquer-5-25x56","status":"publish","type":"product","link":"https:\/\/hunter-optics.com\/tr\/urun\/riton-5-conquer-5-25x56\/","title":{"rendered":"Riton 5 Conquer 5-25\u00d756"},"content":{"rendered":"<div id=\"brxe-hqsamv\" class=\"brxe-text-basic tir-video__subtitle\">Riton 5 Conquer 5-25\u00d756<\/div>\n<div id=\"brxe-uenhta\" class=\"brxe-text prod-video__txt\">\n<p><strong>A\u00c7IKLIK \u00d6NEMLIDIR<\/strong><\/p>\n<p>Hedefinizi g\u00f6rmek ve onu iyi g\u00f6rmek iki farkl\u0131 \u015feydir. 5 Serisi ile her ikisini de hatas\u0131z bir \u015fekilde yapacaks\u0131n\u0131z. HD cam, hedefinizi net bir \u015fekilde g\u00f6rebilmeniz amac\u0131yla \u00fcretilmi\u015ftir, b\u00f6ylece menzilde tekrar tekrar vuru\u015flar yapabilirsiniz.<\/p>\n<div id=\"brxe-pogdbu\" class=\"brxe-container prod-colmns\">\n<div id=\"brxe-ywglqp\" class=\"brxe-text prod-column__txt\">\n<p><strong>HASSASI\u0307YETI\u0307 EN \u00dcST D\u00dcZEYE \u00c7IKARMAK<\/strong><\/p>\n<p>Hassas at\u0131\u015flarda geni\u015f ayarlara sahip olmak \u00e7ok \u00f6nemlidir, Riton'un 5 Conquer serisi de bunu sa\u011flar. 34 milimetrelik bir t\u00fcp \u00fczerine in\u015fa edilen bu \u00fcr\u00fcn, net bir g\u00f6r\u00fcnt\u00fc i\u00e7in muazzam miktarda \u0131\u015f\u0131\u011fa izin vermekle kalmaz, ayn\u0131 zamanda at\u0131\u015flar\u0131n\u0131z\u0131 a\u015f\u0131r\u0131 mesafelere ta\u015f\u0131mak i\u00e7in ihtiyac\u0131n\u0131z olan ayar\u0131 da sa\u011flar.<\/p>\n<p><strong>IKINCI DO\u011eA RETIK\u00dcLLERI<\/strong><\/p>\n<p>5 Conquer serisindeki her iki b\u00fcy\u00fctme se\u00e7ene\u011fi de MIL veya MOA modelleri ve bunlara uygun olarak \u00f6zel tasarlanm\u0131\u015f ni\u015fangahlar sunar. Rekabet\u00e7i ve ba\u015far\u0131l\u0131 uzun mesafe at\u0131c\u0131lar\u0131ndan gelen girdilerle, hem MOR retik\u00fcl\u00fc (MOA) hem de PSR (MRAD) retik\u00fclleri, ciddi at\u0131c\u0131lar\u0131n istemedikleri bir s\u00fcr\u00fc g\u00fcr\u00fclt\u00fc olmadan talep ettikleri i\u015flevselli\u011fi sunar. Ayr\u0131ca, 5 Conquer ni\u015fangah\u0131 g\u00f6r\u00fcn\u00fcrl\u00fc\u011f\u00fc en \u00fcst d\u00fczeye \u00e7\u0131karmak i\u00e7in camla oyulmu\u015f ve ayd\u0131nlat\u0131lm\u0131\u015ft\u0131r.<\/p>\n<p><strong>SIFIRLANDI<\/strong><\/p>\n<p><strong>5 Conquer 5-25\u00d756<\/strong> d\u00fcrb\u00fcnlerde Riton R5 S\u0131f\u0131r Durdurma Taretleri bulunur. Paslanmaz \u00e7elikten \u00fcretilen bu taretler, her ayar\u0131n tutarl\u0131 kalmas\u0131n\u0131 sa\u011flar ve binlerce ayarla bile \u00f6m\u00fcr boyu dayanacaklar\u0131n\u0131 g\u00f6n\u00fcl rahatl\u0131\u011f\u0131yla s\u00f6yleyebiliriz. R5 S\u0131f\u0131r Durdurma Taretleri, h\u0131zl\u0131 ve kolay bir \u015fekilde devreye al\u0131nabilen veya devreden \u00e7\u0131kar\u0131labilen at nal\u0131 tarz\u0131 bir durdurma tasar\u0131m\u0131na sahiptir ve mesafe i\u00e7in arama yapmay\u0131 her zamankinden daha kolay hale getirir.<\/p>\n<div id=\"brxe-pzrzqi\" class=\"brxe-block prod-ret-info\">\n<h3 id=\"brxe-ztlivr\" class=\"brxe-heading prod-tabs__title\">Retina Bilgileri:<\/h3>\n<p id=\"brxe-grjall\" class=\"brxe-text-basic prod-reticle-name\">RETICLE: BAS \/ PSR<\/p>\n<div id=\"brxe-rkyybx\" class=\"brxe-text-basic prod-ret__txt\">\n<p>Bu <strong>PSR ni\u015fangah\u0131<\/strong> ciddi uzun menzilli at\u0131c\u0131lar i\u00e7in tasarlanm\u0131\u015ft\u0131r ve net windage ve elevasyon i\u015faretlerine sahiptir. Hassas hash i\u015faretleri ve tutma noktalar\u0131, h\u0131zl\u0131 ayarlamalar yap\u0131lmas\u0131n\u0131 sa\u011flayarak her mesafede ola\u011fan\u00fcst\u00fc isabet ve g\u00fcven sunar.<\/p>\n<p>Bu <strong>BAS retik\u00fcl\u00fc<\/strong> MOA uzun menzilli at\u0131c\u0131lar i\u00e7indir ve tutma ayarlar\u0131n\u0131 basitle\u015ftiren windage i\u00e7in yo\u011funla\u015ft\u0131r\u0131lm\u0131\u015f bir y\u0131lba\u015f\u0131 a\u011fac\u0131na sahiptir. Bu tasar\u0131m, at\u0131c\u0131lar\u0131n r\u00fczgar\u0131 h\u0131zl\u0131 ve do\u011fru bir \u015fekilde telafi etmesine olanak tan\u0131yarak uzun mesafelerde hassasiyeti ve g\u00fcveni art\u0131r\u0131r.<\/p>\n<div id=\"brxe-abuzoo\" class=\"brxe-block x-tabs_panel x-tabs_panel-current\" tabindex=\"0\" role=\"tabpanel\" aria-labelledby=\"brxe-amrphz\">\n<div id=\"brxe-ohplhw\" class=\"brxe-block x-tabs_panel-content\">\n<h3 id=\"brxe-qcmket\" class=\"brxe-heading prod-tabs__title\">Temel \u00d6zellikler:<\/h3>\n<div id=\"brxe-pnyzeh\" class=\"brxe-block prod-tab-feature\">\n<div class=\"brxe-xfsvub brxe-block prod-tab-key-loop\"><img loading=\"lazy\" decoding=\"async\" class=\"brxe-rtihxw brxe-image prod-feature__icon css-filter size-full\" src=\"https:\/\/ritonoptics.com\/wp-content\/uploads\/dry-argon-purged-and-sealed-1.png\" alt=\"\" width=\"72\" height=\"74\" \/><\/p>\n<div class=\"brxe-anynyj brxe-div\">\n<p class=\"brxe-abizyp brxe-text-basic prod-feature__title\">Kuru Argonla Temizlenmi\u015f ve M\u00fch\u00fcrlenmi\u015f<\/p>\n<p class=\"brxe-lprtvs brxe-text-basic prod-feature__txt\">Argon gaz\u0131 kullanan optik, cihaz\u0131n \u00f6mr\u00fc boyunca t\u00fcm hava ko\u015fullar\u0131nda \u00fcst\u00fcn performans sa\u011flamak i\u00e7in temizlenir ve m\u00fch\u00fcrlenir...<\/p>\n<\/div>\n<\/div>\n<div class=\"brxe-xfsvub brxe-block prod-tab-key-loop\"><img loading=\"lazy\" decoding=\"async\" class=\"brxe-rtihxw brxe-image prod-feature__icon css-filter size-full\" src=\"https:\/\/ritonoptics.com\/wp-content\/uploads\/precision-quality-1.png\" alt=\"\" width=\"72\" height=\"74\" \/><\/p>\n<div class=\"brxe-anynyj brxe-div\">\n<p class=\"brxe-abizyp brxe-text-basic prod-feature__title\">Hassas Kalite G\u00fcvencesi<\/p>\n<p class=\"brxe-lprtvs brxe-text-basic prod-feature__txt\">Her Riton \u00fcr\u00fcn\u00fc, Tucson, AZ'deki sertifikal\u0131 teknisyenler taraf\u0131ndan titiz bir kalite kontrol s\u00fcrecinden ge\u00e7er. Ald\u0131\u011f\u0131n\u0131z her \u00fcr\u00fcn...<\/p>\n<\/div>\n<\/div>\n<div class=\"brxe-xfsvub brxe-block prod-tab-key-loop\"><img loading=\"lazy\" decoding=\"async\" class=\"brxe-rtihxw brxe-image prod-feature__icon css-filter size-full\" src=\"https:\/\/ritonoptics.com\/wp-content\/uploads\/advanced-turret-1.png\" alt=\"\" width=\"72\" height=\"74\" \/><\/p>\n<div class=\"brxe-anynyj brxe-div\">\n<p class=\"brxe-abizyp brxe-text-basic prod-feature__title\">Riton Geli\u015fmi\u015f Taret Sistemi<\/p>\n<p class=\"brxe-lprtvs brxe-text-basic prod-feature__txt\">Riton Geli\u015fmi\u015f Taret Sistemi, Riton'un Zero Stop taretlerini birden fazla formda bir araya getirerek tekrarlanabilir takip ve do\u011fruluk sa\u011flar.<\/p>\n<\/div>\n<\/div>\n<div class=\"brxe-xfsvub brxe-block prod-tab-key-loop\"><img loading=\"lazy\" decoding=\"async\" class=\"brxe-rtihxw brxe-image prod-feature__icon css-filter size-full\" src=\"https:\/\/ritonoptics.com\/wp-content\/uploads\/ed-glass-1.png\" alt=\"\" width=\"72\" height=\"74\" \/><\/p>\n<div class=\"brxe-anynyj brxe-div\">\n<p class=\"brxe-abizyp brxe-text-basic prod-feature__title\">Riton HD\/ED Cam<\/p>\n<p class=\"brxe-lprtvs brxe-text-basic prod-feature__txt\">Riton Y\u00fcksek Yo\u011funluklu (HD)\/Ekstra Da\u011f\u0131l\u0131ml\u0131 (ED) cam, geli\u015fmi\u015f bir renk spektrumu i\u00e7in ekstra d\u00fc\u015f\u00fck da\u011f\u0131l\u0131mla 99,5% \u0131\u015f\u0131k ge\u00e7irgenli\u011fi sunar...<\/p>\n<\/div>\n<\/div>\n<div class=\"brxe-xfsvub brxe-block prod-tab-key-loop\"><img loading=\"lazy\" decoding=\"async\" class=\"brxe-rtihxw brxe-image prod-feature__icon css-filter size-full\" src=\"https:\/\/ritonoptics.com\/wp-content\/uploads\/performance-coating-1.png\" alt=\"\" width=\"72\" height=\"74\" \/><\/p>\n<div class=\"brxe-anynyj brxe-div\">\n<p class=\"brxe-abizyp brxe-text-basic prod-feature__title\">Riton Performans Kaplama<\/p>\n<p class=\"brxe-lprtvs brxe-text-basic prod-feature__txt\">Tescilli tamamen \u00e7oklu kaplamal\u0131 lensler i\u00e7eren t\u00fcm Riton optikleri, d\u00fc\u015f\u00fck \u0131\u015f\u0131k iyile\u015ftirme, tam geni\u015f bant, \u00e7izilmeye kar\u015f\u0131 koruma ve yans\u0131ma \u00f6nleyici kaplamalara sahiptir...<\/p>\n<\/div>\n<\/div>\n<div class=\"brxe-xfsvub brxe-block prod-tab-key-loop\"><img loading=\"lazy\" decoding=\"async\" class=\"brxe-rtihxw brxe-image prod-feature__icon css-filter size-full\" src=\"https:\/\/ritonoptics.com\/wp-content\/uploads\/rugged-construction-1.png\" alt=\"\" width=\"72\" height=\"74\" \/><\/p>\n<div class=\"brxe-anynyj brxe-div\">\n<p class=\"brxe-abizyp brxe-text-basic prod-feature__title\">Riton Sa\u011flam Yap\u0131<\/p>\n<p class=\"brxe-lprtvs brxe-text-basic prod-feature__txt\">Riton Rugged Construction, 6061-T6 u\u00e7ak s\u0131n\u0131f\u0131 al\u00fcminyum, CNC ile i\u015flenmi\u015f tek par\u00e7a borular ve Tip III Sert Kaplama Eloksal uygulamas\u0131n\u0131 i\u00e7erir....<\/p>\n<\/div>\n<\/div>\n<div class=\"brxe-xfsvub brxe-block prod-tab-key-loop\"><img loading=\"lazy\" decoding=\"async\" class=\"brxe-rtihxw brxe-image prod-feature__icon css-filter size-full\" src=\"https:\/\/ritonoptics.com\/wp-content\/uploads\/airgun-approved-1.png\" alt=\"\" width=\"72\" height=\"74\" \/><\/p>\n<div class=\"brxe-anynyj brxe-div\">\n<p class=\"brxe-abizyp brxe-text-basic prod-feature__title\">Haval\u0131 T\u00fcfek Onayl\u0131<\/p>\n<p class=\"brxe-lprtvs brxe-text-basic prod-feature__txt\">Riton d\u00fcrb\u00fcnleri, dayan\u0131kl\u0131l\u0131k ve m\u00fckemmel optik netlik sunan y\u00fcksek dereceli ve haval\u0131 t\u00fcfek kullan\u0131m\u0131 i\u00e7in uygundur. E\u015fsiz geri tepmeye dayanacak \u015fekilde tasarlanm\u0131\u015ft\u0131r...<\/p>\n<div id=\"brxe-gtdyre\" class=\"brxe-block x-tabs_panel x-tabs_panel-current\" tabindex=\"0\" role=\"tabpanel\" aria-labelledby=\"brxe-yxbhdb\">\n<div id=\"brxe-eknisj\" class=\"brxe-block x-tabs_panel-content\">\n<h3 id=\"brxe-qzyxzy\" class=\"brxe-heading prod-tabs__title\">T\u00fcm \u00f6zellikler:<\/h3>\n<div class=\"brxe-zlpnap brxe-block prod-tab-spec-loop\">\n<p class=\"brxe-ibnnrs brxe-text-basic tab-spec__value\">B\u00fcy\u00fctme:5-25<\/p>\n<\/div>\n<div class=\"brxe-zlpnap brxe-block prod-tab-spec-loop\">\n<p class=\"brxe-ibnnrs brxe-text-basic tab-spec__value\">Paralaks Ayar\u0131:20 - Sonsuzluk<\/p>\n<\/div>\n<div class=\"brxe-zlpnap brxe-block prod-tab-spec-loop\">\n<p class=\"brxe-ibnnrs brxe-text-basic tab-spec__value\">T\u00fcp \u00c7ap\u0131:34mm<\/p>\n<\/div>\n<div class=\"brxe-zlpnap brxe-block prod-tab-spec-loop\">\n<p class=\"brxe-ibnnrs brxe-text-basic tab-spec__value\">Objektif Lens \u00c7ap\u0131:56mm<\/p>\n<\/div>\n<div class=\"brxe-zlpnap brxe-block prod-tab-spec-loop\">\n<p class=\"brxe-ibnnrs brxe-text-basic tab-spec__value\">Odak D\u00fczlemi:Birinci Odak D\u00fczlemi<\/p>\n<\/div>\n<div class=\"brxe-zlpnap brxe-block prod-tab-spec-loop\">\n<p class=\"brxe-ibnnrs brxe-text-basic tab-spec__value\">Lens Kaplamas\u0131:Tam \u00c7oklu Kaplama, Tam Geni\u015f Bant, Su Ge\u00e7irmez Kaplamal\u0131, D\u00fc\u015f\u00fck I\u015f\u0131k \u0130yile\u015ftirme<\/p>\n<\/div>\n<div class=\"brxe-zlpnap brxe-block prod-tab-spec-loop\">\n<p class=\"brxe-ibnnrs brxe-text-basic tab-spec__value\">Netlik:BAS (MOA) \/ PSR (MRAD), Ayd\u0131nlatmal\u0131<\/p>\n<\/div>\n<div class=\"brxe-zlpnap brxe-block prod-tab-spec-loop\">\n<p class=\"brxe-ibnnrs brxe-text-basic tab-spec__value\">100 Yards'da G\u00f6r\u00fc\u015f Alan\u0131: 22,5ft - 4,5ft<\/p>\n<\/div>\n<div class=\"brxe-zlpnap brxe-block prod-tab-spec-loop\">\n<p class=\"brxe-ibnnrs brxe-text-basic tab-spec__value\">Malzeme:6061-T6<\/p>\n<\/div>\n<div class=\"brxe-zlpnap brxe-block prod-tab-spec-loop\">\n<p class=\"brxe-ibnnrs brxe-text-basic tab-spec__value\">G\u00f6z Kabartma: 3,5 in\u00e7\/90 mm<\/p>\n<\/div>\n<div class=\"brxe-zlpnap brxe-block prod-tab-spec-loop\">\n<p class=\"brxe-ibnnrs brxe-text-basic tab-spec__value\">\u00c7\u0131k\u0131\u015f G\u00f6zbebe\u011fi: D\u00fc\u015f\u00fck 10,2 mm - Y\u00fcksek 2,2 mm<\/p>\n<\/div>\n<div class=\"brxe-zlpnap brxe-block prod-tab-spec-loop\">\n<p class=\"brxe-ibnnrs brxe-text-basic tab-spec__value\">100 yardada T\u0131klama De\u011feri: 1\/4 MOA veya 1\/10 MRAD<\/p>\n<\/div>\n<div class=\"brxe-zlpnap brxe-block prod-tab-spec-loop\">\n<p class=\"brxe-ibnnrs brxe-text-basic tab-spec__value\">Ayar Aral\u0131\u011f\u0131: 90 MOA veya 26 MRAD<\/p>\n<\/div>\n<div class=\"brxe-zlpnap brxe-block prod-tab-spec-loop\">\n<p class=\"brxe-ibnnrs brxe-text-basic tab-spec__value\">Montaj Uzunlu\u011fu:7.37in\/187mm<\/p>\n<\/div>\n<div class=\"brxe-zlpnap brxe-block prod-tab-spec-loop\">\n<p class=\"brxe-ibnnrs brxe-text-basic tab-spec__value\">Uzunluk:15.35in\/390mm<\/p>\n<\/div>\n<div class=\"brxe-zlpnap brxe-block prod-tab-spec-loop\">\n<p class=\"brxe-ibnnrs brxe-text-basic tab-spec__value\">A\u011f\u0131rl\u0131k: 2.3lbs\/36.8oz<\/p>\n<\/div>\n<div class=\"brxe-zlpnap brxe-block prod-tab-spec-loop\">\n<p class=\"brxe-ibnnrs brxe-text-basic tab-spec__value\">Pil:CR2032<\/p>\n<\/div>\n<div class=\"brxe-zlpnap brxe-block prod-tab-spec-loop\">\n<p class=\"brxe-ibnnrs brxe-text-basic tab-spec__value\">Birlikte Verilen Aksesuarlar:\u00c7evirmeli Lens Kapaklar\u0131, Lens Bezi, Alyan Anahtar\u0131<\/p>\n<\/div>\n<\/div>\n<\/div>\n<\/div>\n<\/div>\n<\/div>\n<\/div>\n<\/div>\n<\/div>\n<\/div>\n<\/div>\n<\/div>\n<\/div>","protected":false},"excerpt":{"rendered":"<p>Bu <strong>5 Conquer 5-25\u00d756<\/strong> Riton Optics'in sundu\u011fu optik ara\u00e7lar sayesinde uzun mesafelere arka bah\u00e7ede at\u0131\u015f yapar gibi at\u0131\u015f yapabilirsiniz. Sezgisel retik\u00fclleri, HD\/ED cam\u0131, geni\u015f ayar aral\u0131\u011f\u0131 ve patent bekleyen \u00c7ift At\u0131\u015fl\u0131 Kol Sistemi ile 34 milimetrelik bir \u015faside yer alan bu optikler, uzun mesafeli at\u0131\u015flar\u0131n zorluklar\u0131n\u0131n hi\u00e7 var olmad\u0131\u011f\u0131n\u0131 d\u00fc\u015f\u00fcnmenizi sa\u011flayacakt\u0131r.<\/p>","protected":false},"featured_media":1423,"comment_status":"open","ping_status":"closed","template":"","meta":[],"etheme_brands":[{"term_id":44,"name":"Riton","slug":"riton","term_group":0,"term_taxonomy_id":44,"taxonomy":"brand","description":"","parent":0,"count":18,"filter":"raw"}],"product_brand":[],"product_cat":[49],"product_tag":[],"class_list":{"0":"post-1422","1":"product","2":"type-product","3":"status-publish","4":"has-post-thumbnail","6":"brand-riton","7":"product_cat-rifle-scopes","9":"first","10":"outofstock","11":"sale","12":"taxable","13":"shipping-taxable","14":"purchasable","15":"product-type-variable"},"yoast_head":"<!-- This site is optimized with the Yoast SEO Premium plugin v25.7.1 (Yoast SEO v27.4) - https:\/\/yoast.com\/product\/yoast-seo-premium-wordpress\/ -->\n<title>Riton 5 Conquer 5-25\u00d756 - Hunter Optics<\/title>\n<meta name=\"description\" content=\"The 5 Conquer 5-25\u00d756 from Riton Optics provides you with the optical tools to shoot long distances as if it were like plinking in the backyard.\" \/>\n<meta name=\"robots\" content=\"index, follow, max-snippet:-1, max-image-preview:large, max-video-preview:-1\" \/>\n<link rel=\"canonical\" href=\"https:\/\/hunter-optics.com\/tr\/urun\/riton-5-conquer-5-25x56\/\" \/>\n<meta property=\"og:locale\" content=\"tr_TR\" \/>\n<meta property=\"og:type\" content=\"article\" \/>\n<meta property=\"og:title\" content=\"Riton 5 Conquer 5-25\u00d756\" \/>\n<meta property=\"og:description\" content=\"The 5 Conquer 5-25\u00d756 from Riton Optics provides you with the optical tools to shoot long distances as if it were like plinking in the backyard.\" \/>\n<meta property=\"og:url\" content=\"https:\/\/hunter-optics.com\/tr\/urun\/riton-5-conquer-5-25x56\/\" \/>\n<meta property=\"og:site_name\" content=\"Hunter Optics\" \/>\n<meta property=\"article:modified_time\" content=\"2025-07-24T09:34:27+00:00\" \/>\n<meta property=\"og:image\" content=\"https:\/\/hunter-optics.com\/wp-content\/uploads\/2025\/07\/5-Conquer-5-25x56-MOA-Angled.webp\" \/>\n\t<meta property=\"og:image:width\" content=\"876\" \/>\n\t<meta property=\"og:image:height\" content=\"876\" \/>\n\t<meta property=\"og:image:type\" content=\"image\/webp\" \/>\n<meta name=\"twitter:card\" content=\"summary_large_image\" \/>\n<meta name=\"twitter:label1\" content=\"Durumu\" \/>\n\t<meta name=\"twitter:data1\" content=\"Stoklar t\u00fckendi\" \/>\n<script type=\"application\/ld+json\" class=\"yoast-schema-graph\">{\"@context\":\"https:\\\/\\\/schema.org\",\"@graph\":[{\"@type\":\"WebPage\",\"@id\":\"https:\\\/\\\/hunter-optics.com\\\/product\\\/riton-5-conquer-5-25x56\\\/\",\"url\":\"https:\\\/\\\/hunter-optics.com\\\/product\\\/riton-5-conquer-5-25x56\\\/\",\"name\":\"Riton 5 Conquer 5-25\u00d756 - Hunter Optics\",\"isPartOf\":{\"@id\":\"https:\\\/\\\/hunter-optics.com\\\/#website\"},\"primaryImageOfPage\":{\"@id\":\"https:\\\/\\\/hunter-optics.com\\\/product\\\/riton-5-conquer-5-25x56\\\/#primaryimage\"},\"image\":{\"@id\":\"https:\\\/\\\/hunter-optics.com\\\/product\\\/riton-5-conquer-5-25x56\\\/#primaryimage\"},\"thumbnailUrl\":\"https:\\\/\\\/hunter-optics.com\\\/wp-content\\\/uploads\\\/2025\\\/07\\\/5-Conquer-5-25x56-MOA-Angled.webp\",\"datePublished\":\"2025-07-24T09:34:26+00:00\",\"dateModified\":\"2025-07-24T09:34:27+00:00\",\"description\":\"The 5 Conquer 5-25\u00d756 from Riton Optics provides you with the optical tools to shoot long distances as if it were like plinking in the backyard.\",\"breadcrumb\":{\"@id\":\"https:\\\/\\\/hunter-optics.com\\\/product\\\/riton-5-conquer-5-25x56\\\/#breadcrumb\"},\"inLanguage\":\"tr\",\"potentialAction\":[{\"@type\":\"ReadAction\",\"target\":[\"https:\\\/\\\/hunter-optics.com\\\/product\\\/riton-5-conquer-5-25x56\\\/\"]}]},{\"@type\":\"ImageObject\",\"inLanguage\":\"tr\",\"@id\":\"https:\\\/\\\/hunter-optics.com\\\/product\\\/riton-5-conquer-5-25x56\\\/#primaryimage\",\"url\":\"https:\\\/\\\/hunter-optics.com\\\/wp-content\\\/uploads\\\/2025\\\/07\\\/5-Conquer-5-25x56-MOA-Angled.webp\",\"contentUrl\":\"https:\\\/\\\/hunter-optics.com\\\/wp-content\\\/uploads\\\/2025\\\/07\\\/5-Conquer-5-25x56-MOA-Angled.webp\",\"width\":876,\"height\":876},{\"@type\":\"BreadcrumbList\",\"@id\":\"https:\\\/\\\/hunter-optics.com\\\/product\\\/riton-5-conquer-5-25x56\\\/#breadcrumb\",\"itemListElement\":[{\"@type\":\"ListItem\",\"position\":1,\"name\":\"Home\",\"item\":\"https:\\\/\\\/hunter-optics.com\\\/\"},{\"@type\":\"ListItem\",\"position\":2,\"name\":\"Products\",\"item\":\"https:\\\/\\\/hunter-optics.com\\\/shop\\\/\"},{\"@type\":\"ListItem\",\"position\":3,\"name\":\"Riton 5 Conquer 5-25\u00d756\"}]},{\"@type\":\"WebSite\",\"@id\":\"https:\\\/\\\/hunter-optics.com\\\/#website\",\"url\":\"https:\\\/\\\/hunter-optics.com\\\/\",\"name\":\"Hunter Optics\",\"description\":\"Hunter Optics \u2014 Your Eye on the Target.\",\"publisher\":{\"@id\":\"https:\\\/\\\/hunter-optics.com\\\/#organization\"},\"potentialAction\":[{\"@type\":\"SearchAction\",\"target\":{\"@type\":\"EntryPoint\",\"urlTemplate\":\"https:\\\/\\\/hunter-optics.com\\\/?s={search_term_string}\"},\"query-input\":{\"@type\":\"PropertyValueSpecification\",\"valueRequired\":true,\"valueName\":\"search_term_string\"}}],\"inLanguage\":\"tr\"},{\"@type\":\"Organization\",\"@id\":\"https:\\\/\\\/hunter-optics.com\\\/#organization\",\"name\":\"Hunter Optics\",\"url\":\"https:\\\/\\\/hunter-optics.com\\\/\",\"logo\":{\"@type\":\"ImageObject\",\"inLanguage\":\"tr\",\"@id\":\"https:\\\/\\\/hunter-optics.com\\\/#\\\/schema\\\/logo\\\/image\\\/\",\"url\":\"https:\\\/\\\/hunter-optics.com\\\/wp-content\\\/uploads\\\/2025\\\/06\\\/hunter-optics-logo-1.png\",\"contentUrl\":\"https:\\\/\\\/hunter-optics.com\\\/wp-content\\\/uploads\\\/2025\\\/06\\\/hunter-optics-logo-1.png\",\"width\":937,\"height\":373,\"caption\":\"Hunter Optics\"},\"image\":{\"@id\":\"https:\\\/\\\/hunter-optics.com\\\/#\\\/schema\\\/logo\\\/image\\\/\"}}]}<\/script>\n<meta property=\"product:brand\" content=\"Riton\" \/>\n<meta property=\"og:availability\" content=\"out of stock\" \/>\n<meta property=\"product:availability\" content=\"out of stock\" \/>\n<meta property=\"product:condition\" content=\"new\" \/>\n<!-- \/ Yoast SEO Premium plugin. -->","yoast_head_json":{"title":"Riton 5 Conquer 5-25\u00d756 - Hunter Optics","description":"Riton Optics'in 5 Conquer 5-25\u00d756 modeli, arka bah\u00e7ede at\u0131\u015f yapar gibi uzun mesafelere at\u0131\u015f yapabilmeniz i\u00e7in gerekli optik ara\u00e7lar\u0131 sa\u011flar.","robots":{"index":"index","follow":"follow","max-snippet":"max-snippet:-1","max-image-preview":"max-image-preview:large","max-video-preview":"max-video-preview:-1"},"canonical":"https:\/\/hunter-optics.com\/tr\/urun\/riton-5-conquer-5-25x56\/","og_locale":"tr_TR","og_type":"article","og_title":"Riton 5 Conquer 5-25\u00d756","og_description":"The 5 Conquer 5-25\u00d756 from Riton Optics provides you with the optical tools to shoot long distances as if it were like plinking in the backyard.","og_url":"https:\/\/hunter-optics.com\/tr\/urun\/riton-5-conquer-5-25x56\/","og_site_name":"Hunter Optics","article_modified_time":"2025-07-24T09:34:27+00:00","og_image":[{"width":876,"height":876,"url":"https:\/\/hunter-optics.com\/wp-content\/uploads\/2025\/07\/5-Conquer-5-25x56-MOA-Angled.webp","type":"image\/webp"}],"twitter_card":"summary_large_image","twitter_misc":{"Durumu":"Stoklar t\u00fckendi"},"schema":{"@context":"https:\/\/schema.org","@graph":[{"@type":"WebPage","@id":"https:\/\/hunter-optics.com\/product\/riton-5-conquer-5-25x56\/","url":"https:\/\/hunter-optics.com\/product\/riton-5-conquer-5-25x56\/","name":"Riton 5 Conquer 5-25\u00d756 - Hunter Optics","isPartOf":{"@id":"https:\/\/hunter-optics.com\/#website"},"primaryImageOfPage":{"@id":"https:\/\/hunter-optics.com\/product\/riton-5-conquer-5-25x56\/#primaryimage"},"image":{"@id":"https:\/\/hunter-optics.com\/product\/riton-5-conquer-5-25x56\/#primaryimage"},"thumbnailUrl":"https:\/\/hunter-optics.com\/wp-content\/uploads\/2025\/07\/5-Conquer-5-25x56-MOA-Angled.webp","datePublished":"2025-07-24T09:34:26+00:00","dateModified":"2025-07-24T09:34:27+00:00","description":"Riton Optics'in 5 Conquer 5-25\u00d756 modeli, arka bah\u00e7ede at\u0131\u015f yapar gibi uzun mesafelere at\u0131\u015f yapabilmeniz i\u00e7in gerekli optik ara\u00e7lar\u0131 sa\u011flar.","breadcrumb":{"@id":"https:\/\/hunter-optics.com\/product\/riton-5-conquer-5-25x56\/#breadcrumb"},"inLanguage":"tr","potentialAction":[{"@type":"ReadAction","target":["https:\/\/hunter-optics.com\/product\/riton-5-conquer-5-25x56\/"]}]},{"@type":"ImageObject","inLanguage":"tr","@id":"https:\/\/hunter-optics.com\/product\/riton-5-conquer-5-25x56\/#primaryimage","url":"https:\/\/hunter-optics.com\/wp-content\/uploads\/2025\/07\/5-Conquer-5-25x56-MOA-Angled.webp","contentUrl":"https:\/\/hunter-optics.com\/wp-content\/uploads\/2025\/07\/5-Conquer-5-25x56-MOA-Angled.webp","width":876,"height":876},{"@type":"BreadcrumbList","@id":"https:\/\/hunter-optics.com\/product\/riton-5-conquer-5-25x56\/#breadcrumb","itemListElement":[{"@type":"ListItem","position":1,"name":"Home","item":"https:\/\/hunter-optics.com\/"},{"@type":"ListItem","position":2,"name":"Products","item":"https:\/\/hunter-optics.com\/shop\/"},{"@type":"ListItem","position":3,"name":"Riton 5 Conquer 5-25\u00d756"}]},{"@type":"WebSite","@id":"https:\/\/hunter-optics.com\/#website","url":"https:\/\/hunter-optics.com\/","name":"Avc\u0131 Optikleri","description":"Avc\u0131 Opti\u011fi - G\u00f6z\u00fcn\u00fcz Hedefte.","publisher":{"@id":"https:\/\/hunter-optics.com\/#organization"},"potentialAction":[{"@type":"SearchAction","target":{"@type":"EntryPoint","urlTemplate":"https:\/\/hunter-optics.com\/?s={search_term_string}"},"query-input":{"@type":"PropertyValueSpecification","valueRequired":true,"valueName":"search_term_string"}}],"inLanguage":"tr"},{"@type":"Organization","@id":"https:\/\/hunter-optics.com\/#organization","name":"Avc\u0131 Optikleri","url":"https:\/\/hunter-optics.com\/","logo":{"@type":"ImageObject","inLanguage":"tr","@id":"https:\/\/hunter-optics.com\/#\/schema\/logo\/image\/","url":"https:\/\/hunter-optics.com\/wp-content\/uploads\/2025\/06\/hunter-optics-logo-1.png","contentUrl":"https:\/\/hunter-optics.com\/wp-content\/uploads\/2025\/06\/hunter-optics-logo-1.png","width":937,"height":373,"caption":"Hunter Optics"},"image":{"@id":"https:\/\/hunter-optics.com\/#\/schema\/logo\/image\/"}}]},"product_brand":"Riton","og_availability":"out of stock","product_availability":"out of stock","product_condition":"new"},"_links":{"self":[{"href":"https:\/\/hunter-optics.com\/tr\/wp-json\/wp\/v2\/product\/1422","targetHints":{"allow":["GET"]}}],"collection":[{"href":"https:\/\/hunter-optics.com\/tr\/wp-json\/wp\/v2\/product"}],"about":[{"href":"https:\/\/hunter-optics.com\/tr\/wp-json\/wp\/v2\/types\/product"}],"replies":[{"embeddable":true,"href":"https:\/\/hunter-optics.com\/tr\/wp-json\/wp\/v2\/comments?post=1422"}],"version-history":[{"count":1,"href":"https:\/\/hunter-optics.com\/tr\/wp-json\/wp\/v2\/product\/1422\/revisions"}],"predecessor-version":[{"id":1433,"href":"https:\/\/hunter-optics.com\/tr\/wp-json\/wp\/v2\/product\/1422\/revisions\/1433"}],"wp:featuredmedia":[{"embeddable":true,"href":"https:\/\/hunter-optics.com\/tr\/wp-json\/wp\/v2\/media\/1423"}],"wp:attachment":[{"href":"https:\/\/hunter-optics.com\/tr\/wp-json\/wp\/v2\/media?parent=1422"}],"wp:term":[{"taxonomy":"brand","embeddable":true,"href":"https:\/\/hunter-optics.com\/tr\/wp-json\/wp\/v2\/etheme_brands?post=1422"},{"taxonomy":"product_brand","embeddable":true,"href":"https:\/\/hunter-optics.com\/tr\/wp-json\/wp\/v2\/product_brand?post=1422"},{"taxonomy":"product_cat","embeddable":true,"href":"https:\/\/hunter-optics.com\/tr\/wp-json\/wp\/v2\/product_cat?post=1422"},{"taxonomy":"product_tag","embeddable":true,"href":"https:\/\/hunter-optics.com\/tr\/wp-json\/wp\/v2\/product_tag?post=1422"}],"curies":[{"name":"wp","href":"https:\/\/api.w.org\/{rel}","templated":true}]}}