{"id":1412,"date":"2025-07-24T09:24:17","date_gmt":"2025-07-24T09:24:17","guid":{"rendered":"https:\/\/hunter-optics.com\/?post_type=product&#038;p=1412"},"modified":"2025-07-24T10:02:44","modified_gmt":"2025-07-24T10:02:44","slug":"riton-7-conquer-4-32x56","status":"publish","type":"product","link":"https:\/\/hunter-optics.com\/tr\/urun\/riton-7-conquer-4-32x56\/","title":{"rendered":"Riton 7 CONQUER 4-32\u00d756"},"content":{"rendered":"<div id=\"brxe-hqsamv\" class=\"brxe-text-basic tir-video__subtitle\">Riton 7 CONQUER 4-32\u00d756<\/div>\n<div id=\"brxe-uenhta\" class=\"brxe-text prod-video__txt\">\n<p><strong>A\u00c7IK\u00c7A G\u00d6R\u00dcN<\/strong><\/p>\n<p>7 Serisi, at\u0131c\u0131lar\u0131m\u0131z i\u00e7in en \u00fcst d\u00fczey performans, netlik ve g\u00f6r\u00fc\u015f sunan Japon cam ve optik sistemlerini masaya getiriyor. Japon optik bile\u015fenleri uzun zamand\u0131r kaliteleriyle sayg\u0131 g\u00f6r\u00fcyor ve genellikle atletizm ve saha etkinlikleri i\u00e7in ayr\u0131lan mesafelerde at\u0131\u015f yapanlar taraf\u0131ndan aran\u0131yor. 7 Serisi optik sistemler tam da bu at\u0131\u015flar\u0131n gerektirdiklerini sunar.<\/p>\n<div id=\"brxe-pogdbu\" class=\"brxe-container prod-colmns\">\n<div id=\"brxe-ywglqp\" class=\"brxe-text prod-column__txt\">\n<p><strong>SONA ERMEK \u0130\u00c7\u0130N YAPILDI<\/strong><\/p>\n<p>Riton 7 Serisi, hassasiyeti korurken elementlerin, \u015fokun ve aradaki her \u015feyin \u00fcstesinden gelmek i\u00e7in \u00fcretilmi\u015ftir. 6061-T6 u\u00e7ak s\u0131n\u0131f\u0131 al\u00fcminyumdan \u00fcretilen <strong>7 Conquer 4-32\u00d756<\/strong> dayan\u0131kl\u0131l\u0131k g\u00f6z \u00f6n\u00fcnde bulundurularak ve kar\u015f\u0131la\u015fabilece\u011finiz her t\u00fcrl\u00fc ko\u015fula dayanacak \u015fekilde \u00fcretilmi\u015ftir. T\u00fcm Riton d\u00fcrb\u00fcnleri gibi 7 Serisi de 1.200 Gs'ye kadar darbe testine tabi tutulmu\u015ftur, haval\u0131 t\u00fcfek s\u0131n\u0131f\u0131ndad\u0131r ve Riton S\u0131n\u0131rl\u0131 \u00d6m\u00fcr Boyu Garanti ile desteklenmektedir. Uygulaman\u0131z ne olursa olsun, Riton 7 Serisi performanstan \u00f6d\u00fcn vermeden dayanacak \u015fekilde \u00fcretilmi\u015ftir.<\/p>\n<p><strong>SIFIRA D\u00d6N\u00dc\u015e<\/strong><\/p>\n<p>Bu <strong>7 Conquer 4-32\u00d756<\/strong> paslanmaz \u00e7elikten \u00fcretilen Riton R7 S\u0131f\u0131r Durdurma Taretlerine sahiptir, ayarlamalar\u0131n\u0131z\u0131 tutarl\u0131 tutar ve binlerce ayarlamadan sonra bile \u00f6m\u00fcr boyu dayanacaklar\u0131 konusunda size g\u00f6n\u00fcl rahatl\u0131\u011f\u0131 sa\u011flar. R7 S\u0131f\u0131r Durdurma Taretlerinin ayarlanmas\u0131 kolayd\u0131r, bu nedenle bir kez ni\u015fan ald\u0131\u011f\u0131n\u0131zda s\u0131f\u0131r durdurmay\u0131 devreye sokmak \u00e7ok az \u00e7aba gerektirir. Bu da daha uzun at\u0131\u015flar yapmak i\u00e7in ayar aral\u0131\u011f\u0131n\u0131zda dola\u015fman\u0131n da kolay oldu\u011fu anlam\u0131na gelir.<\/p>\n<p><strong>\u00c7EVRENIZE UYUM SA\u011eLAYIN<\/strong><\/p>\n<p>Ayd\u0131nlatma, bulundu\u011funuz ortama uyum sa\u011flaman\u0131za yard\u0131mc\u0131 olabilecek \u00e7ok \u00f6nemli bir \u00f6zellik olabilir. Riton 7 Serisi, kar\u015f\u0131la\u015fabilece\u011finiz \u00e7evresel durumlar i\u00e7in haz\u0131rlanm\u0131\u015ft\u0131r; her seviye aras\u0131nda bir kapatma d\u00fc\u011fmesi bulunan 6 ayd\u0131nlatma seviyesi ile ihtiya\u00e7lar\u0131n\u0131za g\u00f6re m\u00fckemmel konumu ayarlayabilir ve seviyeleri an\u0131nda de\u011fi\u015ftirebilirsiniz.<\/p>\n<p><strong>HER KO\u015eULDA HIZLI B\u00dcY\u00dcTME DE\u011eI\u015eIKLIKLERI<\/strong><\/p>\n<p>7 Serisi, Riton'un patent bekleyen \u00c7ift At\u0131\u015f Kolu Sistemine sahiptir ve hedefe ula\u015fmak i\u00e7in b\u00fcy\u00fctme seviyelerini h\u0131zla de\u011fi\u015ftirmeniz gereken uygulamalar i\u00e7in m\u00fckemmeldir. F\u0131rlatma kolunu konumland\u0131rmak i\u00e7in birden fazla konum ve aralar\u0131ndan se\u00e7im yapabilece\u011finiz birden fazla y\u00fckseklik ile kurulumunuzu nas\u0131l ate\u015f etmeyi sevdi\u011finize uyacak \u015fekilde \u00f6zelle\u015ftirebilirsiniz. \u0130ster a\u011f\u0131rl\u0131ktan tasarruf etmek ve d\u00fc\u015f\u00fck profili korumak isteyin, isterse b\u00fcy\u00fctme oran\u0131n\u0131z\u0131 eldivenli ellerle veya kaygan ya da \u0131slak ko\u015fullarda kullanabilmeniz gerekiyor olsun, \u00c7ift At\u0131\u015fl\u0131 Kol Sistemi ihtiyac\u0131n\u0131z olan mod\u00fclerli\u011fi ve \u00f6zelle\u015ftirmeyi sunar.<\/p>\n<div id=\"brxe-pzrzqi\" class=\"brxe-block prod-ret-info\">\n<h3 id=\"brxe-ztlivr\" class=\"brxe-heading prod-tabs__title\">Retina Bilgileri:<\/h3>\n<p id=\"brxe-grjall\" class=\"brxe-text-basic prod-reticle-name\">RET\u0130KLE: PSR(MRAD) \/ MOR(MOA)<\/p>\n<div id=\"brxe-rkyybx\" class=\"brxe-text-basic prod-ret__txt\">\n<p>Bu <strong>PSR ni\u015fangah\u0131<\/strong> ciddi uzun menzilli at\u0131c\u0131lar i\u00e7in tasarlanm\u0131\u015ft\u0131r ve net windage ve elevasyon i\u015faretlerine sahiptir. Hassas hash i\u015faretleri ve tutma noktalar\u0131, h\u0131zl\u0131 ayarlamalar yap\u0131lmas\u0131n\u0131 sa\u011flayarak her mesafede ola\u011fan\u00fcst\u00fc isabet ve g\u00fcven sunar.<\/p>\n<p>Bu <strong>MOR retik\u00fcl\u00fc<\/strong> uzun menzilli at\u0131\u015f kabiliyetinde \u00fcst\u00fcnd\u00fcr. Nokta ve \u00e7apraz ni\u015fangah tasar\u0131m\u0131 hassas ni\u015fan almay\u0131 sa\u011flarken, r\u00fczgar i\u00e7in do\u011fru ayarlamalar yapman\u0131za yard\u0131mc\u0131 olan menzil tutucular her at\u0131\u015fta size g\u00fcven verir.<\/p>\n<div id=\"brxe-abuzoo\" class=\"brxe-block x-tabs_panel x-tabs_panel-current\" tabindex=\"0\" role=\"tabpanel\" aria-labelledby=\"brxe-amrphz\">\n<div id=\"brxe-ohplhw\" class=\"brxe-block x-tabs_panel-content\">\n<h3 id=\"brxe-qcmket\" class=\"brxe-heading prod-tabs__title\">Temel \u00d6zellikler:<\/h3>\n<div id=\"brxe-pnyzeh\" class=\"brxe-block prod-tab-feature\">\n<div class=\"brxe-xfsvub brxe-block prod-tab-key-loop\"><img loading=\"lazy\" decoding=\"async\" class=\"brxe-rtihxw brxe-image prod-feature__icon css-filter size-full\" src=\"https:\/\/ritonoptics.com\/wp-content\/uploads\/dry-argon-purged-and-sealed-1.png\" alt=\"\" width=\"72\" height=\"74\" \/><\/p>\n<div class=\"brxe-anynyj brxe-div\">\n<p class=\"brxe-abizyp brxe-text-basic prod-feature__title\">Kuru Argonla Temizlenmi\u015f ve M\u00fch\u00fcrlenmi\u015f<\/p>\n<p class=\"brxe-lprtvs brxe-text-basic prod-feature__txt\">Argon gaz\u0131 kullanan optik, cihaz\u0131n \u00f6mr\u00fc boyunca t\u00fcm hava ko\u015fullar\u0131nda \u00fcst\u00fcn performans sa\u011flamak i\u00e7in temizlenir ve m\u00fch\u00fcrlenir...<\/p>\n<\/div>\n<\/div>\n<div class=\"brxe-xfsvub brxe-block prod-tab-key-loop\"><img loading=\"lazy\" decoding=\"async\" class=\"brxe-rtihxw brxe-image prod-feature__icon css-filter size-full\" src=\"https:\/\/ritonoptics.com\/wp-content\/uploads\/precision-quality-1.png\" alt=\"\" width=\"72\" height=\"74\" \/><\/p>\n<div class=\"brxe-anynyj brxe-div\">\n<p class=\"brxe-abizyp brxe-text-basic prod-feature__title\">Hassas Kalite G\u00fcvencesi<\/p>\n<p class=\"brxe-lprtvs brxe-text-basic prod-feature__txt\">Her Riton \u00fcr\u00fcn\u00fc, Tucson, AZ'deki sertifikal\u0131 teknisyenler taraf\u0131ndan titiz bir kalite kontrol s\u00fcrecinden ge\u00e7er. Ald\u0131\u011f\u0131n\u0131z her \u00fcr\u00fcn...<\/p>\n<\/div>\n<\/div>\n<div class=\"brxe-xfsvub brxe-block prod-tab-key-loop\"><img loading=\"lazy\" decoding=\"async\" class=\"brxe-rtihxw brxe-image prod-feature__icon css-filter size-full\" src=\"https:\/\/ritonoptics.com\/wp-content\/uploads\/advanced-turret-1.png\" alt=\"\" width=\"72\" height=\"74\" \/><\/p>\n<div class=\"brxe-anynyj brxe-div\">\n<p class=\"brxe-abizyp brxe-text-basic prod-feature__title\">Riton Geli\u015fmi\u015f Taret Sistemi<\/p>\n<p class=\"brxe-lprtvs brxe-text-basic prod-feature__txt\">Riton Geli\u015fmi\u015f Taret Sistemi, Riton'un Zero Stop taretlerini birden fazla formda bir araya getirerek tekrarlanabilir takip ve do\u011fruluk sa\u011flar.<\/p>\n<\/div>\n<\/div>\n<div class=\"brxe-xfsvub brxe-block prod-tab-key-loop\"><img loading=\"lazy\" decoding=\"async\" class=\"brxe-rtihxw brxe-image prod-feature__icon css-filter size-full\" src=\"https:\/\/ritonoptics.com\/wp-content\/uploads\/ed-glass-1.png\" alt=\"\" width=\"72\" height=\"74\" \/><\/p>\n<div class=\"brxe-anynyj brxe-div\">\n<p class=\"brxe-abizyp brxe-text-basic prod-feature__title\">Riton HD\/ED Cam<\/p>\n<p class=\"brxe-lprtvs brxe-text-basic prod-feature__txt\">Riton Y\u00fcksek Yo\u011funluklu (HD)\/Ekstra Da\u011f\u0131l\u0131ml\u0131 (ED) cam, geli\u015fmi\u015f bir renk spektrumu i\u00e7in ekstra d\u00fc\u015f\u00fck da\u011f\u0131l\u0131mla 99,5% \u0131\u015f\u0131k ge\u00e7irgenli\u011fi sunar...<\/p>\n<\/div>\n<\/div>\n<div class=\"brxe-xfsvub brxe-block prod-tab-key-loop\"><img loading=\"lazy\" decoding=\"async\" class=\"brxe-rtihxw brxe-image prod-feature__icon css-filter size-full\" src=\"https:\/\/ritonoptics.com\/wp-content\/uploads\/performance-coating-1.png\" alt=\"\" width=\"72\" height=\"74\" \/><\/p>\n<div class=\"brxe-anynyj brxe-div\">\n<p class=\"brxe-abizyp brxe-text-basic prod-feature__title\">Riton Performans Kaplama<\/p>\n<p class=\"brxe-lprtvs brxe-text-basic prod-feature__txt\">Tescilli tamamen \u00e7oklu kaplamal\u0131 lensler i\u00e7eren t\u00fcm Riton optikleri, d\u00fc\u015f\u00fck \u0131\u015f\u0131k iyile\u015ftirme, tam geni\u015f bant, \u00e7izilmeye kar\u015f\u0131 koruma ve yans\u0131ma \u00f6nleyici kaplamalara sahiptir...<\/p>\n<\/div>\n<\/div>\n<div class=\"brxe-xfsvub brxe-block prod-tab-key-loop\"><img loading=\"lazy\" decoding=\"async\" class=\"brxe-rtihxw brxe-image prod-feature__icon css-filter size-full\" src=\"https:\/\/ritonoptics.com\/wp-content\/uploads\/rugged-construction-1.png\" alt=\"\" width=\"72\" height=\"74\" \/><\/p>\n<div class=\"brxe-anynyj brxe-div\">\n<p class=\"brxe-abizyp brxe-text-basic prod-feature__title\">Riton Sa\u011flam Yap\u0131<\/p>\n<p class=\"brxe-lprtvs brxe-text-basic prod-feature__txt\">Riton Rugged Construction, 6061-T6 u\u00e7ak s\u0131n\u0131f\u0131 al\u00fcminyum, CNC ile i\u015flenmi\u015f tek par\u00e7a borular ve Tip III Sert Kaplama Eloksal uygulamas\u0131n\u0131 i\u00e7erir....<\/p>\n<\/div>\n<\/div>\n<div class=\"brxe-xfsvub brxe-block prod-tab-key-loop\"><img loading=\"lazy\" decoding=\"async\" class=\"brxe-rtihxw brxe-image prod-feature__icon css-filter size-full\" src=\"https:\/\/ritonoptics.com\/wp-content\/uploads\/airgun-approved-1.png\" alt=\"\" width=\"72\" height=\"74\" \/><\/p>\n<div class=\"brxe-anynyj brxe-div\">\n<p class=\"brxe-abizyp brxe-text-basic prod-feature__title\">Haval\u0131 T\u00fcfek Onayl\u0131<\/p>\n<p class=\"brxe-lprtvs brxe-text-basic prod-feature__txt\">Riton d\u00fcrb\u00fcnleri, dayan\u0131kl\u0131l\u0131k ve m\u00fckemmel optik netlik sunan y\u00fcksek dereceli ve haval\u0131 t\u00fcfek kullan\u0131m\u0131 i\u00e7in uygundur. E\u015fsiz geri tepmeye dayanacak \u015fekilde tasarlanm\u0131\u015ft\u0131r...<\/p>\n<div id=\"brxe-gtdyre\" class=\"brxe-block x-tabs_panel x-tabs_panel-current\" tabindex=\"0\" role=\"tabpanel\" aria-labelledby=\"brxe-yxbhdb\">\n<div id=\"brxe-eknisj\" class=\"brxe-block x-tabs_panel-content\">\n<h3 id=\"brxe-qzyxzy\" class=\"brxe-heading prod-tabs__title\">T\u00fcm \u00f6zellikler:<\/h3>\n<div class=\"brxe-zlpnap brxe-block prod-tab-spec-loop\">\n<p class=\"brxe-ibnnrs brxe-text-basic tab-spec__value\">B\u00fcy\u00fctme:4-32<\/p>\n<\/div>\n<div class=\"brxe-zlpnap brxe-block prod-tab-spec-loop\">\n<p class=\"brxe-ibnnrs brxe-text-basic tab-spec__value\">Paralaks Ayar\u0131:20 - sonsuzluk<\/p>\n<\/div>\n<div class=\"brxe-zlpnap brxe-block prod-tab-spec-loop\">\n<p class=\"brxe-ibnnrs brxe-text-basic tab-spec__value\">T\u00fcp \u00c7ap\u0131:34mm<\/p>\n<\/div>\n<div class=\"brxe-zlpnap brxe-block prod-tab-spec-loop\">\n<p class=\"brxe-ibnnrs brxe-text-basic tab-spec__value\">Objektif Lens \u00c7ap\u0131:56mm<\/p>\n<\/div>\n<div class=\"brxe-zlpnap brxe-block prod-tab-spec-loop\">\n<p class=\"brxe-ibnnrs brxe-text-basic tab-spec__value\">Odak D\u00fczlemi:Birinci Odak D\u00fczlemi<\/p>\n<\/div>\n<div class=\"brxe-zlpnap brxe-block prod-tab-spec-loop\">\n<p class=\"brxe-ibnnrs brxe-text-basic tab-spec__value\">Lens Kaplamas\u0131:Tam \u00c7oklu Kaplama, Tam Geni\u015f Bant, Su Ge\u00e7irmez Kaplamal\u0131, D\u00fc\u015f\u00fck I\u015f\u0131k \u0130yile\u015ftirme<\/p>\n<\/div>\n<div class=\"brxe-zlpnap brxe-block prod-tab-spec-loop\">\n<p class=\"brxe-ibnnrs brxe-text-basic tab-spec__value\">Netlik:PSR(MRAD), Ayd\u0131nlatmal\u0131 \/ MOR(MOA), Ayd\u0131nlatmal\u0131<\/p>\n<\/div>\n<div class=\"brxe-zlpnap brxe-block prod-tab-spec-loop\">\n<p class=\"brxe-ibnnrs brxe-text-basic tab-spec__value\">100 Yards'ta G\u00f6r\u00fc\u015f Alan\u0131: 27ft - 3.4ft<\/p>\n<\/div>\n<div class=\"brxe-zlpnap brxe-block prod-tab-spec-loop\">\n<p class=\"brxe-ibnnrs brxe-text-basic tab-spec__value\">Malzeme:6061-T6<\/p>\n<\/div>\n<div class=\"brxe-zlpnap brxe-block prod-tab-spec-loop\">\n<p class=\"brxe-ibnnrs brxe-text-basic tab-spec__value\">G\u00f6z Kabartma: 3,5 in\u00e7\/90 mm<\/p>\n<\/div>\n<div class=\"brxe-zlpnap brxe-block prod-tab-spec-loop\">\n<p class=\"brxe-ibnnrs brxe-text-basic tab-spec__value\">\u00c7\u0131k\u0131\u015f G\u00f6zbebe\u011fi: D\u00fc\u015f\u00fck 7mm - Y\u00fcksek 1,6mm<\/p>\n<\/div>\n<div class=\"brxe-zlpnap brxe-block prod-tab-spec-loop\">\n<p class=\"brxe-ibnnrs brxe-text-basic tab-spec__value\">100 yardada T\u0131klama De\u011feri: 1\/10 MRAD, 1\/4 MOA<\/p>\n<\/div>\n<div class=\"brxe-zlpnap brxe-block prod-tab-spec-loop\">\n<p class=\"brxe-ibnnrs brxe-text-basic tab-spec__value\">Ayar Aral\u0131\u011f\u0131:32 MRAD, 110 MOA<\/p>\n<\/div>\n<div class=\"brxe-zlpnap brxe-block prod-tab-spec-loop\">\n<p class=\"brxe-ibnnrs brxe-text-basic tab-spec__value\">Montaj Uzunlu\u011fu:7.37in\/187mm<\/p>\n<\/div>\n<div class=\"brxe-zlpnap brxe-block prod-tab-spec-loop\">\n<p class=\"brxe-ibnnrs brxe-text-basic tab-spec__value\">Uzunluk:14.96in\/380mm<\/p>\n<\/div>\n<div class=\"brxe-zlpnap brxe-block prod-tab-spec-loop\">\n<p class=\"brxe-ibnnrs brxe-text-basic tab-spec__value\">A\u011f\u0131rl\u0131k:2.4lbs\/38.4oz<\/p>\n<\/div>\n<div class=\"brxe-zlpnap brxe-block prod-tab-spec-loop\">\n<p class=\"brxe-ibnnrs brxe-text-basic tab-spec__value\">Birlikte Verilen Aksesuarlar:\u00c7evirmeli Lens Kapaklar\u0131, Lens Bezi, Alyan Anahtar\u0131<\/p>\n<\/div>\n<\/div>\n<\/div>\n<\/div>\n<\/div>\n<\/div>\n<\/div>\n<\/div>\n<\/div>\n<\/div>\n<\/div>\n<\/div>\n<\/div>","protected":false},"excerpt":{"rendered":"<p>Riton Optik <strong>7 Conquer 4-32\u00d756<\/strong> at\u0131c\u0131lar i\u00e7in at\u0131c\u0131lar taraf\u0131ndan yap\u0131lan \u00e7oklu b\u00fcy\u00fctme aral\u0131klar\u0131 ve sezgisel retik\u00fcller sunan inan\u0131lmaz derecede yetenekli bir uzun menzilli d\u00fcrb\u00fcn sunar. Riton'un 7 Conquer d\u00fcrb\u00fcn ailesi, Japon cam ve optik sistemlerini \u00e7ok az ki\u015finin m\u00fcmk\u00fcn oldu\u011funa inand\u0131\u011f\u0131 bir fiyatla at\u0131c\u0131lara sunuyor. Yarat\u0131c\u0131 retik\u00fclleri ve s\u0131f\u0131r s\u0131f\u0131rlanabilir taret tasar\u0131mlar\u0131n\u0131 d\u00fcnyaca \u00fcnl\u00fc Japon optik sistemleriyle harmanlayan Riton'un 7 Conquer d\u00fcrb\u00fcn serisi, uzun menzilli t\u00fcfe\u011finiz i\u00e7in \u00e7\u00f6z\u00fcm\u00fcn\u00fczd\u00fcr.<\/p>","protected":false},"featured_media":1413,"comment_status":"open","ping_status":"closed","template":"","meta":[],"etheme_brands":[{"term_id":44,"name":"Riton","slug":"riton","term_group":0,"term_taxonomy_id":44,"taxonomy":"brand","description":"","parent":0,"count":18,"filter":"raw"}],"product_brand":[],"product_cat":[49],"product_tag":[],"class_list":{"0":"post-1412","1":"product","2":"type-product","3":"status-publish","4":"has-post-thumbnail","6":"brand-riton","7":"product_cat-rifle-scopes","9":"first","10":"instock","11":"sale","12":"taxable","13":"shipping-taxable","14":"purchasable","15":"product-type-variable"},"yoast_head":"<!-- This site is optimized with the Yoast SEO Premium plugin v25.7.1 (Yoast SEO v27.4) - https:\/\/yoast.com\/product\/yoast-seo-premium-wordpress\/ -->\n<title>Riton 7 CONQUER 4-32\u00d756 - Hunter Optics<\/title>\n<meta name=\"description\" content=\"The Riton Optics 7 Conquer 4-32\u00d756 delivers an incredibly capable long-range scope, offering multiple magnification ranges and intuitive reticles made by shooters for shooters.\" \/>\n<meta name=\"robots\" content=\"index, follow, max-snippet:-1, max-image-preview:large, max-video-preview:-1\" \/>\n<link rel=\"canonical\" href=\"https:\/\/hunter-optics.com\/tr\/urun\/riton-7-conquer-4-32x56\/\" \/>\n<meta property=\"og:locale\" content=\"tr_TR\" \/>\n<meta property=\"og:type\" content=\"article\" \/>\n<meta property=\"og:title\" content=\"Riton 7 CONQUER 4-32\u00d756\" \/>\n<meta property=\"og:description\" content=\"The Riton Optics 7 Conquer 4-32\u00d756 delivers an incredibly capable long-range scope, offering multiple magnification ranges and intuitive reticles made by shooters for shooters.\" \/>\n<meta property=\"og:url\" content=\"https:\/\/hunter-optics.com\/tr\/urun\/riton-7-conquer-4-32x56\/\" \/>\n<meta property=\"og:site_name\" content=\"Hunter Optics\" \/>\n<meta property=\"article:modified_time\" content=\"2025-07-24T10:02:44+00:00\" \/>\n<meta property=\"og:image\" content=\"https:\/\/hunter-optics.com\/wp-content\/uploads\/2025\/07\/7-Conquer-4-32x56-MRAD-Angled.webp\" \/>\n\t<meta property=\"og:image:width\" content=\"876\" \/>\n\t<meta property=\"og:image:height\" content=\"876\" \/>\n\t<meta property=\"og:image:type\" content=\"image\/webp\" \/>\n<meta name=\"twitter:card\" content=\"summary_large_image\" \/>\n<meta name=\"twitter:label1\" content=\"Durumu\" \/>\n\t<meta name=\"twitter:data1\" content=\"Stokta var\" \/>\n<script type=\"application\/ld+json\" class=\"yoast-schema-graph\">{\"@context\":\"https:\\\/\\\/schema.org\",\"@graph\":[{\"@type\":\"WebPage\",\"@id\":\"https:\\\/\\\/hunter-optics.com\\\/product\\\/riton-7-conquer-4-32x56\\\/\",\"url\":\"https:\\\/\\\/hunter-optics.com\\\/product\\\/riton-7-conquer-4-32x56\\\/\",\"name\":\"Riton 7 CONQUER 4-32\u00d756 - Hunter Optics\",\"isPartOf\":{\"@id\":\"https:\\\/\\\/hunter-optics.com\\\/#website\"},\"primaryImageOfPage\":{\"@id\":\"https:\\\/\\\/hunter-optics.com\\\/product\\\/riton-7-conquer-4-32x56\\\/#primaryimage\"},\"image\":{\"@id\":\"https:\\\/\\\/hunter-optics.com\\\/product\\\/riton-7-conquer-4-32x56\\\/#primaryimage\"},\"thumbnailUrl\":\"https:\\\/\\\/hunter-optics.com\\\/wp-content\\\/uploads\\\/2025\\\/07\\\/7-Conquer-4-32x56-MRAD-Angled.webp\",\"datePublished\":\"2025-07-24T09:24:17+00:00\",\"dateModified\":\"2025-07-24T10:02:44+00:00\",\"description\":\"The Riton Optics 7 Conquer 4-32\u00d756 delivers an incredibly capable long-range scope, offering multiple magnification ranges and intuitive reticles made by shooters for shooters.\",\"breadcrumb\":{\"@id\":\"https:\\\/\\\/hunter-optics.com\\\/product\\\/riton-7-conquer-4-32x56\\\/#breadcrumb\"},\"inLanguage\":\"tr\",\"potentialAction\":[{\"@type\":\"ReadAction\",\"target\":[\"https:\\\/\\\/hunter-optics.com\\\/product\\\/riton-7-conquer-4-32x56\\\/\"]}]},{\"@type\":\"ImageObject\",\"inLanguage\":\"tr\",\"@id\":\"https:\\\/\\\/hunter-optics.com\\\/product\\\/riton-7-conquer-4-32x56\\\/#primaryimage\",\"url\":\"https:\\\/\\\/hunter-optics.com\\\/wp-content\\\/uploads\\\/2025\\\/07\\\/7-Conquer-4-32x56-MRAD-Angled.webp\",\"contentUrl\":\"https:\\\/\\\/hunter-optics.com\\\/wp-content\\\/uploads\\\/2025\\\/07\\\/7-Conquer-4-32x56-MRAD-Angled.webp\",\"width\":876,\"height\":876},{\"@type\":\"BreadcrumbList\",\"@id\":\"https:\\\/\\\/hunter-optics.com\\\/product\\\/riton-7-conquer-4-32x56\\\/#breadcrumb\",\"itemListElement\":[{\"@type\":\"ListItem\",\"position\":1,\"name\":\"Home\",\"item\":\"https:\\\/\\\/hunter-optics.com\\\/\"},{\"@type\":\"ListItem\",\"position\":2,\"name\":\"Products\",\"item\":\"https:\\\/\\\/hunter-optics.com\\\/shop\\\/\"},{\"@type\":\"ListItem\",\"position\":3,\"name\":\"Riton 7 CONQUER 4-32\u00d756\"}]},{\"@type\":\"WebSite\",\"@id\":\"https:\\\/\\\/hunter-optics.com\\\/#website\",\"url\":\"https:\\\/\\\/hunter-optics.com\\\/\",\"name\":\"Hunter Optics\",\"description\":\"Hunter Optics \u2014 Your Eye on the Target.\",\"publisher\":{\"@id\":\"https:\\\/\\\/hunter-optics.com\\\/#organization\"},\"potentialAction\":[{\"@type\":\"SearchAction\",\"target\":{\"@type\":\"EntryPoint\",\"urlTemplate\":\"https:\\\/\\\/hunter-optics.com\\\/?s={search_term_string}\"},\"query-input\":{\"@type\":\"PropertyValueSpecification\",\"valueRequired\":true,\"valueName\":\"search_term_string\"}}],\"inLanguage\":\"tr\"},{\"@type\":\"Organization\",\"@id\":\"https:\\\/\\\/hunter-optics.com\\\/#organization\",\"name\":\"Hunter Optics\",\"url\":\"https:\\\/\\\/hunter-optics.com\\\/\",\"logo\":{\"@type\":\"ImageObject\",\"inLanguage\":\"tr\",\"@id\":\"https:\\\/\\\/hunter-optics.com\\\/#\\\/schema\\\/logo\\\/image\\\/\",\"url\":\"https:\\\/\\\/hunter-optics.com\\\/wp-content\\\/uploads\\\/2025\\\/06\\\/hunter-optics-logo-1.png\",\"contentUrl\":\"https:\\\/\\\/hunter-optics.com\\\/wp-content\\\/uploads\\\/2025\\\/06\\\/hunter-optics-logo-1.png\",\"width\":937,\"height\":373,\"caption\":\"Hunter Optics\"},\"image\":{\"@id\":\"https:\\\/\\\/hunter-optics.com\\\/#\\\/schema\\\/logo\\\/image\\\/\"}}]}<\/script>\n<meta property=\"product:brand\" content=\"Riton\" \/>\n<meta property=\"og:availability\" content=\"instock\" \/>\n<meta property=\"product:availability\" content=\"instock\" \/>\n<meta property=\"product:condition\" content=\"new\" \/>\n<!-- \/ Yoast SEO Premium plugin. -->","yoast_head_json":{"title":"Riton 7 CONQUER 4-32\u00d756 - Hunter Optics","description":"Riton Optics 7 Conquer 4-32\u00d756, at\u0131c\u0131lar i\u00e7in at\u0131c\u0131lar taraf\u0131ndan yap\u0131lan \u00e7oklu b\u00fcy\u00fctme aral\u0131klar\u0131 ve sezgisel retik\u00fcller sunan inan\u0131lmaz derecede yetenekli bir uzun menzilli d\u00fcrb\u00fcn sunar.","robots":{"index":"index","follow":"follow","max-snippet":"max-snippet:-1","max-image-preview":"max-image-preview:large","max-video-preview":"max-video-preview:-1"},"canonical":"https:\/\/hunter-optics.com\/tr\/urun\/riton-7-conquer-4-32x56\/","og_locale":"tr_TR","og_type":"article","og_title":"Riton 7 CONQUER 4-32\u00d756","og_description":"The Riton Optics 7 Conquer 4-32\u00d756 delivers an incredibly capable long-range scope, offering multiple magnification ranges and intuitive reticles made by shooters for shooters.","og_url":"https:\/\/hunter-optics.com\/tr\/urun\/riton-7-conquer-4-32x56\/","og_site_name":"Hunter Optics","article_modified_time":"2025-07-24T10:02:44+00:00","og_image":[{"width":876,"height":876,"url":"https:\/\/hunter-optics.com\/wp-content\/uploads\/2025\/07\/7-Conquer-4-32x56-MRAD-Angled.webp","type":"image\/webp"}],"twitter_card":"summary_large_image","twitter_misc":{"Durumu":"Stokta var"},"schema":{"@context":"https:\/\/schema.org","@graph":[{"@type":"WebPage","@id":"https:\/\/hunter-optics.com\/product\/riton-7-conquer-4-32x56\/","url":"https:\/\/hunter-optics.com\/product\/riton-7-conquer-4-32x56\/","name":"Riton 7 CONQUER 4-32\u00d756 - Hunter Optics","isPartOf":{"@id":"https:\/\/hunter-optics.com\/#website"},"primaryImageOfPage":{"@id":"https:\/\/hunter-optics.com\/product\/riton-7-conquer-4-32x56\/#primaryimage"},"image":{"@id":"https:\/\/hunter-optics.com\/product\/riton-7-conquer-4-32x56\/#primaryimage"},"thumbnailUrl":"https:\/\/hunter-optics.com\/wp-content\/uploads\/2025\/07\/7-Conquer-4-32x56-MRAD-Angled.webp","datePublished":"2025-07-24T09:24:17+00:00","dateModified":"2025-07-24T10:02:44+00:00","description":"Riton Optics 7 Conquer 4-32\u00d756, at\u0131c\u0131lar i\u00e7in at\u0131c\u0131lar taraf\u0131ndan yap\u0131lan \u00e7oklu b\u00fcy\u00fctme aral\u0131klar\u0131 ve sezgisel retik\u00fcller sunan inan\u0131lmaz derecede yetenekli bir uzun menzilli d\u00fcrb\u00fcn sunar.","breadcrumb":{"@id":"https:\/\/hunter-optics.com\/product\/riton-7-conquer-4-32x56\/#breadcrumb"},"inLanguage":"tr","potentialAction":[{"@type":"ReadAction","target":["https:\/\/hunter-optics.com\/product\/riton-7-conquer-4-32x56\/"]}]},{"@type":"ImageObject","inLanguage":"tr","@id":"https:\/\/hunter-optics.com\/product\/riton-7-conquer-4-32x56\/#primaryimage","url":"https:\/\/hunter-optics.com\/wp-content\/uploads\/2025\/07\/7-Conquer-4-32x56-MRAD-Angled.webp","contentUrl":"https:\/\/hunter-optics.com\/wp-content\/uploads\/2025\/07\/7-Conquer-4-32x56-MRAD-Angled.webp","width":876,"height":876},{"@type":"BreadcrumbList","@id":"https:\/\/hunter-optics.com\/product\/riton-7-conquer-4-32x56\/#breadcrumb","itemListElement":[{"@type":"ListItem","position":1,"name":"Home","item":"https:\/\/hunter-optics.com\/"},{"@type":"ListItem","position":2,"name":"Products","item":"https:\/\/hunter-optics.com\/shop\/"},{"@type":"ListItem","position":3,"name":"Riton 7 CONQUER 4-32\u00d756"}]},{"@type":"WebSite","@id":"https:\/\/hunter-optics.com\/#website","url":"https:\/\/hunter-optics.com\/","name":"Avc\u0131 Optikleri","description":"Avc\u0131 Opti\u011fi - G\u00f6z\u00fcn\u00fcz Hedefte.","publisher":{"@id":"https:\/\/hunter-optics.com\/#organization"},"potentialAction":[{"@type":"SearchAction","target":{"@type":"EntryPoint","urlTemplate":"https:\/\/hunter-optics.com\/?s={search_term_string}"},"query-input":{"@type":"PropertyValueSpecification","valueRequired":true,"valueName":"search_term_string"}}],"inLanguage":"tr"},{"@type":"Organization","@id":"https:\/\/hunter-optics.com\/#organization","name":"Avc\u0131 Optikleri","url":"https:\/\/hunter-optics.com\/","logo":{"@type":"ImageObject","inLanguage":"tr","@id":"https:\/\/hunter-optics.com\/#\/schema\/logo\/image\/","url":"https:\/\/hunter-optics.com\/wp-content\/uploads\/2025\/06\/hunter-optics-logo-1.png","contentUrl":"https:\/\/hunter-optics.com\/wp-content\/uploads\/2025\/06\/hunter-optics-logo-1.png","width":937,"height":373,"caption":"Hunter Optics"},"image":{"@id":"https:\/\/hunter-optics.com\/#\/schema\/logo\/image\/"}}]},"product_brand":"Riton","og_availability":"instock","product_availability":"instock","product_condition":"new"},"_links":{"self":[{"href":"https:\/\/hunter-optics.com\/tr\/wp-json\/wp\/v2\/product\/1412","targetHints":{"allow":["GET"]}}],"collection":[{"href":"https:\/\/hunter-optics.com\/tr\/wp-json\/wp\/v2\/product"}],"about":[{"href":"https:\/\/hunter-optics.com\/tr\/wp-json\/wp\/v2\/types\/product"}],"replies":[{"embeddable":true,"href":"https:\/\/hunter-optics.com\/tr\/wp-json\/wp\/v2\/comments?post=1412"}],"version-history":[{"count":1,"href":"https:\/\/hunter-optics.com\/tr\/wp-json\/wp\/v2\/product\/1412\/revisions"}],"predecessor-version":[{"id":1421,"href":"https:\/\/hunter-optics.com\/tr\/wp-json\/wp\/v2\/product\/1412\/revisions\/1421"}],"wp:featuredmedia":[{"embeddable":true,"href":"https:\/\/hunter-optics.com\/tr\/wp-json\/wp\/v2\/media\/1413"}],"wp:attachment":[{"href":"https:\/\/hunter-optics.com\/tr\/wp-json\/wp\/v2\/media?parent=1412"}],"wp:term":[{"taxonomy":"brand","embeddable":true,"href":"https:\/\/hunter-optics.com\/tr\/wp-json\/wp\/v2\/etheme_brands?post=1412"},{"taxonomy":"product_brand","embeddable":true,"href":"https:\/\/hunter-optics.com\/tr\/wp-json\/wp\/v2\/product_brand?post=1412"},{"taxonomy":"product_cat","embeddable":true,"href":"https:\/\/hunter-optics.com\/tr\/wp-json\/wp\/v2\/product_cat?post=1412"},{"taxonomy":"product_tag","embeddable":true,"href":"https:\/\/hunter-optics.com\/tr\/wp-json\/wp\/v2\/product_tag?post=1412"}],"curies":[{"name":"wp","href":"https:\/\/api.w.org\/{rel}","templated":true}]}}