{"id":1405,"date":"2025-07-24T09:05:43","date_gmt":"2025-07-24T09:05:43","guid":{"rendered":"https:\/\/hunter-optics.com\/?post_type=product&#038;p=1405"},"modified":"2025-07-24T09:06:35","modified_gmt":"2025-07-24T09:06:35","slug":"riton-5-tactix-1-10x24","status":"publish","type":"product","link":"https:\/\/hunter-optics.com\/tr\/urun\/riton-5-tactix-1-10x24\/","title":{"rendered":"Riton 5 TACTIX 1-10\u00d724"},"content":{"rendered":"<div id=\"brxe-hqsamv\" class=\"brxe-text-basic tir-video__subtitle\">Riton 5 TACTIX 1-10\u00d724<\/div>\n<div id=\"brxe-uenhta\" class=\"brxe-text prod-video__txt\">\n<p><strong>YAKINDAN VEYA UZAKTAN GER\u00c7EKLE\u015eTIRIN<\/strong><\/p>\n<p>Bu LPVO (d\u00fc\u015f\u00fck g\u00fc\u00e7l\u00fc de\u011fi\u015fken optik) yak\u0131n hedeflerle s\u0131n\u0131rl\u0131 de\u011fildir, bunun yerine birka\u00e7 metreden 1000'e kadar t\u00fcm menzilleri kapsar. 5 Tactix, yak\u0131n mesafe uygulamalar\u0131 i\u00e7in d\u00fc\u015f\u00fck b\u00fcy\u00fctmelerde k\u0131rm\u0131z\u0131 nokta gibi davran\u0131rken, daha y\u00fcksek b\u00fcy\u00fctmelerde uzun menzilli bir canavar gibi performans g\u00f6sterir.<\/p>\n<div id=\"brxe-pogdbu\" class=\"brxe-container prod-colmns\">\n<div id=\"brxe-ywglqp\" class=\"brxe-text prod-column__txt\">\n<p><strong>PRS G\u00dcC\u00dcNE SAHIP BIR LPVO<\/strong><\/p>\n<p>Riton'un 5 Tactix 1-10'u, y\u00fcksek b\u00fcy\u00fctmelerde daha ayr\u0131nt\u0131l\u0131 g\u00f6r\u00fcnen ve hedefinizin mesafesine g\u00f6re gerekli ayarlamalar\u0131 yapman\u0131za olanak tan\u0131yan birinci odak d\u00fczlemi, y\u0131lba\u015f\u0131 a\u011fac\u0131 tarz\u0131 bir retik\u00fcl ile donat\u0131lm\u0131\u015ft\u0131r. Bu optik ile mesafe ne olursa olsun at\u0131\u015flar\u0131n\u0131zda kendinize g\u00fcvenebilirsiniz.<\/p>\n<p><strong>HER KO\u015eULDA HIZLI B\u00dcY\u00dcTME DE\u011eI\u015eIMI<\/strong><\/p>\n<p>5 Tactix 1-10\u00d724, Riton'un patent bekleyen \u00c7ift Atma Kolu Sistemine sahiptir ve hedefe ula\u015fmak i\u00e7in b\u00fcy\u00fctme seviyelerini h\u0131zla de\u011fi\u015ftirmeniz gereken uygulamalar i\u00e7in m\u00fckemmeldir. F\u0131rlatma kolunu konumland\u0131rmak i\u00e7in birden fazla konum ve aralar\u0131ndan se\u00e7im yapabilece\u011finiz birden fazla y\u00fckseklik ile kurulumunuzu nas\u0131l ate\u015f etmeyi sevdi\u011finize uyacak \u015fekilde \u00f6zelle\u015ftirebilirsiniz. \u0130ster a\u011f\u0131rl\u0131ktan tasarruf etmek ve d\u00fc\u015f\u00fck bir profil elde etmek isteyin, isterse b\u00fcy\u00fctme oran\u0131n\u0131z\u0131 eldivenli ellerle veya kaygan ya da \u0131slak ko\u015fullarda kullanabilmeniz gerekiyor olsun, \u00c7ift At\u0131\u015fl\u0131 Kol Sistemi ihtiyac\u0131n\u0131z olan mod\u00fclerli\u011fi ve \u00f6zelle\u015ftirmeyi sunar.<\/p>\n<p><strong>AYDINLATMA ORTAMI ADAPTASYONU<\/strong><\/p>\n<p>Ayd\u0131nlatma, \u00e7evrenize uyum sa\u011flaman\u0131za yard\u0131mc\u0131 olabilecek \u00e7ok \u00f6nemli bir \u00f6zellik olabilir. 5 Tactix 1-10 kar\u015f\u0131la\u015fabilece\u011finiz \u00e7evresel durumlar i\u00e7in haz\u0131rlanm\u0131\u015ft\u0131r, her seviye aras\u0131nda bir kapatma d\u00fc\u011fmesi bulunan 6 ayd\u0131nlatma seviyesine sahiptir, ihtiya\u00e7lar\u0131n\u0131za g\u00f6re m\u00fckemmel konumu ayarlayabilir ve seviyeleri an\u0131nda de\u011fi\u015ftirebilirsiniz.<\/p>\n<p><strong>SONA ERMEK \u0130\u00c7\u0130N YAPILDI<\/strong><\/p>\n<p>Riton 5 Tactix 1-10, hassasiyeti korurken elementlerin, \u015fokun ve aradaki her \u015feyin \u00fcstesinden gelmek i\u00e7in \u00fcretilmi\u015ftir. 6061-T6 u\u00e7ak s\u0131n\u0131f\u0131 al\u00fcminyumdan \u00fcretilen 1-10, dayan\u0131kl\u0131l\u0131k g\u00f6z \u00f6n\u00fcnde bulundurularak ve kar\u015f\u0131la\u015fabilece\u011finiz her t\u00fcrl\u00fc ko\u015fula dayanacak \u015fekilde \u00fcretilmi\u015ftir. T\u00fcm Riton d\u00fcrb\u00fcnleri gibi 1-10 da 1.200 Gs'ye kadar darbe testine tabi tutulmu\u015ftur, haval\u0131 t\u00fcfek s\u0131n\u0131f\u0131ndad\u0131r ve Riton S\u0131n\u0131rl\u0131 \u00d6m\u00fcr Boyu Garanti ile desteklenmektedir. Uygulaman\u0131z ne olursa olsun, Riton 5 Tactix 1-10 performanstan \u00f6d\u00fcn vermeden dayanacak \u015fekilde \u00fcretilmi\u015ftir.<\/p>\n<div id=\"brxe-pzrzqi\" class=\"brxe-block prod-ret-info\">\n<h3 id=\"brxe-ztlivr\" class=\"brxe-heading prod-tabs__title\">Retina Bilgileri:<\/h3>\n<p id=\"brxe-grjall\" class=\"brxe-text-basic prod-reticle-name\">RET\u0130CLE: 3OT<\/p>\n<div id=\"brxe-rkyybx\" class=\"brxe-text-basic prod-ret__txt\">\n<p>Bu <strong>3OT<\/strong> \u00e7ok y\u00f6nl\u00fc bir d\u00fcrb\u00fcnd\u00fcr. D\u00fc\u015f\u00fck g\u00fc\u00e7te k\u0131rm\u0131z\u0131 bir nokta gibi i\u015flev g\u00f6r\u00fcr ve yak\u0131n mesafelerde h\u0131zl\u0131 hedef tespiti sa\u011flar. Y\u00fcksek g\u00fc\u00e7te hassas bir canavara d\u00f6n\u00fc\u015f\u00fcr ve menzildeki her at\u0131\u015f i\u00e7in size ayr\u0131nt\u0131l\u0131 y\u00fckseklik ve menzil tutu\u015flar\u0131 sa\u011flar.<\/p>\n<div id=\"brxe-abuzoo\" class=\"brxe-block x-tabs_panel x-tabs_panel-current\" tabindex=\"0\" role=\"tabpanel\" aria-labelledby=\"brxe-amrphz\">\n<div id=\"brxe-ohplhw\" class=\"brxe-block x-tabs_panel-content\">\n<h3 id=\"brxe-qcmket\" class=\"brxe-heading prod-tabs__title\">Temel \u00d6zellikler:<\/h3>\n<div id=\"brxe-pnyzeh\" class=\"brxe-block prod-tab-feature\">\n<div class=\"brxe-xfsvub brxe-block prod-tab-key-loop\">\n<p><img loading=\"lazy\" decoding=\"async\" class=\"brxe-rtihxw brxe-image prod-feature__icon css-filter size-full\" src=\"https:\/\/ritonoptics.com\/wp-content\/uploads\/dry-nitrogen-purged-and-sealed-1.png\" alt=\"\" width=\"72\" height=\"74\" \/><\/p>\n<div class=\"brxe-anynyj brxe-div\">\n<p class=\"brxe-abizyp brxe-text-basic prod-feature__title\">Kuru Azotla Temizlenmi\u015f ve M\u00fch\u00fcrlenmi\u015f<\/p>\n<p class=\"brxe-lprtvs brxe-text-basic prod-feature__txt\">Azot gaz\u0131 kullan\u0131larak optik temizlenir ve m\u00fch\u00fcrlenir, b\u00f6ylece cihaz\u0131n \u00f6mr\u00fc boyunca t\u00fcm hava ko\u015fullar\u0131nda optimum performans sa\u011flan\u0131r...<\/p>\n<\/div>\n<\/div>\n<div class=\"brxe-xfsvub brxe-block prod-tab-key-loop\">\n<p><img loading=\"lazy\" decoding=\"async\" class=\"brxe-rtihxw brxe-image prod-feature__icon css-filter size-full\" src=\"https:\/\/ritonoptics.com\/wp-content\/uploads\/precision-quality-1.png\" alt=\"\" width=\"72\" height=\"74\" \/><\/p>\n<div class=\"brxe-anynyj brxe-div\">\n<p class=\"brxe-abizyp brxe-text-basic prod-feature__title\">Hassas Kalite G\u00fcvencesi<\/p>\n<p class=\"brxe-lprtvs brxe-text-basic prod-feature__txt\">Her Riton \u00fcr\u00fcn\u00fc, Tucson, AZ'deki sertifikal\u0131 teknisyenler taraf\u0131ndan titiz bir kalite kontrol s\u00fcrecinden ge\u00e7er. Ald\u0131\u011f\u0131n\u0131z her \u00fcr\u00fcn...<\/p>\n<\/div>\n<\/div>\n<div class=\"brxe-xfsvub brxe-block prod-tab-key-loop\">\n<p><img loading=\"lazy\" decoding=\"async\" class=\"brxe-rtihxw brxe-image prod-feature__icon css-filter size-full\" src=\"https:\/\/ritonoptics.com\/wp-content\/uploads\/hd-glass-1.png\" alt=\"\" width=\"72\" height=\"74\" \/><\/p>\n<div class=\"brxe-anynyj brxe-div\">\n<p class=\"brxe-abizyp brxe-text-basic prod-feature__title\">Riton HD Cam<\/p>\n<p class=\"brxe-lprtvs brxe-text-basic prod-feature__txt\">Riton Y\u00fcksek Yo\u011funluklu (HD) cam, geli\u015fmi\u015f netlik ve optimum g\u00f6r\u00fc\u015f g\u00f6r\u00fcnt\u00fcs\u00fc i\u00e7in 99,5% \u0131\u015f\u0131k ge\u00e7irgenli\u011fi sa\u011flar.<\/p>\n<\/div>\n<\/div>\n<div class=\"brxe-xfsvub brxe-block prod-tab-key-loop\">\n<p><img loading=\"lazy\" decoding=\"async\" class=\"brxe-rtihxw brxe-image prod-feature__icon css-filter size-full\" src=\"https:\/\/ritonoptics.com\/wp-content\/uploads\/performance-coating-1.png\" alt=\"\" width=\"72\" height=\"74\" \/><\/p>\n<div class=\"brxe-anynyj brxe-div\">\n<p class=\"brxe-abizyp brxe-text-basic prod-feature__title\">Riton Performans Kaplama<\/p>\n<p class=\"brxe-lprtvs brxe-text-basic prod-feature__txt\">Tescilli tamamen \u00e7oklu kaplamal\u0131 lensler i\u00e7eren t\u00fcm Riton optikleri, d\u00fc\u015f\u00fck \u0131\u015f\u0131k iyile\u015ftirme, tam geni\u015f bant, \u00e7izilmeye kar\u015f\u0131 koruma ve yans\u0131ma \u00f6nleyici kaplamalara sahiptir...<\/p>\n<\/div>\n<\/div>\n<div class=\"brxe-xfsvub brxe-block prod-tab-key-loop\">\n<p><img loading=\"lazy\" decoding=\"async\" class=\"brxe-rtihxw brxe-image prod-feature__icon css-filter size-full\" src=\"https:\/\/ritonoptics.com\/wp-content\/uploads\/rugged-construction-1.png\" alt=\"\" width=\"72\" height=\"74\" \/><\/p>\n<div class=\"brxe-anynyj brxe-div\">\n<p class=\"brxe-abizyp brxe-text-basic prod-feature__title\">Riton Sa\u011flam Yap\u0131<\/p>\n<p class=\"brxe-lprtvs brxe-text-basic prod-feature__txt\">Riton Rugged Construction, 6061-T6 u\u00e7ak s\u0131n\u0131f\u0131 al\u00fcminyum, CNC ile i\u015flenmi\u015f tek par\u00e7a borular ve Tip III Sert Kaplama Eloksal uygulamas\u0131n\u0131 i\u00e7erir....<\/p>\n<\/div>\n<\/div>\n<div class=\"brxe-xfsvub brxe-block prod-tab-key-loop\">\n<p><img loading=\"lazy\" decoding=\"async\" class=\"brxe-rtihxw brxe-image prod-feature__icon css-filter size-full\" src=\"https:\/\/ritonoptics.com\/wp-content\/uploads\/airgun-approved-1.png\" alt=\"\" width=\"72\" height=\"74\" \/><\/p>\n<div class=\"brxe-anynyj brxe-div\">\n<p class=\"brxe-abizyp brxe-text-basic prod-feature__title\">Haval\u0131 T\u00fcfek Onayl\u0131<\/p>\n<p class=\"brxe-lprtvs brxe-text-basic prod-feature__txt\">Riton d\u00fcrb\u00fcnleri, dayan\u0131kl\u0131l\u0131k ve m\u00fckemmel optik netlik sunan y\u00fcksek dereceli ve haval\u0131 t\u00fcfek kullan\u0131m\u0131 i\u00e7in uygundur. E\u015fsiz geri tepmeye dayanacak \u015fekilde tasarlanm\u0131\u015ft\u0131r...<\/p>\n<div id=\"brxe-gtdyre\" class=\"brxe-block x-tabs_panel x-tabs_panel-current\" tabindex=\"0\" role=\"tabpanel\" aria-labelledby=\"brxe-yxbhdb\">\n<div id=\"brxe-eknisj\" class=\"brxe-block x-tabs_panel-content\">\n<h3 id=\"brxe-qzyxzy\" class=\"brxe-heading prod-tabs__title\">T\u00fcm \u00f6zellikler:<\/h3>\n<div class=\"brxe-zlpnap brxe-block prod-tab-spec-loop\">\n<p class=\"brxe-ibnnrs brxe-text-basic tab-spec__value\">B\u00fcy\u00fctme:1-10<\/p>\n<\/div>\n<div class=\"brxe-zlpnap brxe-block prod-tab-spec-loop\">\n<p class=\"brxe-ibnnrs brxe-text-basic tab-spec__value\">Paralaks Ayar\u0131:100 yardada sabit<\/p>\n<\/div>\n<div class=\"brxe-zlpnap brxe-block prod-tab-spec-loop\">\n<p class=\"brxe-ibnnrs brxe-text-basic tab-spec__value\">T\u00fcp \u00c7ap\u0131:30mm<\/p>\n<\/div>\n<div class=\"brxe-zlpnap brxe-block prod-tab-spec-loop\">\n<p class=\"brxe-ibnnrs brxe-text-basic tab-spec__value\">Objektif Lens \u00c7ap\u0131:24mm<\/p>\n<\/div>\n<div class=\"brxe-zlpnap brxe-block prod-tab-spec-loop\">\n<p class=\"brxe-ibnnrs brxe-text-basic tab-spec__value\">Odak D\u00fczlemi:Birinci Odak D\u00fczlemi<\/p>\n<\/div>\n<div class=\"brxe-zlpnap brxe-block prod-tab-spec-loop\">\n<p class=\"brxe-ibnnrs brxe-text-basic tab-spec__value\">Lens Kaplamas\u0131:Tam \u00c7oklu Kaplama, Tam Geni\u015f Bant, Su Ge\u00e7irmez Kaplamal\u0131, D\u00fc\u015f\u00fck I\u015f\u0131k \u0130yile\u015ftirme<\/p>\n<\/div>\n<div class=\"brxe-zlpnap brxe-block prod-tab-spec-loop\">\n<p class=\"brxe-ibnnrs brxe-text-basic tab-spec__value\">Ni\u015fangah:3OT, Ayd\u0131nlatmal\u0131<\/p>\n<\/div>\n<div class=\"brxe-zlpnap brxe-block prod-tab-spec-loop\">\n<p class=\"brxe-ibnnrs brxe-text-basic tab-spec__value\">100 Yards'da G\u00f6r\u00fc\u015f Alan\u0131: 105,8ft - 10,5ft<\/p>\n<\/div>\n<div class=\"brxe-zlpnap brxe-block prod-tab-spec-loop\">\n<p class=\"brxe-ibnnrs brxe-text-basic tab-spec__value\">Malzeme:6061-T6<\/p>\n<\/div>\n<div class=\"brxe-zlpnap brxe-block prod-tab-spec-loop\">\n<p class=\"brxe-ibnnrs brxe-text-basic tab-spec__value\">G\u00f6z Kabartma: 3,5 in\u00e7\/90 mm<\/p>\n<\/div>\n<div class=\"brxe-zlpnap brxe-block prod-tab-spec-loop\">\n<p class=\"brxe-ibnnrs brxe-text-basic tab-spec__value\">\u00c7\u0131k\u0131\u015f G\u00f6zbebe\u011fi: D\u00fc\u015f\u00fck 7,2 mm - Y\u00fcksek 2,4 mm<\/p>\n<\/div>\n<div class=\"brxe-zlpnap brxe-block prod-tab-spec-loop\">\n<p class=\"brxe-ibnnrs brxe-text-basic tab-spec__value\">100 yardada T\u0131klama De\u011feri: 1\/10 MRAD<\/p>\n<\/div>\n<div class=\"brxe-zlpnap brxe-block prod-tab-spec-loop\">\n<p class=\"brxe-ibnnrs brxe-text-basic tab-spec__value\">Ayar Aral\u0131\u011f\u0131:40 MRAD<\/p>\n<\/div>\n<div class=\"brxe-zlpnap brxe-block prod-tab-spec-loop\">\n<p class=\"brxe-ibnnrs brxe-text-basic tab-spec__value\">Montaj Uzunlu\u011fu:4.8in\/121mm<\/p>\n<\/div>\n<div class=\"brxe-zlpnap brxe-block prod-tab-spec-loop\">\n<p class=\"brxe-ibnnrs brxe-text-basic tab-spec__value\">Uzunluk:11.81in\/300mm<\/p>\n<\/div>\n<div class=\"brxe-zlpnap brxe-block prod-tab-spec-loop\">\n<p class=\"brxe-ibnnrs brxe-text-basic tab-spec__value\">A\u011f\u0131rl\u0131k:1.8lbs\/28.8oz<\/p>\n<\/div>\n<div class=\"brxe-zlpnap brxe-block prod-tab-spec-loop\">\n<p class=\"brxe-ibnnrs brxe-text-basic tab-spec__value\">Pil:CR2032<\/p>\n<\/div>\n<div class=\"brxe-zlpnap brxe-block prod-tab-spec-loop\">\n<p class=\"brxe-ibnnrs brxe-text-basic tab-spec__value\">Birlikte Verilen Aksesuarlar:\u00c7evirmeli Lens Kapaklar\u0131, Lens Bezi, Alyan Anahtar\u0131<\/p>\n<\/div>\n<\/div>\n<\/div>\n<\/div>\n<\/div>\n<\/div>\n<\/div>\n<\/div>\n<\/div>\n<\/div>\n<\/div>\n<\/div>\n<\/div>","protected":false},"excerpt":{"rendered":"<p>Riton 5 Tactix 1-10\u00d724, en d\u00fc\u015f\u00fck, ger\u00e7ek 1-g\u00fc\u00e7, b\u00fcy\u00fctmede k\u0131rm\u0131z\u0131 nokta \u00f6zelliklerinden en y\u00fcksek b\u00fcy\u00fctmede hassas bir i\u015f at\u0131na kadar her a\u00e7\u0131dan m\u00fckemmeldir. Bu, \u00f6zel bir sava\u015f t\u00fcfe\u011fi, modern av karabinas\u0131 ve aradaki her \u015fey i\u00e7in \u00e7\u00f6z\u00fcm\u00fcn\u00fczd\u00fcr.<\/p>","protected":false},"featured_media":1406,"comment_status":"open","ping_status":"closed","template":"","meta":[],"etheme_brands":[{"term_id":44,"name":"Riton","slug":"riton","term_group":0,"term_taxonomy_id":44,"taxonomy":"brand","description":"","parent":0,"count":18,"filter":"raw"}],"product_brand":[],"product_cat":[49],"product_tag":[],"class_list":{"0":"post-1405","1":"product","2":"type-product","3":"status-publish","4":"has-post-thumbnail","6":"brand-riton","7":"product_cat-rifle-scopes","9":"first","10":"instock","11":"sale","12":"taxable","13":"shipping-taxable","14":"purchasable","15":"product-type-simple"},"yoast_head":"<!-- This site is optimized with the Yoast SEO Premium plugin v25.7.1 (Yoast SEO v27.4) - https:\/\/yoast.com\/product\/yoast-seo-premium-wordpress\/ -->\n<title>Riton 5 TACTIX 1-10\u00d724 - Hunter Optics<\/title>\n<meta name=\"description\" content=\"The Riton 5 Tactix 1-10\u00d724 excels in every aspect, from red dot capabilities on the lowest, true 1-power, magnification, to a precision work horse on the highest magnification.\" \/>\n<meta name=\"robots\" content=\"index, follow, max-snippet:-1, max-image-preview:large, max-video-preview:-1\" \/>\n<link rel=\"canonical\" href=\"https:\/\/hunter-optics.com\/tr\/urun\/riton-5-tactix-1-10x24\/\" \/>\n<meta property=\"og:locale\" content=\"tr_TR\" \/>\n<meta property=\"og:type\" content=\"article\" \/>\n<meta property=\"og:title\" content=\"Riton 5 TACTIX 1-10\u00d724\" \/>\n<meta property=\"og:description\" content=\"The Riton 5 Tactix 1-10\u00d724 excels in every aspect, from red dot capabilities on the lowest, true 1-power, magnification, to a precision work horse on the highest magnification.\" \/>\n<meta property=\"og:url\" content=\"https:\/\/hunter-optics.com\/tr\/urun\/riton-5-tactix-1-10x24\/\" \/>\n<meta property=\"og:site_name\" content=\"Hunter Optics\" \/>\n<meta property=\"article:modified_time\" content=\"2025-07-24T09:06:35+00:00\" \/>\n<meta property=\"og:image\" content=\"https:\/\/hunter-optics.com\/wp-content\/uploads\/2025\/07\/01-5-Tactix-1-10x24-MRAD-Angled.webp\" \/>\n\t<meta property=\"og:image:width\" content=\"876\" \/>\n\t<meta property=\"og:image:height\" content=\"876\" \/>\n\t<meta property=\"og:image:type\" content=\"image\/webp\" \/>\n<meta name=\"twitter:card\" content=\"summary_large_image\" \/>\n<meta name=\"twitter:label1\" content=\"Fiyat\" \/>\n\t<meta name=\"twitter:data1\" content=\"&#036;859.99\" \/>\n\t<meta name=\"twitter:label2\" content=\"Durumu\" \/>\n\t<meta name=\"twitter:data2\" content=\"Stokta var\" \/>\n<script type=\"application\/ld+json\" class=\"yoast-schema-graph\">{\"@context\":\"https:\\\/\\\/schema.org\",\"@graph\":[{\"@type\":\"WebPage\",\"@id\":\"https:\\\/\\\/hunter-optics.com\\\/product\\\/riton-5-tactix-1-10x24\\\/\",\"url\":\"https:\\\/\\\/hunter-optics.com\\\/product\\\/riton-5-tactix-1-10x24\\\/\",\"name\":\"Riton 5 TACTIX 1-10\u00d724 - Hunter Optics\",\"isPartOf\":{\"@id\":\"https:\\\/\\\/hunter-optics.com\\\/#website\"},\"primaryImageOfPage\":{\"@id\":\"https:\\\/\\\/hunter-optics.com\\\/product\\\/riton-5-tactix-1-10x24\\\/#primaryimage\"},\"image\":{\"@id\":\"https:\\\/\\\/hunter-optics.com\\\/product\\\/riton-5-tactix-1-10x24\\\/#primaryimage\"},\"thumbnailUrl\":\"https:\\\/\\\/hunter-optics.com\\\/wp-content\\\/uploads\\\/2025\\\/07\\\/01-5-Tactix-1-10x24-MRAD-Angled.webp\",\"datePublished\":\"2025-07-24T09:05:43+00:00\",\"dateModified\":\"2025-07-24T09:06:35+00:00\",\"description\":\"The Riton 5 Tactix 1-10\u00d724 excels in every aspect, from red dot capabilities on the lowest, true 1-power, magnification, to a precision work horse on the highest magnification.\",\"breadcrumb\":{\"@id\":\"https:\\\/\\\/hunter-optics.com\\\/product\\\/riton-5-tactix-1-10x24\\\/#breadcrumb\"},\"inLanguage\":\"tr\",\"potentialAction\":[{\"@type\":\"ReadAction\",\"target\":[\"https:\\\/\\\/hunter-optics.com\\\/product\\\/riton-5-tactix-1-10x24\\\/\"]}]},{\"@type\":\"ImageObject\",\"inLanguage\":\"tr\",\"@id\":\"https:\\\/\\\/hunter-optics.com\\\/product\\\/riton-5-tactix-1-10x24\\\/#primaryimage\",\"url\":\"https:\\\/\\\/hunter-optics.com\\\/wp-content\\\/uploads\\\/2025\\\/07\\\/01-5-Tactix-1-10x24-MRAD-Angled.webp\",\"contentUrl\":\"https:\\\/\\\/hunter-optics.com\\\/wp-content\\\/uploads\\\/2025\\\/07\\\/01-5-Tactix-1-10x24-MRAD-Angled.webp\",\"width\":876,\"height\":876},{\"@type\":\"BreadcrumbList\",\"@id\":\"https:\\\/\\\/hunter-optics.com\\\/product\\\/riton-5-tactix-1-10x24\\\/#breadcrumb\",\"itemListElement\":[{\"@type\":\"ListItem\",\"position\":1,\"name\":\"Home\",\"item\":\"https:\\\/\\\/hunter-optics.com\\\/\"},{\"@type\":\"ListItem\",\"position\":2,\"name\":\"Products\",\"item\":\"https:\\\/\\\/hunter-optics.com\\\/shop\\\/\"},{\"@type\":\"ListItem\",\"position\":3,\"name\":\"Riton 5 TACTIX 1-10\u00d724\"}]},{\"@type\":\"WebSite\",\"@id\":\"https:\\\/\\\/hunter-optics.com\\\/#website\",\"url\":\"https:\\\/\\\/hunter-optics.com\\\/\",\"name\":\"Hunter Optics\",\"description\":\"Hunter Optics \u2014 Your Eye on the Target.\",\"publisher\":{\"@id\":\"https:\\\/\\\/hunter-optics.com\\\/#organization\"},\"potentialAction\":[{\"@type\":\"SearchAction\",\"target\":{\"@type\":\"EntryPoint\",\"urlTemplate\":\"https:\\\/\\\/hunter-optics.com\\\/?s={search_term_string}\"},\"query-input\":{\"@type\":\"PropertyValueSpecification\",\"valueRequired\":true,\"valueName\":\"search_term_string\"}}],\"inLanguage\":\"tr\"},{\"@type\":\"Organization\",\"@id\":\"https:\\\/\\\/hunter-optics.com\\\/#organization\",\"name\":\"Hunter Optics\",\"url\":\"https:\\\/\\\/hunter-optics.com\\\/\",\"logo\":{\"@type\":\"ImageObject\",\"inLanguage\":\"tr\",\"@id\":\"https:\\\/\\\/hunter-optics.com\\\/#\\\/schema\\\/logo\\\/image\\\/\",\"url\":\"https:\\\/\\\/hunter-optics.com\\\/wp-content\\\/uploads\\\/2025\\\/06\\\/hunter-optics-logo-1.png\",\"contentUrl\":\"https:\\\/\\\/hunter-optics.com\\\/wp-content\\\/uploads\\\/2025\\\/06\\\/hunter-optics-logo-1.png\",\"width\":937,\"height\":373,\"caption\":\"Hunter Optics\"},\"image\":{\"@id\":\"https:\\\/\\\/hunter-optics.com\\\/#\\\/schema\\\/logo\\\/image\\\/\"}}]}<\/script>\n<meta property=\"product:brand\" content=\"Riton\" \/>\n<meta property=\"product:price:amount\" content=\"859.99\" \/>\n<meta property=\"product:price:currency\" content=\"USD\" \/>\n<meta property=\"og:availability\" content=\"instock\" \/>\n<meta property=\"product:availability\" content=\"instock\" \/>\n<meta property=\"product:condition\" content=\"new\" \/>\n<!-- \/ Yoast SEO Premium plugin. -->","yoast_head_json":{"title":"Riton 5 TACTIX 1-10\u00d724 - Hunter Optics","description":"Riton 5 Tactix 1-10\u00d724, en d\u00fc\u015f\u00fck, ger\u00e7ek 1-g\u00fc\u00e7, b\u00fcy\u00fctmedeki k\u0131rm\u0131z\u0131 nokta \u00f6zelliklerinden, en y\u00fcksek b\u00fcy\u00fctmedeki hassas bir i\u015f at\u0131na kadar her a\u00e7\u0131dan m\u00fckemmeldir.","robots":{"index":"index","follow":"follow","max-snippet":"max-snippet:-1","max-image-preview":"max-image-preview:large","max-video-preview":"max-video-preview:-1"},"canonical":"https:\/\/hunter-optics.com\/tr\/urun\/riton-5-tactix-1-10x24\/","og_locale":"tr_TR","og_type":"article","og_title":"Riton 5 TACTIX 1-10\u00d724","og_description":"The Riton 5 Tactix 1-10\u00d724 excels in every aspect, from red dot capabilities on the lowest, true 1-power, magnification, to a precision work horse on the highest magnification.","og_url":"https:\/\/hunter-optics.com\/tr\/urun\/riton-5-tactix-1-10x24\/","og_site_name":"Hunter Optics","article_modified_time":"2025-07-24T09:06:35+00:00","og_image":[{"width":876,"height":876,"url":"https:\/\/hunter-optics.com\/wp-content\/uploads\/2025\/07\/01-5-Tactix-1-10x24-MRAD-Angled.webp","type":"image\/webp"}],"twitter_card":"summary_large_image","twitter_misc":{"Fiyat":"&#36;859.99","Durumu":"Stokta var"},"schema":{"@context":"https:\/\/schema.org","@graph":[{"@type":"WebPage","@id":"https:\/\/hunter-optics.com\/product\/riton-5-tactix-1-10x24\/","url":"https:\/\/hunter-optics.com\/product\/riton-5-tactix-1-10x24\/","name":"Riton 5 TACTIX 1-10\u00d724 - Hunter Optics","isPartOf":{"@id":"https:\/\/hunter-optics.com\/#website"},"primaryImageOfPage":{"@id":"https:\/\/hunter-optics.com\/product\/riton-5-tactix-1-10x24\/#primaryimage"},"image":{"@id":"https:\/\/hunter-optics.com\/product\/riton-5-tactix-1-10x24\/#primaryimage"},"thumbnailUrl":"https:\/\/hunter-optics.com\/wp-content\/uploads\/2025\/07\/01-5-Tactix-1-10x24-MRAD-Angled.webp","datePublished":"2025-07-24T09:05:43+00:00","dateModified":"2025-07-24T09:06:35+00:00","description":"Riton 5 Tactix 1-10\u00d724, en d\u00fc\u015f\u00fck, ger\u00e7ek 1-g\u00fc\u00e7, b\u00fcy\u00fctmedeki k\u0131rm\u0131z\u0131 nokta \u00f6zelliklerinden, en y\u00fcksek b\u00fcy\u00fctmedeki hassas bir i\u015f at\u0131na kadar her a\u00e7\u0131dan m\u00fckemmeldir.","breadcrumb":{"@id":"https:\/\/hunter-optics.com\/product\/riton-5-tactix-1-10x24\/#breadcrumb"},"inLanguage":"tr","potentialAction":[{"@type":"ReadAction","target":["https:\/\/hunter-optics.com\/product\/riton-5-tactix-1-10x24\/"]}]},{"@type":"ImageObject","inLanguage":"tr","@id":"https:\/\/hunter-optics.com\/product\/riton-5-tactix-1-10x24\/#primaryimage","url":"https:\/\/hunter-optics.com\/wp-content\/uploads\/2025\/07\/01-5-Tactix-1-10x24-MRAD-Angled.webp","contentUrl":"https:\/\/hunter-optics.com\/wp-content\/uploads\/2025\/07\/01-5-Tactix-1-10x24-MRAD-Angled.webp","width":876,"height":876},{"@type":"BreadcrumbList","@id":"https:\/\/hunter-optics.com\/product\/riton-5-tactix-1-10x24\/#breadcrumb","itemListElement":[{"@type":"ListItem","position":1,"name":"Home","item":"https:\/\/hunter-optics.com\/"},{"@type":"ListItem","position":2,"name":"Products","item":"https:\/\/hunter-optics.com\/shop\/"},{"@type":"ListItem","position":3,"name":"Riton 5 TACTIX 1-10\u00d724"}]},{"@type":"WebSite","@id":"https:\/\/hunter-optics.com\/#website","url":"https:\/\/hunter-optics.com\/","name":"Avc\u0131 Optikleri","description":"Avc\u0131 Opti\u011fi - G\u00f6z\u00fcn\u00fcz Hedefte.","publisher":{"@id":"https:\/\/hunter-optics.com\/#organization"},"potentialAction":[{"@type":"SearchAction","target":{"@type":"EntryPoint","urlTemplate":"https:\/\/hunter-optics.com\/?s={search_term_string}"},"query-input":{"@type":"PropertyValueSpecification","valueRequired":true,"valueName":"search_term_string"}}],"inLanguage":"tr"},{"@type":"Organization","@id":"https:\/\/hunter-optics.com\/#organization","name":"Avc\u0131 Optikleri","url":"https:\/\/hunter-optics.com\/","logo":{"@type":"ImageObject","inLanguage":"tr","@id":"https:\/\/hunter-optics.com\/#\/schema\/logo\/image\/","url":"https:\/\/hunter-optics.com\/wp-content\/uploads\/2025\/06\/hunter-optics-logo-1.png","contentUrl":"https:\/\/hunter-optics.com\/wp-content\/uploads\/2025\/06\/hunter-optics-logo-1.png","width":937,"height":373,"caption":"Hunter Optics"},"image":{"@id":"https:\/\/hunter-optics.com\/#\/schema\/logo\/image\/"}}]},"product_brand":"Riton","product_price_amount":"859.99","product_price_currency":"USD","og_availability":"instock","product_availability":"instock","product_condition":"new"},"_links":{"self":[{"href":"https:\/\/hunter-optics.com\/tr\/wp-json\/wp\/v2\/product\/1405","targetHints":{"allow":["GET"]}}],"collection":[{"href":"https:\/\/hunter-optics.com\/tr\/wp-json\/wp\/v2\/product"}],"about":[{"href":"https:\/\/hunter-optics.com\/tr\/wp-json\/wp\/v2\/types\/product"}],"replies":[{"embeddable":true,"href":"https:\/\/hunter-optics.com\/tr\/wp-json\/wp\/v2\/comments?post=1405"}],"version-history":[{"count":2,"href":"https:\/\/hunter-optics.com\/tr\/wp-json\/wp\/v2\/product\/1405\/revisions"}],"predecessor-version":[{"id":1411,"href":"https:\/\/hunter-optics.com\/tr\/wp-json\/wp\/v2\/product\/1405\/revisions\/1411"}],"wp:featuredmedia":[{"embeddable":true,"href":"https:\/\/hunter-optics.com\/tr\/wp-json\/wp\/v2\/media\/1406"}],"wp:attachment":[{"href":"https:\/\/hunter-optics.com\/tr\/wp-json\/wp\/v2\/media?parent=1405"}],"wp:term":[{"taxonomy":"brand","embeddable":true,"href":"https:\/\/hunter-optics.com\/tr\/wp-json\/wp\/v2\/etheme_brands?post=1405"},{"taxonomy":"product_brand","embeddable":true,"href":"https:\/\/hunter-optics.com\/tr\/wp-json\/wp\/v2\/product_brand?post=1405"},{"taxonomy":"product_cat","embeddable":true,"href":"https:\/\/hunter-optics.com\/tr\/wp-json\/wp\/v2\/product_cat?post=1405"},{"taxonomy":"product_tag","embeddable":true,"href":"https:\/\/hunter-optics.com\/tr\/wp-json\/wp\/v2\/product_tag?post=1405"}],"curies":[{"name":"wp","href":"https:\/\/api.w.org\/{rel}","templated":true}]}}