{"id":1371,"date":"2025-07-24T05:59:55","date_gmt":"2025-07-24T05:59:55","guid":{"rendered":"https:\/\/hunter-optics.com\/?post_type=product&#038;p=1371"},"modified":"2025-07-24T08:54:28","modified_gmt":"2025-07-24T08:54:28","slug":"riton-x7-tactix-1-8x28mm","status":"publish","type":"product","link":"https:\/\/hunter-optics.com\/tr\/urun\/riton-x7-tactix-1-8x28mm\/","title":{"rendered":"Riton X7 Tactix 1-8x28mm"},"content":{"rendered":"<p><strong>Temel \u00d6zellikler<\/strong><\/p>\n<ul>\n<li><strong>Birinci Odak D\u00fczlemi Retik\u00fcl\u00fc:<\/strong> CM1 ayd\u0131nlatmal\u0131 d\u00fcrb\u00fcn, b\u00fcy\u00fctme seviyeleri boyunca ger\u00e7ek \u00f6l\u00e7ek do\u011frulu\u011fu sunar.<\/li>\n<li><strong>K\u0131rm\u0131z\u0131 Ayd\u0131nlatma:<\/strong> Kullan\u0131m kolayl\u0131\u011f\u0131 i\u00e7in her seviye aras\u0131nda a\u00e7ma\/kapama ayarlar\u0131na sahip alt\u0131 ayarlanabilir parlakl\u0131k seviyesi.<\/li>\n<li><strong>Kapakl\u0131 S\u0131f\u0131r S\u0131f\u0131rlanabilir Taretler:<\/strong> Hassas hedefleme i\u00e7in 1\/2 MOA windage ve elevasyon ayarlar\u0131.<\/li>\n<li><strong>Premium Optik Kaplamalar:<\/strong> \u00dcst\u00fcn netlik i\u00e7in tam geni\u015f bantl\u0131, su ge\u00e7irmez kaplamal\u0131 ve d\u00fc\u015f\u00fck \u0131\u015f\u0131k iyile\u015ftirmeli tamamen \u00e7ok kaplamal\u0131 lensler.<\/li>\n<li><strong>Sa\u011flam Dayan\u0131kl\u0131l\u0131k:<\/strong> Tip III sert kaplama anodizasyon ve CNC ile i\u015flenmi\u015f, tek par\u00e7a borulara sahip 6061-T6 u\u00e7ak s\u0131n\u0131f\u0131 al\u00fcminyumdan \u00fcretilmi\u015ftir.<\/li>\n<li><strong>Hava ko\u015fullar\u0131na ve sise dayan\u0131kl\u0131d\u0131r:<\/strong> T\u00fcm hava ko\u015fullar\u0131nda optimum performans sa\u011flamak i\u00e7in kuru Argon ile temizlenmi\u015f ve s\u0131zd\u0131rmaz hale getirilmi\u015ftir.<\/li>\n<\/ul>\n<p><strong>Teknik \u00d6zellikler<\/strong><\/p>\n<ul>\n<li><strong>B\u00fcy\u00fctme:<\/strong> 1-8x<\/li>\n<li><strong>Paralaks Ayar\u0131:<\/strong> 100 metrede sabit<\/li>\n<li><strong>Objektif Lens \u00c7ap\u0131:<\/strong> 28 mm<\/li>\n<li><strong>T\u00fcp \u00c7ap\u0131:<\/strong> 34mm<\/li>\n<li><strong>Reticle:<\/strong> CM1, I\u015f\u0131kl\u0131<\/li>\n<li><strong>G\u00f6z R\u00f6lyefi:<\/strong> 3,5 in\u00e7 (90 mm)<\/li>\n<li><strong>\u00d6\u011frenciden \u00e7\u0131k:<\/strong> 7,5 mm (d\u00fc\u015f\u00fck) - 2,9 mm (y\u00fcksek)<\/li>\n<li><strong>Ayar Aral\u0131\u011f\u0131:<\/strong> 175 MOA<\/li>\n<li><strong>100 metrede t\u0131klama de\u011feri:<\/strong> 1\/2 MOA<\/li>\n<li><strong>100 metrede G\u00f6r\u00fc\u015f Alan\u0131:<\/strong> 105,8 ft (al\u00e7ak) ila 13,1 ft (y\u00fcksek)<\/li>\n<li><strong>Malzeme:<\/strong> 6061-T6 al\u00fcminyum<\/li>\n<li><strong>Uzunluk:<\/strong> 10,9 in\u00e7 (277 mm)<\/li>\n<li><strong>A\u011f\u0131rl\u0131k:<\/strong> 25 oz (709g)<\/li>\n<li><strong>Birlikte Verilen Aksesuarlar:<\/strong> \u00c7evirmeli lens kapaklar\u0131, lens bezi, Alyan anahtar\u0131<\/li>\n<\/ul>\n<p><strong>Riton Avantaj\u0131<\/strong><\/p>\n<ul>\n<li><strong>Riton HD\/ED Cam:<\/strong> Ola\u011fan\u00fcst\u00fc netlik i\u00e7in geli\u015fmi\u015f renk do\u011frulu\u011fu ve d\u00fc\u015f\u00fck da\u011f\u0131l\u0131m ile 99,5% \u0131\u015f\u0131k ge\u00e7irgenli\u011fi sa\u011flar.<\/li>\n<li><strong>Performans Kaplamas\u0131:<\/strong> Dayan\u0131kl\u0131, y\u00fcksek performansl\u0131 optikler i\u00e7in yans\u0131ma \u00f6nleyici, \u00e7izilme \u00f6nleyici kaplamalar.<\/li>\n<li><strong>Hassas QA S\u00fcreci:<\/strong> Tucson, AZ'de sertifikal\u0131 teknisyenler taraf\u0131ndan titiz test ve muayene.<\/li>\n<li><strong>Haval\u0131 Silah Derecelendirmesi:<\/strong> Benzersiz haval\u0131 t\u00fcfek geri tepme ve titre\u015fim modellerine dayanacak \u015fekilde tasarlanm\u0131\u015ft\u0131r.<\/li>\n<\/ul>\n<p>Bu <strong>7 Tactix 1-8\u00d728 Taktik D\u00fcrb\u00fcn<\/strong> Hassasiyet, dayan\u0131kl\u0131l\u0131k ve \u00e7ok y\u00f6nl\u00fcl\u00fc\u011f\u00fc bir araya getirerek taktik operat\u00f6rler, avc\u0131lar ve at\u0131\u015f merakl\u0131lar\u0131 i\u00e7in m\u00fckemmel bir optik haline getirir.<\/p>","protected":false},"excerpt":{"rendered":"<p><strong>Genel Bak\u0131\u015f<\/strong><br \/>\nNavy SEAL Team Sniper ve E\u011fitmen Charlie Melton ile i\u015fbirli\u011fi i\u00e7inde tasarlanan 7 Tactix 1-8\u00d728 Taktik D\u00fcrb\u00fcn, her t\u00fcrl\u00fc taktik senaryoda benzersiz performans sunar. \u0130lk Odak D\u00fczlemi (FFP) ayd\u0131nlatmal\u0131 d\u00fcrb\u00fcn\u00fc, yak\u0131n muharebeden uzun menzilli hassasiyete kadar kesintisiz hedef angajman\u0131 sa\u011flar. 1x b\u00fcy\u00fctmede, ger\u00e7ek bir k\u0131rm\u0131z\u0131 nokta opti\u011fi olarak i\u015flev g\u00f6r\u00fcr ve h\u0131zl\u0131, her iki g\u00f6z\u00fc de a\u00e7\u0131k at\u0131\u015fa izin verir. B\u00fcy\u00fctme artt\u0131\u011f\u0131nda, her t\u00fcrl\u00fc taktik ihtiya\u00e7 i\u00e7in ola\u011fan\u00fcst\u00fc do\u011fruluk ve menzil tahmini sa\u011flar.<\/p>","protected":false},"featured_media":1392,"comment_status":"open","ping_status":"closed","template":"","meta":[],"etheme_brands":[{"term_id":44,"name":"Riton","slug":"riton","term_group":0,"term_taxonomy_id":44,"taxonomy":"brand","description":"","parent":0,"count":18,"filter":"raw"}],"product_brand":[],"product_cat":[49],"product_tag":[],"class_list":{"0":"post-1371","1":"product","2":"type-product","3":"status-publish","4":"has-post-thumbnail","6":"brand-riton","7":"product_cat-rifle-scopes","9":"first","10":"instock","11":"sale","12":"taxable","13":"shipping-taxable","14":"purchasable","15":"product-type-simple"},"yoast_head":"<!-- This site is optimized with the Yoast SEO Premium plugin v25.7.1 (Yoast SEO v27.4) - https:\/\/yoast.com\/product\/yoast-seo-premium-wordpress\/ -->\n<title>Riton X7 Tactix 1-8x28mm - Hunter Optics<\/title>\n<meta name=\"description\" content=\"Riton X7 Tactix 1-8x28 Riflescope Co-developed with Navy SEAL Team Sniper and Trainer Charlie Melton, this riflescope features a First Focal Plane (FFP) illuminated reticle, enabling true one-power magnification for quick target acquisition in close-quarters combat.\" \/>\n<meta name=\"robots\" content=\"index, follow, max-snippet:-1, max-image-preview:large, max-video-preview:-1\" \/>\n<link rel=\"canonical\" href=\"https:\/\/hunter-optics.com\/tr\/urun\/riton-x7-tactix-1-8x28mm\/\" \/>\n<meta property=\"og:locale\" content=\"tr_TR\" \/>\n<meta property=\"og:type\" content=\"article\" \/>\n<meta property=\"og:title\" content=\"Riton X7 Tactix 1-8x28mm\" \/>\n<meta property=\"og:description\" content=\"Riton X7 Tactix 1-8x28 Riflescope Co-developed with Navy SEAL Team Sniper and Trainer Charlie Melton, this riflescope features a First Focal Plane (FFP) illuminated reticle, enabling true one-power magnification for quick target acquisition in close-quarters combat.\" \/>\n<meta property=\"og:url\" content=\"https:\/\/hunter-optics.com\/tr\/urun\/riton-x7-tactix-1-8x28mm\/\" \/>\n<meta property=\"og:site_name\" content=\"Hunter Optics\" \/>\n<meta property=\"article:modified_time\" content=\"2025-07-24T08:54:28+00:00\" \/>\n<meta property=\"og:image\" content=\"https:\/\/hunter-optics.com\/wp-content\/uploads\/2025\/07\/Riton-X7-Tactix-1-8x28mm.jpg\" \/>\n\t<meta property=\"og:image:width\" content=\"876\" \/>\n\t<meta property=\"og:image:height\" content=\"876\" \/>\n\t<meta property=\"og:image:type\" content=\"image\/jpeg\" \/>\n<meta name=\"twitter:card\" content=\"summary_large_image\" \/>\n<meta name=\"twitter:label1\" content=\"Fiyat\" \/>\n\t<meta name=\"twitter:data1\" content=\"&#036;888.99\" \/>\n\t<meta name=\"twitter:label2\" content=\"Durumu\" \/>\n\t<meta name=\"twitter:data2\" content=\"Stokta var\" \/>\n<script type=\"application\/ld+json\" class=\"yoast-schema-graph\">{\"@context\":\"https:\\\/\\\/schema.org\",\"@graph\":[{\"@type\":\"WebPage\",\"@id\":\"https:\\\/\\\/hunter-optics.com\\\/product\\\/riton-x7-tactix-1-8x28mm\\\/\",\"url\":\"https:\\\/\\\/hunter-optics.com\\\/product\\\/riton-x7-tactix-1-8x28mm\\\/\",\"name\":\"Riton X7 Tactix 1-8x28mm - Hunter Optics\",\"isPartOf\":{\"@id\":\"https:\\\/\\\/hunter-optics.com\\\/#website\"},\"primaryImageOfPage\":{\"@id\":\"https:\\\/\\\/hunter-optics.com\\\/product\\\/riton-x7-tactix-1-8x28mm\\\/#primaryimage\"},\"image\":{\"@id\":\"https:\\\/\\\/hunter-optics.com\\\/product\\\/riton-x7-tactix-1-8x28mm\\\/#primaryimage\"},\"thumbnailUrl\":\"https:\\\/\\\/hunter-optics.com\\\/wp-content\\\/uploads\\\/2025\\\/07\\\/Riton-X7-Tactix-1-8x28mm.jpg\",\"datePublished\":\"2025-07-24T05:59:55+00:00\",\"dateModified\":\"2025-07-24T08:54:28+00:00\",\"description\":\"Riton X7 Tactix 1-8x28 Riflescope Co-developed with Navy SEAL Team Sniper and Trainer Charlie Melton, this riflescope features a First Focal Plane (FFP) illuminated reticle, enabling true one-power magnification for quick target acquisition in close-quarters combat.\",\"breadcrumb\":{\"@id\":\"https:\\\/\\\/hunter-optics.com\\\/product\\\/riton-x7-tactix-1-8x28mm\\\/#breadcrumb\"},\"inLanguage\":\"tr\",\"potentialAction\":[{\"@type\":\"ReadAction\",\"target\":[\"https:\\\/\\\/hunter-optics.com\\\/product\\\/riton-x7-tactix-1-8x28mm\\\/\"]}]},{\"@type\":\"ImageObject\",\"inLanguage\":\"tr\",\"@id\":\"https:\\\/\\\/hunter-optics.com\\\/product\\\/riton-x7-tactix-1-8x28mm\\\/#primaryimage\",\"url\":\"https:\\\/\\\/hunter-optics.com\\\/wp-content\\\/uploads\\\/2025\\\/07\\\/Riton-X7-Tactix-1-8x28mm.jpg\",\"contentUrl\":\"https:\\\/\\\/hunter-optics.com\\\/wp-content\\\/uploads\\\/2025\\\/07\\\/Riton-X7-Tactix-1-8x28mm.jpg\",\"width\":876,\"height\":876},{\"@type\":\"BreadcrumbList\",\"@id\":\"https:\\\/\\\/hunter-optics.com\\\/product\\\/riton-x7-tactix-1-8x28mm\\\/#breadcrumb\",\"itemListElement\":[{\"@type\":\"ListItem\",\"position\":1,\"name\":\"Home\",\"item\":\"https:\\\/\\\/hunter-optics.com\\\/\"},{\"@type\":\"ListItem\",\"position\":2,\"name\":\"Products\",\"item\":\"https:\\\/\\\/hunter-optics.com\\\/shop\\\/\"},{\"@type\":\"ListItem\",\"position\":3,\"name\":\"Riton X7 Tactix 1-8x28mm\"}]},{\"@type\":\"WebSite\",\"@id\":\"https:\\\/\\\/hunter-optics.com\\\/#website\",\"url\":\"https:\\\/\\\/hunter-optics.com\\\/\",\"name\":\"Hunter Optics\",\"description\":\"Hunter Optics \u2014 Your Eye on the Target.\",\"publisher\":{\"@id\":\"https:\\\/\\\/hunter-optics.com\\\/#organization\"},\"potentialAction\":[{\"@type\":\"SearchAction\",\"target\":{\"@type\":\"EntryPoint\",\"urlTemplate\":\"https:\\\/\\\/hunter-optics.com\\\/?s={search_term_string}\"},\"query-input\":{\"@type\":\"PropertyValueSpecification\",\"valueRequired\":true,\"valueName\":\"search_term_string\"}}],\"inLanguage\":\"tr\"},{\"@type\":\"Organization\",\"@id\":\"https:\\\/\\\/hunter-optics.com\\\/#organization\",\"name\":\"Hunter Optics\",\"url\":\"https:\\\/\\\/hunter-optics.com\\\/\",\"logo\":{\"@type\":\"ImageObject\",\"inLanguage\":\"tr\",\"@id\":\"https:\\\/\\\/hunter-optics.com\\\/#\\\/schema\\\/logo\\\/image\\\/\",\"url\":\"https:\\\/\\\/hunter-optics.com\\\/wp-content\\\/uploads\\\/2025\\\/06\\\/hunter-optics-logo-1.png\",\"contentUrl\":\"https:\\\/\\\/hunter-optics.com\\\/wp-content\\\/uploads\\\/2025\\\/06\\\/hunter-optics-logo-1.png\",\"width\":937,\"height\":373,\"caption\":\"Hunter Optics\"},\"image\":{\"@id\":\"https:\\\/\\\/hunter-optics.com\\\/#\\\/schema\\\/logo\\\/image\\\/\"}}]}<\/script>\n<meta property=\"product:brand\" content=\"Riton\" \/>\n<meta property=\"product:price:amount\" content=\"888.99\" \/>\n<meta property=\"product:price:currency\" content=\"USD\" \/>\n<meta property=\"og:availability\" content=\"instock\" \/>\n<meta property=\"product:availability\" content=\"instock\" \/>\n<meta property=\"product:condition\" content=\"new\" \/>\n<!-- \/ Yoast SEO Premium plugin. -->","yoast_head_json":{"title":"Riton X7 Tactix 1-8x28mm - Hunter Optics","description":"Riton X7 Tactix 1-8x28 T\u00fcfek D\u00fcrb\u00fcn\u00fc Navy SEAL Team Keskin Ni\u015fanc\u0131 ve E\u011fitmen Charlie Melton ile birlikte geli\u015ftirilen bu t\u00fcfek d\u00fcrb\u00fcn\u00fc, Birinci Odak D\u00fczlemi (FFP) ayd\u0131nlatmal\u0131 bir ni\u015fangaha sahiptir ve yak\u0131n mesafeli \u00e7at\u0131\u015fmalarda h\u0131zl\u0131 hedef tespiti i\u00e7in ger\u00e7ek bir g\u00fc\u00e7 b\u00fcy\u00fctme sa\u011flar.","robots":{"index":"index","follow":"follow","max-snippet":"max-snippet:-1","max-image-preview":"max-image-preview:large","max-video-preview":"max-video-preview:-1"},"canonical":"https:\/\/hunter-optics.com\/tr\/urun\/riton-x7-tactix-1-8x28mm\/","og_locale":"tr_TR","og_type":"article","og_title":"Riton X7 Tactix 1-8x28mm","og_description":"Riton X7 Tactix 1-8x28 Riflescope Co-developed with Navy SEAL Team Sniper and Trainer Charlie Melton, this riflescope features a First Focal Plane (FFP) illuminated reticle, enabling true one-power magnification for quick target acquisition in close-quarters combat.","og_url":"https:\/\/hunter-optics.com\/tr\/urun\/riton-x7-tactix-1-8x28mm\/","og_site_name":"Hunter Optics","article_modified_time":"2025-07-24T08:54:28+00:00","og_image":[{"width":876,"height":876,"url":"https:\/\/hunter-optics.com\/wp-content\/uploads\/2025\/07\/Riton-X7-Tactix-1-8x28mm.jpg","type":"image\/jpeg"}],"twitter_card":"summary_large_image","twitter_misc":{"Fiyat":"&#36;888.99","Durumu":"Stokta var"},"schema":{"@context":"https:\/\/schema.org","@graph":[{"@type":"WebPage","@id":"https:\/\/hunter-optics.com\/product\/riton-x7-tactix-1-8x28mm\/","url":"https:\/\/hunter-optics.com\/product\/riton-x7-tactix-1-8x28mm\/","name":"Riton X7 Tactix 1-8x28mm - Hunter Optics","isPartOf":{"@id":"https:\/\/hunter-optics.com\/#website"},"primaryImageOfPage":{"@id":"https:\/\/hunter-optics.com\/product\/riton-x7-tactix-1-8x28mm\/#primaryimage"},"image":{"@id":"https:\/\/hunter-optics.com\/product\/riton-x7-tactix-1-8x28mm\/#primaryimage"},"thumbnailUrl":"https:\/\/hunter-optics.com\/wp-content\/uploads\/2025\/07\/Riton-X7-Tactix-1-8x28mm.jpg","datePublished":"2025-07-24T05:59:55+00:00","dateModified":"2025-07-24T08:54:28+00:00","description":"Riton X7 Tactix 1-8x28 T\u00fcfek D\u00fcrb\u00fcn\u00fc Navy SEAL Team Keskin Ni\u015fanc\u0131 ve E\u011fitmen Charlie Melton ile birlikte geli\u015ftirilen bu t\u00fcfek d\u00fcrb\u00fcn\u00fc, Birinci Odak D\u00fczlemi (FFP) ayd\u0131nlatmal\u0131 bir ni\u015fangaha sahiptir ve yak\u0131n mesafeli \u00e7at\u0131\u015fmalarda h\u0131zl\u0131 hedef tespiti i\u00e7in ger\u00e7ek bir g\u00fc\u00e7 b\u00fcy\u00fctme sa\u011flar.","breadcrumb":{"@id":"https:\/\/hunter-optics.com\/product\/riton-x7-tactix-1-8x28mm\/#breadcrumb"},"inLanguage":"tr","potentialAction":[{"@type":"ReadAction","target":["https:\/\/hunter-optics.com\/product\/riton-x7-tactix-1-8x28mm\/"]}]},{"@type":"ImageObject","inLanguage":"tr","@id":"https:\/\/hunter-optics.com\/product\/riton-x7-tactix-1-8x28mm\/#primaryimage","url":"https:\/\/hunter-optics.com\/wp-content\/uploads\/2025\/07\/Riton-X7-Tactix-1-8x28mm.jpg","contentUrl":"https:\/\/hunter-optics.com\/wp-content\/uploads\/2025\/07\/Riton-X7-Tactix-1-8x28mm.jpg","width":876,"height":876},{"@type":"BreadcrumbList","@id":"https:\/\/hunter-optics.com\/product\/riton-x7-tactix-1-8x28mm\/#breadcrumb","itemListElement":[{"@type":"ListItem","position":1,"name":"Home","item":"https:\/\/hunter-optics.com\/"},{"@type":"ListItem","position":2,"name":"Products","item":"https:\/\/hunter-optics.com\/shop\/"},{"@type":"ListItem","position":3,"name":"Riton X7 Tactix 1-8x28mm"}]},{"@type":"WebSite","@id":"https:\/\/hunter-optics.com\/#website","url":"https:\/\/hunter-optics.com\/","name":"Avc\u0131 Optikleri","description":"Avc\u0131 Opti\u011fi - G\u00f6z\u00fcn\u00fcz Hedefte.","publisher":{"@id":"https:\/\/hunter-optics.com\/#organization"},"potentialAction":[{"@type":"SearchAction","target":{"@type":"EntryPoint","urlTemplate":"https:\/\/hunter-optics.com\/?s={search_term_string}"},"query-input":{"@type":"PropertyValueSpecification","valueRequired":true,"valueName":"search_term_string"}}],"inLanguage":"tr"},{"@type":"Organization","@id":"https:\/\/hunter-optics.com\/#organization","name":"Avc\u0131 Optikleri","url":"https:\/\/hunter-optics.com\/","logo":{"@type":"ImageObject","inLanguage":"tr","@id":"https:\/\/hunter-optics.com\/#\/schema\/logo\/image\/","url":"https:\/\/hunter-optics.com\/wp-content\/uploads\/2025\/06\/hunter-optics-logo-1.png","contentUrl":"https:\/\/hunter-optics.com\/wp-content\/uploads\/2025\/06\/hunter-optics-logo-1.png","width":937,"height":373,"caption":"Hunter Optics"},"image":{"@id":"https:\/\/hunter-optics.com\/#\/schema\/logo\/image\/"}}]},"product_brand":"Riton","product_price_amount":"888.99","product_price_currency":"USD","og_availability":"instock","product_availability":"instock","product_condition":"new"},"_links":{"self":[{"href":"https:\/\/hunter-optics.com\/tr\/wp-json\/wp\/v2\/product\/1371","targetHints":{"allow":["GET"]}}],"collection":[{"href":"https:\/\/hunter-optics.com\/tr\/wp-json\/wp\/v2\/product"}],"about":[{"href":"https:\/\/hunter-optics.com\/tr\/wp-json\/wp\/v2\/types\/product"}],"replies":[{"embeddable":true,"href":"https:\/\/hunter-optics.com\/tr\/wp-json\/wp\/v2\/comments?post=1371"}],"version-history":[{"count":1,"href":"https:\/\/hunter-optics.com\/tr\/wp-json\/wp\/v2\/product\/1371\/revisions"}],"predecessor-version":[{"id":1372,"href":"https:\/\/hunter-optics.com\/tr\/wp-json\/wp\/v2\/product\/1371\/revisions\/1372"}],"wp:featuredmedia":[{"embeddable":true,"href":"https:\/\/hunter-optics.com\/tr\/wp-json\/wp\/v2\/media\/1392"}],"wp:attachment":[{"href":"https:\/\/hunter-optics.com\/tr\/wp-json\/wp\/v2\/media?parent=1371"}],"wp:term":[{"taxonomy":"brand","embeddable":true,"href":"https:\/\/hunter-optics.com\/tr\/wp-json\/wp\/v2\/etheme_brands?post=1371"},{"taxonomy":"product_brand","embeddable":true,"href":"https:\/\/hunter-optics.com\/tr\/wp-json\/wp\/v2\/product_brand?post=1371"},{"taxonomy":"product_cat","embeddable":true,"href":"https:\/\/hunter-optics.com\/tr\/wp-json\/wp\/v2\/product_cat?post=1371"},{"taxonomy":"product_tag","embeddable":true,"href":"https:\/\/hunter-optics.com\/tr\/wp-json\/wp\/v2\/product_tag?post=1371"}],"curies":[{"name":"wp","href":"https:\/\/api.w.org\/{rel}","templated":true}]}}