{"id":1326,"date":"2025-07-03T08:30:09","date_gmt":"2025-07-03T08:30:09","guid":{"rendered":"https:\/\/hunter-optics.com\/?post_type=product&#038;p=1326"},"modified":"2025-08-09T09:46:23","modified_gmt":"2025-08-09T09:46:23","slug":"vortex-strike-eagle-2-0-1-6x24-sfp-lvpo-ir-ar-bdc3-moa-tufek-durbunu","status":"publish","type":"product","link":"https:\/\/hunter-optics.com\/tr\/urun\/vortex-strike-eagle-2-0-1-6x24-sfp-lvpo-ir-ar-bdc3-moa-tufek-durbunu\/","title":{"rendered":"Vortex STRIKE EAGLE\u00ae 2.0 1-6\u00d724 SFP LVPO IR AR-BDC3 MOA T\u00fcfek D\u00fcrb\u00fcn\u00fc"},"content":{"rendered":"<h2><strong>Genel Bak\u0131\u015f<\/strong><\/h2>\n<p>Yeniden tasarlanan Strike Eagle ile AR'nizin \u00e7ok y\u00f6nl\u00fcl\u00fc\u011f\u00fcn\u00fc ve h\u0131zl\u0131 kullan\u0131m \u00f6zelliklerini optimize edin. Alt u\u00e7ta ger\u00e7ek bir 1x olan Strike Eagle, at\u0131c\u0131lar\u0131n yak\u0131n ve uzaktaki hedeflere h\u0131zla ula\u015fmas\u0131n\u0131 sa\u011flamak i\u00e7in yak\u0131nla\u015ft\u0131r\u0131r ve AR-BDC3 d\u00fcrb\u00fcn, 0-600 yarda aras\u0131nda tutma ve menzil referanslar\u0131 sa\u011flarken h\u0131zl\u0131 at\u0131\u015fa yard\u0131mc\u0131 olur. Ayr\u0131ca, yivli at\u0131\u015f kolu ile at\u0131\u015ftan sonra hedefe daha da h\u0131zl\u0131 varacaks\u0131n\u0131z.<\/p>\n<div class=\"product sizechart\">\n<div class=\"sizechart-title\">\n<div class=\"item-title\"><b>Strike Eagle 1-6\u00d724 Boyutlar (in\u00e7 cinsinden)<\/b><\/div>\n<\/div>\n<div class=\"sizechart-details\">\n<div class=\"sizechart-image\"><img decoding=\"async\" src=\"https:\/\/vortexoptics.com\/media\/wysiwyg\/dim_se_1-6x24_1.png\" alt=\"Strike Eagle 1-6x24 Boyutlar\" data-uw-rm-alt-original=\"Strike Eagle 1-6x24 Dimensions\" data-uw-rm-alt=\"ALT\" \/><\/div>\n<table class=\"lengths\">\n<tbody>\n<tr>\n<th colspan=\"6\" scope=\"colgroup\">Uzunluklar<\/th>\n<\/tr>\n<tr>\n<td>L1<\/td>\n<td>L2<\/td>\n<td>L3<\/td>\n<td>L4<\/td>\n<td>L6<\/td>\n<\/tr>\n<tr>\n<td>10.5<\/td>\n<td>2.9<\/td>\n<td>2.1<\/td>\n<td>6.6<\/td>\n<td>3.9<\/td>\n<\/tr>\n<\/tbody>\n<\/table>\n<table class=\"heights\">\n<tbody>\n<tr>\n<th colspan=\"2\" scope=\"colgroup\">Y\u00fckseklikler<\/th>\n<\/tr>\n<tr>\n<td>H1<\/td>\n<td>H2<\/td>\n<\/tr>\n<tr>\n<td>1.2<\/td>\n<td>1.7<\/td>\n<\/tr>\n<\/tbody>\n<\/table>\n<h2><strong>Teknik \u00d6zellikler<\/strong><\/h2>\n<table id=\"product-vortex-specs-table\" class=\"data table spec-attributes\">\n<tbody>\n<tr>\n<th class=\"col label\" scope=\"row\">B\u00fcy\u00fctme<\/th>\n<td class=\"col data\" data-th=\"Magnification\">1-6x<\/td>\n<\/tr>\n<tr>\n<th class=\"col label\" scope=\"row\">Objektif Lens \u00c7ap\u0131<\/th>\n<td class=\"col data\" data-th=\"Objective Lens Diameter\">24 mm<\/td>\n<\/tr>\n<tr>\n<th class=\"col label\" scope=\"row\">Odak D\u00fczlemi<\/th>\n<td class=\"col data\" data-th=\"Focal Plane\">\u0130kinci Odak D\u00fczlemi<\/td>\n<\/tr>\n<tr>\n<th class=\"col label\" scope=\"row\">Reticle<\/th>\n<td class=\"col data\" data-th=\"Reticle\">AR-BDC3<\/td>\n<\/tr>\n<tr>\n<th class=\"col label\" scope=\"row\">G\u00f6z R\u00f6lyefi<\/th>\n<td class=\"col data\" data-th=\"Eye Relief\">3,5 in\u00e7<\/td>\n<\/tr>\n<tr>\n<th class=\"col label\" scope=\"row\">G\u00f6r\u00fc\u015f Alan\u0131<\/th>\n<td class=\"col data\" data-th=\"Field of View\">116,5-19,2 ft @100 yds<\/td>\n<\/tr>\n<tr>\n<th class=\"col label\" scope=\"row\">Taret Stili<\/th>\n<td class=\"col data\" data-th=\"Turret Style\">D\u00fc\u015f\u00fck Kapakl\u0131<\/td>\n<\/tr>\n<tr>\n<th class=\"col label\" scope=\"row\">T\u00fcp Boyutu<\/th>\n<td class=\"col data\" data-th=\"Tube Size\">30mm<\/td>\n<\/tr>\n<tr>\n<th class=\"col label\" scope=\"row\">Ayarlama Mezuniyet<\/th>\n<td class=\"col data\" data-th=\"Adjustment Graduation\">1\/2 MOA<\/td>\n<\/tr>\n<tr>\n<th class=\"col label\" scope=\"row\">Rotasyon Ba\u015f\u0131na Seyahat<\/th>\n<td class=\"col data\" data-th=\"Travel Per Rotation\">44 MOA<\/td>\n<\/tr>\n<tr>\n<th class=\"col label\" scope=\"row\">Maksimum Y\u00fckseklik Ayar\u0131<\/th>\n<td class=\"col data\" data-th=\"Max Elevation Adjustment\">140 MOA<\/td>\n<\/tr>\n<tr>\n<th class=\"col label\" scope=\"row\">Maksimum Windage Ayar\u0131<\/th>\n<td class=\"col data\" data-th=\"Max Windage Adjustment\">140 MOA<\/td>\n<\/tr>\n<tr>\n<th class=\"col label\" scope=\"row\">Paralaks Ayar\u0131<\/th>\n<td class=\"col data\" data-th=\"Parallax Setting\">Sabit @100 yds<\/td>\n<\/tr>\n<tr>\n<th class=\"col label\" scope=\"row\">Uzunluk<\/th>\n<td class=\"col data\" data-th=\"Length\">10,5 in\u00e7<\/td>\n<\/tr>\n<tr>\n<th class=\"col label\" scope=\"row\">A\u011f\u0131rl\u0131k<\/th>\n<td class=\"col data\" data-th=\"Weight\">18,5 oz<\/td>\n<\/tr>\n<\/tbody>\n<\/table>\n<h2>Reticle<\/h2>\n<div class=\"reticle-image\"><img decoding=\"async\" src=\"https:\/\/vortexoptics.widen.net\/content\/dliisonvl7\/jpeg\/VTX_SE-1624-2_AR-BDC3_MOA_RS_I_RI_CU.jpeg?w=320&amp;keep=c&amp;crop=yes&amp;color=cccccc&amp;quality=80&amp;u=9oqiqe\" alt=\"retik\u00fcl\" data-uw-rm-alt-original=\"reticle\" data-uw-rm-alt=\"ALT\" \/><\/div>\n<p>&nbsp;<\/p>\n<div class=\"reticle-info\">\n<p><strong>AR-BDC3 D\u00dcRB\u00dcN<\/strong><\/p>\n<div class=\"reticle-description\">\n<p>Ayd\u0131nlatmal\u0131, camla oyulmu\u015f AR-BDC3, bir AR-15'ten \u00e7\u0131kan yayg\u0131n 5.56 y\u00fcklerin balistik performans\u0131na g\u00f6re \u00f6zel olarak ayarlanm\u0131\u015ft\u0131r. 1 MOA merkez noktas\u0131 hassas bir ni\u015fan noktas\u0131 sa\u011flarken, etraf\u0131ndaki 16,625 MOA k\u0131r\u0131k daire h\u0131zl\u0131 hedef al\u0131m\u0131 i\u00e7in g\u00f6z\u00fcn\u00fcz\u00fc merkeze daha h\u0131zl\u0131 y\u00f6nlendirir ve BDC sizi 650 yardaya kadar hedefte tutar.<\/p>\n<h2 role=\"heading\" aria-level=\"3\" data-uw-rm-heading=\"level\">Kutu \u0130\u00e7eri\u011fi<\/h2>\n<ul>\n<li>Di\u015fli f\u0131rlatma kolu<\/li>\n<li>Kapaklar<\/li>\n<li>Lens bezi<\/li>\n<li>CR2032 pil<\/li>\n<\/ul>\n<\/div>\n<\/div>\n<\/div>\n<\/div>","protected":false},"excerpt":{"rendered":"<table id=\"product-vortex-features-table\" class=\"data table features-attributes\">\n<tbody>\n<tr>\n<th class=\"col label Aluminum Grade\" scope=\"row\">Al\u00fcminyum S\u0131n\u0131f\u0131<\/th>\n<td class=\"col data\" data-th=\"Aluminum Grade\">U\u00e7ak<\/td>\n<\/tr>\n<tr>\n<th class=\"col label ArmorTek\u00ae\" scope=\"row\">ArmorTek\u00ae<\/th>\n<td class=\"col data\" data-th=\"ArmorTek\u00ae\">Ultra sert, \u00e7izilmeye kar\u015f\u0131 dayan\u0131kl\u0131 kaplama d\u0131\u015f camlar\u0131 \u00e7izilmelere, ya\u011fa ve kire kar\u015f\u0131 korur.<\/td>\n<\/tr>\n<tr>\n<th class=\"col label Multi-Coated\" scope=\"row\">\u00c7oklu Kaplamal\u0131<\/th>\n<td class=\"col data\" data-th=\"Multi-Coated\">Tamamen \u00c7oklu Kaplamal\u0131<\/td>\n<\/tr>\n<tr>\n<th class=\"col label Shockproof\" scope=\"row\">Darbeye dayan\u0131kl\u0131<\/th>\n<td class=\"col data\" data-th=\"Shockproof\">Sa\u011flam yap\u0131s\u0131 geri tepme ve darbelere kar\u015f\u0131 dayan\u0131kl\u0131d\u0131r.<\/td>\n<\/tr>\n<tr>\n<th class=\"col label Throw Lever\" scope=\"row\">Atma Kolu<\/th>\n<td class=\"col data\" data-th=\"Throw Lever\">Birlikte verilen f\u0131rlatma kolu, h\u0131zl\u0131 ve kolay b\u00fcy\u00fctme ayarlamalar\u0131 i\u00e7in tak\u0131labilir.<\/td>\n<\/tr>\n<\/tbody>\n<\/table>","protected":false},"featured_media":1388,"comment_status":"open","ping_status":"closed","template":"","meta":[],"etheme_brands":[{"term_id":47,"name":"Vortex","slug":"vortex","term_group":0,"term_taxonomy_id":47,"taxonomy":"brand","description":"","parent":0,"count":9,"filter":"raw"}],"product_brand":[],"product_cat":[49],"product_tag":[],"class_list":{"0":"post-1326","1":"product","2":"type-product","3":"status-publish","4":"has-post-thumbnail","6":"brand-vortex","7":"product_cat-rifle-scopes","9":"first","10":"instock","11":"sale","12":"taxable","13":"shipping-taxable","14":"purchasable","15":"product-type-simple"},"yoast_head":"<!-- This site is optimized with the Yoast SEO Premium plugin v25.7.1 (Yoast SEO v27.4) - https:\/\/yoast.com\/product\/yoast-seo-premium-wordpress\/ -->\n<title>Vortex STRIKE EAGLE\u00ae 2.0 1-6x24 SFP LVPO IR AR-BDC3 MOA Rifle Scope - Hunter Optics<\/title>\n<meta name=\"description\" content=\"A true 1x on the low end, Strike Eagle zooms to let shooters rapidly engage targets near and far, and an AR-BDC3 reticle aids in rapid shooting while providing holdover and ranging references from 0-600 yards.\" \/>\n<meta name=\"robots\" content=\"index, follow, max-snippet:-1, max-image-preview:large, max-video-preview:-1\" \/>\n<link rel=\"canonical\" href=\"https:\/\/hunter-optics.com\/tr\/urun\/vortex-strike-eagle-2-0-1-6x24-sfp-lvpo-ir-ar-bdc3-moa-tufek-durbunu\/\" \/>\n<meta property=\"og:locale\" content=\"tr_TR\" \/>\n<meta property=\"og:type\" content=\"article\" \/>\n<meta property=\"og:title\" content=\"Vortex STRIKE EAGLE\u00ae 2.0 1-6x24 SFP LVPO IR AR-BDC3 MOA Rifle Scope\" \/>\n<meta property=\"og:description\" content=\"A true 1x on the low end, Strike Eagle zooms to let shooters rapidly engage targets near and far, and an AR-BDC3 reticle aids in rapid shooting while providing holdover and ranging references from 0-600 yards.\" \/>\n<meta property=\"og:url\" content=\"https:\/\/hunter-optics.com\/tr\/urun\/vortex-strike-eagle-2-0-1-6x24-sfp-lvpo-ir-ar-bdc3-moa-tufek-durbunu\/\" \/>\n<meta property=\"og:site_name\" content=\"Hunter Optics\" \/>\n<meta property=\"article:modified_time\" content=\"2025-08-09T09:46:23+00:00\" \/>\n<meta property=\"og:image\" content=\"https:\/\/hunter-optics.com\/wp-content\/uploads\/2025\/07\/Vortex-Strike-Eagle-2.0.jpg\" \/>\n\t<meta property=\"og:image:width\" content=\"876\" \/>\n\t<meta property=\"og:image:height\" content=\"876\" \/>\n\t<meta property=\"og:image:type\" content=\"image\/jpeg\" \/>\n<meta name=\"twitter:card\" content=\"summary_large_image\" \/>\n<meta name=\"twitter:label1\" content=\"Fiyat\" \/>\n\t<meta name=\"twitter:data1\" content=\"&#036;389.99\" \/>\n\t<meta name=\"twitter:label2\" content=\"Durumu\" \/>\n\t<meta name=\"twitter:data2\" content=\"Stokta var\" \/>\n<script type=\"application\/ld+json\" class=\"yoast-schema-graph\">{\"@context\":\"https:\\\/\\\/schema.org\",\"@graph\":[{\"@type\":\"WebPage\",\"@id\":\"https:\\\/\\\/hunter-optics.com\\\/product\\\/vortex-strike-eagle-2-0-1-6x24-sfp-lvpo-ir-ar-bdc3-moa-rifle-scope\\\/\",\"url\":\"https:\\\/\\\/hunter-optics.com\\\/product\\\/vortex-strike-eagle-2-0-1-6x24-sfp-lvpo-ir-ar-bdc3-moa-rifle-scope\\\/\",\"name\":\"Vortex STRIKE EAGLE\u00ae 2.0 1-6x24 SFP LVPO IR AR-BDC3 MOA Rifle Scope - Hunter Optics\",\"isPartOf\":{\"@id\":\"https:\\\/\\\/hunter-optics.com\\\/#website\"},\"primaryImageOfPage\":{\"@id\":\"https:\\\/\\\/hunter-optics.com\\\/product\\\/vortex-strike-eagle-2-0-1-6x24-sfp-lvpo-ir-ar-bdc3-moa-rifle-scope\\\/#primaryimage\"},\"image\":{\"@id\":\"https:\\\/\\\/hunter-optics.com\\\/product\\\/vortex-strike-eagle-2-0-1-6x24-sfp-lvpo-ir-ar-bdc3-moa-rifle-scope\\\/#primaryimage\"},\"thumbnailUrl\":\"https:\\\/\\\/hunter-optics.com\\\/wp-content\\\/uploads\\\/2025\\\/07\\\/Vortex-Strike-Eagle-2.0.jpg\",\"datePublished\":\"2025-07-03T08:30:09+00:00\",\"dateModified\":\"2025-08-09T09:46:23+00:00\",\"description\":\"A true 1x on the low end, Strike Eagle zooms to let shooters rapidly engage targets near and far, and an AR-BDC3 reticle aids in rapid shooting while providing holdover and ranging references from 0-600 yards.\",\"breadcrumb\":{\"@id\":\"https:\\\/\\\/hunter-optics.com\\\/product\\\/vortex-strike-eagle-2-0-1-6x24-sfp-lvpo-ir-ar-bdc3-moa-rifle-scope\\\/#breadcrumb\"},\"inLanguage\":\"tr\",\"potentialAction\":[{\"@type\":\"ReadAction\",\"target\":[\"https:\\\/\\\/hunter-optics.com\\\/product\\\/vortex-strike-eagle-2-0-1-6x24-sfp-lvpo-ir-ar-bdc3-moa-rifle-scope\\\/\"]}]},{\"@type\":\"ImageObject\",\"inLanguage\":\"tr\",\"@id\":\"https:\\\/\\\/hunter-optics.com\\\/product\\\/vortex-strike-eagle-2-0-1-6x24-sfp-lvpo-ir-ar-bdc3-moa-rifle-scope\\\/#primaryimage\",\"url\":\"https:\\\/\\\/hunter-optics.com\\\/wp-content\\\/uploads\\\/2025\\\/07\\\/Vortex-Strike-Eagle-2.0.jpg\",\"contentUrl\":\"https:\\\/\\\/hunter-optics.com\\\/wp-content\\\/uploads\\\/2025\\\/07\\\/Vortex-Strike-Eagle-2.0.jpg\",\"width\":876,\"height\":876},{\"@type\":\"BreadcrumbList\",\"@id\":\"https:\\\/\\\/hunter-optics.com\\\/product\\\/vortex-strike-eagle-2-0-1-6x24-sfp-lvpo-ir-ar-bdc3-moa-rifle-scope\\\/#breadcrumb\",\"itemListElement\":[{\"@type\":\"ListItem\",\"position\":1,\"name\":\"Home\",\"item\":\"https:\\\/\\\/hunter-optics.com\\\/\"},{\"@type\":\"ListItem\",\"position\":2,\"name\":\"Products\",\"item\":\"https:\\\/\\\/hunter-optics.com\\\/shop\\\/\"},{\"@type\":\"ListItem\",\"position\":3,\"name\":\"Vortex STRIKE EAGLE\u00ae 2.0 1-6&#215;24 SFP LVPO IR AR-BDC3 MOA Rifle Scope\"}]},{\"@type\":\"WebSite\",\"@id\":\"https:\\\/\\\/hunter-optics.com\\\/#website\",\"url\":\"https:\\\/\\\/hunter-optics.com\\\/\",\"name\":\"Hunter Optics\",\"description\":\"Hunter Optics \u2014 Your Eye on the Target.\",\"publisher\":{\"@id\":\"https:\\\/\\\/hunter-optics.com\\\/#organization\"},\"potentialAction\":[{\"@type\":\"SearchAction\",\"target\":{\"@type\":\"EntryPoint\",\"urlTemplate\":\"https:\\\/\\\/hunter-optics.com\\\/?s={search_term_string}\"},\"query-input\":{\"@type\":\"PropertyValueSpecification\",\"valueRequired\":true,\"valueName\":\"search_term_string\"}}],\"inLanguage\":\"tr\"},{\"@type\":\"Organization\",\"@id\":\"https:\\\/\\\/hunter-optics.com\\\/#organization\",\"name\":\"Hunter Optics\",\"url\":\"https:\\\/\\\/hunter-optics.com\\\/\",\"logo\":{\"@type\":\"ImageObject\",\"inLanguage\":\"tr\",\"@id\":\"https:\\\/\\\/hunter-optics.com\\\/#\\\/schema\\\/logo\\\/image\\\/\",\"url\":\"https:\\\/\\\/hunter-optics.com\\\/wp-content\\\/uploads\\\/2025\\\/06\\\/hunter-optics-logo-1.png\",\"contentUrl\":\"https:\\\/\\\/hunter-optics.com\\\/wp-content\\\/uploads\\\/2025\\\/06\\\/hunter-optics-logo-1.png\",\"width\":937,\"height\":373,\"caption\":\"Hunter Optics\"},\"image\":{\"@id\":\"https:\\\/\\\/hunter-optics.com\\\/#\\\/schema\\\/logo\\\/image\\\/\"}}]}<\/script>\n<meta property=\"product:brand\" content=\"Vortex\" \/>\n<meta property=\"product:price:amount\" content=\"389.99\" \/>\n<meta property=\"product:price:currency\" content=\"USD\" \/>\n<meta property=\"og:availability\" content=\"instock\" \/>\n<meta property=\"product:availability\" content=\"instock\" \/>\n<meta property=\"product:condition\" content=\"new\" \/>\n<!-- \/ Yoast SEO Premium plugin. -->","yoast_head_json":{"title":"Vortex STRIKE EAGLE\u00ae 2.0 1-6x24 SFP LVPO IR AR-BDC3 MOA T\u00fcfek D\u00fcrb\u00fcn\u00fc - Avc\u0131 Optikleri","description":"Alt u\u00e7ta ger\u00e7ek bir 1x olan Strike Eagle, at\u0131c\u0131lar\u0131n yak\u0131n ve uzaktaki hedefleri h\u0131zla vurmas\u0131n\u0131 sa\u011flamak i\u00e7in yak\u0131nla\u015ft\u0131r\u0131r ve AR-BDC3 d\u00fcrb\u00fcn, 0-600 yarda aras\u0131nda tutma ve menzil referanslar\u0131 sa\u011flarken h\u0131zl\u0131 at\u0131\u015fa yard\u0131mc\u0131 olur.","robots":{"index":"index","follow":"follow","max-snippet":"max-snippet:-1","max-image-preview":"max-image-preview:large","max-video-preview":"max-video-preview:-1"},"canonical":"https:\/\/hunter-optics.com\/tr\/urun\/vortex-strike-eagle-2-0-1-6x24-sfp-lvpo-ir-ar-bdc3-moa-tufek-durbunu\/","og_locale":"tr_TR","og_type":"article","og_title":"Vortex STRIKE EAGLE\u00ae 2.0 1-6x24 SFP LVPO IR AR-BDC3 MOA Rifle Scope","og_description":"A true 1x on the low end, Strike Eagle zooms to let shooters rapidly engage targets near and far, and an AR-BDC3 reticle aids in rapid shooting while providing holdover and ranging references from 0-600 yards.","og_url":"https:\/\/hunter-optics.com\/tr\/urun\/vortex-strike-eagle-2-0-1-6x24-sfp-lvpo-ir-ar-bdc3-moa-tufek-durbunu\/","og_site_name":"Hunter Optics","article_modified_time":"2025-08-09T09:46:23+00:00","og_image":[{"width":876,"height":876,"url":"https:\/\/hunter-optics.com\/wp-content\/uploads\/2025\/07\/Vortex-Strike-Eagle-2.0.jpg","type":"image\/jpeg"}],"twitter_card":"summary_large_image","twitter_misc":{"Fiyat":"&#36;389.99","Durumu":"Stokta var"},"schema":{"@context":"https:\/\/schema.org","@graph":[{"@type":"WebPage","@id":"https:\/\/hunter-optics.com\/product\/vortex-strike-eagle-2-0-1-6x24-sfp-lvpo-ir-ar-bdc3-moa-rifle-scope\/","url":"https:\/\/hunter-optics.com\/product\/vortex-strike-eagle-2-0-1-6x24-sfp-lvpo-ir-ar-bdc3-moa-rifle-scope\/","name":"Vortex STRIKE EAGLE\u00ae 2.0 1-6x24 SFP LVPO IR AR-BDC3 MOA T\u00fcfek D\u00fcrb\u00fcn\u00fc - Avc\u0131 Optikleri","isPartOf":{"@id":"https:\/\/hunter-optics.com\/#website"},"primaryImageOfPage":{"@id":"https:\/\/hunter-optics.com\/product\/vortex-strike-eagle-2-0-1-6x24-sfp-lvpo-ir-ar-bdc3-moa-rifle-scope\/#primaryimage"},"image":{"@id":"https:\/\/hunter-optics.com\/product\/vortex-strike-eagle-2-0-1-6x24-sfp-lvpo-ir-ar-bdc3-moa-rifle-scope\/#primaryimage"},"thumbnailUrl":"https:\/\/hunter-optics.com\/wp-content\/uploads\/2025\/07\/Vortex-Strike-Eagle-2.0.jpg","datePublished":"2025-07-03T08:30:09+00:00","dateModified":"2025-08-09T09:46:23+00:00","description":"Alt u\u00e7ta ger\u00e7ek bir 1x olan Strike Eagle, at\u0131c\u0131lar\u0131n yak\u0131n ve uzaktaki hedefleri h\u0131zla vurmas\u0131n\u0131 sa\u011flamak i\u00e7in yak\u0131nla\u015ft\u0131r\u0131r ve AR-BDC3 d\u00fcrb\u00fcn, 0-600 yarda aras\u0131nda tutma ve menzil referanslar\u0131 sa\u011flarken h\u0131zl\u0131 at\u0131\u015fa yard\u0131mc\u0131 olur.","breadcrumb":{"@id":"https:\/\/hunter-optics.com\/product\/vortex-strike-eagle-2-0-1-6x24-sfp-lvpo-ir-ar-bdc3-moa-rifle-scope\/#breadcrumb"},"inLanguage":"tr","potentialAction":[{"@type":"ReadAction","target":["https:\/\/hunter-optics.com\/product\/vortex-strike-eagle-2-0-1-6x24-sfp-lvpo-ir-ar-bdc3-moa-rifle-scope\/"]}]},{"@type":"ImageObject","inLanguage":"tr","@id":"https:\/\/hunter-optics.com\/product\/vortex-strike-eagle-2-0-1-6x24-sfp-lvpo-ir-ar-bdc3-moa-rifle-scope\/#primaryimage","url":"https:\/\/hunter-optics.com\/wp-content\/uploads\/2025\/07\/Vortex-Strike-Eagle-2.0.jpg","contentUrl":"https:\/\/hunter-optics.com\/wp-content\/uploads\/2025\/07\/Vortex-Strike-Eagle-2.0.jpg","width":876,"height":876},{"@type":"BreadcrumbList","@id":"https:\/\/hunter-optics.com\/product\/vortex-strike-eagle-2-0-1-6x24-sfp-lvpo-ir-ar-bdc3-moa-rifle-scope\/#breadcrumb","itemListElement":[{"@type":"ListItem","position":1,"name":"Home","item":"https:\/\/hunter-optics.com\/"},{"@type":"ListItem","position":2,"name":"Products","item":"https:\/\/hunter-optics.com\/shop\/"},{"@type":"ListItem","position":3,"name":"Vortex STRIKE EAGLE\u00ae 2.0 1-6&#215;24 SFP LVPO IR AR-BDC3 MOA Rifle Scope"}]},{"@type":"WebSite","@id":"https:\/\/hunter-optics.com\/#website","url":"https:\/\/hunter-optics.com\/","name":"Avc\u0131 Optikleri","description":"Avc\u0131 Opti\u011fi - G\u00f6z\u00fcn\u00fcz Hedefte.","publisher":{"@id":"https:\/\/hunter-optics.com\/#organization"},"potentialAction":[{"@type":"SearchAction","target":{"@type":"EntryPoint","urlTemplate":"https:\/\/hunter-optics.com\/?s={search_term_string}"},"query-input":{"@type":"PropertyValueSpecification","valueRequired":true,"valueName":"search_term_string"}}],"inLanguage":"tr"},{"@type":"Organization","@id":"https:\/\/hunter-optics.com\/#organization","name":"Avc\u0131 Optikleri","url":"https:\/\/hunter-optics.com\/","logo":{"@type":"ImageObject","inLanguage":"tr","@id":"https:\/\/hunter-optics.com\/#\/schema\/logo\/image\/","url":"https:\/\/hunter-optics.com\/wp-content\/uploads\/2025\/06\/hunter-optics-logo-1.png","contentUrl":"https:\/\/hunter-optics.com\/wp-content\/uploads\/2025\/06\/hunter-optics-logo-1.png","width":937,"height":373,"caption":"Hunter Optics"},"image":{"@id":"https:\/\/hunter-optics.com\/#\/schema\/logo\/image\/"}}]},"product_brand":"Vortex","product_price_amount":"389.99","product_price_currency":"USD","og_availability":"instock","product_availability":"instock","product_condition":"new"},"_links":{"self":[{"href":"https:\/\/hunter-optics.com\/tr\/wp-json\/wp\/v2\/product\/1326","targetHints":{"allow":["GET"]}}],"collection":[{"href":"https:\/\/hunter-optics.com\/tr\/wp-json\/wp\/v2\/product"}],"about":[{"href":"https:\/\/hunter-optics.com\/tr\/wp-json\/wp\/v2\/types\/product"}],"replies":[{"embeddable":true,"href":"https:\/\/hunter-optics.com\/tr\/wp-json\/wp\/v2\/comments?post=1326"}],"version-history":[{"count":3,"href":"https:\/\/hunter-optics.com\/tr\/wp-json\/wp\/v2\/product\/1326\/revisions"}],"predecessor-version":[{"id":1661,"href":"https:\/\/hunter-optics.com\/tr\/wp-json\/wp\/v2\/product\/1326\/revisions\/1661"}],"wp:featuredmedia":[{"embeddable":true,"href":"https:\/\/hunter-optics.com\/tr\/wp-json\/wp\/v2\/media\/1388"}],"wp:attachment":[{"href":"https:\/\/hunter-optics.com\/tr\/wp-json\/wp\/v2\/media?parent=1326"}],"wp:term":[{"taxonomy":"brand","embeddable":true,"href":"https:\/\/hunter-optics.com\/tr\/wp-json\/wp\/v2\/etheme_brands?post=1326"},{"taxonomy":"product_brand","embeddable":true,"href":"https:\/\/hunter-optics.com\/tr\/wp-json\/wp\/v2\/product_brand?post=1326"},{"taxonomy":"product_cat","embeddable":true,"href":"https:\/\/hunter-optics.com\/tr\/wp-json\/wp\/v2\/product_cat?post=1326"},{"taxonomy":"product_tag","embeddable":true,"href":"https:\/\/hunter-optics.com\/tr\/wp-json\/wp\/v2\/product_tag?post=1326"}],"curies":[{"name":"wp","href":"https:\/\/api.w.org\/{rel}","templated":true}]}}