{"id":1313,"date":"2025-07-03T07:40:10","date_gmt":"2025-07-03T07:40:10","guid":{"rendered":"https:\/\/hunter-optics.com\/?post_type=product&#038;p=1313"},"modified":"2025-07-29T06:00:30","modified_gmt":"2025-07-29T06:00:30","slug":"riton-5-conquer-5-25x50ir-ffp-mrad","status":"publish","type":"product","link":"https:\/\/hunter-optics.com\/tr\/urun\/riton-5-conquer-5-25x50ir-ffp-mrad\/","title":{"rendered":"Riton 5 Conquer 5-25x50IR FFP MRAD"},"content":{"rendered":"<h4 class=\"a-spacing-mini\">Riton X5 Conquer 5-25\u00d750 MRAD<\/h4>\n<p class=\"a-spacing-base\">34 mm t\u00fcp ve 5x b\u00fcy\u00fctme oran\u0131na sahip Riton 5 Conquer 5-25\u00d750, her at\u0131\u015f\u0131n ba\u015far\u0131l\u0131 olmas\u0131n\u0131 sa\u011flamak i\u00e7in netlik ve dayan\u0131kl\u0131l\u0131\u011f\u0131n m\u00fckemmel kombinasyonuna sahiptir. Birinci Odak D\u00fczlemi (FFP) retik\u00fcl\u00fc, entegre at\u0131\u015f kolu, geli\u015fmi\u015f Riton R5 Zero Stop taretleri ile bu optik, her mesafeden hedefe h\u0131zl\u0131 at\u0131\u015flar yap\u0131lmas\u0131n\u0131 sa\u011flayacakt\u0131r.<\/p>\n<h5>Riton S\u00f6z\u00fc<\/h5>\n<p class=\"a-spacing-base\">Riton Promise'in bir par\u00e7as\u0131 olarak, sekt\u00f6r\u00fcn en iyi \u00fcr\u00fcn vaadi de dahil olmak \u00fczere size m\u00fcmk\u00fcn olan en iyi hizmeti sunmaya inan\u0131yoruz. \u00dcr\u00fcnlerimizin kalitesi, bunu muhtemelen hi\u00e7 kullanmak zorunda kalmayaca\u011f\u0131n\u0131z en iyi vaat haline getiriyor; ancak avc\u0131lar ve at\u0131c\u0131lar olarak, bazen en iyi ekipmanlar\u0131n ba\u015f\u0131na bile k\u00f6t\u00fc \u015feyler geldi\u011fini biliyoruz.<\/p>\n<h3 class=\"a-spacing-mini\">Riton'un PSR Reticle'\u0131 hakk\u0131nda bilgi edinin<\/h3>\n<p class=\"a-spacing-base\">Birinci Odak D\u00fczleminde 5 Conquer 5-25\u00d750 MRAD, PSR Retik\u00fcl\u00fc ile donat\u0131lm\u0131\u015ft\u0131r. Riton'un en pop\u00fcler retik\u00fcllerinden biri olmas\u0131n\u0131n iyi bir nedeni var!<\/p>\n<ul class=\"a-unordered-list a-vertical\">\n<li><span class=\"a-list-item\">0,4 MRAD Merkez Nokta<\/span><\/li>\n<li><span class=\"a-list-item\">Noktalar aras\u0131nda 0,2 MRAD bo\u015fluk<\/span><\/li>\n<li><span class=\"a-list-item\">Hatlar aras\u0131nda 1 MRAD.<\/span><\/li>\n<\/ul>\n<div class=\"apm-flex-item-fourth-width\">\n<p class=\"apm-text-center\"><img decoding=\"async\" class=\"\" src=\"https:\/\/m.media-amazon.com\/images\/S\/aplus-media-library-service-media\/2a3691ca-1ba6-425a-81d6-eea9b48041b0.__CR18,0,464,464_PT0_SX220_V1___.jpg\" alt=\"RitonOptics.EPCleanRoom.Icon\" data-src=\"https:\/\/m.media-amazon.com\/images\/S\/aplus-media-library-service-media\/2a3691ca-1ba6-425a-81d6-eea9b48041b0.__CR18,0,464,464_PT0_SX220_V1___.jpg\" \/><\/p>\n<h4 class=\"a-spacing-mini\">EP Temiz Odada Birle\u015ftirildi<\/h4>\n<p class=\"a-size-small\">T\u00fcm optiklerimiz \u00e7evre korumal\u0131 temiz bir odada monte edilir. Bu, her bir opti\u011fin enkazdan ar\u0131nm\u0131\u015f olmas\u0131n\u0131 sa\u011flar.<\/p>\n<\/div>\n<div class=\"apm-flex-item-fourth-width\">\n<p class=\"apm-text-center\"><img decoding=\"async\" class=\"\" src=\"https:\/\/m.media-amazon.com\/images\/S\/aplus-media-library-service-media\/be7a0589-7a1f-4e33-991d-031fdeda1e6b.__CR18,0,464,464_PT0_SX220_V1___.jpg\" alt=\"RitonOptics.Su Ge\u00e7irmez.Simge\" data-src=\"https:\/\/m.media-amazon.com\/images\/S\/aplus-media-library-service-media\/be7a0589-7a1f-4e33-991d-031fdeda1e6b.__CR18,0,464,464_PT0_SX220_V1___.jpg\" \/><\/p>\n<h4 class=\"a-spacing-mini\">Su Ge\u00e7irmez ve Darbeye Dayan\u0131kl\u0131<\/h4>\n<p class=\"a-size-small\">Her opti\u011fin su ge\u00e7irmez ve darbeye dayan\u0131kl\u0131 oldu\u011fu garanti edilir. Her optik 1200 g'a kadar test edilmi\u015ftir.<\/p>\n<\/div>\n<div class=\"apm-flex-item-fourth-width\">\n<p class=\"apm-text-center\"><img decoding=\"async\" class=\"\" src=\"https:\/\/m.media-amazon.com\/images\/S\/aplus-media-library-service-media\/f15dac1c-1de6-4ffc-8bc8-75b718848e9a.__CR18,0,464,464_PT0_SX220_V1___.jpg\" alt=\"RitonOptics.FastFocus.Simge\" data-src=\"https:\/\/m.media-amazon.com\/images\/S\/aplus-media-library-service-media\/f15dac1c-1de6-4ffc-8bc8-75b718848e9a.__CR18,0,464,464_PT0_SX220_V1___.jpg\" \/><\/p>\n<h4 class=\"a-spacing-mini\">H\u0131zl\u0131 Odakl\u0131 Mercek ile donat\u0131lm\u0131\u015ft\u0131r<\/h4>\n<p class=\"a-size-small\">Herkesin g\u00f6zlerinin optiklerimizi kullanabilmesini sa\u011flamak i\u00e7in, her biri h\u0131zl\u0131 odaklamal\u0131 merceklerimizle donat\u0131lm\u0131\u015ft\u0131r.<\/p>\n<\/div>\n<div class=\"apm-flex-item-fourth-width\">\n<p class=\"apm-text-center\"><img decoding=\"async\" class=\"\" src=\"https:\/\/m.media-amazon.com\/images\/S\/aplus-media-library-service-media\/dd84b561-06be-4aba-94a6-94cb4782c51f.__CR18,0,464,464_PT0_SX220_V1___.jpg\" alt=\"RitonOptics.RuggedConstruction.Icon\" data-src=\"https:\/\/m.media-amazon.com\/images\/S\/aplus-media-library-service-media\/dd84b561-06be-4aba-94a6-94cb4782c51f.__CR18,0,464,464_PT0_SX220_V1___.jpg\" \/><\/p>\n<h4 class=\"a-spacing-mini\">Dayan\u0131kl\u0131 ve Sa\u011flam Al\u00fcminyum Yap\u0131<\/h4>\n<p class=\"a-size-small\">T\u00fcm optiklerimiz, elementlerle ba\u015fa \u00e7\u0131kmaya istekli, g\u00fc\u00e7l\u00fc caml\u0131 U\u00e7ak s\u0131n\u0131f\u0131 al\u00fcminyumdan \u00fcretilmi\u015ftir.<\/p>\n<h3 class=\"a-size-extra-large a-spacing-base a-text-center\">T\u00fcm \u00d6zellikler<\/h3>\n<div class=\"a-row\">\n<div class=\"a-column a-span12 aplus-tech-spec-hide-loading\">\n<table class=\"a-bordered a-horizontal-stripes aplus-tech-spec-table\">\n<tbody>\n<tr>\n<td class=\"a-text-bold\">B\u00fcy\u00fctme<\/td>\n<td>5-25<\/td>\n<\/tr>\n<tr>\n<td class=\"a-text-bold\">Paralaks Ayar\u0131<\/td>\n<td>10'lu sonsuzluk<\/td>\n<\/tr>\n<tr>\n<td class=\"a-text-bold\">T\u00fcp \u00c7ap\u0131<\/td>\n<td>34mm<\/td>\n<\/tr>\n<tr>\n<td class=\"a-text-bold\">Objektif Lens \u00c7ap\u0131<\/td>\n<td>50mm<\/td>\n<\/tr>\n<tr>\n<td class=\"a-text-bold\">Odak Lens Konumu<\/td>\n<td>Birinci Odak D\u00fczlemi<\/td>\n<\/tr>\n<tr>\n<td class=\"a-text-bold\">Lens Kaplamas\u0131<\/td>\n<td>Lens Kaplamas\u0131: Tamamen \u00c7oklu Kaplamal\u0131, Tam Geni\u015f Bant, Su Ge\u00e7irmez Kaplamal\u0131, D\u00fc\u015f\u00fck I\u015f\u0131k \u0130yile\u015ftirme<\/td>\n<\/tr>\n<tr>\n<td class=\"a-text-bold\">Reticle<\/td>\n<td>PSR, I\u015f\u0131kl\u0131<\/td>\n<\/tr>\n<tr>\n<td class=\"a-text-bold\">100 yds'de G\u00f6r\u00fc\u015f Alan\u0131<\/td>\n<td>22.5ft-4.5ft<\/td>\n<\/tr>\n<tr>\n<td class=\"a-text-bold\">G\u00f6z R\u00f6lyefi<\/td>\n<td>3,7 in\u00e7\/95 mm<\/td>\n<\/tr>\n<tr>\n<td class=\"a-text-bold\">\u00c7\u0131k\u0131\u015f \u00d6\u011frencisi<\/td>\n<td>D\u00fc\u015f\u00fck 10,2 mm - Y\u00fcksek 2,2 mm<\/td>\n<\/tr>\n<tr>\n<td class=\"a-text-bold\">100 yds\/m'de T\u0131klama De\u011feri<\/td>\n<td>1\/10. MRAD<\/td>\n<\/tr>\n<tr>\n<td class=\"a-text-bold\">Ayar Aral\u0131\u011f\u0131<\/td>\n<td>22 MRAD<\/td>\n<\/tr>\n<tr>\n<td class=\"a-text-bold\">Montaj Uzunlu\u011fu<\/td>\n<td>7.75in\/196mm<\/td>\n<\/tr>\n<tr>\n<td class=\"a-text-bold\">Uzunluk<\/td>\n<td>15,37 in\u00e7\/390 mm<\/td>\n<\/tr>\n<tr>\n<td class=\"a-text-bold\">A\u011f\u0131rl\u0131k<\/td>\n<td>34oz\/963g<\/td>\n<\/tr>\n<tr>\n<td class=\"a-text-bold\">Dahil Edilen \u00dcr\u00fcnler<\/td>\n<td>A\u00e7\u0131l\u0131r Lens Kapaklar\u0131, Lens Bezi, Alyan Anahtar\u0131<\/td>\n<\/tr>\n<\/tbody>\n<\/table>\n<\/div>\n<\/div>\n<\/div>","protected":false},"excerpt":{"rendered":"<p>Riton X5 Conquer 5-25\u00d750 MRAD 34 mm t\u00fcp ve 5x b\u00fcy\u00fctme oran\u0131na sahip Riton 5 Conquer 5-25\u00d750, berrakl\u0131k ve netli\u011fin m\u00fckemmel kombinasyonuna sahiptir.<\/p>","protected":false},"featured_media":1385,"comment_status":"open","ping_status":"closed","template":"","meta":[],"etheme_brands":[{"term_id":44,"name":"Riton","slug":"riton","term_group":0,"term_taxonomy_id":44,"taxonomy":"brand","description":"","parent":0,"count":18,"filter":"raw"}],"product_brand":[],"product_cat":[49],"product_tag":[],"class_list":{"0":"post-1313","1":"product","2":"type-product","3":"status-publish","4":"has-post-thumbnail","6":"brand-riton","7":"product_cat-rifle-scopes","9":"first","10":"instock","11":"sale","12":"taxable","13":"shipping-taxable","14":"purchasable","15":"product-type-simple"},"yoast_head":"<!-- This site is optimized with the Yoast SEO Premium plugin v25.7.1 (Yoast SEO v27.4) - https:\/\/yoast.com\/product\/yoast-seo-premium-wordpress\/ -->\n<title>Riton 5 Conquer 5-25x50IR FFP MRAD - Hunter Optics<\/title>\n<meta name=\"robots\" content=\"index, follow, max-snippet:-1, max-image-preview:large, max-video-preview:-1\" \/>\n<link rel=\"canonical\" href=\"https:\/\/hunter-optics.com\/tr\/urun\/riton-5-conquer-5-25x50ir-ffp-mrad\/\" \/>\n<meta property=\"og:locale\" content=\"tr_TR\" \/>\n<meta property=\"og:type\" content=\"article\" \/>\n<meta property=\"og:title\" content=\"Riton 5 Conquer 5-25x50IR FFP MRAD\" \/>\n<meta property=\"og:description\" content=\"Riton X5 Conquer 5-25&#215;50 MRAD Featuring a 34mm tube and a 5x magnification ratio, Riton\u2019s 5 Conquer 5-25\u00d750 has the perfect combination of clarity and\" \/>\n<meta property=\"og:url\" content=\"https:\/\/hunter-optics.com\/tr\/urun\/riton-5-conquer-5-25x50ir-ffp-mrad\/\" \/>\n<meta property=\"og:site_name\" content=\"Hunter Optics\" \/>\n<meta property=\"article:modified_time\" content=\"2025-07-29T06:00:30+00:00\" \/>\n<meta property=\"og:image\" content=\"https:\/\/hunter-optics.com\/wp-content\/uploads\/2025\/07\/Riton-5-Conquer-5-25x50IR-FFP-MRAD.jpg\" \/>\n\t<meta property=\"og:image:width\" content=\"876\" \/>\n\t<meta property=\"og:image:height\" content=\"876\" \/>\n\t<meta property=\"og:image:type\" content=\"image\/jpeg\" \/>\n<meta name=\"twitter:card\" content=\"summary_large_image\" \/>\n<meta name=\"twitter:label1\" content=\"Fiyat\" \/>\n\t<meta name=\"twitter:data1\" content=\"&#036;629.99\" \/>\n\t<meta name=\"twitter:label2\" content=\"Durumu\" \/>\n\t<meta name=\"twitter:data2\" content=\"Stokta var\" \/>\n<script type=\"application\/ld+json\" class=\"yoast-schema-graph\">{\"@context\":\"https:\\\/\\\/schema.org\",\"@graph\":[{\"@type\":\"WebPage\",\"@id\":\"https:\\\/\\\/hunter-optics.com\\\/product\\\/riton-5-conquer-5-25x50ir-ffp-mrad\\\/\",\"url\":\"https:\\\/\\\/hunter-optics.com\\\/product\\\/riton-5-conquer-5-25x50ir-ffp-mrad\\\/\",\"name\":\"Riton 5 Conquer 5-25x50IR FFP MRAD - Hunter Optics\",\"isPartOf\":{\"@id\":\"https:\\\/\\\/hunter-optics.com\\\/#website\"},\"primaryImageOfPage\":{\"@id\":\"https:\\\/\\\/hunter-optics.com\\\/product\\\/riton-5-conquer-5-25x50ir-ffp-mrad\\\/#primaryimage\"},\"image\":{\"@id\":\"https:\\\/\\\/hunter-optics.com\\\/product\\\/riton-5-conquer-5-25x50ir-ffp-mrad\\\/#primaryimage\"},\"thumbnailUrl\":\"https:\\\/\\\/hunter-optics.com\\\/wp-content\\\/uploads\\\/2025\\\/07\\\/Riton-5-Conquer-5-25x50IR-FFP-MRAD.jpg\",\"datePublished\":\"2025-07-03T07:40:10+00:00\",\"dateModified\":\"2025-07-29T06:00:30+00:00\",\"breadcrumb\":{\"@id\":\"https:\\\/\\\/hunter-optics.com\\\/product\\\/riton-5-conquer-5-25x50ir-ffp-mrad\\\/#breadcrumb\"},\"inLanguage\":\"tr\",\"potentialAction\":[{\"@type\":\"ReadAction\",\"target\":[\"https:\\\/\\\/hunter-optics.com\\\/product\\\/riton-5-conquer-5-25x50ir-ffp-mrad\\\/\"]}]},{\"@type\":\"ImageObject\",\"inLanguage\":\"tr\",\"@id\":\"https:\\\/\\\/hunter-optics.com\\\/product\\\/riton-5-conquer-5-25x50ir-ffp-mrad\\\/#primaryimage\",\"url\":\"https:\\\/\\\/hunter-optics.com\\\/wp-content\\\/uploads\\\/2025\\\/07\\\/Riton-5-Conquer-5-25x50IR-FFP-MRAD.jpg\",\"contentUrl\":\"https:\\\/\\\/hunter-optics.com\\\/wp-content\\\/uploads\\\/2025\\\/07\\\/Riton-5-Conquer-5-25x50IR-FFP-MRAD.jpg\",\"width\":876,\"height\":876},{\"@type\":\"BreadcrumbList\",\"@id\":\"https:\\\/\\\/hunter-optics.com\\\/product\\\/riton-5-conquer-5-25x50ir-ffp-mrad\\\/#breadcrumb\",\"itemListElement\":[{\"@type\":\"ListItem\",\"position\":1,\"name\":\"Home\",\"item\":\"https:\\\/\\\/hunter-optics.com\\\/\"},{\"@type\":\"ListItem\",\"position\":2,\"name\":\"Products\",\"item\":\"https:\\\/\\\/hunter-optics.com\\\/shop\\\/\"},{\"@type\":\"ListItem\",\"position\":3,\"name\":\"Riton 5 Conquer 5-25x50IR FFP MRAD\"}]},{\"@type\":\"WebSite\",\"@id\":\"https:\\\/\\\/hunter-optics.com\\\/#website\",\"url\":\"https:\\\/\\\/hunter-optics.com\\\/\",\"name\":\"Hunter Optics\",\"description\":\"Hunter Optics \u2014 Your Eye on the Target.\",\"publisher\":{\"@id\":\"https:\\\/\\\/hunter-optics.com\\\/#organization\"},\"potentialAction\":[{\"@type\":\"SearchAction\",\"target\":{\"@type\":\"EntryPoint\",\"urlTemplate\":\"https:\\\/\\\/hunter-optics.com\\\/?s={search_term_string}\"},\"query-input\":{\"@type\":\"PropertyValueSpecification\",\"valueRequired\":true,\"valueName\":\"search_term_string\"}}],\"inLanguage\":\"tr\"},{\"@type\":\"Organization\",\"@id\":\"https:\\\/\\\/hunter-optics.com\\\/#organization\",\"name\":\"Hunter Optics\",\"url\":\"https:\\\/\\\/hunter-optics.com\\\/\",\"logo\":{\"@type\":\"ImageObject\",\"inLanguage\":\"tr\",\"@id\":\"https:\\\/\\\/hunter-optics.com\\\/#\\\/schema\\\/logo\\\/image\\\/\",\"url\":\"https:\\\/\\\/hunter-optics.com\\\/wp-content\\\/uploads\\\/2025\\\/06\\\/hunter-optics-logo-1.png\",\"contentUrl\":\"https:\\\/\\\/hunter-optics.com\\\/wp-content\\\/uploads\\\/2025\\\/06\\\/hunter-optics-logo-1.png\",\"width\":937,\"height\":373,\"caption\":\"Hunter Optics\"},\"image\":{\"@id\":\"https:\\\/\\\/hunter-optics.com\\\/#\\\/schema\\\/logo\\\/image\\\/\"}}]}<\/script>\n<meta property=\"product:brand\" content=\"Riton\" \/>\n<meta property=\"product:price:amount\" content=\"629.99\" \/>\n<meta property=\"product:price:currency\" content=\"USD\" \/>\n<meta property=\"og:availability\" content=\"instock\" \/>\n<meta property=\"product:availability\" content=\"instock\" \/>\n<meta property=\"product:condition\" content=\"new\" \/>\n<!-- \/ Yoast SEO Premium plugin. -->","yoast_head_json":{"title":"Riton 5 Conquer 5-25x50IR FFP MRAD - Hunter Optics","robots":{"index":"index","follow":"follow","max-snippet":"max-snippet:-1","max-image-preview":"max-image-preview:large","max-video-preview":"max-video-preview:-1"},"canonical":"https:\/\/hunter-optics.com\/tr\/urun\/riton-5-conquer-5-25x50ir-ffp-mrad\/","og_locale":"tr_TR","og_type":"article","og_title":"Riton 5 Conquer 5-25x50IR FFP MRAD","og_description":"Riton X5 Conquer 5-25&#215;50 MRAD Featuring a 34mm tube and a 5x magnification ratio, Riton\u2019s 5 Conquer 5-25\u00d750 has the perfect combination of clarity and","og_url":"https:\/\/hunter-optics.com\/tr\/urun\/riton-5-conquer-5-25x50ir-ffp-mrad\/","og_site_name":"Hunter Optics","article_modified_time":"2025-07-29T06:00:30+00:00","og_image":[{"width":876,"height":876,"url":"https:\/\/hunter-optics.com\/wp-content\/uploads\/2025\/07\/Riton-5-Conquer-5-25x50IR-FFP-MRAD.jpg","type":"image\/jpeg"}],"twitter_card":"summary_large_image","twitter_misc":{"Fiyat":"&#36;629.99","Durumu":"Stokta var"},"schema":{"@context":"https:\/\/schema.org","@graph":[{"@type":"WebPage","@id":"https:\/\/hunter-optics.com\/product\/riton-5-conquer-5-25x50ir-ffp-mrad\/","url":"https:\/\/hunter-optics.com\/product\/riton-5-conquer-5-25x50ir-ffp-mrad\/","name":"Riton 5 Conquer 5-25x50IR FFP MRAD - Hunter Optics","isPartOf":{"@id":"https:\/\/hunter-optics.com\/#website"},"primaryImageOfPage":{"@id":"https:\/\/hunter-optics.com\/product\/riton-5-conquer-5-25x50ir-ffp-mrad\/#primaryimage"},"image":{"@id":"https:\/\/hunter-optics.com\/product\/riton-5-conquer-5-25x50ir-ffp-mrad\/#primaryimage"},"thumbnailUrl":"https:\/\/hunter-optics.com\/wp-content\/uploads\/2025\/07\/Riton-5-Conquer-5-25x50IR-FFP-MRAD.jpg","datePublished":"2025-07-03T07:40:10+00:00","dateModified":"2025-07-29T06:00:30+00:00","breadcrumb":{"@id":"https:\/\/hunter-optics.com\/product\/riton-5-conquer-5-25x50ir-ffp-mrad\/#breadcrumb"},"inLanguage":"tr","potentialAction":[{"@type":"ReadAction","target":["https:\/\/hunter-optics.com\/product\/riton-5-conquer-5-25x50ir-ffp-mrad\/"]}]},{"@type":"ImageObject","inLanguage":"tr","@id":"https:\/\/hunter-optics.com\/product\/riton-5-conquer-5-25x50ir-ffp-mrad\/#primaryimage","url":"https:\/\/hunter-optics.com\/wp-content\/uploads\/2025\/07\/Riton-5-Conquer-5-25x50IR-FFP-MRAD.jpg","contentUrl":"https:\/\/hunter-optics.com\/wp-content\/uploads\/2025\/07\/Riton-5-Conquer-5-25x50IR-FFP-MRAD.jpg","width":876,"height":876},{"@type":"BreadcrumbList","@id":"https:\/\/hunter-optics.com\/product\/riton-5-conquer-5-25x50ir-ffp-mrad\/#breadcrumb","itemListElement":[{"@type":"ListItem","position":1,"name":"Home","item":"https:\/\/hunter-optics.com\/"},{"@type":"ListItem","position":2,"name":"Products","item":"https:\/\/hunter-optics.com\/shop\/"},{"@type":"ListItem","position":3,"name":"Riton 5 Conquer 5-25x50IR FFP MRAD"}]},{"@type":"WebSite","@id":"https:\/\/hunter-optics.com\/#website","url":"https:\/\/hunter-optics.com\/","name":"Avc\u0131 Optikleri","description":"Avc\u0131 Opti\u011fi - G\u00f6z\u00fcn\u00fcz Hedefte.","publisher":{"@id":"https:\/\/hunter-optics.com\/#organization"},"potentialAction":[{"@type":"SearchAction","target":{"@type":"EntryPoint","urlTemplate":"https:\/\/hunter-optics.com\/?s={search_term_string}"},"query-input":{"@type":"PropertyValueSpecification","valueRequired":true,"valueName":"search_term_string"}}],"inLanguage":"tr"},{"@type":"Organization","@id":"https:\/\/hunter-optics.com\/#organization","name":"Avc\u0131 Optikleri","url":"https:\/\/hunter-optics.com\/","logo":{"@type":"ImageObject","inLanguage":"tr","@id":"https:\/\/hunter-optics.com\/#\/schema\/logo\/image\/","url":"https:\/\/hunter-optics.com\/wp-content\/uploads\/2025\/06\/hunter-optics-logo-1.png","contentUrl":"https:\/\/hunter-optics.com\/wp-content\/uploads\/2025\/06\/hunter-optics-logo-1.png","width":937,"height":373,"caption":"Hunter Optics"},"image":{"@id":"https:\/\/hunter-optics.com\/#\/schema\/logo\/image\/"}}]},"product_brand":"Riton","product_price_amount":"629.99","product_price_currency":"USD","og_availability":"instock","product_availability":"instock","product_condition":"new"},"_links":{"self":[{"href":"https:\/\/hunter-optics.com\/tr\/wp-json\/wp\/v2\/product\/1313","targetHints":{"allow":["GET"]}}],"collection":[{"href":"https:\/\/hunter-optics.com\/tr\/wp-json\/wp\/v2\/product"}],"about":[{"href":"https:\/\/hunter-optics.com\/tr\/wp-json\/wp\/v2\/types\/product"}],"replies":[{"embeddable":true,"href":"https:\/\/hunter-optics.com\/tr\/wp-json\/wp\/v2\/comments?post=1313"}],"version-history":[{"count":3,"href":"https:\/\/hunter-optics.com\/tr\/wp-json\/wp\/v2\/product\/1313\/revisions"}],"predecessor-version":[{"id":1377,"href":"https:\/\/hunter-optics.com\/tr\/wp-json\/wp\/v2\/product\/1313\/revisions\/1377"}],"wp:featuredmedia":[{"embeddable":true,"href":"https:\/\/hunter-optics.com\/tr\/wp-json\/wp\/v2\/media\/1385"}],"wp:attachment":[{"href":"https:\/\/hunter-optics.com\/tr\/wp-json\/wp\/v2\/media?parent=1313"}],"wp:term":[{"taxonomy":"brand","embeddable":true,"href":"https:\/\/hunter-optics.com\/tr\/wp-json\/wp\/v2\/etheme_brands?post=1313"},{"taxonomy":"product_brand","embeddable":true,"href":"https:\/\/hunter-optics.com\/tr\/wp-json\/wp\/v2\/product_brand?post=1313"},{"taxonomy":"product_cat","embeddable":true,"href":"https:\/\/hunter-optics.com\/tr\/wp-json\/wp\/v2\/product_cat?post=1313"},{"taxonomy":"product_tag","embeddable":true,"href":"https:\/\/hunter-optics.com\/tr\/wp-json\/wp\/v2\/product_tag?post=1313"}],"curies":[{"name":"wp","href":"https:\/\/api.w.org\/{rel}","templated":true}]}}