{"id":1298,"date":"2025-07-03T06:53:05","date_gmt":"2025-07-03T06:53:05","guid":{"rendered":"https:\/\/hunter-optics.com\/?post_type=product&#038;p=1298"},"modified":"2025-07-24T08:53:53","modified_gmt":"2025-07-24T08:53:53","slug":"riton-3-conquer-6-24x50ir-ffp","status":"publish","type":"product","link":"https:\/\/hunter-optics.com\/tr\/urun\/riton-3-conquer-6-24x50ir-ffp\/","title":{"rendered":"Riton 3 CONQUER 6-24\u00d750IR FFP"},"content":{"rendered":"<h3 id=\"brxe-wmwgnk\" class=\"brxe-heading h4\">HEDEFI SIZE GETIRIN<\/h3>\n<div id=\"brxe-hqsamv\" class=\"brxe-text-basic tir-video__subtitle\">Riton 3 CONQUER 6-24\u00d750<\/div>\n<div id=\"brxe-uenhta\" class=\"brxe-text prod-video__txt\">\n<p><strong>A\u00c7IKLIK \u00d6NEMLIDIR<\/strong><\/p>\n<p>3 Conquer, Riton'un her fiyat noktas\u0131nda kaliteli cam sunma konusundaki kararl\u0131l\u0131\u011f\u0131n\u0131 g\u00f6stermektedir. Optik sistem, renklerin yan\u0131 s\u0131ra d\u00fc\u015f\u00fck \u0131\u015f\u0131kta g\u00f6r\u00fcn\u00fcrl\u00fc\u011f\u00fc art\u0131rmak i\u00e7in tamamen \u00e7ok kaplamal\u0131d\u0131r, b\u00f6ylece hedefinizi akla gelebilecek her durumda g\u00f6rebileceksiniz.<\/p>\n<p><strong>AYDINLATMA ORTAMI ADAPTASYONU<\/strong><\/p>\n<p>Ayd\u0131nlatma, \u00e7evrenize uyum sa\u011flaman\u0131za yard\u0131mc\u0131 olabilecek \u00e7ok \u00f6nemli bir \u00f6zellik olabilir. 3 Conquer 6-24\u00d750, kar\u015f\u0131la\u015fabilece\u011finiz \u00e7evresel durumlar i\u00e7in haz\u0131rlanm\u0131\u015ft\u0131r, her seviye aras\u0131nda bir kapatma d\u00fc\u011fmesi bulunan alt\u0131 ayd\u0131nlatma seviyesine sahiptir, ihtiya\u00e7lar\u0131n\u0131za g\u00f6re m\u00fckemmel konumu ayarlayabilir ve seviyeleri an\u0131nda de\u011fi\u015ftirebilirsiniz.<\/p>\n<p><strong>SONA ERMEK \u0130\u00c7\u0130N YAPILDI<\/strong><\/p>\n<p>Riton\u00a0<strong>3 Conquer 6-24\u00d750<\/strong>, Hassasiyeti korurken elementlerle, \u015fokla ve aradaki her \u015feyle ba\u015fa \u00e7\u0131kmak i\u00e7in \u00fcretilmi\u015ftir. 6061-T6 u\u00e7ak s\u0131n\u0131f\u0131 al\u00fcminyumdan \u00fcretilen 3 Conquer 6-24, dayan\u0131kl\u0131l\u0131k g\u00f6z \u00f6n\u00fcnde bulundurularak \u00fcretilmi\u015ftir. T\u00fcm Riton d\u00fcrb\u00fcnleri gibi 3 Conquer 6-24 de 1.200 Gs'ye kadar darbe testine tabi tutulmu\u015ftur, haval\u0131 t\u00fcfek s\u0131n\u0131f\u0131ndad\u0131r ve Riton S\u0131n\u0131rl\u0131 \u00d6m\u00fcr Boyu Garanti ile desteklenmektedir. Uygulaman\u0131z ne olursa olsun, Riton 3 Conquer 6-24\u00d750 performanstan \u00f6d\u00fcn vermeden dayanacak \u015fekilde \u00fcretilmi\u015ftir.<\/p>\n<p><strong>SIFIRA D\u00d6N\u00dc\u015e<\/strong><\/p>\n<p>3 Conquer 6-24\u00d750 ile Riton R3 Zero Stop Taretlere sahip olursunuz. Zaman i\u00e7inde tutarl\u0131 ayarlamay\u0131 s\u00fcrd\u00fcrmek i\u00e7in tasarlanan bu taretler, ka\u00e7 kez ayarland\u0131klar\u0131na bak\u0131lmaks\u0131z\u0131n \u00f6m\u00fcr boyu performans i\u00e7in g\u00f6n\u00fcl rahatl\u0131\u011f\u0131 sa\u011flar. Ek olarak, birlikte verilen s\u0131f\u0131r durdurma bur\u00e7 kitleri, ni\u015fan ald\u0131ktan sonra s\u0131f\u0131r dura\u011f\u0131n\u0131z\u0131 ayarlaman\u0131za olanak tan\u0131r, b\u00f6ylece mesafe i\u00e7in arama yapmay\u0131 seven biriyseniz, h\u0131zl\u0131 ve kolay bir \u015fekilde s\u0131f\u0131ra geri d\u00f6nebilirsiniz.<\/p>\n<h3 id=\"brxe-ztlivr\" class=\"brxe-heading prod-tabs__title\">Retina Bilgileri:<\/h3>\n<p id=\"brxe-grjall\" class=\"brxe-text-basic prod-reticle-name\">RET\u0130K\u00dcL: MPSR, Ayd\u0131nlatmal\u0131<\/p>\n<div id=\"brxe-rkyybx\" class=\"brxe-text-basic prod-ret__txt\">\n<p>MPSR ni\u015fangah\u0131, hassas uzun menzilli at\u0131\u015flar i\u00e7in tasarlanm\u0131\u015ft\u0131r ve net windage ve elevasyon i\u015faretleri sunar. \u0130nce aral\u0131kl\u0131 MIL hash i\u015faretleri ve tutma noktalar\u0131 ile at\u0131c\u0131lar\u0131n do\u011fru ayarlamalar yapmas\u0131na olanak tan\u0131yarak her mesafede g\u00fcven ve isabet sa\u011flar.<\/p>\n<h3 id=\"brxe-qcmket\" class=\"brxe-heading prod-tabs__title\">Temel \u00d6zellikler:<\/h3>\n<div id=\"brxe-pnyzeh\" class=\"brxe-block prod-tab-feature\">\n<div class=\"brxe-xfsvub brxe-block prod-tab-key-loop\"><img loading=\"lazy\" decoding=\"async\" class=\"brxe-rtihxw brxe-image prod-feature__icon css-filter size-full\" src=\"https:\/\/ritonoptics.com\/wp-content\/uploads\/dry-nitrogen-purged-and-sealed-1.png\" alt=\"\" width=\"72\" height=\"74\" \/><\/p>\n<div class=\"brxe-anynyj brxe-div\">\n<p class=\"brxe-abizyp brxe-text-basic prod-feature__title\">Kuru Azotla Temizlenmi\u015f ve M\u00fch\u00fcrlenmi\u015f<\/p>\n<p class=\"brxe-lprtvs brxe-text-basic prod-feature__txt\">Azot gaz\u0131 kullan\u0131larak optik temizlenir ve m\u00fch\u00fcrlenir, b\u00f6ylece cihaz\u0131n \u00f6mr\u00fc boyunca t\u00fcm hava ko\u015fullar\u0131nda optimum performans sa\u011flan\u0131r...<\/p>\n<\/div>\n<\/div>\n<div class=\"brxe-xfsvub brxe-block prod-tab-key-loop\"><img loading=\"lazy\" decoding=\"async\" class=\"brxe-rtihxw brxe-image prod-feature__icon css-filter size-full\" src=\"https:\/\/ritonoptics.com\/wp-content\/uploads\/precision-quality-1.png\" alt=\"\" width=\"72\" height=\"74\" \/><\/p>\n<div class=\"brxe-anynyj brxe-div\">\n<p class=\"brxe-abizyp brxe-text-basic prod-feature__title\">Hassas Kalite G\u00fcvencesi<\/p>\n<p class=\"brxe-lprtvs brxe-text-basic prod-feature__txt\">Her Riton \u00fcr\u00fcn\u00fc, Tucson, AZ'deki sertifikal\u0131 teknisyenler taraf\u0131ndan titiz bir kalite kontrol s\u00fcrecinden ge\u00e7er. Ald\u0131\u011f\u0131n\u0131z her \u00fcr\u00fcn...<\/p>\n<\/div>\n<\/div>\n<div class=\"brxe-xfsvub brxe-block prod-tab-key-loop\"><img loading=\"lazy\" decoding=\"async\" class=\"brxe-rtihxw brxe-image prod-feature__icon css-filter size-full\" src=\"https:\/\/ritonoptics.com\/wp-content\/uploads\/advanced-turret-1.png\" alt=\"\" width=\"72\" height=\"74\" \/><\/p>\n<div class=\"brxe-anynyj brxe-div\">\n<p class=\"brxe-abizyp brxe-text-basic prod-feature__title\">Riton Geli\u015fmi\u015f Taret Sistemi<\/p>\n<p class=\"brxe-lprtvs brxe-text-basic prod-feature__txt\">Riton Geli\u015fmi\u015f Taret Sistemi, Riton'un Zero Stop taretlerini birden fazla formda bir araya getirerek tekrarlanabilir takip ve do\u011fruluk sa\u011flar.<\/p>\n<\/div>\n<\/div>\n<div class=\"brxe-xfsvub brxe-block prod-tab-key-loop\"><img loading=\"lazy\" decoding=\"async\" class=\"brxe-rtihxw brxe-image prod-feature__icon css-filter size-full\" src=\"https:\/\/ritonoptics.com\/wp-content\/uploads\/hd-glass-1.png\" alt=\"\" width=\"72\" height=\"74\" \/><\/p>\n<div class=\"brxe-anynyj brxe-div\">\n<p class=\"brxe-abizyp brxe-text-basic prod-feature__title\">Riton HD Cam<\/p>\n<p class=\"brxe-lprtvs brxe-text-basic prod-feature__txt\">Riton Y\u00fcksek Yo\u011funluklu (HD) cam, geli\u015fmi\u015f netlik ve optimum g\u00f6r\u00fc\u015f g\u00f6r\u00fcnt\u00fcs\u00fc i\u00e7in 99,5% \u0131\u015f\u0131k ge\u00e7irgenli\u011fi sa\u011flar.<\/p>\n<\/div>\n<\/div>\n<div class=\"brxe-xfsvub brxe-block prod-tab-key-loop\"><img loading=\"lazy\" decoding=\"async\" class=\"brxe-rtihxw brxe-image prod-feature__icon css-filter size-full\" src=\"https:\/\/ritonoptics.com\/wp-content\/uploads\/performance-coating-1.png\" alt=\"\" width=\"72\" height=\"74\" \/><\/p>\n<div class=\"brxe-anynyj brxe-div\">\n<p class=\"brxe-abizyp brxe-text-basic prod-feature__title\">Riton Performans Kaplama<\/p>\n<p class=\"brxe-lprtvs brxe-text-basic prod-feature__txt\">Tescilli tamamen \u00e7oklu kaplamal\u0131 lensler i\u00e7eren t\u00fcm Riton optikleri, d\u00fc\u015f\u00fck \u0131\u015f\u0131k iyile\u015ftirme, tam geni\u015f bant, \u00e7izilmeye kar\u015f\u0131 koruma ve yans\u0131ma \u00f6nleyici kaplamalara sahiptir...<\/p>\n<\/div>\n<\/div>\n<div class=\"brxe-xfsvub brxe-block prod-tab-key-loop\"><img loading=\"lazy\" decoding=\"async\" class=\"brxe-rtihxw brxe-image prod-feature__icon css-filter size-full\" src=\"https:\/\/ritonoptics.com\/wp-content\/uploads\/rugged-construction-1.png\" alt=\"\" width=\"72\" height=\"74\" \/><\/p>\n<div class=\"brxe-anynyj brxe-div\">\n<p class=\"brxe-abizyp brxe-text-basic prod-feature__title\">Riton Sa\u011flam Yap\u0131<\/p>\n<p class=\"brxe-lprtvs brxe-text-basic prod-feature__txt\">Riton Rugged Construction, 6061-T6 u\u00e7ak s\u0131n\u0131f\u0131 al\u00fcminyum, CNC ile i\u015flenmi\u015f tek par\u00e7a borular ve Tip III Sert Kaplama Eloksal uygulamas\u0131n\u0131 i\u00e7erir....<\/p>\n<\/div>\n<\/div>\n<div class=\"brxe-xfsvub brxe-block prod-tab-key-loop\"><img loading=\"lazy\" decoding=\"async\" class=\"brxe-rtihxw brxe-image prod-feature__icon css-filter size-full\" src=\"https:\/\/ritonoptics.com\/wp-content\/uploads\/airgun-approved-1.png\" alt=\"\" width=\"72\" height=\"74\" \/><\/p>\n<div class=\"brxe-anynyj brxe-div\">\n<p class=\"brxe-abizyp brxe-text-basic prod-feature__title\">Haval\u0131 T\u00fcfek Onayl\u0131<\/p>\n<p class=\"brxe-lprtvs brxe-text-basic prod-feature__txt\">Riton d\u00fcrb\u00fcnleri, dayan\u0131kl\u0131l\u0131k ve m\u00fckemmel optik netlik sunan y\u00fcksek dereceli ve haval\u0131 t\u00fcfek kullan\u0131m\u0131 i\u00e7in uygundur. E\u015fsiz geri tepmeye dayanacak \u015fekilde tasarlanm\u0131\u015ft\u0131r...<\/p>\n<h3 id=\"brxe-qzyxzy\" class=\"brxe-heading prod-tabs__title\">T\u00fcm \u00f6zellikler:<\/h3>\n<div class=\"brxe-zlpnap brxe-block prod-tab-spec-loop\">\n<p class=\"brxe-ibnnrs brxe-text-basic tab-spec__value\">B\u00fcy\u00fctme:6-24<\/p>\n<\/div>\n<div class=\"brxe-zlpnap brxe-block prod-tab-spec-loop\">\n<p class=\"brxe-ibnnrs brxe-text-basic tab-spec__value\">Paralaks Ayar\u0131:10 - sonsuzluk<\/p>\n<\/div>\n<div class=\"brxe-zlpnap brxe-block prod-tab-spec-loop\">\n<p class=\"brxe-ibnnrs brxe-text-basic tab-spec__value\">T\u00fcp \u00c7ap\u0131:30mm<\/p>\n<\/div>\n<div class=\"brxe-zlpnap brxe-block prod-tab-spec-loop\">\n<p class=\"brxe-ibnnrs brxe-text-basic tab-spec__value\">Objektif Lens \u00c7ap\u0131:50mm<\/p>\n<\/div>\n<div class=\"brxe-zlpnap brxe-block prod-tab-spec-loop\">\n<p class=\"brxe-ibnnrs brxe-text-basic tab-spec__value\">Odak D\u00fczlemi:Birinci Odak D\u00fczlemi<\/p>\n<\/div>\n<div class=\"brxe-zlpnap brxe-block prod-tab-spec-loop\">\n<p class=\"brxe-ibnnrs brxe-text-basic tab-spec__value\">Lens Kaplamas\u0131:Tam \u00c7oklu Kaplama, Tam Geni\u015f Bant, Su Ge\u00e7irmez Kaplamal\u0131, D\u00fc\u015f\u00fck I\u015f\u0131k \u0130yile\u015ftirme<\/p>\n<\/div>\n<div class=\"brxe-zlpnap brxe-block prod-tab-spec-loop\">\n<p class=\"brxe-ibnnrs brxe-text-basic tab-spec__value\">Ni\u015fangah:MPSR, Ayd\u0131nlatmal\u0131<\/p>\n<\/div>\n<div class=\"brxe-zlpnap brxe-block prod-tab-spec-loop\">\n<p class=\"brxe-ibnnrs brxe-text-basic tab-spec__value\">100 Yards'da G\u00f6r\u00fc\u015f Alan\u0131: 16,8ft - 4,4ft<\/p>\n<\/div>\n<div class=\"brxe-zlpnap brxe-block prod-tab-spec-loop\">\n<p class=\"brxe-ibnnrs brxe-text-basic tab-spec__value\">Malzeme:6061-T6<\/p>\n<\/div>\n<div class=\"brxe-zlpnap brxe-block prod-tab-spec-loop\">\n<p class=\"brxe-ibnnrs brxe-text-basic tab-spec__value\">G\u00f6z Kabartma: 3,3 in\u00e7\/85 mm<\/p>\n<\/div>\n<div class=\"brxe-zlpnap brxe-block prod-tab-spec-loop\">\n<p class=\"brxe-ibnnrs brxe-text-basic tab-spec__value\">\u00c7\u0131k\u0131\u015f G\u00f6zbebe\u011fi: D\u00fc\u015f\u00fck 8,2 mm - Y\u00fcksek 2,1 mm<\/p>\n<\/div>\n<div class=\"brxe-zlpnap brxe-block prod-tab-spec-loop\">\n<p class=\"brxe-ibnnrs brxe-text-basic tab-spec__value\">100 yardada T\u0131klama De\u011feri: 1\/10 MRAD<\/p>\n<\/div>\n<div class=\"brxe-zlpnap brxe-block prod-tab-spec-loop\">\n<p class=\"brxe-ibnnrs brxe-text-basic tab-spec__value\">Ayar Aral\u0131\u011f\u0131:18 MRAD<\/p>\n<\/div>\n<div class=\"brxe-zlpnap brxe-block prod-tab-spec-loop\">\n<p class=\"brxe-ibnnrs brxe-text-basic tab-spec__value\">Montaj Uzunlu\u011fu:6.37in\/161mm<\/p>\n<\/div>\n<div class=\"brxe-zlpnap brxe-block prod-tab-spec-loop\">\n<p class=\"brxe-ibnnrs brxe-text-basic tab-spec__value\">Uzunluk:14.17in\/360mm<\/p>\n<\/div>\n<div class=\"brxe-zlpnap brxe-block prod-tab-spec-loop\">\n<p class=\"brxe-ibnnrs brxe-text-basic tab-spec__value\">Weight:1.83lbs\/29.28oz<\/p>\n<\/div>\n<div class=\"brxe-zlpnap brxe-block prod-tab-spec-loop\">\n<p class=\"brxe-ibnnrs brxe-text-basic tab-spec__value\">Birlikte Verilen Aksesuarlar:\u00c7evirmeli Lens Kapaklar\u0131, Lens Bezi, Alyan Anahtar\u0131, Anahtarl\u0131 S\u0131f\u0131r Durdurma Burcu<\/p>\n<\/div>\n<\/div>\n<\/div>\n<\/div>\n<\/div>\n<\/div>","protected":false},"excerpt":{"rendered":"<div id=\"brxe-hxkylx\" class=\"brxe-product-short-description prod-single__txt\">\n<div class=\"woocommerce-product-details__short-description\">\n<p>Riton 3 Conquer 6-24\u00d750 ile hedefi aya\u011f\u0131n\u0131za getirin. A\u00e7\u0131k s\u0131f\u0131r durdurma taretleri, \u0131\u015f\u0131kl\u0131 retik\u00fcl ve 30 milimetrelik bir t\u00fcp \u00fczerinde hedefinizin g\u00f6rsel resmini geli\u015ftiren cam kaplamalar gibi \u00f6zellikler, bunu uzun menzilli at\u0131\u015f, avc\u0131l\u0131k ve aradaki her \u015fey i\u00e7in m\u00fckemmel bir optik haline getirir.<\/p>\n<\/div>\n<\/div>","protected":false},"featured_media":1299,"comment_status":"open","ping_status":"closed","template":"","meta":[],"etheme_brands":[{"term_id":44,"name":"Riton","slug":"riton","term_group":0,"term_taxonomy_id":44,"taxonomy":"brand","description":"","parent":0,"count":18,"filter":"raw"}],"product_brand":[],"product_cat":[49],"product_tag":[],"class_list":{"0":"post-1298","1":"product","2":"type-product","3":"status-publish","4":"has-post-thumbnail","6":"brand-riton","7":"product_cat-rifle-scopes","9":"first","10":"instock","11":"sale","12":"taxable","13":"shipping-taxable","14":"purchasable","15":"product-type-simple"},"yoast_head":"<!-- This site is optimized with the Yoast SEO Premium plugin v25.7.1 (Yoast SEO v27.4) - https:\/\/yoast.com\/product\/yoast-seo-premium-wordpress\/ -->\n<title>Riton 3 CONQUER 6-24\u00d750IR FFP - Hunter Optics<\/title>\n<meta name=\"description\" content=\"Bring the target to you with the Riton 3 Conquer 6-24\u00d750. Features like exposed zero stop turrets, an illuminated reticle.\" \/>\n<meta name=\"robots\" content=\"index, follow, max-snippet:-1, max-image-preview:large, max-video-preview:-1\" \/>\n<link rel=\"canonical\" href=\"https:\/\/hunter-optics.com\/tr\/urun\/riton-3-conquer-6-24x50ir-ffp\/\" \/>\n<meta property=\"og:locale\" content=\"tr_TR\" \/>\n<meta property=\"og:type\" content=\"article\" \/>\n<meta property=\"og:title\" content=\"Riton 3 CONQUER 6-24\u00d750IR FFP\" \/>\n<meta property=\"og:description\" content=\"Bring the target to you with the Riton 3 Conquer 6-24\u00d750. Features like exposed zero stop turrets, an illuminated reticle.\" \/>\n<meta property=\"og:url\" content=\"https:\/\/hunter-optics.com\/tr\/urun\/riton-3-conquer-6-24x50ir-ffp\/\" \/>\n<meta property=\"og:site_name\" content=\"Hunter Optics\" \/>\n<meta property=\"article:modified_time\" content=\"2025-07-24T08:53:53+00:00\" \/>\n<meta property=\"og:image\" content=\"https:\/\/hunter-optics.com\/wp-content\/uploads\/2025\/07\/Riton-3-CONQUER-6-24\u00d750.webp\" \/>\n\t<meta property=\"og:image:width\" content=\"876\" \/>\n\t<meta property=\"og:image:height\" content=\"876\" \/>\n\t<meta property=\"og:image:type\" content=\"image\/webp\" \/>\n<meta name=\"twitter:card\" content=\"summary_large_image\" \/>\n<meta name=\"twitter:label1\" content=\"Fiyat\" \/>\n\t<meta name=\"twitter:data1\" content=\"&#036;559.99\" \/>\n\t<meta name=\"twitter:label2\" content=\"Durumu\" \/>\n\t<meta name=\"twitter:data2\" content=\"Stokta var\" \/>\n<script type=\"application\/ld+json\" class=\"yoast-schema-graph\">{\"@context\":\"https:\\\/\\\/schema.org\",\"@graph\":[{\"@type\":\"WebPage\",\"@id\":\"https:\\\/\\\/hunter-optics.com\\\/product\\\/riton-3-conquer-6-24x50ir-ffp\\\/\",\"url\":\"https:\\\/\\\/hunter-optics.com\\\/product\\\/riton-3-conquer-6-24x50ir-ffp\\\/\",\"name\":\"Riton 3 CONQUER 6-24\u00d750IR FFP - Hunter Optics\",\"isPartOf\":{\"@id\":\"https:\\\/\\\/hunter-optics.com\\\/#website\"},\"primaryImageOfPage\":{\"@id\":\"https:\\\/\\\/hunter-optics.com\\\/product\\\/riton-3-conquer-6-24x50ir-ffp\\\/#primaryimage\"},\"image\":{\"@id\":\"https:\\\/\\\/hunter-optics.com\\\/product\\\/riton-3-conquer-6-24x50ir-ffp\\\/#primaryimage\"},\"thumbnailUrl\":\"https:\\\/\\\/hunter-optics.com\\\/wp-content\\\/uploads\\\/2025\\\/07\\\/Riton-3-CONQUER-6-24\u00d750.webp\",\"datePublished\":\"2025-07-03T06:53:05+00:00\",\"dateModified\":\"2025-07-24T08:53:53+00:00\",\"description\":\"Bring the target to you with the Riton 3 Conquer 6-24\u00d750. Features like exposed zero stop turrets, an illuminated reticle.\",\"breadcrumb\":{\"@id\":\"https:\\\/\\\/hunter-optics.com\\\/product\\\/riton-3-conquer-6-24x50ir-ffp\\\/#breadcrumb\"},\"inLanguage\":\"tr\",\"potentialAction\":[{\"@type\":\"ReadAction\",\"target\":[\"https:\\\/\\\/hunter-optics.com\\\/product\\\/riton-3-conquer-6-24x50ir-ffp\\\/\"]}]},{\"@type\":\"ImageObject\",\"inLanguage\":\"tr\",\"@id\":\"https:\\\/\\\/hunter-optics.com\\\/product\\\/riton-3-conquer-6-24x50ir-ffp\\\/#primaryimage\",\"url\":\"https:\\\/\\\/hunter-optics.com\\\/wp-content\\\/uploads\\\/2025\\\/07\\\/Riton-3-CONQUER-6-24\u00d750.webp\",\"contentUrl\":\"https:\\\/\\\/hunter-optics.com\\\/wp-content\\\/uploads\\\/2025\\\/07\\\/Riton-3-CONQUER-6-24\u00d750.webp\",\"width\":876,\"height\":876},{\"@type\":\"BreadcrumbList\",\"@id\":\"https:\\\/\\\/hunter-optics.com\\\/product\\\/riton-3-conquer-6-24x50ir-ffp\\\/#breadcrumb\",\"itemListElement\":[{\"@type\":\"ListItem\",\"position\":1,\"name\":\"Home\",\"item\":\"https:\\\/\\\/hunter-optics.com\\\/\"},{\"@type\":\"ListItem\",\"position\":2,\"name\":\"Products\",\"item\":\"https:\\\/\\\/hunter-optics.com\\\/shop\\\/\"},{\"@type\":\"ListItem\",\"position\":3,\"name\":\"Riton 3 CONQUER 6-24\u00d750IR FFP\"}]},{\"@type\":\"WebSite\",\"@id\":\"https:\\\/\\\/hunter-optics.com\\\/#website\",\"url\":\"https:\\\/\\\/hunter-optics.com\\\/\",\"name\":\"Hunter Optics\",\"description\":\"Hunter Optics \u2014 Your Eye on the Target.\",\"publisher\":{\"@id\":\"https:\\\/\\\/hunter-optics.com\\\/#organization\"},\"potentialAction\":[{\"@type\":\"SearchAction\",\"target\":{\"@type\":\"EntryPoint\",\"urlTemplate\":\"https:\\\/\\\/hunter-optics.com\\\/?s={search_term_string}\"},\"query-input\":{\"@type\":\"PropertyValueSpecification\",\"valueRequired\":true,\"valueName\":\"search_term_string\"}}],\"inLanguage\":\"tr\"},{\"@type\":\"Organization\",\"@id\":\"https:\\\/\\\/hunter-optics.com\\\/#organization\",\"name\":\"Hunter Optics\",\"url\":\"https:\\\/\\\/hunter-optics.com\\\/\",\"logo\":{\"@type\":\"ImageObject\",\"inLanguage\":\"tr\",\"@id\":\"https:\\\/\\\/hunter-optics.com\\\/#\\\/schema\\\/logo\\\/image\\\/\",\"url\":\"https:\\\/\\\/hunter-optics.com\\\/wp-content\\\/uploads\\\/2025\\\/06\\\/hunter-optics-logo-1.png\",\"contentUrl\":\"https:\\\/\\\/hunter-optics.com\\\/wp-content\\\/uploads\\\/2025\\\/06\\\/hunter-optics-logo-1.png\",\"width\":937,\"height\":373,\"caption\":\"Hunter Optics\"},\"image\":{\"@id\":\"https:\\\/\\\/hunter-optics.com\\\/#\\\/schema\\\/logo\\\/image\\\/\"}}]}<\/script>\n<meta property=\"product:brand\" content=\"Riton\" \/>\n<meta property=\"product:price:amount\" content=\"559.99\" \/>\n<meta property=\"product:price:currency\" content=\"USD\" \/>\n<meta property=\"og:availability\" content=\"instock\" \/>\n<meta property=\"product:availability\" content=\"instock\" \/>\n<meta property=\"product:condition\" content=\"new\" \/>\n<!-- \/ Yoast SEO Premium plugin. -->","yoast_head_json":{"title":"Riton 3 CONQUER 6-24\u00d750IR FFP - Hunter Optics","description":"Riton 3 Conquer 6-24\u00d750 ile hedefi aya\u011f\u0131n\u0131za getirin. A\u00e7\u0131k s\u0131f\u0131r durdurma taretleri, \u0131\u015f\u0131kl\u0131 retik\u00fcl gibi \u00f6zellikler.","robots":{"index":"index","follow":"follow","max-snippet":"max-snippet:-1","max-image-preview":"max-image-preview:large","max-video-preview":"max-video-preview:-1"},"canonical":"https:\/\/hunter-optics.com\/tr\/urun\/riton-3-conquer-6-24x50ir-ffp\/","og_locale":"tr_TR","og_type":"article","og_title":"Riton 3 CONQUER 6-24\u00d750IR FFP","og_description":"Bring the target to you with the Riton 3 Conquer 6-24\u00d750. Features like exposed zero stop turrets, an illuminated reticle.","og_url":"https:\/\/hunter-optics.com\/tr\/urun\/riton-3-conquer-6-24x50ir-ffp\/","og_site_name":"Hunter Optics","article_modified_time":"2025-07-24T08:53:53+00:00","og_image":[{"width":876,"height":876,"url":"https:\/\/hunter-optics.com\/wp-content\/uploads\/2025\/07\/Riton-3-CONQUER-6-24\u00d750.webp","type":"image\/webp"}],"twitter_card":"summary_large_image","twitter_misc":{"Fiyat":"&#36;559.99","Durumu":"Stokta var"},"schema":{"@context":"https:\/\/schema.org","@graph":[{"@type":"WebPage","@id":"https:\/\/hunter-optics.com\/product\/riton-3-conquer-6-24x50ir-ffp\/","url":"https:\/\/hunter-optics.com\/product\/riton-3-conquer-6-24x50ir-ffp\/","name":"Riton 3 CONQUER 6-24\u00d750IR FFP - Hunter Optics","isPartOf":{"@id":"https:\/\/hunter-optics.com\/#website"},"primaryImageOfPage":{"@id":"https:\/\/hunter-optics.com\/product\/riton-3-conquer-6-24x50ir-ffp\/#primaryimage"},"image":{"@id":"https:\/\/hunter-optics.com\/product\/riton-3-conquer-6-24x50ir-ffp\/#primaryimage"},"thumbnailUrl":"https:\/\/hunter-optics.com\/wp-content\/uploads\/2025\/07\/Riton-3-CONQUER-6-24\u00d750.webp","datePublished":"2025-07-03T06:53:05+00:00","dateModified":"2025-07-24T08:53:53+00:00","description":"Riton 3 Conquer 6-24\u00d750 ile hedefi aya\u011f\u0131n\u0131za getirin. A\u00e7\u0131k s\u0131f\u0131r durdurma taretleri, \u0131\u015f\u0131kl\u0131 retik\u00fcl gibi \u00f6zellikler.","breadcrumb":{"@id":"https:\/\/hunter-optics.com\/product\/riton-3-conquer-6-24x50ir-ffp\/#breadcrumb"},"inLanguage":"tr","potentialAction":[{"@type":"ReadAction","target":["https:\/\/hunter-optics.com\/product\/riton-3-conquer-6-24x50ir-ffp\/"]}]},{"@type":"ImageObject","inLanguage":"tr","@id":"https:\/\/hunter-optics.com\/product\/riton-3-conquer-6-24x50ir-ffp\/#primaryimage","url":"https:\/\/hunter-optics.com\/wp-content\/uploads\/2025\/07\/Riton-3-CONQUER-6-24\u00d750.webp","contentUrl":"https:\/\/hunter-optics.com\/wp-content\/uploads\/2025\/07\/Riton-3-CONQUER-6-24\u00d750.webp","width":876,"height":876},{"@type":"BreadcrumbList","@id":"https:\/\/hunter-optics.com\/product\/riton-3-conquer-6-24x50ir-ffp\/#breadcrumb","itemListElement":[{"@type":"ListItem","position":1,"name":"Home","item":"https:\/\/hunter-optics.com\/"},{"@type":"ListItem","position":2,"name":"Products","item":"https:\/\/hunter-optics.com\/shop\/"},{"@type":"ListItem","position":3,"name":"Riton 3 CONQUER 6-24\u00d750IR FFP"}]},{"@type":"WebSite","@id":"https:\/\/hunter-optics.com\/#website","url":"https:\/\/hunter-optics.com\/","name":"Avc\u0131 Optikleri","description":"Avc\u0131 Opti\u011fi - G\u00f6z\u00fcn\u00fcz Hedefte.","publisher":{"@id":"https:\/\/hunter-optics.com\/#organization"},"potentialAction":[{"@type":"SearchAction","target":{"@type":"EntryPoint","urlTemplate":"https:\/\/hunter-optics.com\/?s={search_term_string}"},"query-input":{"@type":"PropertyValueSpecification","valueRequired":true,"valueName":"search_term_string"}}],"inLanguage":"tr"},{"@type":"Organization","@id":"https:\/\/hunter-optics.com\/#organization","name":"Avc\u0131 Optikleri","url":"https:\/\/hunter-optics.com\/","logo":{"@type":"ImageObject","inLanguage":"tr","@id":"https:\/\/hunter-optics.com\/#\/schema\/logo\/image\/","url":"https:\/\/hunter-optics.com\/wp-content\/uploads\/2025\/06\/hunter-optics-logo-1.png","contentUrl":"https:\/\/hunter-optics.com\/wp-content\/uploads\/2025\/06\/hunter-optics-logo-1.png","width":937,"height":373,"caption":"Hunter Optics"},"image":{"@id":"https:\/\/hunter-optics.com\/#\/schema\/logo\/image\/"}}]},"product_brand":"Riton","product_price_amount":"559.99","product_price_currency":"USD","og_availability":"instock","product_availability":"instock","product_condition":"new"},"_links":{"self":[{"href":"https:\/\/hunter-optics.com\/tr\/wp-json\/wp\/v2\/product\/1298","targetHints":{"allow":["GET"]}}],"collection":[{"href":"https:\/\/hunter-optics.com\/tr\/wp-json\/wp\/v2\/product"}],"about":[{"href":"https:\/\/hunter-optics.com\/tr\/wp-json\/wp\/v2\/types\/product"}],"replies":[{"embeddable":true,"href":"https:\/\/hunter-optics.com\/tr\/wp-json\/wp\/v2\/comments?post=1298"}],"version-history":[{"count":2,"href":"https:\/\/hunter-optics.com\/tr\/wp-json\/wp\/v2\/product\/1298\/revisions"}],"predecessor-version":[{"id":1325,"href":"https:\/\/hunter-optics.com\/tr\/wp-json\/wp\/v2\/product\/1298\/revisions\/1325"}],"wp:featuredmedia":[{"embeddable":true,"href":"https:\/\/hunter-optics.com\/tr\/wp-json\/wp\/v2\/media\/1299"}],"wp:attachment":[{"href":"https:\/\/hunter-optics.com\/tr\/wp-json\/wp\/v2\/media?parent=1298"}],"wp:term":[{"taxonomy":"brand","embeddable":true,"href":"https:\/\/hunter-optics.com\/tr\/wp-json\/wp\/v2\/etheme_brands?post=1298"},{"taxonomy":"product_brand","embeddable":true,"href":"https:\/\/hunter-optics.com\/tr\/wp-json\/wp\/v2\/product_brand?post=1298"},{"taxonomy":"product_cat","embeddable":true,"href":"https:\/\/hunter-optics.com\/tr\/wp-json\/wp\/v2\/product_cat?post=1298"},{"taxonomy":"product_tag","embeddable":true,"href":"https:\/\/hunter-optics.com\/tr\/wp-json\/wp\/v2\/product_tag?post=1298"}],"curies":[{"name":"wp","href":"https:\/\/api.w.org\/{rel}","templated":true}]}}