{"id":1246,"date":"2025-07-03T02:53:12","date_gmt":"2025-07-03T02:53:12","guid":{"rendered":"https:\/\/hunter-optics.com\/?post_type=product&#038;p=1246"},"modified":"2025-07-24T08:53:25","modified_gmt":"2025-07-24T08:53:25","slug":"riton-3-tactix-1-8x24-blk","status":"publish","type":"product","link":"https:\/\/hunter-optics.com\/tr\/urun\/riton-3-tactix-1-8x24-blk\/","title":{"rendered":"Riton 3 TACTIX 1-8\u00d724 BLK"},"content":{"rendered":"<h3 id=\"brxe-wmwgnk\" class=\"brxe-heading h4\">HAZIR OLUN - UYARLANABILIR KALIN<\/h3>\n<div id=\"brxe-hqsamv\" class=\"brxe-text-basic tir-video__subtitle\">3 TACTIX 1-8\u00d724<\/div>\n<div id=\"brxe-uenhta\" class=\"brxe-text prod-video__txt\">\n<p><strong>T\u00dcM ARALIKLARIN \u015eAMPIYONU<\/strong><\/p>\n<p>Bu\u00a0<strong>3 Tactix 1-8\u00d724 LPVO<\/strong>\u00a0Hem yak\u0131n hem de uzak hedeflerde m\u00fckemmeldir. \u0130ster yak\u0131n mesafelerdeki hedefleri h\u0131zl\u0131 bir \u015fekilde indirmeniz gerekse de biraz mesafeli bir hedefe at\u0131\u015f yapmak i\u00e7in biraz zaman\u0131n\u0131z olmas\u0131 gerekiyorsa, 3 Tactix 1-8\u00d724'\u00fcn CQB ve uzun menzil yeteneklerinin sizin i\u00e7in oldu\u011fundan emin olabilirsiniz.<\/p>\n<p><strong>HER KO\u015eULDA HIZLI B\u00dcY\u00dcTME<\/strong><\/p>\n<p>3 Tactix 1-8, Riton'un patent bekleyen \u00c7ift At\u0131\u015f Kolu Sistemine sahiptir ve hedefe ula\u015fmak i\u00e7in b\u00fcy\u00fctme seviyelerini h\u0131zla de\u011fi\u015ftirmeniz gereken uygulamalar i\u00e7in m\u00fckemmeldir. F\u0131rlatma kolunu konumland\u0131rmak i\u00e7in birden fazla konum ve aralar\u0131ndan se\u00e7im yapabilece\u011finiz birden fazla y\u00fckseklik ile kurulumunuzu nas\u0131l ate\u015f etmeyi sevdi\u011finize uyacak \u015fekilde \u00f6zelle\u015ftirebilirsiniz. \u0130ster a\u011f\u0131rl\u0131ktan tasarruf etmek ve d\u00fc\u015f\u00fck profili korumak isteyin, isterse b\u00fcy\u00fctme oran\u0131n\u0131z\u0131 eldivenli ellerle veya kaygan ya da \u0131slak ko\u015fullarda kullanabilmeniz gerekiyor olsun, \u00c7ift At\u0131\u015fl\u0131 Kol Sistemi ihtiyac\u0131n\u0131z olan mod\u00fclerli\u011fi ve \u00f6zelle\u015ftirmeyi sunar.<\/p>\n<p><strong>SONA ERMEK \u0130\u00c7\u0130N YAPILDI<\/strong><\/p>\n<p>Riton\u00a0<strong>3 Tactix 1-8\u00d724<\/strong>, Hassasiyeti korurken elementlerle, \u015fokla ve aradaki her \u015feyle ba\u015fa \u00e7\u0131kmak i\u00e7in \u00fcretilmi\u015ftir. 6061-T6 u\u00e7ak s\u0131n\u0131f\u0131 al\u00fcminyumdan \u00fcretilen 1-8, dayan\u0131kl\u0131l\u0131k g\u00f6z \u00f6n\u00fcnde bulundurularak ve kar\u015f\u0131la\u015fabilece\u011finiz her t\u00fcrl\u00fc ko\u015fula dayanacak \u015fekilde \u00fcretilmi\u015ftir. T\u00fcm Riton d\u00fcrb\u00fcnleri gibi 3 Tactix 1-8 de 1.200 Gs'ye kadar darbe testine tabi tutulmu\u015ftur, haval\u0131 t\u00fcfek s\u0131n\u0131f\u0131ndad\u0131r ve Riton S\u0131n\u0131rl\u0131 \u00d6m\u00fcr Boyu Garanti ile desteklenmektedir. Uygulaman\u0131z ne olursa olsun, Riton 3 Tactix 1-8\u00d724 performanstan \u00f6d\u00fcn vermeden dayanacak \u015fekilde \u00fcretilmi\u015ftir.<\/p>\n<h3 id=\"brxe-ztlivr\" class=\"brxe-heading prod-tabs__title\">Retina Bilgileri:<\/h3>\n<p id=\"brxe-grjall\" class=\"brxe-text-basic prod-reticle-name\">RETICLE: OT<\/p>\n<div id=\"brxe-rkyybx\" class=\"brxe-text-basic prod-ret__txt\">\n<p>Bu\u00a0<strong>OT retik\u00fcl\u00fc<\/strong>\u00a0taktik uygulamalar i\u00e7in m\u00fckemmeldir ve avc\u0131l\u0131k i\u00e7in uyarlanabilir. Ayd\u0131nlatmal\u0131 tasar\u0131m\u0131 her ko\u015fulda g\u00f6r\u00fcn\u00fcrl\u00fc\u011f\u00fc art\u0131r\u0131rken, ayr\u0131nt\u0131l\u0131 tutu\u015flar farkl\u0131 mesafelerde h\u0131zl\u0131 ve isabetli at\u0131\u015flara olanak tan\u0131yarak hem yak\u0131n hem de uzun menzilli \u00e7at\u0131\u015fmalarda tutarl\u0131 performans sa\u011flar.<\/p>\n<h3 id=\"brxe-qcmket\" class=\"brxe-heading prod-tabs__title\">Temel \u00d6zellikler:<\/h3>\n<div id=\"brxe-pnyzeh\" class=\"brxe-block prod-tab-feature\">\n<div class=\"brxe-xfsvub brxe-block prod-tab-key-loop\"><img loading=\"lazy\" decoding=\"async\" class=\"brxe-rtihxw brxe-image prod-feature__icon css-filter size-full\" src=\"https:\/\/ritonoptics.com\/wp-content\/uploads\/dry-nitrogen-purged-and-sealed-1.png\" alt=\"\" width=\"72\" height=\"74\" \/><\/p>\n<div class=\"brxe-anynyj brxe-div\">\n<p class=\"brxe-abizyp brxe-text-basic prod-feature__title\">Kuru Azotla Temizlenmi\u015f ve M\u00fch\u00fcrlenmi\u015f<\/p>\n<p class=\"brxe-lprtvs brxe-text-basic prod-feature__txt\">Azot gaz\u0131 kullan\u0131larak optik temizlenir ve m\u00fch\u00fcrlenir, b\u00f6ylece cihaz\u0131n \u00f6mr\u00fc boyunca t\u00fcm hava ko\u015fullar\u0131nda optimum performans sa\u011flan\u0131r...<\/p>\n<\/div>\n<\/div>\n<div class=\"brxe-xfsvub brxe-block prod-tab-key-loop\"><img loading=\"lazy\" decoding=\"async\" class=\"brxe-rtihxw brxe-image prod-feature__icon css-filter size-full\" src=\"https:\/\/ritonoptics.com\/wp-content\/uploads\/precision-quality-1.png\" alt=\"\" width=\"72\" height=\"74\" \/><\/p>\n<div class=\"brxe-anynyj brxe-div\">\n<p class=\"brxe-abizyp brxe-text-basic prod-feature__title\">Hassas Kalite G\u00fcvencesi<\/p>\n<p class=\"brxe-lprtvs brxe-text-basic prod-feature__txt\">Her Riton \u00fcr\u00fcn\u00fc, Tucson, AZ'deki sertifikal\u0131 teknisyenler taraf\u0131ndan titiz bir kalite kontrol s\u00fcrecinden ge\u00e7er. Ald\u0131\u011f\u0131n\u0131z her \u00fcr\u00fcn...<\/p>\n<\/div>\n<\/div>\n<div class=\"brxe-xfsvub brxe-block prod-tab-key-loop\"><img loading=\"lazy\" decoding=\"async\" class=\"brxe-rtihxw brxe-image prod-feature__icon css-filter size-full\" src=\"https:\/\/ritonoptics.com\/wp-content\/uploads\/hd-glass-1.png\" alt=\"\" width=\"72\" height=\"74\" \/><\/p>\n<div class=\"brxe-anynyj brxe-div\">\n<p class=\"brxe-abizyp brxe-text-basic prod-feature__title\">Riton HD Cam<\/p>\n<p class=\"brxe-lprtvs brxe-text-basic prod-feature__txt\">Riton Y\u00fcksek Yo\u011funluklu (HD) cam, geli\u015fmi\u015f netlik ve optimum g\u00f6r\u00fc\u015f g\u00f6r\u00fcnt\u00fcs\u00fc i\u00e7in 99,5% \u0131\u015f\u0131k ge\u00e7irgenli\u011fi sa\u011flar.<\/p>\n<\/div>\n<\/div>\n<div class=\"brxe-xfsvub brxe-block prod-tab-key-loop\"><img loading=\"lazy\" decoding=\"async\" class=\"brxe-rtihxw brxe-image prod-feature__icon css-filter size-full\" src=\"https:\/\/ritonoptics.com\/wp-content\/uploads\/performance-coating-1.png\" alt=\"\" width=\"72\" height=\"74\" \/><\/p>\n<div class=\"brxe-anynyj brxe-div\">\n<p class=\"brxe-abizyp brxe-text-basic prod-feature__title\">Riton Performans Kaplama<\/p>\n<p class=\"brxe-lprtvs brxe-text-basic prod-feature__txt\">Tescilli tamamen \u00e7oklu kaplamal\u0131 lensler i\u00e7eren t\u00fcm Riton optikleri, d\u00fc\u015f\u00fck \u0131\u015f\u0131k iyile\u015ftirme, tam geni\u015f bant, \u00e7izilmeye kar\u015f\u0131 koruma ve yans\u0131ma \u00f6nleyici kaplamalara sahiptir...<\/p>\n<\/div>\n<\/div>\n<div class=\"brxe-xfsvub brxe-block prod-tab-key-loop\"><img loading=\"lazy\" decoding=\"async\" class=\"brxe-rtihxw brxe-image prod-feature__icon css-filter size-full\" src=\"https:\/\/ritonoptics.com\/wp-content\/uploads\/rugged-construction-1.png\" alt=\"\" width=\"72\" height=\"74\" \/><\/p>\n<div class=\"brxe-anynyj brxe-div\">\n<p class=\"brxe-abizyp brxe-text-basic prod-feature__title\">Riton Sa\u011flam Yap\u0131<\/p>\n<p class=\"brxe-lprtvs brxe-text-basic prod-feature__txt\">Riton Rugged Construction, 6061-T6 u\u00e7ak s\u0131n\u0131f\u0131 al\u00fcminyum, CNC ile i\u015flenmi\u015f tek par\u00e7a borular ve Tip III Sert Kaplama Eloksal uygulamas\u0131n\u0131 i\u00e7erir....<\/p>\n<\/div>\n<\/div>\n<div class=\"brxe-xfsvub brxe-block prod-tab-key-loop\"><img loading=\"lazy\" decoding=\"async\" class=\"brxe-rtihxw brxe-image prod-feature__icon css-filter size-full\" src=\"https:\/\/ritonoptics.com\/wp-content\/uploads\/airgun-approved-1.png\" alt=\"\" width=\"72\" height=\"74\" \/><\/p>\n<div class=\"brxe-anynyj brxe-div\">\n<p class=\"brxe-abizyp brxe-text-basic prod-feature__title\">Haval\u0131 T\u00fcfek Onayl\u0131<\/p>\n<p class=\"brxe-lprtvs brxe-text-basic prod-feature__txt\">Riton d\u00fcrb\u00fcnleri, dayan\u0131kl\u0131l\u0131k ve m\u00fckemmel optik netlik sunan y\u00fcksek dereceli ve haval\u0131 t\u00fcfek kullan\u0131m\u0131 i\u00e7in uygundur. E\u015fsiz geri tepmeye dayanacak \u015fekilde tasarlanm\u0131\u015ft\u0131r...<\/p>\n<h3 id=\"brxe-qzyxzy\" class=\"brxe-heading prod-tabs__title\">T\u00fcm \u00f6zellikler:<\/h3>\n<div class=\"brxe-zlpnap brxe-block prod-tab-spec-loop\">\n<p class=\"brxe-ibnnrs brxe-text-basic tab-spec__value\">B\u00fcy\u00fctme:1-8<\/p>\n<\/div>\n<div class=\"brxe-zlpnap brxe-block prod-tab-spec-loop\">\n<p class=\"brxe-ibnnrs brxe-text-basic tab-spec__value\">Paralaks Ayar\u0131:100 yardada sabit<\/p>\n<\/div>\n<div class=\"brxe-zlpnap brxe-block prod-tab-spec-loop\">\n<p class=\"brxe-ibnnrs brxe-text-basic tab-spec__value\">T\u00fcp \u00c7ap\u0131:30mm<\/p>\n<\/div>\n<div class=\"brxe-zlpnap brxe-block prod-tab-spec-loop\">\n<p class=\"brxe-ibnnrs brxe-text-basic tab-spec__value\">Objektif Lens \u00c7ap\u0131:24mm<\/p>\n<\/div>\n<div class=\"brxe-zlpnap brxe-block prod-tab-spec-loop\">\n<p class=\"brxe-ibnnrs brxe-text-basic tab-spec__value\">Odak D\u00fczlemi:\u0130kinci Odak D\u00fczlemi<\/p>\n<\/div>\n<div class=\"brxe-zlpnap brxe-block prod-tab-spec-loop\">\n<p class=\"brxe-ibnnrs brxe-text-basic tab-spec__value\">Lens Kaplamas\u0131:Tam \u00c7oklu Kaplama, Tam Geni\u015f Bant, Su Ge\u00e7irmez Kaplamal\u0131, D\u00fc\u015f\u00fck I\u015f\u0131k \u0130yile\u015ftirme<\/p>\n<\/div>\n<div class=\"brxe-zlpnap brxe-block prod-tab-spec-loop\">\n<p class=\"brxe-ibnnrs brxe-text-basic tab-spec__value\">Ni\u015fangah:OT, Ayd\u0131nlatmal\u0131<\/p>\n<\/div>\n<div class=\"brxe-zlpnap brxe-block prod-tab-spec-loop\">\n<p class=\"brxe-ibnnrs brxe-text-basic tab-spec__value\">100 Yards'da G\u00f6r\u00fc\u015f Alan\u0131: 105,8ft - 13,1ft<\/p>\n<\/div>\n<div class=\"brxe-zlpnap brxe-block prod-tab-spec-loop\">\n<p class=\"brxe-ibnnrs brxe-text-basic tab-spec__value\">Malzeme:6061-T6<\/p>\n<\/div>\n<div class=\"brxe-zlpnap brxe-block prod-tab-spec-loop\">\n<p class=\"brxe-ibnnrs brxe-text-basic tab-spec__value\">G\u00f6z Kabartma: 3,5 in\u00e7\/90 mm<\/p>\n<\/div>\n<div class=\"brxe-zlpnap brxe-block prod-tab-spec-loop\">\n<p class=\"brxe-ibnnrs brxe-text-basic tab-spec__value\">\u00c7\u0131k\u0131\u015f G\u00f6zbebe\u011fi: D\u00fc\u015f\u00fck 7,5 mm - Y\u00fcksek 3 mm<\/p>\n<\/div>\n<div class=\"brxe-zlpnap brxe-block prod-tab-spec-loop\">\n<p class=\"brxe-ibnnrs brxe-text-basic tab-spec__value\">100 yardada T\u0131klama De\u011feri: 1\/2 MOA<\/p>\n<\/div>\n<div class=\"brxe-zlpnap brxe-block prod-tab-spec-loop\">\n<p class=\"brxe-ibnnrs brxe-text-basic tab-spec__value\">Ayar Aral\u0131\u011f\u0131:120 MOA<\/p>\n<\/div>\n<div class=\"brxe-zlpnap brxe-block prod-tab-spec-loop\">\n<p class=\"brxe-ibnnrs brxe-text-basic tab-spec__value\">Montaj Uzunlu\u011fu:6.75in\/171mm<\/p>\n<\/div>\n<div class=\"brxe-zlpnap brxe-block prod-tab-spec-loop\">\n<p class=\"brxe-ibnnrs brxe-text-basic tab-spec__value\">Uzunluk:10.83in\/275mm<\/p>\n<\/div>\n<div class=\"brxe-zlpnap brxe-block prod-tab-spec-loop\">\n<p class=\"brxe-ibnnrs brxe-text-basic tab-spec__value\">A\u011f\u0131rl\u0131k:1.6lbs\/25.6oz<\/p>\n<\/div>\n<div class=\"brxe-zlpnap brxe-block prod-tab-spec-loop\">\n<p class=\"brxe-ibnnrs brxe-text-basic tab-spec__value\">Birlikte Verilen Aksesuarlar:\u00c7evirmeli Lens Kapaklar\u0131, Lens Bezi, Alyan Anahtar\u0131<\/p>\n<\/div>\n<\/div>\n<\/div>\n<\/div>\n<\/div>\n<\/div>","protected":false},"excerpt":{"rendered":"<div id=\"brxe-hxkylx\" class=\"brxe-product-short-description prod-single__txt\">\n<div class=\"woocommerce-product-details__short-description\">\n<p>Bu\u00a0<strong>Riton 3 Tactix 1-8\u00d724 LPVO<\/strong> (d\u00fc\u015f\u00fck g\u00fc\u00e7l\u00fc de\u011fi\u015fken optik) \u00e7ok \u00e7e\u015fitli t\u00fcfekler i\u00e7in nihai optik \u00e7\u00f6z\u00fcmd\u00fcr. \u00c7ok ama\u00e7l\u0131 modern bir spor t\u00fcfe\u011finden, s\u0131k siperlerde avlanmak i\u00e7in kulland\u0131\u011f\u0131n\u0131z manivelal\u0131 t\u00fcfe\u011fe kadar. D\u00fc\u015f\u00fck b\u00fcy\u00fctme seviyelerinde k\u0131rm\u0131z\u0131 noktaya benzer \u015fekilde hareket eden ikinci bir odak d\u00fczlemi retik\u00fcl\u00fc ile daha y\u00fcksek b\u00fcy\u00fctme seviyelerinde uzun menzilli bir canavara sahip olan bu optik, ev savunmas\u0131ndan avlanmaya ve neredeyse aradaki her \u015feye kadar her uygulamaya uyar.<\/p>\n<\/div>\n<\/div>","protected":false},"featured_media":1247,"comment_status":"open","ping_status":"closed","template":"","meta":[],"etheme_brands":[{"term_id":44,"name":"Riton","slug":"riton","term_group":0,"term_taxonomy_id":44,"taxonomy":"brand","description":"","parent":0,"count":18,"filter":"raw"}],"product_brand":[],"product_cat":[49],"product_tag":[],"class_list":{"0":"post-1246","1":"product","2":"type-product","3":"status-publish","4":"has-post-thumbnail","6":"brand-riton","7":"product_cat-rifle-scopes","9":"first","10":"instock","11":"sale","12":"taxable","13":"shipping-taxable","14":"purchasable","15":"product-type-simple"},"yoast_head":"<!-- This site is optimized with the Yoast SEO Premium plugin v25.7.1 (Yoast SEO v27.4) - https:\/\/yoast.com\/product\/yoast-seo-premium-wordpress\/ -->\n<title>Riton 3 TACTIX 1-8\u00d724 BLK - Hunter Optics<\/title>\n<meta name=\"robots\" content=\"index, follow, max-snippet:-1, max-image-preview:large, max-video-preview:-1\" \/>\n<link rel=\"canonical\" href=\"https:\/\/hunter-optics.com\/tr\/urun\/riton-3-tactix-1-8x24-blk\/\" \/>\n<meta property=\"og:locale\" content=\"tr_TR\" \/>\n<meta property=\"og:type\" content=\"article\" \/>\n<meta property=\"og:title\" content=\"Riton 3 TACTIX 1-8\u00d724 BLK\" \/>\n<meta property=\"og:description\" content=\"The\u00a0Riton 3 Tactix 1-8\u00d724 LPVO (low power variable optic) is the ultimate optical solution for a wide array of rifles. From a multipurpose modern sporting rifle, to that lever gun you use to hunt in dense cover. With a second focal plane reticle that acts similar to a red dot on low magnification levels, to a long range beast on higher magnification levels, this optic fits every application from home defense to hunting and virtually everything in between.\" \/>\n<meta property=\"og:url\" content=\"https:\/\/hunter-optics.com\/tr\/urun\/riton-3-tactix-1-8x24-blk\/\" \/>\n<meta property=\"og:site_name\" content=\"Hunter Optics\" \/>\n<meta property=\"article:modified_time\" content=\"2025-07-24T08:53:25+00:00\" \/>\n<meta property=\"og:image\" content=\"https:\/\/hunter-optics.com\/wp-content\/uploads\/2025\/07\/3-Tactix-1-8x24-Black-Angled.webp\" \/>\n\t<meta property=\"og:image:width\" content=\"876\" \/>\n\t<meta property=\"og:image:height\" content=\"876\" \/>\n\t<meta property=\"og:image:type\" content=\"image\/webp\" \/>\n<meta name=\"twitter:card\" content=\"summary_large_image\" \/>\n<meta name=\"twitter:label1\" content=\"Fiyat\" \/>\n\t<meta name=\"twitter:data1\" content=\"&#036;469.99\" \/>\n\t<meta name=\"twitter:label2\" content=\"Durumu\" \/>\n\t<meta name=\"twitter:data2\" content=\"Stokta var\" \/>\n<script type=\"application\/ld+json\" class=\"yoast-schema-graph\">{\"@context\":\"https:\\\/\\\/schema.org\",\"@graph\":[{\"@type\":\"WebPage\",\"@id\":\"https:\\\/\\\/hunter-optics.com\\\/product\\\/riton-3-tactix-1-8x24-blk\\\/\",\"url\":\"https:\\\/\\\/hunter-optics.com\\\/product\\\/riton-3-tactix-1-8x24-blk\\\/\",\"name\":\"Riton 3 TACTIX 1-8\u00d724 BLK - Hunter Optics\",\"isPartOf\":{\"@id\":\"https:\\\/\\\/hunter-optics.com\\\/#website\"},\"primaryImageOfPage\":{\"@id\":\"https:\\\/\\\/hunter-optics.com\\\/product\\\/riton-3-tactix-1-8x24-blk\\\/#primaryimage\"},\"image\":{\"@id\":\"https:\\\/\\\/hunter-optics.com\\\/product\\\/riton-3-tactix-1-8x24-blk\\\/#primaryimage\"},\"thumbnailUrl\":\"https:\\\/\\\/hunter-optics.com\\\/wp-content\\\/uploads\\\/2025\\\/07\\\/3-Tactix-1-8x24-Black-Angled.webp\",\"datePublished\":\"2025-07-03T02:53:12+00:00\",\"dateModified\":\"2025-07-24T08:53:25+00:00\",\"breadcrumb\":{\"@id\":\"https:\\\/\\\/hunter-optics.com\\\/product\\\/riton-3-tactix-1-8x24-blk\\\/#breadcrumb\"},\"inLanguage\":\"tr\",\"potentialAction\":[{\"@type\":\"ReadAction\",\"target\":[\"https:\\\/\\\/hunter-optics.com\\\/product\\\/riton-3-tactix-1-8x24-blk\\\/\"]}]},{\"@type\":\"ImageObject\",\"inLanguage\":\"tr\",\"@id\":\"https:\\\/\\\/hunter-optics.com\\\/product\\\/riton-3-tactix-1-8x24-blk\\\/#primaryimage\",\"url\":\"https:\\\/\\\/hunter-optics.com\\\/wp-content\\\/uploads\\\/2025\\\/07\\\/3-Tactix-1-8x24-Black-Angled.webp\",\"contentUrl\":\"https:\\\/\\\/hunter-optics.com\\\/wp-content\\\/uploads\\\/2025\\\/07\\\/3-Tactix-1-8x24-Black-Angled.webp\",\"width\":876,\"height\":876},{\"@type\":\"BreadcrumbList\",\"@id\":\"https:\\\/\\\/hunter-optics.com\\\/product\\\/riton-3-tactix-1-8x24-blk\\\/#breadcrumb\",\"itemListElement\":[{\"@type\":\"ListItem\",\"position\":1,\"name\":\"Home\",\"item\":\"https:\\\/\\\/hunter-optics.com\\\/\"},{\"@type\":\"ListItem\",\"position\":2,\"name\":\"Products\",\"item\":\"https:\\\/\\\/hunter-optics.com\\\/shop\\\/\"},{\"@type\":\"ListItem\",\"position\":3,\"name\":\"Riton 3 TACTIX 1-8\u00d724 BLK\"}]},{\"@type\":\"WebSite\",\"@id\":\"https:\\\/\\\/hunter-optics.com\\\/#website\",\"url\":\"https:\\\/\\\/hunter-optics.com\\\/\",\"name\":\"Hunter Optics\",\"description\":\"Hunter Optics \u2014 Your Eye on the Target.\",\"publisher\":{\"@id\":\"https:\\\/\\\/hunter-optics.com\\\/#organization\"},\"potentialAction\":[{\"@type\":\"SearchAction\",\"target\":{\"@type\":\"EntryPoint\",\"urlTemplate\":\"https:\\\/\\\/hunter-optics.com\\\/?s={search_term_string}\"},\"query-input\":{\"@type\":\"PropertyValueSpecification\",\"valueRequired\":true,\"valueName\":\"search_term_string\"}}],\"inLanguage\":\"tr\"},{\"@type\":\"Organization\",\"@id\":\"https:\\\/\\\/hunter-optics.com\\\/#organization\",\"name\":\"Hunter Optics\",\"url\":\"https:\\\/\\\/hunter-optics.com\\\/\",\"logo\":{\"@type\":\"ImageObject\",\"inLanguage\":\"tr\",\"@id\":\"https:\\\/\\\/hunter-optics.com\\\/#\\\/schema\\\/logo\\\/image\\\/\",\"url\":\"https:\\\/\\\/hunter-optics.com\\\/wp-content\\\/uploads\\\/2025\\\/06\\\/hunter-optics-logo-1.png\",\"contentUrl\":\"https:\\\/\\\/hunter-optics.com\\\/wp-content\\\/uploads\\\/2025\\\/06\\\/hunter-optics-logo-1.png\",\"width\":937,\"height\":373,\"caption\":\"Hunter Optics\"},\"image\":{\"@id\":\"https:\\\/\\\/hunter-optics.com\\\/#\\\/schema\\\/logo\\\/image\\\/\"}}]}<\/script>\n<meta property=\"product:brand\" content=\"Riton\" \/>\n<meta property=\"product:price:amount\" content=\"469.99\" \/>\n<meta property=\"product:price:currency\" content=\"USD\" \/>\n<meta property=\"og:availability\" content=\"instock\" \/>\n<meta property=\"product:availability\" content=\"instock\" \/>\n<meta property=\"product:condition\" content=\"new\" \/>\n<!-- \/ Yoast SEO Premium plugin. -->","yoast_head_json":{"title":"Riton 3 TACTIX 1-8\u00d724 BLK - Hunter Optics","robots":{"index":"index","follow":"follow","max-snippet":"max-snippet:-1","max-image-preview":"max-image-preview:large","max-video-preview":"max-video-preview:-1"},"canonical":"https:\/\/hunter-optics.com\/tr\/urun\/riton-3-tactix-1-8x24-blk\/","og_locale":"tr_TR","og_type":"article","og_title":"Riton 3 TACTIX 1-8\u00d724 BLK","og_description":"The\u00a0Riton 3 Tactix 1-8\u00d724 LPVO (low power variable optic) is the ultimate optical solution for a wide array of rifles. From a multipurpose modern sporting rifle, to that lever gun you use to hunt in dense cover. With a second focal plane reticle that acts similar to a red dot on low magnification levels, to a long range beast on higher magnification levels, this optic fits every application from home defense to hunting and virtually everything in between.","og_url":"https:\/\/hunter-optics.com\/tr\/urun\/riton-3-tactix-1-8x24-blk\/","og_site_name":"Hunter Optics","article_modified_time":"2025-07-24T08:53:25+00:00","og_image":[{"width":876,"height":876,"url":"https:\/\/hunter-optics.com\/wp-content\/uploads\/2025\/07\/3-Tactix-1-8x24-Black-Angled.webp","type":"image\/webp"}],"twitter_card":"summary_large_image","twitter_misc":{"Fiyat":"&#36;469.99","Durumu":"Stokta var"},"schema":{"@context":"https:\/\/schema.org","@graph":[{"@type":"WebPage","@id":"https:\/\/hunter-optics.com\/product\/riton-3-tactix-1-8x24-blk\/","url":"https:\/\/hunter-optics.com\/product\/riton-3-tactix-1-8x24-blk\/","name":"Riton 3 TACTIX 1-8\u00d724 BLK - Hunter Optics","isPartOf":{"@id":"https:\/\/hunter-optics.com\/#website"},"primaryImageOfPage":{"@id":"https:\/\/hunter-optics.com\/product\/riton-3-tactix-1-8x24-blk\/#primaryimage"},"image":{"@id":"https:\/\/hunter-optics.com\/product\/riton-3-tactix-1-8x24-blk\/#primaryimage"},"thumbnailUrl":"https:\/\/hunter-optics.com\/wp-content\/uploads\/2025\/07\/3-Tactix-1-8x24-Black-Angled.webp","datePublished":"2025-07-03T02:53:12+00:00","dateModified":"2025-07-24T08:53:25+00:00","breadcrumb":{"@id":"https:\/\/hunter-optics.com\/product\/riton-3-tactix-1-8x24-blk\/#breadcrumb"},"inLanguage":"tr","potentialAction":[{"@type":"ReadAction","target":["https:\/\/hunter-optics.com\/product\/riton-3-tactix-1-8x24-blk\/"]}]},{"@type":"ImageObject","inLanguage":"tr","@id":"https:\/\/hunter-optics.com\/product\/riton-3-tactix-1-8x24-blk\/#primaryimage","url":"https:\/\/hunter-optics.com\/wp-content\/uploads\/2025\/07\/3-Tactix-1-8x24-Black-Angled.webp","contentUrl":"https:\/\/hunter-optics.com\/wp-content\/uploads\/2025\/07\/3-Tactix-1-8x24-Black-Angled.webp","width":876,"height":876},{"@type":"BreadcrumbList","@id":"https:\/\/hunter-optics.com\/product\/riton-3-tactix-1-8x24-blk\/#breadcrumb","itemListElement":[{"@type":"ListItem","position":1,"name":"Home","item":"https:\/\/hunter-optics.com\/"},{"@type":"ListItem","position":2,"name":"Products","item":"https:\/\/hunter-optics.com\/shop\/"},{"@type":"ListItem","position":3,"name":"Riton 3 TACTIX 1-8\u00d724 BLK"}]},{"@type":"WebSite","@id":"https:\/\/hunter-optics.com\/#website","url":"https:\/\/hunter-optics.com\/","name":"Avc\u0131 Optikleri","description":"Avc\u0131 Opti\u011fi - G\u00f6z\u00fcn\u00fcz Hedefte.","publisher":{"@id":"https:\/\/hunter-optics.com\/#organization"},"potentialAction":[{"@type":"SearchAction","target":{"@type":"EntryPoint","urlTemplate":"https:\/\/hunter-optics.com\/?s={search_term_string}"},"query-input":{"@type":"PropertyValueSpecification","valueRequired":true,"valueName":"search_term_string"}}],"inLanguage":"tr"},{"@type":"Organization","@id":"https:\/\/hunter-optics.com\/#organization","name":"Avc\u0131 Optikleri","url":"https:\/\/hunter-optics.com\/","logo":{"@type":"ImageObject","inLanguage":"tr","@id":"https:\/\/hunter-optics.com\/#\/schema\/logo\/image\/","url":"https:\/\/hunter-optics.com\/wp-content\/uploads\/2025\/06\/hunter-optics-logo-1.png","contentUrl":"https:\/\/hunter-optics.com\/wp-content\/uploads\/2025\/06\/hunter-optics-logo-1.png","width":937,"height":373,"caption":"Hunter Optics"},"image":{"@id":"https:\/\/hunter-optics.com\/#\/schema\/logo\/image\/"}}]},"product_brand":"Riton","product_price_amount":"469.99","product_price_currency":"USD","og_availability":"instock","product_availability":"instock","product_condition":"new"},"_links":{"self":[{"href":"https:\/\/hunter-optics.com\/tr\/wp-json\/wp\/v2\/product\/1246","targetHints":{"allow":["GET"]}}],"collection":[{"href":"https:\/\/hunter-optics.com\/tr\/wp-json\/wp\/v2\/product"}],"about":[{"href":"https:\/\/hunter-optics.com\/tr\/wp-json\/wp\/v2\/types\/product"}],"replies":[{"embeddable":true,"href":"https:\/\/hunter-optics.com\/tr\/wp-json\/wp\/v2\/comments?post=1246"}],"version-history":[{"count":2,"href":"https:\/\/hunter-optics.com\/tr\/wp-json\/wp\/v2\/product\/1246\/revisions"}],"predecessor-version":[{"id":1277,"href":"https:\/\/hunter-optics.com\/tr\/wp-json\/wp\/v2\/product\/1246\/revisions\/1277"}],"wp:featuredmedia":[{"embeddable":true,"href":"https:\/\/hunter-optics.com\/tr\/wp-json\/wp\/v2\/media\/1247"}],"wp:attachment":[{"href":"https:\/\/hunter-optics.com\/tr\/wp-json\/wp\/v2\/media?parent=1246"}],"wp:term":[{"taxonomy":"brand","embeddable":true,"href":"https:\/\/hunter-optics.com\/tr\/wp-json\/wp\/v2\/etheme_brands?post=1246"},{"taxonomy":"product_brand","embeddable":true,"href":"https:\/\/hunter-optics.com\/tr\/wp-json\/wp\/v2\/product_brand?post=1246"},{"taxonomy":"product_cat","embeddable":true,"href":"https:\/\/hunter-optics.com\/tr\/wp-json\/wp\/v2\/product_cat?post=1246"},{"taxonomy":"product_tag","embeddable":true,"href":"https:\/\/hunter-optics.com\/tr\/wp-json\/wp\/v2\/product_tag?post=1246"}],"curies":[{"name":"wp","href":"https:\/\/api.w.org\/{rel}","templated":true}]}}