{"id":1754,"date":"2025-08-11T08:14:28","date_gmt":"2025-08-11T08:14:28","guid":{"rendered":"https:\/\/hunter-optics.com\/?post_type=product&#038;p=1754"},"modified":"2025-08-11T08:23:21","modified_gmt":"2025-08-11T08:23:21","slug":"elemento-helix-6-24x50-ffp-apr-1c-mrad-30mm","status":"publish","type":"product","link":"https:\/\/hunter-optics.com\/pt\/produto\/elemento-helix-6-24x50-ffp-apr-1c-mrad-30mm\/","title":{"rendered":"Element HELIX 6-24\u00d750 FFP APR-1C MRAD 30mm"},"content":{"rendered":"<div id=\"target_description\" class=\"w-full py-8 border-t mb-6 text-sm border-pbordergreydark pm-product-content open\">\n<p><strong>ESPECIFICA\u00c7\u00d5ES<\/strong><\/p>\n<\/div>\n<ul>\n<li>Amplia\u00e7\u00e3o: 6-24x<\/li>\n<li>Di\u00e2metro da lente objetiva: 50 mm<\/li>\n<li>Di\u00e2metro do tubo: 30 mm<\/li>\n<li>Pupila de sa\u00edda: 9,1-2,2 mm<\/li>\n<li>Al\u00edvio ocular: 3,7-4 polegadas<\/li>\n<li>Campo de vis\u00e3o a 100 jardas: 18,3-4,6 p\u00e9s<\/li>\n<li>Valor do clique: 0,25 MARD<\/li>\n<li>Gama de ajuste por rota\u00e7\u00e3o: 11,6 MOA<\/li>\n<li>Ajuste de eleva\u00e7\u00e3o total: 18,9 MIL<\/li>\n<li>Paralaxe m\u00ednimo: 10 metros<\/li>\n<li>Material de purga: Nitrog\u00e9nio<\/li>\n<li>Comprimento: 363 mm<\/li>\n<li>Peso: 737g<\/li>\n<li>Garantia vital\u00edcia<\/li>\n<\/ul>\n<p><strong>CARACTER\u00cdSTICAS<\/strong><\/p>\n<ul>\n<li>Tubo do corpo principal de 30 mm<\/li>\n<li>Design compacto e leve<\/li>\n<li>Ret\u00edculo do Primeiro Plano Focal<\/li>\n<li>Alum\u00ednio de qualidade aeron\u00e1utica<\/li>\n<li>Paralaxe lateral: 10yds-Infinito<\/li>\n<li>Lentes totalmente multi-revestidas<\/li>\n<li>Torres reajust\u00e1veis sem ferramentas com 6 MRAD \/ 15 MOA por rota\u00e7\u00e3o<\/li>\n<li>Paragem zero mec\u00e2nica r\u00edgida<\/li>\n<li>Alavanca amov\u00edvel de lan\u00e7amento da amplia\u00e7\u00e3o<\/li>\n<li>\u00c0 prova de \u00e1gua, de nevoeiro, de choque e de nitrog\u00e9nio<\/li>\n<li>Guarda-sol, pano para a objetiva e tampas de borracha para a objetiva inclu\u00eddos<\/li>\n<\/ul>","protected":false},"excerpt":{"rendered":"<div class=\"fusion-woo-short-description-tb fusion-woo-short-description-tb-1\">\n<div class=\"woocommerce-product-details__short-description\">\n<p>Concebemos o HELIX de uma forma que coloca as coisas importantes em primeiro lugar: vidro transparente, ret\u00edculos inteligentes, carater\u00edsticas inovadoras e um sistema de torreta superior a outros produtos da mesma classe de pre\u00e7o. O sistema de torreta foi melhorado em rela\u00e7\u00e3o \u00e0 sua \u00f3tica desportiva padr\u00e3o para apresentar componentes internos em a\u00e7o inoxid\u00e1vel para resistir ao desgaste durante a marca\u00e7\u00e3o regular - algo que as disciplinas de tiro modernas exigem. As torretas sem ferramentas e o mecanismo de paragem zero proporcionam-lhe carater\u00edsticas de topo de gama sem gastar muito, e o ret\u00edculo First Focal Plane assegura uma calibra\u00e7\u00e3o precisa do ret\u00edculo em todas as amplia\u00e7\u00f5es. Introduzimos verifica\u00e7\u00f5es de controlo de qualidade para lhe dar paz de esp\u00edrito quando dispara a 1000 metros e, se algo correr mal, a nossa Garantia Vital\u00edcia Platinum cobre-o!<\/p>\n<\/div>\n<\/div>","protected":false},"featured_media":1757,"comment_status":"open","ping_status":"closed","template":"","meta":[],"etheme_brands":[{"term_id":48,"name":"Element","slug":"element","term_group":0,"term_taxonomy_id":48,"taxonomy":"brand","description":"","parent":0,"count":2,"filter":"raw"}],"product_brand":[],"product_cat":[49],"product_tag":[],"class_list":{"0":"post-1754","1":"product","2":"type-product","3":"status-publish","4":"has-post-thumbnail","6":"brand-element","7":"product_cat-rifle-scopes","9":"first","10":"instock","11":"taxable","12":"shipping-taxable","13":"purchasable","14":"product-type-simple"},"yoast_head":"<!-- This site is optimized with the Yoast SEO Premium plugin v25.7.1 (Yoast SEO v27.4) - https:\/\/yoast.com\/product\/yoast-seo-premium-wordpress\/ -->\n<title>Element HELIX 6-24\u00d750 FFP APR-1C MRAD 30mm - Hunter Optics<\/title>\n<meta name=\"description\" content=\"Athlon Argos BTR GEN2 6-24x50 FFP scope features illuminated APLR2 MOA reticle, aircraft-grade aluminum body &amp; true zero-stop. Ideal for precision shooting. Shop now.\" \/>\n<meta name=\"robots\" content=\"index, follow, max-snippet:-1, max-image-preview:large, max-video-preview:-1\" \/>\n<link rel=\"canonical\" href=\"https:\/\/hunter-optics.com\/pt\/produto\/elemento-helix-6-24x50-ffp-apr-1c-mrad-30mm\/\" \/>\n<meta property=\"og:locale\" content=\"pt_PT\" \/>\n<meta property=\"og:type\" content=\"article\" \/>\n<meta property=\"og:title\" content=\"Element HELIX 6-24\u00d750 FFP APR-1C MRAD 30mm\" \/>\n<meta property=\"og:description\" content=\"Athlon Argos BTR GEN2 6-24x50 FFP scope features illuminated APLR2 MOA reticle, aircraft-grade aluminum body &amp; true zero-stop. Ideal for precision shooting. Shop now.\" \/>\n<meta property=\"og:url\" content=\"https:\/\/hunter-optics.com\/pt\/produto\/elemento-helix-6-24x50-ffp-apr-1c-mrad-30mm\/\" \/>\n<meta property=\"og:site_name\" content=\"Hunter Optics\" \/>\n<meta property=\"article:modified_time\" content=\"2025-08-11T08:23:21+00:00\" \/>\n<meta property=\"og:image\" content=\"https:\/\/hunter-optics.com\/wp-content\/uploads\/2025\/08\/Helix-6-24x50-Zero-Stop-FFP-APR-1C-MRAD-3.jpeg\" \/>\n\t<meta property=\"og:image:width\" content=\"2560\" \/>\n\t<meta property=\"og:image:height\" content=\"1537\" \/>\n\t<meta property=\"og:image:type\" content=\"image\/jpeg\" \/>\n<meta name=\"twitter:card\" content=\"summary_large_image\" \/>\n<meta name=\"twitter:label1\" content=\"pre\u00e7o\" \/>\n\t<meta name=\"twitter:data1\" content=\"&#036;439.99\" \/>\n\t<meta name=\"twitter:label2\" content=\"Disponibilidade\" \/>\n\t<meta name=\"twitter:data2\" content=\"Em stock\" \/>\n<script type=\"application\/ld+json\" class=\"yoast-schema-graph\">{\"@context\":\"https:\\\/\\\/schema.org\",\"@graph\":[{\"@type\":\"WebPage\",\"@id\":\"https:\\\/\\\/hunter-optics.com\\\/product\\\/element-helix-6-24x50-ffp-apr-1c-mrad-30mm\\\/\",\"url\":\"https:\\\/\\\/hunter-optics.com\\\/product\\\/element-helix-6-24x50-ffp-apr-1c-mrad-30mm\\\/\",\"name\":\"Element HELIX 6-24\u00d750 FFP APR-1C MRAD 30mm - Hunter Optics\",\"isPartOf\":{\"@id\":\"https:\\\/\\\/hunter-optics.com\\\/#website\"},\"primaryImageOfPage\":{\"@id\":\"https:\\\/\\\/hunter-optics.com\\\/product\\\/element-helix-6-24x50-ffp-apr-1c-mrad-30mm\\\/#primaryimage\"},\"image\":{\"@id\":\"https:\\\/\\\/hunter-optics.com\\\/product\\\/element-helix-6-24x50-ffp-apr-1c-mrad-30mm\\\/#primaryimage\"},\"thumbnailUrl\":\"https:\\\/\\\/hunter-optics.com\\\/wp-content\\\/uploads\\\/2025\\\/08\\\/Helix-6-24x50-Zero-Stop-FFP-APR-1C-MRAD-3.jpeg\",\"datePublished\":\"2025-08-11T08:14:28+00:00\",\"dateModified\":\"2025-08-11T08:23:21+00:00\",\"description\":\"Athlon Argos BTR GEN2 6-24x50 FFP scope features illuminated APLR2 MOA reticle, aircraft-grade aluminum body & true zero-stop. Ideal for precision shooting. Shop now.\",\"breadcrumb\":{\"@id\":\"https:\\\/\\\/hunter-optics.com\\\/product\\\/element-helix-6-24x50-ffp-apr-1c-mrad-30mm\\\/#breadcrumb\"},\"inLanguage\":\"pt-PT\",\"potentialAction\":[{\"@type\":\"ReadAction\",\"target\":[\"https:\\\/\\\/hunter-optics.com\\\/product\\\/element-helix-6-24x50-ffp-apr-1c-mrad-30mm\\\/\"]}]},{\"@type\":\"ImageObject\",\"inLanguage\":\"pt-PT\",\"@id\":\"https:\\\/\\\/hunter-optics.com\\\/product\\\/element-helix-6-24x50-ffp-apr-1c-mrad-30mm\\\/#primaryimage\",\"url\":\"https:\\\/\\\/hunter-optics.com\\\/wp-content\\\/uploads\\\/2025\\\/08\\\/Helix-6-24x50-Zero-Stop-FFP-APR-1C-MRAD-3.jpeg\",\"contentUrl\":\"https:\\\/\\\/hunter-optics.com\\\/wp-content\\\/uploads\\\/2025\\\/08\\\/Helix-6-24x50-Zero-Stop-FFP-APR-1C-MRAD-3.jpeg\",\"width\":2560,\"height\":1537,\"caption\":\"Helix 6-24x50 Zero Stop FFP APR-1C MRAD\"},{\"@type\":\"BreadcrumbList\",\"@id\":\"https:\\\/\\\/hunter-optics.com\\\/product\\\/element-helix-6-24x50-ffp-apr-1c-mrad-30mm\\\/#breadcrumb\",\"itemListElement\":[{\"@type\":\"ListItem\",\"position\":1,\"name\":\"Home\",\"item\":\"https:\\\/\\\/hunter-optics.com\\\/\"},{\"@type\":\"ListItem\",\"position\":2,\"name\":\"Products\",\"item\":\"https:\\\/\\\/hunter-optics.com\\\/shop\\\/\"},{\"@type\":\"ListItem\",\"position\":3,\"name\":\"Element HELIX 6-24\u00d750 FFP APR-1C MRAD 30mm\"}]},{\"@type\":\"WebSite\",\"@id\":\"https:\\\/\\\/hunter-optics.com\\\/#website\",\"url\":\"https:\\\/\\\/hunter-optics.com\\\/\",\"name\":\"Hunter Optics\",\"description\":\"Hunter Optics \u2014 Your Eye on the Target.\",\"publisher\":{\"@id\":\"https:\\\/\\\/hunter-optics.com\\\/#organization\"},\"potentialAction\":[{\"@type\":\"SearchAction\",\"target\":{\"@type\":\"EntryPoint\",\"urlTemplate\":\"https:\\\/\\\/hunter-optics.com\\\/?s={search_term_string}\"},\"query-input\":{\"@type\":\"PropertyValueSpecification\",\"valueRequired\":true,\"valueName\":\"search_term_string\"}}],\"inLanguage\":\"pt-PT\"},{\"@type\":\"Organization\",\"@id\":\"https:\\\/\\\/hunter-optics.com\\\/#organization\",\"name\":\"Hunter Optics\",\"url\":\"https:\\\/\\\/hunter-optics.com\\\/\",\"logo\":{\"@type\":\"ImageObject\",\"inLanguage\":\"pt-PT\",\"@id\":\"https:\\\/\\\/hunter-optics.com\\\/#\\\/schema\\\/logo\\\/image\\\/\",\"url\":\"https:\\\/\\\/hunter-optics.com\\\/wp-content\\\/uploads\\\/2025\\\/06\\\/hunter-optics-logo-1.png\",\"contentUrl\":\"https:\\\/\\\/hunter-optics.com\\\/wp-content\\\/uploads\\\/2025\\\/06\\\/hunter-optics-logo-1.png\",\"width\":937,\"height\":373,\"caption\":\"Hunter Optics\"},\"image\":{\"@id\":\"https:\\\/\\\/hunter-optics.com\\\/#\\\/schema\\\/logo\\\/image\\\/\"}}]}<\/script>\n<meta property=\"product:brand\" content=\"Element\" \/>\n<meta property=\"product:price:amount\" content=\"439.99\" \/>\n<meta property=\"product:price:currency\" content=\"USD\" \/>\n<meta property=\"og:availability\" content=\"instock\" \/>\n<meta property=\"product:availability\" content=\"instock\" \/>\n<meta property=\"product:condition\" content=\"new\" \/>\n<!-- \/ Yoast SEO Premium plugin. -->","yoast_head_json":{"title":"Element HELIX 6-24\u00d750 FFP APR-1C MRAD 30mm - \u00d3tica de ca\u00e7a","description":"A mira Athlon Argos BTR GEN2 6-24x50 FFP possui um ret\u00edculo iluminado APLR2 MOA, corpo em alum\u00ednio de qualidade aeron\u00e1utica e verdadeiro ponto zero. Ideal para tiro de precis\u00e3o. Comprar agora.","robots":{"index":"index","follow":"follow","max-snippet":"max-snippet:-1","max-image-preview":"max-image-preview:large","max-video-preview":"max-video-preview:-1"},"canonical":"https:\/\/hunter-optics.com\/pt\/produto\/elemento-helix-6-24x50-ffp-apr-1c-mrad-30mm\/","og_locale":"pt_PT","og_type":"article","og_title":"Element HELIX 6-24\u00d750 FFP APR-1C MRAD 30mm","og_description":"Athlon Argos BTR GEN2 6-24x50 FFP scope features illuminated APLR2 MOA reticle, aircraft-grade aluminum body & true zero-stop. Ideal for precision shooting. Shop now.","og_url":"https:\/\/hunter-optics.com\/pt\/produto\/elemento-helix-6-24x50-ffp-apr-1c-mrad-30mm\/","og_site_name":"Hunter Optics","article_modified_time":"2025-08-11T08:23:21+00:00","og_image":[{"width":2560,"height":1537,"url":"https:\/\/hunter-optics.com\/wp-content\/uploads\/2025\/08\/Helix-6-24x50-Zero-Stop-FFP-APR-1C-MRAD-3.jpeg","type":"image\/jpeg"}],"twitter_card":"summary_large_image","twitter_misc":{"pre\u00e7o":"&#36;439.99","Disponibilidade":"Em stock"},"schema":{"@context":"https:\/\/schema.org","@graph":[{"@type":"WebPage","@id":"https:\/\/hunter-optics.com\/product\/element-helix-6-24x50-ffp-apr-1c-mrad-30mm\/","url":"https:\/\/hunter-optics.com\/product\/element-helix-6-24x50-ffp-apr-1c-mrad-30mm\/","name":"Element HELIX 6-24\u00d750 FFP APR-1C MRAD 30mm - \u00d3tica de ca\u00e7a","isPartOf":{"@id":"https:\/\/hunter-optics.com\/#website"},"primaryImageOfPage":{"@id":"https:\/\/hunter-optics.com\/product\/element-helix-6-24x50-ffp-apr-1c-mrad-30mm\/#primaryimage"},"image":{"@id":"https:\/\/hunter-optics.com\/product\/element-helix-6-24x50-ffp-apr-1c-mrad-30mm\/#primaryimage"},"thumbnailUrl":"https:\/\/hunter-optics.com\/wp-content\/uploads\/2025\/08\/Helix-6-24x50-Zero-Stop-FFP-APR-1C-MRAD-3.jpeg","datePublished":"2025-08-11T08:14:28+00:00","dateModified":"2025-08-11T08:23:21+00:00","description":"A mira Athlon Argos BTR GEN2 6-24x50 FFP possui um ret\u00edculo iluminado APLR2 MOA, corpo em alum\u00ednio de qualidade aeron\u00e1utica e verdadeiro ponto zero. Ideal para tiro de precis\u00e3o. Comprar agora.","breadcrumb":{"@id":"https:\/\/hunter-optics.com\/product\/element-helix-6-24x50-ffp-apr-1c-mrad-30mm\/#breadcrumb"},"inLanguage":"pt-PT","potentialAction":[{"@type":"ReadAction","target":["https:\/\/hunter-optics.com\/product\/element-helix-6-24x50-ffp-apr-1c-mrad-30mm\/"]}]},{"@type":"ImageObject","inLanguage":"pt-PT","@id":"https:\/\/hunter-optics.com\/product\/element-helix-6-24x50-ffp-apr-1c-mrad-30mm\/#primaryimage","url":"https:\/\/hunter-optics.com\/wp-content\/uploads\/2025\/08\/Helix-6-24x50-Zero-Stop-FFP-APR-1C-MRAD-3.jpeg","contentUrl":"https:\/\/hunter-optics.com\/wp-content\/uploads\/2025\/08\/Helix-6-24x50-Zero-Stop-FFP-APR-1C-MRAD-3.jpeg","width":2560,"height":1537,"caption":"Helix 6-24x50 Zero Stop FFP APR-1C MRAD"},{"@type":"BreadcrumbList","@id":"https:\/\/hunter-optics.com\/product\/element-helix-6-24x50-ffp-apr-1c-mrad-30mm\/#breadcrumb","itemListElement":[{"@type":"ListItem","position":1,"name":"Home","item":"https:\/\/hunter-optics.com\/"},{"@type":"ListItem","position":2,"name":"Products","item":"https:\/\/hunter-optics.com\/shop\/"},{"@type":"ListItem","position":3,"name":"Element HELIX 6-24\u00d750 FFP APR-1C MRAD 30mm"}]},{"@type":"WebSite","@id":"https:\/\/hunter-optics.com\/#website","url":"https:\/\/hunter-optics.com\/","name":"\u00d3tica Hunter","description":"Hunter Optics - O seu olho no alvo.","publisher":{"@id":"https:\/\/hunter-optics.com\/#organization"},"potentialAction":[{"@type":"SearchAction","target":{"@type":"EntryPoint","urlTemplate":"https:\/\/hunter-optics.com\/?s={search_term_string}"},"query-input":{"@type":"PropertyValueSpecification","valueRequired":true,"valueName":"search_term_string"}}],"inLanguage":"pt-PT"},{"@type":"Organization","@id":"https:\/\/hunter-optics.com\/#organization","name":"\u00d3tica Hunter","url":"https:\/\/hunter-optics.com\/","logo":{"@type":"ImageObject","inLanguage":"pt-PT","@id":"https:\/\/hunter-optics.com\/#\/schema\/logo\/image\/","url":"https:\/\/hunter-optics.com\/wp-content\/uploads\/2025\/06\/hunter-optics-logo-1.png","contentUrl":"https:\/\/hunter-optics.com\/wp-content\/uploads\/2025\/06\/hunter-optics-logo-1.png","width":937,"height":373,"caption":"Hunter Optics"},"image":{"@id":"https:\/\/hunter-optics.com\/#\/schema\/logo\/image\/"}}]},"product_brand":"Element","product_price_amount":"439.99","product_price_currency":"USD","og_availability":"instock","product_availability":"instock","product_condition":"new"},"_links":{"self":[{"href":"https:\/\/hunter-optics.com\/pt\/wp-json\/wp\/v2\/product\/1754","targetHints":{"allow":["GET"]}}],"collection":[{"href":"https:\/\/hunter-optics.com\/pt\/wp-json\/wp\/v2\/product"}],"about":[{"href":"https:\/\/hunter-optics.com\/pt\/wp-json\/wp\/v2\/types\/product"}],"replies":[{"embeddable":true,"href":"https:\/\/hunter-optics.com\/pt\/wp-json\/wp\/v2\/comments?post=1754"}],"version-history":[{"count":1,"href":"https:\/\/hunter-optics.com\/pt\/wp-json\/wp\/v2\/product\/1754\/revisions"}],"predecessor-version":[{"id":1759,"href":"https:\/\/hunter-optics.com\/pt\/wp-json\/wp\/v2\/product\/1754\/revisions\/1759"}],"wp:featuredmedia":[{"embeddable":true,"href":"https:\/\/hunter-optics.com\/pt\/wp-json\/wp\/v2\/media\/1757"}],"wp:attachment":[{"href":"https:\/\/hunter-optics.com\/pt\/wp-json\/wp\/v2\/media?parent=1754"}],"wp:term":[{"taxonomy":"brand","embeddable":true,"href":"https:\/\/hunter-optics.com\/pt\/wp-json\/wp\/v2\/etheme_brands?post=1754"},{"taxonomy":"product_brand","embeddable":true,"href":"https:\/\/hunter-optics.com\/pt\/wp-json\/wp\/v2\/product_brand?post=1754"},{"taxonomy":"product_cat","embeddable":true,"href":"https:\/\/hunter-optics.com\/pt\/wp-json\/wp\/v2\/product_cat?post=1754"},{"taxonomy":"product_tag","embeddable":true,"href":"https:\/\/hunter-optics.com\/pt\/wp-json\/wp\/v2\/product_tag?post=1754"}],"curies":[{"name":"wp","href":"https:\/\/api.w.org\/{rel}","templated":true}]}}