{"id":1747,"date":"2025-08-11T07:45:54","date_gmt":"2025-08-11T07:45:54","guid":{"rendered":"https:\/\/hunter-optics.com\/?post_type=product&#038;p=1747"},"modified":"2025-08-11T07:49:11","modified_gmt":"2025-08-11T07:49:11","slug":"athlon-neos-6-18x44-bdc-500-ir-1mm","status":"publish","type":"product","link":"https:\/\/hunter-optics.com\/pt\/produto\/athlon-neos-6-18x44-bdc-500-ir-1mm\/","title":{"rendered":"Athlon NEOS 6-18\u00d744 BDC 500 IR 1mm"},"content":{"rendered":"<div id=\"target_description\" class=\"w-full py-8 border-t mb-6 text-sm border-pbordergreydark pm-product-content open\">\n<p><strong>ESPECIFICA\u00c7\u00d5ES<\/strong><\/p>\n<\/div>\n<ul>\n<li>Amplia\u00e7\u00e3o: 6-18x<\/li>\n<li>Di\u00e2metro da lente objetiva: 44 mm<\/li>\n<li>Di\u00e2metro do tubo: 1 mm<\/li>\n<li>Al\u00edvio dos olhos: 3,39-3,19 polegadas<\/li>\n<li>Campo de vis\u00e3o a 100 jardas: 17,5-5,9 p\u00e9s<\/li>\n<li>Valor do clique: 0,25MOA<\/li>\n<li>Gama de ajuste por rota\u00e7\u00e3o: 15 MOA<\/li>\n<li>Ajuste de eleva\u00e7\u00e3o total: 50 MIL<\/li>\n<li>Ajuste total do vento: 50 MIL<\/li>\n<li>Ajuste de paralaxe: Foco lateral - 10 jardas at\u00e9 ao infinito<\/li>\n<li>Material de purga: Nitrog\u00e9nio<\/li>\n<li>Comprimento: 13,5 polegadas<\/li>\n<li>Peso: 21,7 oz<\/li>\n<li>Garantia vital\u00edcia<\/li>\n<\/ul>\n<p><strong>CARACTER\u00cdSTICAS<\/strong><\/p>\n<h4>Primeiro ret\u00edculo de plano focal:<\/h4>\n<ul>\n<li>O design do primeiro plano focal permite-lhe utilizar plenamente ret\u00edculos especialmente concebidos que encolhem ou crescem juntamente com o seu alvo \u00e0 medida que aumenta ou diminui o zoom.  Estes ret\u00edculos oferecem um r\u00e1pido contacto com o alvo a baixa pot\u00eancia, ao mesmo tempo que oferecem posi\u00e7\u00f5es de reten\u00e7\u00e3o precisas com detalhes mais finos.<\/li>\n<\/ul>\n<h4>Ret\u00edculo iluminado:<\/h4>\n<ul>\n<li>O ret\u00edculo iluminado proporciona uma maior visibilidade durante o anoitecer e o amanhecer e noutros ambientes com pouca luz ambiente.<\/li>\n<\/ul>\n<h4>Ret\u00edculo de vidro gravado:<\/h4>\n<ul>\n<li>Ret\u00edculo gravado no vidro que proporciona um excelente suporte de apoio para um design de ret\u00edculo complexo e oferece uma grande durabilidade e uma resist\u00eancia ao choque muito superior ao recuo.<\/li>\n<\/ul>\n<h4>Avan\u00e7ado Totalmente Multicoated:<\/h4>\n<ul>\n<li>A \u00f3tica totalmente multirrevestida reduz eficazmente a luz reflectida e aumenta a transmiss\u00e3o da luz, proporcionando-lhe uma imagem mais brilhante do que as lentes normais com um \u00fanico revestimento.<\/li>\n<\/ul>\n<h4>Sistema de paragem zero de precis\u00e3o:<\/h4>\n<ul>\n<li>O sistema permite-lhe bloquear a sua posi\u00e7\u00e3o zero e voltar a ela com uma paragem n\u00edtida e precisa mesmo na sua marca zero, mesmo que a esteja a rodar no escuro ou com uma persiana.<\/li>\n<\/ul>\n<h4>Alum\u00ednio 6061 T6:<\/h4>\n<ul>\n<li>O tubo de alum\u00ednio de qualidade aeron\u00e1utica 6061T6, que possui uma resist\u00eancia excecional e uma integridade mec\u00e2nica superior, proteger\u00e1 estas \u00f3pticas de classe mundial, independentemente do castigo que lhe seja infligido.<\/li>\n<\/ul>\n<h4>Constru\u00e7\u00e3o em tubo de uma s\u00f3 pe\u00e7a tratado termicamente:<\/h4>\n<ul>\n<li>O tubo de uma s\u00f3 pe\u00e7a tratado termicamente confere \u00e0 mira uma resist\u00eancia extra em compara\u00e7\u00e3o com os tubos de v\u00e1rias pe\u00e7as.  Um tubo de uma s\u00f3 pe\u00e7a tamb\u00e9m \u00e9 melhor para manter a humidade afastada, mantendo assim a sua mira \u00e0 prova de nevoeiro durante toda a vida \u00fatil do produto.<\/li>\n<\/ul>\n<h4>\u00c0 prova de \u00e1gua:<\/h4>\n<ul>\n<li>\u00c0 prova de \u00e1gua para proteger a mira nas condi\u00e7\u00f5es climat\u00e9ricas mais adversas ou em caso de submers\u00e3o acidental.<\/li>\n<\/ul>\n<p><strong>\u00c0 prova de nevoeiro:<\/strong><\/p>\n<ul>\n<li>\u00c0 prova de nevoeiro para permitir o contacto imediato com o alvo quando a espingarda \u00e9 colocada a uma temperatura ambiente fria a partir do interior quente.<\/li>\n<\/ul>\n<p><strong>\u00c0 prova de choque:<\/strong><\/p>\n<ul>\n<li>Sistema mec\u00e2nico robusto com desenhos especiais tanto no sistema de controlo como no sistema de montagem que lhe d\u00e3o a m\u00e1xima resist\u00eancia ao recuo para suportar um recuo de 1000G durante 1000 vezes.<\/li>\n<\/ul>\n<p><strong>Argon Purgado:<\/strong><\/p>\n<ul>\n<li>A purga de \u00e1rgon utiliza g\u00e1s de in\u00e9rcia com mol\u00e9culas de maior dimens\u00e3o para purgar qualquer humidade do tubo, proporcionando uma melhor impermeabiliza\u00e7\u00e3o e estabilidade t\u00e9rmica.<\/li>\n<\/ul>","protected":false},"excerpt":{"rendered":"<p>\u00c9 um ca\u00e7ador com um or\u00e7amento limitado que procura uma excelente miras para espingardas de ca\u00e7a para a pr\u00f3xima \u00e9poca? As miras Neos s\u00e3o as miras para espingardas de ca\u00e7a perfeitas para os ca\u00e7adores que pretendem qualidade e carater\u00edsticas, sem descurar o seu or\u00e7amento. A linha Neos de miras para espingardas de ca\u00e7a inclui torretas de eleva\u00e7\u00e3o e de vento com tampa, ret\u00edculo iluminado, lentes totalmente revestidas, \u00e0 prova de \u00e1gua e de nevoeiro.<\/p>","protected":false},"featured_media":1748,"comment_status":"open","ping_status":"closed","template":"","meta":[],"etheme_brands":[{"term_id":46,"name":"Athlon","slug":"athlon","term_group":0,"term_taxonomy_id":46,"taxonomy":"brand","description":"Athlon is a proud US sports optics product company. Devoted to designing and delivering superior quality optics products and outdoor accessories at a competitive price to our consumers via our distribution and retail channels. Athlon has strong engineering capabilities, strategic alliances with quality manufacturers, and a streamlined fully integrated supply chain. These advantages enable us to bring the latest cutting edge technologies and cut out the extra layers of traditional supply chains. With these advantages we are able to deliver products to consumers with great cost savings. Our goal from day one is to pass those savings to you, the outdoor enthusiast.","parent":0,"count":8,"filter":"raw"}],"product_brand":[],"product_cat":[49],"product_tag":[],"class_list":{"0":"post-1747","1":"product","2":"type-product","3":"status-publish","4":"has-post-thumbnail","6":"brand-athlon","7":"product_cat-rifle-scopes","9":"first","10":"instock","11":"taxable","12":"shipping-taxable","13":"purchasable","14":"product-type-simple"},"yoast_head":"<!-- This site is optimized with the Yoast SEO Premium plugin v25.7.1 (Yoast SEO v27.4) - https:\/\/yoast.com\/product\/yoast-seo-premium-wordpress\/ -->\n<title>Athlon NEOS 6-18\u00d744 BDC 500 IR 1mm - Hunter Optics<\/title>\n<meta name=\"description\" content=\"Athlon Argos BTR GEN2 6-24x50 FFP scope features illuminated APLR2 MOA reticle, aircraft-grade aluminum body &amp; true zero-stop. Ideal for precision shooting. Shop now.\" \/>\n<meta name=\"robots\" content=\"index, follow, max-snippet:-1, max-image-preview:large, max-video-preview:-1\" \/>\n<link rel=\"canonical\" href=\"https:\/\/hunter-optics.com\/pt\/produto\/athlon-neos-6-18x44-bdc-500-ir-1mm\/\" \/>\n<meta property=\"og:locale\" content=\"pt_PT\" \/>\n<meta property=\"og:type\" content=\"article\" \/>\n<meta property=\"og:title\" content=\"Athlon NEOS 6-18\u00d744 BDC 500 IR 1mm\" \/>\n<meta property=\"og:description\" content=\"Athlon Argos BTR GEN2 6-24x50 FFP scope features illuminated APLR2 MOA reticle, aircraft-grade aluminum body &amp; true zero-stop. Ideal for precision shooting. Shop now.\" \/>\n<meta property=\"og:url\" content=\"https:\/\/hunter-optics.com\/pt\/produto\/athlon-neos-6-18x44-bdc-500-ir-1mm\/\" \/>\n<meta property=\"og:site_name\" content=\"Hunter Optics\" \/>\n<meta property=\"article:modified_time\" content=\"2025-08-11T07:49:11+00:00\" \/>\n<meta property=\"og:image\" content=\"https:\/\/hunter-optics.com\/wp-content\/uploads\/2025\/08\/Athlon-NEOS-6-18\u00d744-BDC-500-IR-1.webp\" \/>\n\t<meta property=\"og:image:width\" content=\"1500\" \/>\n\t<meta property=\"og:image:height\" content=\"1500\" \/>\n\t<meta property=\"og:image:type\" content=\"image\/webp\" \/>\n<meta name=\"twitter:card\" content=\"summary_large_image\" \/>\n<meta name=\"twitter:label1\" content=\"pre\u00e7o\" \/>\n\t<meta name=\"twitter:data1\" content=\"&#036;237.49\" \/>\n\t<meta name=\"twitter:label2\" content=\"Disponibilidade\" \/>\n\t<meta name=\"twitter:data2\" content=\"Em stock\" \/>\n<script type=\"application\/ld+json\" class=\"yoast-schema-graph\">{\"@context\":\"https:\\\/\\\/schema.org\",\"@graph\":[{\"@type\":\"WebPage\",\"@id\":\"https:\\\/\\\/hunter-optics.com\\\/product\\\/athlon-neos-6-18x44-bdc-500-ir-1mm\\\/\",\"url\":\"https:\\\/\\\/hunter-optics.com\\\/product\\\/athlon-neos-6-18x44-bdc-500-ir-1mm\\\/\",\"name\":\"Athlon NEOS 6-18\u00d744 BDC 500 IR 1mm - Hunter Optics\",\"isPartOf\":{\"@id\":\"https:\\\/\\\/hunter-optics.com\\\/#website\"},\"primaryImageOfPage\":{\"@id\":\"https:\\\/\\\/hunter-optics.com\\\/product\\\/athlon-neos-6-18x44-bdc-500-ir-1mm\\\/#primaryimage\"},\"image\":{\"@id\":\"https:\\\/\\\/hunter-optics.com\\\/product\\\/athlon-neos-6-18x44-bdc-500-ir-1mm\\\/#primaryimage\"},\"thumbnailUrl\":\"https:\\\/\\\/hunter-optics.com\\\/wp-content\\\/uploads\\\/2025\\\/08\\\/Athlon-NEOS-6-18\u00d744-BDC-500-IR-1.webp\",\"datePublished\":\"2025-08-11T07:45:54+00:00\",\"dateModified\":\"2025-08-11T07:49:11+00:00\",\"description\":\"Athlon Argos BTR GEN2 6-24x50 FFP scope features illuminated APLR2 MOA reticle, aircraft-grade aluminum body & true zero-stop. Ideal for precision shooting. Shop now.\",\"breadcrumb\":{\"@id\":\"https:\\\/\\\/hunter-optics.com\\\/product\\\/athlon-neos-6-18x44-bdc-500-ir-1mm\\\/#breadcrumb\"},\"inLanguage\":\"pt-PT\",\"potentialAction\":[{\"@type\":\"ReadAction\",\"target\":[\"https:\\\/\\\/hunter-optics.com\\\/product\\\/athlon-neos-6-18x44-bdc-500-ir-1mm\\\/\"]}]},{\"@type\":\"ImageObject\",\"inLanguage\":\"pt-PT\",\"@id\":\"https:\\\/\\\/hunter-optics.com\\\/product\\\/athlon-neos-6-18x44-bdc-500-ir-1mm\\\/#primaryimage\",\"url\":\"https:\\\/\\\/hunter-optics.com\\\/wp-content\\\/uploads\\\/2025\\\/08\\\/Athlon-NEOS-6-18\u00d744-BDC-500-IR-1.webp\",\"contentUrl\":\"https:\\\/\\\/hunter-optics.com\\\/wp-content\\\/uploads\\\/2025\\\/08\\\/Athlon-NEOS-6-18\u00d744-BDC-500-IR-1.webp\",\"width\":1500,\"height\":1500,\"caption\":\"Athlon NEOS 6-18\u00d744 BDC 500 IR\"},{\"@type\":\"BreadcrumbList\",\"@id\":\"https:\\\/\\\/hunter-optics.com\\\/product\\\/athlon-neos-6-18x44-bdc-500-ir-1mm\\\/#breadcrumb\",\"itemListElement\":[{\"@type\":\"ListItem\",\"position\":1,\"name\":\"Home\",\"item\":\"https:\\\/\\\/hunter-optics.com\\\/\"},{\"@type\":\"ListItem\",\"position\":2,\"name\":\"Products\",\"item\":\"https:\\\/\\\/hunter-optics.com\\\/shop\\\/\"},{\"@type\":\"ListItem\",\"position\":3,\"name\":\"Athlon NEOS 6-18\u00d744 BDC 500 IR 1mm\"}]},{\"@type\":\"WebSite\",\"@id\":\"https:\\\/\\\/hunter-optics.com\\\/#website\",\"url\":\"https:\\\/\\\/hunter-optics.com\\\/\",\"name\":\"Hunter Optics\",\"description\":\"Hunter Optics \u2014 Your Eye on the Target.\",\"publisher\":{\"@id\":\"https:\\\/\\\/hunter-optics.com\\\/#organization\"},\"potentialAction\":[{\"@type\":\"SearchAction\",\"target\":{\"@type\":\"EntryPoint\",\"urlTemplate\":\"https:\\\/\\\/hunter-optics.com\\\/?s={search_term_string}\"},\"query-input\":{\"@type\":\"PropertyValueSpecification\",\"valueRequired\":true,\"valueName\":\"search_term_string\"}}],\"inLanguage\":\"pt-PT\"},{\"@type\":\"Organization\",\"@id\":\"https:\\\/\\\/hunter-optics.com\\\/#organization\",\"name\":\"Hunter Optics\",\"url\":\"https:\\\/\\\/hunter-optics.com\\\/\",\"logo\":{\"@type\":\"ImageObject\",\"inLanguage\":\"pt-PT\",\"@id\":\"https:\\\/\\\/hunter-optics.com\\\/#\\\/schema\\\/logo\\\/image\\\/\",\"url\":\"https:\\\/\\\/hunter-optics.com\\\/wp-content\\\/uploads\\\/2025\\\/06\\\/hunter-optics-logo-1.png\",\"contentUrl\":\"https:\\\/\\\/hunter-optics.com\\\/wp-content\\\/uploads\\\/2025\\\/06\\\/hunter-optics-logo-1.png\",\"width\":937,\"height\":373,\"caption\":\"Hunter Optics\"},\"image\":{\"@id\":\"https:\\\/\\\/hunter-optics.com\\\/#\\\/schema\\\/logo\\\/image\\\/\"}}]}<\/script>\n<meta property=\"product:brand\" content=\"Athlon\" \/>\n<meta property=\"product:price:amount\" content=\"237.49\" \/>\n<meta property=\"product:price:currency\" content=\"USD\" \/>\n<meta property=\"og:availability\" content=\"instock\" \/>\n<meta property=\"product:availability\" content=\"instock\" \/>\n<meta property=\"product:condition\" content=\"new\" \/>\n<!-- \/ Yoast SEO Premium plugin. -->","yoast_head_json":{"title":"Athlon NEOS 6-18\u00d744 BDC 500 IR 1mm - Hunter Optics","description":"A mira Athlon Argos BTR GEN2 6-24x50 FFP possui um ret\u00edculo iluminado APLR2 MOA, corpo em alum\u00ednio de qualidade aeron\u00e1utica e verdadeiro ponto zero. Ideal para tiro de precis\u00e3o. Comprar agora.","robots":{"index":"index","follow":"follow","max-snippet":"max-snippet:-1","max-image-preview":"max-image-preview:large","max-video-preview":"max-video-preview:-1"},"canonical":"https:\/\/hunter-optics.com\/pt\/produto\/athlon-neos-6-18x44-bdc-500-ir-1mm\/","og_locale":"pt_PT","og_type":"article","og_title":"Athlon NEOS 6-18\u00d744 BDC 500 IR 1mm","og_description":"Athlon Argos BTR GEN2 6-24x50 FFP scope features illuminated APLR2 MOA reticle, aircraft-grade aluminum body & true zero-stop. Ideal for precision shooting. Shop now.","og_url":"https:\/\/hunter-optics.com\/pt\/produto\/athlon-neos-6-18x44-bdc-500-ir-1mm\/","og_site_name":"Hunter Optics","article_modified_time":"2025-08-11T07:49:11+00:00","og_image":[{"width":1500,"height":1500,"url":"https:\/\/hunter-optics.com\/wp-content\/uploads\/2025\/08\/Athlon-NEOS-6-18\u00d744-BDC-500-IR-1.webp","type":"image\/webp"}],"twitter_card":"summary_large_image","twitter_misc":{"pre\u00e7o":"&#36;237.49","Disponibilidade":"Em stock"},"schema":{"@context":"https:\/\/schema.org","@graph":[{"@type":"WebPage","@id":"https:\/\/hunter-optics.com\/product\/athlon-neos-6-18x44-bdc-500-ir-1mm\/","url":"https:\/\/hunter-optics.com\/product\/athlon-neos-6-18x44-bdc-500-ir-1mm\/","name":"Athlon NEOS 6-18\u00d744 BDC 500 IR 1mm - Hunter Optics","isPartOf":{"@id":"https:\/\/hunter-optics.com\/#website"},"primaryImageOfPage":{"@id":"https:\/\/hunter-optics.com\/product\/athlon-neos-6-18x44-bdc-500-ir-1mm\/#primaryimage"},"image":{"@id":"https:\/\/hunter-optics.com\/product\/athlon-neos-6-18x44-bdc-500-ir-1mm\/#primaryimage"},"thumbnailUrl":"https:\/\/hunter-optics.com\/wp-content\/uploads\/2025\/08\/Athlon-NEOS-6-18\u00d744-BDC-500-IR-1.webp","datePublished":"2025-08-11T07:45:54+00:00","dateModified":"2025-08-11T07:49:11+00:00","description":"A mira Athlon Argos BTR GEN2 6-24x50 FFP possui um ret\u00edculo iluminado APLR2 MOA, corpo em alum\u00ednio de qualidade aeron\u00e1utica e verdadeiro ponto zero. Ideal para tiro de precis\u00e3o. Comprar agora.","breadcrumb":{"@id":"https:\/\/hunter-optics.com\/product\/athlon-neos-6-18x44-bdc-500-ir-1mm\/#breadcrumb"},"inLanguage":"pt-PT","potentialAction":[{"@type":"ReadAction","target":["https:\/\/hunter-optics.com\/product\/athlon-neos-6-18x44-bdc-500-ir-1mm\/"]}]},{"@type":"ImageObject","inLanguage":"pt-PT","@id":"https:\/\/hunter-optics.com\/product\/athlon-neos-6-18x44-bdc-500-ir-1mm\/#primaryimage","url":"https:\/\/hunter-optics.com\/wp-content\/uploads\/2025\/08\/Athlon-NEOS-6-18\u00d744-BDC-500-IR-1.webp","contentUrl":"https:\/\/hunter-optics.com\/wp-content\/uploads\/2025\/08\/Athlon-NEOS-6-18\u00d744-BDC-500-IR-1.webp","width":1500,"height":1500,"caption":"Athlon NEOS 6-18\u00d744 BDC 500 IR"},{"@type":"BreadcrumbList","@id":"https:\/\/hunter-optics.com\/product\/athlon-neos-6-18x44-bdc-500-ir-1mm\/#breadcrumb","itemListElement":[{"@type":"ListItem","position":1,"name":"Home","item":"https:\/\/hunter-optics.com\/"},{"@type":"ListItem","position":2,"name":"Products","item":"https:\/\/hunter-optics.com\/shop\/"},{"@type":"ListItem","position":3,"name":"Athlon NEOS 6-18\u00d744 BDC 500 IR 1mm"}]},{"@type":"WebSite","@id":"https:\/\/hunter-optics.com\/#website","url":"https:\/\/hunter-optics.com\/","name":"\u00d3tica Hunter","description":"Hunter Optics - O seu olho no alvo.","publisher":{"@id":"https:\/\/hunter-optics.com\/#organization"},"potentialAction":[{"@type":"SearchAction","target":{"@type":"EntryPoint","urlTemplate":"https:\/\/hunter-optics.com\/?s={search_term_string}"},"query-input":{"@type":"PropertyValueSpecification","valueRequired":true,"valueName":"search_term_string"}}],"inLanguage":"pt-PT"},{"@type":"Organization","@id":"https:\/\/hunter-optics.com\/#organization","name":"\u00d3tica Hunter","url":"https:\/\/hunter-optics.com\/","logo":{"@type":"ImageObject","inLanguage":"pt-PT","@id":"https:\/\/hunter-optics.com\/#\/schema\/logo\/image\/","url":"https:\/\/hunter-optics.com\/wp-content\/uploads\/2025\/06\/hunter-optics-logo-1.png","contentUrl":"https:\/\/hunter-optics.com\/wp-content\/uploads\/2025\/06\/hunter-optics-logo-1.png","width":937,"height":373,"caption":"Hunter Optics"},"image":{"@id":"https:\/\/hunter-optics.com\/#\/schema\/logo\/image\/"}}]},"product_brand":"Athlon","product_price_amount":"237.49","product_price_currency":"USD","og_availability":"instock","product_availability":"instock","product_condition":"new"},"_links":{"self":[{"href":"https:\/\/hunter-optics.com\/pt\/wp-json\/wp\/v2\/product\/1747","targetHints":{"allow":["GET"]}}],"collection":[{"href":"https:\/\/hunter-optics.com\/pt\/wp-json\/wp\/v2\/product"}],"about":[{"href":"https:\/\/hunter-optics.com\/pt\/wp-json\/wp\/v2\/types\/product"}],"replies":[{"embeddable":true,"href":"https:\/\/hunter-optics.com\/pt\/wp-json\/wp\/v2\/comments?post=1747"}],"version-history":[{"count":2,"href":"https:\/\/hunter-optics.com\/pt\/wp-json\/wp\/v2\/product\/1747\/revisions"}],"predecessor-version":[{"id":1753,"href":"https:\/\/hunter-optics.com\/pt\/wp-json\/wp\/v2\/product\/1747\/revisions\/1753"}],"wp:featuredmedia":[{"embeddable":true,"href":"https:\/\/hunter-optics.com\/pt\/wp-json\/wp\/v2\/media\/1748"}],"wp:attachment":[{"href":"https:\/\/hunter-optics.com\/pt\/wp-json\/wp\/v2\/media?parent=1747"}],"wp:term":[{"taxonomy":"brand","embeddable":true,"href":"https:\/\/hunter-optics.com\/pt\/wp-json\/wp\/v2\/etheme_brands?post=1747"},{"taxonomy":"product_brand","embeddable":true,"href":"https:\/\/hunter-optics.com\/pt\/wp-json\/wp\/v2\/product_brand?post=1747"},{"taxonomy":"product_cat","embeddable":true,"href":"https:\/\/hunter-optics.com\/pt\/wp-json\/wp\/v2\/product_cat?post=1747"},{"taxonomy":"product_tag","embeddable":true,"href":"https:\/\/hunter-optics.com\/pt\/wp-json\/wp\/v2\/product_tag?post=1747"}],"curies":[{"name":"wp","href":"https:\/\/api.w.org\/{rel}","templated":true}]}}