{"id":1718,"date":"2025-08-11T06:35:07","date_gmt":"2025-08-11T06:35:07","guid":{"rendered":"https:\/\/hunter-optics.com\/?post_type=product&#038;p=1718"},"modified":"2025-08-11T07:37:34","modified_gmt":"2025-08-11T07:37:34","slug":"athlon-argos-btr-gen2-10-40x56-blr-sfp-moa-30mm","status":"publish","type":"product","link":"https:\/\/hunter-optics.com\/pt\/produto\/athlon-argos-btr-gen2-10-40x56-blr-sfp-moa-30mm\/","title":{"rendered":"Athlon ARGOS BTR GEN2 10-40\u00d756 BLR SFP MOA 30mm"},"content":{"rendered":"<p><strong><span id=\"link_description\" class=\"border-t border-pbordergreydark text-lg sm:text-xl cursor-pointer font-serif block relative py-4 font-semibold pm-product-tablink grey open\">DESCRI\u00c7\u00c3O<\/span><\/strong><\/p>\n<div id=\"target_description\" class=\"w-full py-8 border-t mb-6 text-sm border-pbordergreydark pm-product-content open\">\n<ul>\n<li>Para aqueles que est\u00e3o a iniciar-se na PRS ou que pretendem come\u00e7ar, d\u00eaem uma vista de olhos \u00e0 fam\u00edlia de miras Argos BTR GEN2.<\/li>\n<li>Estas miras t\u00eam carater\u00edsticas que normalmente s\u00f3 se encontram em miras topo de gama.<\/li>\n<li>T\u00eam uma amplia\u00e7\u00e3o de 4x, o que as torna vers\u00e1teis em v\u00e1rias disciplinas de tiro.<\/li>\n<li>Incluem tamb\u00e9m uma Paragem Zero Verdadeira de Precis\u00e3o e uma \u00d3tica Avan\u00e7ada com Revestimento M\u00faltiplo que proporciona uma imagem brilhante e cristalina em ambientes com pouca luz.<\/li>\n<li>A Argos BTR GEN2 possui tamb\u00e9m o nosso revestimento exclusivo XPL que protege as suas lentes da sujidade, gordura e condi\u00e7\u00f5es climat\u00e9ricas adversas.<\/li>\n<li>O tubo de alum\u00ednio de qualidade aeron\u00e1utica proteger\u00e1 estas \u00f3pticas de classe mundial, independentemente do castigo que lhe seja infligido.<\/li>\n<\/ul>\n<p><strong>ESPECIFICA\u00c7\u00d5ES<\/strong><\/p>\n<\/div>\n<ul>\n<li>Amplia\u00e7\u00e3o: 10-40x<\/li>\n<li>Di\u00e2metro da lente objetiva: 56 mm<\/li>\n<li>Ret\u00edculo: APMR FFP IR MIL, vidro gravado<\/li>\n<li>Acabamento da superf\u00edcie: Mate<\/li>\n<li>Revestimento da lente: Banda larga totalmente multicoated<\/li>\n<li>Revestimento extra: Revestimento de prote\u00e7\u00e3o extra<\/li>\n<li>Material do tubo: Alum\u00ednio de grau aeron\u00e1utico<\/li>\n<li>Di\u00e2metro do tubo: 30 mm<\/li>\n<li>Al\u00edvio ocular: 3 polegadas<\/li>\n<li>Campo de vis\u00e3o a 100 jardas: 12,6-3,1 p\u00e9s<\/li>\n<li>Valor do clique: 0,125MOA<\/li>\n<li>Gama de regula\u00e7\u00e3o por rota\u00e7\u00e3o: 8MIL<\/li>\n<li>Ajuste de eleva\u00e7\u00e3o total: 45 MIL<\/li>\n<li>Ajuste total do vento: 45 MIL<\/li>\n<li>Estilo da torre: Exposta<\/li>\n<li>Ajuste de paralaxe: Foco lateral - 10 jardas at\u00e9 ao infinito<\/li>\n<li>Material de purga: \u00c1rgon<\/li>\n<li>Comprimento: 16,3 polegadas<\/li>\n<li>Peso: 31,8 oz<\/li>\n<li>Garantia vital\u00edcia<\/li>\n<\/ul>\n<p><strong>CARACTER\u00cdSTICAS<\/strong><\/p>\n<h4>Primeiro ret\u00edculo de plano focal:<\/h4>\n<ul>\n<li>O design do primeiro plano focal permite-lhe utilizar plenamente ret\u00edculos especialmente concebidos que encolhem ou crescem juntamente com o seu alvo \u00e0 medida que aumenta ou diminui o zoom.  Estes ret\u00edculos oferecem um r\u00e1pido contacto com o alvo a baixa pot\u00eancia, ao mesmo tempo que oferecem posi\u00e7\u00f5es de reten\u00e7\u00e3o precisas com detalhes mais finos.<\/li>\n<\/ul>\n<h4>Ret\u00edculo iluminado:<\/h4>\n<ul>\n<li>O ret\u00edculo iluminado proporciona uma maior visibilidade durante o anoitecer e o amanhecer e noutros ambientes com pouca luz ambiente.<\/li>\n<\/ul>\n<h4>Ret\u00edculo de vidro gravado:<\/h4>\n<ul>\n<li>Ret\u00edculo gravado no vidro que proporciona um excelente suporte de apoio para um design de ret\u00edculo complexo e oferece uma grande durabilidade e uma resist\u00eancia ao choque muito superior ao recuo.<\/li>\n<\/ul>\n<h4>Avan\u00e7ado Totalmente Multicoated:<\/h4>\n<ul>\n<li>A \u00f3tica totalmente multirrevestida reduz eficazmente a luz reflectida e aumenta a transmiss\u00e3o da luz, proporcionando-lhe uma imagem mais brilhante do que as lentes normais com um \u00fanico revestimento.<\/li>\n<\/ul>\n<h4>Sistema de paragem zero de precis\u00e3o:<\/h4>\n<ul>\n<li>O sistema permite-lhe bloquear a sua posi\u00e7\u00e3o zero e voltar a ela com uma paragem n\u00edtida e precisa mesmo na sua marca zero, mesmo que a esteja a rodar no escuro ou com uma persiana.<\/li>\n<\/ul>\n<h4>Alum\u00ednio 6061 T6:<\/h4>\n<ul>\n<li>O tubo de alum\u00ednio de qualidade aeron\u00e1utica 6061T6, que possui uma resist\u00eancia excecional e uma integridade mec\u00e2nica superior, proteger\u00e1 estas \u00f3pticas de classe mundial, independentemente do castigo que lhe seja infligido.<\/li>\n<\/ul>\n<h4>Constru\u00e7\u00e3o em tubo de uma s\u00f3 pe\u00e7a tratado termicamente:<\/h4>\n<ul>\n<li>O tubo de uma s\u00f3 pe\u00e7a tratado termicamente confere \u00e0 mira uma resist\u00eancia extra em compara\u00e7\u00e3o com os tubos de v\u00e1rias pe\u00e7as.  Um tubo de uma s\u00f3 pe\u00e7a tamb\u00e9m \u00e9 melhor para manter a humidade afastada, mantendo assim a sua mira \u00e0 prova de nevoeiro durante toda a vida \u00fatil do produto.<\/li>\n<\/ul>\n<h4>\u00c0 prova de \u00e1gua:<\/h4>\n<ul>\n<li>\u00c0 prova de \u00e1gua para proteger a mira nas condi\u00e7\u00f5es climat\u00e9ricas mais adversas ou em caso de submers\u00e3o acidental.<\/li>\n<\/ul>\n<p><strong>\u00c0 prova de nevoeiro:<\/strong><\/p>\n<ul>\n<li>\u00c0 prova de nevoeiro para permitir o contacto imediato com o alvo quando a espingarda \u00e9 colocada a uma temperatura ambiente fria a partir do interior quente.<\/li>\n<\/ul>\n<p><strong>\u00c0 prova de choque:<\/strong><\/p>\n<ul>\n<li>Sistema mec\u00e2nico robusto com desenhos especiais tanto no sistema de controlo como no sistema de montagem que lhe d\u00e3o a m\u00e1xima resist\u00eancia ao recuo para suportar um recuo de 1000G durante 1000 vezes.<\/li>\n<\/ul>\n<p><strong>Argon Purgado:<\/strong><\/p>\n<ul>\n<li>A purga de \u00e1rgon utiliza g\u00e1s de in\u00e9rcia com mol\u00e9culas de maior dimens\u00e3o para purgar qualquer humidade do tubo, proporcionando uma melhor impermeabiliza\u00e7\u00e3o e estabilidade t\u00e9rmica.<\/li>\n<\/ul>","protected":false},"excerpt":{"rendered":"<p>Se procura uma mira para espingardas de topo de gama, consulte a fam\u00edlia de miras para espingardas Argos BTR GEN2. A fam\u00edlia Argos BTR GEN2 \u00e9 \u00f3ptima para quem pretende iniciar-se no PRS ou noutras disciplinas de tiro de longo alcance. Esta fam\u00edlia de miras para espingardas inclui modelos FFP e SFP, paragem zero de verdadeira precis\u00e3o, lentes totalmente multi-revestidas, torres de eleva\u00e7\u00e3o e de regula\u00e7\u00e3o do vento de marca\u00e7\u00e3o direta (com tampa de 1-8\u00d724), tubo de 30 mm.<\/p>","protected":false},"featured_media":1719,"comment_status":"open","ping_status":"closed","template":"","meta":[],"etheme_brands":[{"term_id":46,"name":"Athlon","slug":"athlon","term_group":0,"term_taxonomy_id":46,"taxonomy":"brand","description":"Athlon is a proud US sports optics product company. Devoted to designing and delivering superior quality optics products and outdoor accessories at a competitive price to our consumers via our distribution and retail channels. Athlon has strong engineering capabilities, strategic alliances with quality manufacturers, and a streamlined fully integrated supply chain. These advantages enable us to bring the latest cutting edge technologies and cut out the extra layers of traditional supply chains. With these advantages we are able to deliver products to consumers with great cost savings. Our goal from day one is to pass those savings to you, the outdoor enthusiast.","parent":0,"count":8,"filter":"raw"}],"product_brand":[],"product_cat":[49],"product_tag":[],"class_list":{"0":"post-1718","1":"product","2":"type-product","3":"status-publish","4":"has-post-thumbnail","6":"brand-athlon","7":"product_cat-rifle-scopes","9":"first","10":"instock","11":"sale","12":"taxable","13":"shipping-taxable","14":"purchasable","15":"product-type-simple"},"yoast_head":"<!-- This site is optimized with the Yoast SEO Premium plugin v25.7.1 (Yoast SEO v27.4) - https:\/\/yoast.com\/product\/yoast-seo-premium-wordpress\/ -->\n<title>Athlon ARGOS BTR GEN2 10-40\u00d756 BLR SFP MOA 30mm - Hunter Optics<\/title>\n<meta name=\"description\" content=\"Athlon Argos BTR GEN2 6-24x50 FFP scope features illuminated APLR2 MOA reticle, aircraft-grade aluminum body &amp; true zero-stop. Ideal for precision shooting. Shop now.\" \/>\n<meta name=\"robots\" content=\"index, follow, max-snippet:-1, max-image-preview:large, max-video-preview:-1\" \/>\n<link rel=\"canonical\" href=\"https:\/\/hunter-optics.com\/pt\/produto\/athlon-argos-btr-gen2-10-40x56-blr-sfp-moa-30mm\/\" \/>\n<meta property=\"og:locale\" content=\"pt_PT\" \/>\n<meta property=\"og:type\" content=\"article\" \/>\n<meta property=\"og:title\" content=\"Athlon ARGOS BTR GEN2 10-40\u00d756 BLR SFP MOA 30mm\" \/>\n<meta property=\"og:description\" content=\"Athlon Argos BTR GEN2 6-24x50 FFP scope features illuminated APLR2 MOA reticle, aircraft-grade aluminum body &amp; true zero-stop. Ideal for precision shooting. Shop now.\" \/>\n<meta property=\"og:url\" content=\"https:\/\/hunter-optics.com\/pt\/produto\/athlon-argos-btr-gen2-10-40x56-blr-sfp-moa-30mm\/\" \/>\n<meta property=\"og:site_name\" content=\"Hunter Optics\" \/>\n<meta property=\"article:modified_time\" content=\"2025-08-11T07:37:34+00:00\" \/>\n<meta property=\"og:image\" content=\"https:\/\/hunter-optics.com\/wp-content\/uploads\/2025\/08\/Athlon-ARGOS-BTR-GEN2-10-40\u00d756-BLR-SFP-MOA-1.webp\" \/>\n\t<meta property=\"og:image:width\" content=\"1500\" \/>\n\t<meta property=\"og:image:height\" content=\"1500\" \/>\n\t<meta property=\"og:image:type\" content=\"image\/webp\" \/>\n<meta name=\"twitter:card\" content=\"summary_large_image\" \/>\n<meta name=\"twitter:label1\" content=\"pre\u00e7o\" \/>\n\t<meta name=\"twitter:data1\" content=\"&#036;469.99\" \/>\n\t<meta name=\"twitter:label2\" content=\"Disponibilidade\" \/>\n\t<meta name=\"twitter:data2\" content=\"Em stock\" \/>\n<script type=\"application\/ld+json\" class=\"yoast-schema-graph\">{\"@context\":\"https:\\\/\\\/schema.org\",\"@graph\":[{\"@type\":\"WebPage\",\"@id\":\"https:\\\/\\\/hunter-optics.com\\\/product\\\/athlon-argos-btr-gen2-10-40x56-blr-sfp-moa-30mm\\\/\",\"url\":\"https:\\\/\\\/hunter-optics.com\\\/product\\\/athlon-argos-btr-gen2-10-40x56-blr-sfp-moa-30mm\\\/\",\"name\":\"Athlon ARGOS BTR GEN2 10-40\u00d756 BLR SFP MOA 30mm - Hunter Optics\",\"isPartOf\":{\"@id\":\"https:\\\/\\\/hunter-optics.com\\\/#website\"},\"primaryImageOfPage\":{\"@id\":\"https:\\\/\\\/hunter-optics.com\\\/product\\\/athlon-argos-btr-gen2-10-40x56-blr-sfp-moa-30mm\\\/#primaryimage\"},\"image\":{\"@id\":\"https:\\\/\\\/hunter-optics.com\\\/product\\\/athlon-argos-btr-gen2-10-40x56-blr-sfp-moa-30mm\\\/#primaryimage\"},\"thumbnailUrl\":\"https:\\\/\\\/hunter-optics.com\\\/wp-content\\\/uploads\\\/2025\\\/08\\\/Athlon-ARGOS-BTR-GEN2-10-40\u00d756-BLR-SFP-MOA-1.webp\",\"datePublished\":\"2025-08-11T06:35:07+00:00\",\"dateModified\":\"2025-08-11T07:37:34+00:00\",\"description\":\"Athlon Argos BTR GEN2 6-24x50 FFP scope features illuminated APLR2 MOA reticle, aircraft-grade aluminum body & true zero-stop. Ideal for precision shooting. Shop now.\",\"breadcrumb\":{\"@id\":\"https:\\\/\\\/hunter-optics.com\\\/product\\\/athlon-argos-btr-gen2-10-40x56-blr-sfp-moa-30mm\\\/#breadcrumb\"},\"inLanguage\":\"pt-PT\",\"potentialAction\":[{\"@type\":\"ReadAction\",\"target\":[\"https:\\\/\\\/hunter-optics.com\\\/product\\\/athlon-argos-btr-gen2-10-40x56-blr-sfp-moa-30mm\\\/\"]}]},{\"@type\":\"ImageObject\",\"inLanguage\":\"pt-PT\",\"@id\":\"https:\\\/\\\/hunter-optics.com\\\/product\\\/athlon-argos-btr-gen2-10-40x56-blr-sfp-moa-30mm\\\/#primaryimage\",\"url\":\"https:\\\/\\\/hunter-optics.com\\\/wp-content\\\/uploads\\\/2025\\\/08\\\/Athlon-ARGOS-BTR-GEN2-10-40\u00d756-BLR-SFP-MOA-1.webp\",\"contentUrl\":\"https:\\\/\\\/hunter-optics.com\\\/wp-content\\\/uploads\\\/2025\\\/08\\\/Athlon-ARGOS-BTR-GEN2-10-40\u00d756-BLR-SFP-MOA-1.webp\",\"width\":1500,\"height\":1500,\"caption\":\"Athlon ARGOS BTR GEN2 10-40\u00d756 BLR SFP MOA\"},{\"@type\":\"BreadcrumbList\",\"@id\":\"https:\\\/\\\/hunter-optics.com\\\/product\\\/athlon-argos-btr-gen2-10-40x56-blr-sfp-moa-30mm\\\/#breadcrumb\",\"itemListElement\":[{\"@type\":\"ListItem\",\"position\":1,\"name\":\"Home\",\"item\":\"https:\\\/\\\/hunter-optics.com\\\/\"},{\"@type\":\"ListItem\",\"position\":2,\"name\":\"Products\",\"item\":\"https:\\\/\\\/hunter-optics.com\\\/shop\\\/\"},{\"@type\":\"ListItem\",\"position\":3,\"name\":\"Athlon ARGOS BTR GEN2 10-40\u00d756 BLR SFP MOA 30mm\"}]},{\"@type\":\"WebSite\",\"@id\":\"https:\\\/\\\/hunter-optics.com\\\/#website\",\"url\":\"https:\\\/\\\/hunter-optics.com\\\/\",\"name\":\"Hunter Optics\",\"description\":\"Hunter Optics \u2014 Your Eye on the Target.\",\"publisher\":{\"@id\":\"https:\\\/\\\/hunter-optics.com\\\/#organization\"},\"potentialAction\":[{\"@type\":\"SearchAction\",\"target\":{\"@type\":\"EntryPoint\",\"urlTemplate\":\"https:\\\/\\\/hunter-optics.com\\\/?s={search_term_string}\"},\"query-input\":{\"@type\":\"PropertyValueSpecification\",\"valueRequired\":true,\"valueName\":\"search_term_string\"}}],\"inLanguage\":\"pt-PT\"},{\"@type\":\"Organization\",\"@id\":\"https:\\\/\\\/hunter-optics.com\\\/#organization\",\"name\":\"Hunter Optics\",\"url\":\"https:\\\/\\\/hunter-optics.com\\\/\",\"logo\":{\"@type\":\"ImageObject\",\"inLanguage\":\"pt-PT\",\"@id\":\"https:\\\/\\\/hunter-optics.com\\\/#\\\/schema\\\/logo\\\/image\\\/\",\"url\":\"https:\\\/\\\/hunter-optics.com\\\/wp-content\\\/uploads\\\/2025\\\/06\\\/hunter-optics-logo-1.png\",\"contentUrl\":\"https:\\\/\\\/hunter-optics.com\\\/wp-content\\\/uploads\\\/2025\\\/06\\\/hunter-optics-logo-1.png\",\"width\":937,\"height\":373,\"caption\":\"Hunter Optics\"},\"image\":{\"@id\":\"https:\\\/\\\/hunter-optics.com\\\/#\\\/schema\\\/logo\\\/image\\\/\"}}]}<\/script>\n<meta property=\"product:brand\" content=\"Athlon\" \/>\n<meta property=\"product:price:amount\" content=\"469.99\" \/>\n<meta property=\"product:price:currency\" content=\"USD\" \/>\n<meta property=\"og:availability\" content=\"instock\" \/>\n<meta property=\"product:availability\" content=\"instock\" \/>\n<meta property=\"product:condition\" content=\"new\" \/>\n<!-- \/ Yoast SEO Premium plugin. -->","yoast_head_json":{"title":"Athlon ARGOS BTR GEN2 10-40\u00d756 BLR SFP MOA 30mm - Hunter Optics","description":"A mira Athlon Argos BTR GEN2 6-24x50 FFP possui um ret\u00edculo iluminado APLR2 MOA, corpo em alum\u00ednio de qualidade aeron\u00e1utica e verdadeiro ponto zero. Ideal para tiro de precis\u00e3o. Comprar agora.","robots":{"index":"index","follow":"follow","max-snippet":"max-snippet:-1","max-image-preview":"max-image-preview:large","max-video-preview":"max-video-preview:-1"},"canonical":"https:\/\/hunter-optics.com\/pt\/produto\/athlon-argos-btr-gen2-10-40x56-blr-sfp-moa-30mm\/","og_locale":"pt_PT","og_type":"article","og_title":"Athlon ARGOS BTR GEN2 10-40\u00d756 BLR SFP MOA 30mm","og_description":"Athlon Argos BTR GEN2 6-24x50 FFP scope features illuminated APLR2 MOA reticle, aircraft-grade aluminum body & true zero-stop. Ideal for precision shooting. Shop now.","og_url":"https:\/\/hunter-optics.com\/pt\/produto\/athlon-argos-btr-gen2-10-40x56-blr-sfp-moa-30mm\/","og_site_name":"Hunter Optics","article_modified_time":"2025-08-11T07:37:34+00:00","og_image":[{"width":1500,"height":1500,"url":"https:\/\/hunter-optics.com\/wp-content\/uploads\/2025\/08\/Athlon-ARGOS-BTR-GEN2-10-40\u00d756-BLR-SFP-MOA-1.webp","type":"image\/webp"}],"twitter_card":"summary_large_image","twitter_misc":{"pre\u00e7o":"&#36;469.99","Disponibilidade":"Em stock"},"schema":{"@context":"https:\/\/schema.org","@graph":[{"@type":"WebPage","@id":"https:\/\/hunter-optics.com\/product\/athlon-argos-btr-gen2-10-40x56-blr-sfp-moa-30mm\/","url":"https:\/\/hunter-optics.com\/product\/athlon-argos-btr-gen2-10-40x56-blr-sfp-moa-30mm\/","name":"Athlon ARGOS BTR GEN2 10-40\u00d756 BLR SFP MOA 30mm - Hunter Optics","isPartOf":{"@id":"https:\/\/hunter-optics.com\/#website"},"primaryImageOfPage":{"@id":"https:\/\/hunter-optics.com\/product\/athlon-argos-btr-gen2-10-40x56-blr-sfp-moa-30mm\/#primaryimage"},"image":{"@id":"https:\/\/hunter-optics.com\/product\/athlon-argos-btr-gen2-10-40x56-blr-sfp-moa-30mm\/#primaryimage"},"thumbnailUrl":"https:\/\/hunter-optics.com\/wp-content\/uploads\/2025\/08\/Athlon-ARGOS-BTR-GEN2-10-40\u00d756-BLR-SFP-MOA-1.webp","datePublished":"2025-08-11T06:35:07+00:00","dateModified":"2025-08-11T07:37:34+00:00","description":"A mira Athlon Argos BTR GEN2 6-24x50 FFP possui um ret\u00edculo iluminado APLR2 MOA, corpo em alum\u00ednio de qualidade aeron\u00e1utica e verdadeiro ponto zero. Ideal para tiro de precis\u00e3o. Comprar agora.","breadcrumb":{"@id":"https:\/\/hunter-optics.com\/product\/athlon-argos-btr-gen2-10-40x56-blr-sfp-moa-30mm\/#breadcrumb"},"inLanguage":"pt-PT","potentialAction":[{"@type":"ReadAction","target":["https:\/\/hunter-optics.com\/product\/athlon-argos-btr-gen2-10-40x56-blr-sfp-moa-30mm\/"]}]},{"@type":"ImageObject","inLanguage":"pt-PT","@id":"https:\/\/hunter-optics.com\/product\/athlon-argos-btr-gen2-10-40x56-blr-sfp-moa-30mm\/#primaryimage","url":"https:\/\/hunter-optics.com\/wp-content\/uploads\/2025\/08\/Athlon-ARGOS-BTR-GEN2-10-40\u00d756-BLR-SFP-MOA-1.webp","contentUrl":"https:\/\/hunter-optics.com\/wp-content\/uploads\/2025\/08\/Athlon-ARGOS-BTR-GEN2-10-40\u00d756-BLR-SFP-MOA-1.webp","width":1500,"height":1500,"caption":"Athlon ARGOS BTR GEN2 10-40\u00d756 BLR SFP MOA"},{"@type":"BreadcrumbList","@id":"https:\/\/hunter-optics.com\/product\/athlon-argos-btr-gen2-10-40x56-blr-sfp-moa-30mm\/#breadcrumb","itemListElement":[{"@type":"ListItem","position":1,"name":"Home","item":"https:\/\/hunter-optics.com\/"},{"@type":"ListItem","position":2,"name":"Products","item":"https:\/\/hunter-optics.com\/shop\/"},{"@type":"ListItem","position":3,"name":"Athlon ARGOS BTR GEN2 10-40\u00d756 BLR SFP MOA 30mm"}]},{"@type":"WebSite","@id":"https:\/\/hunter-optics.com\/#website","url":"https:\/\/hunter-optics.com\/","name":"\u00d3tica Hunter","description":"Hunter Optics - O seu olho no alvo.","publisher":{"@id":"https:\/\/hunter-optics.com\/#organization"},"potentialAction":[{"@type":"SearchAction","target":{"@type":"EntryPoint","urlTemplate":"https:\/\/hunter-optics.com\/?s={search_term_string}"},"query-input":{"@type":"PropertyValueSpecification","valueRequired":true,"valueName":"search_term_string"}}],"inLanguage":"pt-PT"},{"@type":"Organization","@id":"https:\/\/hunter-optics.com\/#organization","name":"\u00d3tica Hunter","url":"https:\/\/hunter-optics.com\/","logo":{"@type":"ImageObject","inLanguage":"pt-PT","@id":"https:\/\/hunter-optics.com\/#\/schema\/logo\/image\/","url":"https:\/\/hunter-optics.com\/wp-content\/uploads\/2025\/06\/hunter-optics-logo-1.png","contentUrl":"https:\/\/hunter-optics.com\/wp-content\/uploads\/2025\/06\/hunter-optics-logo-1.png","width":937,"height":373,"caption":"Hunter Optics"},"image":{"@id":"https:\/\/hunter-optics.com\/#\/schema\/logo\/image\/"}}]},"product_brand":"Athlon","product_price_amount":"469.99","product_price_currency":"USD","og_availability":"instock","product_availability":"instock","product_condition":"new"},"_links":{"self":[{"href":"https:\/\/hunter-optics.com\/pt\/wp-json\/wp\/v2\/product\/1718","targetHints":{"allow":["GET"]}}],"collection":[{"href":"https:\/\/hunter-optics.com\/pt\/wp-json\/wp\/v2\/product"}],"about":[{"href":"https:\/\/hunter-optics.com\/pt\/wp-json\/wp\/v2\/types\/product"}],"replies":[{"embeddable":true,"href":"https:\/\/hunter-optics.com\/pt\/wp-json\/wp\/v2\/comments?post=1718"}],"version-history":[{"count":2,"href":"https:\/\/hunter-optics.com\/pt\/wp-json\/wp\/v2\/product\/1718\/revisions"}],"predecessor-version":[{"id":1741,"href":"https:\/\/hunter-optics.com\/pt\/wp-json\/wp\/v2\/product\/1718\/revisions\/1741"}],"wp:featuredmedia":[{"embeddable":true,"href":"https:\/\/hunter-optics.com\/pt\/wp-json\/wp\/v2\/media\/1719"}],"wp:attachment":[{"href":"https:\/\/hunter-optics.com\/pt\/wp-json\/wp\/v2\/media?parent=1718"}],"wp:term":[{"taxonomy":"brand","embeddable":true,"href":"https:\/\/hunter-optics.com\/pt\/wp-json\/wp\/v2\/etheme_brands?post=1718"},{"taxonomy":"product_brand","embeddable":true,"href":"https:\/\/hunter-optics.com\/pt\/wp-json\/wp\/v2\/product_brand?post=1718"},{"taxonomy":"product_cat","embeddable":true,"href":"https:\/\/hunter-optics.com\/pt\/wp-json\/wp\/v2\/product_cat?post=1718"},{"taxonomy":"product_tag","embeddable":true,"href":"https:\/\/hunter-optics.com\/pt\/wp-json\/wp\/v2\/product_tag?post=1718"}],"curies":[{"name":"wp","href":"https:\/\/api.w.org\/{rel}","templated":true}]}}