{"id":1664,"date":"2025-08-09T09:52:42","date_gmt":"2025-08-09T09:52:42","guid":{"rendered":"https:\/\/hunter-optics.com\/?post_type=product&#038;p=1664"},"modified":"2025-10-11T08:57:56","modified_gmt":"2025-10-11T08:57:56","slug":"vortex-crossfire-ii-2-7x32-sfp-bdc-moa","status":"publish","type":"product","link":"https:\/\/hunter-optics.com\/pt\/produto\/vortex-crossfire-ii-2-7x32-sfp-bdc-moa\/","title":{"rendered":"Vortex CROSSFIRE\u00ae II 2-7\u00d732 SFP BDC MOA"},"content":{"rendered":"<p><strong>Vis\u00e3o geral<\/strong><\/p>\n<div class=\"product sizechart\">\n<div class=\"sizechart-details\">\n<div class=\"product sizechart\">\n<div class=\"sizechart-details\">\n<div class=\"product sizechart\">\n<div class=\"sizechart-details\">\n<p>O elevado desempenho alia-se ao econ\u00f3mico. Transparentes, resistentes e brilhantes, as nossas populares Crossfire<sup>\u00ae<\/sup>\u00a0II foi concebida para exceder os padr\u00f5es de desempenho das miras telesc\u00f3picas de pre\u00e7o semelhante. O longo al\u00edvio dos olhos, uma ocular de focagem r\u00e1pida, lentes totalmente multirrevestidas e torres MOA reajust\u00e1veis s\u00e3o carater\u00edsticas da s\u00e9rie.<\/p>\n<p><a href=\"https:\/\/www.kentonindustries.com\/products\/vortex-crossfire-ii-1\" target=\"_blank\" rel=\"external noopener\" data-uw-rm-brl=\"PR\" data-uw-original-href=\"https:\/\/www.kentonindustries.com\/products\/vortex-crossfire-ii-1\" aria-label=\"Construa sua pr\u00f3pria torre personalizada - Kenton Industries - abrir em uma nova aba\" data-uw-rm-ext-link=\"\"><img decoding=\"async\" src=\"https:\/\/vortexoptics.com\/media\/wysiwyg\/kentonlogo.jpg\" alt=\"Construa a sua pr\u00f3pria torre personalizada - Kenton Industries\" data-uw-rm-alt-original=\"Build Your Own Custom Turret - Kenton Industries\" data-uw-rm-alt=\"ALT\" \/><\/a><\/p>\n<div class=\"product sizechart\">\n<div class=\"sizechart-title\">\n<div class=\"item-title\"><strong>Crossfire II 2-7\u00d732 Dimens\u00f5es (em polegadas)<\/strong><\/div>\n<\/div>\n<div class=\"sizechart-details\">\n<div class=\"sizechart-image\"><img decoding=\"async\" src=\"https:\/\/vortexoptics.com\/media\/wysiwyg\/dim_cf2_2-7X32.png\" alt=\"Dimens\u00f5es do produto\" data-uw-rm-alt-original=\"Product Dimensions\" data-uw-rm-alt=\"ALT\" \/><\/div>\n<table class=\"lengths\">\n<tbody>\n<tr>\n<th colspan=\"6\" scope=\"colgroup\">Comprimentos<\/th>\n<\/tr>\n<tr>\n<td>L1<\/td>\n<td>L2<\/td>\n<td>L3<\/td>\n<td>L4<\/td>\n<td>L5<\/td>\n<td>L6<\/td>\n<\/tr>\n<tr>\n<td>11.52<\/td>\n<td>1.86<\/td>\n<td>1.54<\/td>\n<td>5.05<\/td>\n<td>2.78<\/td>\n<td>3.69<\/td>\n<\/tr>\n<\/tbody>\n<\/table>\n<table class=\"heights\">\n<tbody>\n<tr>\n<th colspan=\"2\" scope=\"colgroup\">Alturas<\/th>\n<\/tr>\n<tr>\n<td>H1<\/td>\n<td>H2<\/td>\n<\/tr>\n<tr>\n<td>1.53<\/td>\n<td>1.61<\/td>\n<\/tr>\n<\/tbody>\n<\/table>\n<\/div>\n<\/div>\n<\/div>\n<\/div>\n<\/div>\n<\/div>\n<p><strong>Especifica\u00e7\u00f5es<\/strong><\/p>\n<table id=\"product-vortex-specs-table\" class=\"data table spec-attributes\">\n<tbody>\n<tr>\n<th class=\"col label Magnification\" scope=\"row\">Amplia\u00e7\u00e3o<\/th>\n<td class=\"col data\" data-th=\"Magnification\">2-7x<\/td>\n<\/tr>\n<tr>\n<th class=\"col label Objective Lens Diameter\" scope=\"row\">Di\u00e2metro da lente objetiva<\/th>\n<td class=\"col data\" data-th=\"Objective Lens Diameter\">32 mm<\/td>\n<\/tr>\n<tr>\n<th class=\"col label Focal Plane\" scope=\"row\">Plano Focal<\/th>\n<td class=\"col data\" data-th=\"Focal Plane\">Segundo Plano Focal<\/td>\n<\/tr>\n<tr>\n<th class=\"col label Reticle\" scope=\"row\">Ret\u00edculo<\/th>\n<td class=\"col data\" data-th=\"Reticle\">Dead-Hold\u00ae BDC (MOA)<\/td>\n<\/tr>\n<tr>\n<th class=\"col label Eye Relief\" scope=\"row\">Al\u00edvio ocular<\/th>\n<td class=\"col data\" data-th=\"Eye Relief\">3.9&#8243;<\/td>\n<\/tr>\n<tr>\n<th class=\"col label Field of View\" scope=\"row\">Campo de vis\u00e3o<\/th>\n<td class=\"col data\" data-th=\"Field of View\">42,0\u2032 - 12,6\u2032 a 100 jardas<\/td>\n<\/tr>\n<tr>\n<th class=\"col label Turret Style\" scope=\"row\">Estilo torreta<\/th>\n<td class=\"col data\" data-th=\"Turret Style\">Com tampa<\/td>\n<\/tr>\n<tr>\n<th class=\"col label Tube Size\" scope=\"row\">Tamanho do tubo<\/th>\n<td class=\"col data\" data-th=\"Tube Size\">1 polegada<\/td>\n<\/tr>\n<tr>\n<th class=\"col label Adjustment Graduation\" scope=\"row\">Ajuste Gradua\u00e7\u00e3o<\/th>\n<td class=\"col data\" data-th=\"Adjustment Graduation\">1\/4 MOA<\/td>\n<\/tr>\n<tr>\n<th class=\"col label Travel Per Rotation\" scope=\"row\">Viagem por rota\u00e7\u00e3o<\/th>\n<td class=\"col data\" data-th=\"Travel Per Rotation\">15 MOA<\/td>\n<\/tr>\n<tr>\n<th class=\"col label Max Elevation Adjustment\" scope=\"row\">Ajuste da eleva\u00e7\u00e3o m\u00e1xima<\/th>\n<td class=\"col data\" data-th=\"Max Elevation Adjustment\">60 MOA<\/td>\n<\/tr>\n<tr>\n<th class=\"col label Max Windage Adjustment\" scope=\"row\">Ajuste m\u00e1ximo do vento<\/th>\n<td class=\"col data\" data-th=\"Max Windage Adjustment\">60 MOA<\/td>\n<\/tr>\n<tr>\n<th class=\"col label Parallax Setting\" scope=\"row\">Defini\u00e7\u00e3o de paralaxe<\/th>\n<td class=\"col data\" data-th=\"Parallax Setting\">100 jardas.<\/td>\n<\/tr>\n<tr>\n<th class=\"col label Length\" scope=\"row\">Comprimento<\/th>\n<td class=\"col data\" data-th=\"Length\">11.5&#8243;<\/td>\n<\/tr>\n<tr>\n<th class=\"col label Weight\" scope=\"row\">Peso<\/th>\n<td class=\"col data\" data-th=\"Weight\">14,3 oz<\/td>\n<\/tr>\n<\/tbody>\n<\/table>\n<p><strong>Carater\u00edsticas<\/strong><\/p>\n<table>\n<tbody>\n<tr>\n<th class=\"col label\" scope=\"row\">Sistema \u00f3tico SD<\/th>\n<td class=\"col data\">O sistema \u00f3tico de alta qualidade reduz a aberra\u00e7\u00e3o crom\u00e1tica e proporciona imagens limpas, brilhantes e n\u00edtidas.<\/td>\n<\/tr>\n<tr>\n<th class=\"col label\" scope=\"row\">Lentes totalmente multi-revestidas<\/th>\n<td class=\"col data\">Os revestimentos antirreflexo em todas as superf\u00edcies ar-vidro proporcionam uma maior transmiss\u00e3o de luz para uma maior nitidez e desempenho em condi\u00e7\u00f5es de fraca luminosidade.<\/td>\n<\/tr>\n<tr>\n<th class=\"col label\" scope=\"row\">Purga de g\u00e1s nitrog\u00e9nio<\/th>\n<td class=\"col data\">Purga de g\u00e1s e veda\u00e7\u00e3o por O-ring para um desempenho \u00e0 prova de nevoeiro e de \u00e1gua em todas as condi\u00e7\u00f5es.<\/td>\n<\/tr>\n<tr>\n<th class=\"col label\" scope=\"row\">Ocular de focagem r\u00e1pida<\/th>\n<td class=\"col data\">Permite uma focagem r\u00e1pida e f\u00e1cil do ret\u00edculo.<\/td>\n<\/tr>\n<tr>\n<th class=\"col label\" scope=\"row\">Alum\u00ednio de qualidade aeron\u00e1utica<\/th>\n<td class=\"col data\">Constru\u00eddo a partir de um bloco s\u00f3lido de alum\u00ednio de qualidade aeron\u00e1utica para resist\u00eancia e rigidez.<\/td>\n<\/tr>\n<tr>\n<th class=\"col label\" scope=\"row\">Anodiza\u00e7\u00e3o em preto mate de baixo brilho<\/th>\n<td class=\"col data\">A anodiza\u00e7\u00e3o resistente \u00e0 corros\u00e3o e ao desgaste proporciona uma superf\u00edcie mate de baixo brilho e ajuda a camuflar a posi\u00e7\u00e3o do atirador.<\/td>\n<\/tr>\n<tr>\n<th class=\"col label\" scope=\"row\">\u00c0 prova de \u00e1gua<\/th>\n<td class=\"col data\">Concebida para resistir a condi\u00e7\u00f5es climat\u00e9ricas adversas.<\/td>\n<\/tr>\n<tr>\n<th class=\"col label\" scope=\"row\">\u00c0 prova de nevoeiro<\/th>\n<td class=\"col data\">Concebida para resistir a uma vasta gama de temperaturas.<\/td>\n<\/tr>\n<tr>\n<th class=\"col label\" scope=\"row\">\u00c0 prova de choque<\/th>\n<td class=\"col data\">Concebida para suportar os mais elevados n\u00edveis de recuo e impacto.<\/td>\n<\/tr>\n<\/tbody>\n<\/table>\n<p><strong>Ret\u00edculo<\/strong><\/p>\n<div class=\"reticle-details\">\n<div class=\"reticle-info\">\n<div class=\"reticle-description\">\n<div class=\"reticle-image\">\n<div class=\"reticle-image\">\n<div class=\"reticle-image\"><img decoding=\"async\" src=\"https:\/\/vortexoptics.com\/media\/attribute\/swatch\/v\/t\/vtx_cfr-3901_dead-hold_bdc_moa_3-9x40_rs_i_ri_cu.jpg\" alt=\"imagem do ret\u00edculo\" data-uw-rm-alt-original=\"image of reticle\" data-uw-rm-alt=\"ALT\" \/><\/div>\n<div class=\"reticle-info\">\n<div class=\"reticle-description\">\n<p><strong>Em espera<sup>\u00ae<\/sup>\u00a0BDC (MOA)<\/strong>O design personalizado da marca de hash ajuda a eliminar o trabalho de adivinha\u00e7\u00e3o nas correc\u00e7\u00f5es de holdover e windage. Ideal para ca\u00e7ar\/tirar a dist\u00e2ncias vari\u00e1veis em que a estimativa do holdover \u00e9 uma preocupa\u00e7\u00e3o.<\/p>\n<\/div>\n<\/div>\n<\/div>\n<\/div>\n<\/div>\n<\/div>\n<\/div>\n<\/div>\n<\/div>","protected":false},"excerpt":{"rendered":"<p>Vis\u00e3o geral O elevado desempenho alia-se ao econ\u00f3mico. Clara, resistente e brilhante, a nossa popular linha Crossfire\u00ae II foi concebida para exceder os padr\u00f5es de desempenho de miras telesc\u00f3picas com pre\u00e7os semelhantes. Longa<\/p>","protected":false},"featured_media":1667,"comment_status":"open","ping_status":"closed","template":"","meta":[],"etheme_brands":[{"term_id":47,"name":"Vortex","slug":"vortex","term_group":0,"term_taxonomy_id":47,"taxonomy":"brand","description":"","parent":0,"count":9,"filter":"raw"}],"product_brand":[],"product_cat":[49],"product_tag":[],"class_list":{"0":"post-1664","1":"product","2":"type-product","3":"status-publish","4":"has-post-thumbnail","6":"brand-vortex","7":"product_cat-rifle-scopes","9":"first","10":"instock","11":"taxable","12":"shipping-taxable","13":"purchasable","14":"product-type-simple"},"yoast_head":"<!-- This site is optimized with the Yoast SEO Premium plugin v25.7.1 (Yoast SEO v27.4) - https:\/\/yoast.com\/product\/yoast-seo-premium-wordpress\/ -->\n<title>Vortex CROSSFIRE\u00ae II 2-7x32 SFP BDC MOA - Hunter Optics<\/title>\n<meta name=\"description\" content=\"Diamondback Tactical 4-16x44 FFP rifle scope features EBR-2C MRAD reticle, precision turrets &amp; rugged construction. Ideal for long-range accuracy. Shop Vortex optics.\" \/>\n<meta name=\"robots\" content=\"index, follow, max-snippet:-1, max-image-preview:large, max-video-preview:-1\" \/>\n<link rel=\"canonical\" href=\"https:\/\/hunter-optics.com\/pt\/produto\/vortex-crossfire-ii-2-7x32-sfp-bdc-moa\/\" \/>\n<meta property=\"og:locale\" content=\"pt_PT\" \/>\n<meta property=\"og:type\" content=\"article\" \/>\n<meta property=\"og:title\" content=\"Vortex CROSSFIRE\u00ae II 2-7x32 SFP BDC MOA\" \/>\n<meta property=\"og:description\" content=\"Diamondback Tactical 4-16x44 FFP rifle scope features EBR-2C MRAD reticle, precision turrets &amp; rugged construction. Ideal for long-range accuracy. Shop Vortex optics.\" \/>\n<meta property=\"og:url\" content=\"https:\/\/hunter-optics.com\/pt\/produto\/vortex-crossfire-ii-2-7x32-sfp-bdc-moa\/\" \/>\n<meta property=\"og:site_name\" content=\"Hunter Optics\" \/>\n<meta property=\"article:modified_time\" content=\"2025-10-11T08:57:56+00:00\" \/>\n<meta property=\"og:image\" content=\"https:\/\/hunter-optics.com\/wp-content\/uploads\/2025\/08\/Vortex-Crossfire-II-2-7x32-SFP-BDC-MOA-Rifle-Scope-1.png\" \/>\n\t<meta property=\"og:image:width\" content=\"1920\" \/>\n\t<meta property=\"og:image:height\" content=\"1123\" \/>\n\t<meta property=\"og:image:type\" content=\"image\/png\" \/>\n<meta name=\"twitter:card\" content=\"summary_large_image\" \/>\n<meta name=\"twitter:label1\" content=\"pre\u00e7o\" \/>\n\t<meta name=\"twitter:data1\" content=\"&#036;209.99\" \/>\n\t<meta name=\"twitter:label2\" content=\"Disponibilidade\" \/>\n\t<meta name=\"twitter:data2\" content=\"Em stock\" \/>\n<script type=\"application\/ld+json\" class=\"yoast-schema-graph\">{\"@context\":\"https:\\\/\\\/schema.org\",\"@graph\":[{\"@type\":\"WebPage\",\"@id\":\"https:\\\/\\\/hunter-optics.com\\\/product\\\/vortex-crossfire-ii-2-7x32-sfp-bdc-moa\\\/\",\"url\":\"https:\\\/\\\/hunter-optics.com\\\/product\\\/vortex-crossfire-ii-2-7x32-sfp-bdc-moa\\\/\",\"name\":\"Vortex CROSSFIRE\u00ae II 2-7x32 SFP BDC MOA - Hunter Optics\",\"isPartOf\":{\"@id\":\"https:\\\/\\\/hunter-optics.com\\\/#website\"},\"primaryImageOfPage\":{\"@id\":\"https:\\\/\\\/hunter-optics.com\\\/product\\\/vortex-crossfire-ii-2-7x32-sfp-bdc-moa\\\/#primaryimage\"},\"image\":{\"@id\":\"https:\\\/\\\/hunter-optics.com\\\/product\\\/vortex-crossfire-ii-2-7x32-sfp-bdc-moa\\\/#primaryimage\"},\"thumbnailUrl\":\"https:\\\/\\\/hunter-optics.com\\\/wp-content\\\/uploads\\\/2025\\\/08\\\/Vortex-Crossfire-II-2-7x32-SFP-BDC-MOA-Rifle-Scope-1.png\",\"datePublished\":\"2025-08-09T09:52:42+00:00\",\"dateModified\":\"2025-10-11T08:57:56+00:00\",\"description\":\"Diamondback Tactical 4-16x44 FFP rifle scope features EBR-2C MRAD reticle, precision turrets & rugged construction. Ideal for long-range accuracy. Shop Vortex optics.\",\"breadcrumb\":{\"@id\":\"https:\\\/\\\/hunter-optics.com\\\/product\\\/vortex-crossfire-ii-2-7x32-sfp-bdc-moa\\\/#breadcrumb\"},\"inLanguage\":\"pt-PT\",\"potentialAction\":[{\"@type\":\"ReadAction\",\"target\":[\"https:\\\/\\\/hunter-optics.com\\\/product\\\/vortex-crossfire-ii-2-7x32-sfp-bdc-moa\\\/\"]}]},{\"@type\":\"ImageObject\",\"inLanguage\":\"pt-PT\",\"@id\":\"https:\\\/\\\/hunter-optics.com\\\/product\\\/vortex-crossfire-ii-2-7x32-sfp-bdc-moa\\\/#primaryimage\",\"url\":\"https:\\\/\\\/hunter-optics.com\\\/wp-content\\\/uploads\\\/2025\\\/08\\\/Vortex-Crossfire-II-2-7x32-SFP-BDC-MOA-Rifle-Scope-1.png\",\"contentUrl\":\"https:\\\/\\\/hunter-optics.com\\\/wp-content\\\/uploads\\\/2025\\\/08\\\/Vortex-Crossfire-II-2-7x32-SFP-BDC-MOA-Rifle-Scope-1.png\",\"width\":1920,\"height\":1123,\"caption\":\"Vortex Crossfire II 2-7x32 SFP BDC MOA Rifle Scope\"},{\"@type\":\"BreadcrumbList\",\"@id\":\"https:\\\/\\\/hunter-optics.com\\\/product\\\/vortex-crossfire-ii-2-7x32-sfp-bdc-moa\\\/#breadcrumb\",\"itemListElement\":[{\"@type\":\"ListItem\",\"position\":1,\"name\":\"Home\",\"item\":\"https:\\\/\\\/hunter-optics.com\\\/\"},{\"@type\":\"ListItem\",\"position\":2,\"name\":\"Products\",\"item\":\"https:\\\/\\\/hunter-optics.com\\\/shop\\\/\"},{\"@type\":\"ListItem\",\"position\":3,\"name\":\"Vortex CROSSFIRE\u00ae II 2-7&#215;32 SFP BDC MOA\"}]},{\"@type\":\"WebSite\",\"@id\":\"https:\\\/\\\/hunter-optics.com\\\/#website\",\"url\":\"https:\\\/\\\/hunter-optics.com\\\/\",\"name\":\"Hunter Optics\",\"description\":\"Hunter Optics \u2014 Your Eye on the Target.\",\"publisher\":{\"@id\":\"https:\\\/\\\/hunter-optics.com\\\/#organization\"},\"potentialAction\":[{\"@type\":\"SearchAction\",\"target\":{\"@type\":\"EntryPoint\",\"urlTemplate\":\"https:\\\/\\\/hunter-optics.com\\\/?s={search_term_string}\"},\"query-input\":{\"@type\":\"PropertyValueSpecification\",\"valueRequired\":true,\"valueName\":\"search_term_string\"}}],\"inLanguage\":\"pt-PT\"},{\"@type\":\"Organization\",\"@id\":\"https:\\\/\\\/hunter-optics.com\\\/#organization\",\"name\":\"Hunter Optics\",\"url\":\"https:\\\/\\\/hunter-optics.com\\\/\",\"logo\":{\"@type\":\"ImageObject\",\"inLanguage\":\"pt-PT\",\"@id\":\"https:\\\/\\\/hunter-optics.com\\\/#\\\/schema\\\/logo\\\/image\\\/\",\"url\":\"https:\\\/\\\/hunter-optics.com\\\/wp-content\\\/uploads\\\/2025\\\/06\\\/hunter-optics-logo-1.png\",\"contentUrl\":\"https:\\\/\\\/hunter-optics.com\\\/wp-content\\\/uploads\\\/2025\\\/06\\\/hunter-optics-logo-1.png\",\"width\":937,\"height\":373,\"caption\":\"Hunter Optics\"},\"image\":{\"@id\":\"https:\\\/\\\/hunter-optics.com\\\/#\\\/schema\\\/logo\\\/image\\\/\"}}]}<\/script>\n<meta property=\"product:brand\" content=\"Vortex\" \/>\n<meta property=\"product:price:amount\" content=\"209.99\" \/>\n<meta property=\"product:price:currency\" content=\"USD\" \/>\n<meta property=\"og:availability\" content=\"instock\" \/>\n<meta property=\"product:availability\" content=\"instock\" \/>\n<meta property=\"product:condition\" content=\"new\" \/>\n<!-- \/ Yoast SEO Premium plugin. -->","yoast_head_json":{"title":"Vortex CROSSFIRE\u00ae II 2-7x32 SFP BDC MOA - \u00d3tica de ca\u00e7a","description":"A mira para espingarda Diamondback Tactical 4-16x44 FFP possui um ret\u00edculo EBR-2C MRAD, torres de precis\u00e3o e uma constru\u00e7\u00e3o robusta. Ideal para precis\u00e3o a longa dist\u00e2ncia. Comprar \u00f3pticas Vortex.","robots":{"index":"index","follow":"follow","max-snippet":"max-snippet:-1","max-image-preview":"max-image-preview:large","max-video-preview":"max-video-preview:-1"},"canonical":"https:\/\/hunter-optics.com\/pt\/produto\/vortex-crossfire-ii-2-7x32-sfp-bdc-moa\/","og_locale":"pt_PT","og_type":"article","og_title":"Vortex CROSSFIRE\u00ae II 2-7x32 SFP BDC MOA","og_description":"Diamondback Tactical 4-16x44 FFP rifle scope features EBR-2C MRAD reticle, precision turrets & rugged construction. Ideal for long-range accuracy. Shop Vortex optics.","og_url":"https:\/\/hunter-optics.com\/pt\/produto\/vortex-crossfire-ii-2-7x32-sfp-bdc-moa\/","og_site_name":"Hunter Optics","article_modified_time":"2025-10-11T08:57:56+00:00","og_image":[{"width":1920,"height":1123,"url":"https:\/\/hunter-optics.com\/wp-content\/uploads\/2025\/08\/Vortex-Crossfire-II-2-7x32-SFP-BDC-MOA-Rifle-Scope-1.png","type":"image\/png"}],"twitter_card":"summary_large_image","twitter_misc":{"pre\u00e7o":"&#36;209.99","Disponibilidade":"Em stock"},"schema":{"@context":"https:\/\/schema.org","@graph":[{"@type":"WebPage","@id":"https:\/\/hunter-optics.com\/product\/vortex-crossfire-ii-2-7x32-sfp-bdc-moa\/","url":"https:\/\/hunter-optics.com\/product\/vortex-crossfire-ii-2-7x32-sfp-bdc-moa\/","name":"Vortex CROSSFIRE\u00ae II 2-7x32 SFP BDC MOA - \u00d3tica de ca\u00e7a","isPartOf":{"@id":"https:\/\/hunter-optics.com\/#website"},"primaryImageOfPage":{"@id":"https:\/\/hunter-optics.com\/product\/vortex-crossfire-ii-2-7x32-sfp-bdc-moa\/#primaryimage"},"image":{"@id":"https:\/\/hunter-optics.com\/product\/vortex-crossfire-ii-2-7x32-sfp-bdc-moa\/#primaryimage"},"thumbnailUrl":"https:\/\/hunter-optics.com\/wp-content\/uploads\/2025\/08\/Vortex-Crossfire-II-2-7x32-SFP-BDC-MOA-Rifle-Scope-1.png","datePublished":"2025-08-09T09:52:42+00:00","dateModified":"2025-10-11T08:57:56+00:00","description":"A mira para espingarda Diamondback Tactical 4-16x44 FFP possui um ret\u00edculo EBR-2C MRAD, torres de precis\u00e3o e uma constru\u00e7\u00e3o robusta. Ideal para precis\u00e3o a longa dist\u00e2ncia. Comprar \u00f3pticas Vortex.","breadcrumb":{"@id":"https:\/\/hunter-optics.com\/product\/vortex-crossfire-ii-2-7x32-sfp-bdc-moa\/#breadcrumb"},"inLanguage":"pt-PT","potentialAction":[{"@type":"ReadAction","target":["https:\/\/hunter-optics.com\/product\/vortex-crossfire-ii-2-7x32-sfp-bdc-moa\/"]}]},{"@type":"ImageObject","inLanguage":"pt-PT","@id":"https:\/\/hunter-optics.com\/product\/vortex-crossfire-ii-2-7x32-sfp-bdc-moa\/#primaryimage","url":"https:\/\/hunter-optics.com\/wp-content\/uploads\/2025\/08\/Vortex-Crossfire-II-2-7x32-SFP-BDC-MOA-Rifle-Scope-1.png","contentUrl":"https:\/\/hunter-optics.com\/wp-content\/uploads\/2025\/08\/Vortex-Crossfire-II-2-7x32-SFP-BDC-MOA-Rifle-Scope-1.png","width":1920,"height":1123,"caption":"Vortex Crossfire II 2-7x32 SFP BDC MOA Rifle Scope"},{"@type":"BreadcrumbList","@id":"https:\/\/hunter-optics.com\/product\/vortex-crossfire-ii-2-7x32-sfp-bdc-moa\/#breadcrumb","itemListElement":[{"@type":"ListItem","position":1,"name":"Home","item":"https:\/\/hunter-optics.com\/"},{"@type":"ListItem","position":2,"name":"Products","item":"https:\/\/hunter-optics.com\/shop\/"},{"@type":"ListItem","position":3,"name":"Vortex CROSSFIRE\u00ae II 2-7&#215;32 SFP BDC MOA"}]},{"@type":"WebSite","@id":"https:\/\/hunter-optics.com\/#website","url":"https:\/\/hunter-optics.com\/","name":"\u00d3tica Hunter","description":"Hunter Optics - O seu olho no alvo.","publisher":{"@id":"https:\/\/hunter-optics.com\/#organization"},"potentialAction":[{"@type":"SearchAction","target":{"@type":"EntryPoint","urlTemplate":"https:\/\/hunter-optics.com\/?s={search_term_string}"},"query-input":{"@type":"PropertyValueSpecification","valueRequired":true,"valueName":"search_term_string"}}],"inLanguage":"pt-PT"},{"@type":"Organization","@id":"https:\/\/hunter-optics.com\/#organization","name":"\u00d3tica Hunter","url":"https:\/\/hunter-optics.com\/","logo":{"@type":"ImageObject","inLanguage":"pt-PT","@id":"https:\/\/hunter-optics.com\/#\/schema\/logo\/image\/","url":"https:\/\/hunter-optics.com\/wp-content\/uploads\/2025\/06\/hunter-optics-logo-1.png","contentUrl":"https:\/\/hunter-optics.com\/wp-content\/uploads\/2025\/06\/hunter-optics-logo-1.png","width":937,"height":373,"caption":"Hunter Optics"},"image":{"@id":"https:\/\/hunter-optics.com\/#\/schema\/logo\/image\/"}}]},"product_brand":"Vortex","product_price_amount":"209.99","product_price_currency":"USD","og_availability":"instock","product_availability":"instock","product_condition":"new"},"_links":{"self":[{"href":"https:\/\/hunter-optics.com\/pt\/wp-json\/wp\/v2\/product\/1664","targetHints":{"allow":["GET"]}}],"collection":[{"href":"https:\/\/hunter-optics.com\/pt\/wp-json\/wp\/v2\/product"}],"about":[{"href":"https:\/\/hunter-optics.com\/pt\/wp-json\/wp\/v2\/types\/product"}],"replies":[{"embeddable":true,"href":"https:\/\/hunter-optics.com\/pt\/wp-json\/wp\/v2\/comments?post=1664"}],"version-history":[{"count":4,"href":"https:\/\/hunter-optics.com\/pt\/wp-json\/wp\/v2\/product\/1664\/revisions"}],"predecessor-version":[{"id":1671,"href":"https:\/\/hunter-optics.com\/pt\/wp-json\/wp\/v2\/product\/1664\/revisions\/1671"}],"wp:featuredmedia":[{"embeddable":true,"href":"https:\/\/hunter-optics.com\/pt\/wp-json\/wp\/v2\/media\/1667"}],"wp:attachment":[{"href":"https:\/\/hunter-optics.com\/pt\/wp-json\/wp\/v2\/media?parent=1664"}],"wp:term":[{"taxonomy":"brand","embeddable":true,"href":"https:\/\/hunter-optics.com\/pt\/wp-json\/wp\/v2\/etheme_brands?post=1664"},{"taxonomy":"product_brand","embeddable":true,"href":"https:\/\/hunter-optics.com\/pt\/wp-json\/wp\/v2\/product_brand?post=1664"},{"taxonomy":"product_cat","embeddable":true,"href":"https:\/\/hunter-optics.com\/pt\/wp-json\/wp\/v2\/product_cat?post=1664"},{"taxonomy":"product_tag","embeddable":true,"href":"https:\/\/hunter-optics.com\/pt\/wp-json\/wp\/v2\/product_tag?post=1664"}],"curies":[{"name":"wp","href":"https:\/\/api.w.org\/{rel}","templated":true}]}}