{"id":1595,"date":"2025-08-05T07:21:39","date_gmt":"2025-08-05T07:21:39","guid":{"rendered":"https:\/\/hunter-optics.com\/?post_type=product&#038;p=1595"},"modified":"2025-10-11T09:22:12","modified_gmt":"2025-10-11T09:22:12","slug":"vortex-diamondback-tactical-4-16x44-ffp-ebr-2c-mrad-non-ir","status":"publish","type":"product","link":"https:\/\/hunter-optics.com\/pt\/produto\/vortex-diamondback-tactical-4-16x44-ffp-ebr-2c-mrad-non-ir\/","title":{"rendered":"Vortex DIAMONDBACK\u00ae Tactical 4-16\u00d744 FFP EBR-2C MRAD N\u00e3o IR"},"content":{"rendered":"<p><strong>Vis\u00e3o geral<\/strong><\/p>\n<p>Diamante<sup>\u00ae<\/sup> A Tactical traz o legado de trabalho \u00e1rduo dos Diamondback<sup>\u00ae<\/sup> A mira de um proj\u00e9til de alta precis\u00e3o \u00e9 uma das mais importantes armas de fogo do mundo t\u00e1tico, oferecendo um desempenho de confian\u00e7a aos atiradores que procuram aumentar o seu alcance efetivo. Com uma constru\u00e7\u00e3o s\u00f3lida e um vidro n\u00edtido e claro, mant\u00e9m-no concentrado, quer esteja a fazer disparos de m\u00e9dio alcance ou a estender-se at\u00e9 1000 jardas. Destina-se a novos atiradores que procuram confian\u00e7a nos seus ajustes de vento e eleva\u00e7\u00e3o. \u00c9 suficientemente resistente para suportar uma utiliza\u00e7\u00e3o intensiva, ao mesmo tempo que proporciona uma precis\u00e3o de condu\u00e7\u00e3o, tiro ap\u00f3s tiro.<\/p>\n<p><a href=\"https:\/\/www.kentonindustries.com\/products\/vortex-diamondback-tactical-ffp\" target=\"_blank\" rel=\"external noopener\" data-uw-rm-brl=\"PR\" data-uw-original-href=\"https:\/\/www.kentonindustries.com\/products\/vortex-diamondback-tactical-ffp\" aria-label=\"Construa sua pr\u00f3pria torre personalizada - Kenton Industries - abrir em uma nova aba\" data-uw-rm-ext-link=\"\"><img decoding=\"async\" src=\"https:\/\/vortexoptics.com\/media\/wysiwyg\/kentonlogo.jpg\" alt=\"Construa a sua pr\u00f3pria torre personalizada - Kenton Industries\" data-uw-rm-alt-original=\"Build Your Own Custom Turret - Kenton Industries\" data-uw-rm-alt=\"ALT\" \/><\/a><\/p>\n<div class=\"product sizechart\">\n<div class=\"sizechart-title\">\n<div class=\"item-title\"><b>Diamondback Tactical 4-16\u00d744 FFP Dimens\u00f5es (em polegadas)<\/b><\/div>\n<\/div>\n<div class=\"sizechart-details\">\n<div class=\"sizechart-image\"><img decoding=\"async\" src=\"https:\/\/vortexoptics.com\/media\/wysiwyg\/dim_dbk-tactical.png\" alt=\"Dimens\u00f5es do produto\" data-uw-rm-alt-original=\"Product Dimensions\" data-uw-rm-alt=\"ALT\" \/><\/div>\n<table class=\"lengths\">\n<tbody>\n<tr>\n<th colspan=\"6\" scope=\"colgroup\">Comprimentos<\/th>\n<\/tr>\n<tr>\n<td>L1<\/td>\n<td>L2<\/td>\n<td>L3<\/td>\n<td>L4<\/td>\n<td>L5<\/td>\n<td>L6<\/td>\n<\/tr>\n<tr>\n<td>14.06<\/td>\n<td>2.24<\/td>\n<td>2.7<\/td>\n<td>6.43<\/td>\n<td>3.83<\/td>\n<td>3.77<\/td>\n<\/tr>\n<\/tbody>\n<\/table>\n<table class=\"heights\">\n<tbody>\n<tr>\n<th colspan=\"2\" scope=\"colgroup\">Alturas<\/th>\n<\/tr>\n<tr>\n<td>H1<\/td>\n<td>H2<\/td>\n<\/tr>\n<tr>\n<td>2.01<\/td>\n<td>1.73<\/td>\n<\/tr>\n<\/tbody>\n<\/table>\n<p><strong>Especifica\u00e7\u00f5es<\/strong><\/p>\n<table id=\"product-vortex-specs-table\" class=\"data table spec-attributes\">\n<tbody>\n<tr>\n<th class=\"col label Magnification\" scope=\"row\">Amplia\u00e7\u00e3o<\/th>\n<td class=\"col data\" data-th=\"Magnification\">4-16x<\/td>\n<\/tr>\n<tr>\n<th class=\"col label Objective Lens Diameter\" scope=\"row\">Di\u00e2metro da lente objetiva<\/th>\n<td class=\"col data\" data-th=\"Objective Lens Diameter\">44 mm<\/td>\n<\/tr>\n<tr>\n<th class=\"col label Focal Plane\" scope=\"row\">Plano Focal<\/th>\n<td class=\"col data\" data-th=\"Focal Plane\">Primeiro Plano Focal<\/td>\n<\/tr>\n<tr>\n<th class=\"col label Reticle\" scope=\"row\">Ret\u00edculo<\/th>\n<td class=\"col data\" data-th=\"Reticle\">EBR-2C (MRAD)<\/td>\n<\/tr>\n<tr>\n<th class=\"col label Eye Relief\" scope=\"row\">Al\u00edvio ocular<\/th>\n<td class=\"col data\" data-th=\"Eye Relief\">3.8&#8243;<\/td>\n<\/tr>\n<tr>\n<th class=\"col label Field of View\" scope=\"row\">Campo de vis\u00e3o<\/th>\n<td class=\"col data\" data-th=\"Field of View\">26,9\u2032 - 6,7 \u2018 a 100 jardas<\/td>\n<\/tr>\n<tr>\n<th class=\"col label Turret Style\" scope=\"row\">Estilo torreta<\/th>\n<td class=\"col data\" data-th=\"Turret Style\">Exposto<\/td>\n<\/tr>\n<tr>\n<th class=\"col label Tube Size\" scope=\"row\">Tamanho do tubo<\/th>\n<td class=\"col data\" data-th=\"Tube Size\">30 mm<\/td>\n<\/tr>\n<tr>\n<th class=\"col label Adjustment Graduation\" scope=\"row\">Ajuste Gradua\u00e7\u00e3o<\/th>\n<td class=\"col data\" data-th=\"Adjustment Graduation\">.1 MRAD<\/td>\n<\/tr>\n<tr>\n<th class=\"col label Travel Per Rotation\" scope=\"row\">Viagem por rota\u00e7\u00e3o<\/th>\n<td class=\"col data\" data-th=\"Travel Per Rotation\">6 MRAD<\/td>\n<\/tr>\n<tr>\n<th class=\"col label Max Elevation Adjustment\" scope=\"row\">Ajuste da eleva\u00e7\u00e3o m\u00e1xima<\/th>\n<td class=\"col data\" data-th=\"Max Elevation Adjustment\">25 MRAD<\/td>\n<\/tr>\n<tr>\n<th class=\"col label Max Windage Adjustment\" scope=\"row\">Ajuste m\u00e1ximo do vento<\/th>\n<td class=\"col data\" data-th=\"Max Windage Adjustment\">25 MRAD<\/td>\n<\/tr>\n<tr>\n<th class=\"col label Parallax Setting\" scope=\"row\">Defini\u00e7\u00e3o de paralaxe<\/th>\n<td class=\"col data\" data-th=\"Parallax Setting\">20 jardas - \u221e<\/td>\n<\/tr>\n<tr>\n<th class=\"col label Length\" scope=\"row\">Comprimento<\/th>\n<td class=\"col data\" data-th=\"Length\">14.1&#8243;<\/td>\n<\/tr>\n<tr>\n<th class=\"col label Weight\" scope=\"row\">Peso<\/th>\n<td class=\"col data\" data-th=\"Weight\">23,1 oz<\/td>\n<\/tr>\n<\/tbody>\n<\/table>\n<p><strong>Carater\u00edsticas<\/strong><\/p>\n<table>\n<tbody>\n<tr>\n<th class=\"col label\" scope=\"row\">Sistema \u00f3tico XD<\/th>\n<td class=\"col data\">O sistema \u00f3tico de alta qualidade proporciona uma resolu\u00e7\u00e3o impressionante, nitidez de ponta a ponta, reduz consideravelmente a aberra\u00e7\u00e3o crom\u00e1tica e garante imagens brilhantes e de elevado contraste.<\/td>\n<\/tr>\n<tr>\n<th class=\"col label\" scope=\"row\">Lentes totalmente multi-revestidas<\/th>\n<td class=\"col data\">Os revestimentos antirreflexo em todas as superf\u00edcies ar-vidro proporcionam uma maior transmiss\u00e3o de luz para uma maior nitidez e desempenho em condi\u00e7\u00f5es de fraca luminosidade.<\/td>\n<\/tr>\n<tr>\n<th class=\"col label\" scope=\"row\">Ret\u00edculo do Primeiro Plano Focal<\/th>\n<td class=\"col data\">Um primeiro ret\u00edculo de plano focal est\u00e1 localizado no interior da mira perto das torres de regula\u00e7\u00e3o e eleva\u00e7\u00e3o. A escala do ret\u00edculo permanece proporcional \u00e0 imagem ampliada. As subtens\u00f5es constantes permitem uma vis\u00e3o e um alcance precisos em todas as amplia\u00e7\u00f5es. O tamanho do ret\u00edculo parecer\u00e1 maior em amplia\u00e7\u00f5es elevadas e menor em amplia\u00e7\u00f5es baixas.<\/td>\n<\/tr>\n<tr>\n<th class=\"col label\" scope=\"row\">Purga de g\u00e1s nitrog\u00e9nio<\/th>\n<td class=\"col data\">Purga de g\u00e1s e veda\u00e7\u00e3o por O-ring para um desempenho \u00e0 prova de nevoeiro e de \u00e1gua em todas as condi\u00e7\u00f5es.<\/td>\n<\/tr>\n<tr>\n<th class=\"col label\" scope=\"row\">Ocular de focagem r\u00e1pida<\/th>\n<td class=\"col data\">Permite uma focagem r\u00e1pida e f\u00e1cil do ret\u00edculo.<\/td>\n<\/tr>\n<tr>\n<th class=\"col label\" scope=\"row\">Alum\u00ednio de qualidade aeron\u00e1utica<\/th>\n<td class=\"col data\">Constru\u00eddo a partir de um bloco s\u00f3lido de alum\u00ednio de qualidade aeron\u00e1utica para resist\u00eancia e rigidez.<\/td>\n<\/tr>\n<tr>\n<th class=\"col label\" scope=\"row\">Anodiza\u00e7\u00e3o em preto mate de baixo brilho<\/th>\n<td class=\"col data\">A anodiza\u00e7\u00e3o resistente \u00e0 corros\u00e3o e ao desgaste proporciona uma superf\u00edcie mate de baixo brilho e ajuda a camuflar a posi\u00e7\u00e3o do atirador.<\/td>\n<\/tr>\n<tr>\n<th class=\"col label\" scope=\"row\">\u00c0 prova de \u00e1gua<\/th>\n<td class=\"col data\">Concebida para resistir a condi\u00e7\u00f5es climat\u00e9ricas adversas.<\/td>\n<\/tr>\n<tr>\n<th class=\"col label\" scope=\"row\">\u00c0 prova de nevoeiro<\/th>\n<td class=\"col data\">Concebida para resistir a uma vasta gama de temperaturas.<\/td>\n<\/tr>\n<tr>\n<th class=\"col label\" scope=\"row\">\u00c0 prova de choque<\/th>\n<td class=\"col data\">Concebida para suportar os mais elevados n\u00edveis de recuo e impacto.<\/td>\n<\/tr>\n<\/tbody>\n<\/table>\n<p><strong>Ret\u00edculo<\/strong><\/p>\n<div class=\"reticle-details\">\n<div class=\"reticle-image\"><img decoding=\"async\" src=\"https:\/\/vortexoptics.com\/media\/attribute\/swatch\/v\/t\/vtx_pst-5258_ebr-2c_mrad_rs_i_ri_fv.jpg\" alt=\"imagem do ret\u00edculo\" data-uw-rm-alt-original=\"image of reticle\" data-uw-rm-alt=\"ALT\" \/><\/div>\n<div class=\"reticle-info\">\n<div class=\"reticle-description\">\n<p><strong>EBR-2C (MRAD)<\/strong>Ret\u00edculo de alcance marcado com haxixe utilizando linhas de subtens\u00e3o baseadas em MRAD para correc\u00e7\u00f5es de alcance, holdover e windage. As letras referem-se \u00e0s subtens\u00f5es do ret\u00edculo listadas na tabela abaixo.<\/p>\n<\/div>\n<\/div>\n<\/div>\n<\/div>\n<\/div>","protected":false},"excerpt":{"rendered":"<p>Overview Diamondback\u00ae Tactical brings the hardworking legacy of the Diamondback\u00ae name into the tactical world, delivering trusted performance for shooters looking to extend their effective<\/p>","protected":false},"featured_media":1596,"comment_status":"open","ping_status":"closed","template":"","meta":[],"etheme_brands":[{"term_id":47,"name":"Vortex","slug":"vortex","term_group":0,"term_taxonomy_id":47,"taxonomy":"brand","description":"","parent":0,"count":9,"filter":"raw"}],"product_brand":[],"product_cat":[49],"product_tag":[],"class_list":{"0":"post-1595","1":"product","2":"type-product","3":"status-publish","4":"has-post-thumbnail","6":"brand-vortex","7":"product_cat-rifle-scopes","9":"first","10":"instock","11":"sale","12":"taxable","13":"shipping-taxable","14":"purchasable","15":"product-type-simple"},"yoast_head":"<!-- This site is optimized with the Yoast SEO Premium plugin v25.7.1 (Yoast SEO v27.4) - https:\/\/yoast.com\/product\/yoast-seo-premium-wordpress\/ -->\n<title>Vortex DIAMONDBACK\u00ae Tactical 4-16x44 FFP EBR-2C MRAD Non IR - Hunter Optics<\/title>\n<meta name=\"description\" content=\"Boost your shooting confidence. The Diamondback Tactical 4-16x44 scope provides precise MRAD adjustments and clear glass for accuracy.\" \/>\n<meta name=\"robots\" content=\"index, follow, max-snippet:-1, max-image-preview:large, max-video-preview:-1\" \/>\n<link rel=\"canonical\" href=\"https:\/\/hunter-optics.com\/pt\/produto\/vortex-diamondback-tactical-4-16x44-ffp-ebr-2c-mrad-non-ir\/\" \/>\n<meta property=\"og:locale\" content=\"pt_PT\" \/>\n<meta property=\"og:type\" content=\"article\" \/>\n<meta property=\"og:title\" content=\"Vortex DIAMONDBACK\u00ae Tactical 4-16x44 FFP EBR-2C MRAD Non IR\" \/>\n<meta property=\"og:description\" content=\"Boost your shooting confidence. The Diamondback Tactical 4-16x44 scope provides precise MRAD adjustments and clear glass for accuracy.\" \/>\n<meta property=\"og:url\" content=\"https:\/\/hunter-optics.com\/pt\/produto\/vortex-diamondback-tactical-4-16x44-ffp-ebr-2c-mrad-non-ir\/\" \/>\n<meta property=\"og:site_name\" content=\"Hunter Optics\" \/>\n<meta property=\"article:modified_time\" content=\"2025-10-11T09:22:12+00:00\" \/>\n<meta property=\"og:image\" content=\"https:\/\/hunter-optics.com\/wp-content\/uploads\/2025\/08\/Diamondback\u00ae-Tactical-4-16x44-FFP-EBR-2C-MRAD.jpg\" \/>\n\t<meta property=\"og:image:width\" content=\"876\" \/>\n\t<meta property=\"og:image:height\" content=\"876\" \/>\n\t<meta property=\"og:image:type\" content=\"image\/jpeg\" \/>\n<meta name=\"twitter:card\" content=\"summary_large_image\" \/>\n<meta name=\"twitter:label1\" content=\"pre\u00e7o\" \/>\n\t<meta name=\"twitter:data1\" content=\"&#036;559.99\" \/>\n\t<meta name=\"twitter:label2\" content=\"Disponibilidade\" \/>\n\t<meta name=\"twitter:data2\" content=\"Em stock\" \/>\n<script type=\"application\/ld+json\" class=\"yoast-schema-graph\">{\"@context\":\"https:\\\/\\\/schema.org\",\"@graph\":[{\"@type\":\"WebPage\",\"@id\":\"https:\\\/\\\/hunter-optics.com\\\/product\\\/vortex-diamondback-tactical-4-16x44-ffp-ebr-2c-mrad-non-ir\\\/\",\"url\":\"https:\\\/\\\/hunter-optics.com\\\/product\\\/vortex-diamondback-tactical-4-16x44-ffp-ebr-2c-mrad-non-ir\\\/\",\"name\":\"Vortex DIAMONDBACK\u00ae Tactical 4-16x44 FFP EBR-2C MRAD Non IR - Hunter Optics\",\"isPartOf\":{\"@id\":\"https:\\\/\\\/hunter-optics.com\\\/#website\"},\"primaryImageOfPage\":{\"@id\":\"https:\\\/\\\/hunter-optics.com\\\/product\\\/vortex-diamondback-tactical-4-16x44-ffp-ebr-2c-mrad-non-ir\\\/#primaryimage\"},\"image\":{\"@id\":\"https:\\\/\\\/hunter-optics.com\\\/product\\\/vortex-diamondback-tactical-4-16x44-ffp-ebr-2c-mrad-non-ir\\\/#primaryimage\"},\"thumbnailUrl\":\"https:\\\/\\\/hunter-optics.com\\\/wp-content\\\/uploads\\\/2025\\\/08\\\/Diamondback\u00ae-Tactical-4-16x44-FFP-EBR-2C-MRAD.jpg\",\"datePublished\":\"2025-08-05T07:21:39+00:00\",\"dateModified\":\"2025-10-11T09:22:12+00:00\",\"description\":\"Boost your shooting confidence. The Diamondback Tactical 4-16x44 scope provides precise MRAD adjustments and clear glass for accuracy.\",\"breadcrumb\":{\"@id\":\"https:\\\/\\\/hunter-optics.com\\\/product\\\/vortex-diamondback-tactical-4-16x44-ffp-ebr-2c-mrad-non-ir\\\/#breadcrumb\"},\"inLanguage\":\"pt-PT\",\"potentialAction\":[{\"@type\":\"ReadAction\",\"target\":[\"https:\\\/\\\/hunter-optics.com\\\/product\\\/vortex-diamondback-tactical-4-16x44-ffp-ebr-2c-mrad-non-ir\\\/\"]}]},{\"@type\":\"ImageObject\",\"inLanguage\":\"pt-PT\",\"@id\":\"https:\\\/\\\/hunter-optics.com\\\/product\\\/vortex-diamondback-tactical-4-16x44-ffp-ebr-2c-mrad-non-ir\\\/#primaryimage\",\"url\":\"https:\\\/\\\/hunter-optics.com\\\/wp-content\\\/uploads\\\/2025\\\/08\\\/Diamondback\u00ae-Tactical-4-16x44-FFP-EBR-2C-MRAD.jpg\",\"contentUrl\":\"https:\\\/\\\/hunter-optics.com\\\/wp-content\\\/uploads\\\/2025\\\/08\\\/Diamondback\u00ae-Tactical-4-16x44-FFP-EBR-2C-MRAD.jpg\",\"width\":876,\"height\":876},{\"@type\":\"BreadcrumbList\",\"@id\":\"https:\\\/\\\/hunter-optics.com\\\/product\\\/vortex-diamondback-tactical-4-16x44-ffp-ebr-2c-mrad-non-ir\\\/#breadcrumb\",\"itemListElement\":[{\"@type\":\"ListItem\",\"position\":1,\"name\":\"Home\",\"item\":\"https:\\\/\\\/hunter-optics.com\\\/\"},{\"@type\":\"ListItem\",\"position\":2,\"name\":\"Products\",\"item\":\"https:\\\/\\\/hunter-optics.com\\\/shop\\\/\"},{\"@type\":\"ListItem\",\"position\":3,\"name\":\"Vortex DIAMONDBACK\u00ae Tactical 4-16&#215;44 FFP EBR-2C MRAD Non IR\"}]},{\"@type\":\"WebSite\",\"@id\":\"https:\\\/\\\/hunter-optics.com\\\/#website\",\"url\":\"https:\\\/\\\/hunter-optics.com\\\/\",\"name\":\"Hunter Optics\",\"description\":\"Hunter Optics \u2014 Your Eye on the Target.\",\"publisher\":{\"@id\":\"https:\\\/\\\/hunter-optics.com\\\/#organization\"},\"potentialAction\":[{\"@type\":\"SearchAction\",\"target\":{\"@type\":\"EntryPoint\",\"urlTemplate\":\"https:\\\/\\\/hunter-optics.com\\\/?s={search_term_string}\"},\"query-input\":{\"@type\":\"PropertyValueSpecification\",\"valueRequired\":true,\"valueName\":\"search_term_string\"}}],\"inLanguage\":\"pt-PT\"},{\"@type\":\"Organization\",\"@id\":\"https:\\\/\\\/hunter-optics.com\\\/#organization\",\"name\":\"Hunter Optics\",\"url\":\"https:\\\/\\\/hunter-optics.com\\\/\",\"logo\":{\"@type\":\"ImageObject\",\"inLanguage\":\"pt-PT\",\"@id\":\"https:\\\/\\\/hunter-optics.com\\\/#\\\/schema\\\/logo\\\/image\\\/\",\"url\":\"https:\\\/\\\/hunter-optics.com\\\/wp-content\\\/uploads\\\/2025\\\/06\\\/hunter-optics-logo-1.png\",\"contentUrl\":\"https:\\\/\\\/hunter-optics.com\\\/wp-content\\\/uploads\\\/2025\\\/06\\\/hunter-optics-logo-1.png\",\"width\":937,\"height\":373,\"caption\":\"Hunter Optics\"},\"image\":{\"@id\":\"https:\\\/\\\/hunter-optics.com\\\/#\\\/schema\\\/logo\\\/image\\\/\"}}]}<\/script>\n<meta property=\"product:brand\" content=\"Vortex\" \/>\n<meta property=\"product:price:amount\" content=\"559.99\" \/>\n<meta property=\"product:price:currency\" content=\"USD\" \/>\n<meta property=\"og:availability\" content=\"instock\" \/>\n<meta property=\"product:availability\" content=\"instock\" \/>\n<meta property=\"product:condition\" content=\"new\" \/>\n<!-- \/ Yoast SEO Premium plugin. -->","yoast_head_json":{"title":"Vortex DIAMONDBACK\u00ae Tactical 4-16x44 FFP EBR-2C MRAD N\u00e3o IR - Hunter Optics","description":"Boost your shooting confidence. The Diamondback Tactical 4-16x44 scope provides precise MRAD adjustments and clear glass for accuracy.","robots":{"index":"index","follow":"follow","max-snippet":"max-snippet:-1","max-image-preview":"max-image-preview:large","max-video-preview":"max-video-preview:-1"},"canonical":"https:\/\/hunter-optics.com\/pt\/produto\/vortex-diamondback-tactical-4-16x44-ffp-ebr-2c-mrad-non-ir\/","og_locale":"pt_PT","og_type":"article","og_title":"Vortex DIAMONDBACK\u00ae Tactical 4-16x44 FFP EBR-2C MRAD Non IR","og_description":"Boost your shooting confidence. The Diamondback Tactical 4-16x44 scope provides precise MRAD adjustments and clear glass for accuracy.","og_url":"https:\/\/hunter-optics.com\/pt\/produto\/vortex-diamondback-tactical-4-16x44-ffp-ebr-2c-mrad-non-ir\/","og_site_name":"Hunter Optics","article_modified_time":"2025-10-11T09:22:12+00:00","og_image":[{"width":876,"height":876,"url":"https:\/\/hunter-optics.com\/wp-content\/uploads\/2025\/08\/Diamondback\u00ae-Tactical-4-16x44-FFP-EBR-2C-MRAD.jpg","type":"image\/jpeg"}],"twitter_card":"summary_large_image","twitter_misc":{"pre\u00e7o":"&#36;559.99","Disponibilidade":"Em stock"},"schema":{"@context":"https:\/\/schema.org","@graph":[{"@type":"WebPage","@id":"https:\/\/hunter-optics.com\/product\/vortex-diamondback-tactical-4-16x44-ffp-ebr-2c-mrad-non-ir\/","url":"https:\/\/hunter-optics.com\/product\/vortex-diamondback-tactical-4-16x44-ffp-ebr-2c-mrad-non-ir\/","name":"Vortex DIAMONDBACK\u00ae Tactical 4-16x44 FFP EBR-2C MRAD N\u00e3o IR - Hunter Optics","isPartOf":{"@id":"https:\/\/hunter-optics.com\/#website"},"primaryImageOfPage":{"@id":"https:\/\/hunter-optics.com\/product\/vortex-diamondback-tactical-4-16x44-ffp-ebr-2c-mrad-non-ir\/#primaryimage"},"image":{"@id":"https:\/\/hunter-optics.com\/product\/vortex-diamondback-tactical-4-16x44-ffp-ebr-2c-mrad-non-ir\/#primaryimage"},"thumbnailUrl":"https:\/\/hunter-optics.com\/wp-content\/uploads\/2025\/08\/Diamondback\u00ae-Tactical-4-16x44-FFP-EBR-2C-MRAD.jpg","datePublished":"2025-08-05T07:21:39+00:00","dateModified":"2025-10-11T09:22:12+00:00","description":"Boost your shooting confidence. The Diamondback Tactical 4-16x44 scope provides precise MRAD adjustments and clear glass for accuracy.","breadcrumb":{"@id":"https:\/\/hunter-optics.com\/product\/vortex-diamondback-tactical-4-16x44-ffp-ebr-2c-mrad-non-ir\/#breadcrumb"},"inLanguage":"pt-PT","potentialAction":[{"@type":"ReadAction","target":["https:\/\/hunter-optics.com\/product\/vortex-diamondback-tactical-4-16x44-ffp-ebr-2c-mrad-non-ir\/"]}]},{"@type":"ImageObject","inLanguage":"pt-PT","@id":"https:\/\/hunter-optics.com\/product\/vortex-diamondback-tactical-4-16x44-ffp-ebr-2c-mrad-non-ir\/#primaryimage","url":"https:\/\/hunter-optics.com\/wp-content\/uploads\/2025\/08\/Diamondback\u00ae-Tactical-4-16x44-FFP-EBR-2C-MRAD.jpg","contentUrl":"https:\/\/hunter-optics.com\/wp-content\/uploads\/2025\/08\/Diamondback\u00ae-Tactical-4-16x44-FFP-EBR-2C-MRAD.jpg","width":876,"height":876},{"@type":"BreadcrumbList","@id":"https:\/\/hunter-optics.com\/product\/vortex-diamondback-tactical-4-16x44-ffp-ebr-2c-mrad-non-ir\/#breadcrumb","itemListElement":[{"@type":"ListItem","position":1,"name":"Home","item":"https:\/\/hunter-optics.com\/"},{"@type":"ListItem","position":2,"name":"Products","item":"https:\/\/hunter-optics.com\/shop\/"},{"@type":"ListItem","position":3,"name":"Vortex DIAMONDBACK\u00ae Tactical 4-16&#215;44 FFP EBR-2C MRAD Non IR"}]},{"@type":"WebSite","@id":"https:\/\/hunter-optics.com\/#website","url":"https:\/\/hunter-optics.com\/","name":"\u00d3tica Hunter","description":"Hunter Optics - O seu olho no alvo.","publisher":{"@id":"https:\/\/hunter-optics.com\/#organization"},"potentialAction":[{"@type":"SearchAction","target":{"@type":"EntryPoint","urlTemplate":"https:\/\/hunter-optics.com\/?s={search_term_string}"},"query-input":{"@type":"PropertyValueSpecification","valueRequired":true,"valueName":"search_term_string"}}],"inLanguage":"pt-PT"},{"@type":"Organization","@id":"https:\/\/hunter-optics.com\/#organization","name":"\u00d3tica Hunter","url":"https:\/\/hunter-optics.com\/","logo":{"@type":"ImageObject","inLanguage":"pt-PT","@id":"https:\/\/hunter-optics.com\/#\/schema\/logo\/image\/","url":"https:\/\/hunter-optics.com\/wp-content\/uploads\/2025\/06\/hunter-optics-logo-1.png","contentUrl":"https:\/\/hunter-optics.com\/wp-content\/uploads\/2025\/06\/hunter-optics-logo-1.png","width":937,"height":373,"caption":"Hunter Optics"},"image":{"@id":"https:\/\/hunter-optics.com\/#\/schema\/logo\/image\/"}}]},"product_brand":"Vortex","product_price_amount":"559.99","product_price_currency":"USD","og_availability":"instock","product_availability":"instock","product_condition":"new"},"_links":{"self":[{"href":"https:\/\/hunter-optics.com\/pt\/wp-json\/wp\/v2\/product\/1595","targetHints":{"allow":["GET"]}}],"collection":[{"href":"https:\/\/hunter-optics.com\/pt\/wp-json\/wp\/v2\/product"}],"about":[{"href":"https:\/\/hunter-optics.com\/pt\/wp-json\/wp\/v2\/types\/product"}],"replies":[{"embeddable":true,"href":"https:\/\/hunter-optics.com\/pt\/wp-json\/wp\/v2\/comments?post=1595"}],"version-history":[{"count":7,"href":"https:\/\/hunter-optics.com\/pt\/wp-json\/wp\/v2\/product\/1595\/revisions"}],"predecessor-version":[{"id":1677,"href":"https:\/\/hunter-optics.com\/pt\/wp-json\/wp\/v2\/product\/1595\/revisions\/1677"}],"wp:featuredmedia":[{"embeddable":true,"href":"https:\/\/hunter-optics.com\/pt\/wp-json\/wp\/v2\/media\/1596"}],"wp:attachment":[{"href":"https:\/\/hunter-optics.com\/pt\/wp-json\/wp\/v2\/media?parent=1595"}],"wp:term":[{"taxonomy":"brand","embeddable":true,"href":"https:\/\/hunter-optics.com\/pt\/wp-json\/wp\/v2\/etheme_brands?post=1595"},{"taxonomy":"product_brand","embeddable":true,"href":"https:\/\/hunter-optics.com\/pt\/wp-json\/wp\/v2\/product_brand?post=1595"},{"taxonomy":"product_cat","embeddable":true,"href":"https:\/\/hunter-optics.com\/pt\/wp-json\/wp\/v2\/product_cat?post=1595"},{"taxonomy":"product_tag","embeddable":true,"href":"https:\/\/hunter-optics.com\/pt\/wp-json\/wp\/v2\/product_tag?post=1595"}],"curies":[{"name":"wp","href":"https:\/\/api.w.org\/{rel}","templated":true}]}}