{"id":1567,"date":"2025-07-31T09:31:36","date_gmt":"2025-07-31T09:31:36","guid":{"rendered":"https:\/\/hunter-optics.com\/?post_type=product&#038;p=1567"},"modified":"2025-10-11T09:22:10","modified_gmt":"2025-10-11T09:22:10","slug":"mira-de-ponto-vermelho-micro-ultra-compacta-swampfox-sentinel","status":"publish","type":"product","link":"https:\/\/hunter-optics.com\/pt\/produto\/mira-de-ponto-vermelho-micro-ultra-compacta-swampfox-sentinel\/","title":{"rendered":"Swampfox Sentinel Ultra-Compacta Micro Mira de Ponto Vermelho"},"content":{"rendered":"<div class=\"celwidget aplus-module basic-module-13-text aplus-standard\" data-csa-c-id=\"q2f2ji-tav081-x21ukz-rlru7n\" data-cel-widget=\"aplus-basic-module-13-text\">\n<div class=\"a-section a-spacing-none aplus-module aplus-module-13 aplus-module-wrapper apm-fixed-width\">\n<div class=\"a-section a-spacing-none aplus-13-heading\">\n<h3 class=\"a-size-extra-large aplus-13-heading-text a-text-bold\">SEMPRE PRONTO<\/h3>\n<\/div>\n<div class=\"a-section a-spacing-none aplus-module-section aplus-text-section\">\n<p class=\"description\">Fizeste o trabalho. Frequentaste as aulas e fizeste os exerc\u00edcios. N\u00e3o se limita a disparar regularmente, mas treina arduamente quando o faz. \u00c9 a si que pedem ajuda para perceber o temporizador de disparos. O fogo seco \u00e9 o seu tempo de medita\u00e7\u00e3o zen e o porte di\u00e1rio faz parte do seu estilo de vida.<\/p>\n<p class=\"description\">Est\u00e1 pronto para melhorar o sistema de mira da sua arma de transporte para a mais recente tecnologia dispon\u00edvel. O Swampfox Sentinel est\u00e1 pronto para si.<\/p>\n<\/div>\n<\/div>\n<\/div>\n<div class=\"celwidget aplus-module module-2 aplus-standard\" data-csa-c-id=\"rbs0ir-u2z1il-h9xkf8-kkh1er\" data-cel-widget=\"aplus-module-2\">\n<div class=\"aplus-module-wrapper apm-floatnone apm-fixed-width\">\n<div class=\"apm-sidemodule apm-spacing\">\n<div class=\"apm-sidemodule-imageleft\"><img decoding=\"async\" class=\"\" src=\"https:\/\/m.media-amazon.com\/images\/S\/aplus-media\/sc\/54542c89-d99e-4679-8d80-9171c4237607.__CR234,0,1032,1032_PT0_SX300_V1___.jpg\" alt=\"Mundo real\" data-src=\"https:\/\/m.media-amazon.com\/images\/S\/aplus-media\/sc\/54542c89-d99e-4679-8d80-9171c4237607.__CR234,0,1032,1032_PT0_SX300_V1___.jpg\" \/><\/div>\n<div class=\"apm-sidemodule-textright\">\n<h3 class=\"a-spacing-mini\">MUNDO REAL, VANTAGEM REAL<\/h3>\n<p>As miras de pontos vermelhos montadas em corredi\u00e7as est\u00e3o a tomar de assalto o mundo da aplica\u00e7\u00e3o da lei e da competi\u00e7\u00e3o, e por boas raz\u00f5es. As vantagens da mira focada no alvo, o rastreio mais r\u00e1pido da mira para disparos de seguimento mais r\u00e1pidos e o aumento da precis\u00e3o aplicam-se tanto ao transporte oculto como \u00e0 utiliza\u00e7\u00e3o em servi\u00e7o ou em competi\u00e7\u00e3o. \u00c9 um verdadeiro aumento de desempenho, de dia ou de noite.<\/p>\n<p>Dois modelos Sentinel est\u00e3o prontos para enfrentar os desafios do transporte quotidiano. O Sentinel-M \u00e9 a vers\u00e3o com bot\u00e3o de press\u00e3o manual e o Sentinel-A possui um ajuste de luminosidade totalmente autom\u00e1tico.<\/p>\n<\/div>\n<\/div>\n<\/div>\n<div><\/div>\n<\/div>\n<div class=\"celwidget aplus-module module-3 aplus-standard\" data-csa-c-id=\"juuqzu-oium0l-b3uhn2-a41tru\" data-cel-widget=\"aplus-module-3\">\n<div class=\"aplus-module-wrapper apm-floatnone apm-fixed-width\">\n<div class=\"apm-sidemodule apm-spacing\">\n<div class=\"apm-sidemodule-imageright\"><img decoding=\"async\" class=\"a-spacing-mini\" src=\"https:\/\/m.media-amazon.com\/images\/S\/aplus-media\/sc\/438cbd30-e759-4f69-891f-3398f3839253.__CR250,0,1000,1000_PT0_SX300_V1___.jpg\" alt=\"Manual Autom\u00e1tico\" data-src=\"https:\/\/m.media-amazon.com\/images\/S\/aplus-media\/sc\/438cbd30-e759-4f69-891f-3398f3839253.__CR250,0,1000,1000_PT0_SX300_V1___.jpg\" \/><\/div>\n<div class=\"apm-sidemodule-textleft\">\n<h3 class=\"a-spacing-mini\">MANUAL VS. AUTOM\u00c1TICO, A ESCOLHA \u00c9 SUA<\/h3>\n<p>O Sentinel-M possui dez defini\u00e7\u00f5es de brilho ajustadas manualmente, acedidas atrav\u00e9s de bot\u00f5es digitais. A ilumina\u00e7\u00e3o com sensor de movimento Shake \u2018N Wake preserva a vida \u00fatil da bateria quando o Sentinel-M fica im\u00f3vel durante cerca de 4 minutos. Assim que o movimento \u00e9 retomado, o Sentinel-M retoma o seu n\u00edvel de brilho anterior. Desligue manualmente o Sentinel-M premindo o bot\u00e3o de brilho DOWN durante 3 segundos.<\/p>\n<p>O Sentinel-A nunca dorme. Um sensor fotossens\u00edvel no lado esquerdo do corpo da mira fornece um ponto brilhante em rela\u00e7\u00e3o \u00e0 luz ambiente em todas as condi\u00e7\u00f5es, de dia ou de noite. N\u00e3o existem quaisquer controlos manuais, nem Shake \u2018N Wake - n\u00e3o h\u00e1 forma de o Sentinel-A ser acidentalmente desligado, nunca. Instale a pilha CR2032 por baixo do Sentinel-A e est\u00e1 pronto a funcionar durante dois anos seguidos - n\u00e3o h\u00e1 nada com que se preocupar.<\/p>\n<\/div>\n<\/div>\n<\/div>\n<div><\/div>\n<\/div>\n<div class=\"celwidget aplus-module module-2 aplus-standard\" data-csa-c-id=\"8jjy7y-gvjmk6-bc20yy-ndkuda\" data-cel-widget=\"aplus-module-2\">\n<div class=\"aplus-module-wrapper apm-floatnone apm-fixed-width\">\n<div class=\"apm-sidemodule apm-spacing\">\n<div class=\"apm-sidemodule-imageleft\"><img decoding=\"async\" class=\"\" src=\"https:\/\/m.media-amazon.com\/images\/S\/aplus-media\/sc\/878d3c56-1005-4b10-9bf7-0ad2f063b772.__CR170,0,1174,1174_PT0_SX300_V1___.jpg\" alt=\"Bateria com pontos mais brilhantes\" data-src=\"https:\/\/m.media-amazon.com\/images\/S\/aplus-media\/sc\/878d3c56-1005-4b10-9bf7-0ad2f063b772.__CR170,0,1174,1174_PT0_SX300_V1___.jpg\" \/><\/div>\n<div class=\"apm-sidemodule-textright\">\n<h3 class=\"a-spacing-mini\">PONTO MAIS BRILHANTE, MAIOR DURA\u00c7\u00c3O DA BATERIA<\/h3>\n<p>Tal como o Liberty e o Justice, o Sentinel utiliza um emissor de alta efici\u00eancia que projecta um ponto vermelho de 3 MOA. A defini\u00e7\u00e3o mais elevada do Sentinel \u00e9 mais brilhante do que qualquer outro ponto vermelho Swampfox atual.<\/p>\n<p>N\u00e3o h\u00e1 espa\u00e7o para um sistema de tabuleiro robusto e forte com uma \u00e1rea t\u00e3o pequena, pelo que substituir a bateria do Sentinel significa remover a \u00f3tica e, potencialmente, voltar a zerar.<\/p>\n<p>A boa not\u00edcia \u00e9 que a elimina\u00e7\u00e3o do sistema de tabuleiro cria espa\u00e7o para utilizar uma pilha CR2032 maior, duplicando efetivamente a dura\u00e7\u00e3o da pilha. Quer escolha a Sentinel-M ou a Sentinel-A, espere dois anos de vida \u00fatil da bateria no mundo real, mesmo transportando a sua pistola durante todo o dia, todos os dias.<\/p>\n<\/div>\n<\/div>\n<\/div>\n<div><\/div>\n<\/div>\n<div class=\"celwidget aplus-module module-3 aplus-standard\" data-csa-c-id=\"v2vfqx-i05djb-tdj468-kg4alu\" data-cel-widget=\"aplus-module-3\">\n<div class=\"aplus-module-wrapper apm-floatnone apm-fixed-width\">\n<div class=\"apm-sidemodule apm-spacing\">\n<div class=\"apm-sidemodule-imageright\"><img decoding=\"async\" class=\"a-spacing-mini\" src=\"https:\/\/m.media-amazon.com\/images\/S\/aplus-media\/sc\/b1227ee4-3a1b-40cb-8099-1bd31acb5cc1.__CR200,0,800,800_PT0_SX300_V1___.jpg\" alt=\"Fus\u00e3o de metal e vidro\" data-src=\"https:\/\/m.media-amazon.com\/images\/S\/aplus-media\/sc\/b1227ee4-3a1b-40cb-8099-1bd31acb5cc1.__CR200,0,800,800_PT0_SX300_V1___.jpg\" \/><\/div>\n<div class=\"apm-sidemodule-textleft\">\n<h3 class=\"a-spacing-mini\">UMA FUS\u00c3O DE METAL E VIDRO<\/h3>\n<p>Outras empresas est\u00e3o a produzir pontos de pistola finos com corpos de pl\u00e1stico e lentes de pol\u00edmero transparente.<\/p>\n<p>N\u00e3o, obrigado. N\u00e3o \u00e9 o nosso estilo.<\/p>\n<p>A Sentinel \u00e9 fabricada em alum\u00ednio 7075-T6 maquinado por CNC, com revestimento duro em preto mate, e possui vidro multicoated da mesma excelente qualidade utilizada nas nossas miras de precis\u00e3o para espingardas de longo alcance.<\/p>\n<\/div>\n<\/div>\n<\/div>\n<div><\/div>\n<\/div>\n<div class=\"celwidget aplus-module module-9 aplus-standard\" data-csa-c-id=\"am66hf-mzscfy-6gs7ni-jjckkm\" data-cel-widget=\"aplus-module-9\">\n<div class=\"aplus-module-wrapper apm-fixed-width apm-spacing\">\n<div class=\"apm-flex\">\n<div class=\"apm-flex-item-third-width\">\n<p class=\"apm-text-center\"><img decoding=\"async\" class=\"a-spacing-mini\" src=\"https:\/\/m.media-amazon.com\/images\/S\/aplus-media\/sc\/abf4e33f-69ca-4326-a4ec-cd868f4e2187.__CR250,0,1000,1000_PT0_SX300_V1___.jpg\" alt=\"O que \u00e9 que serve\" data-src=\"https:\/\/m.media-amazon.com\/images\/S\/aplus-media\/sc\/abf4e33f-69ca-4326-a4ec-cd868f4e2187.__CR250,0,1000,1000_PT0_SX300_V1___.jpg\" \/><\/p>\n<h4 class=\"a-spacing-mini\">MAS O QUE \u00c9 QUE SERVE?<\/h4>\n<p>O Sentinel \u00e9 muito pequeno. Tem cerca de 2,5 cm de altura, 2,5 cm de largura e 1,6 cm de comprimento. A janela de 16 mm x 16 mm, suficientemente grande para uma aquisi\u00e7\u00e3o r\u00e1pida e um acompanhamento da mira, \u00e9 suficientemente pequena para n\u00e3o afetar a capacidade de oculta\u00e7\u00e3o.<\/p>\n<p>A Sentinel adapta-se \u00e0 Sig P365XL, Springfield Hellcat OSP, Canik Elite SC, S&amp;W Shield 2.0 Optics Ready, Walther PPS M2 Optics Ready - qualquer corredi\u00e7a fina com uma pegada RMSc incorporada, quer seja cortada de f\u00e1brica ou pelo armeiro.<\/p>\n<\/div>\n<div class=\"apm-flex-item-third-width\">\n<p class=\"apm-text-center\"><img decoding=\"async\" class=\"a-spacing-mini\" src=\"https:\/\/m.media-amazon.com\/images\/S\/aplus-media\/sc\/5d9c00ad-f104-478e-a883-e524d280610d.__CR250,0,1001,1001_PT0_SX300_V1___.jpg\" alt=\"Fi\u00e1vel\" data-src=\"https:\/\/m.media-amazon.com\/images\/S\/aplus-media\/sc\/5d9c00ad-f104-478e-a883-e524d280610d.__CR250,0,1001,1001_PT0_SX300_V1___.jpg\" \/><\/p>\n<h4 class=\"a-spacing-mini\">ULTRA FI\u00c1VEL<\/h4>\n<p>Uma \u00f3tica de transporte oculto tem de ser ultra fi\u00e1vel, porque est\u00e1 literalmente a apostar a sua vida em como estar\u00e1 pronta quando for chamada. Algumas pistolas, como a P365XL mostrada na imagem ao lado, n\u00e3o t\u00eam forma de fazer o co-witness das miras de ferro depois de instalado um ponto. Se o ponto cair, n\u00e3o h\u00e1 outras miras.<\/p>\n<p>O Sentinel \u00e9 \u00e0 prova de \u00e1gua \u201cdunk it\u201d quando instalado utilizando o vedante flex\u00edvel inclu\u00eddo que se encaixa entre a \u00f3tica e a base. Est\u00e1 classificado para choques at\u00e9 uns incr\u00edveis 1500 G.<\/p>\n<\/div>\n<div class=\"apm-flex-item-third-width\">\n<p class=\"apm-text-center\"><img decoding=\"async\" class=\"a-spacing-mini\" src=\"https:\/\/m.media-amazon.com\/images\/S\/aplus-media\/sc\/dca4b11c-df34-47cf-9c1a-e8cd0ba7760b.__CR154,0,1193,1193_PT0_SX300_V1___.jpg\" alt=\"Disparar 50000 balas\" data-src=\"https:\/\/m.media-amazon.com\/images\/S\/aplus-media\/sc\/dca4b11c-df34-47cf-9c1a-e8cd0ba7760b.__CR154,0,1193,1193_PT0_SX300_V1___.jpg\" \/><\/p>\n<h4 class=\"a-spacing-mini\">DISPARAR 50.000 BALAS<\/h4>\n<p>A sorte favorece os que est\u00e3o preparados, certo? Por isso, vai l\u00e1 para fora e treina muito. \u00c0 medida que a contagem de balas aumenta, \u00e0 medida que ganha desgaste no coldre da pistola, \u00e0 medida que substitui as molas de recuo e as molas do carregador, e sim, as baterias tamb\u00e9m, o Sentinel n\u00e3o desiste, e n\u00f3s tamb\u00e9m n\u00e3o.<\/p>\n<p>Se o Sentinel deixar de funcionar dentro de 50.000 cartuchos de fogo real, a Swampfox ir\u00e1 repar\u00e1-lo ou substitu\u00ed-lo prontamente. Esse \u00e9 o nosso c\u00f3digo. Essa \u00e9 a nossa palavra.<\/p>\n<\/div>\n<\/div>\n<\/div>\n<div><\/div>\n<\/div>\n<div class=\"celwidget aplus-module module-16-tech-specs aplus-standard\" data-csa-c-id=\"lx1z06-7ouehe-wicqj9-b3948p\" data-cel-widget=\"aplus-module-16-tech-specs\">\n<div class=\"a-section a-spacing-large aplus-module-wrapper apm-fixed-width aplus-index-6\">\n<h3 class=\"a-size-extra-large a-spacing-base a-text-center\">Especifica\u00e7\u00f5es<\/h3>\n<div class=\"a-row\">\n<div class=\"a-column a-span12 aplus-tech-spec-hide-loading\">\n<table class=\"a-bordered a-horizontal-stripes aplus-tech-spec-table\">\n<tbody>\n<tr>\n<td class=\"a-text-bold\">Ajuste MOA<\/td>\n<td>Marca\u00e7\u00e3o<\/td>\n<\/tr>\n<tr>\n<td class=\"a-text-bold\">Tamanho do ponto<\/td>\n<td>3 MOA<\/td>\n<\/tr>\n<tr>\n<td class=\"a-text-bold\">Amplia\u00e7\u00e3o\/Di\u00e2metro da lente<\/td>\n<td>1x; 16mm<\/td>\n<\/tr>\n<tr>\n<td class=\"a-text-bold\">Posi\u00e7\u00f5es de ilumina\u00e7\u00e3o<\/td>\n<td>Sentinela-M: 10; Sentinela-A: Ajuste cont\u00ednuo<\/td>\n<\/tr>\n<tr>\n<td class=\"a-text-bold\">Ajustes de brilho<\/td>\n<td>Sentinel-M: prensa digital para cima\/para baixo; Sentinel-A: sensor fotossens\u00edvel<\/td>\n<\/tr>\n<tr>\n<td class=\"a-text-bold\">For\u00e7as G \u00e0 prova de choque<\/td>\n<td>1500Gs<\/td>\n<\/tr>\n<tr>\n<td class=\"a-text-bold\">\u00c0 prova de \u00e1gua<\/td>\n<td>1 metro\/ IPX7<\/td>\n<\/tr>\n<tr>\n<td class=\"a-text-bold\">Bateria<\/td>\n<td>Tipo de bateria: CR 2032; Dura\u00e7\u00e3o m\u00e1xima da bateria: Aproximadamente 2 anos no mundo real<\/td>\n<\/tr>\n<tr>\n<td class=\"a-text-bold\">Dimens\u00f5es<\/td>\n<td>Comprimento: 1,61\u2033; Largura: 0,91\u2033; Altura: 0,94\u2033<\/td>\n<\/tr>\n<tr>\n<td class=\"a-text-bold\">Peso<\/td>\n<td>0,62 oz<\/td>\n<\/tr>\n<tr>\n<td class=\"a-text-bold\">Lente<\/td>\n<td>Vermelho rubi multi-revestido; Revestimentos especiais: Anti-embaciamento, hidrof\u00f3bico, anti-riscos<\/td>\n<\/tr>\n<tr>\n<td class=\"a-text-bold\">Paralaxe<\/td>\n<td>Sem paralaxe a 100 metros<\/td>\n<\/tr>\n<tr>\n<td class=\"a-text-bold\">Al\u00edvio ocular<\/td>\n<td>Ilimitado<\/td>\n<\/tr>\n<tr>\n<td class=\"a-text-bold\">Tipo de montagem<\/td>\n<td>Pegada RMSc<\/td>\n<\/tr>\n<tr>\n<td class=\"a-text-bold\">Chassis<\/td>\n<td>Alum\u00ednio 7075 de qualidade aeron\u00e1utica<\/td>\n<\/tr>\n<tr>\n<td class=\"a-text-bold\">Vento\/Eleva\u00e7\u00e3o<\/td>\n<td>Alcance do movimento de vento\/eleva\u00e7\u00e3o (MOA): +\/- 35 MOA\/ Alcance total de 70 MOA<\/td>\n<\/tr>\n<\/tbody>\n<\/table>\n<\/div>\n<\/div>\n<\/div>\n<\/div>","protected":false},"excerpt":{"rendered":"<p>SEMPRE PRONTO Fizeste o trabalho. Frequentaste as aulas e fizeste os exerc\u00edcios. N\u00e3o se limita a disparar regularmente, treina arduamente quando<\/p>","protected":false},"featured_media":1568,"comment_status":"open","ping_status":"closed","template":"","meta":[],"etheme_brands":[{"term_id":53,"name":"Swampfox","slug":"swampfox","term_group":0,"term_taxonomy_id":53,"taxonomy":"brand","description":"","parent":0,"count":1,"filter":"raw"}],"product_brand":[],"product_cat":[50],"product_tag":[],"class_list":{"0":"post-1567","1":"product","2":"type-product","3":"status-publish","4":"has-post-thumbnail","6":"brand-swampfox","7":"product_cat-red-dot-sights","9":"first","10":"instock","11":"sale","12":"taxable","13":"shipping-taxable","14":"purchasable","15":"product-type-simple"},"yoast_head":"<!-- This site is optimized with the Yoast SEO Premium plugin v25.7.1 (Yoast SEO v27.4) - https:\/\/yoast.com\/product\/yoast-seo-premium-wordpress\/ -->\n<title>Swampfox Sentinel Ultra-Compact Micro Red Dot Sight - Hunter Optics<\/title>\n<meta name=\"robots\" content=\"index, follow, max-snippet:-1, max-image-preview:large, max-video-preview:-1\" \/>\n<link rel=\"canonical\" href=\"https:\/\/hunter-optics.com\/pt\/produto\/mira-de-ponto-vermelho-micro-ultra-compacta-swampfox-sentinel\/\" \/>\n<meta property=\"og:locale\" content=\"pt_PT\" \/>\n<meta property=\"og:type\" content=\"article\" \/>\n<meta property=\"og:title\" content=\"Swampfox Sentinel Ultra-Compact Micro Red Dot Sight\" \/>\n<meta property=\"og:description\" content=\"ALWAYS READY\u200b You\u2019ve done the work. You\u2019ve taken the classes and run the drills. You don\u2019t just shoot on the regular, you train hard when\" \/>\n<meta property=\"og:url\" content=\"https:\/\/hunter-optics.com\/pt\/produto\/mira-de-ponto-vermelho-micro-ultra-compacta-swampfox-sentinel\/\" \/>\n<meta property=\"og:site_name\" content=\"Hunter Optics\" \/>\n<meta property=\"article:modified_time\" content=\"2025-10-11T09:22:10+00:00\" \/>\n<meta property=\"og:image\" content=\"https:\/\/hunter-optics.com\/wp-content\/uploads\/2025\/07\/Swampfox-Sentinel-Ultra-Compact-Micro-Red-Dot-Sight.jpg\" \/>\n\t<meta property=\"og:image:width\" content=\"876\" \/>\n\t<meta property=\"og:image:height\" content=\"876\" \/>\n\t<meta property=\"og:image:type\" content=\"image\/jpeg\" \/>\n<meta name=\"twitter:card\" content=\"summary_large_image\" \/>\n<meta name=\"twitter:label1\" content=\"pre\u00e7o\" \/>\n\t<meta name=\"twitter:data1\" content=\"&#036;119.99\" \/>\n\t<meta name=\"twitter:label2\" content=\"Disponibilidade\" \/>\n\t<meta name=\"twitter:data2\" content=\"Em stock\" \/>\n<script type=\"application\/ld+json\" class=\"yoast-schema-graph\">{\"@context\":\"https:\\\/\\\/schema.org\",\"@graph\":[{\"@type\":\"WebPage\",\"@id\":\"https:\\\/\\\/hunter-optics.com\\\/product\\\/swampfox-sentinel-ultra-compact-micro-red-dot-sight\\\/\",\"url\":\"https:\\\/\\\/hunter-optics.com\\\/product\\\/swampfox-sentinel-ultra-compact-micro-red-dot-sight\\\/\",\"name\":\"Swampfox Sentinel Ultra-Compact Micro Red Dot Sight - Hunter Optics\",\"isPartOf\":{\"@id\":\"https:\\\/\\\/hunter-optics.com\\\/#website\"},\"primaryImageOfPage\":{\"@id\":\"https:\\\/\\\/hunter-optics.com\\\/product\\\/swampfox-sentinel-ultra-compact-micro-red-dot-sight\\\/#primaryimage\"},\"image\":{\"@id\":\"https:\\\/\\\/hunter-optics.com\\\/product\\\/swampfox-sentinel-ultra-compact-micro-red-dot-sight\\\/#primaryimage\"},\"thumbnailUrl\":\"https:\\\/\\\/hunter-optics.com\\\/wp-content\\\/uploads\\\/2025\\\/07\\\/Swampfox-Sentinel-Ultra-Compact-Micro-Red-Dot-Sight.jpg\",\"datePublished\":\"2025-07-31T09:31:36+00:00\",\"dateModified\":\"2025-10-11T09:22:10+00:00\",\"breadcrumb\":{\"@id\":\"https:\\\/\\\/hunter-optics.com\\\/product\\\/swampfox-sentinel-ultra-compact-micro-red-dot-sight\\\/#breadcrumb\"},\"inLanguage\":\"pt-PT\",\"potentialAction\":[{\"@type\":\"ReadAction\",\"target\":[\"https:\\\/\\\/hunter-optics.com\\\/product\\\/swampfox-sentinel-ultra-compact-micro-red-dot-sight\\\/\"]}]},{\"@type\":\"ImageObject\",\"inLanguage\":\"pt-PT\",\"@id\":\"https:\\\/\\\/hunter-optics.com\\\/product\\\/swampfox-sentinel-ultra-compact-micro-red-dot-sight\\\/#primaryimage\",\"url\":\"https:\\\/\\\/hunter-optics.com\\\/wp-content\\\/uploads\\\/2025\\\/07\\\/Swampfox-Sentinel-Ultra-Compact-Micro-Red-Dot-Sight.jpg\",\"contentUrl\":\"https:\\\/\\\/hunter-optics.com\\\/wp-content\\\/uploads\\\/2025\\\/07\\\/Swampfox-Sentinel-Ultra-Compact-Micro-Red-Dot-Sight.jpg\",\"width\":876,\"height\":876},{\"@type\":\"BreadcrumbList\",\"@id\":\"https:\\\/\\\/hunter-optics.com\\\/product\\\/swampfox-sentinel-ultra-compact-micro-red-dot-sight\\\/#breadcrumb\",\"itemListElement\":[{\"@type\":\"ListItem\",\"position\":1,\"name\":\"Home\",\"item\":\"https:\\\/\\\/hunter-optics.com\\\/\"},{\"@type\":\"ListItem\",\"position\":2,\"name\":\"Products\",\"item\":\"https:\\\/\\\/hunter-optics.com\\\/shop\\\/\"},{\"@type\":\"ListItem\",\"position\":3,\"name\":\"Swampfox Sentinel Ultra-Compact Micro Red Dot Sight\"}]},{\"@type\":\"WebSite\",\"@id\":\"https:\\\/\\\/hunter-optics.com\\\/#website\",\"url\":\"https:\\\/\\\/hunter-optics.com\\\/\",\"name\":\"Hunter Optics\",\"description\":\"Hunter Optics \u2014 Your Eye on the Target.\",\"publisher\":{\"@id\":\"https:\\\/\\\/hunter-optics.com\\\/#organization\"},\"potentialAction\":[{\"@type\":\"SearchAction\",\"target\":{\"@type\":\"EntryPoint\",\"urlTemplate\":\"https:\\\/\\\/hunter-optics.com\\\/?s={search_term_string}\"},\"query-input\":{\"@type\":\"PropertyValueSpecification\",\"valueRequired\":true,\"valueName\":\"search_term_string\"}}],\"inLanguage\":\"pt-PT\"},{\"@type\":\"Organization\",\"@id\":\"https:\\\/\\\/hunter-optics.com\\\/#organization\",\"name\":\"Hunter Optics\",\"url\":\"https:\\\/\\\/hunter-optics.com\\\/\",\"logo\":{\"@type\":\"ImageObject\",\"inLanguage\":\"pt-PT\",\"@id\":\"https:\\\/\\\/hunter-optics.com\\\/#\\\/schema\\\/logo\\\/image\\\/\",\"url\":\"https:\\\/\\\/hunter-optics.com\\\/wp-content\\\/uploads\\\/2025\\\/06\\\/hunter-optics-logo-1.png\",\"contentUrl\":\"https:\\\/\\\/hunter-optics.com\\\/wp-content\\\/uploads\\\/2025\\\/06\\\/hunter-optics-logo-1.png\",\"width\":937,\"height\":373,\"caption\":\"Hunter Optics\"},\"image\":{\"@id\":\"https:\\\/\\\/hunter-optics.com\\\/#\\\/schema\\\/logo\\\/image\\\/\"}}]}<\/script>\n<meta property=\"product:brand\" content=\"Swampfox\" \/>\n<meta property=\"product:price:amount\" content=\"119.99\" \/>\n<meta property=\"product:price:currency\" content=\"USD\" \/>\n<meta property=\"og:availability\" content=\"instock\" \/>\n<meta property=\"product:availability\" content=\"instock\" \/>\n<meta property=\"product:condition\" content=\"new\" \/>\n<!-- \/ Yoast SEO Premium plugin. -->","yoast_head_json":{"title":"Swampfox Sentinel Ultra-Compacta Micro Mira de Ponto Vermelho - Hunter Optics","robots":{"index":"index","follow":"follow","max-snippet":"max-snippet:-1","max-image-preview":"max-image-preview:large","max-video-preview":"max-video-preview:-1"},"canonical":"https:\/\/hunter-optics.com\/pt\/produto\/mira-de-ponto-vermelho-micro-ultra-compacta-swampfox-sentinel\/","og_locale":"pt_PT","og_type":"article","og_title":"Swampfox Sentinel Ultra-Compact Micro Red Dot Sight","og_description":"ALWAYS READY\u200b You\u2019ve done the work. You\u2019ve taken the classes and run the drills. You don\u2019t just shoot on the regular, you train hard when","og_url":"https:\/\/hunter-optics.com\/pt\/produto\/mira-de-ponto-vermelho-micro-ultra-compacta-swampfox-sentinel\/","og_site_name":"Hunter Optics","article_modified_time":"2025-10-11T09:22:10+00:00","og_image":[{"width":876,"height":876,"url":"https:\/\/hunter-optics.com\/wp-content\/uploads\/2025\/07\/Swampfox-Sentinel-Ultra-Compact-Micro-Red-Dot-Sight.jpg","type":"image\/jpeg"}],"twitter_card":"summary_large_image","twitter_misc":{"pre\u00e7o":"&#36;119.99","Disponibilidade":"Em stock"},"schema":{"@context":"https:\/\/schema.org","@graph":[{"@type":"WebPage","@id":"https:\/\/hunter-optics.com\/product\/swampfox-sentinel-ultra-compact-micro-red-dot-sight\/","url":"https:\/\/hunter-optics.com\/product\/swampfox-sentinel-ultra-compact-micro-red-dot-sight\/","name":"Swampfox Sentinel Ultra-Compacta Micro Mira de Ponto Vermelho - Hunter Optics","isPartOf":{"@id":"https:\/\/hunter-optics.com\/#website"},"primaryImageOfPage":{"@id":"https:\/\/hunter-optics.com\/product\/swampfox-sentinel-ultra-compact-micro-red-dot-sight\/#primaryimage"},"image":{"@id":"https:\/\/hunter-optics.com\/product\/swampfox-sentinel-ultra-compact-micro-red-dot-sight\/#primaryimage"},"thumbnailUrl":"https:\/\/hunter-optics.com\/wp-content\/uploads\/2025\/07\/Swampfox-Sentinel-Ultra-Compact-Micro-Red-Dot-Sight.jpg","datePublished":"2025-07-31T09:31:36+00:00","dateModified":"2025-10-11T09:22:10+00:00","breadcrumb":{"@id":"https:\/\/hunter-optics.com\/product\/swampfox-sentinel-ultra-compact-micro-red-dot-sight\/#breadcrumb"},"inLanguage":"pt-PT","potentialAction":[{"@type":"ReadAction","target":["https:\/\/hunter-optics.com\/product\/swampfox-sentinel-ultra-compact-micro-red-dot-sight\/"]}]},{"@type":"ImageObject","inLanguage":"pt-PT","@id":"https:\/\/hunter-optics.com\/product\/swampfox-sentinel-ultra-compact-micro-red-dot-sight\/#primaryimage","url":"https:\/\/hunter-optics.com\/wp-content\/uploads\/2025\/07\/Swampfox-Sentinel-Ultra-Compact-Micro-Red-Dot-Sight.jpg","contentUrl":"https:\/\/hunter-optics.com\/wp-content\/uploads\/2025\/07\/Swampfox-Sentinel-Ultra-Compact-Micro-Red-Dot-Sight.jpg","width":876,"height":876},{"@type":"BreadcrumbList","@id":"https:\/\/hunter-optics.com\/product\/swampfox-sentinel-ultra-compact-micro-red-dot-sight\/#breadcrumb","itemListElement":[{"@type":"ListItem","position":1,"name":"Home","item":"https:\/\/hunter-optics.com\/"},{"@type":"ListItem","position":2,"name":"Products","item":"https:\/\/hunter-optics.com\/shop\/"},{"@type":"ListItem","position":3,"name":"Swampfox Sentinel Ultra-Compact Micro Red Dot Sight"}]},{"@type":"WebSite","@id":"https:\/\/hunter-optics.com\/#website","url":"https:\/\/hunter-optics.com\/","name":"\u00d3tica Hunter","description":"Hunter Optics - O seu olho no alvo.","publisher":{"@id":"https:\/\/hunter-optics.com\/#organization"},"potentialAction":[{"@type":"SearchAction","target":{"@type":"EntryPoint","urlTemplate":"https:\/\/hunter-optics.com\/?s={search_term_string}"},"query-input":{"@type":"PropertyValueSpecification","valueRequired":true,"valueName":"search_term_string"}}],"inLanguage":"pt-PT"},{"@type":"Organization","@id":"https:\/\/hunter-optics.com\/#organization","name":"\u00d3tica Hunter","url":"https:\/\/hunter-optics.com\/","logo":{"@type":"ImageObject","inLanguage":"pt-PT","@id":"https:\/\/hunter-optics.com\/#\/schema\/logo\/image\/","url":"https:\/\/hunter-optics.com\/wp-content\/uploads\/2025\/06\/hunter-optics-logo-1.png","contentUrl":"https:\/\/hunter-optics.com\/wp-content\/uploads\/2025\/06\/hunter-optics-logo-1.png","width":937,"height":373,"caption":"Hunter Optics"},"image":{"@id":"https:\/\/hunter-optics.com\/#\/schema\/logo\/image\/"}}]},"product_brand":"Swampfox","product_price_amount":"119.99","product_price_currency":"USD","og_availability":"instock","product_availability":"instock","product_condition":"new"},"_links":{"self":[{"href":"https:\/\/hunter-optics.com\/pt\/wp-json\/wp\/v2\/product\/1567","targetHints":{"allow":["GET"]}}],"collection":[{"href":"https:\/\/hunter-optics.com\/pt\/wp-json\/wp\/v2\/product"}],"about":[{"href":"https:\/\/hunter-optics.com\/pt\/wp-json\/wp\/v2\/types\/product"}],"replies":[{"embeddable":true,"href":"https:\/\/hunter-optics.com\/pt\/wp-json\/wp\/v2\/comments?post=1567"}],"version-history":[{"count":1,"href":"https:\/\/hunter-optics.com\/pt\/wp-json\/wp\/v2\/product\/1567\/revisions"}],"predecessor-version":[{"id":1569,"href":"https:\/\/hunter-optics.com\/pt\/wp-json\/wp\/v2\/product\/1567\/revisions\/1569"}],"wp:featuredmedia":[{"embeddable":true,"href":"https:\/\/hunter-optics.com\/pt\/wp-json\/wp\/v2\/media\/1568"}],"wp:attachment":[{"href":"https:\/\/hunter-optics.com\/pt\/wp-json\/wp\/v2\/media?parent=1567"}],"wp:term":[{"taxonomy":"brand","embeddable":true,"href":"https:\/\/hunter-optics.com\/pt\/wp-json\/wp\/v2\/etheme_brands?post=1567"},{"taxonomy":"product_brand","embeddable":true,"href":"https:\/\/hunter-optics.com\/pt\/wp-json\/wp\/v2\/product_brand?post=1567"},{"taxonomy":"product_cat","embeddable":true,"href":"https:\/\/hunter-optics.com\/pt\/wp-json\/wp\/v2\/product_cat?post=1567"},{"taxonomy":"product_tag","embeddable":true,"href":"https:\/\/hunter-optics.com\/pt\/wp-json\/wp\/v2\/product_tag?post=1567"}],"curies":[{"name":"wp","href":"https:\/\/api.w.org\/{rel}","templated":true}]}}