{"id":1542,"date":"2025-07-31T08:41:23","date_gmt":"2025-07-31T08:41:23","guid":{"rendered":"https:\/\/hunter-optics.com\/?post_type=product&#038;p=1542"},"modified":"2025-10-11T08:58:47","modified_gmt":"2025-10-11T08:58:47","slug":"mira-de-ponto-vermelho-riton-3-tactix-prd","status":"publish","type":"product","link":"https:\/\/hunter-optics.com\/pt\/produto\/mira-de-ponto-vermelho-riton-3-tactix-prd\/","title":{"rendered":"Mira de ponto vermelho Riton 3 Tactix PRD"},"content":{"rendered":"<div id=\"brxe-uenhta\" class=\"brxe-text prod-video__txt\">\n<p><strong>RET\u00cdCULOS VERS\u00c1TEIS<\/strong><\/p>\n<p>O <strong>3 Tactix MPRD 3<\/strong> tem tr\u00eas op\u00e7\u00f5es de ret\u00edculo, dando-lhe a apresenta\u00e7\u00e3o de pontos que melhor se adapta ao seu estilo de disparo. Pode escolher entre um ponto \u00fanico cl\u00e1ssico, um c\u00edrculo ou um ponto dentro de um c\u00edrculo. Ambas as unidades guardam as suas prefer\u00eancias de ret\u00edculo e luminosidade para que possa atingir o alvo com familiaridade. No caso de precisar de se proteger, pode ter a certeza de que o seu ponto ser\u00e1 fi\u00e1vel e estar\u00e1 pronto num instante.<\/p>\n<div id=\"brxe-pogdbu\" class=\"brxe-container prod-colmns\">\n<div id=\"brxe-ywglqp\" class=\"brxe-text prod-column__txt\">\n<p><strong>A \u00d3PTICA CERTA PARA A SUA PLATAFORMA<\/strong><\/p>\n<p>O <strong>3 Tactix MPRD 3<\/strong> foi concebido para se adaptar ao maior n\u00famero poss\u00edvel de plataformas. Com tantos modelos e \u00f3pticas no mercado, queremos que a escolha seja clara. Para as pistolas de tamanho normal com a pegada RMR, o 3 TACTIX PRD 3 ser\u00e1 montado diretamente nesse recorte da corredi\u00e7a, enquanto o MPRD foi concebido para ser utilizado com a pegada RMSc mais comum em plataformas compactas e subcompactas. Ambos s\u00e3o fornecidos com um adaptador de carril de pic para permitir a montagem numa espingarda ou noutra arma longa com uma op\u00e7\u00e3o de carril de pic.<\/p>\n<p><strong>TECNOLOGIA DE DETEC\u00c7\u00c3O DE MOVIMENTO<\/strong><\/p>\n<p>O Riton <strong>3 Tactix MPRD 3<\/strong> possui tecnologia que detecta o movimento e desperta a \u00f3tica simplesmente apontando para o seu alvo. Isto permite-lhe atingir o alvo mais rapidamente sem o inc\u00f3modo de ter de dar mais passos quando est\u00e1 a sacar da arma. Isto tamb\u00e9m proporciona um desempenho e uma longevidade \u00f3ptimos da bateria com um desligamento autom\u00e1tico quando n\u00e3o est\u00e1 a ser utilizada.<\/p>\n<p><strong>LUMINOSIDADE REGUL\u00c1VEL<\/strong><\/p>\n<p>A 3 Tactix MPRD 3 tem dez n\u00edveis de luminosidade para se ajustar \u00e0s suas condi\u00e7\u00f5es de disparo. Al\u00e9m disso, os n\u00edveis um e dois s\u00e3o compat\u00edveis com a tecnologia de vis\u00e3o nocturna. Os ajustes s\u00e3o efectuados utilizando os dois bot\u00f5es no lado esquerdo da unidade. Estes bot\u00f5es t\u00eam o tamanho perfeito para altera\u00e7\u00f5es r\u00e1pidas do n\u00edvel de brilho, mesmo com luvas cal\u00e7adas. Desde condi\u00e7\u00f5es de fraca luminosidade a condi\u00e7\u00f5es extremas de luz do dia, a adaptabilidade \u00e9 crucial. Com uma vasta gama de regula\u00e7\u00f5es, o 3 Tactix MPRD cobre-o em qualquer condi\u00e7\u00e3o.<\/p>\n<div id=\"brxe-pzrzqi\" class=\"brxe-block prod-ret-info\">\n<h3 id=\"brxe-ztlivr\" class=\"brxe-heading prod-tabs__title\">Informa\u00e7\u00f5es do ret\u00edculo:<\/h3>\n<p id=\"brxe-grjall\" class=\"brxe-text-basic prod-reticle-name\">RET\u00cdCULO: Ponto de 3 MOA + C\u00edrculo de 30 MOA<\/p>\n<div id=\"brxe-rkyybx\" class=\"brxe-text-basic prod-ret__txt\">\n<p>O <strong>Ponto 3 MOA<\/strong> garante uma pontaria exacta para tiros precisos, enquanto o c\u00edrculo de 30 MOA facilita a aquisi\u00e7\u00e3o r\u00e1pida de alvos a curta dist\u00e2ncia. Como utilizador, pode escolher o que funciona melhor para si em diferentes situa\u00e7\u00f5es de disparo.<\/p>\n<div id=\"brxe-abuzoo\" class=\"brxe-block x-tabs_panel x-tabs_panel-current\" tabindex=\"0\" role=\"tabpanel\" aria-labelledby=\"brxe-amrphz\">\n<div id=\"brxe-ohplhw\" class=\"brxe-block x-tabs_panel-content\">\n<h3 id=\"brxe-qcmket\" class=\"brxe-heading prod-tabs__title\">Carater\u00edsticas principais:<\/h3>\n<div id=\"brxe-pnyzeh\" class=\"brxe-block prod-tab-feature\">\n<div class=\"brxe-xfsvub brxe-block prod-tab-key-loop\"><img loading=\"lazy\" decoding=\"async\" class=\"brxe-rtihxw brxe-image prod-feature__icon css-filter size-full\" src=\"https:\/\/ritonoptics.com\/wp-content\/uploads\/precision-quality-1.png\" alt=\"\" width=\"72\" height=\"74\" \/><\/p>\n<div class=\"brxe-anynyj brxe-div\">\n<p class=\"brxe-abizyp brxe-text-basic prod-feature__title\">Garantia de qualidade de precis\u00e3o<\/p>\n<p class=\"brxe-lprtvs brxe-text-basic prod-feature__txt\">Todos os produtos Riton s\u00e3o submetidos a um rigoroso processo de controlo de qualidade por t\u00e9cnicos certificados em Tucson, AZ. Cada produto que recebe foi submetido a um...<\/p>\n<\/div>\n<\/div>\n<div class=\"brxe-xfsvub brxe-block prod-tab-key-loop\"><img loading=\"lazy\" decoding=\"async\" class=\"brxe-rtihxw brxe-image prod-feature__icon css-filter size-full\" src=\"https:\/\/ritonoptics.com\/wp-content\/uploads\/hd-glass-1.png\" alt=\"\" width=\"72\" height=\"74\" \/><\/p>\n<div class=\"brxe-anynyj brxe-div\">\n<p class=\"brxe-abizyp brxe-text-basic prod-feature__title\">Vidro Riton HD<\/p>\n<p class=\"brxe-lprtvs brxe-text-basic prod-feature__txt\">O vidro Riton High Density (HD) proporciona uma transmiss\u00e3o de luz de 99,5% para uma maior nitidez e uma vis\u00e3o \u00f3ptima.<\/p>\n<\/div>\n<\/div>\n<div class=\"brxe-xfsvub brxe-block prod-tab-key-loop\"><img loading=\"lazy\" decoding=\"async\" class=\"brxe-rtihxw brxe-image prod-feature__icon css-filter size-full\" src=\"https:\/\/ritonoptics.com\/wp-content\/uploads\/performance-coating-1.png\" alt=\"\" width=\"72\" height=\"74\" \/><\/p>\n<div class=\"brxe-anynyj brxe-div\">\n<p class=\"brxe-abizyp brxe-text-basic prod-feature__title\">Riton Performance Coating<\/p>\n<p class=\"brxe-lprtvs brxe-text-basic prod-feature__txt\">Incorporando lentes propriet\u00e1rias totalmente multi-revestidas, todas as \u00f3pticas Riton apresentam um refor\u00e7o de luz reduzida, banda larga completa, revestimentos anti-riscos e antirreflexo para...<\/p>\n<div id=\"brxe-gtdyre\" class=\"brxe-block x-tabs_panel x-tabs_panel-current\" tabindex=\"0\" role=\"tabpanel\" aria-labelledby=\"brxe-yxbhdb\">\n<div id=\"brxe-eknisj\" class=\"brxe-block x-tabs_panel-content\">\n<h3 id=\"brxe-qzyxzy\" class=\"brxe-heading prod-tabs__title\">Especifica\u00e7\u00f5es completas:<\/h3>\n<div class=\"brxe-zlpnap brxe-block prod-tab-spec-loop\">\n<p class=\"brxe-ibnnrs brxe-text-basic tab-spec__value\">Amplia\u00e7\u00e3o:1<\/p>\n<\/div>\n<div class=\"brxe-zlpnap brxe-block prod-tab-spec-loop\">\n<p class=\"brxe-ibnnrs brxe-text-basic tab-spec__value\">Di\u00e2metro da lente objetiva: 21 mm x 16,4 mm<\/p>\n<\/div>\n<div class=\"brxe-zlpnap brxe-block prod-tab-spec-loop\">\n<p class=\"brxe-ibnnrs brxe-text-basic tab-spec__value\">Al\u00edvio dos olhos:Ilimitado<\/p>\n<\/div>\n<div class=\"brxe-zlpnap brxe-block prod-tab-spec-loop\">\n<p class=\"brxe-ibnnrs brxe-text-basic tab-spec__value\">Valor do clique:1 MOA<\/p>\n<\/div>\n<div class=\"brxe-zlpnap brxe-block prod-tab-spec-loop\">\n<p class=\"brxe-ibnnrs brxe-text-basic tab-spec__value\">Gama de ajuste: 45 MOA<\/p>\n<\/div>\n<div class=\"brxe-zlpnap brxe-block prod-tab-spec-loop\">\n<p class=\"brxe-ibnnrs brxe-text-basic tab-spec__value\">Ret\u00edculo: Ponto 3 MOA + C\u00edrculo 30 MOA<\/p>\n<\/div>\n<div class=\"brxe-zlpnap brxe-block prod-tab-spec-loop\">\n<p class=\"brxe-ibnnrs brxe-text-basic tab-spec__value\">Altura:1.02in\/26mm<\/p>\n<\/div>\n<div class=\"brxe-zlpnap brxe-block prod-tab-spec-loop\">\n<p class=\"brxe-ibnnrs brxe-text-basic tab-spec__value\">Comprimento:1.64in\/41.6mm<\/p>\n<\/div>\n<div class=\"brxe-zlpnap brxe-block prod-tab-spec-loop\">\n<p class=\"brxe-ibnnrs brxe-text-basic tab-spec__value\">Largura:1.02in\/25.8mm<\/p>\n<\/div>\n<div class=\"brxe-zlpnap brxe-block prod-tab-spec-loop\">\n<p class=\"brxe-ibnnrs brxe-text-basic tab-spec__value\">Peso:0.96oz\/27.2g<\/p>\n<\/div>\n<div class=\"brxe-zlpnap brxe-block prod-tab-spec-loop\">\n<p class=\"brxe-ibnnrs brxe-text-basic tab-spec__value\">Material:Liga de alum\u00ednio 7075<\/p>\n<\/div>\n<div class=\"brxe-zlpnap brxe-block prod-tab-spec-loop\">\n<p class=\"brxe-ibnnrs brxe-text-basic tab-spec__value\">Pegada ecol\u00f3gica:RMSc<\/p>\n<\/div>\n<div class=\"brxe-zlpnap brxe-block prod-tab-spec-loop\">\n<p class=\"brxe-ibnnrs brxe-text-basic tab-spec__value\">Bateria:CR1632<\/p>\n<\/div>\n<div class=\"brxe-zlpnap brxe-block prod-tab-spec-loop\">\n<p class=\"brxe-ibnnrs brxe-text-basic tab-spec__value\">Dura\u00e7\u00e3o da bateria:50.000 horas<\/p>\n<\/div>\n<div class=\"brxe-zlpnap brxe-block prod-tab-spec-loop\">\n<p class=\"brxe-ibnnrs brxe-text-basic tab-spec__value\">Classifica\u00e7\u00e3o \u00e0 prova de \u00e1gua:IPX67<\/p>\n<\/div>\n<div class=\"brxe-zlpnap brxe-block prod-tab-spec-loop\">\n<p class=\"brxe-ibnnrs brxe-text-basic tab-spec__value\">Acess\u00f3rios inclu\u00eddos: Chave Allen, Bateria 1632, Ferramenta para pontos vermelhos, Pano para lentes, Adaptador de calha Pic, Parafusos de montagem<\/p>\n<\/div>\n<\/div>\n<\/div>\n<\/div>\n<\/div>\n<\/div>\n<\/div>\n<\/div>\n<\/div>\n<\/div>\n<\/div>\n<\/div>\n<\/div>","protected":false},"excerpt":{"rendered":"<p>O <strong>3 Tactix MPRD 3 (micro pistola de ponto vermelho)<\/strong>, A tecnologia de ponta da Philips, centrada no desempenho e na fiabilidade para utiliza\u00e7\u00e3o di\u00e1ria. A cobertura integrada protege o vidro do ponto contra a abras\u00e3o, os impactos e a luz solar, assegurando que o seu ponto permanece vis\u00edvel independentemente dos obst\u00e1culos. Com tr\u00eas op\u00e7\u00f5es de ret\u00edculo iluminado a vermelho \u00e0 escolha, pode ajustar o ponto de acordo com a sua prefer\u00eancia pessoal. Desfrute de 50.000 horas de dura\u00e7\u00e3o da bateria e da simplicidade de um tabuleiro de bateria de carregamento lateral que n\u00e3o requer a desmontagem da \u00f3tica para a manter alimentada.<\/p>","protected":false},"featured_media":1557,"comment_status":"open","ping_status":"closed","template":"","meta":[],"etheme_brands":[{"term_id":44,"name":"Riton","slug":"riton","term_group":0,"term_taxonomy_id":44,"taxonomy":"brand","description":"","parent":0,"count":18,"filter":"raw"}],"product_brand":[],"product_cat":[50],"product_tag":[],"class_list":{"0":"post-1542","1":"product","2":"type-product","3":"status-publish","4":"has-post-thumbnail","6":"brand-riton","7":"product_cat-red-dot-sights","9":"first","10":"instock","11":"sale","12":"taxable","13":"shipping-taxable","14":"purchasable","15":"product-type-simple"},"yoast_head":"<!-- This site is optimized with the Yoast SEO Premium plugin v25.7.1 (Yoast SEO v27.4) - https:\/\/yoast.com\/product\/yoast-seo-premium-wordpress\/ -->\n<title>Riton 3 Tactix PRD Red Dot Sight - Hunter Optics<\/title>\n<meta name=\"description\" content=\"Riton 3 Tactix PRD red dot sight delivers rapid target acquisition with an illuminated dot. Features aircraft-grade aluminum construction &amp; HD glass clarity. Shop now.\" \/>\n<meta name=\"robots\" content=\"index, follow, max-snippet:-1, max-image-preview:large, max-video-preview:-1\" \/>\n<link rel=\"canonical\" href=\"https:\/\/hunter-optics.com\/pt\/produto\/mira-de-ponto-vermelho-riton-3-tactix-prd\/\" \/>\n<meta property=\"og:locale\" content=\"pt_PT\" \/>\n<meta property=\"og:type\" content=\"article\" \/>\n<meta property=\"og:title\" content=\"Riton 3 Tactix PRD Red Dot Sight\" \/>\n<meta property=\"og:description\" content=\"Riton 3 Tactix PRD red dot sight delivers rapid target acquisition with an illuminated dot. Features aircraft-grade aluminum construction &amp; HD glass clarity. Shop now.\" \/>\n<meta property=\"og:url\" content=\"https:\/\/hunter-optics.com\/pt\/produto\/mira-de-ponto-vermelho-riton-3-tactix-prd\/\" \/>\n<meta property=\"og:site_name\" content=\"Hunter Optics\" \/>\n<meta property=\"article:modified_time\" content=\"2025-10-11T08:58:47+00:00\" \/>\n<meta property=\"og:image\" content=\"https:\/\/hunter-optics.com\/wp-content\/uploads\/2025\/07\/3-Tactix-MPRD-3.webp\" \/>\n\t<meta property=\"og:image:width\" content=\"876\" \/>\n\t<meta property=\"og:image:height\" content=\"876\" \/>\n\t<meta property=\"og:image:type\" content=\"image\/webp\" \/>\n<meta name=\"twitter:card\" content=\"summary_large_image\" \/>\n<meta name=\"twitter:label1\" content=\"pre\u00e7o\" \/>\n\t<meta name=\"twitter:data1\" content=\"&#036;199.99\" \/>\n\t<meta name=\"twitter:label2\" content=\"Disponibilidade\" \/>\n\t<meta name=\"twitter:data2\" content=\"Em stock\" \/>\n<script type=\"application\/ld+json\" class=\"yoast-schema-graph\">{\"@context\":\"https:\\\/\\\/schema.org\",\"@graph\":[{\"@type\":\"WebPage\",\"@id\":\"https:\\\/\\\/hunter-optics.com\\\/product\\\/riton-3-tactix-prd-red-dot-sight\\\/\",\"url\":\"https:\\\/\\\/hunter-optics.com\\\/product\\\/riton-3-tactix-prd-red-dot-sight\\\/\",\"name\":\"Riton 3 Tactix PRD Red Dot Sight - Hunter Optics\",\"isPartOf\":{\"@id\":\"https:\\\/\\\/hunter-optics.com\\\/#website\"},\"primaryImageOfPage\":{\"@id\":\"https:\\\/\\\/hunter-optics.com\\\/product\\\/riton-3-tactix-prd-red-dot-sight\\\/#primaryimage\"},\"image\":{\"@id\":\"https:\\\/\\\/hunter-optics.com\\\/product\\\/riton-3-tactix-prd-red-dot-sight\\\/#primaryimage\"},\"thumbnailUrl\":\"https:\\\/\\\/hunter-optics.com\\\/wp-content\\\/uploads\\\/2025\\\/07\\\/3-Tactix-MPRD-3.webp\",\"datePublished\":\"2025-07-31T08:41:23+00:00\",\"dateModified\":\"2025-10-11T08:58:47+00:00\",\"description\":\"Riton 3 Tactix PRD red dot sight delivers rapid target acquisition with an illuminated dot. Features aircraft-grade aluminum construction & HD glass clarity. Shop now.\",\"breadcrumb\":{\"@id\":\"https:\\\/\\\/hunter-optics.com\\\/product\\\/riton-3-tactix-prd-red-dot-sight\\\/#breadcrumb\"},\"inLanguage\":\"pt-PT\",\"potentialAction\":[{\"@type\":\"ReadAction\",\"target\":[\"https:\\\/\\\/hunter-optics.com\\\/product\\\/riton-3-tactix-prd-red-dot-sight\\\/\"]}]},{\"@type\":\"ImageObject\",\"inLanguage\":\"pt-PT\",\"@id\":\"https:\\\/\\\/hunter-optics.com\\\/product\\\/riton-3-tactix-prd-red-dot-sight\\\/#primaryimage\",\"url\":\"https:\\\/\\\/hunter-optics.com\\\/wp-content\\\/uploads\\\/2025\\\/07\\\/3-Tactix-MPRD-3.webp\",\"contentUrl\":\"https:\\\/\\\/hunter-optics.com\\\/wp-content\\\/uploads\\\/2025\\\/07\\\/3-Tactix-MPRD-3.webp\",\"width\":876,\"height\":876},{\"@type\":\"BreadcrumbList\",\"@id\":\"https:\\\/\\\/hunter-optics.com\\\/product\\\/riton-3-tactix-prd-red-dot-sight\\\/#breadcrumb\",\"itemListElement\":[{\"@type\":\"ListItem\",\"position\":1,\"name\":\"Home\",\"item\":\"https:\\\/\\\/hunter-optics.com\\\/\"},{\"@type\":\"ListItem\",\"position\":2,\"name\":\"Products\",\"item\":\"https:\\\/\\\/hunter-optics.com\\\/shop\\\/\"},{\"@type\":\"ListItem\",\"position\":3,\"name\":\"Riton 3 Tactix PRD Red Dot Sight\"}]},{\"@type\":\"WebSite\",\"@id\":\"https:\\\/\\\/hunter-optics.com\\\/#website\",\"url\":\"https:\\\/\\\/hunter-optics.com\\\/\",\"name\":\"Hunter Optics\",\"description\":\"Hunter Optics \u2014 Your Eye on the Target.\",\"publisher\":{\"@id\":\"https:\\\/\\\/hunter-optics.com\\\/#organization\"},\"potentialAction\":[{\"@type\":\"SearchAction\",\"target\":{\"@type\":\"EntryPoint\",\"urlTemplate\":\"https:\\\/\\\/hunter-optics.com\\\/?s={search_term_string}\"},\"query-input\":{\"@type\":\"PropertyValueSpecification\",\"valueRequired\":true,\"valueName\":\"search_term_string\"}}],\"inLanguage\":\"pt-PT\"},{\"@type\":\"Organization\",\"@id\":\"https:\\\/\\\/hunter-optics.com\\\/#organization\",\"name\":\"Hunter Optics\",\"url\":\"https:\\\/\\\/hunter-optics.com\\\/\",\"logo\":{\"@type\":\"ImageObject\",\"inLanguage\":\"pt-PT\",\"@id\":\"https:\\\/\\\/hunter-optics.com\\\/#\\\/schema\\\/logo\\\/image\\\/\",\"url\":\"https:\\\/\\\/hunter-optics.com\\\/wp-content\\\/uploads\\\/2025\\\/06\\\/hunter-optics-logo-1.png\",\"contentUrl\":\"https:\\\/\\\/hunter-optics.com\\\/wp-content\\\/uploads\\\/2025\\\/06\\\/hunter-optics-logo-1.png\",\"width\":937,\"height\":373,\"caption\":\"Hunter Optics\"},\"image\":{\"@id\":\"https:\\\/\\\/hunter-optics.com\\\/#\\\/schema\\\/logo\\\/image\\\/\"}}]}<\/script>\n<meta property=\"product:brand\" content=\"Riton\" \/>\n<meta property=\"product:price:amount\" content=\"199.99\" \/>\n<meta property=\"product:price:currency\" content=\"USD\" \/>\n<meta property=\"og:availability\" content=\"instock\" \/>\n<meta property=\"product:availability\" content=\"instock\" \/>\n<meta property=\"product:condition\" content=\"new\" \/>\n<!-- \/ Yoast SEO Premium plugin. -->","yoast_head_json":{"title":"Mira de ponto vermelho Riton 3 Tactix PRD - \u00d3tica de ca\u00e7a","description":"A mira de ponto vermelho Riton 3 Tactix PRD proporciona uma aquisi\u00e7\u00e3o r\u00e1pida do alvo com um ponto iluminado. Apresenta uma constru\u00e7\u00e3o em alum\u00ednio de qualidade aeron\u00e1utica e vidro HD transparente. Compre agora.","robots":{"index":"index","follow":"follow","max-snippet":"max-snippet:-1","max-image-preview":"max-image-preview:large","max-video-preview":"max-video-preview:-1"},"canonical":"https:\/\/hunter-optics.com\/pt\/produto\/mira-de-ponto-vermelho-riton-3-tactix-prd\/","og_locale":"pt_PT","og_type":"article","og_title":"Riton 3 Tactix PRD Red Dot Sight","og_description":"Riton 3 Tactix PRD red dot sight delivers rapid target acquisition with an illuminated dot. Features aircraft-grade aluminum construction & HD glass clarity. Shop now.","og_url":"https:\/\/hunter-optics.com\/pt\/produto\/mira-de-ponto-vermelho-riton-3-tactix-prd\/","og_site_name":"Hunter Optics","article_modified_time":"2025-10-11T08:58:47+00:00","og_image":[{"width":876,"height":876,"url":"https:\/\/hunter-optics.com\/wp-content\/uploads\/2025\/07\/3-Tactix-MPRD-3.webp","type":"image\/webp"}],"twitter_card":"summary_large_image","twitter_misc":{"pre\u00e7o":"&#36;199.99","Disponibilidade":"Em stock"},"schema":{"@context":"https:\/\/schema.org","@graph":[{"@type":"WebPage","@id":"https:\/\/hunter-optics.com\/product\/riton-3-tactix-prd-red-dot-sight\/","url":"https:\/\/hunter-optics.com\/product\/riton-3-tactix-prd-red-dot-sight\/","name":"Mira de ponto vermelho Riton 3 Tactix PRD - \u00d3tica de ca\u00e7a","isPartOf":{"@id":"https:\/\/hunter-optics.com\/#website"},"primaryImageOfPage":{"@id":"https:\/\/hunter-optics.com\/product\/riton-3-tactix-prd-red-dot-sight\/#primaryimage"},"image":{"@id":"https:\/\/hunter-optics.com\/product\/riton-3-tactix-prd-red-dot-sight\/#primaryimage"},"thumbnailUrl":"https:\/\/hunter-optics.com\/wp-content\/uploads\/2025\/07\/3-Tactix-MPRD-3.webp","datePublished":"2025-07-31T08:41:23+00:00","dateModified":"2025-10-11T08:58:47+00:00","description":"A mira de ponto vermelho Riton 3 Tactix PRD proporciona uma aquisi\u00e7\u00e3o r\u00e1pida do alvo com um ponto iluminado. Apresenta uma constru\u00e7\u00e3o em alum\u00ednio de qualidade aeron\u00e1utica e vidro HD transparente. Compre agora.","breadcrumb":{"@id":"https:\/\/hunter-optics.com\/product\/riton-3-tactix-prd-red-dot-sight\/#breadcrumb"},"inLanguage":"pt-PT","potentialAction":[{"@type":"ReadAction","target":["https:\/\/hunter-optics.com\/product\/riton-3-tactix-prd-red-dot-sight\/"]}]},{"@type":"ImageObject","inLanguage":"pt-PT","@id":"https:\/\/hunter-optics.com\/product\/riton-3-tactix-prd-red-dot-sight\/#primaryimage","url":"https:\/\/hunter-optics.com\/wp-content\/uploads\/2025\/07\/3-Tactix-MPRD-3.webp","contentUrl":"https:\/\/hunter-optics.com\/wp-content\/uploads\/2025\/07\/3-Tactix-MPRD-3.webp","width":876,"height":876},{"@type":"BreadcrumbList","@id":"https:\/\/hunter-optics.com\/product\/riton-3-tactix-prd-red-dot-sight\/#breadcrumb","itemListElement":[{"@type":"ListItem","position":1,"name":"Home","item":"https:\/\/hunter-optics.com\/"},{"@type":"ListItem","position":2,"name":"Products","item":"https:\/\/hunter-optics.com\/shop\/"},{"@type":"ListItem","position":3,"name":"Riton 3 Tactix PRD Red Dot Sight"}]},{"@type":"WebSite","@id":"https:\/\/hunter-optics.com\/#website","url":"https:\/\/hunter-optics.com\/","name":"\u00d3tica Hunter","description":"Hunter Optics - O seu olho no alvo.","publisher":{"@id":"https:\/\/hunter-optics.com\/#organization"},"potentialAction":[{"@type":"SearchAction","target":{"@type":"EntryPoint","urlTemplate":"https:\/\/hunter-optics.com\/?s={search_term_string}"},"query-input":{"@type":"PropertyValueSpecification","valueRequired":true,"valueName":"search_term_string"}}],"inLanguage":"pt-PT"},{"@type":"Organization","@id":"https:\/\/hunter-optics.com\/#organization","name":"\u00d3tica Hunter","url":"https:\/\/hunter-optics.com\/","logo":{"@type":"ImageObject","inLanguage":"pt-PT","@id":"https:\/\/hunter-optics.com\/#\/schema\/logo\/image\/","url":"https:\/\/hunter-optics.com\/wp-content\/uploads\/2025\/06\/hunter-optics-logo-1.png","contentUrl":"https:\/\/hunter-optics.com\/wp-content\/uploads\/2025\/06\/hunter-optics-logo-1.png","width":937,"height":373,"caption":"Hunter Optics"},"image":{"@id":"https:\/\/hunter-optics.com\/#\/schema\/logo\/image\/"}}]},"product_brand":"Riton","product_price_amount":"199.99","product_price_currency":"USD","og_availability":"instock","product_availability":"instock","product_condition":"new"},"_links":{"self":[{"href":"https:\/\/hunter-optics.com\/pt\/wp-json\/wp\/v2\/product\/1542","targetHints":{"allow":["GET"]}}],"collection":[{"href":"https:\/\/hunter-optics.com\/pt\/wp-json\/wp\/v2\/product"}],"about":[{"href":"https:\/\/hunter-optics.com\/pt\/wp-json\/wp\/v2\/types\/product"}],"replies":[{"embeddable":true,"href":"https:\/\/hunter-optics.com\/pt\/wp-json\/wp\/v2\/comments?post=1542"}],"version-history":[{"count":3,"href":"https:\/\/hunter-optics.com\/pt\/wp-json\/wp\/v2\/product\/1542\/revisions"}],"predecessor-version":[{"id":1565,"href":"https:\/\/hunter-optics.com\/pt\/wp-json\/wp\/v2\/product\/1542\/revisions\/1565"}],"wp:featuredmedia":[{"embeddable":true,"href":"https:\/\/hunter-optics.com\/pt\/wp-json\/wp\/v2\/media\/1557"}],"wp:attachment":[{"href":"https:\/\/hunter-optics.com\/pt\/wp-json\/wp\/v2\/media?parent=1542"}],"wp:term":[{"taxonomy":"brand","embeddable":true,"href":"https:\/\/hunter-optics.com\/pt\/wp-json\/wp\/v2\/etheme_brands?post=1542"},{"taxonomy":"product_brand","embeddable":true,"href":"https:\/\/hunter-optics.com\/pt\/wp-json\/wp\/v2\/product_brand?post=1542"},{"taxonomy":"product_cat","embeddable":true,"href":"https:\/\/hunter-optics.com\/pt\/wp-json\/wp\/v2\/product_cat?post=1542"},{"taxonomy":"product_tag","embeddable":true,"href":"https:\/\/hunter-optics.com\/pt\/wp-json\/wp\/v2\/product_tag?post=1542"}],"curies":[{"name":"wp","href":"https:\/\/api.w.org\/{rel}","templated":true}]}}