{"id":1504,"date":"2025-07-31T06:22:35","date_gmt":"2025-07-31T06:22:35","guid":{"rendered":"https:\/\/hunter-optics.com\/?post_type=product&#038;p=1504"},"modified":"2025-07-31T06:24:20","modified_gmt":"2025-07-31T06:24:20","slug":"crimson-trace-4-20x50mm-mil-ffp-ctl-3420","status":"publish","type":"product","link":"https:\/\/hunter-optics.com\/pt\/produto\/crimson-trace-4-20x50mm-mil-ffp-ctl-3420\/","title":{"rendered":"Mira Crimson 4-20x50mm MIL\/FFP CTL-3420"},"content":{"rendered":"<p>A s\u00e9rie CTL-3420 3 \u00e9 uma mira de espingarda de gama m\u00e9dia de 4-20x50mm rica em carater\u00edsticas que foi constru\u00edda propositadamente a partir do zero. O Primeiro Plano Focal (FFP) e a impressionante nitidez do vidro ED japon\u00eas proporcionam uma experi\u00eancia de tiro sem paralelo. O ret\u00edculo avan\u00e7ado LR1-MIL de conce\u00e7\u00e3o personalizada \u00e9 totalmente iluminado e oferece pontos de reten\u00e7\u00e3o r\u00e1pidos para a idade do vento e eleva\u00e7\u00e3o. As torretas t\u00e1cticas expostas de . 1 MIL expostas proporcionam uma sensa\u00e7\u00e3o de precis\u00e3o e robustez ao marcar os disparos mais precisos. Toda a linha de miras Crimson Trace oferece indicadores de nivelamento de montagem EZ para uma montagem r\u00e1pida e exacta e tecnologia rara (anel de alinhamento vermelho) para uma coloca\u00e7\u00e3o correta dos olhos. Todas as miras Crimson Trace est\u00e3o cobertas por uma garantia vital\u00edcia total.<\/p>\n<div class=\"a-row\">\n<div class=\"a-column a-span6\">\n<h1 class=\"a-size-medium a-spacing-small\">Dados t\u00e9cnicos<\/h1>\n<\/div>\n<\/div>\n<div class=\"a-expander-content a-expander-extend-content\" data-expanded=\"true\">\n<div class=\"a-row a-expander-container a-expander-inline-container\">\n<div class=\"a-expander-content a-expander-section-content a-section-expander-inner\" data-expanded=\"true\">\n<table id=\"productDetails_techSpec_section_1\" class=\"a-keyvalue prodDetTable\">\n<tbody>\n<tr>\n<th class=\"a-color-secondary a-size-base prodDetSectionEntry\">Marca<\/th>\n<td class=\"a-size-base prodDetAttrValue\">Tra\u00e7o carmesim<\/td>\n<\/tr>\n<tr>\n<th class=\"a-color-secondary a-size-base prodDetSectionEntry\">Cor<\/th>\n<td class=\"a-size-base prodDetAttrValue\">Preto<\/td>\n<\/tr>\n<tr>\n<th class=\"a-color-secondary a-size-base prodDetSectionEntry\">Estilo<\/th>\n<td class=\"a-size-base prodDetAttrValue\">T\u00e1tica<\/td>\n<\/tr>\n<tr>\n<th class=\"a-color-secondary a-size-base prodDetSectionEntry\">Desporto<\/th>\n<td class=\"a-size-base prodDetAttrValue\">Ca\u00e7a, t\u00e1tica e militar<\/td>\n<\/tr>\n<tr>\n<th class=\"a-color-secondary a-size-base prodDetSectionEntry\">Item Peso<\/th>\n<td class=\"a-size-base prodDetAttrValue\">3,76 libras<\/td>\n<\/tr>\n<tr>\n<th class=\"a-color-secondary a-size-base prodDetSectionEntry\">Material<\/th>\n<td class=\"a-size-base prodDetAttrValue\">Alum\u00ednio<\/td>\n<\/tr>\n<tr>\n<th class=\"a-color-secondary a-size-base prodDetSectionEntry\">Amplia\u00e7\u00e3o m\u00e1xima<\/th>\n<td class=\"a-size-base prodDetAttrValue\">20.00<\/td>\n<\/tr>\n<tr>\n<th class=\"a-color-secondary a-size-base prodDetSectionEntry\">Di\u00e2metro da lente objetiva<\/th>\n<td class=\"a-size-base prodDetAttrValue\">50 mil\u00edmetros<\/td>\n<\/tr>\n<tr>\n<th class=\"a-color-secondary a-size-base prodDetSectionEntry\">Amplia\u00e7\u00e3o M\u00ednima<\/th>\n<td class=\"a-size-base prodDetAttrValue\">4.00<\/td>\n<\/tr>\n<tr>\n<th class=\"a-color-secondary a-size-base prodDetSectionEntry\">Dispositivos compat\u00edveis<\/th>\n<td class=\"a-size-base prodDetAttrValue\">Rifle<\/td>\n<\/tr>\n<tr>\n<th class=\"a-color-secondary a-size-base prodDetSectionEntry\">Tipo de montagem<\/th>\n<td class=\"a-size-base prodDetAttrValue\">Montagem por extrus\u00e3o<\/td>\n<\/tr>\n<tr>\n<th class=\"a-color-secondary a-size-base prodDetSectionEntry\">Vis\u00e3o nocturna<\/th>\n<td class=\"a-size-base prodDetAttrValue\">N\u00e3o<\/td>\n<\/tr>\n<tr>\n<th class=\"a-color-secondary a-size-base prodDetSectionEntry\">Al\u00edvio ocular<\/th>\n<td class=\"a-size-base prodDetAttrValue\">3,7 polegadas<\/td>\n<\/tr>\n<tr>\n<th class=\"a-color-secondary a-size-base prodDetSectionEntry\">Campo de vis\u00e3o<\/th>\n<td class=\"a-size-base prodDetAttrValue\">28,9 p\u00e9s<\/td>\n<\/tr>\n<tr>\n<th class=\"a-color-secondary a-size-base prodDetSectionEntry\">Nome do modelo<\/th>\n<td class=\"a-size-base prodDetAttrValue\">Riflescope T\u00e1tico Crimson Trace 4-20x50mm MIL\/MIL FFP com LR1-MIL com Ret\u00edculo Iluminado, S\u00e9rie 3 CTL-3420<\/td>\n<\/tr>\n<tr>\n<th class=\"a-color-secondary a-size-base prodDetSectionEntry\">Fabricante<\/th>\n<td class=\"a-size-base prodDetAttrValue\">Crimson Trace Corporation<\/td>\n<\/tr>\n<tr>\n<th class=\"a-color-secondary a-size-base prodDetSectionEntry\">Tipo de ret\u00edculo<\/th>\n<td class=\"a-size-base prodDetAttrValue\">LR1-MIL<\/td>\n<\/tr>\n<tr>\n<th class=\"a-color-secondary a-size-base prodDetSectionEntry\">UPC<\/th>\n<td class=\"a-size-base prodDetAttrValue\">850002469134<\/td>\n<\/tr>\n<tr>\n<th class=\"a-color-secondary a-size-base prodDetSectionEntry\">Item Dimens\u00f5es da embalagem C x L x A<\/th>\n<td class=\"a-size-base prodDetAttrValue\">17,48 x 4,84 x 4,13 polegadas<\/td>\n<\/tr>\n<tr>\n<th class=\"a-color-secondary a-size-base prodDetSectionEntry\">Peso da embalagem<\/th>\n<td class=\"a-size-base prodDetAttrValue\">1,73 quilogramas<\/td>\n<\/tr>\n<tr>\n<th class=\"a-color-secondary a-size-base prodDetSectionEntry\">Item Dimens\u00f5es LxWxH<\/th>\n<td class=\"a-size-base prodDetAttrValue\">14,5 x 3,4 x 2,5 polegadas<\/td>\n<\/tr>\n<tr>\n<th class=\"a-color-secondary a-size-base prodDetSectionEntry\">Nome da marca<\/th>\n<td class=\"a-size-base prodDetAttrValue\">Tra\u00e7o carmesim<\/td>\n<\/tr>\n<tr>\n<th class=\"a-color-secondary a-size-base prodDetSectionEntry\">Descri\u00e7\u00e3o da garantia<\/th>\n<td class=\"a-size-base prodDetAttrValue\">https:\/\/www.crimsontrace.com\/support\/warranty, GARANTIA VITAL\u00cdCIA TOTAL<\/td>\n<\/tr>\n<tr>\n<th class=\"a-color-secondary a-size-base prodDetSectionEntry\">Utilizadores sugeridos<\/th>\n<td class=\"a-size-base prodDetAttrValue\">unissexo-adulto<\/td>\n<\/tr>\n<tr>\n<th class=\"a-color-secondary a-size-base prodDetSectionEntry\">N\u00famero de itens<\/th>\n<td class=\"a-size-base prodDetAttrValue\">1<\/td>\n<\/tr>\n<tr>\n<th class=\"a-color-secondary a-size-base prodDetSectionEntry\">N\u00famero da pe\u00e7a<\/th>\n<td class=\"a-size-base prodDetAttrValue\">CTL-3420<\/td>\n<\/tr>\n<tr>\n<th class=\"a-color-secondary a-size-base prodDetSectionEntry\">Ano do modelo<\/th>\n<td class=\"a-size-base prodDetAttrValue\">2020<\/td>\n<\/tr>\n<tr>\n<th class=\"a-color-secondary a-size-base prodDetSectionEntry\">Componentes inclu\u00eddos<\/th>\n<td class=\"a-size-base prodDetAttrValue\">Objetiva, bateria, manual do sistema, manual do ret\u00edculo, ferramentas do sistema, 2 tampas Flip, pano de limpeza da objetiva<\/td>\n<\/tr>\n<tr>\n<th class=\"a-color-secondary a-size-base prodDetSectionEntry\">Tamanho<\/th>\n<td class=\"a-size-base prodDetAttrValue\">Tamanho \u00fanico<\/td>\n<\/tr>\n<tr>\n<th class=\"a-color-secondary a-size-base prodDetSectionEntry\">Orienta\u00e7\u00e3o da m\u00e3o<\/th>\n<td class=\"a-size-base prodDetAttrValue\">Esquerda\/Direita<\/td>\n<\/tr>\n<\/tbody>\n<\/table>\n<\/div>\n<\/div>\n<\/div>","protected":false},"excerpt":{"rendered":"<ul class=\"a-unordered-list a-vertical a-spacing-mini\">\n<li class=\"a-spacing-mini\"><span class=\"a-list-item\"> PODER: A mira 4-20x50mm faz com que os objectos pare\u00e7am quatro a vinte vezes mais pr\u00f3ximos do que a olho nu, com uma lente objetiva de 50mm. <\/span><\/li>\n<li class=\"a-spacing-mini\"><span class=\"a-list-item\"> PRIMEIRO PLANO FOCAL (FFP): O ret\u00edculo iluminado avan\u00e7ado LR1-MIL gravado em vidro situa-se \u00e0 frente do mecanismo de amplia\u00e7\u00e3o, sendo dimensionado para fornecer pontos de fixa\u00e7\u00e3o bal\u00edsticos corretos a qualquer dist\u00e2ncia. <\/span><\/li>\n<li class=\"a-spacing-mini\"><span class=\"a-list-item\"> TORRETAS EXPOSTAS COM RET\u00cdCULO AVAN\u00c7ADO LR1-MIL: <\/span><\/li>\n<li class=\"a-spacing-mini\"><span class=\"a-list-item\"> FABRICO DE QUALIDADE: O tubo principal de alum\u00ednio anodizado de 30 mm de pe\u00e7a \u00fanica \u00e9 constru\u00eddo para suportar os ambientes mais exigentes. <\/span><\/li>\n<\/ul>","protected":false},"featured_media":1509,"comment_status":"open","ping_status":"closed","template":"","meta":[],"etheme_brands":[{"term_id":45,"name":"Crimson Trace","slug":"crimson-trace","term_group":0,"term_taxonomy_id":45,"taxonomy":"brand","description":"Crimson Trace is a manufacturer dedicated to producing the highest quality laser sights, tactical lights, electronic sights, and riflescopes for your pistols, rifles, and shotguns.","parent":0,"count":6,"filter":"raw"}],"product_brand":[],"product_cat":[49],"product_tag":[],"class_list":{"0":"post-1504","1":"product","2":"type-product","3":"status-publish","4":"has-post-thumbnail","6":"brand-crimson-trace","7":"product_cat-rifle-scopes","9":"first","10":"instock","11":"sale","12":"taxable","13":"shipping-taxable","14":"purchasable","15":"product-type-simple"},"yoast_head":"<!-- This site is optimized with the Yoast SEO Premium plugin v25.7.1 (Yoast SEO v27.4) - https:\/\/yoast.com\/product\/yoast-seo-premium-wordpress\/ -->\n<title>Crimson Trace 4-20x50mm MIL\/FFP CTL-3420 - Hunter Optics<\/title>\n<meta name=\"description\" content=\"The CTL-3420 3 Series is a feature rich 4-20x50mm mid-range rifle scope that has been purposefully built from the ground up.\" \/>\n<meta name=\"robots\" content=\"index, follow, max-snippet:-1, max-image-preview:large, max-video-preview:-1\" \/>\n<link rel=\"canonical\" href=\"https:\/\/hunter-optics.com\/pt\/produto\/crimson-trace-4-20x50mm-mil-ffp-ctl-3420\/\" \/>\n<meta property=\"og:locale\" content=\"pt_PT\" \/>\n<meta property=\"og:type\" content=\"article\" \/>\n<meta property=\"og:title\" content=\"Crimson Trace 4-20x50mm MIL\/FFP CTL-3420\" \/>\n<meta property=\"og:description\" content=\"The CTL-3420 3 Series is a feature rich 4-20x50mm mid-range rifle scope that has been purposefully built from the ground up.\" \/>\n<meta property=\"og:url\" content=\"https:\/\/hunter-optics.com\/pt\/produto\/crimson-trace-4-20x50mm-mil-ffp-ctl-3420\/\" \/>\n<meta property=\"og:site_name\" content=\"Hunter Optics\" \/>\n<meta property=\"article:modified_time\" content=\"2025-07-31T06:24:20+00:00\" \/>\n<meta property=\"og:image\" content=\"https:\/\/hunter-optics.com\/wp-content\/uploads\/2025\/07\/CTL-3420.jpg\" \/>\n\t<meta property=\"og:image:width\" content=\"876\" \/>\n\t<meta property=\"og:image:height\" content=\"876\" \/>\n\t<meta property=\"og:image:type\" content=\"image\/jpeg\" \/>\n<meta name=\"twitter:card\" content=\"summary_large_image\" \/>\n<meta name=\"twitter:label1\" content=\"pre\u00e7o\" \/>\n\t<meta name=\"twitter:data1\" content=\"&#036;669.99\" \/>\n\t<meta name=\"twitter:label2\" content=\"Disponibilidade\" \/>\n\t<meta name=\"twitter:data2\" content=\"Em stock\" \/>\n<script type=\"application\/ld+json\" class=\"yoast-schema-graph\">{\"@context\":\"https:\\\/\\\/schema.org\",\"@graph\":[{\"@type\":\"WebPage\",\"@id\":\"https:\\\/\\\/hunter-optics.com\\\/product\\\/crimson-trace-4-20x50mm-mil-ffp-ctl-3420\\\/\",\"url\":\"https:\\\/\\\/hunter-optics.com\\\/product\\\/crimson-trace-4-20x50mm-mil-ffp-ctl-3420\\\/\",\"name\":\"Crimson Trace 4-20x50mm MIL\\\/FFP CTL-3420 - Hunter Optics\",\"isPartOf\":{\"@id\":\"https:\\\/\\\/hunter-optics.com\\\/#website\"},\"primaryImageOfPage\":{\"@id\":\"https:\\\/\\\/hunter-optics.com\\\/product\\\/crimson-trace-4-20x50mm-mil-ffp-ctl-3420\\\/#primaryimage\"},\"image\":{\"@id\":\"https:\\\/\\\/hunter-optics.com\\\/product\\\/crimson-trace-4-20x50mm-mil-ffp-ctl-3420\\\/#primaryimage\"},\"thumbnailUrl\":\"https:\\\/\\\/hunter-optics.com\\\/wp-content\\\/uploads\\\/2025\\\/07\\\/CTL-3420.jpg\",\"datePublished\":\"2025-07-31T06:22:35+00:00\",\"dateModified\":\"2025-07-31T06:24:20+00:00\",\"description\":\"The CTL-3420 3 Series is a feature rich 4-20x50mm mid-range rifle scope that has been purposefully built from the ground up.\",\"breadcrumb\":{\"@id\":\"https:\\\/\\\/hunter-optics.com\\\/product\\\/crimson-trace-4-20x50mm-mil-ffp-ctl-3420\\\/#breadcrumb\"},\"inLanguage\":\"pt-PT\",\"potentialAction\":[{\"@type\":\"ReadAction\",\"target\":[\"https:\\\/\\\/hunter-optics.com\\\/product\\\/crimson-trace-4-20x50mm-mil-ffp-ctl-3420\\\/\"]}]},{\"@type\":\"ImageObject\",\"inLanguage\":\"pt-PT\",\"@id\":\"https:\\\/\\\/hunter-optics.com\\\/product\\\/crimson-trace-4-20x50mm-mil-ffp-ctl-3420\\\/#primaryimage\",\"url\":\"https:\\\/\\\/hunter-optics.com\\\/wp-content\\\/uploads\\\/2025\\\/07\\\/CTL-3420.jpg\",\"contentUrl\":\"https:\\\/\\\/hunter-optics.com\\\/wp-content\\\/uploads\\\/2025\\\/07\\\/CTL-3420.jpg\",\"width\":876,\"height\":876},{\"@type\":\"BreadcrumbList\",\"@id\":\"https:\\\/\\\/hunter-optics.com\\\/product\\\/crimson-trace-4-20x50mm-mil-ffp-ctl-3420\\\/#breadcrumb\",\"itemListElement\":[{\"@type\":\"ListItem\",\"position\":1,\"name\":\"Home\",\"item\":\"https:\\\/\\\/hunter-optics.com\\\/\"},{\"@type\":\"ListItem\",\"position\":2,\"name\":\"Products\",\"item\":\"https:\\\/\\\/hunter-optics.com\\\/shop\\\/\"},{\"@type\":\"ListItem\",\"position\":3,\"name\":\"Crimson Trace 4-20x50mm MIL\\\/FFP CTL-3420\"}]},{\"@type\":\"WebSite\",\"@id\":\"https:\\\/\\\/hunter-optics.com\\\/#website\",\"url\":\"https:\\\/\\\/hunter-optics.com\\\/\",\"name\":\"Hunter Optics\",\"description\":\"Hunter Optics \u2014 Your Eye on the Target.\",\"publisher\":{\"@id\":\"https:\\\/\\\/hunter-optics.com\\\/#organization\"},\"potentialAction\":[{\"@type\":\"SearchAction\",\"target\":{\"@type\":\"EntryPoint\",\"urlTemplate\":\"https:\\\/\\\/hunter-optics.com\\\/?s={search_term_string}\"},\"query-input\":{\"@type\":\"PropertyValueSpecification\",\"valueRequired\":true,\"valueName\":\"search_term_string\"}}],\"inLanguage\":\"pt-PT\"},{\"@type\":\"Organization\",\"@id\":\"https:\\\/\\\/hunter-optics.com\\\/#organization\",\"name\":\"Hunter Optics\",\"url\":\"https:\\\/\\\/hunter-optics.com\\\/\",\"logo\":{\"@type\":\"ImageObject\",\"inLanguage\":\"pt-PT\",\"@id\":\"https:\\\/\\\/hunter-optics.com\\\/#\\\/schema\\\/logo\\\/image\\\/\",\"url\":\"https:\\\/\\\/hunter-optics.com\\\/wp-content\\\/uploads\\\/2025\\\/06\\\/hunter-optics-logo-1.png\",\"contentUrl\":\"https:\\\/\\\/hunter-optics.com\\\/wp-content\\\/uploads\\\/2025\\\/06\\\/hunter-optics-logo-1.png\",\"width\":937,\"height\":373,\"caption\":\"Hunter Optics\"},\"image\":{\"@id\":\"https:\\\/\\\/hunter-optics.com\\\/#\\\/schema\\\/logo\\\/image\\\/\"}}]}<\/script>\n<meta property=\"product:brand\" content=\"Crimson Trace\" \/>\n<meta property=\"product:price:amount\" content=\"669.99\" \/>\n<meta property=\"product:price:currency\" content=\"USD\" \/>\n<meta property=\"og:availability\" content=\"instock\" \/>\n<meta property=\"product:availability\" content=\"instock\" \/>\n<meta property=\"product:condition\" content=\"new\" \/>\n<!-- \/ Yoast SEO Premium plugin. -->","yoast_head_json":{"title":"Crimson Trace 4-20x50mm MIL\/FFP CTL-3420 - \u00d3tica de ca\u00e7a","description":"A s\u00e9rie CTL-3420 3 \u00e9 uma mira para espingardas de gama m\u00e9dia 4-20x50mm rica em carater\u00edsticas que foi constru\u00edda propositadamente a partir do zero.","robots":{"index":"index","follow":"follow","max-snippet":"max-snippet:-1","max-image-preview":"max-image-preview:large","max-video-preview":"max-video-preview:-1"},"canonical":"https:\/\/hunter-optics.com\/pt\/produto\/crimson-trace-4-20x50mm-mil-ffp-ctl-3420\/","og_locale":"pt_PT","og_type":"article","og_title":"Crimson Trace 4-20x50mm MIL\/FFP CTL-3420","og_description":"The CTL-3420 3 Series is a feature rich 4-20x50mm mid-range rifle scope that has been purposefully built from the ground up.","og_url":"https:\/\/hunter-optics.com\/pt\/produto\/crimson-trace-4-20x50mm-mil-ffp-ctl-3420\/","og_site_name":"Hunter Optics","article_modified_time":"2025-07-31T06:24:20+00:00","og_image":[{"width":876,"height":876,"url":"https:\/\/hunter-optics.com\/wp-content\/uploads\/2025\/07\/CTL-3420.jpg","type":"image\/jpeg"}],"twitter_card":"summary_large_image","twitter_misc":{"pre\u00e7o":"&#36;669.99","Disponibilidade":"Em stock"},"schema":{"@context":"https:\/\/schema.org","@graph":[{"@type":"WebPage","@id":"https:\/\/hunter-optics.com\/product\/crimson-trace-4-20x50mm-mil-ffp-ctl-3420\/","url":"https:\/\/hunter-optics.com\/product\/crimson-trace-4-20x50mm-mil-ffp-ctl-3420\/","name":"Crimson Trace 4-20x50mm MIL\/FFP CTL-3420 - \u00d3tica de ca\u00e7a","isPartOf":{"@id":"https:\/\/hunter-optics.com\/#website"},"primaryImageOfPage":{"@id":"https:\/\/hunter-optics.com\/product\/crimson-trace-4-20x50mm-mil-ffp-ctl-3420\/#primaryimage"},"image":{"@id":"https:\/\/hunter-optics.com\/product\/crimson-trace-4-20x50mm-mil-ffp-ctl-3420\/#primaryimage"},"thumbnailUrl":"https:\/\/hunter-optics.com\/wp-content\/uploads\/2025\/07\/CTL-3420.jpg","datePublished":"2025-07-31T06:22:35+00:00","dateModified":"2025-07-31T06:24:20+00:00","description":"A s\u00e9rie CTL-3420 3 \u00e9 uma mira para espingardas de gama m\u00e9dia 4-20x50mm rica em carater\u00edsticas que foi constru\u00edda propositadamente a partir do zero.","breadcrumb":{"@id":"https:\/\/hunter-optics.com\/product\/crimson-trace-4-20x50mm-mil-ffp-ctl-3420\/#breadcrumb"},"inLanguage":"pt-PT","potentialAction":[{"@type":"ReadAction","target":["https:\/\/hunter-optics.com\/product\/crimson-trace-4-20x50mm-mil-ffp-ctl-3420\/"]}]},{"@type":"ImageObject","inLanguage":"pt-PT","@id":"https:\/\/hunter-optics.com\/product\/crimson-trace-4-20x50mm-mil-ffp-ctl-3420\/#primaryimage","url":"https:\/\/hunter-optics.com\/wp-content\/uploads\/2025\/07\/CTL-3420.jpg","contentUrl":"https:\/\/hunter-optics.com\/wp-content\/uploads\/2025\/07\/CTL-3420.jpg","width":876,"height":876},{"@type":"BreadcrumbList","@id":"https:\/\/hunter-optics.com\/product\/crimson-trace-4-20x50mm-mil-ffp-ctl-3420\/#breadcrumb","itemListElement":[{"@type":"ListItem","position":1,"name":"Home","item":"https:\/\/hunter-optics.com\/"},{"@type":"ListItem","position":2,"name":"Products","item":"https:\/\/hunter-optics.com\/shop\/"},{"@type":"ListItem","position":3,"name":"Crimson Trace 4-20x50mm MIL\/FFP CTL-3420"}]},{"@type":"WebSite","@id":"https:\/\/hunter-optics.com\/#website","url":"https:\/\/hunter-optics.com\/","name":"\u00d3tica Hunter","description":"Hunter Optics - O seu olho no alvo.","publisher":{"@id":"https:\/\/hunter-optics.com\/#organization"},"potentialAction":[{"@type":"SearchAction","target":{"@type":"EntryPoint","urlTemplate":"https:\/\/hunter-optics.com\/?s={search_term_string}"},"query-input":{"@type":"PropertyValueSpecification","valueRequired":true,"valueName":"search_term_string"}}],"inLanguage":"pt-PT"},{"@type":"Organization","@id":"https:\/\/hunter-optics.com\/#organization","name":"\u00d3tica Hunter","url":"https:\/\/hunter-optics.com\/","logo":{"@type":"ImageObject","inLanguage":"pt-PT","@id":"https:\/\/hunter-optics.com\/#\/schema\/logo\/image\/","url":"https:\/\/hunter-optics.com\/wp-content\/uploads\/2025\/06\/hunter-optics-logo-1.png","contentUrl":"https:\/\/hunter-optics.com\/wp-content\/uploads\/2025\/06\/hunter-optics-logo-1.png","width":937,"height":373,"caption":"Hunter Optics"},"image":{"@id":"https:\/\/hunter-optics.com\/#\/schema\/logo\/image\/"}}]},"product_brand":"Crimson Trace","product_price_amount":"669.99","product_price_currency":"USD","og_availability":"instock","product_availability":"instock","product_condition":"new"},"_links":{"self":[{"href":"https:\/\/hunter-optics.com\/pt\/wp-json\/wp\/v2\/product\/1504","targetHints":{"allow":["GET"]}}],"collection":[{"href":"https:\/\/hunter-optics.com\/pt\/wp-json\/wp\/v2\/product"}],"about":[{"href":"https:\/\/hunter-optics.com\/pt\/wp-json\/wp\/v2\/types\/product"}],"replies":[{"embeddable":true,"href":"https:\/\/hunter-optics.com\/pt\/wp-json\/wp\/v2\/comments?post=1504"}],"version-history":[{"count":1,"href":"https:\/\/hunter-optics.com\/pt\/wp-json\/wp\/v2\/product\/1504\/revisions"}],"predecessor-version":[{"id":1512,"href":"https:\/\/hunter-optics.com\/pt\/wp-json\/wp\/v2\/product\/1504\/revisions\/1512"}],"wp:featuredmedia":[{"embeddable":true,"href":"https:\/\/hunter-optics.com\/pt\/wp-json\/wp\/v2\/media\/1509"}],"wp:attachment":[{"href":"https:\/\/hunter-optics.com\/pt\/wp-json\/wp\/v2\/media?parent=1504"}],"wp:term":[{"taxonomy":"brand","embeddable":true,"href":"https:\/\/hunter-optics.com\/pt\/wp-json\/wp\/v2\/etheme_brands?post=1504"},{"taxonomy":"product_brand","embeddable":true,"href":"https:\/\/hunter-optics.com\/pt\/wp-json\/wp\/v2\/product_brand?post=1504"},{"taxonomy":"product_cat","embeddable":true,"href":"https:\/\/hunter-optics.com\/pt\/wp-json\/wp\/v2\/product_cat?post=1504"},{"taxonomy":"product_tag","embeddable":true,"href":"https:\/\/hunter-optics.com\/pt\/wp-json\/wp\/v2\/product_tag?post=1504"}],"curies":[{"name":"wp","href":"https:\/\/api.w.org\/{rel}","templated":true}]}}