{"id":1489,"date":"2025-07-29T09:38:29","date_gmt":"2025-07-29T09:38:29","guid":{"rendered":"https:\/\/hunter-optics.com\/?post_type=product&#038;p=1489"},"modified":"2025-07-31T06:10:29","modified_gmt":"2025-07-31T06:10:29","slug":"crimson-trace-5-serie-3-18x50mm-ctl-5318","status":"publish","type":"product","link":"https:\/\/hunter-optics.com\/pt\/produto\/crimson-trace-5-serie-3-18x50mm-ctl-5318\/","title":{"rendered":"Crimson Trace S\u00e9rie 5 3-18x50mm CTL-5318"},"content":{"rendered":"<h2 id=\"caption-header\">Informa\u00e7\u00f5es sobre produtos para a mira de espingarda t\u00e1tica Crimson Trace 5 Series 3-18x50mm<\/h2>\n<div>\n<div id=\"product-caption-block-description\" class=\"product-caption-block product-caption-block\">\n<p>A Crimson Trace CTL-5318 5 Series \u00e9 uma mira de espingarda de gama m\u00e9dia 3-18x50mm rica em carater\u00edsticas que foi constru\u00edda propositadamente a partir do zero. O Primeiro Plano Focal (FFP) da mira e a impressionante claridade do vidro ED japon\u00eas proporcionam uma experi\u00eancia de tiro sem paralelo. O ret\u00edculo avan\u00e7ado MR1-MIL, concebido \u00e0 medida, \u00e9 totalmente iluminado e oferece pontos de fixa\u00e7\u00e3o r\u00e1pidos para a dire\u00e7\u00e3o do vento e a eleva\u00e7\u00e3o. As torretas t\u00e1cticas expostas de 0,1 MIL proporcionam uma sensa\u00e7\u00e3o de precis\u00e3o e robustez ao marcar os disparos mais precisos. Toda a linha de miras Crimson Trace oferece indicadores de nivelamento EZ Mount para uma montagem r\u00e1pida e exacta e um anel de alinhamento vermelho para um posicionamento correto dos olhos. Todas as miras Crimson Trace fazem parte do programa Pilhas Gratuitas para Toda a Vida e est\u00e3o cobertas pela Garantia de Prote\u00e7\u00e3o Vital\u00edcia Garantida. Primeiro Plano Focal (FFP): O ret\u00edculo MR1-MIL Advanced Illuminated gravado em vidro fica \u00e0 frente do mecanismo de amplia\u00e7\u00e3o para fornecer pontos de fixa\u00e7\u00e3o bal\u00edsticos corretos a qualquer dist\u00e2ncia. Esta carater\u00edstica permite que o ret\u00edculo seja avistado em qualquer parte da escala de amplia\u00e7\u00e3o e medi\u00e7\u00f5es de alcance precisas. Os numerosos pontos de fixa\u00e7\u00e3o de vento permitem ajustes em tempo real durante as condi\u00e7\u00f5es ambientais em constante mudan\u00e7a. O vidro ED totalmente multi-revestido de qualidade superior permite uma melhor qualidade de imagem em todo o espetro visual. A mira de 3-18x50mm faz com que os objectos pare\u00e7am tr\u00eas a dezoito vezes mais pr\u00f3ximos do que a olho nu, com uma lente objetiva de 50mm Torres expostas com ret\u00edculo avan\u00e7ado MR1-MIL: Permitindo ajustes de eleva\u00e7\u00e3o e de windage, a s\u00e9rie 5 \u00e9 ideal para aplica\u00e7\u00f5es de ca\u00e7a de precis\u00e3o de longo alcance, sendo ao mesmo tempo leveZero-Stop para um regresso simplificado ao zero e indicador de 2\u00aa rota\u00e7\u00e3oCaixa ocular incrivelmente indulgente com ajuste de dioptria para manter um ret\u00edculo focadoO tubo principal de alum\u00ednio anodizado de 30 mm de pe\u00e7a \u00fanica foi concebido para suportar os ambientes mais exigentes\u00c0 prova de \u00e1gua e de nevoeiro com lentes revestidas para proteger contra riscos, \u00f3leo e detritosPurga de nitrog\u00e9nio e veda\u00e7\u00e3o por O-Ring<img loading=\"lazy\" decoding=\"async\" src=\"https:\/\/opl.0ps.us\/assets-1d43849faec\/base\/opweb\/base\/desktop\/img\/pixels\/description-product-pixel.gif\" alt=\"imagem\" width=\"1\" height=\"1\" \/>.<\/p>\n<div id=\"product-caption-block-manufacture-specification\" class=\"product-caption-block product-caption-block\">\n<h3>Especifica\u00e7\u00f5es para a mira de espingarda t\u00e1tica Crimson Trace 5 Series 3-18x50mm:<\/h3>\n<table class=\"spec-table\" border=\"0\" cellspacing=\"0\" cellpadding=\"0\">\n<tbody>\n<tr>\n<td class=\"spec-left-column\">Fabricante:<\/td>\n<td width=\"50%\">Tra\u00e7o carmesim<\/td>\n<\/tr>\n<tr>\n<td class=\"spec-left-column\">Di\u00e2metro da lente objetiva:<\/td>\n<td width=\"50%\">50 mm<\/td>\n<\/tr>\n<tr>\n<td class=\"spec-left-column\">Amplia\u00e7\u00e3o:<\/td>\n<td width=\"50%\">3 - 18 x<\/td>\n<\/tr>\n<tr>\n<td class=\"spec-left-column\">Ret\u00edculo:<\/td>\n<td width=\"50%\">Ret\u00edculo iluminado MR1-MIL<\/td>\n<\/tr>\n<tr>\n<td class=\"spec-left-column\">Di\u00e2metro do tubo:<\/td>\n<td width=\"50%\">34 mm<\/td>\n<\/tr>\n<tr>\n<td class=\"spec-left-column\">Plano Focal do Ret\u00edculo:<\/td>\n<td width=\"50%\">Primeiro Plano Focal (FFP)<\/td>\n<\/tr>\n<tr>\n<td class=\"spec-left-column\">Sair do aluno:<\/td>\n<td width=\"50%\">2,8 - 9 mm<\/td>\n<\/tr>\n<tr>\n<td class=\"spec-left-column\">Cor da ilumina\u00e7\u00e3o:<\/td>\n<td width=\"50%\">Vermelho<\/td>\n<\/tr>\n<tr>\n<td class=\"spec-left-column\">Acabamento:<\/td>\n<td width=\"50%\">Mate<\/td>\n<\/tr>\n<tr>\n<td class=\"spec-left-column\">Campo de vis\u00e3o, Linear:<\/td>\n<td width=\"50%\">33,2 p\u00e9s a 100 jardas<\/td>\n<\/tr>\n<tr>\n<td class=\"spec-left-column\">Al\u00edvio ocular:<\/td>\n<td width=\"50%\">3,5 pol.<\/td>\n<\/tr>\n<tr>\n<td class=\"spec-left-column\">Gama de ajuste da dioptria:<\/td>\n<td width=\"50%\">-3 - 2 dpt<\/td>\n<\/tr>\n<tr>\n<td class=\"spec-left-column\">Cor:<\/td>\n<td width=\"50%\">Preto<\/td>\n<\/tr>\n<tr>\n<td class=\"spec-left-column\">Ajuste Clique em Valor:<\/td>\n<td width=\"50%\">0,1 mil Rad<\/td>\n<\/tr>\n<tr>\n<td class=\"spec-left-column\">Comprimento:<\/td>\n<td width=\"50%\">17 em<\/td>\n<\/tr>\n<tr>\n<td class=\"spec-left-column\">Tipo de ajuste:<\/td>\n<td width=\"50%\">Mil Rad<\/td>\n<\/tr>\n<tr>\n<td class=\"spec-left-column\">Paralaxe:<\/td>\n<td width=\"50%\">10 jardas at\u00e9 ao infinito<\/td>\n<\/tr>\n<tr>\n<td class=\"spec-left-column\">Tipo de ilumina\u00e7\u00e3o:<\/td>\n<td width=\"50%\">LED<\/td>\n<\/tr>\n<tr>\n<td class=\"spec-left-column\">Tipo de bateria:<\/td>\n<td width=\"50%\">CR2032<\/td>\n<\/tr>\n<tr>\n<td class=\"spec-left-column\">Largura:<\/td>\n<td width=\"50%\">4,75 pol.<\/td>\n<\/tr>\n<tr>\n<td class=\"spec-left-column\">Tecido\/Material:<\/td>\n<td width=\"50%\">Tubo de pe\u00e7a \u00fanica em alum\u00ednio para aeronaves 6061-T6<\/td>\n<\/tr>\n<tr>\n<td class=\"spec-left-column\">Altura:<\/td>\n<td width=\"50%\">50 mm<\/td>\n<\/tr>\n<tr>\n<td class=\"spec-left-column\">Gama de focagem:<\/td>\n<td width=\"50%\">10 jardas at\u00e9 ao infinito<\/td>\n<\/tr>\n<tr>\n<td class=\"spec-left-column\">Material da lente:<\/td>\n<td width=\"50%\">Vidro ED<\/td>\n<\/tr>\n<tr>\n<td class=\"spec-left-column\">Revestimento \u00f3tico:<\/td>\n<td width=\"50%\">Totalmente multi-revestido<\/td>\n<\/tr>\n<tr>\n<td class=\"spec-left-column\">Temperatura de funcionamento:<\/td>\n<td width=\"50%\">-10 - 50 Celsius<\/td>\n<\/tr>\n<tr>\n<td class=\"spec-left-column\">N\u00edvel de resist\u00eancia \u00e0 \u00e1gua:<\/td>\n<td width=\"50%\">\u00c0 prova de \u00e1gua<\/td>\n<\/tr>\n<tr>\n<td class=\"spec-left-column\">\u00c0 prova de nevoeiro:<\/td>\n<td width=\"50%\">Sim<\/td>\n<\/tr>\n<tr>\n<td class=\"spec-left-column\">Quantidade de pilhas:<\/td>\n<td width=\"50%\">1<\/td>\n<\/tr>\n<tr>\n<td class=\"spec-left-column\">Acess\u00f3rios inclu\u00eddos:<\/td>\n<td width=\"50%\">Pano de limpeza da objetiva, bateria, tampas de abrir<\/td>\n<\/tr>\n<tr>\n<td class=\"spec-left-column\">Tipo de amplia\u00e7\u00e3o:<\/td>\n<td width=\"50%\">Vari\u00e1vel<\/td>\n<\/tr>\n<tr>\n<td class=\"spec-left-column\">Carater\u00edsticas adicionais:<\/td>\n<td width=\"50%\">Reposi\u00e7\u00e3o a zero<\/td>\n<\/tr>\n<tr>\n<td class=\"spec-left-column\">Altura do anel:<\/td>\n<td width=\"50%\">34 mm<\/td>\n<\/tr>\n<tr>\n<td class=\"spec-left-column\">Tipo de fixa\u00e7\u00e3o:<\/td>\n<td width=\"50%\">Anel para mira telesc\u00f3pica<\/td>\n<\/tr>\n<\/tbody>\n<\/table>\n<\/div>\n<\/div>\n<\/div>","protected":false},"excerpt":{"rendered":"<p><span class=\"IpNPnb\" data-spec-name=\"Reticle\"><strong>Ret\u00edculo: <\/strong>Ret\u00edculo iluminado MR1-MIL <\/span><span class=\"IpNPnb\" data-spec-name=\"Tube Diameter\"><strong>Di\u00e2metro do tubo: <\/strong>34 mm<\/span><span class=\"IpNPnb\" data-spec-name=\"Reticle Focal Plane\"><strong>Plano Focal do Ret\u00edculo: <\/strong>Primeiro Plano Focal (FFP) <\/span><span class=\"IpNPnb\" data-spec-name=\"Illumination Color\"><strong>Cor da ilumina\u00e7\u00e3o: <\/strong>Vermelho <\/span><span class=\"IpNPnb\" data-spec-name=\"Finish\"><strong>Acabamento: <\/strong>Mate <\/span><span class=\"IpNPnb\" data-spec-name=\"Color\"><strong>Cor: <\/strong>Preto <\/span><span class=\"IpNPnb\" data-spec-name=\"Adjustment Click Value\"><strong>Ajuste Clique em Valor: <\/strong>0,1 mil Rad<\/span><span class=\"IpNPnb\" data-spec-name=\"Adjustment Type\"><strong>Tipo de ajuste: <\/strong>Mil Rad <\/span><span class=\"IpNPnb\" data-spec-name=\"Illumination Type\"><strong>Tipo de ilumina\u00e7\u00e3o: <\/strong>LED <\/span><\/p>","protected":false},"featured_media":1490,"comment_status":"open","ping_status":"closed","template":"","meta":[],"etheme_brands":[{"term_id":45,"name":"Crimson Trace","slug":"crimson-trace","term_group":0,"term_taxonomy_id":45,"taxonomy":"brand","description":"Crimson Trace is a manufacturer dedicated to producing the highest quality laser sights, tactical lights, electronic sights, and riflescopes for your pistols, rifles, and shotguns.","parent":0,"count":6,"filter":"raw"}],"product_brand":[],"product_cat":[49],"product_tag":[],"class_list":{"0":"post-1489","1":"product","2":"type-product","3":"status-publish","4":"has-post-thumbnail","6":"brand-crimson-trace","7":"product_cat-rifle-scopes","9":"first","10":"instock","11":"sale","12":"taxable","13":"shipping-taxable","14":"purchasable","15":"product-type-simple"},"yoast_head":"<!-- This site is optimized with the Yoast SEO Premium plugin v25.7.1 (Yoast SEO v27.4) - https:\/\/yoast.com\/product\/yoast-seo-premium-wordpress\/ -->\n<title>Crimson Trace 5 Series 3-18x50mm CTL-5318 - Hunter Optics<\/title>\n<meta name=\"description\" content=\"The Crimson Trace 5 Series 3-18x50mm CTL-5318 is a feature rich 3-18x50mm mid-range rifle scope that has been purposefully built from the ground up.\" \/>\n<meta name=\"robots\" content=\"index, follow, max-snippet:-1, max-image-preview:large, max-video-preview:-1\" \/>\n<link rel=\"canonical\" href=\"https:\/\/hunter-optics.com\/pt\/produto\/crimson-trace-5-serie-3-18x50mm-ctl-5318\/\" \/>\n<meta property=\"og:locale\" content=\"pt_PT\" \/>\n<meta property=\"og:type\" content=\"article\" \/>\n<meta property=\"og:title\" content=\"Crimson Trace 5 Series 3-18x50mm CTL-5318\" \/>\n<meta property=\"og:description\" content=\"The Crimson Trace 5 Series 3-18x50mm CTL-5318 is a feature rich 3-18x50mm mid-range rifle scope that has been purposefully built from the ground up.\" \/>\n<meta property=\"og:url\" content=\"https:\/\/hunter-optics.com\/pt\/produto\/crimson-trace-5-serie-3-18x50mm-ctl-5318\/\" \/>\n<meta property=\"og:site_name\" content=\"Hunter Optics\" \/>\n<meta property=\"article:modified_time\" content=\"2025-07-31T06:10:29+00:00\" \/>\n<meta property=\"og:image\" content=\"https:\/\/hunter-optics.com\/wp-content\/uploads\/2025\/07\/Crimson-Trace-5-Series-3-18x50mm-CTL-5318.jpg\" \/>\n\t<meta property=\"og:image:width\" content=\"876\" \/>\n\t<meta property=\"og:image:height\" content=\"876\" \/>\n\t<meta property=\"og:image:type\" content=\"image\/jpeg\" \/>\n<meta name=\"twitter:card\" content=\"summary_large_image\" \/>\n<meta name=\"twitter:label1\" content=\"pre\u00e7o\" \/>\n\t<meta name=\"twitter:data1\" content=\"&#036;769.99\" \/>\n\t<meta name=\"twitter:label2\" content=\"Disponibilidade\" \/>\n\t<meta name=\"twitter:data2\" content=\"Em stock\" \/>\n<script type=\"application\/ld+json\" class=\"yoast-schema-graph\">{\"@context\":\"https:\\\/\\\/schema.org\",\"@graph\":[{\"@type\":\"WebPage\",\"@id\":\"https:\\\/\\\/hunter-optics.com\\\/product\\\/crimson-trace-5-series-3-18x50mm-ctl-5318\\\/\",\"url\":\"https:\\\/\\\/hunter-optics.com\\\/product\\\/crimson-trace-5-series-3-18x50mm-ctl-5318\\\/\",\"name\":\"Crimson Trace 5 Series 3-18x50mm CTL-5318 - Hunter Optics\",\"isPartOf\":{\"@id\":\"https:\\\/\\\/hunter-optics.com\\\/#website\"},\"primaryImageOfPage\":{\"@id\":\"https:\\\/\\\/hunter-optics.com\\\/product\\\/crimson-trace-5-series-3-18x50mm-ctl-5318\\\/#primaryimage\"},\"image\":{\"@id\":\"https:\\\/\\\/hunter-optics.com\\\/product\\\/crimson-trace-5-series-3-18x50mm-ctl-5318\\\/#primaryimage\"},\"thumbnailUrl\":\"https:\\\/\\\/hunter-optics.com\\\/wp-content\\\/uploads\\\/2025\\\/07\\\/Crimson-Trace-5-Series-3-18x50mm-CTL-5318.jpg\",\"datePublished\":\"2025-07-29T09:38:29+00:00\",\"dateModified\":\"2025-07-31T06:10:29+00:00\",\"description\":\"The Crimson Trace 5 Series 3-18x50mm CTL-5318 is a feature rich 3-18x50mm mid-range rifle scope that has been purposefully built from the ground up.\",\"breadcrumb\":{\"@id\":\"https:\\\/\\\/hunter-optics.com\\\/product\\\/crimson-trace-5-series-3-18x50mm-ctl-5318\\\/#breadcrumb\"},\"inLanguage\":\"pt-PT\",\"potentialAction\":[{\"@type\":\"ReadAction\",\"target\":[\"https:\\\/\\\/hunter-optics.com\\\/product\\\/crimson-trace-5-series-3-18x50mm-ctl-5318\\\/\"]}]},{\"@type\":\"ImageObject\",\"inLanguage\":\"pt-PT\",\"@id\":\"https:\\\/\\\/hunter-optics.com\\\/product\\\/crimson-trace-5-series-3-18x50mm-ctl-5318\\\/#primaryimage\",\"url\":\"https:\\\/\\\/hunter-optics.com\\\/wp-content\\\/uploads\\\/2025\\\/07\\\/Crimson-Trace-5-Series-3-18x50mm-CTL-5318.jpg\",\"contentUrl\":\"https:\\\/\\\/hunter-optics.com\\\/wp-content\\\/uploads\\\/2025\\\/07\\\/Crimson-Trace-5-Series-3-18x50mm-CTL-5318.jpg\",\"width\":876,\"height\":876},{\"@type\":\"BreadcrumbList\",\"@id\":\"https:\\\/\\\/hunter-optics.com\\\/product\\\/crimson-trace-5-series-3-18x50mm-ctl-5318\\\/#breadcrumb\",\"itemListElement\":[{\"@type\":\"ListItem\",\"position\":1,\"name\":\"Home\",\"item\":\"https:\\\/\\\/hunter-optics.com\\\/\"},{\"@type\":\"ListItem\",\"position\":2,\"name\":\"Products\",\"item\":\"https:\\\/\\\/hunter-optics.com\\\/shop\\\/\"},{\"@type\":\"ListItem\",\"position\":3,\"name\":\"Crimson Trace 5 Series 3-18x50mm CTL-5318\"}]},{\"@type\":\"WebSite\",\"@id\":\"https:\\\/\\\/hunter-optics.com\\\/#website\",\"url\":\"https:\\\/\\\/hunter-optics.com\\\/\",\"name\":\"Hunter Optics\",\"description\":\"Hunter Optics \u2014 Your Eye on the Target.\",\"publisher\":{\"@id\":\"https:\\\/\\\/hunter-optics.com\\\/#organization\"},\"potentialAction\":[{\"@type\":\"SearchAction\",\"target\":{\"@type\":\"EntryPoint\",\"urlTemplate\":\"https:\\\/\\\/hunter-optics.com\\\/?s={search_term_string}\"},\"query-input\":{\"@type\":\"PropertyValueSpecification\",\"valueRequired\":true,\"valueName\":\"search_term_string\"}}],\"inLanguage\":\"pt-PT\"},{\"@type\":\"Organization\",\"@id\":\"https:\\\/\\\/hunter-optics.com\\\/#organization\",\"name\":\"Hunter Optics\",\"url\":\"https:\\\/\\\/hunter-optics.com\\\/\",\"logo\":{\"@type\":\"ImageObject\",\"inLanguage\":\"pt-PT\",\"@id\":\"https:\\\/\\\/hunter-optics.com\\\/#\\\/schema\\\/logo\\\/image\\\/\",\"url\":\"https:\\\/\\\/hunter-optics.com\\\/wp-content\\\/uploads\\\/2025\\\/06\\\/hunter-optics-logo-1.png\",\"contentUrl\":\"https:\\\/\\\/hunter-optics.com\\\/wp-content\\\/uploads\\\/2025\\\/06\\\/hunter-optics-logo-1.png\",\"width\":937,\"height\":373,\"caption\":\"Hunter Optics\"},\"image\":{\"@id\":\"https:\\\/\\\/hunter-optics.com\\\/#\\\/schema\\\/logo\\\/image\\\/\"}}]}<\/script>\n<meta property=\"product:brand\" content=\"Crimson Trace\" \/>\n<meta property=\"product:price:amount\" content=\"769.99\" \/>\n<meta property=\"product:price:currency\" content=\"USD\" \/>\n<meta property=\"og:availability\" content=\"instock\" \/>\n<meta property=\"product:availability\" content=\"instock\" \/>\n<meta property=\"product:condition\" content=\"new\" \/>\n<!-- \/ Yoast SEO Premium plugin. -->","yoast_head_json":{"title":"Crimson Trace 5 Series 3-18x50mm CTL-5318 - \u00d3tica de ca\u00e7a","description":"A Crimson Trace 5 Series 3-18x50mm CTL-5318 \u00e9 uma mira de espingarda de gama m\u00e9dia 3-18x50mm rica em funcionalidades que foi propositadamente constru\u00edda de raiz.","robots":{"index":"index","follow":"follow","max-snippet":"max-snippet:-1","max-image-preview":"max-image-preview:large","max-video-preview":"max-video-preview:-1"},"canonical":"https:\/\/hunter-optics.com\/pt\/produto\/crimson-trace-5-serie-3-18x50mm-ctl-5318\/","og_locale":"pt_PT","og_type":"article","og_title":"Crimson Trace 5 Series 3-18x50mm CTL-5318","og_description":"The Crimson Trace 5 Series 3-18x50mm CTL-5318 is a feature rich 3-18x50mm mid-range rifle scope that has been purposefully built from the ground up.","og_url":"https:\/\/hunter-optics.com\/pt\/produto\/crimson-trace-5-serie-3-18x50mm-ctl-5318\/","og_site_name":"Hunter Optics","article_modified_time":"2025-07-31T06:10:29+00:00","og_image":[{"width":876,"height":876,"url":"https:\/\/hunter-optics.com\/wp-content\/uploads\/2025\/07\/Crimson-Trace-5-Series-3-18x50mm-CTL-5318.jpg","type":"image\/jpeg"}],"twitter_card":"summary_large_image","twitter_misc":{"pre\u00e7o":"&#36;769.99","Disponibilidade":"Em stock"},"schema":{"@context":"https:\/\/schema.org","@graph":[{"@type":"WebPage","@id":"https:\/\/hunter-optics.com\/product\/crimson-trace-5-series-3-18x50mm-ctl-5318\/","url":"https:\/\/hunter-optics.com\/product\/crimson-trace-5-series-3-18x50mm-ctl-5318\/","name":"Crimson Trace 5 Series 3-18x50mm CTL-5318 - \u00d3tica de ca\u00e7a","isPartOf":{"@id":"https:\/\/hunter-optics.com\/#website"},"primaryImageOfPage":{"@id":"https:\/\/hunter-optics.com\/product\/crimson-trace-5-series-3-18x50mm-ctl-5318\/#primaryimage"},"image":{"@id":"https:\/\/hunter-optics.com\/product\/crimson-trace-5-series-3-18x50mm-ctl-5318\/#primaryimage"},"thumbnailUrl":"https:\/\/hunter-optics.com\/wp-content\/uploads\/2025\/07\/Crimson-Trace-5-Series-3-18x50mm-CTL-5318.jpg","datePublished":"2025-07-29T09:38:29+00:00","dateModified":"2025-07-31T06:10:29+00:00","description":"A Crimson Trace 5 Series 3-18x50mm CTL-5318 \u00e9 uma mira de espingarda de gama m\u00e9dia 3-18x50mm rica em funcionalidades que foi propositadamente constru\u00edda de raiz.","breadcrumb":{"@id":"https:\/\/hunter-optics.com\/product\/crimson-trace-5-series-3-18x50mm-ctl-5318\/#breadcrumb"},"inLanguage":"pt-PT","potentialAction":[{"@type":"ReadAction","target":["https:\/\/hunter-optics.com\/product\/crimson-trace-5-series-3-18x50mm-ctl-5318\/"]}]},{"@type":"ImageObject","inLanguage":"pt-PT","@id":"https:\/\/hunter-optics.com\/product\/crimson-trace-5-series-3-18x50mm-ctl-5318\/#primaryimage","url":"https:\/\/hunter-optics.com\/wp-content\/uploads\/2025\/07\/Crimson-Trace-5-Series-3-18x50mm-CTL-5318.jpg","contentUrl":"https:\/\/hunter-optics.com\/wp-content\/uploads\/2025\/07\/Crimson-Trace-5-Series-3-18x50mm-CTL-5318.jpg","width":876,"height":876},{"@type":"BreadcrumbList","@id":"https:\/\/hunter-optics.com\/product\/crimson-trace-5-series-3-18x50mm-ctl-5318\/#breadcrumb","itemListElement":[{"@type":"ListItem","position":1,"name":"Home","item":"https:\/\/hunter-optics.com\/"},{"@type":"ListItem","position":2,"name":"Products","item":"https:\/\/hunter-optics.com\/shop\/"},{"@type":"ListItem","position":3,"name":"Crimson Trace 5 Series 3-18x50mm CTL-5318"}]},{"@type":"WebSite","@id":"https:\/\/hunter-optics.com\/#website","url":"https:\/\/hunter-optics.com\/","name":"\u00d3tica Hunter","description":"Hunter Optics - O seu olho no alvo.","publisher":{"@id":"https:\/\/hunter-optics.com\/#organization"},"potentialAction":[{"@type":"SearchAction","target":{"@type":"EntryPoint","urlTemplate":"https:\/\/hunter-optics.com\/?s={search_term_string}"},"query-input":{"@type":"PropertyValueSpecification","valueRequired":true,"valueName":"search_term_string"}}],"inLanguage":"pt-PT"},{"@type":"Organization","@id":"https:\/\/hunter-optics.com\/#organization","name":"\u00d3tica Hunter","url":"https:\/\/hunter-optics.com\/","logo":{"@type":"ImageObject","inLanguage":"pt-PT","@id":"https:\/\/hunter-optics.com\/#\/schema\/logo\/image\/","url":"https:\/\/hunter-optics.com\/wp-content\/uploads\/2025\/06\/hunter-optics-logo-1.png","contentUrl":"https:\/\/hunter-optics.com\/wp-content\/uploads\/2025\/06\/hunter-optics-logo-1.png","width":937,"height":373,"caption":"Hunter Optics"},"image":{"@id":"https:\/\/hunter-optics.com\/#\/schema\/logo\/image\/"}}]},"product_brand":"Crimson Trace","product_price_amount":"769.99","product_price_currency":"USD","og_availability":"instock","product_availability":"instock","product_condition":"new"},"_links":{"self":[{"href":"https:\/\/hunter-optics.com\/pt\/wp-json\/wp\/v2\/product\/1489","targetHints":{"allow":["GET"]}}],"collection":[{"href":"https:\/\/hunter-optics.com\/pt\/wp-json\/wp\/v2\/product"}],"about":[{"href":"https:\/\/hunter-optics.com\/pt\/wp-json\/wp\/v2\/types\/product"}],"replies":[{"embeddable":true,"href":"https:\/\/hunter-optics.com\/pt\/wp-json\/wp\/v2\/comments?post=1489"}],"version-history":[{"count":1,"href":"https:\/\/hunter-optics.com\/pt\/wp-json\/wp\/v2\/product\/1489\/revisions"}],"predecessor-version":[{"id":1497,"href":"https:\/\/hunter-optics.com\/pt\/wp-json\/wp\/v2\/product\/1489\/revisions\/1497"}],"wp:featuredmedia":[{"embeddable":true,"href":"https:\/\/hunter-optics.com\/pt\/wp-json\/wp\/v2\/media\/1490"}],"wp:attachment":[{"href":"https:\/\/hunter-optics.com\/pt\/wp-json\/wp\/v2\/media?parent=1489"}],"wp:term":[{"taxonomy":"brand","embeddable":true,"href":"https:\/\/hunter-optics.com\/pt\/wp-json\/wp\/v2\/etheme_brands?post=1489"},{"taxonomy":"product_brand","embeddable":true,"href":"https:\/\/hunter-optics.com\/pt\/wp-json\/wp\/v2\/product_brand?post=1489"},{"taxonomy":"product_cat","embeddable":true,"href":"https:\/\/hunter-optics.com\/pt\/wp-json\/wp\/v2\/product_cat?post=1489"},{"taxonomy":"product_tag","embeddable":true,"href":"https:\/\/hunter-optics.com\/pt\/wp-json\/wp\/v2\/product_tag?post=1489"}],"curies":[{"name":"wp","href":"https:\/\/api.w.org\/{rel}","templated":true}]}}