{"id":1442,"date":"2025-07-24T10:04:54","date_gmt":"2025-07-24T10:04:54","guid":{"rendered":"https:\/\/hunter-optics.com\/?post_type=product&#038;p=1442"},"modified":"2025-07-29T05:48:11","modified_gmt":"2025-07-29T05:48:11","slug":"crimson-trace-hardline-pro-4-16x50-ffp-moa-ill","status":"publish","type":"product","link":"https:\/\/hunter-optics.com\/pt\/produto\/crimson-trace-hardline-pro-4-16x50-ffp-moa-ill\/","title":{"rendered":"Crimson Trace Hardline Pro 4-16\u00d750 FFP MOA ILL"},"content":{"rendered":"<div class=\"c-product__section-body c-toggler__content\">\n<div class=\"product-main-attributes attribute-table\">\n<p>Especifica\u00e7\u00f5es<\/p>\n<ul class=\"attribute-info\">\n<li class=\"attribute tg-b2\"><span class=\"label tg-b2\">Amplia\u00e7\u00e3o:<\/span><span class=\"value tg-b2\">4-16x <\/span><\/li>\n<li class=\"attribute tg-b2\"><span class=\"label tg-b2\">Ret\u00edculo:<\/span> <span class=\"value tg-b2\">Iluminado MR1-MOA <\/span><\/li>\n<li class=\"attribute tg-b2\"><span class=\"label tg-b2\">Plano Focal:<\/span><span class=\"value tg-b2\">1\u00ba <\/span><\/li>\n<li class=\"attribute tg-b2\"><span class=\"label tg-b2\">Material:<\/span><span class=\"value tg-b2\">alum\u00ednio aeroespacial <\/span><\/li>\n<li class=\"attribute tg-b2\"><span class=\"label tg-b2\">Al\u00edvio ocular (pol.):<\/span><span class=\"value tg-b2\">3,6~4 in <\/span><\/li>\n<li class=\"attribute tg-b2\"><span class=\"label tg-b2\">Di\u00e2metro da lente objetiva:<\/span> <span class=\"value tg-b2\">50 <\/span><\/li>\n<li class=\"attribute tg-b2\"><span class=\"label tg-b2\">Di\u00e2metro do tubo:<\/span><span class=\"value tg-b2\">30 mm <\/span><\/li>\n<li class=\"attribute tg-b2\"><span class=\"label tg-b2\">Clique em Valor:<\/span><span class=\"value tg-b2\">1\/4 MOA <\/span><\/li>\n<li class=\"attribute tg-b2\"><span class=\"label tg-b2\">Torres:<\/span><span class=\"value tg-b2\">Exposto <\/span><\/li>\n<li class=\"attribute tg-b2\"><span class=\"label tg-b2\">Ilumina\u00e7\u00e3o:<\/span><span class=\"value tg-b2\">Sim <\/span><\/li>\n<li class=\"attribute tg-b2\"><span class=\"label tg-b2\">Transmit\u00e2ncia da luz (%):<\/span><span class=\"value tg-b2\">90 <\/span><\/li>\n<li class=\"attribute tg-b2\"><span class=\"label tg-b2\">Comprimento da mira:<\/span><span class=\"value tg-b2\">3,7 pol. x 3,1 pol. x 14,8 pol. <\/span><\/li>\n<li class=\"attribute tg-b2\"><span class=\"label tg-b2\">Peso do produto:<\/span><span class=\"value tg-b2\">25,4 oz oz <\/span><\/li>\n<li class=\"attribute tg-b2\"><span class=\"label tg-b2\">Revestimento da lente:<\/span><span class=\"value tg-b2\">multi-revestido verde <\/span><\/li>\n<li class=\"attribute tg-b2\"><span class=\"label tg-b2\">Comprimento de montagem traseira (pol.):<\/span><span class=\"value tg-b2\">2.1 <\/span><\/li>\n<li class=\"attribute tg-b2\"><span class=\"label tg-b2\">Comprimento de montagem frontal (pol.):<\/span><span class=\"value tg-b2\">3.1 <\/span><\/li>\n<li class=\"attribute tg-b2\"><span class=\"label tg-b2\">Alcance do vento:<\/span><span class=\"value tg-b2\">90 MOA <\/span><\/li>\n<li class=\"attribute tg-b2\"><span class=\"label tg-b2\">Intervalo de eleva\u00e7\u00e3o:<\/span><span class=\"value tg-b2\">90 MOA <\/span><\/li>\n<li class=\"attribute tg-b2\"><span class=\"label tg-b2\">Paralaxe lateral:<\/span><span class=\"value tg-b2\">Ajust\u00e1vel <\/span><\/li>\n<li class=\"attribute tg-b2\"><span class=\"label tg-b2\">Paragem zero:<\/span><span class=\"value tg-b2\">Sim <\/span><\/li>\n<li class=\"attribute tg-b2\"><span class=\"label tg-b2\">FOV m\u00e1ximo:<\/span><span class=\"value tg-b2\">28,5 p\u00e9s <\/span><\/li>\n<li class=\"attribute tg-b2\"><span class=\"label tg-b2\">FOV m\u00ednimo:<\/span><span class=\"value tg-b2\">7,2 p\u00e9s <\/span><\/li>\n<\/ul>\n<div class=\"c-toggler c-product__section c-product__module c-toggler--expanded\">\n<div class=\"c-product__section-title c-toggler__element tg-h4\" tabindex=\"0\" data-gtm=\"{&quot;event&quot;:&quot;FeaturesPDP&quot;,&quot;eventTypes&quot;:&quot;link, click, hover&quot;,&quot;action&quot;:&quot;&quot;,&quot;label&quot;:&quot;https:\/\/www.crimsontrace.com\/on\/demandware.servlet\/Sites-CrimsonTrace_US-Site\/default\/Product-Detail?pid=01-01020&amp;source=&amp;uuid=&amp;Quantity=&amp;productlistid=&amp;cantAdd=false&amp;cantAddMessage=&quot;}\">Carater\u00edsticas<\/div>\n<div class=\"c-product__section-body c-toggler__content\">\n<ul>\n<li class=\"c-product__section-item\">RET\u00cdCULO: Iluminado MR1-MOA<\/li>\n<li class=\"c-product__section-item\">GARANTIDO: Todas as miras Crimson Trace est\u00e3o cobertas por uma garantia vital\u00edcia total. Para quest\u00f5es ou garantia, contacte-nos em support@crimsontrace.com<\/li>\n<li class=\"c-product__section-item\">INCLUI: Pano para a objetiva, tampas para o videosc\u00f3pio e bateria<\/li>\n<li class=\"c-product__section-item\">DIMENS\u00d5ES DO ESCOPO: 14,8\u2033 x 3,7\u2033 x 3,1\u2033<\/li>\n<li class=\"c-product__section-item\">MATERIAL: Constru\u00eddo em alum\u00ednio aeroespacial leve e duradouro e vidro verde multi-revestido de alta qualidade<\/li>\n<\/ul>\n<div class=\"quality-heading\">O padr\u00e3o carmesim<\/div>\n<div class=\"quality-copy\">Cada um dos nossos miras telesc\u00f3pios \u00e9 submetido a um processo de teste rigoroso porque <span class=\"callout\">o fracasso n\u00e3o \u00e9 uma op\u00e7\u00e3o<\/span>.<\/div>\n<div class=\"quality-subheading\">Desempenho m\u00e1ximo em qualquer ambiente<\/div>\n<div class=\"quality-copy\">As nossas miras telesc\u00f3picas s\u00e3o suficientemente resistentes para resistir \u00e0s condi\u00e7\u00f5es climat\u00e9ricas mais extremas e foram cuidadosamente testadas:<\/div>\n<table class=\"quality-section-table four-columns\">\n<tbody>\n<tr class=\"icons\">\n<td><img decoding=\"async\" title=\"\" src=\"https:\/\/www.crimsontrace.com\/on\/demandware.static\/-\/Sites-CrimsonTrace_US-Library\/default\/dw2f9ab254\/images\/modules_system\/products\/brushline-hardline\/quality\/env-temp-high.png\" alt=\"\" \/><\/td>\n<td><img decoding=\"async\" title=\"\" src=\"https:\/\/www.crimsontrace.com\/on\/demandware.static\/-\/Sites-CrimsonTrace_US-Library\/default\/dw27212cbc\/images\/modules_system\/products\/brushline-hardline\/quality\/env-temp-low.png\" alt=\"\" \/><\/td>\n<td><img decoding=\"async\" title=\"\" src=\"https:\/\/www.crimsontrace.com\/on\/demandware.static\/-\/Sites-CrimsonTrace_US-Library\/default\/dwe4168fa3\/images\/modules_system\/products\/brushline-hardline\/quality\/env-temp-cycling.png\" alt=\"\" \/><\/td>\n<td><img decoding=\"async\" title=\"\" src=\"https:\/\/www.crimsontrace.com\/on\/demandware.static\/-\/Sites-CrimsonTrace_US-Library\/default\/dwd13f9095\/images\/modules_system\/products\/brushline-hardline\/quality\/env-vibration.png\" alt=\"\" \/><\/td>\n<\/tr>\n<tr class=\"copy\">\n<td>Temperaturas extremamente altas<\/td>\n<td>Temperaturas extremamente baixas<\/td>\n<td>Ciclo t\u00e9rmico<\/td>\n<td>Vibra\u00e7\u00e3o<\/td>\n<\/tr>\n<\/tbody>\n<\/table>\n<div class=\"quality-subheading\">Fiabilidade consistente ao longo da vida<\/div>\n<div class=\"quality-copy\">Quer se trate de um ca\u00e7ador ocasional ou de um LE, as nossas miras telesc\u00f3picas s\u00e3o testadas para uma vida inteira de utiliza\u00e7\u00e3o, incluindo:<\/div>\n<table class=\"quality-section-table five-columns\">\n<tbody>\n<tr class=\"icons\">\n<td><img decoding=\"async\" title=\"\" src=\"https:\/\/www.crimsontrace.com\/on\/demandware.static\/-\/Sites-CrimsonTrace_US-Library\/default\/dw47a5c857\/images\/modules_system\/products\/brushline-hardline\/quality\/use-drop.png\" alt=\"\" \/><\/td>\n<td><img decoding=\"async\" title=\"\" src=\"https:\/\/www.crimsontrace.com\/on\/demandware.static\/-\/Sites-CrimsonTrace_US-Library\/default\/dw27271fcf\/images\/modules_system\/products\/brushline-hardline\/quality\/use-transportation.png\" alt=\"\" \/><\/td>\n<td><img decoding=\"async\" title=\"\" src=\"https:\/\/www.crimsontrace.com\/on\/demandware.static\/-\/Sites-CrimsonTrace_US-Library\/default\/dwd13f9095\/images\/modules_system\/products\/brushline-hardline\/quality\/env-vibration.png\" alt=\"\" \/><\/td>\n<td><img decoding=\"async\" title=\"\" src=\"https:\/\/www.crimsontrace.com\/on\/demandware.static\/-\/Sites-CrimsonTrace_US-Library\/default\/dw7e94c9c8\/images\/modules_system\/products\/brushline-hardline\/quality\/use-fluids.png\" alt=\"\" \/><\/td>\n<td><img decoding=\"async\" title=\"\" src=\"https:\/\/www.crimsontrace.com\/on\/demandware.static\/-\/Sites-CrimsonTrace_US-Library\/default\/dwa43429ec\/images\/modules_system\/products\/brushline-hardline\/quality\/use-corrosion.png\" alt=\"\" \/><\/td>\n<\/tr>\n<tr class=\"copy\">\n<td>Ensaio de queda<\/td>\n<td>Transporte<\/td>\n<td>Vibra\u00e7\u00e3o<\/td>\n<td>Fluidos<\/td>\n<td>Corros\u00e3o<\/td>\n<\/tr>\n<\/tbody>\n<\/table>\n<div class=\"quality-subheading\">Bateria de reten\u00e7\u00e3o da mira<\/div>\n<div class=\"quality-copy\">Testado para qualquer calibre e uma vida inteira de cartuchos, o nosso rigoroso teste de reten\u00e7\u00e3o zero inclui:<\/div>\n<table class=\"quality-section-table three-columns\">\n<tbody>\n<tr class=\"icons\">\n<td><img decoding=\"async\" title=\"\" src=\"https:\/\/www.crimsontrace.com\/on\/demandware.static\/-\/Sites-CrimsonTrace_US-Library\/default\/dwc2e5450a\/images\/modules_system\/products\/brushline-hardline\/quality\/bore-zero-retention.png\" alt=\"\" \/><\/td>\n<td><img decoding=\"async\" title=\"\" src=\"https:\/\/www.crimsontrace.com\/on\/demandware.static\/-\/Sites-CrimsonTrace_US-Library\/default\/dw17ba5505\/images\/modules_system\/products\/brushline-hardline\/quality\/bore-recoil-extreme.png\" alt=\"\" \/><\/td>\n<td><img decoding=\"async\" title=\"\" src=\"https:\/\/www.crimsontrace.com\/on\/demandware.static\/-\/Sites-CrimsonTrace_US-Library\/default\/dw3c6e2689\/images\/modules_system\/products\/brushline-hardline\/quality\/bore-recoil-lifetime.png\" alt=\"\" \/><\/td>\n<\/tr>\n<tr class=\"copy\">\n<td>Reten\u00e7\u00e3o zero<\/td>\n<td>Recuo de alto calibre<\/td>\n<td>Recuo vital\u00edcio<\/td>\n<\/tr>\n<\/tbody>\n<\/table>\n<div class=\"quality-subheading\">Ensaios de imers\u00e3o<\/div>\n<div class=\"quality-copy\">Com um desempenho impec\u00e1vel, fa\u00e7a chuva ou fa\u00e7a sol, a integridade dos nossos vedantes nunca \u00e9 comprometida quando s\u00e3o postos \u00e0 prova:<\/div>\n<table class=\"quality-section-table two-columns\">\n<tbody>\n<tr class=\"icons\">\n<td><img decoding=\"async\" title=\"\" src=\"https:\/\/www.crimsontrace.com\/on\/demandware.static\/-\/Sites-CrimsonTrace_US-Library\/default\/dw2308824c\/images\/modules_system\/products\/brushline-hardline\/quality\/immersion-submersion.png\" alt=\"\" \/><\/td>\n<td><img decoding=\"async\" title=\"\" src=\"https:\/\/www.crimsontrace.com\/on\/demandware.static\/-\/Sites-CrimsonTrace_US-Library\/default\/dw96cb7566\/images\/modules_system\/products\/brushline-hardline\/quality\/immersion-verification.png\" alt=\"\" \/><\/td>\n<\/tr>\n<tr class=\"copy\">\n<td>Submers\u00e3o completa<\/td>\n<td>Verifica\u00e7\u00e3o de imers\u00e3o<\/td>\n<\/tr>\n<\/tbody>\n<\/table>\n<\/div>\n<\/div>\n<\/div>\n<\/div>","protected":false},"excerpt":{"rendered":"<div class=\"c-product__description tg-b2\" tabindex=\"0\">As \u00f3pticas Crimson Trace Hardline Pro foram concebidas a pensar nos atiradores t\u00e1cticos e de tiro ao alvo experientes e foram constru\u00eddas propositadamente a partir do zero. A linha inclui tubos aeroespaciais de 30 mm com op\u00e7\u00f5es de Primeiro Plano Focal (FFP). A linha oferece \u00f3pticas de curto, m\u00e9dio e longo alcance com uma variedade de ret\u00edculos personalizados. S\u00e3o totalmente multirrevestidas, purgadas com nitrog\u00e9nio, resistentes a choques e preparadas para quaisquer elementos que encontrem. Todas as miras Crimson Trace\u00ae est\u00e3o cobertas pela garantia de prote\u00e7\u00e3o LIFETIME e apoiadas pela nossa premiada equipa de assist\u00eancia ao cliente.<\/div>","protected":false},"featured_media":1471,"comment_status":"open","ping_status":"closed","template":"","meta":[],"etheme_brands":[{"term_id":45,"name":"Crimson Trace","slug":"crimson-trace","term_group":0,"term_taxonomy_id":45,"taxonomy":"brand","description":"Crimson Trace is a manufacturer dedicated to producing the highest quality laser sights, tactical lights, electronic sights, and riflescopes for your pistols, rifles, and shotguns.","parent":0,"count":6,"filter":"raw"}],"product_brand":[],"product_cat":[49],"product_tag":[],"class_list":{"0":"post-1442","1":"product","2":"type-product","3":"status-publish","4":"has-post-thumbnail","6":"brand-crimson-trace","7":"product_cat-rifle-scopes","9":"first","10":"instock","11":"sale","12":"taxable","13":"shipping-taxable","14":"purchasable","15":"product-type-simple"},"yoast_head":"<!-- This site is optimized with the Yoast SEO Premium plugin v25.7.1 (Yoast SEO v27.4) - https:\/\/yoast.com\/product\/yoast-seo-premium-wordpress\/ -->\n<title>Crimson Trace Hardline Pro 4-16x50 FFP MOA ILL - Hunter Optics<\/title>\n<meta name=\"description\" content=\"The Crimson Trace Hardline Pro optics are designed with the experienced tactical and target shooter in mind and have been purposefully built from the ground up.\" \/>\n<meta name=\"robots\" content=\"index, follow, max-snippet:-1, max-image-preview:large, max-video-preview:-1\" \/>\n<link rel=\"canonical\" href=\"https:\/\/hunter-optics.com\/pt\/produto\/crimson-trace-hardline-pro-4-16x50-ffp-moa-ill\/\" \/>\n<meta property=\"og:locale\" content=\"pt_PT\" \/>\n<meta property=\"og:type\" content=\"article\" \/>\n<meta property=\"og:title\" content=\"Crimson Trace Hardline Pro 4-16x50 FFP MOA ILL\" \/>\n<meta property=\"og:description\" content=\"The Crimson Trace Hardline Pro optics are designed with the experienced tactical and target shooter in mind and have been purposefully built from the ground up.\" \/>\n<meta property=\"og:url\" content=\"https:\/\/hunter-optics.com\/pt\/produto\/crimson-trace-hardline-pro-4-16x50-ffp-moa-ill\/\" \/>\n<meta property=\"og:site_name\" content=\"Hunter Optics\" \/>\n<meta property=\"article:modified_time\" content=\"2025-07-29T05:48:11+00:00\" \/>\n<meta property=\"og:image\" content=\"https:\/\/hunter-optics.com\/wp-content\/uploads\/2025\/07\/Hardline-Pro-4-16x50-FFP-MOA-ILL.jpg\" \/>\n\t<meta property=\"og:image:width\" content=\"876\" \/>\n\t<meta property=\"og:image:height\" content=\"876\" \/>\n\t<meta property=\"og:image:type\" content=\"image\/jpeg\" \/>\n<meta name=\"twitter:card\" content=\"summary_large_image\" \/>\n<meta name=\"twitter:label1\" content=\"pre\u00e7o\" \/>\n\t<meta name=\"twitter:data1\" content=\"&#036;1,000.99\" \/>\n\t<meta name=\"twitter:label2\" content=\"Disponibilidade\" \/>\n\t<meta name=\"twitter:data2\" content=\"Em stock\" \/>\n<script type=\"application\/ld+json\" class=\"yoast-schema-graph\">{\"@context\":\"https:\\\/\\\/schema.org\",\"@graph\":[{\"@type\":\"WebPage\",\"@id\":\"https:\\\/\\\/hunter-optics.com\\\/product\\\/crimson-trace-hardline-pro-4-16x50-ffp-moa-ill\\\/\",\"url\":\"https:\\\/\\\/hunter-optics.com\\\/product\\\/crimson-trace-hardline-pro-4-16x50-ffp-moa-ill\\\/\",\"name\":\"Crimson Trace Hardline Pro 4-16x50 FFP MOA ILL - Hunter Optics\",\"isPartOf\":{\"@id\":\"https:\\\/\\\/hunter-optics.com\\\/#website\"},\"primaryImageOfPage\":{\"@id\":\"https:\\\/\\\/hunter-optics.com\\\/product\\\/crimson-trace-hardline-pro-4-16x50-ffp-moa-ill\\\/#primaryimage\"},\"image\":{\"@id\":\"https:\\\/\\\/hunter-optics.com\\\/product\\\/crimson-trace-hardline-pro-4-16x50-ffp-moa-ill\\\/#primaryimage\"},\"thumbnailUrl\":\"https:\\\/\\\/hunter-optics.com\\\/wp-content\\\/uploads\\\/2025\\\/07\\\/Hardline-Pro-4-16x50-FFP-MOA-ILL.jpg\",\"datePublished\":\"2025-07-24T10:04:54+00:00\",\"dateModified\":\"2025-07-29T05:48:11+00:00\",\"description\":\"The Crimson Trace Hardline Pro optics are designed with the experienced tactical and target shooter in mind and have been purposefully built from the ground up.\",\"breadcrumb\":{\"@id\":\"https:\\\/\\\/hunter-optics.com\\\/product\\\/crimson-trace-hardline-pro-4-16x50-ffp-moa-ill\\\/#breadcrumb\"},\"inLanguage\":\"pt-PT\",\"potentialAction\":[{\"@type\":\"ReadAction\",\"target\":[\"https:\\\/\\\/hunter-optics.com\\\/product\\\/crimson-trace-hardline-pro-4-16x50-ffp-moa-ill\\\/\"]}]},{\"@type\":\"ImageObject\",\"inLanguage\":\"pt-PT\",\"@id\":\"https:\\\/\\\/hunter-optics.com\\\/product\\\/crimson-trace-hardline-pro-4-16x50-ffp-moa-ill\\\/#primaryimage\",\"url\":\"https:\\\/\\\/hunter-optics.com\\\/wp-content\\\/uploads\\\/2025\\\/07\\\/Hardline-Pro-4-16x50-FFP-MOA-ILL.jpg\",\"contentUrl\":\"https:\\\/\\\/hunter-optics.com\\\/wp-content\\\/uploads\\\/2025\\\/07\\\/Hardline-Pro-4-16x50-FFP-MOA-ILL.jpg\",\"width\":876,\"height\":876},{\"@type\":\"BreadcrumbList\",\"@id\":\"https:\\\/\\\/hunter-optics.com\\\/product\\\/crimson-trace-hardline-pro-4-16x50-ffp-moa-ill\\\/#breadcrumb\",\"itemListElement\":[{\"@type\":\"ListItem\",\"position\":1,\"name\":\"Home\",\"item\":\"https:\\\/\\\/hunter-optics.com\\\/\"},{\"@type\":\"ListItem\",\"position\":2,\"name\":\"Products\",\"item\":\"https:\\\/\\\/hunter-optics.com\\\/shop\\\/\"},{\"@type\":\"ListItem\",\"position\":3,\"name\":\"Crimson Trace Hardline Pro 4-16&#215;50 FFP MOA ILL\"}]},{\"@type\":\"WebSite\",\"@id\":\"https:\\\/\\\/hunter-optics.com\\\/#website\",\"url\":\"https:\\\/\\\/hunter-optics.com\\\/\",\"name\":\"Hunter Optics\",\"description\":\"Hunter Optics \u2014 Your Eye on the Target.\",\"publisher\":{\"@id\":\"https:\\\/\\\/hunter-optics.com\\\/#organization\"},\"potentialAction\":[{\"@type\":\"SearchAction\",\"target\":{\"@type\":\"EntryPoint\",\"urlTemplate\":\"https:\\\/\\\/hunter-optics.com\\\/?s={search_term_string}\"},\"query-input\":{\"@type\":\"PropertyValueSpecification\",\"valueRequired\":true,\"valueName\":\"search_term_string\"}}],\"inLanguage\":\"pt-PT\"},{\"@type\":\"Organization\",\"@id\":\"https:\\\/\\\/hunter-optics.com\\\/#organization\",\"name\":\"Hunter Optics\",\"url\":\"https:\\\/\\\/hunter-optics.com\\\/\",\"logo\":{\"@type\":\"ImageObject\",\"inLanguage\":\"pt-PT\",\"@id\":\"https:\\\/\\\/hunter-optics.com\\\/#\\\/schema\\\/logo\\\/image\\\/\",\"url\":\"https:\\\/\\\/hunter-optics.com\\\/wp-content\\\/uploads\\\/2025\\\/06\\\/hunter-optics-logo-1.png\",\"contentUrl\":\"https:\\\/\\\/hunter-optics.com\\\/wp-content\\\/uploads\\\/2025\\\/06\\\/hunter-optics-logo-1.png\",\"width\":937,\"height\":373,\"caption\":\"Hunter Optics\"},\"image\":{\"@id\":\"https:\\\/\\\/hunter-optics.com\\\/#\\\/schema\\\/logo\\\/image\\\/\"}}]}<\/script>\n<meta property=\"product:brand\" content=\"Crimson Trace\" \/>\n<meta property=\"product:price:amount\" content=\"1000.99\" \/>\n<meta property=\"product:price:currency\" content=\"USD\" \/>\n<meta property=\"og:availability\" content=\"instock\" \/>\n<meta property=\"product:availability\" content=\"instock\" \/>\n<meta property=\"product:condition\" content=\"new\" \/>\n<!-- \/ Yoast SEO Premium plugin. -->","yoast_head_json":{"title":"Crimson Trace Hardline Pro 4-16x50 FFP MOA ILL - \u00d3tica de ca\u00e7a","description":"As \u00f3pticas Crimson Trace Hardline Pro foram concebidas a pensar nos atiradores t\u00e1cticos e de tiro ao alvo experientes e foram constru\u00eddas propositadamente a partir do zero.","robots":{"index":"index","follow":"follow","max-snippet":"max-snippet:-1","max-image-preview":"max-image-preview:large","max-video-preview":"max-video-preview:-1"},"canonical":"https:\/\/hunter-optics.com\/pt\/produto\/crimson-trace-hardline-pro-4-16x50-ffp-moa-ill\/","og_locale":"pt_PT","og_type":"article","og_title":"Crimson Trace Hardline Pro 4-16x50 FFP MOA ILL","og_description":"The Crimson Trace Hardline Pro optics are designed with the experienced tactical and target shooter in mind and have been purposefully built from the ground up.","og_url":"https:\/\/hunter-optics.com\/pt\/produto\/crimson-trace-hardline-pro-4-16x50-ffp-moa-ill\/","og_site_name":"Hunter Optics","article_modified_time":"2025-07-29T05:48:11+00:00","og_image":[{"width":876,"height":876,"url":"https:\/\/hunter-optics.com\/wp-content\/uploads\/2025\/07\/Hardline-Pro-4-16x50-FFP-MOA-ILL.jpg","type":"image\/jpeg"}],"twitter_card":"summary_large_image","twitter_misc":{"pre\u00e7o":"&#36;1,000.99","Disponibilidade":"Em stock"},"schema":{"@context":"https:\/\/schema.org","@graph":[{"@type":"WebPage","@id":"https:\/\/hunter-optics.com\/product\/crimson-trace-hardline-pro-4-16x50-ffp-moa-ill\/","url":"https:\/\/hunter-optics.com\/product\/crimson-trace-hardline-pro-4-16x50-ffp-moa-ill\/","name":"Crimson Trace Hardline Pro 4-16x50 FFP MOA ILL - \u00d3tica de ca\u00e7a","isPartOf":{"@id":"https:\/\/hunter-optics.com\/#website"},"primaryImageOfPage":{"@id":"https:\/\/hunter-optics.com\/product\/crimson-trace-hardline-pro-4-16x50-ffp-moa-ill\/#primaryimage"},"image":{"@id":"https:\/\/hunter-optics.com\/product\/crimson-trace-hardline-pro-4-16x50-ffp-moa-ill\/#primaryimage"},"thumbnailUrl":"https:\/\/hunter-optics.com\/wp-content\/uploads\/2025\/07\/Hardline-Pro-4-16x50-FFP-MOA-ILL.jpg","datePublished":"2025-07-24T10:04:54+00:00","dateModified":"2025-07-29T05:48:11+00:00","description":"As \u00f3pticas Crimson Trace Hardline Pro foram concebidas a pensar nos atiradores t\u00e1cticos e de tiro ao alvo experientes e foram constru\u00eddas propositadamente a partir do zero.","breadcrumb":{"@id":"https:\/\/hunter-optics.com\/product\/crimson-trace-hardline-pro-4-16x50-ffp-moa-ill\/#breadcrumb"},"inLanguage":"pt-PT","potentialAction":[{"@type":"ReadAction","target":["https:\/\/hunter-optics.com\/product\/crimson-trace-hardline-pro-4-16x50-ffp-moa-ill\/"]}]},{"@type":"ImageObject","inLanguage":"pt-PT","@id":"https:\/\/hunter-optics.com\/product\/crimson-trace-hardline-pro-4-16x50-ffp-moa-ill\/#primaryimage","url":"https:\/\/hunter-optics.com\/wp-content\/uploads\/2025\/07\/Hardline-Pro-4-16x50-FFP-MOA-ILL.jpg","contentUrl":"https:\/\/hunter-optics.com\/wp-content\/uploads\/2025\/07\/Hardline-Pro-4-16x50-FFP-MOA-ILL.jpg","width":876,"height":876},{"@type":"BreadcrumbList","@id":"https:\/\/hunter-optics.com\/product\/crimson-trace-hardline-pro-4-16x50-ffp-moa-ill\/#breadcrumb","itemListElement":[{"@type":"ListItem","position":1,"name":"Home","item":"https:\/\/hunter-optics.com\/"},{"@type":"ListItem","position":2,"name":"Products","item":"https:\/\/hunter-optics.com\/shop\/"},{"@type":"ListItem","position":3,"name":"Crimson Trace Hardline Pro 4-16&#215;50 FFP MOA ILL"}]},{"@type":"WebSite","@id":"https:\/\/hunter-optics.com\/#website","url":"https:\/\/hunter-optics.com\/","name":"\u00d3tica Hunter","description":"Hunter Optics - O seu olho no alvo.","publisher":{"@id":"https:\/\/hunter-optics.com\/#organization"},"potentialAction":[{"@type":"SearchAction","target":{"@type":"EntryPoint","urlTemplate":"https:\/\/hunter-optics.com\/?s={search_term_string}"},"query-input":{"@type":"PropertyValueSpecification","valueRequired":true,"valueName":"search_term_string"}}],"inLanguage":"pt-PT"},{"@type":"Organization","@id":"https:\/\/hunter-optics.com\/#organization","name":"\u00d3tica Hunter","url":"https:\/\/hunter-optics.com\/","logo":{"@type":"ImageObject","inLanguage":"pt-PT","@id":"https:\/\/hunter-optics.com\/#\/schema\/logo\/image\/","url":"https:\/\/hunter-optics.com\/wp-content\/uploads\/2025\/06\/hunter-optics-logo-1.png","contentUrl":"https:\/\/hunter-optics.com\/wp-content\/uploads\/2025\/06\/hunter-optics-logo-1.png","width":937,"height":373,"caption":"Hunter Optics"},"image":{"@id":"https:\/\/hunter-optics.com\/#\/schema\/logo\/image\/"}}]},"product_brand":"Crimson Trace","product_price_amount":"1000.99","product_price_currency":"USD","og_availability":"instock","product_availability":"instock","product_condition":"new"},"_links":{"self":[{"href":"https:\/\/hunter-optics.com\/pt\/wp-json\/wp\/v2\/product\/1442","targetHints":{"allow":["GET"]}}],"collection":[{"href":"https:\/\/hunter-optics.com\/pt\/wp-json\/wp\/v2\/product"}],"about":[{"href":"https:\/\/hunter-optics.com\/pt\/wp-json\/wp\/v2\/types\/product"}],"replies":[{"embeddable":true,"href":"https:\/\/hunter-optics.com\/pt\/wp-json\/wp\/v2\/comments?post=1442"}],"version-history":[{"count":5,"href":"https:\/\/hunter-optics.com\/pt\/wp-json\/wp\/v2\/product\/1442\/revisions"}],"predecessor-version":[{"id":1477,"href":"https:\/\/hunter-optics.com\/pt\/wp-json\/wp\/v2\/product\/1442\/revisions\/1477"}],"wp:featuredmedia":[{"embeddable":true,"href":"https:\/\/hunter-optics.com\/pt\/wp-json\/wp\/v2\/media\/1471"}],"wp:attachment":[{"href":"https:\/\/hunter-optics.com\/pt\/wp-json\/wp\/v2\/media?parent=1442"}],"wp:term":[{"taxonomy":"brand","embeddable":true,"href":"https:\/\/hunter-optics.com\/pt\/wp-json\/wp\/v2\/etheme_brands?post=1442"},{"taxonomy":"product_brand","embeddable":true,"href":"https:\/\/hunter-optics.com\/pt\/wp-json\/wp\/v2\/product_brand?post=1442"},{"taxonomy":"product_cat","embeddable":true,"href":"https:\/\/hunter-optics.com\/pt\/wp-json\/wp\/v2\/product_cat?post=1442"},{"taxonomy":"product_tag","embeddable":true,"href":"https:\/\/hunter-optics.com\/pt\/wp-json\/wp\/v2\/product_tag?post=1442"}],"curies":[{"name":"wp","href":"https:\/\/api.w.org\/{rel}","templated":true}]}}