{"id":1434,"date":"2025-07-24T10:02:21","date_gmt":"2025-07-24T10:02:21","guid":{"rendered":"https:\/\/hunter-optics.com\/?post_type=product&#038;p=1434"},"modified":"2025-07-29T05:54:03","modified_gmt":"2025-07-29T05:54:03","slug":"crimson-trace-hardline-1-8x28-34mm-mil","status":"publish","type":"product","link":"https:\/\/hunter-optics.com\/pt\/produto\/crimson-trace-hardline-1-8x28-34mm-mil\/","title":{"rendered":"Crimson Trace Hardline 1-8\u00d728 34mm MIL"},"content":{"rendered":"<div class=\"c-product__section-body c-toggler__content\">\n<div class=\"product-main-attributes attribute-table\">\n<ul class=\"attribute-info\">\n<li class=\"attribute tg-b2\"><span class=\"label tg-b2\">Amplia\u00e7\u00e3o:<\/span><span class=\"value tg-b2\">1-8x <\/span><\/li>\n<li class=\"attribute tg-b2\"><span class=\"label tg-b2\">Plano Focal:<\/span><span class=\"value tg-b2\">2.o <\/span><\/li>\n<li class=\"attribute tg-b2\"><span class=\"label tg-b2\">Di\u00e2metro do tubo:<\/span><span class=\"value tg-b2\">34 mm <\/span><\/li>\n<li class=\"attribute tg-b2\"><span class=\"label tg-b2\">Al\u00edvio ocular (pol.):<\/span><span class=\"value tg-b2\">3.5&#8243; <\/span><\/li>\n<li class=\"attribute tg-b2\"><span class=\"label tg-b2\">Constru\u00e7\u00e3o:<\/span><span class=\"value tg-b2\">Alum\u00ednio aeroespacial <\/span><\/li>\n<li class=\"attribute tg-b2\"><span class=\"label tg-b2\">Resist\u00eancia \u00e0 \u00e1gua:<\/span><span class=\"value tg-b2\">IPX7 <\/span><\/li>\n<li class=\"attribute tg-b2\"><span class=\"label tg-b2\">Peso do produto:<\/span><span class=\"value tg-b2\">18 oz oz <\/span><\/li>\n<li class=\"attribute tg-b2\"><span class=\"label tg-b2\">Ret\u00edculo:<\/span> <span class=\"value tg-b2\">Ret\u00edculo CT TR1-MOA iluminado <\/span><\/li>\n<li class=\"attribute tg-b2\"><span class=\"label tg-b2\">Di\u00e2metro da lente objetiva:<\/span><span class=\"value tg-b2\">28 <\/span><\/li>\n<li class=\"attribute tg-b2\"><span class=\"label tg-b2\">Pupila de sa\u00edda (mm):<\/span><span class=\"value tg-b2\">8.5~2.95 <\/span><\/li>\n<li class=\"attribute tg-b2\"><span class=\"label tg-b2\">FOV p\u00e9s @100yd:<\/span><span class=\"value tg-b2\">15.53~118.5 <\/span><\/li>\n<li class=\"attribute tg-b2\"><span class=\"label tg-b2\">Clique em Valor:<\/span><span class=\"value tg-b2\">1\/10 Mil <\/span><\/li>\n<li class=\"attribute tg-b2\"><span class=\"label tg-b2\">E\/W Gama de ajuste:<\/span><span class=\"value tg-b2\">32 MIL <\/span><\/li>\n<li class=\"attribute tg-b2\"><span class=\"label tg-b2\">Paralax Setting Yards:<\/span><span class=\"value tg-b2\">100.00 <\/span><\/li>\n<li class=\"attribute tg-b2\"><span class=\"label tg-b2\">Revestimento da lente:<\/span><span class=\"value tg-b2\">Totalmente multicoated com CT MOC <\/span><\/li>\n<li class=\"attribute tg-b2\"><span class=\"label tg-b2\">Ilumina\u00e7\u00e3o Ret\u00edculo:<\/span><span class=\"value tg-b2\">Sim <\/span><\/li>\n<li class=\"attribute tg-b2\"><span class=\"label tg-b2\">Transmit\u00e2ncia da luz (%):<\/span><span class=\"value tg-b2\">88 <\/span><\/li>\n<li class=\"attribute tg-b2\"><span class=\"label tg-b2\">Comprimento total:<\/span><span class=\"value tg-b2\">10.67 <\/span><\/li>\n<\/ul>\n<\/div>\n<\/div>","protected":false},"excerpt":{"rendered":"<p>As miras Crimson Trace Hardline Low Power Variable Optics foram deliberadamente concebidas para todos, desde profissionais t\u00e1cticos a atiradores de quintal. A linha de miras Crimson Trace Low Power Variable Optic \u00e9 a ideal para si. A linha inclui v\u00e1rias \u00f3pticas com v\u00e1rias op\u00e7\u00f5es de amplia\u00e7\u00e3o e medi\u00e7\u00e3o. Todos os ret\u00edculos s\u00e3o calibrados para serem precisos, mas suficientemente robustos para a utiliza\u00e7\u00e3o de v\u00e1rios calibres em v\u00e1rias plataformas diferentes. Todas as LPVO possuem um tubo de 34 mm fabricado em alum\u00ednio anodizado de qualidade aeroespacial que \u00e9 extremamente leve e dur\u00e1vel. As miras s\u00e3o \u00e0 prova de choque de acordo com o protocolo de teste MIL-STD-810G e s\u00e3o \u00e0 prova de \u00e1gua de acordo com o protocolo IPX7, permitindo que as \u00f3pticas sejam submersas em 1 metro de \u00e1gua durante 30 minutos. Todas as miras s\u00e3o totalmente revestidas e t\u00eam uma transmiss\u00e3o de luz e qualidade de vidro excepcionais. A purga de nitrog\u00e9nio evita o embaciamento das miras telesc\u00f3picas em todos os ambientes. Os ret\u00edculos gravados em vidro e o vidro de qualidade permitem um excelente campo de vis\u00e3o.<\/p>","protected":false},"featured_media":1435,"comment_status":"open","ping_status":"closed","template":"","meta":[],"etheme_brands":[{"term_id":45,"name":"Crimson Trace","slug":"crimson-trace","term_group":0,"term_taxonomy_id":45,"taxonomy":"brand","description":"Crimson Trace is a manufacturer dedicated to producing the highest quality laser sights, tactical lights, electronic sights, and riflescopes for your pistols, rifles, and shotguns.","parent":0,"count":6,"filter":"raw"}],"product_brand":[],"product_cat":[49],"product_tag":[],"class_list":{"0":"post-1434","1":"product","2":"type-product","3":"status-publish","4":"has-post-thumbnail","6":"brand-crimson-trace","7":"product_cat-rifle-scopes","9":"first","10":"instock","11":"sale","12":"taxable","13":"shipping-taxable","14":"purchasable","15":"product-type-simple"},"yoast_head":"<!-- This site is optimized with the Yoast SEO Premium plugin v25.7.1 (Yoast SEO v27.4) - https:\/\/yoast.com\/product\/yoast-seo-premium-wordpress\/ -->\n<title>Crimson Trace Hardline 1-8x28 34mm MIL - Hunter Optics<\/title>\n<meta name=\"description\" content=\"The Crimson Trace Hardline 1-8x28 34mm MIL Hardline Low Power Variable Optics are deliberately built for everyone from tactical professionals to backyard plinkers.\" \/>\n<meta name=\"robots\" content=\"index, follow, max-snippet:-1, max-image-preview:large, max-video-preview:-1\" \/>\n<link rel=\"canonical\" href=\"https:\/\/hunter-optics.com\/pt\/produto\/crimson-trace-hardline-1-8x28-34mm-mil\/\" \/>\n<meta property=\"og:locale\" content=\"pt_PT\" \/>\n<meta property=\"og:type\" content=\"article\" \/>\n<meta property=\"og:title\" content=\"Crimson Trace Hardline 1-8x28 34mm MIL\" \/>\n<meta property=\"og:description\" content=\"The Crimson Trace Hardline 1-8x28 34mm MIL Hardline Low Power Variable Optics are deliberately built for everyone from tactical professionals to backyard plinkers.\" \/>\n<meta property=\"og:url\" content=\"https:\/\/hunter-optics.com\/pt\/produto\/crimson-trace-hardline-1-8x28-34mm-mil\/\" \/>\n<meta property=\"og:site_name\" content=\"Hunter Optics\" \/>\n<meta property=\"article:modified_time\" content=\"2025-07-29T05:54:03+00:00\" \/>\n<meta property=\"og:image\" content=\"https:\/\/hunter-optics.com\/wp-content\/uploads\/2025\/07\/Hardline-1-8x28-1.jpg\" \/>\n\t<meta property=\"og:image:width\" content=\"876\" \/>\n\t<meta property=\"og:image:height\" content=\"876\" \/>\n\t<meta property=\"og:image:type\" content=\"image\/jpeg\" \/>\n<meta name=\"twitter:card\" content=\"summary_large_image\" \/>\n<meta name=\"twitter:label1\" content=\"pre\u00e7o\" \/>\n\t<meta name=\"twitter:data1\" content=\"&#036;369.99\" \/>\n\t<meta name=\"twitter:label2\" content=\"Disponibilidade\" \/>\n\t<meta name=\"twitter:data2\" content=\"Em stock\" \/>\n<script type=\"application\/ld+json\" class=\"yoast-schema-graph\">{\"@context\":\"https:\\\/\\\/schema.org\",\"@graph\":[{\"@type\":\"WebPage\",\"@id\":\"https:\\\/\\\/hunter-optics.com\\\/product\\\/crimson-trace-hardline-1-8x28-34mm-mil\\\/\",\"url\":\"https:\\\/\\\/hunter-optics.com\\\/product\\\/crimson-trace-hardline-1-8x28-34mm-mil\\\/\",\"name\":\"Crimson Trace Hardline 1-8x28 34mm MIL - Hunter Optics\",\"isPartOf\":{\"@id\":\"https:\\\/\\\/hunter-optics.com\\\/#website\"},\"primaryImageOfPage\":{\"@id\":\"https:\\\/\\\/hunter-optics.com\\\/product\\\/crimson-trace-hardline-1-8x28-34mm-mil\\\/#primaryimage\"},\"image\":{\"@id\":\"https:\\\/\\\/hunter-optics.com\\\/product\\\/crimson-trace-hardline-1-8x28-34mm-mil\\\/#primaryimage\"},\"thumbnailUrl\":\"https:\\\/\\\/hunter-optics.com\\\/wp-content\\\/uploads\\\/2025\\\/07\\\/Hardline-1-8x28-1.jpg\",\"datePublished\":\"2025-07-24T10:02:21+00:00\",\"dateModified\":\"2025-07-29T05:54:03+00:00\",\"description\":\"The Crimson Trace Hardline 1-8x28 34mm MIL Hardline Low Power Variable Optics are deliberately built for everyone from tactical professionals to backyard plinkers.\",\"breadcrumb\":{\"@id\":\"https:\\\/\\\/hunter-optics.com\\\/product\\\/crimson-trace-hardline-1-8x28-34mm-mil\\\/#breadcrumb\"},\"inLanguage\":\"pt-PT\",\"potentialAction\":[{\"@type\":\"ReadAction\",\"target\":[\"https:\\\/\\\/hunter-optics.com\\\/product\\\/crimson-trace-hardline-1-8x28-34mm-mil\\\/\"]}]},{\"@type\":\"ImageObject\",\"inLanguage\":\"pt-PT\",\"@id\":\"https:\\\/\\\/hunter-optics.com\\\/product\\\/crimson-trace-hardline-1-8x28-34mm-mil\\\/#primaryimage\",\"url\":\"https:\\\/\\\/hunter-optics.com\\\/wp-content\\\/uploads\\\/2025\\\/07\\\/Hardline-1-8x28-1.jpg\",\"contentUrl\":\"https:\\\/\\\/hunter-optics.com\\\/wp-content\\\/uploads\\\/2025\\\/07\\\/Hardline-1-8x28-1.jpg\",\"width\":876,\"height\":876},{\"@type\":\"BreadcrumbList\",\"@id\":\"https:\\\/\\\/hunter-optics.com\\\/product\\\/crimson-trace-hardline-1-8x28-34mm-mil\\\/#breadcrumb\",\"itemListElement\":[{\"@type\":\"ListItem\",\"position\":1,\"name\":\"Home\",\"item\":\"https:\\\/\\\/hunter-optics.com\\\/\"},{\"@type\":\"ListItem\",\"position\":2,\"name\":\"Products\",\"item\":\"https:\\\/\\\/hunter-optics.com\\\/shop\\\/\"},{\"@type\":\"ListItem\",\"position\":3,\"name\":\"Crimson Trace Hardline 1-8&#215;28 34mm MIL\"}]},{\"@type\":\"WebSite\",\"@id\":\"https:\\\/\\\/hunter-optics.com\\\/#website\",\"url\":\"https:\\\/\\\/hunter-optics.com\\\/\",\"name\":\"Hunter Optics\",\"description\":\"Hunter Optics \u2014 Your Eye on the Target.\",\"publisher\":{\"@id\":\"https:\\\/\\\/hunter-optics.com\\\/#organization\"},\"potentialAction\":[{\"@type\":\"SearchAction\",\"target\":{\"@type\":\"EntryPoint\",\"urlTemplate\":\"https:\\\/\\\/hunter-optics.com\\\/?s={search_term_string}\"},\"query-input\":{\"@type\":\"PropertyValueSpecification\",\"valueRequired\":true,\"valueName\":\"search_term_string\"}}],\"inLanguage\":\"pt-PT\"},{\"@type\":\"Organization\",\"@id\":\"https:\\\/\\\/hunter-optics.com\\\/#organization\",\"name\":\"Hunter Optics\",\"url\":\"https:\\\/\\\/hunter-optics.com\\\/\",\"logo\":{\"@type\":\"ImageObject\",\"inLanguage\":\"pt-PT\",\"@id\":\"https:\\\/\\\/hunter-optics.com\\\/#\\\/schema\\\/logo\\\/image\\\/\",\"url\":\"https:\\\/\\\/hunter-optics.com\\\/wp-content\\\/uploads\\\/2025\\\/06\\\/hunter-optics-logo-1.png\",\"contentUrl\":\"https:\\\/\\\/hunter-optics.com\\\/wp-content\\\/uploads\\\/2025\\\/06\\\/hunter-optics-logo-1.png\",\"width\":937,\"height\":373,\"caption\":\"Hunter Optics\"},\"image\":{\"@id\":\"https:\\\/\\\/hunter-optics.com\\\/#\\\/schema\\\/logo\\\/image\\\/\"}}]}<\/script>\n<meta property=\"product:brand\" content=\"Crimson Trace\" \/>\n<meta property=\"product:price:amount\" content=\"369.99\" \/>\n<meta property=\"product:price:currency\" content=\"USD\" \/>\n<meta property=\"og:availability\" content=\"instock\" \/>\n<meta property=\"product:availability\" content=\"instock\" \/>\n<meta property=\"product:condition\" content=\"new\" \/>\n<!-- \/ Yoast SEO Premium plugin. -->","yoast_head_json":{"title":"Crimson Trace Hardline 1-8x28 34mm MIL - \u00d3tica de ca\u00e7a","description":"A \u00d3tica Vari\u00e1vel de Baixa Pot\u00eancia Crimson Trace Hardline 1-8x28 34mm MIL Hardline foi deliberadamente concebida para todos, desde profissionais t\u00e1cticos a atiradores de quintal.","robots":{"index":"index","follow":"follow","max-snippet":"max-snippet:-1","max-image-preview":"max-image-preview:large","max-video-preview":"max-video-preview:-1"},"canonical":"https:\/\/hunter-optics.com\/pt\/produto\/crimson-trace-hardline-1-8x28-34mm-mil\/","og_locale":"pt_PT","og_type":"article","og_title":"Crimson Trace Hardline 1-8x28 34mm MIL","og_description":"The Crimson Trace Hardline 1-8x28 34mm MIL Hardline Low Power Variable Optics are deliberately built for everyone from tactical professionals to backyard plinkers.","og_url":"https:\/\/hunter-optics.com\/pt\/produto\/crimson-trace-hardline-1-8x28-34mm-mil\/","og_site_name":"Hunter Optics","article_modified_time":"2025-07-29T05:54:03+00:00","og_image":[{"width":876,"height":876,"url":"https:\/\/hunter-optics.com\/wp-content\/uploads\/2025\/07\/Hardline-1-8x28-1.jpg","type":"image\/jpeg"}],"twitter_card":"summary_large_image","twitter_misc":{"pre\u00e7o":"&#36;369.99","Disponibilidade":"Em stock"},"schema":{"@context":"https:\/\/schema.org","@graph":[{"@type":"WebPage","@id":"https:\/\/hunter-optics.com\/product\/crimson-trace-hardline-1-8x28-34mm-mil\/","url":"https:\/\/hunter-optics.com\/product\/crimson-trace-hardline-1-8x28-34mm-mil\/","name":"Crimson Trace Hardline 1-8x28 34mm MIL - \u00d3tica de ca\u00e7a","isPartOf":{"@id":"https:\/\/hunter-optics.com\/#website"},"primaryImageOfPage":{"@id":"https:\/\/hunter-optics.com\/product\/crimson-trace-hardline-1-8x28-34mm-mil\/#primaryimage"},"image":{"@id":"https:\/\/hunter-optics.com\/product\/crimson-trace-hardline-1-8x28-34mm-mil\/#primaryimage"},"thumbnailUrl":"https:\/\/hunter-optics.com\/wp-content\/uploads\/2025\/07\/Hardline-1-8x28-1.jpg","datePublished":"2025-07-24T10:02:21+00:00","dateModified":"2025-07-29T05:54:03+00:00","description":"A \u00d3tica Vari\u00e1vel de Baixa Pot\u00eancia Crimson Trace Hardline 1-8x28 34mm MIL Hardline foi deliberadamente concebida para todos, desde profissionais t\u00e1cticos a atiradores de quintal.","breadcrumb":{"@id":"https:\/\/hunter-optics.com\/product\/crimson-trace-hardline-1-8x28-34mm-mil\/#breadcrumb"},"inLanguage":"pt-PT","potentialAction":[{"@type":"ReadAction","target":["https:\/\/hunter-optics.com\/product\/crimson-trace-hardline-1-8x28-34mm-mil\/"]}]},{"@type":"ImageObject","inLanguage":"pt-PT","@id":"https:\/\/hunter-optics.com\/product\/crimson-trace-hardline-1-8x28-34mm-mil\/#primaryimage","url":"https:\/\/hunter-optics.com\/wp-content\/uploads\/2025\/07\/Hardline-1-8x28-1.jpg","contentUrl":"https:\/\/hunter-optics.com\/wp-content\/uploads\/2025\/07\/Hardline-1-8x28-1.jpg","width":876,"height":876},{"@type":"BreadcrumbList","@id":"https:\/\/hunter-optics.com\/product\/crimson-trace-hardline-1-8x28-34mm-mil\/#breadcrumb","itemListElement":[{"@type":"ListItem","position":1,"name":"Home","item":"https:\/\/hunter-optics.com\/"},{"@type":"ListItem","position":2,"name":"Products","item":"https:\/\/hunter-optics.com\/shop\/"},{"@type":"ListItem","position":3,"name":"Crimson Trace Hardline 1-8&#215;28 34mm MIL"}]},{"@type":"WebSite","@id":"https:\/\/hunter-optics.com\/#website","url":"https:\/\/hunter-optics.com\/","name":"\u00d3tica Hunter","description":"Hunter Optics - O seu olho no alvo.","publisher":{"@id":"https:\/\/hunter-optics.com\/#organization"},"potentialAction":[{"@type":"SearchAction","target":{"@type":"EntryPoint","urlTemplate":"https:\/\/hunter-optics.com\/?s={search_term_string}"},"query-input":{"@type":"PropertyValueSpecification","valueRequired":true,"valueName":"search_term_string"}}],"inLanguage":"pt-PT"},{"@type":"Organization","@id":"https:\/\/hunter-optics.com\/#organization","name":"\u00d3tica Hunter","url":"https:\/\/hunter-optics.com\/","logo":{"@type":"ImageObject","inLanguage":"pt-PT","@id":"https:\/\/hunter-optics.com\/#\/schema\/logo\/image\/","url":"https:\/\/hunter-optics.com\/wp-content\/uploads\/2025\/06\/hunter-optics-logo-1.png","contentUrl":"https:\/\/hunter-optics.com\/wp-content\/uploads\/2025\/06\/hunter-optics-logo-1.png","width":937,"height":373,"caption":"Hunter Optics"},"image":{"@id":"https:\/\/hunter-optics.com\/#\/schema\/logo\/image\/"}}]},"product_brand":"Crimson Trace","product_price_amount":"369.99","product_price_currency":"USD","og_availability":"instock","product_availability":"instock","product_condition":"new"},"_links":{"self":[{"href":"https:\/\/hunter-optics.com\/pt\/wp-json\/wp\/v2\/product\/1434","targetHints":{"allow":["GET"]}}],"collection":[{"href":"https:\/\/hunter-optics.com\/pt\/wp-json\/wp\/v2\/product"}],"about":[{"href":"https:\/\/hunter-optics.com\/pt\/wp-json\/wp\/v2\/types\/product"}],"replies":[{"embeddable":true,"href":"https:\/\/hunter-optics.com\/pt\/wp-json\/wp\/v2\/comments?post=1434"}],"version-history":[{"count":3,"href":"https:\/\/hunter-optics.com\/pt\/wp-json\/wp\/v2\/product\/1434\/revisions"}],"predecessor-version":[{"id":1479,"href":"https:\/\/hunter-optics.com\/pt\/wp-json\/wp\/v2\/product\/1434\/revisions\/1479"}],"wp:featuredmedia":[{"embeddable":true,"href":"https:\/\/hunter-optics.com\/pt\/wp-json\/wp\/v2\/media\/1435"}],"wp:attachment":[{"href":"https:\/\/hunter-optics.com\/pt\/wp-json\/wp\/v2\/media?parent=1434"}],"wp:term":[{"taxonomy":"brand","embeddable":true,"href":"https:\/\/hunter-optics.com\/pt\/wp-json\/wp\/v2\/etheme_brands?post=1434"},{"taxonomy":"product_brand","embeddable":true,"href":"https:\/\/hunter-optics.com\/pt\/wp-json\/wp\/v2\/product_brand?post=1434"},{"taxonomy":"product_cat","embeddable":true,"href":"https:\/\/hunter-optics.com\/pt\/wp-json\/wp\/v2\/product_cat?post=1434"},{"taxonomy":"product_tag","embeddable":true,"href":"https:\/\/hunter-optics.com\/pt\/wp-json\/wp\/v2\/product_tag?post=1434"}],"curies":[{"name":"wp","href":"https:\/\/api.w.org\/{rel}","templated":true}]}}