{"id":1405,"date":"2025-07-24T09:05:43","date_gmt":"2025-07-24T09:05:43","guid":{"rendered":"https:\/\/hunter-optics.com\/?post_type=product&#038;p=1405"},"modified":"2025-07-24T09:06:35","modified_gmt":"2025-07-24T09:06:35","slug":"riton-5-tactix-1-10x24","status":"publish","type":"product","link":"https:\/\/hunter-optics.com\/pt\/produto\/riton-5-tactix-1-10x24\/","title":{"rendered":"Riton 5 TACTIX 1-10\u00d724"},"content":{"rendered":"<div id=\"brxe-hqsamv\" class=\"brxe-text-basic tir-video__subtitle\">Riton 5 TACTIX 1-10\u00d724<\/div>\n<div id=\"brxe-uenhta\" class=\"brxe-text prod-video__txt\">\n<p><strong>ACTUAR DE PERTO OU \u00c0 DIST\u00c2NCIA<\/strong><\/p>\n<p>Esta LPVO (\u00f3tica vari\u00e1vel de baixa pot\u00eancia) n\u00e3o se limita a alvos de curto alcance, mas abrange todas as gamas, desde alguns metros at\u00e9 1000. A 5 Tactix actua como um ponto vermelho em amplia\u00e7\u00f5es mais baixas para aplica\u00e7\u00f5es de proximidade, ao mesmo tempo que actua como uma besta de longo alcance em amplia\u00e7\u00f5es mais elevadas.<\/p>\n<div id=\"brxe-pogdbu\" class=\"brxe-container prod-colmns\">\n<div id=\"brxe-ywglqp\" class=\"brxe-text prod-column__txt\">\n<p><strong>UM LPVO COM POT\u00caNCIA PRS<\/strong><\/p>\n<p>A 5 Tactix 1-10 da Riton est\u00e1 equipada com um primeiro plano focal, ret\u00edculo estilo \u00e1rvore de Natal que aparece mais detalhado em amplia\u00e7\u00f5es mais elevadas, permitindo-lhe fazer os ajustes necess\u00e1rios com base na dist\u00e2ncia do seu alvo. Com esta \u00f3tica, pode ter confian\u00e7a nos seus disparos, independentemente da dist\u00e2ncia.<\/p>\n<p><strong>ALTERA\u00c7\u00c3O R\u00c1PIDA DA AMPLIA\u00c7\u00c3O EM QUALQUER CONDI\u00c7\u00c3O<\/strong><\/p>\n<p>O 5 Tactix 1-10\u00d724 inclui o sistema de alavanca de lan\u00e7amento duplo com patente pendente da Riton, perfeito para aplica\u00e7\u00f5es em que \u00e9 necess\u00e1rio mudar rapidamente os n\u00edveis de amplia\u00e7\u00e3o para atingir o alvo. Com v\u00e1rios locais para posicionar a alavanca de lan\u00e7amento e v\u00e1rias alturas \u00e0 escolha, pode personalizar a sua configura\u00e7\u00e3o para corresponder \u00e0 forma como gosta de disparar. N\u00e3o importa se quer poupar peso e manter um perfil baixo, ou se precisa de ser capaz de operar a sua amplia\u00e7\u00e3o com as m\u00e3os enluvadas ou em condi\u00e7\u00f5es escorregadias ou molhadas, o Sistema de Alavanca de Lan\u00e7amento Duplo oferece o tipo de modularidade e personaliza\u00e7\u00e3o de que precisa.<\/p>\n<p><strong>ADAPTA\u00c7\u00c3O DO AMBIENTE DE ILUMINA\u00c7\u00c3O<\/strong><\/p>\n<p>A ilumina\u00e7\u00e3o pode ser uma carater\u00edstica crucial que pode ajud\u00e1-lo a adaptar-se ao seu ambiente. O 5 Tactix 1-10 est\u00e1 preparado para as situa\u00e7\u00f5es ambientais com que se pode deparar, apresentando 6 n\u00edveis de ilumina\u00e7\u00e3o com um interrutor de desligar entre cada n\u00edvel, podendo definir a posi\u00e7\u00e3o perfeita de acordo com as suas necessidades e alterar os n\u00edveis em tempo real.<\/p>\n<p><strong>CONSTRU\u00cdDO PARA DURAR<\/strong><\/p>\n<p>O Riton 5 Tactix 1-10, constru\u00eddo para lidar com os elementos, choques e tudo o mais, mantendo a precis\u00e3o. Constru\u00edda em alum\u00ednio 6061-T6 de qualidade aeron\u00e1utica, a 1-10 foi constru\u00edda com a durabilidade em mente e para resistir a quaisquer condi\u00e7\u00f5es que possa encontrar. Tal como todas as miras Riton, a 1-10 foi testada contra impactos at\u00e9 1.200 Gs, est\u00e1 classificada para armas de ar comprimido e tem a garantia vital\u00edcia limitada da Riton. Independentemente da sua aplica\u00e7\u00e3o, a Riton 5 Tactix 1-10 foi constru\u00edda para resistir sem comprometer o desempenho.<\/p>\n<div id=\"brxe-pzrzqi\" class=\"brxe-block prod-ret-info\">\n<h3 id=\"brxe-ztlivr\" class=\"brxe-heading prod-tabs__title\">Informa\u00e7\u00f5es do ret\u00edculo:<\/h3>\n<p id=\"brxe-grjall\" class=\"brxe-text-basic prod-reticle-name\">RETICLE: 3OT<\/p>\n<div id=\"brxe-rkyybx\" class=\"brxe-text-basic prod-ret__txt\">\n<p>O <strong>3OT<\/strong> \u00e9 o \u00faltimo ret\u00edculo vers\u00e1til. Em baixa pot\u00eancia, funciona como um ponto vermelho, permitindo a aquisi\u00e7\u00e3o r\u00e1pida de alvos em locais pr\u00f3ximos. Em alta pot\u00eancia, transforma-se numa besta de precis\u00e3o, fornecendo-lhe uma eleva\u00e7\u00e3o detalhada e uma orienta\u00e7\u00e3o do vento para qualquer disparo \u00e0 dist\u00e2ncia.<\/p>\n<div id=\"brxe-abuzoo\" class=\"brxe-block x-tabs_panel x-tabs_panel-current\" tabindex=\"0\" role=\"tabpanel\" aria-labelledby=\"brxe-amrphz\">\n<div id=\"brxe-ohplhw\" class=\"brxe-block x-tabs_panel-content\">\n<h3 id=\"brxe-qcmket\" class=\"brxe-heading prod-tabs__title\">Carater\u00edsticas principais:<\/h3>\n<div id=\"brxe-pnyzeh\" class=\"brxe-block prod-tab-feature\">\n<div class=\"brxe-xfsvub brxe-block prod-tab-key-loop\">\n<p><img loading=\"lazy\" decoding=\"async\" class=\"brxe-rtihxw brxe-image prod-feature__icon css-filter size-full\" src=\"https:\/\/ritonoptics.com\/wp-content\/uploads\/dry-nitrogen-purged-and-sealed-1.png\" alt=\"\" width=\"72\" height=\"74\" \/><\/p>\n<div class=\"brxe-anynyj brxe-div\">\n<p class=\"brxe-abizyp brxe-text-basic prod-feature__title\">Purga e selagem com nitrog\u00e9nio seco<\/p>\n<p class=\"brxe-lprtvs brxe-text-basic prod-feature__txt\">Utilizando g\u00e1s nitrog\u00e9nio, a \u00f3tica \u00e9 purgada e selada para garantir um desempenho \u00f3timo em todas as condi\u00e7\u00f5es climat\u00e9ricas durante a vida \u00fatil do...<\/p>\n<\/div>\n<\/div>\n<div class=\"brxe-xfsvub brxe-block prod-tab-key-loop\">\n<p><img loading=\"lazy\" decoding=\"async\" class=\"brxe-rtihxw brxe-image prod-feature__icon css-filter size-full\" src=\"https:\/\/ritonoptics.com\/wp-content\/uploads\/precision-quality-1.png\" alt=\"\" width=\"72\" height=\"74\" \/><\/p>\n<div class=\"brxe-anynyj brxe-div\">\n<p class=\"brxe-abizyp brxe-text-basic prod-feature__title\">Garantia de qualidade de precis\u00e3o<\/p>\n<p class=\"brxe-lprtvs brxe-text-basic prod-feature__txt\">Todos os produtos Riton s\u00e3o submetidos a um rigoroso processo de controlo de qualidade por t\u00e9cnicos certificados em Tucson, AZ. Cada produto que recebe foi submetido a um...<\/p>\n<\/div>\n<\/div>\n<div class=\"brxe-xfsvub brxe-block prod-tab-key-loop\">\n<p><img loading=\"lazy\" decoding=\"async\" class=\"brxe-rtihxw brxe-image prod-feature__icon css-filter size-full\" src=\"https:\/\/ritonoptics.com\/wp-content\/uploads\/hd-glass-1.png\" alt=\"\" width=\"72\" height=\"74\" \/><\/p>\n<div class=\"brxe-anynyj brxe-div\">\n<p class=\"brxe-abizyp brxe-text-basic prod-feature__title\">Vidro Riton HD<\/p>\n<p class=\"brxe-lprtvs brxe-text-basic prod-feature__txt\">O vidro Riton High Density (HD) proporciona uma transmiss\u00e3o de luz de 99,5% para uma maior nitidez e uma vis\u00e3o \u00f3ptima.<\/p>\n<\/div>\n<\/div>\n<div class=\"brxe-xfsvub brxe-block prod-tab-key-loop\">\n<p><img loading=\"lazy\" decoding=\"async\" class=\"brxe-rtihxw brxe-image prod-feature__icon css-filter size-full\" src=\"https:\/\/ritonoptics.com\/wp-content\/uploads\/performance-coating-1.png\" alt=\"\" width=\"72\" height=\"74\" \/><\/p>\n<div class=\"brxe-anynyj brxe-div\">\n<p class=\"brxe-abizyp brxe-text-basic prod-feature__title\">Riton Performance Coating<\/p>\n<p class=\"brxe-lprtvs brxe-text-basic prod-feature__txt\">Incorporando lentes propriet\u00e1rias totalmente multi-revestidas, todas as \u00f3pticas Riton apresentam um refor\u00e7o de luz reduzida, banda larga completa, revestimentos anti-riscos e antirreflexo para...<\/p>\n<\/div>\n<\/div>\n<div class=\"brxe-xfsvub brxe-block prod-tab-key-loop\">\n<p><img loading=\"lazy\" decoding=\"async\" class=\"brxe-rtihxw brxe-image prod-feature__icon css-filter size-full\" src=\"https:\/\/ritonoptics.com\/wp-content\/uploads\/rugged-construction-1.png\" alt=\"\" width=\"72\" height=\"74\" \/><\/p>\n<div class=\"brxe-anynyj brxe-div\">\n<p class=\"brxe-abizyp brxe-text-basic prod-feature__title\">Constru\u00e7\u00e3o robusta Riton<\/p>\n<p class=\"brxe-lprtvs brxe-text-basic prod-feature__txt\">A Riton Rugged Construction incorpora a aplica\u00e7\u00e3o de alum\u00ednio de qualidade aeron\u00e1utica 6061-T6, tubos de uma pe\u00e7a maquinados por CNC e anodiza\u00e7\u00e3o de revestimento duro tipo III....<\/p>\n<\/div>\n<\/div>\n<div class=\"brxe-xfsvub brxe-block prod-tab-key-loop\">\n<p><img loading=\"lazy\" decoding=\"async\" class=\"brxe-rtihxw brxe-image prod-feature__icon css-filter size-full\" src=\"https:\/\/ritonoptics.com\/wp-content\/uploads\/airgun-approved-1.png\" alt=\"\" width=\"72\" height=\"74\" \/><\/p>\n<div class=\"brxe-anynyj brxe-div\">\n<p class=\"brxe-abizyp brxe-text-basic prod-feature__title\">Arma de ar comprimido aprovada<\/p>\n<p class=\"brxe-lprtvs brxe-text-basic prod-feature__txt\">As miras Riton s\u00e3o altamente classificadas e adequadas para utiliza\u00e7\u00e3o com armas de ar comprimido, oferecendo durabilidade e excelente clareza \u00f3tica. Concebidas para suportar o recuo \u00fanico...<\/p>\n<div id=\"brxe-gtdyre\" class=\"brxe-block x-tabs_panel x-tabs_panel-current\" tabindex=\"0\" role=\"tabpanel\" aria-labelledby=\"brxe-yxbhdb\">\n<div id=\"brxe-eknisj\" class=\"brxe-block x-tabs_panel-content\">\n<h3 id=\"brxe-qzyxzy\" class=\"brxe-heading prod-tabs__title\">Especifica\u00e7\u00f5es completas:<\/h3>\n<div class=\"brxe-zlpnap brxe-block prod-tab-spec-loop\">\n<p class=\"brxe-ibnnrs brxe-text-basic tab-spec__value\">Amplia\u00e7\u00e3o:1-10<\/p>\n<\/div>\n<div class=\"brxe-zlpnap brxe-block prod-tab-spec-loop\">\n<p class=\"brxe-ibnnrs brxe-text-basic tab-spec__value\">Ajuste do paralaxe: Fixo a 100 jardas<\/p>\n<\/div>\n<div class=\"brxe-zlpnap brxe-block prod-tab-spec-loop\">\n<p class=\"brxe-ibnnrs brxe-text-basic tab-spec__value\">Di\u00e2metro do tubo:30mm<\/p>\n<\/div>\n<div class=\"brxe-zlpnap brxe-block prod-tab-spec-loop\">\n<p class=\"brxe-ibnnrs brxe-text-basic tab-spec__value\">Di\u00e2metro da lente objetiva: 24 mm<\/p>\n<\/div>\n<div class=\"brxe-zlpnap brxe-block prod-tab-spec-loop\">\n<p class=\"brxe-ibnnrs brxe-text-basic tab-spec__value\">Plano Focal:Primeiro Plano Focal<\/p>\n<\/div>\n<div class=\"brxe-zlpnap brxe-block prod-tab-spec-loop\">\n<p class=\"brxe-ibnnrs brxe-text-basic tab-spec__value\">Revestimento da lente:Totalmente multi-revestido, banda larga completa, revestido \u00e0 prova de \u00e1gua, melhoramento de pouca luz<\/p>\n<\/div>\n<div class=\"brxe-zlpnap brxe-block prod-tab-spec-loop\">\n<p class=\"brxe-ibnnrs brxe-text-basic tab-spec__value\">Ret\u00edculo:3OT, Iluminado<\/p>\n<\/div>\n<div class=\"brxe-zlpnap brxe-block prod-tab-spec-loop\">\n<p class=\"brxe-ibnnrs brxe-text-basic tab-spec__value\">Campo de vis\u00e3o a 100 jardas: 105,8 p\u00e9s - 10,5 p\u00e9s<\/p>\n<\/div>\n<div class=\"brxe-zlpnap brxe-block prod-tab-spec-loop\">\n<p class=\"brxe-ibnnrs brxe-text-basic tab-spec__value\">Material:6061-T6<\/p>\n<\/div>\n<div class=\"brxe-zlpnap brxe-block prod-tab-spec-loop\">\n<p class=\"brxe-ibnnrs brxe-text-basic tab-spec__value\">Al\u00edvio dos olhos:3.5in\/90mm<\/p>\n<\/div>\n<div class=\"brxe-zlpnap brxe-block prod-tab-spec-loop\">\n<p class=\"brxe-ibnnrs brxe-text-basic tab-spec__value\">Pupila de sa\u00edda: baixa 7,2 mm - alta 2,4 mm<\/p>\n<\/div>\n<div class=\"brxe-zlpnap brxe-block prod-tab-spec-loop\">\n<p class=\"brxe-ibnnrs brxe-text-basic tab-spec__value\">Valor de clique a 100 jardas: 1\/10 do MRAD<\/p>\n<\/div>\n<div class=\"brxe-zlpnap brxe-block prod-tab-spec-loop\">\n<p class=\"brxe-ibnnrs brxe-text-basic tab-spec__value\">Gama de regula\u00e7\u00e3o:40 MRAD<\/p>\n<\/div>\n<div class=\"brxe-zlpnap brxe-block prod-tab-spec-loop\">\n<p class=\"brxe-ibnnrs brxe-text-basic tab-spec__value\">Comprimento de montagem:4.8in\/121mm<\/p>\n<\/div>\n<div class=\"brxe-zlpnap brxe-block prod-tab-spec-loop\">\n<p class=\"brxe-ibnnrs brxe-text-basic tab-spec__value\">Comprimento:11.81in\/300mm<\/p>\n<\/div>\n<div class=\"brxe-zlpnap brxe-block prod-tab-spec-loop\">\n<p class=\"brxe-ibnnrs brxe-text-basic tab-spec__value\">Peso:1.8lbs\/28.8oz<\/p>\n<\/div>\n<div class=\"brxe-zlpnap brxe-block prod-tab-spec-loop\">\n<p class=\"brxe-ibnnrs brxe-text-basic tab-spec__value\">Bateria:CR2032<\/p>\n<\/div>\n<div class=\"brxe-zlpnap brxe-block prod-tab-spec-loop\">\n<p class=\"brxe-ibnnrs brxe-text-basic tab-spec__value\">Acess\u00f3rios inclu\u00eddos:Protectores de lentes rebat\u00edveis, pano para lentes, chave Allen<\/p>\n<\/div>\n<\/div>\n<\/div>\n<\/div>\n<\/div>\n<\/div>\n<\/div>\n<\/div>\n<\/div>\n<\/div>\n<\/div>\n<\/div>\n<\/div>","protected":false},"excerpt":{"rendered":"<p>O Riton 5 Tactix 1-10\u00d724 destaca-se em todos os aspectos, desde as capacidades de ponto vermelho na amplia\u00e7\u00e3o mais baixa, verdadeira 1 pot\u00eancia, at\u00e9 um cavalo de trabalho de precis\u00e3o na amplia\u00e7\u00e3o mais elevada. Esta \u00e9 a sua solu\u00e7\u00e3o para uma espingarda de combate dedicada, uma carabina de ca\u00e7a moderna e tudo o que se encontra no meio.<\/p>","protected":false},"featured_media":1406,"comment_status":"open","ping_status":"closed","template":"","meta":[],"etheme_brands":[{"term_id":44,"name":"Riton","slug":"riton","term_group":0,"term_taxonomy_id":44,"taxonomy":"brand","description":"","parent":0,"count":18,"filter":"raw"}],"product_brand":[],"product_cat":[49],"product_tag":[],"class_list":{"0":"post-1405","1":"product","2":"type-product","3":"status-publish","4":"has-post-thumbnail","6":"brand-riton","7":"product_cat-rifle-scopes","9":"first","10":"instock","11":"sale","12":"taxable","13":"shipping-taxable","14":"purchasable","15":"product-type-simple"},"yoast_head":"<!-- This site is optimized with the Yoast SEO Premium plugin v25.7.1 (Yoast SEO v27.4) - https:\/\/yoast.com\/product\/yoast-seo-premium-wordpress\/ -->\n<title>Riton 5 TACTIX 1-10\u00d724 - Hunter Optics<\/title>\n<meta name=\"description\" content=\"The Riton 5 Tactix 1-10\u00d724 excels in every aspect, from red dot capabilities on the lowest, true 1-power, magnification, to a precision work horse on the highest magnification.\" \/>\n<meta name=\"robots\" content=\"index, follow, max-snippet:-1, max-image-preview:large, max-video-preview:-1\" \/>\n<link rel=\"canonical\" href=\"https:\/\/hunter-optics.com\/pt\/produto\/riton-5-tactix-1-10x24\/\" \/>\n<meta property=\"og:locale\" content=\"pt_PT\" \/>\n<meta property=\"og:type\" content=\"article\" \/>\n<meta property=\"og:title\" content=\"Riton 5 TACTIX 1-10\u00d724\" \/>\n<meta property=\"og:description\" content=\"The Riton 5 Tactix 1-10\u00d724 excels in every aspect, from red dot capabilities on the lowest, true 1-power, magnification, to a precision work horse on the highest magnification.\" \/>\n<meta property=\"og:url\" content=\"https:\/\/hunter-optics.com\/pt\/produto\/riton-5-tactix-1-10x24\/\" \/>\n<meta property=\"og:site_name\" content=\"Hunter Optics\" \/>\n<meta property=\"article:modified_time\" content=\"2025-07-24T09:06:35+00:00\" \/>\n<meta property=\"og:image\" content=\"https:\/\/hunter-optics.com\/wp-content\/uploads\/2025\/07\/01-5-Tactix-1-10x24-MRAD-Angled.webp\" \/>\n\t<meta property=\"og:image:width\" content=\"876\" \/>\n\t<meta property=\"og:image:height\" content=\"876\" \/>\n\t<meta property=\"og:image:type\" content=\"image\/webp\" \/>\n<meta name=\"twitter:card\" content=\"summary_large_image\" \/>\n<meta name=\"twitter:label1\" content=\"pre\u00e7o\" \/>\n\t<meta name=\"twitter:data1\" content=\"&#036;859.99\" \/>\n\t<meta name=\"twitter:label2\" content=\"Disponibilidade\" \/>\n\t<meta name=\"twitter:data2\" content=\"Em stock\" \/>\n<script type=\"application\/ld+json\" class=\"yoast-schema-graph\">{\"@context\":\"https:\\\/\\\/schema.org\",\"@graph\":[{\"@type\":\"WebPage\",\"@id\":\"https:\\\/\\\/hunter-optics.com\\\/product\\\/riton-5-tactix-1-10x24\\\/\",\"url\":\"https:\\\/\\\/hunter-optics.com\\\/product\\\/riton-5-tactix-1-10x24\\\/\",\"name\":\"Riton 5 TACTIX 1-10\u00d724 - Hunter Optics\",\"isPartOf\":{\"@id\":\"https:\\\/\\\/hunter-optics.com\\\/#website\"},\"primaryImageOfPage\":{\"@id\":\"https:\\\/\\\/hunter-optics.com\\\/product\\\/riton-5-tactix-1-10x24\\\/#primaryimage\"},\"image\":{\"@id\":\"https:\\\/\\\/hunter-optics.com\\\/product\\\/riton-5-tactix-1-10x24\\\/#primaryimage\"},\"thumbnailUrl\":\"https:\\\/\\\/hunter-optics.com\\\/wp-content\\\/uploads\\\/2025\\\/07\\\/01-5-Tactix-1-10x24-MRAD-Angled.webp\",\"datePublished\":\"2025-07-24T09:05:43+00:00\",\"dateModified\":\"2025-07-24T09:06:35+00:00\",\"description\":\"The Riton 5 Tactix 1-10\u00d724 excels in every aspect, from red dot capabilities on the lowest, true 1-power, magnification, to a precision work horse on the highest magnification.\",\"breadcrumb\":{\"@id\":\"https:\\\/\\\/hunter-optics.com\\\/product\\\/riton-5-tactix-1-10x24\\\/#breadcrumb\"},\"inLanguage\":\"pt-PT\",\"potentialAction\":[{\"@type\":\"ReadAction\",\"target\":[\"https:\\\/\\\/hunter-optics.com\\\/product\\\/riton-5-tactix-1-10x24\\\/\"]}]},{\"@type\":\"ImageObject\",\"inLanguage\":\"pt-PT\",\"@id\":\"https:\\\/\\\/hunter-optics.com\\\/product\\\/riton-5-tactix-1-10x24\\\/#primaryimage\",\"url\":\"https:\\\/\\\/hunter-optics.com\\\/wp-content\\\/uploads\\\/2025\\\/07\\\/01-5-Tactix-1-10x24-MRAD-Angled.webp\",\"contentUrl\":\"https:\\\/\\\/hunter-optics.com\\\/wp-content\\\/uploads\\\/2025\\\/07\\\/01-5-Tactix-1-10x24-MRAD-Angled.webp\",\"width\":876,\"height\":876},{\"@type\":\"BreadcrumbList\",\"@id\":\"https:\\\/\\\/hunter-optics.com\\\/product\\\/riton-5-tactix-1-10x24\\\/#breadcrumb\",\"itemListElement\":[{\"@type\":\"ListItem\",\"position\":1,\"name\":\"Home\",\"item\":\"https:\\\/\\\/hunter-optics.com\\\/\"},{\"@type\":\"ListItem\",\"position\":2,\"name\":\"Products\",\"item\":\"https:\\\/\\\/hunter-optics.com\\\/shop\\\/\"},{\"@type\":\"ListItem\",\"position\":3,\"name\":\"Riton 5 TACTIX 1-10\u00d724\"}]},{\"@type\":\"WebSite\",\"@id\":\"https:\\\/\\\/hunter-optics.com\\\/#website\",\"url\":\"https:\\\/\\\/hunter-optics.com\\\/\",\"name\":\"Hunter Optics\",\"description\":\"Hunter Optics \u2014 Your Eye on the Target.\",\"publisher\":{\"@id\":\"https:\\\/\\\/hunter-optics.com\\\/#organization\"},\"potentialAction\":[{\"@type\":\"SearchAction\",\"target\":{\"@type\":\"EntryPoint\",\"urlTemplate\":\"https:\\\/\\\/hunter-optics.com\\\/?s={search_term_string}\"},\"query-input\":{\"@type\":\"PropertyValueSpecification\",\"valueRequired\":true,\"valueName\":\"search_term_string\"}}],\"inLanguage\":\"pt-PT\"},{\"@type\":\"Organization\",\"@id\":\"https:\\\/\\\/hunter-optics.com\\\/#organization\",\"name\":\"Hunter Optics\",\"url\":\"https:\\\/\\\/hunter-optics.com\\\/\",\"logo\":{\"@type\":\"ImageObject\",\"inLanguage\":\"pt-PT\",\"@id\":\"https:\\\/\\\/hunter-optics.com\\\/#\\\/schema\\\/logo\\\/image\\\/\",\"url\":\"https:\\\/\\\/hunter-optics.com\\\/wp-content\\\/uploads\\\/2025\\\/06\\\/hunter-optics-logo-1.png\",\"contentUrl\":\"https:\\\/\\\/hunter-optics.com\\\/wp-content\\\/uploads\\\/2025\\\/06\\\/hunter-optics-logo-1.png\",\"width\":937,\"height\":373,\"caption\":\"Hunter Optics\"},\"image\":{\"@id\":\"https:\\\/\\\/hunter-optics.com\\\/#\\\/schema\\\/logo\\\/image\\\/\"}}]}<\/script>\n<meta property=\"product:brand\" content=\"Riton\" \/>\n<meta property=\"product:price:amount\" content=\"859.99\" \/>\n<meta property=\"product:price:currency\" content=\"USD\" \/>\n<meta property=\"og:availability\" content=\"instock\" \/>\n<meta property=\"product:availability\" content=\"instock\" \/>\n<meta property=\"product:condition\" content=\"new\" \/>\n<!-- \/ Yoast SEO Premium plugin. -->","yoast_head_json":{"title":"Riton 5 TACTIX 1-10\u00d724 - \u00d3tica de ca\u00e7a","description":"A Riton 5 Tactix 1-10\u00d724 destaca-se em todos os aspectos, desde as capacidades de ponto vermelho na amplia\u00e7\u00e3o mais baixa, verdadeira de 1 pot\u00eancia, at\u00e9 um cavalo de trabalho de precis\u00e3o na amplia\u00e7\u00e3o mais elevada.","robots":{"index":"index","follow":"follow","max-snippet":"max-snippet:-1","max-image-preview":"max-image-preview:large","max-video-preview":"max-video-preview:-1"},"canonical":"https:\/\/hunter-optics.com\/pt\/produto\/riton-5-tactix-1-10x24\/","og_locale":"pt_PT","og_type":"article","og_title":"Riton 5 TACTIX 1-10\u00d724","og_description":"The Riton 5 Tactix 1-10\u00d724 excels in every aspect, from red dot capabilities on the lowest, true 1-power, magnification, to a precision work horse on the highest magnification.","og_url":"https:\/\/hunter-optics.com\/pt\/produto\/riton-5-tactix-1-10x24\/","og_site_name":"Hunter Optics","article_modified_time":"2025-07-24T09:06:35+00:00","og_image":[{"width":876,"height":876,"url":"https:\/\/hunter-optics.com\/wp-content\/uploads\/2025\/07\/01-5-Tactix-1-10x24-MRAD-Angled.webp","type":"image\/webp"}],"twitter_card":"summary_large_image","twitter_misc":{"pre\u00e7o":"&#36;859.99","Disponibilidade":"Em stock"},"schema":{"@context":"https:\/\/schema.org","@graph":[{"@type":"WebPage","@id":"https:\/\/hunter-optics.com\/product\/riton-5-tactix-1-10x24\/","url":"https:\/\/hunter-optics.com\/product\/riton-5-tactix-1-10x24\/","name":"Riton 5 TACTIX 1-10\u00d724 - \u00d3tica de ca\u00e7a","isPartOf":{"@id":"https:\/\/hunter-optics.com\/#website"},"primaryImageOfPage":{"@id":"https:\/\/hunter-optics.com\/product\/riton-5-tactix-1-10x24\/#primaryimage"},"image":{"@id":"https:\/\/hunter-optics.com\/product\/riton-5-tactix-1-10x24\/#primaryimage"},"thumbnailUrl":"https:\/\/hunter-optics.com\/wp-content\/uploads\/2025\/07\/01-5-Tactix-1-10x24-MRAD-Angled.webp","datePublished":"2025-07-24T09:05:43+00:00","dateModified":"2025-07-24T09:06:35+00:00","description":"A Riton 5 Tactix 1-10\u00d724 destaca-se em todos os aspectos, desde as capacidades de ponto vermelho na amplia\u00e7\u00e3o mais baixa, verdadeira de 1 pot\u00eancia, at\u00e9 um cavalo de trabalho de precis\u00e3o na amplia\u00e7\u00e3o mais elevada.","breadcrumb":{"@id":"https:\/\/hunter-optics.com\/product\/riton-5-tactix-1-10x24\/#breadcrumb"},"inLanguage":"pt-PT","potentialAction":[{"@type":"ReadAction","target":["https:\/\/hunter-optics.com\/product\/riton-5-tactix-1-10x24\/"]}]},{"@type":"ImageObject","inLanguage":"pt-PT","@id":"https:\/\/hunter-optics.com\/product\/riton-5-tactix-1-10x24\/#primaryimage","url":"https:\/\/hunter-optics.com\/wp-content\/uploads\/2025\/07\/01-5-Tactix-1-10x24-MRAD-Angled.webp","contentUrl":"https:\/\/hunter-optics.com\/wp-content\/uploads\/2025\/07\/01-5-Tactix-1-10x24-MRAD-Angled.webp","width":876,"height":876},{"@type":"BreadcrumbList","@id":"https:\/\/hunter-optics.com\/product\/riton-5-tactix-1-10x24\/#breadcrumb","itemListElement":[{"@type":"ListItem","position":1,"name":"Home","item":"https:\/\/hunter-optics.com\/"},{"@type":"ListItem","position":2,"name":"Products","item":"https:\/\/hunter-optics.com\/shop\/"},{"@type":"ListItem","position":3,"name":"Riton 5 TACTIX 1-10\u00d724"}]},{"@type":"WebSite","@id":"https:\/\/hunter-optics.com\/#website","url":"https:\/\/hunter-optics.com\/","name":"\u00d3tica Hunter","description":"Hunter Optics - O seu olho no alvo.","publisher":{"@id":"https:\/\/hunter-optics.com\/#organization"},"potentialAction":[{"@type":"SearchAction","target":{"@type":"EntryPoint","urlTemplate":"https:\/\/hunter-optics.com\/?s={search_term_string}"},"query-input":{"@type":"PropertyValueSpecification","valueRequired":true,"valueName":"search_term_string"}}],"inLanguage":"pt-PT"},{"@type":"Organization","@id":"https:\/\/hunter-optics.com\/#organization","name":"\u00d3tica Hunter","url":"https:\/\/hunter-optics.com\/","logo":{"@type":"ImageObject","inLanguage":"pt-PT","@id":"https:\/\/hunter-optics.com\/#\/schema\/logo\/image\/","url":"https:\/\/hunter-optics.com\/wp-content\/uploads\/2025\/06\/hunter-optics-logo-1.png","contentUrl":"https:\/\/hunter-optics.com\/wp-content\/uploads\/2025\/06\/hunter-optics-logo-1.png","width":937,"height":373,"caption":"Hunter Optics"},"image":{"@id":"https:\/\/hunter-optics.com\/#\/schema\/logo\/image\/"}}]},"product_brand":"Riton","product_price_amount":"859.99","product_price_currency":"USD","og_availability":"instock","product_availability":"instock","product_condition":"new"},"_links":{"self":[{"href":"https:\/\/hunter-optics.com\/pt\/wp-json\/wp\/v2\/product\/1405","targetHints":{"allow":["GET"]}}],"collection":[{"href":"https:\/\/hunter-optics.com\/pt\/wp-json\/wp\/v2\/product"}],"about":[{"href":"https:\/\/hunter-optics.com\/pt\/wp-json\/wp\/v2\/types\/product"}],"replies":[{"embeddable":true,"href":"https:\/\/hunter-optics.com\/pt\/wp-json\/wp\/v2\/comments?post=1405"}],"version-history":[{"count":2,"href":"https:\/\/hunter-optics.com\/pt\/wp-json\/wp\/v2\/product\/1405\/revisions"}],"predecessor-version":[{"id":1411,"href":"https:\/\/hunter-optics.com\/pt\/wp-json\/wp\/v2\/product\/1405\/revisions\/1411"}],"wp:featuredmedia":[{"embeddable":true,"href":"https:\/\/hunter-optics.com\/pt\/wp-json\/wp\/v2\/media\/1406"}],"wp:attachment":[{"href":"https:\/\/hunter-optics.com\/pt\/wp-json\/wp\/v2\/media?parent=1405"}],"wp:term":[{"taxonomy":"brand","embeddable":true,"href":"https:\/\/hunter-optics.com\/pt\/wp-json\/wp\/v2\/etheme_brands?post=1405"},{"taxonomy":"product_brand","embeddable":true,"href":"https:\/\/hunter-optics.com\/pt\/wp-json\/wp\/v2\/product_brand?post=1405"},{"taxonomy":"product_cat","embeddable":true,"href":"https:\/\/hunter-optics.com\/pt\/wp-json\/wp\/v2\/product_cat?post=1405"},{"taxonomy":"product_tag","embeddable":true,"href":"https:\/\/hunter-optics.com\/pt\/wp-json\/wp\/v2\/product_tag?post=1405"}],"curies":[{"name":"wp","href":"https:\/\/api.w.org\/{rel}","templated":true}]}}