{"id":1346,"date":"2025-07-16T05:57:11","date_gmt":"2025-07-16T05:57:11","guid":{"rendered":"https:\/\/hunter-optics.com\/?post_type=product&#038;p=1346"},"modified":"2025-07-24T08:54:20","modified_gmt":"2025-07-24T08:54:20","slug":"riton-5-conquer-4-28x56-2022","status":"publish","type":"product","link":"https:\/\/hunter-optics.com\/pt\/produto\/riton-5-conquer-4-28x56-2022\/","title":{"rendered":"Riton 5 CONQUER 4-28\u00d756 (2022)"},"content":{"rendered":"<div id=\"brxe-abuzoo\" class=\"brxe-block x-tabs_panel x-tabs_panel-current\" tabindex=\"0\" role=\"tabpanel\" aria-labelledby=\"brxe-amrphz\">\n<div id=\"brxe-ohplhw\" class=\"brxe-block x-tabs_panel-content\">\n<h3 id=\"brxe-qcmket\" class=\"brxe-heading prod-tabs__title\">Carater\u00edsticas principais:<\/h3>\n<div id=\"brxe-pnyzeh\" class=\"brxe-block prod-tab-feature\">\n<div class=\"brxe-xfsvub brxe-block prod-tab-key-loop\">\n<p><img loading=\"lazy\" decoding=\"async\" class=\"alignnone size-full wp-image-1351\" src=\"https:\/\/hunter-optics.com\/wp-content\/uploads\/2025\/07\/dry-nitrogen-purged-and-sealed-1.webp\" alt=\"\" width=\"72\" height=\"74\" srcset=\"https:\/\/hunter-optics.com\/wp-content\/uploads\/2025\/07\/dry-nitrogen-purged-and-sealed-1.webp 72w, https:\/\/hunter-optics.com\/wp-content\/uploads\/2025\/07\/dry-nitrogen-purged-and-sealed-1-1x1.webp 1w, https:\/\/hunter-optics.com\/wp-content\/uploads\/2025\/07\/dry-nitrogen-purged-and-sealed-1-10x10.webp 10w\" sizes=\"auto, (max-width: 72px) 100vw, 72px\" \/><\/p>\n<div class=\"brxe-anynyj brxe-div\">\n<p class=\"brxe-abizyp brxe-text-basic prod-feature__title\">Purga e selagem com nitrog\u00e9nio seco<\/p>\n<p class=\"brxe-lprtvs brxe-text-basic prod-feature__txt\">Utilizando g\u00e1s nitrog\u00e9nio, a \u00f3tica \u00e9 purgada e selada para garantir um desempenho \u00f3timo em todas as condi\u00e7\u00f5es climat\u00e9ricas durante a vida \u00fatil do...<\/p>\n<\/div>\n<\/div>\n<div class=\"brxe-xfsvub brxe-block prod-tab-key-loop\">\n<p><img loading=\"lazy\" decoding=\"async\" class=\"alignnone size-full wp-image-1353\" src=\"https:\/\/hunter-optics.com\/wp-content\/uploads\/2025\/07\/precision-quality-1.webp\" alt=\"\" width=\"72\" height=\"74\" srcset=\"https:\/\/hunter-optics.com\/wp-content\/uploads\/2025\/07\/precision-quality-1.webp 72w, https:\/\/hunter-optics.com\/wp-content\/uploads\/2025\/07\/precision-quality-1-1x1.webp 1w, https:\/\/hunter-optics.com\/wp-content\/uploads\/2025\/07\/precision-quality-1-10x10.webp 10w\" sizes=\"auto, (max-width: 72px) 100vw, 72px\" \/><\/p>\n<div class=\"brxe-anynyj brxe-div\">\n<p class=\"brxe-abizyp brxe-text-basic prod-feature__title\">Garantia de qualidade de precis\u00e3o<\/p>\n<p class=\"brxe-lprtvs brxe-text-basic prod-feature__txt\">Todos os produtos Riton s\u00e3o submetidos a um rigoroso processo de controlo de qualidade por t\u00e9cnicos certificados em Tucson, AZ. Cada produto que recebe foi submetido a um...<\/p>\n<\/div>\n<\/div>\n<div class=\"brxe-xfsvub brxe-block prod-tab-key-loop\">\n<p><img loading=\"lazy\" decoding=\"async\" class=\"alignnone size-full wp-image-1354\" src=\"https:\/\/hunter-optics.com\/wp-content\/uploads\/2025\/07\/advanced-turret-1.webp\" alt=\"\" width=\"72\" height=\"74\" srcset=\"https:\/\/hunter-optics.com\/wp-content\/uploads\/2025\/07\/advanced-turret-1.webp 72w, https:\/\/hunter-optics.com\/wp-content\/uploads\/2025\/07\/advanced-turret-1-1x1.webp 1w, https:\/\/hunter-optics.com\/wp-content\/uploads\/2025\/07\/advanced-turret-1-10x10.webp 10w\" sizes=\"auto, (max-width: 72px) 100vw, 72px\" \/><\/p>\n<div class=\"brxe-anynyj brxe-div\">\n<p class=\"brxe-abizyp brxe-text-basic prod-feature__title\">Sistema de torreta avan\u00e7ado Riton<\/p>\n<p class=\"brxe-lprtvs brxe-text-basic prod-feature__txt\">O Riton Advanced Turret System incorpora as torretas Zero Stop da Riton numa das suas m\u00faltiplas formas, assegurando um seguimento e precis\u00e3o repet\u00edveis.<\/p>\n<\/div>\n<\/div>\n<div class=\"brxe-xfsvub brxe-block prod-tab-key-loop\">\n<p><img loading=\"lazy\" decoding=\"async\" class=\"alignnone size-full wp-image-1355\" src=\"https:\/\/hunter-optics.com\/wp-content\/uploads\/2025\/07\/hd-glass-1.webp\" alt=\"\" width=\"72\" height=\"74\" srcset=\"https:\/\/hunter-optics.com\/wp-content\/uploads\/2025\/07\/hd-glass-1.webp 72w, https:\/\/hunter-optics.com\/wp-content\/uploads\/2025\/07\/hd-glass-1-1x1.webp 1w, https:\/\/hunter-optics.com\/wp-content\/uploads\/2025\/07\/hd-glass-1-10x10.webp 10w\" sizes=\"auto, (max-width: 72px) 100vw, 72px\" \/><\/p>\n<div class=\"brxe-anynyj brxe-div\">\n<p class=\"brxe-abizyp brxe-text-basic prod-feature__title\">Vidro Riton HD<\/p>\n<p class=\"brxe-lprtvs brxe-text-basic prod-feature__txt\">O vidro Riton High Density (HD) proporciona uma transmiss\u00e3o de luz de 99,5% para uma maior nitidez e uma vis\u00e3o \u00f3ptima.<\/p>\n<\/div>\n<\/div>\n<div class=\"brxe-xfsvub brxe-block prod-tab-key-loop\">\n<p><img loading=\"lazy\" decoding=\"async\" class=\"alignnone size-full wp-image-1356\" src=\"https:\/\/hunter-optics.com\/wp-content\/uploads\/2025\/07\/performance-coating-1.webp\" alt=\"\" width=\"72\" height=\"74\" srcset=\"https:\/\/hunter-optics.com\/wp-content\/uploads\/2025\/07\/performance-coating-1.webp 72w, https:\/\/hunter-optics.com\/wp-content\/uploads\/2025\/07\/performance-coating-1-1x1.webp 1w, https:\/\/hunter-optics.com\/wp-content\/uploads\/2025\/07\/performance-coating-1-10x10.webp 10w\" sizes=\"auto, (max-width: 72px) 100vw, 72px\" \/><\/p>\n<div class=\"brxe-anynyj brxe-div\">\n<p class=\"brxe-abizyp brxe-text-basic prod-feature__title\">Riton Performance Coating<\/p>\n<p class=\"brxe-lprtvs brxe-text-basic prod-feature__txt\">Incorporando lentes propriet\u00e1rias totalmente multi-revestidas, todas as \u00f3pticas Riton apresentam um refor\u00e7o de luz reduzida, banda larga completa, revestimentos anti-riscos e antirreflexo para...<\/p>\n<\/div>\n<\/div>\n<div class=\"brxe-xfsvub brxe-block prod-tab-key-loop\">\n<p><img loading=\"lazy\" decoding=\"async\" class=\"alignnone size-full wp-image-1357\" src=\"https:\/\/hunter-optics.com\/wp-content\/uploads\/2025\/07\/airgun-approved-1.webp\" alt=\"\" width=\"72\" height=\"74\" srcset=\"https:\/\/hunter-optics.com\/wp-content\/uploads\/2025\/07\/airgun-approved-1.webp 72w, https:\/\/hunter-optics.com\/wp-content\/uploads\/2025\/07\/airgun-approved-1-1x1.webp 1w, https:\/\/hunter-optics.com\/wp-content\/uploads\/2025\/07\/airgun-approved-1-10x10.webp 10w\" sizes=\"auto, (max-width: 72px) 100vw, 72px\" \/><\/p>\n<div class=\"brxe-anynyj brxe-div\">\n<p class=\"brxe-abizyp brxe-text-basic prod-feature__title\">Arma de ar comprimido aprovada<\/p>\n<p class=\"brxe-lprtvs brxe-text-basic prod-feature__txt\">As miras Riton s\u00e3o altamente classificadas e adequadas para utiliza\u00e7\u00e3o com armas de ar comprimido, oferecendo durabilidade e excelente clareza \u00f3tica. Concebidas para suportar o recuo \u00fanico...<\/p>\n<div id=\"brxe-gtdyre\" class=\"brxe-block x-tabs_panel x-tabs_panel-current\" tabindex=\"0\" role=\"tabpanel\" aria-labelledby=\"brxe-yxbhdb\">\n<div id=\"brxe-eknisj\" class=\"brxe-block x-tabs_panel-content\">\n<h3 id=\"brxe-qzyxzy\" class=\"brxe-heading prod-tabs__title\">Especifica\u00e7\u00f5es completas:<\/h3>\n<div class=\"brxe-zlpnap brxe-block prod-tab-spec-loop\">\n<p class=\"brxe-ibnnrs brxe-text-basic tab-spec__value\">Amplia\u00e7\u00e3o:4-28<\/p>\n<\/div>\n<div class=\"brxe-zlpnap brxe-block prod-tab-spec-loop\">\n<p class=\"brxe-ibnnrs brxe-text-basic tab-spec__value\">Ajuste do paralaxe:15-infinito<\/p>\n<\/div>\n<div class=\"brxe-zlpnap brxe-block prod-tab-spec-loop\">\n<p class=\"brxe-ibnnrs brxe-text-basic tab-spec__value\">Di\u00e2metro do tubo:34mm<\/p>\n<\/div>\n<div class=\"brxe-zlpnap brxe-block prod-tab-spec-loop\">\n<p class=\"brxe-ibnnrs brxe-text-basic tab-spec__value\">Di\u00e2metro da lente objetiva: 56 mm<\/p>\n<\/div>\n<div class=\"brxe-zlpnap brxe-block prod-tab-spec-loop\">\n<p class=\"brxe-ibnnrs brxe-text-basic tab-spec__value\">Posi\u00e7\u00e3o da lente focal: Primeiro plano focal<\/p>\n<\/div>\n<div class=\"brxe-zlpnap brxe-block prod-tab-spec-loop\">\n<p class=\"brxe-ibnnrs brxe-text-basic tab-spec__value\">Revestimento da lente:Totalmente multi-revestido, banda larga completa, revestido \u00e0 prova de \u00e1gua, melhoramento de pouca luz<\/p>\n<\/div>\n<div class=\"brxe-zlpnap brxe-block prod-tab-spec-loop\">\n<p class=\"brxe-ibnnrs brxe-text-basic tab-spec__value\">Ret\u00edculo:TPSR, Iluminado<\/p>\n<\/div>\n<div class=\"brxe-zlpnap brxe-block prod-tab-spec-loop\">\n<p class=\"brxe-ibnnrs brxe-text-basic tab-spec__value\">Campo de vis\u00e3o a 100 jardas: 29,9 p\u00e9s-4,26 p\u00e9s<\/p>\n<\/div>\n<div class=\"brxe-zlpnap brxe-block prod-tab-spec-loop\">\n<p class=\"brxe-ibnnrs brxe-text-basic tab-spec__value\">Material:6061-T6<\/p>\n<\/div>\n<div class=\"brxe-zlpnap brxe-block prod-tab-spec-loop\">\n<p class=\"brxe-ibnnrs brxe-text-basic tab-spec__value\">Al\u00edvio dos olhos:3.5in\/90mm<\/p>\n<\/div>\n<div class=\"brxe-zlpnap brxe-block prod-tab-spec-loop\">\n<p class=\"brxe-ibnnrs brxe-text-basic tab-spec__value\">Pupila de sa\u00edda:Baixa 8mm - Alta 2mm<\/p>\n<\/div>\n<div class=\"brxe-zlpnap brxe-block prod-tab-spec-loop\">\n<p class=\"brxe-ibnnrs brxe-text-basic tab-spec__value\">Valor de clique a 100 jardas\/m:1\/10 MRAD<\/p>\n<\/div>\n<div class=\"brxe-zlpnap brxe-block prod-tab-spec-loop\">\n<p class=\"brxe-ibnnrs brxe-text-basic tab-spec__value\">Gama de regula\u00e7\u00e3o:28 MRAD<\/p>\n<\/div>\n<div class=\"brxe-zlpnap brxe-block prod-tab-spec-loop\">\n<p class=\"brxe-ibnnrs brxe-text-basic tab-spec__value\">Comprimento de montagem:7.25in\/184mm<\/p>\n<\/div>\n<div class=\"brxe-zlpnap brxe-block prod-tab-spec-loop\">\n<p class=\"brxe-ibnnrs brxe-text-basic tab-spec__value\">Length:14.875in\/377mm<\/p>\n<\/div>\n<div class=\"brxe-zlpnap brxe-block prod-tab-spec-loop\">\n<p class=\"brxe-ibnnrs brxe-text-basic tab-spec__value\">Peso:36.8oz\/1043g<\/p>\n<\/div>\n<div class=\"brxe-zlpnap brxe-block prod-tab-spec-loop\">\n<p class=\"brxe-ibnnrs brxe-text-basic tab-spec__value\">Itens inclu\u00eddos:Tampas de lente flip-up, pano de lente, chave Allen<\/p>\n<\/div>\n<\/div>\n<\/div>\n<\/div>\n<\/div>\n<\/div>\n<\/div>\n<\/div>","protected":false},"excerpt":{"rendered":"<div id=\"brxe-hxkylx\" class=\"brxe-product-short-description prod-single__txt\">\n<div class=\"woocommerce-product-details__short-description\">\n<p>A 5 Conquer 4-28\u00d756 faz tudo. Esta \u00f3tica FFP com o seu ret\u00edculo iluminado estilo \u00e1rvore de Natal ajud\u00e1-lo-\u00e1 a conquistar qualquer dist\u00e2ncia. Os batentes de zero R5 garantem a precis\u00e3o. A mira 5 Conquer 4-28\u00d756 possui vidro Riton HD e uma alavanca de lan\u00e7amento integrada, tudo num tubo principal de 34 mm.<\/p>\n<\/div>\n<\/div>","protected":false},"featured_media":1347,"comment_status":"open","ping_status":"closed","template":"","meta":[],"etheme_brands":[{"term_id":44,"name":"Riton","slug":"riton","term_group":0,"term_taxonomy_id":44,"taxonomy":"brand","description":"","parent":0,"count":18,"filter":"raw"}],"product_brand":[],"product_cat":[49],"product_tag":[],"class_list":{"0":"post-1346","1":"product","2":"type-product","3":"status-publish","4":"has-post-thumbnail","6":"brand-riton","7":"product_cat-rifle-scopes","9":"first","10":"instock","11":"sale","12":"taxable","13":"shipping-taxable","14":"purchasable","15":"product-type-simple"},"yoast_head":"<!-- This site is optimized with the Yoast SEO Premium plugin v25.7.1 (Yoast SEO v27.4) - https:\/\/yoast.com\/product\/yoast-seo-premium-wordpress\/ -->\n<title>Riton 5 CONQUER 4-28\u00d756 (2022) - Hunter Optics<\/title>\n<meta name=\"robots\" content=\"index, follow, max-snippet:-1, max-image-preview:large, max-video-preview:-1\" \/>\n<link rel=\"canonical\" href=\"https:\/\/hunter-optics.com\/pt\/produto\/riton-5-conquer-4-28x56-2022\/\" \/>\n<meta property=\"og:locale\" content=\"pt_PT\" \/>\n<meta property=\"og:type\" content=\"article\" \/>\n<meta property=\"og:title\" content=\"Riton 5 CONQUER 4-28\u00d756 (2022)\" \/>\n<meta property=\"og:description\" content=\"The 5 Conquer 4-28\u00d756 does it all. This FFP optic with its illuminated Christmas tree style reticle will help you conquer any distance. The R5 zero stops ensure precision. The 5 Conquer 4-28\u00d756 scope features Riton HD glass and an integrated throw lever all on a 34mm main tube.\" \/>\n<meta property=\"og:url\" content=\"https:\/\/hunter-optics.com\/pt\/produto\/riton-5-conquer-4-28x56-2022\/\" \/>\n<meta property=\"og:site_name\" content=\"Hunter Optics\" \/>\n<meta property=\"article:modified_time\" content=\"2025-07-24T08:54:20+00:00\" \/>\n<meta property=\"og:image\" content=\"https:\/\/hunter-optics.com\/wp-content\/uploads\/2025\/07\/5-CONQUER.webp\" \/>\n\t<meta property=\"og:image:width\" content=\"876\" \/>\n\t<meta property=\"og:image:height\" content=\"876\" \/>\n\t<meta property=\"og:image:type\" content=\"image\/webp\" \/>\n<meta name=\"twitter:card\" content=\"summary_large_image\" \/>\n<meta name=\"twitter:label1\" content=\"pre\u00e7o\" \/>\n\t<meta name=\"twitter:data1\" content=\"&#036;1,059.99\" \/>\n\t<meta name=\"twitter:label2\" content=\"Disponibilidade\" \/>\n\t<meta name=\"twitter:data2\" content=\"Em stock\" \/>\n<script type=\"application\/ld+json\" class=\"yoast-schema-graph\">{\"@context\":\"https:\\\/\\\/schema.org\",\"@graph\":[{\"@type\":\"WebPage\",\"@id\":\"https:\\\/\\\/hunter-optics.com\\\/product\\\/riton-5-conquer-4-28x56-2022\\\/\",\"url\":\"https:\\\/\\\/hunter-optics.com\\\/product\\\/riton-5-conquer-4-28x56-2022\\\/\",\"name\":\"Riton 5 CONQUER 4-28\u00d756 (2022) - Hunter Optics\",\"isPartOf\":{\"@id\":\"https:\\\/\\\/hunter-optics.com\\\/#website\"},\"primaryImageOfPage\":{\"@id\":\"https:\\\/\\\/hunter-optics.com\\\/product\\\/riton-5-conquer-4-28x56-2022\\\/#primaryimage\"},\"image\":{\"@id\":\"https:\\\/\\\/hunter-optics.com\\\/product\\\/riton-5-conquer-4-28x56-2022\\\/#primaryimage\"},\"thumbnailUrl\":\"https:\\\/\\\/hunter-optics.com\\\/wp-content\\\/uploads\\\/2025\\\/07\\\/5-CONQUER.webp\",\"datePublished\":\"2025-07-16T05:57:11+00:00\",\"dateModified\":\"2025-07-24T08:54:20+00:00\",\"breadcrumb\":{\"@id\":\"https:\\\/\\\/hunter-optics.com\\\/product\\\/riton-5-conquer-4-28x56-2022\\\/#breadcrumb\"},\"inLanguage\":\"pt-PT\",\"potentialAction\":[{\"@type\":\"ReadAction\",\"target\":[\"https:\\\/\\\/hunter-optics.com\\\/product\\\/riton-5-conquer-4-28x56-2022\\\/\"]}]},{\"@type\":\"ImageObject\",\"inLanguage\":\"pt-PT\",\"@id\":\"https:\\\/\\\/hunter-optics.com\\\/product\\\/riton-5-conquer-4-28x56-2022\\\/#primaryimage\",\"url\":\"https:\\\/\\\/hunter-optics.com\\\/wp-content\\\/uploads\\\/2025\\\/07\\\/5-CONQUER.webp\",\"contentUrl\":\"https:\\\/\\\/hunter-optics.com\\\/wp-content\\\/uploads\\\/2025\\\/07\\\/5-CONQUER.webp\",\"width\":876,\"height\":876},{\"@type\":\"BreadcrumbList\",\"@id\":\"https:\\\/\\\/hunter-optics.com\\\/product\\\/riton-5-conquer-4-28x56-2022\\\/#breadcrumb\",\"itemListElement\":[{\"@type\":\"ListItem\",\"position\":1,\"name\":\"Home\",\"item\":\"https:\\\/\\\/hunter-optics.com\\\/\"},{\"@type\":\"ListItem\",\"position\":2,\"name\":\"Products\",\"item\":\"https:\\\/\\\/hunter-optics.com\\\/shop\\\/\"},{\"@type\":\"ListItem\",\"position\":3,\"name\":\"Riton 5 CONQUER 4-28\u00d756 (2022)\"}]},{\"@type\":\"WebSite\",\"@id\":\"https:\\\/\\\/hunter-optics.com\\\/#website\",\"url\":\"https:\\\/\\\/hunter-optics.com\\\/\",\"name\":\"Hunter Optics\",\"description\":\"Hunter Optics \u2014 Your Eye on the Target.\",\"publisher\":{\"@id\":\"https:\\\/\\\/hunter-optics.com\\\/#organization\"},\"potentialAction\":[{\"@type\":\"SearchAction\",\"target\":{\"@type\":\"EntryPoint\",\"urlTemplate\":\"https:\\\/\\\/hunter-optics.com\\\/?s={search_term_string}\"},\"query-input\":{\"@type\":\"PropertyValueSpecification\",\"valueRequired\":true,\"valueName\":\"search_term_string\"}}],\"inLanguage\":\"pt-PT\"},{\"@type\":\"Organization\",\"@id\":\"https:\\\/\\\/hunter-optics.com\\\/#organization\",\"name\":\"Hunter Optics\",\"url\":\"https:\\\/\\\/hunter-optics.com\\\/\",\"logo\":{\"@type\":\"ImageObject\",\"inLanguage\":\"pt-PT\",\"@id\":\"https:\\\/\\\/hunter-optics.com\\\/#\\\/schema\\\/logo\\\/image\\\/\",\"url\":\"https:\\\/\\\/hunter-optics.com\\\/wp-content\\\/uploads\\\/2025\\\/06\\\/hunter-optics-logo-1.png\",\"contentUrl\":\"https:\\\/\\\/hunter-optics.com\\\/wp-content\\\/uploads\\\/2025\\\/06\\\/hunter-optics-logo-1.png\",\"width\":937,\"height\":373,\"caption\":\"Hunter Optics\"},\"image\":{\"@id\":\"https:\\\/\\\/hunter-optics.com\\\/#\\\/schema\\\/logo\\\/image\\\/\"}}]}<\/script>\n<meta property=\"product:brand\" content=\"Riton\" \/>\n<meta property=\"product:price:amount\" content=\"1059.99\" \/>\n<meta property=\"product:price:currency\" content=\"USD\" \/>\n<meta property=\"og:availability\" content=\"instock\" \/>\n<meta property=\"product:availability\" content=\"instock\" \/>\n<meta property=\"product:condition\" content=\"new\" \/>\n<!-- \/ Yoast SEO Premium plugin. -->","yoast_head_json":{"title":"Riton 5 CONQUER 4-28\u00d756 (2022) - \u00d3tica de ca\u00e7a","robots":{"index":"index","follow":"follow","max-snippet":"max-snippet:-1","max-image-preview":"max-image-preview:large","max-video-preview":"max-video-preview:-1"},"canonical":"https:\/\/hunter-optics.com\/pt\/produto\/riton-5-conquer-4-28x56-2022\/","og_locale":"pt_PT","og_type":"article","og_title":"Riton 5 CONQUER 4-28\u00d756 (2022)","og_description":"The 5 Conquer 4-28\u00d756 does it all. This FFP optic with its illuminated Christmas tree style reticle will help you conquer any distance. The R5 zero stops ensure precision. The 5 Conquer 4-28\u00d756 scope features Riton HD glass and an integrated throw lever all on a 34mm main tube.","og_url":"https:\/\/hunter-optics.com\/pt\/produto\/riton-5-conquer-4-28x56-2022\/","og_site_name":"Hunter Optics","article_modified_time":"2025-07-24T08:54:20+00:00","og_image":[{"width":876,"height":876,"url":"https:\/\/hunter-optics.com\/wp-content\/uploads\/2025\/07\/5-CONQUER.webp","type":"image\/webp"}],"twitter_card":"summary_large_image","twitter_misc":{"pre\u00e7o":"&#36;1,059.99","Disponibilidade":"Em stock"},"schema":{"@context":"https:\/\/schema.org","@graph":[{"@type":"WebPage","@id":"https:\/\/hunter-optics.com\/product\/riton-5-conquer-4-28x56-2022\/","url":"https:\/\/hunter-optics.com\/product\/riton-5-conquer-4-28x56-2022\/","name":"Riton 5 CONQUER 4-28\u00d756 (2022) - \u00d3tica de ca\u00e7a","isPartOf":{"@id":"https:\/\/hunter-optics.com\/#website"},"primaryImageOfPage":{"@id":"https:\/\/hunter-optics.com\/product\/riton-5-conquer-4-28x56-2022\/#primaryimage"},"image":{"@id":"https:\/\/hunter-optics.com\/product\/riton-5-conquer-4-28x56-2022\/#primaryimage"},"thumbnailUrl":"https:\/\/hunter-optics.com\/wp-content\/uploads\/2025\/07\/5-CONQUER.webp","datePublished":"2025-07-16T05:57:11+00:00","dateModified":"2025-07-24T08:54:20+00:00","breadcrumb":{"@id":"https:\/\/hunter-optics.com\/product\/riton-5-conquer-4-28x56-2022\/#breadcrumb"},"inLanguage":"pt-PT","potentialAction":[{"@type":"ReadAction","target":["https:\/\/hunter-optics.com\/product\/riton-5-conquer-4-28x56-2022\/"]}]},{"@type":"ImageObject","inLanguage":"pt-PT","@id":"https:\/\/hunter-optics.com\/product\/riton-5-conquer-4-28x56-2022\/#primaryimage","url":"https:\/\/hunter-optics.com\/wp-content\/uploads\/2025\/07\/5-CONQUER.webp","contentUrl":"https:\/\/hunter-optics.com\/wp-content\/uploads\/2025\/07\/5-CONQUER.webp","width":876,"height":876},{"@type":"BreadcrumbList","@id":"https:\/\/hunter-optics.com\/product\/riton-5-conquer-4-28x56-2022\/#breadcrumb","itemListElement":[{"@type":"ListItem","position":1,"name":"Home","item":"https:\/\/hunter-optics.com\/"},{"@type":"ListItem","position":2,"name":"Products","item":"https:\/\/hunter-optics.com\/shop\/"},{"@type":"ListItem","position":3,"name":"Riton 5 CONQUER 4-28\u00d756 (2022)"}]},{"@type":"WebSite","@id":"https:\/\/hunter-optics.com\/#website","url":"https:\/\/hunter-optics.com\/","name":"\u00d3tica Hunter","description":"Hunter Optics - O seu olho no alvo.","publisher":{"@id":"https:\/\/hunter-optics.com\/#organization"},"potentialAction":[{"@type":"SearchAction","target":{"@type":"EntryPoint","urlTemplate":"https:\/\/hunter-optics.com\/?s={search_term_string}"},"query-input":{"@type":"PropertyValueSpecification","valueRequired":true,"valueName":"search_term_string"}}],"inLanguage":"pt-PT"},{"@type":"Organization","@id":"https:\/\/hunter-optics.com\/#organization","name":"\u00d3tica Hunter","url":"https:\/\/hunter-optics.com\/","logo":{"@type":"ImageObject","inLanguage":"pt-PT","@id":"https:\/\/hunter-optics.com\/#\/schema\/logo\/image\/","url":"https:\/\/hunter-optics.com\/wp-content\/uploads\/2025\/06\/hunter-optics-logo-1.png","contentUrl":"https:\/\/hunter-optics.com\/wp-content\/uploads\/2025\/06\/hunter-optics-logo-1.png","width":937,"height":373,"caption":"Hunter Optics"},"image":{"@id":"https:\/\/hunter-optics.com\/#\/schema\/logo\/image\/"}}]},"product_brand":"Riton","product_price_amount":"1059.99","product_price_currency":"USD","og_availability":"instock","product_availability":"instock","product_condition":"new"},"_links":{"self":[{"href":"https:\/\/hunter-optics.com\/pt\/wp-json\/wp\/v2\/product\/1346","targetHints":{"allow":["GET"]}}],"collection":[{"href":"https:\/\/hunter-optics.com\/pt\/wp-json\/wp\/v2\/product"}],"about":[{"href":"https:\/\/hunter-optics.com\/pt\/wp-json\/wp\/v2\/types\/product"}],"replies":[{"embeddable":true,"href":"https:\/\/hunter-optics.com\/pt\/wp-json\/wp\/v2\/comments?post=1346"}],"version-history":[{"count":3,"href":"https:\/\/hunter-optics.com\/pt\/wp-json\/wp\/v2\/product\/1346\/revisions"}],"predecessor-version":[{"id":1358,"href":"https:\/\/hunter-optics.com\/pt\/wp-json\/wp\/v2\/product\/1346\/revisions\/1358"}],"wp:featuredmedia":[{"embeddable":true,"href":"https:\/\/hunter-optics.com\/pt\/wp-json\/wp\/v2\/media\/1347"}],"wp:attachment":[{"href":"https:\/\/hunter-optics.com\/pt\/wp-json\/wp\/v2\/media?parent=1346"}],"wp:term":[{"taxonomy":"brand","embeddable":true,"href":"https:\/\/hunter-optics.com\/pt\/wp-json\/wp\/v2\/etheme_brands?post=1346"},{"taxonomy":"product_brand","embeddable":true,"href":"https:\/\/hunter-optics.com\/pt\/wp-json\/wp\/v2\/product_brand?post=1346"},{"taxonomy":"product_cat","embeddable":true,"href":"https:\/\/hunter-optics.com\/pt\/wp-json\/wp\/v2\/product_cat?post=1346"},{"taxonomy":"product_tag","embeddable":true,"href":"https:\/\/hunter-optics.com\/pt\/wp-json\/wp\/v2\/product_tag?post=1346"}],"curies":[{"name":"wp","href":"https:\/\/api.w.org\/{rel}","templated":true}]}}