{"id":1306,"date":"2025-07-03T07:14:18","date_gmt":"2025-07-03T07:14:18","guid":{"rendered":"https:\/\/hunter-optics.com\/?post_type=product&#038;p=1306"},"modified":"2025-10-27T08:49:49","modified_gmt":"2025-10-27T08:49:49","slug":"riton-5-conquer-5-25x50ir-moa","status":"publish","type":"product","link":"https:\/\/hunter-optics.com\/pt\/produto\/riton-5-conquer-5-25x50ir-moa\/","title":{"rendered":"Riton 5 Conquer 5-25x50IR MOA"},"content":{"rendered":"<h4 class=\"a-spacing-mini\">Riton 5 Conquer 5-25\u00d750 MOA<\/h4>\n<h5 class=\"a-spacing-mini\">Descri\u00e7\u00e3o<\/h5>\n<p class=\"a-spacing-base\">Com um tubo de 34 mm e um r\u00e1cio de amplia\u00e7\u00e3o de 5x, a 5 Conquer 5-25\u00d750 da Riton tem a combina\u00e7\u00e3o perfeita de clareza e durabilidade para garantir que cada disparo \u00e9 um sucesso. Com um ret\u00edculo de Primeiro Plano Focal (FFP), alavanca de lan\u00e7amento integrada, torretas Riton R5 Zero Stop avan\u00e7adas, esta \u00f3tica permite disparos r\u00e1pidos no alvo a qualquer dist\u00e2ncia.<\/p>\n<h5>Promessa de Riton<\/h5>\n<p class=\"a-spacing-base\">Com o servi\u00e7o no centro de tudo o que fazemos na Riton, fornecemos o melhor servi\u00e7o da ind\u00fastria em todos os produtos n\u00e3o electro-\u00f3pticos, incluindo miras e acess\u00f3rios vari\u00e1veis para espingardas. Se tiver um problema com a sua \u00f3tica, envie-nos a mesma com um Formul\u00e1rio de Reclama\u00e7\u00e3o e n\u00f3s substitu\u00edmo-la por um produto novo. Receber\u00e1 uma comunica\u00e7\u00e3o relativa \u00e0 repara\u00e7\u00e3o ou substitui\u00e7\u00e3o do seu produto no prazo de dois dias \u00fateis ap\u00f3s a rece\u00e7\u00e3o e aprova\u00e7\u00e3o da devolu\u00e7\u00e3o.<\/p>\n<h3 class=\"a-spacing-mini\">Saiba mais sobre o ret\u00edculo BAF da Riton<\/h3>\n<p class=\"a-spacing-base\">A 5 Conquer 5-25\u00d750 MOA em Primeiro Plano Focal est\u00e1 equipada com o ret\u00edculo BAF (Ballistic Accusation FFP). Este \u00e9 um ret\u00edculo de \u00e1rvore de \u00bd MOA muito preciso. Concebido para aqueles que pretendem efetuar altera\u00e7\u00f5es muito pequenas e atingir alvos de qualquer tamanho a qualquer dist\u00e2ncia.<\/p>\n<ul class=\"a-unordered-list a-vertical\">\n<li><span class=\"a-list-item\">.25 MOA Ponto central<\/span><\/li>\n<li><span class=\"a-list-item\">Indicadores MOA esquerdo\/direito<\/span><\/li>\n<\/ul>\n<div class=\"apm-flex-item-fourth-width\">\n<p class=\"apm-text-center\"><img decoding=\"async\" class=\"\" src=\"https:\/\/m.media-amazon.com\/images\/S\/aplus-media-library-service-media\/2a3691ca-1ba6-425a-81d6-eea9b48041b0.__CR18,0,464,464_PT0_SX220_V1___.jpg\" alt=\"RitonOptics.EPCleanRoom.Icon\" data-src=\"https:\/\/m.media-amazon.com\/images\/S\/aplus-media-library-service-media\/2a3691ca-1ba6-425a-81d6-eea9b48041b0.__CR18,0,464,464_PT0_SX220_V1___.jpg\" \/><\/p>\n<h4 class=\"a-spacing-mini\">Montado na sala limpa EP<\/h4>\n<p class=\"a-size-small\">Todas as nossas \u00f3pticas s\u00e3o montadas numa sala limpa e ambientalmente protegida. Isto garante que cada \u00f3tica est\u00e1 livre de detritos.<\/p>\n<\/div>\n<div class=\"apm-flex-item-fourth-width\">\n<p class=\"apm-text-center\"><img decoding=\"async\" class=\"\" src=\"https:\/\/m.media-amazon.com\/images\/S\/aplus-media-library-service-media\/be7a0589-7a1f-4e33-991d-031fdeda1e6b.__CR18,0,464,464_PT0_SX220_V1___.jpg\" alt=\"RitonOptics.Waterproof.Icon\" data-src=\"https:\/\/m.media-amazon.com\/images\/S\/aplus-media-library-service-media\/be7a0589-7a1f-4e33-991d-031fdeda1e6b.__CR18,0,464,464_PT0_SX220_V1___.jpg\" \/><\/p>\n<h4 class=\"a-spacing-mini\">\u00c0 prova de \u00e1gua e de choque<\/h4>\n<p class=\"a-size-small\">Todas as \u00f3pticas t\u00eam a garantia de serem imperme\u00e1veis e \u00e0 prova de choque. Cada \u00f3tica \u00e9 testada at\u00e9 1200 g.<\/p>\n<\/div>\n<div class=\"apm-flex-item-fourth-width\">\n<p class=\"apm-text-center\"><img decoding=\"async\" class=\"\" src=\"https:\/\/m.media-amazon.com\/images\/S\/aplus-media-library-service-media\/f15dac1c-1de6-4ffc-8bc8-75b718848e9a.__CR18,0,464,464_PT0_SX220_V1___.jpg\" alt=\"RitonOptics.FastFocus.Icon\" data-src=\"https:\/\/m.media-amazon.com\/images\/S\/aplus-media-library-service-media\/f15dac1c-1de6-4ffc-8bc8-75b718848e9a.__CR18,0,464,464_PT0_SX220_V1___.jpg\" \/><\/p>\n<h4 class=\"a-spacing-mini\">Equipado com a nossa ocular de focagem r\u00e1pida<\/h4>\n<p class=\"a-size-small\">Para que os olhos de todos possam utilizar as nossas \u00f3pticas, cada uma est\u00e1 equipada com o nosso \u00f3culo de focagem r\u00e1pida.<\/p>\n<\/div>\n<div class=\"apm-flex-item-fourth-width\">\n<p class=\"apm-text-center\"><img decoding=\"async\" class=\"\" src=\"https:\/\/m.media-amazon.com\/images\/S\/aplus-media-library-service-media\/dd84b561-06be-4aba-94a6-94cb4782c51f.__CR18,0,464,464_PT0_SX220_V1___.jpg\" alt=\"RitonOptics.RuggedConstruction.Icon\" data-src=\"https:\/\/m.media-amazon.com\/images\/S\/aplus-media-library-service-media\/dd84b561-06be-4aba-94a6-94cb4782c51f.__CR18,0,464,464_PT0_SX220_V1___.jpg\" \/><\/p>\n<h4 class=\"a-spacing-mini\">Constru\u00e7\u00e3o em alum\u00ednio dur\u00e1vel e resistente<\/h4>\n<p class=\"a-size-small\">Todas as nossas \u00f3pticas s\u00e3o constru\u00eddas em alum\u00ednio de qualidade aeron\u00e1utica com vidro resistente, disposto a enfrentar os elementos.<\/p>\n<h3 class=\"a-size-extra-large a-spacing-base a-text-center\">Especifica\u00e7\u00f5es completas<\/h3>\n<div class=\"a-row\">\n<div class=\"a-column a-span12 aplus-tech-spec-hide-loading\">\n<table class=\"a-bordered a-horizontal-stripes aplus-tech-spec-table\">\n<tbody>\n<tr>\n<td class=\"a-text-bold\">Amplia\u00e7\u00e3o<\/td>\n<td>5-25<\/td>\n<\/tr>\n<tr>\n<td class=\"a-text-bold\">Ajuste de paralaxe<\/td>\n<td>10-infinito<\/td>\n<\/tr>\n<tr>\n<td class=\"a-text-bold\">Di\u00e2metro do tubo<\/td>\n<td>34 mm<\/td>\n<\/tr>\n<tr>\n<td class=\"a-text-bold\">Di\u00e2metro da lente objetiva<\/td>\n<td>50mm<\/td>\n<\/tr>\n<tr>\n<td class=\"a-text-bold\">Posi\u00e7\u00e3o da lente focal<\/td>\n<td>Primeiro Plano Focal<\/td>\n<\/tr>\n<tr>\n<td class=\"a-text-bold\">Revestimento da lente<\/td>\n<td>Totalmente multi-revestido, banda larga completa, revestido \u00e0 prova de \u00e1gua, melhoramento com pouca luz<\/td>\n<\/tr>\n<tr>\n<td class=\"a-text-bold\">Ret\u00edculo<\/td>\n<td>BAF, Iluminado<\/td>\n<\/tr>\n<tr>\n<td class=\"a-text-bold\">Campo de vis\u00e3o a 100 jardas<\/td>\n<td>22,5 p\u00e9s-4,5 p\u00e9s<\/td>\n<\/tr>\n<tr>\n<td class=\"a-text-bold\">Al\u00edvio ocular<\/td>\n<td>1\/4\"<\/td>\n<\/tr>\n<tr>\n<td class=\"a-text-bold\">Sa\u00edda do aluno<\/td>\n<td>Baixa 10,2 mm - Alta 2,2 mm<\/td>\n<\/tr>\n<tr>\n<td class=\"a-text-bold\">Valor de clique a 100 jardas\/m<\/td>\n<td>1\/4\"<\/td>\n<\/tr>\n<tr>\n<td class=\"a-text-bold\">Gama de ajuste<\/td>\n<td>70 MOA<\/td>\n<\/tr>\n<tr>\n<td class=\"a-text-bold\">Comprimento de montagem<\/td>\n<td>7.75in\/196mm<\/td>\n<\/tr>\n<tr>\n<td class=\"a-text-bold\">Comprimento<\/td>\n<td>15.37in\/390mm<\/td>\n<\/tr>\n<tr>\n<td class=\"a-text-bold\">Peso<\/td>\n<td>34oz\/963g<\/td>\n<\/tr>\n<tr>\n<td class=\"a-text-bold\">Artigos inclu\u00eddos<\/td>\n<td>Protectores de lentes rebat\u00edveis, pano para lentes, chave Allen<\/td>\n<\/tr>\n<\/tbody>\n<\/table>\n<\/div>\n<\/div>\n<\/div>","protected":false},"excerpt":{"rendered":"<h4>CARACTER\u00cdSTICAS DO PRODUTO:<\/h4>\n<div class=\"a-section\">\n<ul class=\"a-unordered-list a-vertical\">\n<li><span class=\"a-list-item\"><span class=\"a-size-base\">Equipado com as torres de paragem zero R5 da Riton para um retorno ao zero instant\u00e2neo e fi\u00e1vel<\/span><\/span><\/li>\n<li><span class=\"a-list-item\"><span class=\"a-size-base\">Alavanca de lan\u00e7amento amov\u00edvel integrada<\/span><\/span><\/li>\n<li><span class=\"a-list-item\"><span class=\"a-size-base\">Ajuste de eleva\u00e7\u00e3o e de vento de 1\/4 MOA<\/span><\/span><\/li>\n<li><span class=\"a-list-item\"><span class=\"a-size-base\">6 n\u00edveis de ilumina\u00e7\u00e3o vermelha com fun\u00e7\u00e3o de ligar\/desligar entre cada n\u00edvel<\/span><\/span><\/li>\n<\/ul>\n<\/div>","protected":false},"featured_media":1381,"comment_status":"open","ping_status":"closed","template":"","meta":[],"etheme_brands":[{"term_id":44,"name":"Riton","slug":"riton","term_group":0,"term_taxonomy_id":44,"taxonomy":"brand","description":"","parent":0,"count":18,"filter":"raw"}],"product_brand":[],"product_cat":[49],"product_tag":[],"class_list":{"0":"post-1306","1":"product","2":"type-product","3":"status-publish","4":"has-post-thumbnail","6":"brand-riton","7":"product_cat-rifle-scopes","9":"first","10":"instock","11":"sale","12":"taxable","13":"shipping-taxable","14":"purchasable","15":"product-type-simple"},"yoast_head":"<!-- This site is optimized with the Yoast SEO Premium plugin v25.7.1 (Yoast SEO v27.4) - https:\/\/yoast.com\/product\/yoast-seo-premium-wordpress\/ -->\n<title>Riton 5 Conquer 5-25x50IR MOA - Hunter Optics<\/title>\n<meta name=\"robots\" content=\"index, follow, max-snippet:-1, max-image-preview:large, max-video-preview:-1\" \/>\n<link rel=\"canonical\" href=\"https:\/\/hunter-optics.com\/pt\/produto\/riton-5-conquer-5-25x50ir-moa\/\" \/>\n<meta property=\"og:locale\" content=\"pt_PT\" \/>\n<meta property=\"og:type\" content=\"article\" \/>\n<meta property=\"og:title\" content=\"Riton 5 Conquer 5-25x50IR MOA\" \/>\n<meta property=\"og:description\" content=\"PRODUCT FEATURES:    Equipped with Riton\u2019s R5 Zero Stop Turrets for Instant and Reliable Return to Zero  Integrated Removable Throw Lever  1\/4 MOA Windage and Elevation Adjustment  6 levels of red illumination featuring on\/off between each level\" \/>\n<meta property=\"og:url\" content=\"https:\/\/hunter-optics.com\/pt\/produto\/riton-5-conquer-5-25x50ir-moa\/\" \/>\n<meta property=\"og:site_name\" content=\"Hunter Optics\" \/>\n<meta property=\"article:modified_time\" content=\"2025-10-27T08:49:49+00:00\" \/>\n<meta property=\"og:image\" content=\"https:\/\/hunter-optics.com\/wp-content\/uploads\/2025\/07\/Riton-5-Conquer-5-25x50IR-FFP-MOA.jpg\" \/>\n\t<meta property=\"og:image:width\" content=\"876\" \/>\n\t<meta property=\"og:image:height\" content=\"876\" \/>\n\t<meta property=\"og:image:type\" content=\"image\/jpeg\" \/>\n<meta name=\"twitter:card\" content=\"summary_large_image\" \/>\n<meta name=\"twitter:label1\" content=\"pre\u00e7o\" \/>\n\t<meta name=\"twitter:data1\" content=\"&#036;629.99\" \/>\n\t<meta name=\"twitter:label2\" content=\"Disponibilidade\" \/>\n\t<meta name=\"twitter:data2\" content=\"Em stock\" \/>\n<script type=\"application\/ld+json\" class=\"yoast-schema-graph\">{\"@context\":\"https:\\\/\\\/schema.org\",\"@graph\":[{\"@type\":\"WebPage\",\"@id\":\"https:\\\/\\\/hunter-optics.com\\\/product\\\/riton-5-conquer-5-25x50ir-moa\\\/\",\"url\":\"https:\\\/\\\/hunter-optics.com\\\/product\\\/riton-5-conquer-5-25x50ir-moa\\\/\",\"name\":\"Riton 5 Conquer 5-25x50IR MOA - Hunter Optics\",\"isPartOf\":{\"@id\":\"https:\\\/\\\/hunter-optics.com\\\/#website\"},\"primaryImageOfPage\":{\"@id\":\"https:\\\/\\\/hunter-optics.com\\\/product\\\/riton-5-conquer-5-25x50ir-moa\\\/#primaryimage\"},\"image\":{\"@id\":\"https:\\\/\\\/hunter-optics.com\\\/product\\\/riton-5-conquer-5-25x50ir-moa\\\/#primaryimage\"},\"thumbnailUrl\":\"https:\\\/\\\/hunter-optics.com\\\/wp-content\\\/uploads\\\/2025\\\/07\\\/Riton-5-Conquer-5-25x50IR-FFP-MOA.jpg\",\"datePublished\":\"2025-07-03T07:14:18+00:00\",\"dateModified\":\"2025-10-27T08:49:49+00:00\",\"breadcrumb\":{\"@id\":\"https:\\\/\\\/hunter-optics.com\\\/product\\\/riton-5-conquer-5-25x50ir-moa\\\/#breadcrumb\"},\"inLanguage\":\"pt-PT\",\"potentialAction\":[{\"@type\":\"ReadAction\",\"target\":[\"https:\\\/\\\/hunter-optics.com\\\/product\\\/riton-5-conquer-5-25x50ir-moa\\\/\"]}]},{\"@type\":\"ImageObject\",\"inLanguage\":\"pt-PT\",\"@id\":\"https:\\\/\\\/hunter-optics.com\\\/product\\\/riton-5-conquer-5-25x50ir-moa\\\/#primaryimage\",\"url\":\"https:\\\/\\\/hunter-optics.com\\\/wp-content\\\/uploads\\\/2025\\\/07\\\/Riton-5-Conquer-5-25x50IR-FFP-MOA.jpg\",\"contentUrl\":\"https:\\\/\\\/hunter-optics.com\\\/wp-content\\\/uploads\\\/2025\\\/07\\\/Riton-5-Conquer-5-25x50IR-FFP-MOA.jpg\",\"width\":876,\"height\":876},{\"@type\":\"BreadcrumbList\",\"@id\":\"https:\\\/\\\/hunter-optics.com\\\/product\\\/riton-5-conquer-5-25x50ir-moa\\\/#breadcrumb\",\"itemListElement\":[{\"@type\":\"ListItem\",\"position\":1,\"name\":\"Home\",\"item\":\"https:\\\/\\\/hunter-optics.com\\\/\"},{\"@type\":\"ListItem\",\"position\":2,\"name\":\"Products\",\"item\":\"https:\\\/\\\/hunter-optics.com\\\/shop\\\/\"},{\"@type\":\"ListItem\",\"position\":3,\"name\":\"Riton 5 Conquer 5-25x50IR MOA\"}]},{\"@type\":\"WebSite\",\"@id\":\"https:\\\/\\\/hunter-optics.com\\\/#website\",\"url\":\"https:\\\/\\\/hunter-optics.com\\\/\",\"name\":\"Hunter Optics\",\"description\":\"Hunter Optics \u2014 Your Eye on the Target.\",\"publisher\":{\"@id\":\"https:\\\/\\\/hunter-optics.com\\\/#organization\"},\"potentialAction\":[{\"@type\":\"SearchAction\",\"target\":{\"@type\":\"EntryPoint\",\"urlTemplate\":\"https:\\\/\\\/hunter-optics.com\\\/?s={search_term_string}\"},\"query-input\":{\"@type\":\"PropertyValueSpecification\",\"valueRequired\":true,\"valueName\":\"search_term_string\"}}],\"inLanguage\":\"pt-PT\"},{\"@type\":\"Organization\",\"@id\":\"https:\\\/\\\/hunter-optics.com\\\/#organization\",\"name\":\"Hunter Optics\",\"url\":\"https:\\\/\\\/hunter-optics.com\\\/\",\"logo\":{\"@type\":\"ImageObject\",\"inLanguage\":\"pt-PT\",\"@id\":\"https:\\\/\\\/hunter-optics.com\\\/#\\\/schema\\\/logo\\\/image\\\/\",\"url\":\"https:\\\/\\\/hunter-optics.com\\\/wp-content\\\/uploads\\\/2025\\\/06\\\/hunter-optics-logo-1.png\",\"contentUrl\":\"https:\\\/\\\/hunter-optics.com\\\/wp-content\\\/uploads\\\/2025\\\/06\\\/hunter-optics-logo-1.png\",\"width\":937,\"height\":373,\"caption\":\"Hunter Optics\"},\"image\":{\"@id\":\"https:\\\/\\\/hunter-optics.com\\\/#\\\/schema\\\/logo\\\/image\\\/\"}}]}<\/script>\n<meta property=\"product:brand\" content=\"Riton\" \/>\n<meta property=\"product:price:amount\" content=\"629.99\" \/>\n<meta property=\"product:price:currency\" content=\"USD\" \/>\n<meta property=\"og:availability\" content=\"instock\" \/>\n<meta property=\"product:availability\" content=\"instock\" \/>\n<meta property=\"product:condition\" content=\"new\" \/>\n<!-- \/ Yoast SEO Premium plugin. -->","yoast_head_json":{"title":"Riton 5 Conquer 5-25x50IR MOA - \u00d3tica de ca\u00e7a","robots":{"index":"index","follow":"follow","max-snippet":"max-snippet:-1","max-image-preview":"max-image-preview:large","max-video-preview":"max-video-preview:-1"},"canonical":"https:\/\/hunter-optics.com\/pt\/produto\/riton-5-conquer-5-25x50ir-moa\/","og_locale":"pt_PT","og_type":"article","og_title":"Riton 5 Conquer 5-25x50IR MOA","og_description":"PRODUCT FEATURES:    Equipped with Riton\u2019s R5 Zero Stop Turrets for Instant and Reliable Return to Zero  Integrated Removable Throw Lever  1\/4 MOA Windage and Elevation Adjustment  6 levels of red illumination featuring on\/off between each level","og_url":"https:\/\/hunter-optics.com\/pt\/produto\/riton-5-conquer-5-25x50ir-moa\/","og_site_name":"Hunter Optics","article_modified_time":"2025-10-27T08:49:49+00:00","og_image":[{"width":876,"height":876,"url":"https:\/\/hunter-optics.com\/wp-content\/uploads\/2025\/07\/Riton-5-Conquer-5-25x50IR-FFP-MOA.jpg","type":"image\/jpeg"}],"twitter_card":"summary_large_image","twitter_misc":{"pre\u00e7o":"&#36;629.99","Disponibilidade":"Em stock"},"schema":{"@context":"https:\/\/schema.org","@graph":[{"@type":"WebPage","@id":"https:\/\/hunter-optics.com\/product\/riton-5-conquer-5-25x50ir-moa\/","url":"https:\/\/hunter-optics.com\/product\/riton-5-conquer-5-25x50ir-moa\/","name":"Riton 5 Conquer 5-25x50IR MOA - \u00d3tica de ca\u00e7a","isPartOf":{"@id":"https:\/\/hunter-optics.com\/#website"},"primaryImageOfPage":{"@id":"https:\/\/hunter-optics.com\/product\/riton-5-conquer-5-25x50ir-moa\/#primaryimage"},"image":{"@id":"https:\/\/hunter-optics.com\/product\/riton-5-conquer-5-25x50ir-moa\/#primaryimage"},"thumbnailUrl":"https:\/\/hunter-optics.com\/wp-content\/uploads\/2025\/07\/Riton-5-Conquer-5-25x50IR-FFP-MOA.jpg","datePublished":"2025-07-03T07:14:18+00:00","dateModified":"2025-10-27T08:49:49+00:00","breadcrumb":{"@id":"https:\/\/hunter-optics.com\/product\/riton-5-conquer-5-25x50ir-moa\/#breadcrumb"},"inLanguage":"pt-PT","potentialAction":[{"@type":"ReadAction","target":["https:\/\/hunter-optics.com\/product\/riton-5-conquer-5-25x50ir-moa\/"]}]},{"@type":"ImageObject","inLanguage":"pt-PT","@id":"https:\/\/hunter-optics.com\/product\/riton-5-conquer-5-25x50ir-moa\/#primaryimage","url":"https:\/\/hunter-optics.com\/wp-content\/uploads\/2025\/07\/Riton-5-Conquer-5-25x50IR-FFP-MOA.jpg","contentUrl":"https:\/\/hunter-optics.com\/wp-content\/uploads\/2025\/07\/Riton-5-Conquer-5-25x50IR-FFP-MOA.jpg","width":876,"height":876},{"@type":"BreadcrumbList","@id":"https:\/\/hunter-optics.com\/product\/riton-5-conquer-5-25x50ir-moa\/#breadcrumb","itemListElement":[{"@type":"ListItem","position":1,"name":"Home","item":"https:\/\/hunter-optics.com\/"},{"@type":"ListItem","position":2,"name":"Products","item":"https:\/\/hunter-optics.com\/shop\/"},{"@type":"ListItem","position":3,"name":"Riton 5 Conquer 5-25x50IR MOA"}]},{"@type":"WebSite","@id":"https:\/\/hunter-optics.com\/#website","url":"https:\/\/hunter-optics.com\/","name":"\u00d3tica Hunter","description":"Hunter Optics - O seu olho no alvo.","publisher":{"@id":"https:\/\/hunter-optics.com\/#organization"},"potentialAction":[{"@type":"SearchAction","target":{"@type":"EntryPoint","urlTemplate":"https:\/\/hunter-optics.com\/?s={search_term_string}"},"query-input":{"@type":"PropertyValueSpecification","valueRequired":true,"valueName":"search_term_string"}}],"inLanguage":"pt-PT"},{"@type":"Organization","@id":"https:\/\/hunter-optics.com\/#organization","name":"\u00d3tica Hunter","url":"https:\/\/hunter-optics.com\/","logo":{"@type":"ImageObject","inLanguage":"pt-PT","@id":"https:\/\/hunter-optics.com\/#\/schema\/logo\/image\/","url":"https:\/\/hunter-optics.com\/wp-content\/uploads\/2025\/06\/hunter-optics-logo-1.png","contentUrl":"https:\/\/hunter-optics.com\/wp-content\/uploads\/2025\/06\/hunter-optics-logo-1.png","width":937,"height":373,"caption":"Hunter Optics"},"image":{"@id":"https:\/\/hunter-optics.com\/#\/schema\/logo\/image\/"}}]},"product_brand":"Riton","product_price_amount":"629.99","product_price_currency":"USD","og_availability":"instock","product_availability":"instock","product_condition":"new"},"_links":{"self":[{"href":"https:\/\/hunter-optics.com\/pt\/wp-json\/wp\/v2\/product\/1306","targetHints":{"allow":["GET"]}}],"collection":[{"href":"https:\/\/hunter-optics.com\/pt\/wp-json\/wp\/v2\/product"}],"about":[{"href":"https:\/\/hunter-optics.com\/pt\/wp-json\/wp\/v2\/types\/product"}],"replies":[{"embeddable":true,"href":"https:\/\/hunter-optics.com\/pt\/wp-json\/wp\/v2\/comments?post=1306"}],"version-history":[{"count":4,"href":"https:\/\/hunter-optics.com\/pt\/wp-json\/wp\/v2\/product\/1306\/revisions"}],"predecessor-version":[{"id":1384,"href":"https:\/\/hunter-optics.com\/pt\/wp-json\/wp\/v2\/product\/1306\/revisions\/1384"}],"wp:featuredmedia":[{"embeddable":true,"href":"https:\/\/hunter-optics.com\/pt\/wp-json\/wp\/v2\/media\/1381"}],"wp:attachment":[{"href":"https:\/\/hunter-optics.com\/pt\/wp-json\/wp\/v2\/media?parent=1306"}],"wp:term":[{"taxonomy":"brand","embeddable":true,"href":"https:\/\/hunter-optics.com\/pt\/wp-json\/wp\/v2\/etheme_brands?post=1306"},{"taxonomy":"product_brand","embeddable":true,"href":"https:\/\/hunter-optics.com\/pt\/wp-json\/wp\/v2\/product_brand?post=1306"},{"taxonomy":"product_cat","embeddable":true,"href":"https:\/\/hunter-optics.com\/pt\/wp-json\/wp\/v2\/product_cat?post=1306"},{"taxonomy":"product_tag","embeddable":true,"href":"https:\/\/hunter-optics.com\/pt\/wp-json\/wp\/v2\/product_tag?post=1306"}],"curies":[{"name":"wp","href":"https:\/\/api.w.org\/{rel}","templated":true}]}}