{"id":1212,"date":"2025-07-02T09:16:51","date_gmt":"2025-07-02T09:16:51","guid":{"rendered":"https:\/\/hunter-optics.com\/?post_type=product&#038;p=1212"},"modified":"2025-07-24T08:53:04","modified_gmt":"2025-07-24T08:53:04","slug":"riton-1-primal-4-16x44","status":"publish","type":"product","link":"https:\/\/hunter-optics.com\/pt\/produto\/riton-1-primal-4-16x44\/","title":{"rendered":"Riton 1 PRIMAL 4-16\u00d744"},"content":{"rendered":"<h3 id=\"brxe-wmwgnk\" class=\"brxe-heading h4\">\u00caNFASE NA FUN\u00c7\u00c3O<\/h3>\n<div id=\"brxe-hqsamv\" class=\"brxe-text-basic tir-video__subtitle\">1 PRIMAL 4-16\u00d744<\/div>\n<div id=\"brxe-uenhta\" class=\"brxe-text prod-video__txt\">\n<p><strong>UMA VIS\u00c3O CLARA \u00c0 DIST\u00c2NCIA<\/strong><\/p>\n<p>A s\u00e9rie 1 Primal utiliza um sistema \u00f3tico totalmente multi-revestido em toda a mira. O resultado \u00e9 uma vis\u00e3o mais clara e brilhante do seu alvo, prote\u00e7\u00e3o contra os elementos e a capacidade de atuar no terreno durante aquelas situa\u00e7\u00f5es de pouca luz em que o sucesso da sua \u00e9poca est\u00e1 em jogo.<\/p>\n<p><strong>AJUSTAMENTO QUE SE PODE VER E SENTIR<\/strong><\/p>\n<p>Com\u00a0<strong>1 Primal 4-16\u00d744<\/strong>\u00a0o ajuste \u00e9 simples. Com ajuste de \u00bc MOA e torres t\u00e1cteis, o ajuste da sua \u00f3tica \u00e9 muito f\u00e1cil. Fa\u00e7a os seus ajustes uma vez e estar\u00e1 pronto para abater trof\u00e9us de ca\u00e7a durante toda a vida.<\/p>\n<p><strong>RET\u00cdCULOS LIMPOS, N\u00cdTIDOS E UTILIZ\u00c1VEIS<\/strong><\/p>\n<p>Na linha 1 Primal encontrar\u00e1 ret\u00edculos que s\u00e3o n\u00edtidos, limpos e prontos para qualquer tipo de ca\u00e7a. Quer esteja \u00e0 procura de um ret\u00edculo com ret\u00edculos MOA para ajustes r\u00e1pidos ao disparar a longa dist\u00e2ncia, ou de um duplex tradicional para disparos intensos, a linha de \u00f3pticas 1 Primal \u00e9 para si.<\/p>\n<p><strong>MANTENHA O SEU RITMO<\/strong><\/p>\n<p>Quando precisa de ajustar a sua amplia\u00e7\u00e3o, quer ser capaz de o fazer r\u00e1pida e facilmente, sem se atrapalhar com a amplia\u00e7\u00e3o correta. A S\u00e9rie Primal 1 facilita isso com uma alavanca de lan\u00e7amento integrada que pode manipular facilmente, mesmo com as m\u00e3os enluvadas ou em condi\u00e7\u00f5es de humidade.<\/p>\n<p>INFORMA\u00c7\u00d5ES SOBRE O RET\u00cdCULO<\/p>\n<h3 id=\"brxe-ztlivr\" class=\"brxe-heading prod-tabs__title\">Informa\u00e7\u00f5es do ret\u00edculo:<\/h3>\n<p id=\"brxe-grjall\" class=\"brxe-text-basic prod-reticle-name\">RETICULO: RUT<\/p>\n<div id=\"brxe-rkyybx\" class=\"brxe-text-basic prod-ret__txt\">\n<p>O\u00a0<strong>Ret\u00edculo RUT<\/strong>\u00a0\u00e9 perfeita para o ca\u00e7ador vers\u00e1til. Com pontos de reten\u00e7\u00e3o melhorados para uma maior flexibilidade de mira, assegura um disparo preciso a longa dist\u00e2ncia, mantendo um design de ponto central de f\u00e1cil utiliza\u00e7\u00e3o. Perfeitamente adequado para situa\u00e7\u00f5es de ca\u00e7a din\u00e2micas.<\/p>\n<h3 id=\"brxe-qcmket\" class=\"brxe-heading prod-tabs__title\">Carater\u00edsticas principais:<\/h3>\n<div id=\"brxe-pnyzeh\" class=\"brxe-block prod-tab-feature\">\n<div class=\"brxe-xfsvub brxe-block prod-tab-key-loop\"><img loading=\"lazy\" decoding=\"async\" class=\"brxe-rtihxw brxe-image prod-feature__icon css-filter size-full\" src=\"https:\/\/ritonoptics.com\/wp-content\/uploads\/dry-nitrogen-purged-and-sealed-1.png\" alt=\"\" width=\"72\" height=\"74\" \/><\/p>\n<div class=\"brxe-anynyj brxe-div\">\n<p class=\"brxe-abizyp brxe-text-basic prod-feature__title\">Purga e selagem com nitrog\u00e9nio seco<\/p>\n<p class=\"brxe-lprtvs brxe-text-basic prod-feature__txt\">Utilizando g\u00e1s nitrog\u00e9nio, a \u00f3tica \u00e9 purgada e selada para garantir um desempenho \u00f3timo em todas as condi\u00e7\u00f5es climat\u00e9ricas durante a vida \u00fatil do...<\/p>\n<\/div>\n<\/div>\n<div class=\"brxe-xfsvub brxe-block prod-tab-key-loop\"><img loading=\"lazy\" decoding=\"async\" class=\"brxe-rtihxw brxe-image prod-feature__icon css-filter size-full\" src=\"https:\/\/ritonoptics.com\/wp-content\/uploads\/precision-quality-1.png\" alt=\"\" width=\"72\" height=\"74\" \/><\/p>\n<div class=\"brxe-anynyj brxe-div\">\n<p class=\"brxe-abizyp brxe-text-basic prod-feature__title\">Garantia de qualidade de precis\u00e3o<\/p>\n<p class=\"brxe-lprtvs brxe-text-basic prod-feature__txt\">Todos os produtos Riton s\u00e3o submetidos a um rigoroso processo de controlo de qualidade por t\u00e9cnicos certificados em Tucson, AZ. Cada produto que recebe foi submetido a um...<\/p>\n<\/div>\n<\/div>\n<div class=\"brxe-xfsvub brxe-block prod-tab-key-loop\"><img loading=\"lazy\" decoding=\"async\" class=\"brxe-rtihxw brxe-image prod-feature__icon css-filter size-full\" src=\"https:\/\/ritonoptics.com\/wp-content\/uploads\/hd-glass-1.png\" alt=\"\" width=\"72\" height=\"74\" \/><\/p>\n<div class=\"brxe-anynyj brxe-div\">\n<p class=\"brxe-abizyp brxe-text-basic prod-feature__title\">Vidro Riton HD<\/p>\n<p class=\"brxe-lprtvs brxe-text-basic prod-feature__txt\">O vidro Riton High Density (HD) proporciona uma transmiss\u00e3o de luz de 99,5% para uma maior nitidez e uma vis\u00e3o \u00f3ptima.<\/p>\n<\/div>\n<\/div>\n<div class=\"brxe-xfsvub brxe-block prod-tab-key-loop\"><img loading=\"lazy\" decoding=\"async\" class=\"brxe-rtihxw brxe-image prod-feature__icon css-filter size-full\" src=\"https:\/\/ritonoptics.com\/wp-content\/uploads\/performance-coating-1.png\" alt=\"\" width=\"72\" height=\"74\" \/><\/p>\n<div class=\"brxe-anynyj brxe-div\">\n<p class=\"brxe-abizyp brxe-text-basic prod-feature__title\">Riton Performance Coating<\/p>\n<p class=\"brxe-lprtvs brxe-text-basic prod-feature__txt\">Incorporando lentes propriet\u00e1rias totalmente multi-revestidas, todas as \u00f3pticas Riton apresentam um refor\u00e7o de luz reduzida, banda larga completa, revestimentos anti-riscos e antirreflexo para...<\/p>\n<\/div>\n<\/div>\n<div class=\"brxe-xfsvub brxe-block prod-tab-key-loop\"><img loading=\"lazy\" decoding=\"async\" class=\"brxe-rtihxw brxe-image prod-feature__icon css-filter size-full\" src=\"https:\/\/ritonoptics.com\/wp-content\/uploads\/rugged-construction-1.png\" alt=\"\" width=\"72\" height=\"74\" \/><\/p>\n<div class=\"brxe-anynyj brxe-div\">\n<p class=\"brxe-abizyp brxe-text-basic prod-feature__title\">Constru\u00e7\u00e3o robusta Riton<\/p>\n<p class=\"brxe-lprtvs brxe-text-basic prod-feature__txt\">A Riton Rugged Construction incorpora a aplica\u00e7\u00e3o de alum\u00ednio de qualidade aeron\u00e1utica 6061-T6, tubos de uma pe\u00e7a maquinados por CNC e anodiza\u00e7\u00e3o de revestimento duro tipo III....<\/p>\n<\/div>\n<\/div>\n<div class=\"brxe-xfsvub brxe-block prod-tab-key-loop\"><img loading=\"lazy\" decoding=\"async\" class=\"brxe-rtihxw brxe-image prod-feature__icon css-filter size-full\" src=\"https:\/\/ritonoptics.com\/wp-content\/uploads\/airgun-approved-1.png\" alt=\"\" width=\"72\" height=\"74\" \/><\/p>\n<div class=\"brxe-anynyj brxe-div\">\n<p class=\"brxe-abizyp brxe-text-basic prod-feature__title\">Arma de ar comprimido aprovada<\/p>\n<p class=\"brxe-lprtvs brxe-text-basic prod-feature__txt\">As miras Riton s\u00e3o altamente classificadas e adequadas para utiliza\u00e7\u00e3o com armas de ar comprimido, oferecendo durabilidade e excelente clareza \u00f3tica. Concebidas para suportar o recuo \u00fanico...<\/p>\n<h3 id=\"brxe-qzyxzy\" class=\"brxe-heading prod-tabs__title\">Especifica\u00e7\u00f5es completas:<\/h3>\n<div class=\"brxe-zlpnap brxe-block prod-tab-spec-loop\">\n<p class=\"brxe-ibnnrs brxe-text-basic tab-spec__value\">Amplia\u00e7\u00e3o:4-16<\/p>\n<\/div>\n<div class=\"brxe-zlpnap brxe-block prod-tab-spec-loop\">\n<p class=\"brxe-ibnnrs brxe-text-basic tab-spec__value\">Ajuste do paralaxe:10 - infinito<\/p>\n<\/div>\n<div class=\"brxe-zlpnap brxe-block prod-tab-spec-loop\">\n<p class=\"brxe-ibnnrs brxe-text-basic tab-spec__value\">Di\u00e2metro do tubo:1in<\/p>\n<\/div>\n<div class=\"brxe-zlpnap brxe-block prod-tab-spec-loop\">\n<p class=\"brxe-ibnnrs brxe-text-basic tab-spec__value\">Di\u00e2metro da lente objetiva: 44 mm<\/p>\n<\/div>\n<div class=\"brxe-zlpnap brxe-block prod-tab-spec-loop\">\n<p class=\"brxe-ibnnrs brxe-text-basic tab-spec__value\">Plano Focal:Segundo Plano Focal<\/p>\n<\/div>\n<div class=\"brxe-zlpnap brxe-block prod-tab-spec-loop\">\n<p class=\"brxe-ibnnrs brxe-text-basic tab-spec__value\">Revestimento da lente:Totalmente multi-revestido, banda larga completa, revestido \u00e0 prova de \u00e1gua, melhoramento de pouca luz<\/p>\n<\/div>\n<div class=\"brxe-zlpnap brxe-block prod-tab-spec-loop\">\n<p class=\"brxe-ibnnrs brxe-text-basic tab-spec__value\">Ret\u00edculo:RUT<\/p>\n<\/div>\n<div class=\"brxe-zlpnap brxe-block prod-tab-spec-loop\">\n<p class=\"brxe-ibnnrs brxe-text-basic tab-spec__value\">Campo de vis\u00e3o a 100 jardas: 24,1 p\u00e9s - 6,3 p\u00e9s<\/p>\n<\/div>\n<div class=\"brxe-zlpnap brxe-block prod-tab-spec-loop\">\n<p class=\"brxe-ibnnrs brxe-text-basic tab-spec__value\">Material:6061-T6<\/p>\n<\/div>\n<div class=\"brxe-zlpnap brxe-block prod-tab-spec-loop\">\n<p class=\"brxe-ibnnrs brxe-text-basic tab-spec__value\">Al\u00edvio dos olhos:3.9in\/100mm<\/p>\n<\/div>\n<div class=\"brxe-zlpnap brxe-block prod-tab-spec-loop\">\n<p class=\"brxe-ibnnrs brxe-text-basic tab-spec__value\">Pupila de sa\u00edda: Baixa 11 mm - 2,8 mm<\/p>\n<\/div>\n<div class=\"brxe-zlpnap brxe-block prod-tab-spec-loop\">\n<p class=\"brxe-ibnnrs brxe-text-basic tab-spec__value\">Valor do clique a 100 jardas:1\/4 MOA<\/p>\n<\/div>\n<div class=\"brxe-zlpnap brxe-block prod-tab-spec-loop\">\n<p class=\"brxe-ibnnrs brxe-text-basic tab-spec__value\">Gama de ajuste: 80 MOA<\/p>\n<\/div>\n<div class=\"brxe-zlpnap brxe-block prod-tab-spec-loop\">\n<p class=\"brxe-ibnnrs brxe-text-basic tab-spec__value\">Comprimento de montagem:5.5in\/140mm<\/p>\n<\/div>\n<div class=\"brxe-zlpnap brxe-block prod-tab-spec-loop\">\n<p class=\"brxe-ibnnrs brxe-text-basic tab-spec__value\">Length:13.13in\/333.5mm<\/p>\n<\/div>\n<div class=\"brxe-zlpnap brxe-block prod-tab-spec-loop\">\n<p class=\"brxe-ibnnrs brxe-text-basic tab-spec__value\">Peso:1.6lbs\/25.6oz<\/p>\n<\/div>\n<div class=\"brxe-zlpnap brxe-block prod-tab-spec-loop\">\n<p class=\"brxe-ibnnrs brxe-text-basic tab-spec__value\">Acess\u00f3rios inclu\u00eddos:Protectores de lentes rebat\u00edveis, pano para lentes, chave Allen<\/p>\n<\/div>\n<\/div>\n<\/div>\n<\/div>\n<\/div>\n<\/div>","protected":false},"excerpt":{"rendered":"<div id=\"brxe-hxkylx\" class=\"brxe-product-short-description prod-single__txt\">\n<div class=\"woocommerce-product-details__short-description\">\n<p>O\u00a0<strong>1 Primal 4-16\u00d744<\/strong>\u00a0A mira Primal da Riton mant\u00e9m o foco no desempenho funcional com uma plataforma simples que \u00e9 perfeita para o seu tempo na floresta. Quando se pretende um desempenho fi\u00e1vel e uma \u00f3tica de qualidade que lhe d\u00ea a vis\u00e3o de que necessita quando chega a altura de encher a sua marca, a linha de miras 1 Primal oferece exatamente isso, e por menos do que seria de esperar.<\/p>\n<\/div>\n<\/div>\n<div id=\"brxe-qywdiz\" class=\"brxe-divider divider-wide-grey horizontal\"><\/div>","protected":false},"featured_media":1216,"comment_status":"open","ping_status":"closed","template":"","meta":[],"etheme_brands":[{"term_id":44,"name":"Riton","slug":"riton","term_group":0,"term_taxonomy_id":44,"taxonomy":"brand","description":"","parent":0,"count":18,"filter":"raw"}],"product_brand":[],"product_cat":[49],"product_tag":[],"class_list":{"0":"post-1212","1":"product","2":"type-product","3":"status-publish","4":"has-post-thumbnail","6":"brand-riton","7":"product_cat-rifle-scopes","9":"first","10":"instock","11":"sale","12":"taxable","13":"shipping-taxable","14":"purchasable","15":"product-type-simple"},"yoast_head":"<!-- This site is optimized with the Yoast SEO Premium plugin v25.7.1 (Yoast SEO v27.4) - https:\/\/yoast.com\/product\/yoast-seo-premium-wordpress\/ -->\n<title>Riton 1 PRIMAL 4-16\u00d744 - Hunter Optics<\/title>\n<meta name=\"robots\" content=\"index, follow, max-snippet:-1, max-image-preview:large, max-video-preview:-1\" \/>\n<link rel=\"canonical\" href=\"https:\/\/hunter-optics.com\/pt\/produto\/riton-1-primal-4-16x44\/\" \/>\n<meta property=\"og:locale\" content=\"pt_PT\" \/>\n<meta property=\"og:type\" content=\"article\" \/>\n<meta property=\"og:title\" content=\"Riton 1 PRIMAL 4-16\u00d744\" \/>\n<meta property=\"og:description\" content=\"The\u00a01 Primal 4-16\u00d744\u00a0from Riton keeps the focus on functional performance with a straightforward platform that\u2019s perfect for your time in the woods. When you want reliable performance and quality optics that give you the sight picture you need when it comes time to fill your tag, the 1 Primal scope line delivers exactly that, and for less than you would expect.\" \/>\n<meta property=\"og:url\" content=\"https:\/\/hunter-optics.com\/pt\/produto\/riton-1-primal-4-16x44\/\" \/>\n<meta property=\"og:site_name\" content=\"Hunter Optics\" \/>\n<meta property=\"article:modified_time\" content=\"2025-07-24T08:53:04+00:00\" \/>\n<meta property=\"og:image\" content=\"https:\/\/hunter-optics.com\/wp-content\/uploads\/2025\/07\/1-Primal-4-16x44-v2-angled-02.webp\" \/>\n\t<meta property=\"og:image:width\" content=\"876\" \/>\n\t<meta property=\"og:image:height\" content=\"876\" \/>\n\t<meta property=\"og:image:type\" content=\"image\/webp\" \/>\n<meta name=\"twitter:card\" content=\"summary_large_image\" \/>\n<meta name=\"twitter:label1\" content=\"pre\u00e7o\" \/>\n\t<meta name=\"twitter:data1\" content=\"&#036;269.99\" \/>\n\t<meta name=\"twitter:label2\" content=\"Disponibilidade\" \/>\n\t<meta name=\"twitter:data2\" content=\"Em stock\" \/>\n<script type=\"application\/ld+json\" class=\"yoast-schema-graph\">{\"@context\":\"https:\\\/\\\/schema.org\",\"@graph\":[{\"@type\":\"WebPage\",\"@id\":\"https:\\\/\\\/hunter-optics.com\\\/product\\\/riton-1-primal-4-16x44\\\/\",\"url\":\"https:\\\/\\\/hunter-optics.com\\\/product\\\/riton-1-primal-4-16x44\\\/\",\"name\":\"Riton 1 PRIMAL 4-16\u00d744 - Hunter Optics\",\"isPartOf\":{\"@id\":\"https:\\\/\\\/hunter-optics.com\\\/#website\"},\"primaryImageOfPage\":{\"@id\":\"https:\\\/\\\/hunter-optics.com\\\/product\\\/riton-1-primal-4-16x44\\\/#primaryimage\"},\"image\":{\"@id\":\"https:\\\/\\\/hunter-optics.com\\\/product\\\/riton-1-primal-4-16x44\\\/#primaryimage\"},\"thumbnailUrl\":\"https:\\\/\\\/hunter-optics.com\\\/wp-content\\\/uploads\\\/2025\\\/07\\\/1-Primal-4-16x44-v2-angled-02.webp\",\"datePublished\":\"2025-07-02T09:16:51+00:00\",\"dateModified\":\"2025-07-24T08:53:04+00:00\",\"breadcrumb\":{\"@id\":\"https:\\\/\\\/hunter-optics.com\\\/product\\\/riton-1-primal-4-16x44\\\/#breadcrumb\"},\"inLanguage\":\"pt-PT\",\"potentialAction\":[{\"@type\":\"ReadAction\",\"target\":[\"https:\\\/\\\/hunter-optics.com\\\/product\\\/riton-1-primal-4-16x44\\\/\"]}]},{\"@type\":\"ImageObject\",\"inLanguage\":\"pt-PT\",\"@id\":\"https:\\\/\\\/hunter-optics.com\\\/product\\\/riton-1-primal-4-16x44\\\/#primaryimage\",\"url\":\"https:\\\/\\\/hunter-optics.com\\\/wp-content\\\/uploads\\\/2025\\\/07\\\/1-Primal-4-16x44-v2-angled-02.webp\",\"contentUrl\":\"https:\\\/\\\/hunter-optics.com\\\/wp-content\\\/uploads\\\/2025\\\/07\\\/1-Primal-4-16x44-v2-angled-02.webp\",\"width\":876,\"height\":876},{\"@type\":\"BreadcrumbList\",\"@id\":\"https:\\\/\\\/hunter-optics.com\\\/product\\\/riton-1-primal-4-16x44\\\/#breadcrumb\",\"itemListElement\":[{\"@type\":\"ListItem\",\"position\":1,\"name\":\"Home\",\"item\":\"https:\\\/\\\/hunter-optics.com\\\/\"},{\"@type\":\"ListItem\",\"position\":2,\"name\":\"Products\",\"item\":\"https:\\\/\\\/hunter-optics.com\\\/shop\\\/\"},{\"@type\":\"ListItem\",\"position\":3,\"name\":\"Riton 1 PRIMAL 4-16\u00d744\"}]},{\"@type\":\"WebSite\",\"@id\":\"https:\\\/\\\/hunter-optics.com\\\/#website\",\"url\":\"https:\\\/\\\/hunter-optics.com\\\/\",\"name\":\"Hunter Optics\",\"description\":\"Hunter Optics \u2014 Your Eye on the Target.\",\"publisher\":{\"@id\":\"https:\\\/\\\/hunter-optics.com\\\/#organization\"},\"potentialAction\":[{\"@type\":\"SearchAction\",\"target\":{\"@type\":\"EntryPoint\",\"urlTemplate\":\"https:\\\/\\\/hunter-optics.com\\\/?s={search_term_string}\"},\"query-input\":{\"@type\":\"PropertyValueSpecification\",\"valueRequired\":true,\"valueName\":\"search_term_string\"}}],\"inLanguage\":\"pt-PT\"},{\"@type\":\"Organization\",\"@id\":\"https:\\\/\\\/hunter-optics.com\\\/#organization\",\"name\":\"Hunter Optics\",\"url\":\"https:\\\/\\\/hunter-optics.com\\\/\",\"logo\":{\"@type\":\"ImageObject\",\"inLanguage\":\"pt-PT\",\"@id\":\"https:\\\/\\\/hunter-optics.com\\\/#\\\/schema\\\/logo\\\/image\\\/\",\"url\":\"https:\\\/\\\/hunter-optics.com\\\/wp-content\\\/uploads\\\/2025\\\/06\\\/hunter-optics-logo-1.png\",\"contentUrl\":\"https:\\\/\\\/hunter-optics.com\\\/wp-content\\\/uploads\\\/2025\\\/06\\\/hunter-optics-logo-1.png\",\"width\":937,\"height\":373,\"caption\":\"Hunter Optics\"},\"image\":{\"@id\":\"https:\\\/\\\/hunter-optics.com\\\/#\\\/schema\\\/logo\\\/image\\\/\"}}]}<\/script>\n<meta property=\"product:brand\" content=\"Riton\" \/>\n<meta property=\"product:price:amount\" content=\"269.99\" \/>\n<meta property=\"product:price:currency\" content=\"USD\" \/>\n<meta property=\"og:availability\" content=\"instock\" \/>\n<meta property=\"product:availability\" content=\"instock\" \/>\n<meta property=\"product:condition\" content=\"new\" \/>\n<!-- \/ Yoast SEO Premium plugin. -->","yoast_head_json":{"title":"Riton 1 PRIMAL 4-16\u00d744 - \u00d3tica de ca\u00e7a","robots":{"index":"index","follow":"follow","max-snippet":"max-snippet:-1","max-image-preview":"max-image-preview:large","max-video-preview":"max-video-preview:-1"},"canonical":"https:\/\/hunter-optics.com\/pt\/produto\/riton-1-primal-4-16x44\/","og_locale":"pt_PT","og_type":"article","og_title":"Riton 1 PRIMAL 4-16\u00d744","og_description":"The\u00a01 Primal 4-16\u00d744\u00a0from Riton keeps the focus on functional performance with a straightforward platform that\u2019s perfect for your time in the woods. When you want reliable performance and quality optics that give you the sight picture you need when it comes time to fill your tag, the 1 Primal scope line delivers exactly that, and for less than you would expect.","og_url":"https:\/\/hunter-optics.com\/pt\/produto\/riton-1-primal-4-16x44\/","og_site_name":"Hunter Optics","article_modified_time":"2025-07-24T08:53:04+00:00","og_image":[{"width":876,"height":876,"url":"https:\/\/hunter-optics.com\/wp-content\/uploads\/2025\/07\/1-Primal-4-16x44-v2-angled-02.webp","type":"image\/webp"}],"twitter_card":"summary_large_image","twitter_misc":{"pre\u00e7o":"&#36;269.99","Disponibilidade":"Em stock"},"schema":{"@context":"https:\/\/schema.org","@graph":[{"@type":"WebPage","@id":"https:\/\/hunter-optics.com\/product\/riton-1-primal-4-16x44\/","url":"https:\/\/hunter-optics.com\/product\/riton-1-primal-4-16x44\/","name":"Riton 1 PRIMAL 4-16\u00d744 - \u00d3tica de ca\u00e7a","isPartOf":{"@id":"https:\/\/hunter-optics.com\/#website"},"primaryImageOfPage":{"@id":"https:\/\/hunter-optics.com\/product\/riton-1-primal-4-16x44\/#primaryimage"},"image":{"@id":"https:\/\/hunter-optics.com\/product\/riton-1-primal-4-16x44\/#primaryimage"},"thumbnailUrl":"https:\/\/hunter-optics.com\/wp-content\/uploads\/2025\/07\/1-Primal-4-16x44-v2-angled-02.webp","datePublished":"2025-07-02T09:16:51+00:00","dateModified":"2025-07-24T08:53:04+00:00","breadcrumb":{"@id":"https:\/\/hunter-optics.com\/product\/riton-1-primal-4-16x44\/#breadcrumb"},"inLanguage":"pt-PT","potentialAction":[{"@type":"ReadAction","target":["https:\/\/hunter-optics.com\/product\/riton-1-primal-4-16x44\/"]}]},{"@type":"ImageObject","inLanguage":"pt-PT","@id":"https:\/\/hunter-optics.com\/product\/riton-1-primal-4-16x44\/#primaryimage","url":"https:\/\/hunter-optics.com\/wp-content\/uploads\/2025\/07\/1-Primal-4-16x44-v2-angled-02.webp","contentUrl":"https:\/\/hunter-optics.com\/wp-content\/uploads\/2025\/07\/1-Primal-4-16x44-v2-angled-02.webp","width":876,"height":876},{"@type":"BreadcrumbList","@id":"https:\/\/hunter-optics.com\/product\/riton-1-primal-4-16x44\/#breadcrumb","itemListElement":[{"@type":"ListItem","position":1,"name":"Home","item":"https:\/\/hunter-optics.com\/"},{"@type":"ListItem","position":2,"name":"Products","item":"https:\/\/hunter-optics.com\/shop\/"},{"@type":"ListItem","position":3,"name":"Riton 1 PRIMAL 4-16\u00d744"}]},{"@type":"WebSite","@id":"https:\/\/hunter-optics.com\/#website","url":"https:\/\/hunter-optics.com\/","name":"\u00d3tica Hunter","description":"Hunter Optics - O seu olho no alvo.","publisher":{"@id":"https:\/\/hunter-optics.com\/#organization"},"potentialAction":[{"@type":"SearchAction","target":{"@type":"EntryPoint","urlTemplate":"https:\/\/hunter-optics.com\/?s={search_term_string}"},"query-input":{"@type":"PropertyValueSpecification","valueRequired":true,"valueName":"search_term_string"}}],"inLanguage":"pt-PT"},{"@type":"Organization","@id":"https:\/\/hunter-optics.com\/#organization","name":"\u00d3tica Hunter","url":"https:\/\/hunter-optics.com\/","logo":{"@type":"ImageObject","inLanguage":"pt-PT","@id":"https:\/\/hunter-optics.com\/#\/schema\/logo\/image\/","url":"https:\/\/hunter-optics.com\/wp-content\/uploads\/2025\/06\/hunter-optics-logo-1.png","contentUrl":"https:\/\/hunter-optics.com\/wp-content\/uploads\/2025\/06\/hunter-optics-logo-1.png","width":937,"height":373,"caption":"Hunter Optics"},"image":{"@id":"https:\/\/hunter-optics.com\/#\/schema\/logo\/image\/"}}]},"product_brand":"Riton","product_price_amount":"269.99","product_price_currency":"USD","og_availability":"instock","product_availability":"instock","product_condition":"new"},"_links":{"self":[{"href":"https:\/\/hunter-optics.com\/pt\/wp-json\/wp\/v2\/product\/1212","targetHints":{"allow":["GET"]}}],"collection":[{"href":"https:\/\/hunter-optics.com\/pt\/wp-json\/wp\/v2\/product"}],"about":[{"href":"https:\/\/hunter-optics.com\/pt\/wp-json\/wp\/v2\/types\/product"}],"replies":[{"embeddable":true,"href":"https:\/\/hunter-optics.com\/pt\/wp-json\/wp\/v2\/comments?post=1212"}],"version-history":[{"count":3,"href":"https:\/\/hunter-optics.com\/pt\/wp-json\/wp\/v2\/product\/1212\/revisions"}],"predecessor-version":[{"id":1218,"href":"https:\/\/hunter-optics.com\/pt\/wp-json\/wp\/v2\/product\/1212\/revisions\/1218"}],"wp:featuredmedia":[{"embeddable":true,"href":"https:\/\/hunter-optics.com\/pt\/wp-json\/wp\/v2\/media\/1216"}],"wp:attachment":[{"href":"https:\/\/hunter-optics.com\/pt\/wp-json\/wp\/v2\/media?parent=1212"}],"wp:term":[{"taxonomy":"brand","embeddable":true,"href":"https:\/\/hunter-optics.com\/pt\/wp-json\/wp\/v2\/etheme_brands?post=1212"},{"taxonomy":"product_brand","embeddable":true,"href":"https:\/\/hunter-optics.com\/pt\/wp-json\/wp\/v2\/product_brand?post=1212"},{"taxonomy":"product_cat","embeddable":true,"href":"https:\/\/hunter-optics.com\/pt\/wp-json\/wp\/v2\/product_cat?post=1212"},{"taxonomy":"product_tag","embeddable":true,"href":"https:\/\/hunter-optics.com\/pt\/wp-json\/wp\/v2\/product_tag?post=1212"}],"curies":[{"name":"wp","href":"https:\/\/api.w.org\/{rel}","templated":true}]}}