{"id":1725,"date":"2025-08-11T06:51:47","date_gmt":"2025-08-11T06:51:47","guid":{"rendered":"https:\/\/hunter-optics.com\/?post_type=product&#038;p=1725"},"modified":"2025-08-11T07:36:54","modified_gmt":"2025-08-11T07:36:54","slug":"athlon-talos-btr-gen1-4-14x44-aplr2-ffp-ir-mil-30mm","status":"publish","type":"product","link":"https:\/\/hunter-optics.com\/nl\/product\/athlon-talos-btr-gen1-4-14x44-aplr2-ffp-ir-mil-30mm\/","title":{"rendered":"Athlon TALOS BTR GEN1 4-14\u00d744 APLR2 FFP IR MIL 30mm"},"content":{"rendered":"<div id=\"target_description\" class=\"w-full py-8 border-t mb-6 text-sm border-pbordergreydark pm-product-content open\">\n<p><strong>SPECS<\/strong><\/p>\n<\/div>\n<ul>\n<li>Vergroting: 4-14x<\/li>\n<li>Diameter objectieflens: 544 mm<\/li>\n<li>Diameter buis: 30 mm<\/li>\n<li>Oogafstand: 3,23-3,15 inch<\/li>\n<li>Gezichtsveld op 100 meter: 27,2-7,9 voet<\/li>\n<li>Klikwaarde: 0,1MIL<\/li>\n<li>Afstelbereik per omwenteling: 10 MIL<\/li>\n<li>Totale hoogteaanpassing: 48 MIL<\/li>\n<li>Totale windcorrectie: 48 MIL<\/li>\n<li>Parallax-aanpassing: Zijdelingse focus - 10 meter tot oneindig<\/li>\n<li>Spoelmateriaal: Stikstof<\/li>\n<li>Lengte: 12,9 inch<\/li>\n<li>Gewicht: 23,6 oz<\/li>\n<li>Levenslange garantie<\/li>\n<\/ul>\n<p><strong>KENMERKEN<\/strong><\/p>\n<h4>Eerste brandpuntsvlak Dradenkruis:<\/h4>\n<ul>\n<li>Dankzij het ontwerp met het eerste brandpuntsvlak kun je volledig gebruikmaken van speciaal ontworpen dradenkruizen die krimpen of meegroeien met je doel als je in- of uitzoomt.  Met deze dradenkruizen kun je snel op het doel richten bij een laag vermogen, terwijl je precieze posities kunt innemen met fijnere details.<\/li>\n<\/ul>\n<h4>Verlicht dradenkruis:<\/h4>\n<ul>\n<li>Het verlichte dradenkruis zorgt voor een betere zichtbaarheid bij schemering en dageraad en andere omgevingen met weinig omgevingslicht.<\/li>\n<\/ul>\n<h4>Ge\u00ebtst glas Dradenkruis:<\/h4>\n<ul>\n<li>Dradenkruis ge\u00ebtst op het glas dat uitstekende ondersteuning biedt voor complexe dradenkruisontwerpen en een grote duurzaamheid en veel hogere schokbestendigheid biedt.<\/li>\n<\/ul>\n<h4>Geavanceerd, volledig gecoat:<\/h4>\n<ul>\n<li>Volledig gecoate optiek vermindert effectief gereflecteerd licht en verhoogt de lichttransmissie, waardoor je een helderder beeld krijgt dan bij normale lenzen met een enkele coating.<\/li>\n<\/ul>\n<h4>Nul-stopsysteem met precisie:<\/h4>\n<ul>\n<li>Met het systeem kun je je nulpositie vastzetten en terugdraaien met een scherpe en precieze stop precies op het nulpunt, zelfs als je in het pikkedonker of geblindeerd vouwt.<\/li>\n<\/ul>\n<h4>Aluminium 6061 T6:<\/h4>\n<ul>\n<li>De 6061T6 aluminium buis van vliegtuigkwaliteit, die uitzonderlijk sterk is en een superieure mechanische integriteit heeft, zal deze optiek van wereldklasse beschermen, wat je er ook tegenaan gooit.<\/li>\n<\/ul>\n<h4>Warmtebehandelde buis uit \u00e9\u00e9n stuk:<\/h4>\n<ul>\n<li>Een warmtebehandelde buis uit \u00e9\u00e9n stuk geeft de richtkijker extra stevigheid ten opzichte van meerdelige buizen.  Een buis uit \u00e9\u00e9n stuk houdt ook beter vocht buiten, waardoor je richtkijker mistbestendig blijft gedurende de levensduur van het product.<\/li>\n<\/ul>\n<h4>Waterdicht:<\/h4>\n<ul>\n<li>Waterdicht om de kijker te beschermen in de zwaarste weersomstandigheden of als hij per ongeluk onder water wordt gedompeld.<\/li>\n<\/ul>\n<p><strong>Mistbestendig:<\/strong><\/p>\n<ul>\n<li>Mistbestendig zodat je je doel onmiddellijk kunt raken als je je geweer vanuit de warme binnenruimte naar een koude omgevingstemperatuur brengt.<\/li>\n<\/ul>\n<p><strong>Schokbestendig:<\/strong><\/p>\n<ul>\n<li>Robuust mechanisch systeem met speciale ontwerpen op zowel de besturing als het oprichtsysteem die je de ultieme terugslagweerstand geven om 1000G terugslag 1000 keer te weerstaan.<\/li>\n<\/ul>\n<p><strong>Met argon gezuiverd:<\/strong><\/p>\n<ul>\n<li>Argon Purging gebruikt inertiegas met grotere moleculen om vocht uit de buis te zuiveren, waardoor je een betere waterdichtheid en thermische stabiliteit krijgt.<\/li>\n<\/ul>","protected":false},"excerpt":{"rendered":"<p>Het gaat misschien je verbeelding te boven om een richtkijker met een eerste brandpuntsafstand van ongeveer $300 te hebben, maar wij hebben het voor je waargemaakt. De Talos BTR-familie richtkijkers met SFP (1-4\u00d724) en FFP (4-14\u00d744), volledig gecoat, directe draaiknoppen voor elevatie en windcorrectie, verlicht dradenkruis, 30 mm buis.1-4\u00d724 - SFP met vaste buis, AHSR 14 SFP IR-MIL4-14\u00d744 - FFP met zijfocusbuis, APLR2 FFP IR-MIL.<\/p>","protected":false},"featured_media":1726,"comment_status":"open","ping_status":"closed","template":"","meta":[],"etheme_brands":[{"term_id":46,"name":"Athlon","slug":"athlon","term_group":0,"term_taxonomy_id":46,"taxonomy":"brand","description":"Athlon is a proud US sports optics product company. Devoted to designing and delivering superior quality optics products and outdoor accessories at a competitive price to our consumers via our distribution and retail channels. Athlon has strong engineering capabilities, strategic alliances with quality manufacturers, and a streamlined fully integrated supply chain. These advantages enable us to bring the latest cutting edge technologies and cut out the extra layers of traditional supply chains. With these advantages we are able to deliver products to consumers with great cost savings. Our goal from day one is to pass those savings to you, the outdoor enthusiast.","parent":0,"count":8,"filter":"raw"}],"product_brand":[],"product_cat":[49],"product_tag":[],"class_list":{"0":"post-1725","1":"product","2":"type-product","3":"status-publish","4":"has-post-thumbnail","6":"brand-athlon","7":"product_cat-rifle-scopes","9":"first","10":"instock","11":"taxable","12":"shipping-taxable","13":"purchasable","14":"product-type-simple"},"yoast_head":"<!-- This site is optimized with the Yoast SEO Premium plugin v25.7.1 (Yoast SEO v27.4) - https:\/\/yoast.com\/product\/yoast-seo-premium-wordpress\/ -->\n<title>Athlon TALOS BTR GEN1 4-14\u00d744 APLR2 FFP IR MIL 30mm - Hunter Optics<\/title>\n<meta name=\"description\" content=\"Athlon Argos BTR GEN2 6-24x50 FFP scope features illuminated APLR2 MOA reticle, aircraft-grade aluminum body &amp; true zero-stop. Ideal for precision shooting. Shop now.\" \/>\n<meta name=\"robots\" content=\"index, follow, max-snippet:-1, max-image-preview:large, max-video-preview:-1\" \/>\n<link rel=\"canonical\" href=\"https:\/\/hunter-optics.com\/nl\/product\/athlon-talos-btr-gen1-4-14x44-aplr2-ffp-ir-mil-30mm\/\" \/>\n<meta property=\"og:locale\" content=\"nl_NL\" \/>\n<meta property=\"og:type\" content=\"article\" \/>\n<meta property=\"og:title\" content=\"Athlon TALOS BTR GEN1 4-14\u00d744 APLR2 FFP IR MIL 30mm\" \/>\n<meta property=\"og:description\" content=\"Athlon Argos BTR GEN2 6-24x50 FFP scope features illuminated APLR2 MOA reticle, aircraft-grade aluminum body &amp; true zero-stop. Ideal for precision shooting. Shop now.\" \/>\n<meta property=\"og:url\" content=\"https:\/\/hunter-optics.com\/nl\/product\/athlon-talos-btr-gen1-4-14x44-aplr2-ffp-ir-mil-30mm\/\" \/>\n<meta property=\"og:site_name\" content=\"Hunter Optics\" \/>\n<meta property=\"article:modified_time\" content=\"2025-08-11T07:36:54+00:00\" \/>\n<meta property=\"og:image\" content=\"https:\/\/hunter-optics.com\/wp-content\/uploads\/2025\/08\/TALOS-BTR-GEN1-4-14\u00d744-APLR2-FFP-IR-MIL-1.webp\" \/>\n\t<meta property=\"og:image:width\" content=\"1500\" \/>\n\t<meta property=\"og:image:height\" content=\"1500\" \/>\n\t<meta property=\"og:image:type\" content=\"image\/webp\" \/>\n<meta name=\"twitter:card\" content=\"summary_large_image\" \/>\n<meta name=\"twitter:label1\" content=\"Prijs\" \/>\n\t<meta name=\"twitter:data1\" content=\"&#036;412.99\" \/>\n\t<meta name=\"twitter:label2\" content=\"Beschikbaarheid\" \/>\n\t<meta name=\"twitter:data2\" content=\"Op voorraad\" \/>\n<script type=\"application\/ld+json\" class=\"yoast-schema-graph\">{\"@context\":\"https:\\\/\\\/schema.org\",\"@graph\":[{\"@type\":\"WebPage\",\"@id\":\"https:\\\/\\\/hunter-optics.com\\\/product\\\/athlon-talos-btr-gen1-4-14x44-aplr2-ffp-ir-mil-30mm\\\/\",\"url\":\"https:\\\/\\\/hunter-optics.com\\\/product\\\/athlon-talos-btr-gen1-4-14x44-aplr2-ffp-ir-mil-30mm\\\/\",\"name\":\"Athlon TALOS BTR GEN1 4-14\u00d744 APLR2 FFP IR MIL 30mm - Hunter Optics\",\"isPartOf\":{\"@id\":\"https:\\\/\\\/hunter-optics.com\\\/#website\"},\"primaryImageOfPage\":{\"@id\":\"https:\\\/\\\/hunter-optics.com\\\/product\\\/athlon-talos-btr-gen1-4-14x44-aplr2-ffp-ir-mil-30mm\\\/#primaryimage\"},\"image\":{\"@id\":\"https:\\\/\\\/hunter-optics.com\\\/product\\\/athlon-talos-btr-gen1-4-14x44-aplr2-ffp-ir-mil-30mm\\\/#primaryimage\"},\"thumbnailUrl\":\"https:\\\/\\\/hunter-optics.com\\\/wp-content\\\/uploads\\\/2025\\\/08\\\/TALOS-BTR-GEN1-4-14\u00d744-APLR2-FFP-IR-MIL-1.webp\",\"datePublished\":\"2025-08-11T06:51:47+00:00\",\"dateModified\":\"2025-08-11T07:36:54+00:00\",\"description\":\"Athlon Argos BTR GEN2 6-24x50 FFP scope features illuminated APLR2 MOA reticle, aircraft-grade aluminum body & true zero-stop. Ideal for precision shooting. Shop now.\",\"breadcrumb\":{\"@id\":\"https:\\\/\\\/hunter-optics.com\\\/product\\\/athlon-talos-btr-gen1-4-14x44-aplr2-ffp-ir-mil-30mm\\\/#breadcrumb\"},\"inLanguage\":\"nl-NL\",\"potentialAction\":[{\"@type\":\"ReadAction\",\"target\":[\"https:\\\/\\\/hunter-optics.com\\\/product\\\/athlon-talos-btr-gen1-4-14x44-aplr2-ffp-ir-mil-30mm\\\/\"]}]},{\"@type\":\"ImageObject\",\"inLanguage\":\"nl-NL\",\"@id\":\"https:\\\/\\\/hunter-optics.com\\\/product\\\/athlon-talos-btr-gen1-4-14x44-aplr2-ffp-ir-mil-30mm\\\/#primaryimage\",\"url\":\"https:\\\/\\\/hunter-optics.com\\\/wp-content\\\/uploads\\\/2025\\\/08\\\/TALOS-BTR-GEN1-4-14\u00d744-APLR2-FFP-IR-MIL-1.webp\",\"contentUrl\":\"https:\\\/\\\/hunter-optics.com\\\/wp-content\\\/uploads\\\/2025\\\/08\\\/TALOS-BTR-GEN1-4-14\u00d744-APLR2-FFP-IR-MIL-1.webp\",\"width\":1500,\"height\":1500,\"caption\":\"TALOS BTR GEN1 4-14\u00d744 APLR2 FFP IR MIL\"},{\"@type\":\"BreadcrumbList\",\"@id\":\"https:\\\/\\\/hunter-optics.com\\\/product\\\/athlon-talos-btr-gen1-4-14x44-aplr2-ffp-ir-mil-30mm\\\/#breadcrumb\",\"itemListElement\":[{\"@type\":\"ListItem\",\"position\":1,\"name\":\"Home\",\"item\":\"https:\\\/\\\/hunter-optics.com\\\/\"},{\"@type\":\"ListItem\",\"position\":2,\"name\":\"Products\",\"item\":\"https:\\\/\\\/hunter-optics.com\\\/shop\\\/\"},{\"@type\":\"ListItem\",\"position\":3,\"name\":\"Athlon TALOS BTR GEN1 4-14\u00d744 APLR2 FFP IR MIL 30mm\"}]},{\"@type\":\"WebSite\",\"@id\":\"https:\\\/\\\/hunter-optics.com\\\/#website\",\"url\":\"https:\\\/\\\/hunter-optics.com\\\/\",\"name\":\"Hunter Optics\",\"description\":\"Hunter Optics \u2014 Your Eye on the Target.\",\"publisher\":{\"@id\":\"https:\\\/\\\/hunter-optics.com\\\/#organization\"},\"potentialAction\":[{\"@type\":\"SearchAction\",\"target\":{\"@type\":\"EntryPoint\",\"urlTemplate\":\"https:\\\/\\\/hunter-optics.com\\\/?s={search_term_string}\"},\"query-input\":{\"@type\":\"PropertyValueSpecification\",\"valueRequired\":true,\"valueName\":\"search_term_string\"}}],\"inLanguage\":\"nl-NL\"},{\"@type\":\"Organization\",\"@id\":\"https:\\\/\\\/hunter-optics.com\\\/#organization\",\"name\":\"Hunter Optics\",\"url\":\"https:\\\/\\\/hunter-optics.com\\\/\",\"logo\":{\"@type\":\"ImageObject\",\"inLanguage\":\"nl-NL\",\"@id\":\"https:\\\/\\\/hunter-optics.com\\\/#\\\/schema\\\/logo\\\/image\\\/\",\"url\":\"https:\\\/\\\/hunter-optics.com\\\/wp-content\\\/uploads\\\/2025\\\/06\\\/hunter-optics-logo-1.png\",\"contentUrl\":\"https:\\\/\\\/hunter-optics.com\\\/wp-content\\\/uploads\\\/2025\\\/06\\\/hunter-optics-logo-1.png\",\"width\":937,\"height\":373,\"caption\":\"Hunter Optics\"},\"image\":{\"@id\":\"https:\\\/\\\/hunter-optics.com\\\/#\\\/schema\\\/logo\\\/image\\\/\"}}]}<\/script>\n<meta property=\"product:brand\" content=\"Athlon\" \/>\n<meta property=\"product:price:amount\" content=\"412.99\" \/>\n<meta property=\"product:price:currency\" content=\"USD\" \/>\n<meta property=\"og:availability\" content=\"instock\" \/>\n<meta property=\"product:availability\" content=\"instock\" \/>\n<meta property=\"product:condition\" content=\"new\" \/>\n<!-- \/ Yoast SEO Premium plugin. -->","yoast_head_json":{"title":"Athlon TALOS BTR GEN1 4-14\u00d744 APLR2 FFP IR MIL 30mm - Jager Optiek","description":"Athlon Argos BTR GEN2 6-24x50 FFP richtkijker met verlicht APLR2 MOA dradenkruis, aluminium behuizing van vliegtuigkwaliteit en echte nul-stop. Ideaal voor precisieschieten. Nu winkelen.","robots":{"index":"index","follow":"follow","max-snippet":"max-snippet:-1","max-image-preview":"max-image-preview:large","max-video-preview":"max-video-preview:-1"},"canonical":"https:\/\/hunter-optics.com\/nl\/product\/athlon-talos-btr-gen1-4-14x44-aplr2-ffp-ir-mil-30mm\/","og_locale":"nl_NL","og_type":"article","og_title":"Athlon TALOS BTR GEN1 4-14\u00d744 APLR2 FFP IR MIL 30mm","og_description":"Athlon Argos BTR GEN2 6-24x50 FFP scope features illuminated APLR2 MOA reticle, aircraft-grade aluminum body & true zero-stop. Ideal for precision shooting. Shop now.","og_url":"https:\/\/hunter-optics.com\/nl\/product\/athlon-talos-btr-gen1-4-14x44-aplr2-ffp-ir-mil-30mm\/","og_site_name":"Hunter Optics","article_modified_time":"2025-08-11T07:36:54+00:00","og_image":[{"width":1500,"height":1500,"url":"https:\/\/hunter-optics.com\/wp-content\/uploads\/2025\/08\/TALOS-BTR-GEN1-4-14\u00d744-APLR2-FFP-IR-MIL-1.webp","type":"image\/webp"}],"twitter_card":"summary_large_image","twitter_misc":{"Prijs":"&#36;412.99","Beschikbaarheid":"Op voorraad"},"schema":{"@context":"https:\/\/schema.org","@graph":[{"@type":"WebPage","@id":"https:\/\/hunter-optics.com\/product\/athlon-talos-btr-gen1-4-14x44-aplr2-ffp-ir-mil-30mm\/","url":"https:\/\/hunter-optics.com\/product\/athlon-talos-btr-gen1-4-14x44-aplr2-ffp-ir-mil-30mm\/","name":"Athlon TALOS BTR GEN1 4-14\u00d744 APLR2 FFP IR MIL 30mm - Jager Optiek","isPartOf":{"@id":"https:\/\/hunter-optics.com\/#website"},"primaryImageOfPage":{"@id":"https:\/\/hunter-optics.com\/product\/athlon-talos-btr-gen1-4-14x44-aplr2-ffp-ir-mil-30mm\/#primaryimage"},"image":{"@id":"https:\/\/hunter-optics.com\/product\/athlon-talos-btr-gen1-4-14x44-aplr2-ffp-ir-mil-30mm\/#primaryimage"},"thumbnailUrl":"https:\/\/hunter-optics.com\/wp-content\/uploads\/2025\/08\/TALOS-BTR-GEN1-4-14\u00d744-APLR2-FFP-IR-MIL-1.webp","datePublished":"2025-08-11T06:51:47+00:00","dateModified":"2025-08-11T07:36:54+00:00","description":"Athlon Argos BTR GEN2 6-24x50 FFP richtkijker met verlicht APLR2 MOA dradenkruis, aluminium behuizing van vliegtuigkwaliteit en echte nul-stop. Ideaal voor precisieschieten. Nu winkelen.","breadcrumb":{"@id":"https:\/\/hunter-optics.com\/product\/athlon-talos-btr-gen1-4-14x44-aplr2-ffp-ir-mil-30mm\/#breadcrumb"},"inLanguage":"nl-NL","potentialAction":[{"@type":"ReadAction","target":["https:\/\/hunter-optics.com\/product\/athlon-talos-btr-gen1-4-14x44-aplr2-ffp-ir-mil-30mm\/"]}]},{"@type":"ImageObject","inLanguage":"nl-NL","@id":"https:\/\/hunter-optics.com\/product\/athlon-talos-btr-gen1-4-14x44-aplr2-ffp-ir-mil-30mm\/#primaryimage","url":"https:\/\/hunter-optics.com\/wp-content\/uploads\/2025\/08\/TALOS-BTR-GEN1-4-14\u00d744-APLR2-FFP-IR-MIL-1.webp","contentUrl":"https:\/\/hunter-optics.com\/wp-content\/uploads\/2025\/08\/TALOS-BTR-GEN1-4-14\u00d744-APLR2-FFP-IR-MIL-1.webp","width":1500,"height":1500,"caption":"TALOS BTR GEN1 4-14\u00d744 APLR2 FFP IR MIL"},{"@type":"BreadcrumbList","@id":"https:\/\/hunter-optics.com\/product\/athlon-talos-btr-gen1-4-14x44-aplr2-ffp-ir-mil-30mm\/#breadcrumb","itemListElement":[{"@type":"ListItem","position":1,"name":"Home","item":"https:\/\/hunter-optics.com\/"},{"@type":"ListItem","position":2,"name":"Products","item":"https:\/\/hunter-optics.com\/shop\/"},{"@type":"ListItem","position":3,"name":"Athlon TALOS BTR GEN1 4-14\u00d744 APLR2 FFP IR MIL 30mm"}]},{"@type":"WebSite","@id":"https:\/\/hunter-optics.com\/#website","url":"https:\/\/hunter-optics.com\/","name":"Jager Optiek","description":"Hunter Optics - Je oog op het doel.","publisher":{"@id":"https:\/\/hunter-optics.com\/#organization"},"potentialAction":[{"@type":"SearchAction","target":{"@type":"EntryPoint","urlTemplate":"https:\/\/hunter-optics.com\/?s={search_term_string}"},"query-input":{"@type":"PropertyValueSpecification","valueRequired":true,"valueName":"search_term_string"}}],"inLanguage":"nl-NL"},{"@type":"Organization","@id":"https:\/\/hunter-optics.com\/#organization","name":"Jager Optiek","url":"https:\/\/hunter-optics.com\/","logo":{"@type":"ImageObject","inLanguage":"nl-NL","@id":"https:\/\/hunter-optics.com\/#\/schema\/logo\/image\/","url":"https:\/\/hunter-optics.com\/wp-content\/uploads\/2025\/06\/hunter-optics-logo-1.png","contentUrl":"https:\/\/hunter-optics.com\/wp-content\/uploads\/2025\/06\/hunter-optics-logo-1.png","width":937,"height":373,"caption":"Hunter Optics"},"image":{"@id":"https:\/\/hunter-optics.com\/#\/schema\/logo\/image\/"}}]},"product_brand":"Athlon","product_price_amount":"412.99","product_price_currency":"USD","og_availability":"instock","product_availability":"instock","product_condition":"new"},"_links":{"self":[{"href":"https:\/\/hunter-optics.com\/nl\/wp-json\/wp\/v2\/product\/1725","targetHints":{"allow":["GET"]}}],"collection":[{"href":"https:\/\/hunter-optics.com\/nl\/wp-json\/wp\/v2\/product"}],"about":[{"href":"https:\/\/hunter-optics.com\/nl\/wp-json\/wp\/v2\/types\/product"}],"replies":[{"embeddable":true,"href":"https:\/\/hunter-optics.com\/nl\/wp-json\/wp\/v2\/comments?post=1725"}],"version-history":[{"count":3,"href":"https:\/\/hunter-optics.com\/nl\/wp-json\/wp\/v2\/product\/1725\/revisions"}],"predecessor-version":[{"id":1740,"href":"https:\/\/hunter-optics.com\/nl\/wp-json\/wp\/v2\/product\/1725\/revisions\/1740"}],"wp:featuredmedia":[{"embeddable":true,"href":"https:\/\/hunter-optics.com\/nl\/wp-json\/wp\/v2\/media\/1726"}],"wp:attachment":[{"href":"https:\/\/hunter-optics.com\/nl\/wp-json\/wp\/v2\/media?parent=1725"}],"wp:term":[{"taxonomy":"brand","embeddable":true,"href":"https:\/\/hunter-optics.com\/nl\/wp-json\/wp\/v2\/etheme_brands?post=1725"},{"taxonomy":"product_brand","embeddable":true,"href":"https:\/\/hunter-optics.com\/nl\/wp-json\/wp\/v2\/product_brand?post=1725"},{"taxonomy":"product_cat","embeddable":true,"href":"https:\/\/hunter-optics.com\/nl\/wp-json\/wp\/v2\/product_cat?post=1725"},{"taxonomy":"product_tag","embeddable":true,"href":"https:\/\/hunter-optics.com\/nl\/wp-json\/wp\/v2\/product_tag?post=1725"}],"curies":[{"name":"wp","href":"https:\/\/api.w.org\/{rel}","templated":true}]}}