{"id":1696,"date":"2025-08-11T02:33:13","date_gmt":"2025-08-11T02:33:13","guid":{"rendered":"https:\/\/hunter-optics.com\/?post_type=product&#038;p=1696"},"modified":"2025-08-11T07:40:38","modified_gmt":"2025-08-11T07:40:38","slug":"athlon-argos-btr-gen2-8-34x56-apmr-ffp-ir-mil-30mm","status":"publish","type":"product","link":"https:\/\/hunter-optics.com\/nl\/product\/athlon-argos-btr-gen2-8-34x56-apmr-ffp-ir-mil-30mm\/","title":{"rendered":"Athlon ARGOS BTR GEN2 8-34\u00d756 APMR FFP IR MIL 30mm"},"content":{"rendered":"<p><strong><span id=\"link_description\" class=\"border-t border-pbordergreydark text-lg sm:text-xl cursor-pointer font-serif block relative py-4 font-semibold pm-product-tablink grey open\">BESCHRIJVING<\/span><\/strong><\/p>\n<div id=\"target_description\" class=\"w-full py-8 border-t mb-6 text-sm border-pbordergreydark pm-product-content open\">\n<ul>\n<li>Voor degenen die net beginnen met de PRS of willen beginnen, kijk eens goed naar de Argos BTR GEN2 serie richtkijkers.<\/li>\n<li>Deze scopes hebben functies die normaal alleen te vinden zijn op high-end scopes.<\/li>\n<li>Ze hebben een vergroting van 4x waardoor ze veelzijdig zijn in meerdere schietdisciplines.<\/li>\n<li>Ze zijn ook voorzien van een nauwkeurige Ture Zero Stop en Advanced Fully-Multi Coated Optics die een kristalhelder helder beeld leveren in omgevingen met weinig licht.<\/li>\n<li>De Argos BTR GEN2 heeft ook onze exclusieve XPL coating die je lenzen beschermt tegen vuil, vet en barre weersomstandigheden.<\/li>\n<li>De aluminium buis van vliegtuigkwaliteit beschermt deze optiek van wereldklasse, wat je er ook tegenaan gooit.<\/li>\n<\/ul>\n<p><strong>SPECS<\/strong><\/p>\n<\/div>\n<ul>\n<li>Vergroting: 8-34x<\/li>\n<li>Diameter objectieflens: 56 mm<\/li>\n<li>Dradenkruis: APMR FFP IR MIL, glas ge\u00ebtst<\/li>\n<li>Afwerking oppervlak: Mat<\/li>\n<li>Coating lens: Wide Band Volledig Multicoated<\/li>\n<li>Extra coating: Xtra Beschermende Coating<\/li>\n<li>Buismateriaal: Vliegtuigkwaliteit aluminium<\/li>\n<li>Diameter buis: 30 mm<\/li>\n<li>Uittredepupil: 7-1,7 mm<\/li>\n<li>Oogafstand: 3,3 inch<\/li>\n<li>Gezichtsveld op 100 meter: 12,5-3 voet<\/li>\n<li>Klikwaarde: 0,1MIL<\/li>\n<li>Afstelbereik per omwenteling: 6MIL<\/li>\n<li>Totale hoogteaanpassing: 13 MIL<\/li>\n<li>Totale windcorrectie: 13 MIL<\/li>\n<li>Koepelstijl: Blootgesteld<\/li>\n<li>Parallax-aanpassing: Zijdelingse focus - 15 meter tot oneindig<\/li>\n<li>Spoelmateriaal: Argon<\/li>\n<li>Lengte: 15,5 inch<\/li>\n<li>Gewicht: 32 oz<\/li>\n<li>Levenslange garantie<\/li>\n<\/ul>\n<p><strong>KENMERKEN<\/strong><\/p>\n<h4>Eerste brandpuntsvlak Dradenkruis:<\/h4>\n<ul>\n<li>Dankzij het ontwerp met het eerste brandpuntsvlak kun je volledig gebruikmaken van speciaal ontworpen dradenkruizen die krimpen of meegroeien met je doel als je in- of uitzoomt.  Met deze dradenkruizen kun je snel op het doel richten bij een laag vermogen, terwijl je precieze posities kunt innemen met fijnere details.<\/li>\n<\/ul>\n<h4>Verlicht dradenkruis:<\/h4>\n<ul>\n<li>Het verlichte dradenkruis zorgt voor een betere zichtbaarheid bij schemering en dageraad en andere omgevingen met weinig omgevingslicht.<\/li>\n<\/ul>\n<h4>Ge\u00ebtst glas Dradenkruis:<\/h4>\n<ul>\n<li>Dradenkruis ge\u00ebtst op het glas dat uitstekende ondersteuning biedt voor complexe dradenkruisontwerpen en een grote duurzaamheid en veel hogere schokbestendigheid biedt.<\/li>\n<\/ul>\n<h4>Geavanceerd, volledig gecoat:<\/h4>\n<ul>\n<li>Volledig gecoate optiek vermindert effectief gereflecteerd licht en verhoogt de lichttransmissie, waardoor je een helderder beeld krijgt dan bij normale lenzen met een enkele coating.<\/li>\n<\/ul>\n<h4>Nul-stopsysteem met precisie:<\/h4>\n<ul>\n<li>Met het systeem kun je je nulpositie vastzetten en terugdraaien met een scherpe en precieze stop precies op het nulpunt, zelfs als je in het pikkedonker of geblindeerd vouwt.<\/li>\n<\/ul>\n<h4>Aluminium 6061 T6:<\/h4>\n<ul>\n<li>De 6061T6 aluminium buis van vliegtuigkwaliteit, die uitzonderlijk sterk is en een superieure mechanische integriteit heeft, zal deze optiek van wereldklasse beschermen, wat je er ook tegenaan gooit.<\/li>\n<\/ul>\n<h4>Warmtebehandelde buis uit \u00e9\u00e9n stuk:<\/h4>\n<ul>\n<li>Een warmtebehandelde buis uit \u00e9\u00e9n stuk geeft de richtkijker extra stevigheid ten opzichte van meerdelige buizen.  Een buis uit \u00e9\u00e9n stuk houdt ook beter vocht buiten, waardoor je richtkijker mistbestendig blijft gedurende de levensduur van het product.<\/li>\n<\/ul>\n<h4>Waterdicht:<\/h4>\n<ul>\n<li>Waterdicht om de kijker te beschermen in de zwaarste weersomstandigheden of als hij per ongeluk onder water wordt gedompeld.<\/li>\n<\/ul>\n<p><strong>Mistbestendig:<\/strong><\/p>\n<ul>\n<li>Mistbestendig zodat je je doel onmiddellijk kunt raken als je je geweer vanuit de warme binnenruimte naar een koude omgevingstemperatuur brengt.<\/li>\n<\/ul>\n<p><strong>Schokbestendig:<\/strong><\/p>\n<ul>\n<li>Robuust mechanisch systeem met speciale ontwerpen op zowel de besturing als het oprichtsysteem die je de ultieme terugslagweerstand geven om 1000G terugslag 1000 keer te weerstaan.<\/li>\n<\/ul>\n<p><strong>Met argon gezuiverd:<\/strong><\/p>\n<ul>\n<li>Argon Purging gebruikt inertiegas met grotere moleculen om vocht uit de buis te zuiveren, waardoor je een betere waterdichtheid en thermische stabiliteit krijgt.<\/li>\n<\/ul>","protected":false},"excerpt":{"rendered":"<p>Als je op zoek bent naar een top richtkijker, kijk dan eens naar de Argos BTR GEN2 richtkijkers. De Argos BTR GEN2-familie is geweldig voor diegenen die willen beginnen met PRS of andere langeafstandsschietdisciplines. Deze familie richtkijkers heeft FFP- en SFP-modellen, True Precision Zero Stop, volledig multi-gecoate lenzen, Direct Dial Elevation &amp; Windage Turrets (afgetopt in 1-8\u00d724), verlicht dradenkruis, 30mm buis.<\/p>","protected":false},"featured_media":1697,"comment_status":"open","ping_status":"closed","template":"","meta":[],"etheme_brands":[{"term_id":46,"name":"Athlon","slug":"athlon","term_group":0,"term_taxonomy_id":46,"taxonomy":"brand","description":"Athlon is a proud US sports optics product company. Devoted to designing and delivering superior quality optics products and outdoor accessories at a competitive price to our consumers via our distribution and retail channels. Athlon has strong engineering capabilities, strategic alliances with quality manufacturers, and a streamlined fully integrated supply chain. These advantages enable us to bring the latest cutting edge technologies and cut out the extra layers of traditional supply chains. With these advantages we are able to deliver products to consumers with great cost savings. Our goal from day one is to pass those savings to you, the outdoor enthusiast.","parent":0,"count":8,"filter":"raw"}],"product_brand":[],"product_cat":[49],"product_tag":[],"class_list":{"0":"post-1696","1":"product","2":"type-product","3":"status-publish","4":"has-post-thumbnail","6":"brand-athlon","7":"product_cat-rifle-scopes","9":"first","10":"instock","11":"sale","12":"taxable","13":"shipping-taxable","14":"purchasable","15":"product-type-simple"},"yoast_head":"<!-- This site is optimized with the Yoast SEO Premium plugin v25.7.1 (Yoast SEO v27.4) - https:\/\/yoast.com\/product\/yoast-seo-premium-wordpress\/ -->\n<title>Athlon ARGOS BTR GEN2 8-34\u00d756 APMR FFP IR MIL 30mm - Hunter Optics<\/title>\n<meta name=\"description\" content=\"Athlon Argos BTR GEN2 6-24x50 FFP scope features illuminated APLR2 MOA reticle, aircraft-grade aluminum body &amp; true zero-stop. Ideal for precision shooting. Shop now.\" \/>\n<meta name=\"robots\" content=\"index, follow, max-snippet:-1, max-image-preview:large, max-video-preview:-1\" \/>\n<link rel=\"canonical\" href=\"https:\/\/hunter-optics.com\/nl\/product\/athlon-argos-btr-gen2-8-34x56-apmr-ffp-ir-mil-30mm\/\" \/>\n<meta property=\"og:locale\" content=\"nl_NL\" \/>\n<meta property=\"og:type\" content=\"article\" \/>\n<meta property=\"og:title\" content=\"Athlon ARGOS BTR GEN2 8-34\u00d756 APMR FFP IR MIL 30mm\" \/>\n<meta property=\"og:description\" content=\"Athlon Argos BTR GEN2 6-24x50 FFP scope features illuminated APLR2 MOA reticle, aircraft-grade aluminum body &amp; true zero-stop. Ideal for precision shooting. Shop now.\" \/>\n<meta property=\"og:url\" content=\"https:\/\/hunter-optics.com\/nl\/product\/athlon-argos-btr-gen2-8-34x56-apmr-ffp-ir-mil-30mm\/\" \/>\n<meta property=\"og:site_name\" content=\"Hunter Optics\" \/>\n<meta property=\"article:modified_time\" content=\"2025-08-11T07:40:38+00:00\" \/>\n<meta property=\"og:image\" content=\"https:\/\/hunter-optics.com\/wp-content\/uploads\/2025\/08\/Athlon-Argos-BTR-GEN2-8-34x56-FFP-APMR-MIL-IR-Rifle-Scope-1.jpg\" \/>\n\t<meta property=\"og:image:width\" content=\"1200\" \/>\n\t<meta property=\"og:image:height\" content=\"1200\" \/>\n\t<meta property=\"og:image:type\" content=\"image\/jpeg\" \/>\n<meta name=\"twitter:card\" content=\"summary_large_image\" \/>\n<meta name=\"twitter:label1\" content=\"Prijs\" \/>\n\t<meta name=\"twitter:data1\" content=\"&#036;469.99\" \/>\n\t<meta name=\"twitter:label2\" content=\"Beschikbaarheid\" \/>\n\t<meta name=\"twitter:data2\" content=\"Op voorraad\" \/>\n<script type=\"application\/ld+json\" class=\"yoast-schema-graph\">{\"@context\":\"https:\\\/\\\/schema.org\",\"@graph\":[{\"@type\":\"WebPage\",\"@id\":\"https:\\\/\\\/hunter-optics.com\\\/product\\\/athlon-argos-btr-gen2-8-34x56-apmr-ffp-ir-mil-30mm\\\/\",\"url\":\"https:\\\/\\\/hunter-optics.com\\\/product\\\/athlon-argos-btr-gen2-8-34x56-apmr-ffp-ir-mil-30mm\\\/\",\"name\":\"Athlon ARGOS BTR GEN2 8-34\u00d756 APMR FFP IR MIL 30mm - Hunter Optics\",\"isPartOf\":{\"@id\":\"https:\\\/\\\/hunter-optics.com\\\/#website\"},\"primaryImageOfPage\":{\"@id\":\"https:\\\/\\\/hunter-optics.com\\\/product\\\/athlon-argos-btr-gen2-8-34x56-apmr-ffp-ir-mil-30mm\\\/#primaryimage\"},\"image\":{\"@id\":\"https:\\\/\\\/hunter-optics.com\\\/product\\\/athlon-argos-btr-gen2-8-34x56-apmr-ffp-ir-mil-30mm\\\/#primaryimage\"},\"thumbnailUrl\":\"https:\\\/\\\/hunter-optics.com\\\/wp-content\\\/uploads\\\/2025\\\/08\\\/Athlon-Argos-BTR-GEN2-8-34x56-FFP-APMR-MIL-IR-Rifle-Scope-1.jpg\",\"datePublished\":\"2025-08-11T02:33:13+00:00\",\"dateModified\":\"2025-08-11T07:40:38+00:00\",\"description\":\"Athlon Argos BTR GEN2 6-24x50 FFP scope features illuminated APLR2 MOA reticle, aircraft-grade aluminum body & true zero-stop. Ideal for precision shooting. Shop now.\",\"breadcrumb\":{\"@id\":\"https:\\\/\\\/hunter-optics.com\\\/product\\\/athlon-argos-btr-gen2-8-34x56-apmr-ffp-ir-mil-30mm\\\/#breadcrumb\"},\"inLanguage\":\"nl-NL\",\"potentialAction\":[{\"@type\":\"ReadAction\",\"target\":[\"https:\\\/\\\/hunter-optics.com\\\/product\\\/athlon-argos-btr-gen2-8-34x56-apmr-ffp-ir-mil-30mm\\\/\"]}]},{\"@type\":\"ImageObject\",\"inLanguage\":\"nl-NL\",\"@id\":\"https:\\\/\\\/hunter-optics.com\\\/product\\\/athlon-argos-btr-gen2-8-34x56-apmr-ffp-ir-mil-30mm\\\/#primaryimage\",\"url\":\"https:\\\/\\\/hunter-optics.com\\\/wp-content\\\/uploads\\\/2025\\\/08\\\/Athlon-Argos-BTR-GEN2-8-34x56-FFP-APMR-MIL-IR-Rifle-Scope-1.jpg\",\"contentUrl\":\"https:\\\/\\\/hunter-optics.com\\\/wp-content\\\/uploads\\\/2025\\\/08\\\/Athlon-Argos-BTR-GEN2-8-34x56-FFP-APMR-MIL-IR-Rifle-Scope-1.jpg\",\"width\":1200,\"height\":1200,\"caption\":\"Athlon Argos BTR GEN2 8-34x56 FFP APMR MIL IR Rifle Scope\"},{\"@type\":\"BreadcrumbList\",\"@id\":\"https:\\\/\\\/hunter-optics.com\\\/product\\\/athlon-argos-btr-gen2-8-34x56-apmr-ffp-ir-mil-30mm\\\/#breadcrumb\",\"itemListElement\":[{\"@type\":\"ListItem\",\"position\":1,\"name\":\"Home\",\"item\":\"https:\\\/\\\/hunter-optics.com\\\/\"},{\"@type\":\"ListItem\",\"position\":2,\"name\":\"Products\",\"item\":\"https:\\\/\\\/hunter-optics.com\\\/shop\\\/\"},{\"@type\":\"ListItem\",\"position\":3,\"name\":\"Athlon ARGOS BTR GEN2 8-34\u00d756 APMR FFP IR MIL 30mm\"}]},{\"@type\":\"WebSite\",\"@id\":\"https:\\\/\\\/hunter-optics.com\\\/#website\",\"url\":\"https:\\\/\\\/hunter-optics.com\\\/\",\"name\":\"Hunter Optics\",\"description\":\"Hunter Optics \u2014 Your Eye on the Target.\",\"publisher\":{\"@id\":\"https:\\\/\\\/hunter-optics.com\\\/#organization\"},\"potentialAction\":[{\"@type\":\"SearchAction\",\"target\":{\"@type\":\"EntryPoint\",\"urlTemplate\":\"https:\\\/\\\/hunter-optics.com\\\/?s={search_term_string}\"},\"query-input\":{\"@type\":\"PropertyValueSpecification\",\"valueRequired\":true,\"valueName\":\"search_term_string\"}}],\"inLanguage\":\"nl-NL\"},{\"@type\":\"Organization\",\"@id\":\"https:\\\/\\\/hunter-optics.com\\\/#organization\",\"name\":\"Hunter Optics\",\"url\":\"https:\\\/\\\/hunter-optics.com\\\/\",\"logo\":{\"@type\":\"ImageObject\",\"inLanguage\":\"nl-NL\",\"@id\":\"https:\\\/\\\/hunter-optics.com\\\/#\\\/schema\\\/logo\\\/image\\\/\",\"url\":\"https:\\\/\\\/hunter-optics.com\\\/wp-content\\\/uploads\\\/2025\\\/06\\\/hunter-optics-logo-1.png\",\"contentUrl\":\"https:\\\/\\\/hunter-optics.com\\\/wp-content\\\/uploads\\\/2025\\\/06\\\/hunter-optics-logo-1.png\",\"width\":937,\"height\":373,\"caption\":\"Hunter Optics\"},\"image\":{\"@id\":\"https:\\\/\\\/hunter-optics.com\\\/#\\\/schema\\\/logo\\\/image\\\/\"}}]}<\/script>\n<meta property=\"product:brand\" content=\"Athlon\" \/>\n<meta property=\"product:price:amount\" content=\"469.99\" \/>\n<meta property=\"product:price:currency\" content=\"USD\" \/>\n<meta property=\"og:availability\" content=\"instock\" \/>\n<meta property=\"product:availability\" content=\"instock\" \/>\n<meta property=\"product:condition\" content=\"new\" \/>\n<!-- \/ Yoast SEO Premium plugin. -->","yoast_head_json":{"title":"Athlon ARGOS BTR GEN2 8-34\u00d756 APMR FFP IR MIL 30mm - Jager Optiek","description":"Athlon Argos BTR GEN2 6-24x50 FFP richtkijker met verlicht APLR2 MOA dradenkruis, aluminium behuizing van vliegtuigkwaliteit en echte nul-stop. Ideaal voor precisieschieten. Nu winkelen.","robots":{"index":"index","follow":"follow","max-snippet":"max-snippet:-1","max-image-preview":"max-image-preview:large","max-video-preview":"max-video-preview:-1"},"canonical":"https:\/\/hunter-optics.com\/nl\/product\/athlon-argos-btr-gen2-8-34x56-apmr-ffp-ir-mil-30mm\/","og_locale":"nl_NL","og_type":"article","og_title":"Athlon ARGOS BTR GEN2 8-34\u00d756 APMR FFP IR MIL 30mm","og_description":"Athlon Argos BTR GEN2 6-24x50 FFP scope features illuminated APLR2 MOA reticle, aircraft-grade aluminum body & true zero-stop. Ideal for precision shooting. Shop now.","og_url":"https:\/\/hunter-optics.com\/nl\/product\/athlon-argos-btr-gen2-8-34x56-apmr-ffp-ir-mil-30mm\/","og_site_name":"Hunter Optics","article_modified_time":"2025-08-11T07:40:38+00:00","og_image":[{"width":1200,"height":1200,"url":"https:\/\/hunter-optics.com\/wp-content\/uploads\/2025\/08\/Athlon-Argos-BTR-GEN2-8-34x56-FFP-APMR-MIL-IR-Rifle-Scope-1.jpg","type":"image\/jpeg"}],"twitter_card":"summary_large_image","twitter_misc":{"Prijs":"&#36;469.99","Beschikbaarheid":"Op voorraad"},"schema":{"@context":"https:\/\/schema.org","@graph":[{"@type":"WebPage","@id":"https:\/\/hunter-optics.com\/product\/athlon-argos-btr-gen2-8-34x56-apmr-ffp-ir-mil-30mm\/","url":"https:\/\/hunter-optics.com\/product\/athlon-argos-btr-gen2-8-34x56-apmr-ffp-ir-mil-30mm\/","name":"Athlon ARGOS BTR GEN2 8-34\u00d756 APMR FFP IR MIL 30mm - Jager Optiek","isPartOf":{"@id":"https:\/\/hunter-optics.com\/#website"},"primaryImageOfPage":{"@id":"https:\/\/hunter-optics.com\/product\/athlon-argos-btr-gen2-8-34x56-apmr-ffp-ir-mil-30mm\/#primaryimage"},"image":{"@id":"https:\/\/hunter-optics.com\/product\/athlon-argos-btr-gen2-8-34x56-apmr-ffp-ir-mil-30mm\/#primaryimage"},"thumbnailUrl":"https:\/\/hunter-optics.com\/wp-content\/uploads\/2025\/08\/Athlon-Argos-BTR-GEN2-8-34x56-FFP-APMR-MIL-IR-Rifle-Scope-1.jpg","datePublished":"2025-08-11T02:33:13+00:00","dateModified":"2025-08-11T07:40:38+00:00","description":"Athlon Argos BTR GEN2 6-24x50 FFP richtkijker met verlicht APLR2 MOA dradenkruis, aluminium behuizing van vliegtuigkwaliteit en echte nul-stop. Ideaal voor precisieschieten. Nu winkelen.","breadcrumb":{"@id":"https:\/\/hunter-optics.com\/product\/athlon-argos-btr-gen2-8-34x56-apmr-ffp-ir-mil-30mm\/#breadcrumb"},"inLanguage":"nl-NL","potentialAction":[{"@type":"ReadAction","target":["https:\/\/hunter-optics.com\/product\/athlon-argos-btr-gen2-8-34x56-apmr-ffp-ir-mil-30mm\/"]}]},{"@type":"ImageObject","inLanguage":"nl-NL","@id":"https:\/\/hunter-optics.com\/product\/athlon-argos-btr-gen2-8-34x56-apmr-ffp-ir-mil-30mm\/#primaryimage","url":"https:\/\/hunter-optics.com\/wp-content\/uploads\/2025\/08\/Athlon-Argos-BTR-GEN2-8-34x56-FFP-APMR-MIL-IR-Rifle-Scope-1.jpg","contentUrl":"https:\/\/hunter-optics.com\/wp-content\/uploads\/2025\/08\/Athlon-Argos-BTR-GEN2-8-34x56-FFP-APMR-MIL-IR-Rifle-Scope-1.jpg","width":1200,"height":1200,"caption":"Athlon Argos BTR GEN2 8-34x56 FFP APMR MIL IR Rifle Scope"},{"@type":"BreadcrumbList","@id":"https:\/\/hunter-optics.com\/product\/athlon-argos-btr-gen2-8-34x56-apmr-ffp-ir-mil-30mm\/#breadcrumb","itemListElement":[{"@type":"ListItem","position":1,"name":"Home","item":"https:\/\/hunter-optics.com\/"},{"@type":"ListItem","position":2,"name":"Products","item":"https:\/\/hunter-optics.com\/shop\/"},{"@type":"ListItem","position":3,"name":"Athlon ARGOS BTR GEN2 8-34\u00d756 APMR FFP IR MIL 30mm"}]},{"@type":"WebSite","@id":"https:\/\/hunter-optics.com\/#website","url":"https:\/\/hunter-optics.com\/","name":"Jager Optiek","description":"Hunter Optics - Je oog op het doel.","publisher":{"@id":"https:\/\/hunter-optics.com\/#organization"},"potentialAction":[{"@type":"SearchAction","target":{"@type":"EntryPoint","urlTemplate":"https:\/\/hunter-optics.com\/?s={search_term_string}"},"query-input":{"@type":"PropertyValueSpecification","valueRequired":true,"valueName":"search_term_string"}}],"inLanguage":"nl-NL"},{"@type":"Organization","@id":"https:\/\/hunter-optics.com\/#organization","name":"Jager Optiek","url":"https:\/\/hunter-optics.com\/","logo":{"@type":"ImageObject","inLanguage":"nl-NL","@id":"https:\/\/hunter-optics.com\/#\/schema\/logo\/image\/","url":"https:\/\/hunter-optics.com\/wp-content\/uploads\/2025\/06\/hunter-optics-logo-1.png","contentUrl":"https:\/\/hunter-optics.com\/wp-content\/uploads\/2025\/06\/hunter-optics-logo-1.png","width":937,"height":373,"caption":"Hunter Optics"},"image":{"@id":"https:\/\/hunter-optics.com\/#\/schema\/logo\/image\/"}}]},"product_brand":"Athlon","product_price_amount":"469.99","product_price_currency":"USD","og_availability":"instock","product_availability":"instock","product_condition":"new"},"_links":{"self":[{"href":"https:\/\/hunter-optics.com\/nl\/wp-json\/wp\/v2\/product\/1696","targetHints":{"allow":["GET"]}}],"collection":[{"href":"https:\/\/hunter-optics.com\/nl\/wp-json\/wp\/v2\/product"}],"about":[{"href":"https:\/\/hunter-optics.com\/nl\/wp-json\/wp\/v2\/types\/product"}],"replies":[{"embeddable":true,"href":"https:\/\/hunter-optics.com\/nl\/wp-json\/wp\/v2\/comments?post=1696"}],"version-history":[{"count":7,"href":"https:\/\/hunter-optics.com\/nl\/wp-json\/wp\/v2\/product\/1696\/revisions"}],"predecessor-version":[{"id":1743,"href":"https:\/\/hunter-optics.com\/nl\/wp-json\/wp\/v2\/product\/1696\/revisions\/1743"}],"wp:featuredmedia":[{"embeddable":true,"href":"https:\/\/hunter-optics.com\/nl\/wp-json\/wp\/v2\/media\/1697"}],"wp:attachment":[{"href":"https:\/\/hunter-optics.com\/nl\/wp-json\/wp\/v2\/media?parent=1696"}],"wp:term":[{"taxonomy":"brand","embeddable":true,"href":"https:\/\/hunter-optics.com\/nl\/wp-json\/wp\/v2\/etheme_brands?post=1696"},{"taxonomy":"product_brand","embeddable":true,"href":"https:\/\/hunter-optics.com\/nl\/wp-json\/wp\/v2\/product_brand?post=1696"},{"taxonomy":"product_cat","embeddable":true,"href":"https:\/\/hunter-optics.com\/nl\/wp-json\/wp\/v2\/product_cat?post=1696"},{"taxonomy":"product_tag","embeddable":true,"href":"https:\/\/hunter-optics.com\/nl\/wp-json\/wp\/v2\/product_tag?post=1696"}],"curies":[{"name":"wp","href":"https:\/\/api.w.org\/{rel}","templated":true}]}}