{"id":1212,"date":"2025-07-02T09:16:51","date_gmt":"2025-07-02T09:16:51","guid":{"rendered":"https:\/\/hunter-optics.com\/?post_type=product&#038;p=1212"},"modified":"2025-07-24T08:53:04","modified_gmt":"2025-07-24T08:53:04","slug":"riton-1-oer-4-16x44","status":"publish","type":"product","link":"https:\/\/hunter-optics.com\/nl\/product\/riton-1-oer-4-16x44\/","title":{"rendered":"Riton 1 PRIMAL 4-16\u00d744"},"content":{"rendered":"<h3 id=\"brxe-wmwgnk\" class=\"brxe-heading h4\">FOCUS OP FUNCTIE<\/h3>\n<div id=\"brxe-hqsamv\" class=\"brxe-text-basic tir-video__subtitle\">1 OER 4-16\u00d744<\/div>\n<div id=\"brxe-uenhta\" class=\"brxe-text prod-video__txt\">\n<p><strong>EEN DUIDELIJK ZICHT OP AFSTAND<\/strong><\/p>\n<p>De 1 Primal-serie maakt gebruik van een volledig multi-coated optisch systeem in de hele richtkijker. Het resultaat is een duidelijker, helderder zicht op je doel, bescherming tegen de elementen en het vermogen om te presteren in het veld tijdens situaties met weinig licht waar het succes van je seizoen van afhangt.<\/p>\n<p><strong>AANPASSING DIE JE KUNT ZIEN EN VOELEN<\/strong><\/p>\n<p>Met\u00a0<strong>1 oer 4-16\u00d744<\/strong>\u00a0afstellen is eenvoudig. Met \u00bc MOA afstelling en tactiele turrets is het afstellen van je optic een fluitje van een cent. Stel je optiek \u00e9\u00e9n keer af en je bent klaar om een leven lang trofee\u00ebn te vangen.<\/p>\n<p><strong>SCHONE, SCHERPE, BRUIKBARE DRADENKRUIZEN<\/strong><\/p>\n<p>In de 1 Primal-lijn vind je dradenkruizen die helder en duidelijk zijn en klaar voor elk type jacht. Of je nu op zoek bent naar een dradenkruis met MOA hold overs voor snelle aanpassingen bij het nemen van dat lange afstand schot, of een traditionele duplex voor het nemen van die intense, in-your-lap shots, de 1 Primal lijn van optiek is voor jou.<\/p>\n<p><strong>UW PAS HOUDEN<\/strong><\/p>\n<p>Als je de vergroting moet aanpassen, wil je dat snel en gemakkelijk kunnen doen, zonder te hoeven rommelen met de juiste vergroting. De 1 Primal Series maakt dat gemakkelijk met een ge\u00efntegreerde gooihendel die je gemakkelijk kunt manipuleren, zelfs met handschoenen aan of in natte omstandigheden.<\/p>\n<p>DRADENKRUIS INFORMATIE<\/p>\n<h3 id=\"brxe-ztlivr\" class=\"brxe-heading prod-tabs__title\">Dradenkruisinformatie:<\/h3>\n<p id=\"brxe-grjall\" class=\"brxe-text-basic prod-reticle-name\">RETICLE: RUT<\/p>\n<div id=\"brxe-rkyybx\" class=\"brxe-text-basic prod-ret__txt\">\n<p>De\u00a0<strong>RUT dradenkruis<\/strong>\u00a0is perfect voor de veelzijdige jager. Met verbeterde overlevingspunten voor een grotere richtflexibiliteit, garandeert het nauwkeurig schieten op lange afstand met behoud van een gebruiksvriendelijk center dot-ontwerp. Perfect geschikt voor dynamische jachtsituaties.<\/p>\n<h3 id=\"brxe-qcmket\" class=\"brxe-heading prod-tabs__title\">Belangrijkste kenmerken:<\/h3>\n<div id=\"brxe-pnyzeh\" class=\"brxe-block prod-tab-feature\">\n<div class=\"brxe-xfsvub brxe-block prod-tab-key-loop\"><img loading=\"lazy\" decoding=\"async\" class=\"brxe-rtihxw brxe-image prod-feature__icon css-filter size-full\" src=\"https:\/\/ritonoptics.com\/wp-content\/uploads\/dry-nitrogen-purged-and-sealed-1.png\" alt=\"\" width=\"72\" height=\"74\" \/><\/p>\n<div class=\"brxe-anynyj brxe-div\">\n<p class=\"brxe-abizyp brxe-text-basic prod-feature__title\">Droge stikstof doorgeblazen en verzegeld<\/p>\n<p class=\"brxe-lprtvs brxe-text-basic prod-feature__txt\">Met stikstofgas wordt de optiek gespoeld en afgedicht om optimale prestaties te garanderen in alle weersomstandigheden gedurende de levensduur van de...<\/p>\n<\/div>\n<\/div>\n<div class=\"brxe-xfsvub brxe-block prod-tab-key-loop\"><img loading=\"lazy\" decoding=\"async\" class=\"brxe-rtihxw brxe-image prod-feature__icon css-filter size-full\" src=\"https:\/\/ritonoptics.com\/wp-content\/uploads\/precision-quality-1.png\" alt=\"\" width=\"72\" height=\"74\" \/><\/p>\n<div class=\"brxe-anynyj brxe-div\">\n<p class=\"brxe-abizyp brxe-text-basic prod-feature__title\">Precisie kwaliteitsborging<\/p>\n<p class=\"brxe-lprtvs brxe-text-basic prod-feature__txt\">Elk Riton product ondergaat een streng kwaliteitscontroleproces door gecertificeerde technici in Tucson, AZ. Elk product dat je ontvangt heeft...<\/p>\n<\/div>\n<\/div>\n<div class=\"brxe-xfsvub brxe-block prod-tab-key-loop\"><img loading=\"lazy\" decoding=\"async\" class=\"brxe-rtihxw brxe-image prod-feature__icon css-filter size-full\" src=\"https:\/\/ritonoptics.com\/wp-content\/uploads\/hd-glass-1.png\" alt=\"\" width=\"72\" height=\"74\" \/><\/p>\n<div class=\"brxe-anynyj brxe-div\">\n<p class=\"brxe-abizyp brxe-text-basic prod-feature__title\">Riton HD Glas<\/p>\n<p class=\"brxe-lprtvs brxe-text-basic prod-feature__txt\">Het Riton High Density (HD) glas levert 99,5% lichttransmissie voor een verbeterde helderheid en een optimaal zichtbeeld.<\/p>\n<\/div>\n<\/div>\n<div class=\"brxe-xfsvub brxe-block prod-tab-key-loop\"><img loading=\"lazy\" decoding=\"async\" class=\"brxe-rtihxw brxe-image prod-feature__icon css-filter size-full\" src=\"https:\/\/ritonoptics.com\/wp-content\/uploads\/performance-coating-1.png\" alt=\"\" width=\"72\" height=\"74\" \/><\/p>\n<div class=\"brxe-anynyj brxe-div\">\n<p class=\"brxe-abizyp brxe-text-basic prod-feature__title\">Riton Performance Coating<\/p>\n<p class=\"brxe-lprtvs brxe-text-basic prod-feature__txt\">Alle Riton-optieken zijn voorzien van eigen, volledig meervoudig gecoate lenzen en hebben een laag licht, volledige breedband, antikras en antireflectiecoating voor...<\/p>\n<\/div>\n<\/div>\n<div class=\"brxe-xfsvub brxe-block prod-tab-key-loop\"><img loading=\"lazy\" decoding=\"async\" class=\"brxe-rtihxw brxe-image prod-feature__icon css-filter size-full\" src=\"https:\/\/ritonoptics.com\/wp-content\/uploads\/rugged-construction-1.png\" alt=\"\" width=\"72\" height=\"74\" \/><\/p>\n<div class=\"brxe-anynyj brxe-div\">\n<p class=\"brxe-abizyp brxe-text-basic prod-feature__title\">Riton Robuuste Constructie<\/p>\n<p class=\"brxe-lprtvs brxe-text-basic prod-feature__txt\">De Riton Rugged Construction maakt gebruik van 6061-T6 aluminium van vliegtuigkwaliteit, CNC-bewerkte buizen uit \u00e9\u00e9n stuk en Type III Hard Coat Anodize....<\/p>\n<\/div>\n<\/div>\n<div class=\"brxe-xfsvub brxe-block prod-tab-key-loop\"><img loading=\"lazy\" decoding=\"async\" class=\"brxe-rtihxw brxe-image prod-feature__icon css-filter size-full\" src=\"https:\/\/ritonoptics.com\/wp-content\/uploads\/airgun-approved-1.png\" alt=\"\" width=\"72\" height=\"74\" \/><\/p>\n<div class=\"brxe-anynyj brxe-div\">\n<p class=\"brxe-abizyp brxe-text-basic prod-feature__title\">Luchtbuks Goedgekeurd<\/p>\n<p class=\"brxe-lprtvs brxe-text-basic prod-feature__txt\">De richtkijkers van Riton zijn zeer geschikt voor gebruik met luchtdrukwapens en bieden duurzaamheid en een uitstekende optische helderheid. Ontworpen om de unieke terugslag...<\/p>\n<h3 id=\"brxe-qzyxzy\" class=\"brxe-heading prod-tabs__title\">Volledige specificaties:<\/h3>\n<div class=\"brxe-zlpnap brxe-block prod-tab-spec-loop\">\n<p class=\"brxe-ibnnrs brxe-text-basic tab-spec__value\">Vergroting: 4-16<\/p>\n<\/div>\n<div class=\"brxe-zlpnap brxe-block prod-tab-spec-loop\">\n<p class=\"brxe-ibnnrs brxe-text-basic tab-spec__value\">Parallax Aanpassing:10 - oneindig<\/p>\n<\/div>\n<div class=\"brxe-zlpnap brxe-block prod-tab-spec-loop\">\n<p class=\"brxe-ibnnrs brxe-text-basic tab-spec__value\">Buisdiameter:1in<\/p>\n<\/div>\n<div class=\"brxe-zlpnap brxe-block prod-tab-spec-loop\">\n<p class=\"brxe-ibnnrs brxe-text-basic tab-spec__value\">Diameter objectieflens: 44mm<\/p>\n<\/div>\n<div class=\"brxe-zlpnap brxe-block prod-tab-spec-loop\">\n<p class=\"brxe-ibnnrs brxe-text-basic tab-spec__value\">Brandpuntsvlak: Tweede brandpuntsvlak<\/p>\n<\/div>\n<div class=\"brxe-zlpnap brxe-block prod-tab-spec-loop\">\n<p class=\"brxe-ibnnrs brxe-text-basic tab-spec__value\">Lenscoating: Volledig multi-gecoat, volledige breedband, waterbestendig gecoat, verbetering bij weinig licht<\/p>\n<\/div>\n<div class=\"brxe-zlpnap brxe-block prod-tab-spec-loop\">\n<p class=\"brxe-ibnnrs brxe-text-basic tab-spec__value\">Dradenkruis:RUT<\/p>\n<\/div>\n<div class=\"brxe-zlpnap brxe-block prod-tab-spec-loop\">\n<p class=\"brxe-ibnnrs brxe-text-basic tab-spec__value\">Gezichtsveld op 100 meter: 24,1ft - 6,3ft<\/p>\n<\/div>\n<div class=\"brxe-zlpnap brxe-block prod-tab-spec-loop\">\n<p class=\"brxe-ibnnrs brxe-text-basic tab-spec__value\">Materiaal: 6061-T6<\/p>\n<\/div>\n<div class=\"brxe-zlpnap brxe-block prod-tab-spec-loop\">\n<p class=\"brxe-ibnnrs brxe-text-basic tab-spec__value\">Oogafstand: 3,9 inch\/100 mm<\/p>\n<\/div>\n<div class=\"brxe-zlpnap brxe-block prod-tab-spec-loop\">\n<p class=\"brxe-ibnnrs brxe-text-basic tab-spec__value\">Uittredepupil: Laag 11 mm - 2,8 mm<\/p>\n<\/div>\n<div class=\"brxe-zlpnap brxe-block prod-tab-spec-loop\">\n<p class=\"brxe-ibnnrs brxe-text-basic tab-spec__value\">Klikwaarde op 100 meter: 1\/4 MOA<\/p>\n<\/div>\n<div class=\"brxe-zlpnap brxe-block prod-tab-spec-loop\">\n<p class=\"brxe-ibnnrs brxe-text-basic tab-spec__value\">Aanpassingsbereik: 80 MOA<\/p>\n<\/div>\n<div class=\"brxe-zlpnap brxe-block prod-tab-spec-loop\">\n<p class=\"brxe-ibnnrs brxe-text-basic tab-spec__value\">Montagelengte: 5,5 inch\/140 mm<\/p>\n<\/div>\n<div class=\"brxe-zlpnap brxe-block prod-tab-spec-loop\">\n<p class=\"brxe-ibnnrs brxe-text-basic tab-spec__value\">Length:13.13in\/333.5mm<\/p>\n<\/div>\n<div class=\"brxe-zlpnap brxe-block prod-tab-spec-loop\">\n<p class=\"brxe-ibnnrs brxe-text-basic tab-spec__value\">Gewicht: 25,6 kg<\/p>\n<\/div>\n<div class=\"brxe-zlpnap brxe-block prod-tab-spec-loop\">\n<p class=\"brxe-ibnnrs brxe-text-basic tab-spec__value\">Meegeleverde accessoires: opklapbare lenshoezen, lensdoek, inbussleutel<\/p>\n<\/div>\n<\/div>\n<\/div>\n<\/div>\n<\/div>\n<\/div>","protected":false},"excerpt":{"rendered":"<div id=\"brxe-hxkylx\" class=\"brxe-product-short-description prod-single__txt\">\n<div class=\"woocommerce-product-details__short-description\">\n<p>De\u00a0<strong>1 oer 4-16\u00d744<\/strong>\u00a0van Riton houdt de focus op functionele prestaties met een rechttoe rechtaan platform dat perfect is voor je tijd in het bos. Als je betrouwbare prestaties en kwaliteitsoptiek wilt die je het zicht geven dat je nodig hebt als het tijd is om je tag te vullen, dan levert de 1 Primal richtkijkerlijn precies dat, en voor minder dan je zou verwachten.<\/p>\n<\/div>\n<\/div>\n<div id=\"brxe-qywdiz\" class=\"brxe-divider divider-wide-grey horizontal\"><\/div>","protected":false},"featured_media":1216,"comment_status":"open","ping_status":"closed","template":"","meta":[],"etheme_brands":[{"term_id":44,"name":"Riton","slug":"riton","term_group":0,"term_taxonomy_id":44,"taxonomy":"brand","description":"","parent":0,"count":18,"filter":"raw"}],"product_brand":[],"product_cat":[49],"product_tag":[],"class_list":{"0":"post-1212","1":"product","2":"type-product","3":"status-publish","4":"has-post-thumbnail","6":"brand-riton","7":"product_cat-rifle-scopes","9":"first","10":"instock","11":"sale","12":"taxable","13":"shipping-taxable","14":"purchasable","15":"product-type-simple"},"yoast_head":"<!-- This site is optimized with the Yoast SEO Premium plugin v25.7.1 (Yoast SEO v27.4) - https:\/\/yoast.com\/product\/yoast-seo-premium-wordpress\/ -->\n<title>Riton 1 PRIMAL 4-16\u00d744 - Hunter Optics<\/title>\n<meta name=\"robots\" content=\"index, follow, max-snippet:-1, max-image-preview:large, max-video-preview:-1\" \/>\n<link rel=\"canonical\" href=\"https:\/\/hunter-optics.com\/nl\/product\/riton-1-oer-4-16x44\/\" \/>\n<meta property=\"og:locale\" content=\"nl_NL\" \/>\n<meta property=\"og:type\" content=\"article\" \/>\n<meta property=\"og:title\" content=\"Riton 1 PRIMAL 4-16\u00d744\" \/>\n<meta property=\"og:description\" content=\"The\u00a01 Primal 4-16\u00d744\u00a0from Riton keeps the focus on functional performance with a straightforward platform that\u2019s perfect for your time in the woods. When you want reliable performance and quality optics that give you the sight picture you need when it comes time to fill your tag, the 1 Primal scope line delivers exactly that, and for less than you would expect.\" \/>\n<meta property=\"og:url\" content=\"https:\/\/hunter-optics.com\/nl\/product\/riton-1-oer-4-16x44\/\" \/>\n<meta property=\"og:site_name\" content=\"Hunter Optics\" \/>\n<meta property=\"article:modified_time\" content=\"2025-07-24T08:53:04+00:00\" \/>\n<meta property=\"og:image\" content=\"https:\/\/hunter-optics.com\/wp-content\/uploads\/2025\/07\/1-Primal-4-16x44-v2-angled-02.webp\" \/>\n\t<meta property=\"og:image:width\" content=\"876\" \/>\n\t<meta property=\"og:image:height\" content=\"876\" \/>\n\t<meta property=\"og:image:type\" content=\"image\/webp\" \/>\n<meta name=\"twitter:card\" content=\"summary_large_image\" \/>\n<meta name=\"twitter:label1\" content=\"Prijs\" \/>\n\t<meta name=\"twitter:data1\" content=\"&#036;269.99\" \/>\n\t<meta name=\"twitter:label2\" content=\"Beschikbaarheid\" \/>\n\t<meta name=\"twitter:data2\" content=\"Op voorraad\" \/>\n<script type=\"application\/ld+json\" class=\"yoast-schema-graph\">{\"@context\":\"https:\\\/\\\/schema.org\",\"@graph\":[{\"@type\":\"WebPage\",\"@id\":\"https:\\\/\\\/hunter-optics.com\\\/product\\\/riton-1-primal-4-16x44\\\/\",\"url\":\"https:\\\/\\\/hunter-optics.com\\\/product\\\/riton-1-primal-4-16x44\\\/\",\"name\":\"Riton 1 PRIMAL 4-16\u00d744 - Hunter Optics\",\"isPartOf\":{\"@id\":\"https:\\\/\\\/hunter-optics.com\\\/#website\"},\"primaryImageOfPage\":{\"@id\":\"https:\\\/\\\/hunter-optics.com\\\/product\\\/riton-1-primal-4-16x44\\\/#primaryimage\"},\"image\":{\"@id\":\"https:\\\/\\\/hunter-optics.com\\\/product\\\/riton-1-primal-4-16x44\\\/#primaryimage\"},\"thumbnailUrl\":\"https:\\\/\\\/hunter-optics.com\\\/wp-content\\\/uploads\\\/2025\\\/07\\\/1-Primal-4-16x44-v2-angled-02.webp\",\"datePublished\":\"2025-07-02T09:16:51+00:00\",\"dateModified\":\"2025-07-24T08:53:04+00:00\",\"breadcrumb\":{\"@id\":\"https:\\\/\\\/hunter-optics.com\\\/product\\\/riton-1-primal-4-16x44\\\/#breadcrumb\"},\"inLanguage\":\"nl-NL\",\"potentialAction\":[{\"@type\":\"ReadAction\",\"target\":[\"https:\\\/\\\/hunter-optics.com\\\/product\\\/riton-1-primal-4-16x44\\\/\"]}]},{\"@type\":\"ImageObject\",\"inLanguage\":\"nl-NL\",\"@id\":\"https:\\\/\\\/hunter-optics.com\\\/product\\\/riton-1-primal-4-16x44\\\/#primaryimage\",\"url\":\"https:\\\/\\\/hunter-optics.com\\\/wp-content\\\/uploads\\\/2025\\\/07\\\/1-Primal-4-16x44-v2-angled-02.webp\",\"contentUrl\":\"https:\\\/\\\/hunter-optics.com\\\/wp-content\\\/uploads\\\/2025\\\/07\\\/1-Primal-4-16x44-v2-angled-02.webp\",\"width\":876,\"height\":876},{\"@type\":\"BreadcrumbList\",\"@id\":\"https:\\\/\\\/hunter-optics.com\\\/product\\\/riton-1-primal-4-16x44\\\/#breadcrumb\",\"itemListElement\":[{\"@type\":\"ListItem\",\"position\":1,\"name\":\"Home\",\"item\":\"https:\\\/\\\/hunter-optics.com\\\/\"},{\"@type\":\"ListItem\",\"position\":2,\"name\":\"Products\",\"item\":\"https:\\\/\\\/hunter-optics.com\\\/shop\\\/\"},{\"@type\":\"ListItem\",\"position\":3,\"name\":\"Riton 1 PRIMAL 4-16\u00d744\"}]},{\"@type\":\"WebSite\",\"@id\":\"https:\\\/\\\/hunter-optics.com\\\/#website\",\"url\":\"https:\\\/\\\/hunter-optics.com\\\/\",\"name\":\"Hunter Optics\",\"description\":\"Hunter Optics \u2014 Your Eye on the Target.\",\"publisher\":{\"@id\":\"https:\\\/\\\/hunter-optics.com\\\/#organization\"},\"potentialAction\":[{\"@type\":\"SearchAction\",\"target\":{\"@type\":\"EntryPoint\",\"urlTemplate\":\"https:\\\/\\\/hunter-optics.com\\\/?s={search_term_string}\"},\"query-input\":{\"@type\":\"PropertyValueSpecification\",\"valueRequired\":true,\"valueName\":\"search_term_string\"}}],\"inLanguage\":\"nl-NL\"},{\"@type\":\"Organization\",\"@id\":\"https:\\\/\\\/hunter-optics.com\\\/#organization\",\"name\":\"Hunter Optics\",\"url\":\"https:\\\/\\\/hunter-optics.com\\\/\",\"logo\":{\"@type\":\"ImageObject\",\"inLanguage\":\"nl-NL\",\"@id\":\"https:\\\/\\\/hunter-optics.com\\\/#\\\/schema\\\/logo\\\/image\\\/\",\"url\":\"https:\\\/\\\/hunter-optics.com\\\/wp-content\\\/uploads\\\/2025\\\/06\\\/hunter-optics-logo-1.png\",\"contentUrl\":\"https:\\\/\\\/hunter-optics.com\\\/wp-content\\\/uploads\\\/2025\\\/06\\\/hunter-optics-logo-1.png\",\"width\":937,\"height\":373,\"caption\":\"Hunter Optics\"},\"image\":{\"@id\":\"https:\\\/\\\/hunter-optics.com\\\/#\\\/schema\\\/logo\\\/image\\\/\"}}]}<\/script>\n<meta property=\"product:brand\" content=\"Riton\" \/>\n<meta property=\"product:price:amount\" content=\"269.99\" \/>\n<meta property=\"product:price:currency\" content=\"USD\" \/>\n<meta property=\"og:availability\" content=\"instock\" \/>\n<meta property=\"product:availability\" content=\"instock\" \/>\n<meta property=\"product:condition\" content=\"new\" \/>\n<!-- \/ Yoast SEO Premium plugin. -->","yoast_head_json":{"title":"Riton 1 PRIMAL 4-16\u00d744 - Jager Optiek","robots":{"index":"index","follow":"follow","max-snippet":"max-snippet:-1","max-image-preview":"max-image-preview:large","max-video-preview":"max-video-preview:-1"},"canonical":"https:\/\/hunter-optics.com\/nl\/product\/riton-1-oer-4-16x44\/","og_locale":"nl_NL","og_type":"article","og_title":"Riton 1 PRIMAL 4-16\u00d744","og_description":"The\u00a01 Primal 4-16\u00d744\u00a0from Riton keeps the focus on functional performance with a straightforward platform that\u2019s perfect for your time in the woods. When you want reliable performance and quality optics that give you the sight picture you need when it comes time to fill your tag, the 1 Primal scope line delivers exactly that, and for less than you would expect.","og_url":"https:\/\/hunter-optics.com\/nl\/product\/riton-1-oer-4-16x44\/","og_site_name":"Hunter Optics","article_modified_time":"2025-07-24T08:53:04+00:00","og_image":[{"width":876,"height":876,"url":"https:\/\/hunter-optics.com\/wp-content\/uploads\/2025\/07\/1-Primal-4-16x44-v2-angled-02.webp","type":"image\/webp"}],"twitter_card":"summary_large_image","twitter_misc":{"Prijs":"&#36;269.99","Beschikbaarheid":"Op voorraad"},"schema":{"@context":"https:\/\/schema.org","@graph":[{"@type":"WebPage","@id":"https:\/\/hunter-optics.com\/product\/riton-1-primal-4-16x44\/","url":"https:\/\/hunter-optics.com\/product\/riton-1-primal-4-16x44\/","name":"Riton 1 PRIMAL 4-16\u00d744 - Jager Optiek","isPartOf":{"@id":"https:\/\/hunter-optics.com\/#website"},"primaryImageOfPage":{"@id":"https:\/\/hunter-optics.com\/product\/riton-1-primal-4-16x44\/#primaryimage"},"image":{"@id":"https:\/\/hunter-optics.com\/product\/riton-1-primal-4-16x44\/#primaryimage"},"thumbnailUrl":"https:\/\/hunter-optics.com\/wp-content\/uploads\/2025\/07\/1-Primal-4-16x44-v2-angled-02.webp","datePublished":"2025-07-02T09:16:51+00:00","dateModified":"2025-07-24T08:53:04+00:00","breadcrumb":{"@id":"https:\/\/hunter-optics.com\/product\/riton-1-primal-4-16x44\/#breadcrumb"},"inLanguage":"nl-NL","potentialAction":[{"@type":"ReadAction","target":["https:\/\/hunter-optics.com\/product\/riton-1-primal-4-16x44\/"]}]},{"@type":"ImageObject","inLanguage":"nl-NL","@id":"https:\/\/hunter-optics.com\/product\/riton-1-primal-4-16x44\/#primaryimage","url":"https:\/\/hunter-optics.com\/wp-content\/uploads\/2025\/07\/1-Primal-4-16x44-v2-angled-02.webp","contentUrl":"https:\/\/hunter-optics.com\/wp-content\/uploads\/2025\/07\/1-Primal-4-16x44-v2-angled-02.webp","width":876,"height":876},{"@type":"BreadcrumbList","@id":"https:\/\/hunter-optics.com\/product\/riton-1-primal-4-16x44\/#breadcrumb","itemListElement":[{"@type":"ListItem","position":1,"name":"Home","item":"https:\/\/hunter-optics.com\/"},{"@type":"ListItem","position":2,"name":"Products","item":"https:\/\/hunter-optics.com\/shop\/"},{"@type":"ListItem","position":3,"name":"Riton 1 PRIMAL 4-16\u00d744"}]},{"@type":"WebSite","@id":"https:\/\/hunter-optics.com\/#website","url":"https:\/\/hunter-optics.com\/","name":"Jager Optiek","description":"Hunter Optics - Je oog op het doel.","publisher":{"@id":"https:\/\/hunter-optics.com\/#organization"},"potentialAction":[{"@type":"SearchAction","target":{"@type":"EntryPoint","urlTemplate":"https:\/\/hunter-optics.com\/?s={search_term_string}"},"query-input":{"@type":"PropertyValueSpecification","valueRequired":true,"valueName":"search_term_string"}}],"inLanguage":"nl-NL"},{"@type":"Organization","@id":"https:\/\/hunter-optics.com\/#organization","name":"Jager Optiek","url":"https:\/\/hunter-optics.com\/","logo":{"@type":"ImageObject","inLanguage":"nl-NL","@id":"https:\/\/hunter-optics.com\/#\/schema\/logo\/image\/","url":"https:\/\/hunter-optics.com\/wp-content\/uploads\/2025\/06\/hunter-optics-logo-1.png","contentUrl":"https:\/\/hunter-optics.com\/wp-content\/uploads\/2025\/06\/hunter-optics-logo-1.png","width":937,"height":373,"caption":"Hunter Optics"},"image":{"@id":"https:\/\/hunter-optics.com\/#\/schema\/logo\/image\/"}}]},"product_brand":"Riton","product_price_amount":"269.99","product_price_currency":"USD","og_availability":"instock","product_availability":"instock","product_condition":"new"},"_links":{"self":[{"href":"https:\/\/hunter-optics.com\/nl\/wp-json\/wp\/v2\/product\/1212","targetHints":{"allow":["GET"]}}],"collection":[{"href":"https:\/\/hunter-optics.com\/nl\/wp-json\/wp\/v2\/product"}],"about":[{"href":"https:\/\/hunter-optics.com\/nl\/wp-json\/wp\/v2\/types\/product"}],"replies":[{"embeddable":true,"href":"https:\/\/hunter-optics.com\/nl\/wp-json\/wp\/v2\/comments?post=1212"}],"version-history":[{"count":3,"href":"https:\/\/hunter-optics.com\/nl\/wp-json\/wp\/v2\/product\/1212\/revisions"}],"predecessor-version":[{"id":1218,"href":"https:\/\/hunter-optics.com\/nl\/wp-json\/wp\/v2\/product\/1212\/revisions\/1218"}],"wp:featuredmedia":[{"embeddable":true,"href":"https:\/\/hunter-optics.com\/nl\/wp-json\/wp\/v2\/media\/1216"}],"wp:attachment":[{"href":"https:\/\/hunter-optics.com\/nl\/wp-json\/wp\/v2\/media?parent=1212"}],"wp:term":[{"taxonomy":"brand","embeddable":true,"href":"https:\/\/hunter-optics.com\/nl\/wp-json\/wp\/v2\/etheme_brands?post=1212"},{"taxonomy":"product_brand","embeddable":true,"href":"https:\/\/hunter-optics.com\/nl\/wp-json\/wp\/v2\/product_brand?post=1212"},{"taxonomy":"product_cat","embeddable":true,"href":"https:\/\/hunter-optics.com\/nl\/wp-json\/wp\/v2\/product_cat?post=1212"},{"taxonomy":"product_tag","embeddable":true,"href":"https:\/\/hunter-optics.com\/nl\/wp-json\/wp\/v2\/product_tag?post=1212"}],"curies":[{"name":"wp","href":"https:\/\/api.w.org\/{rel}","templated":true}]}}