{"id":1725,"date":"2025-08-11T06:51:47","date_gmt":"2025-08-11T06:51:47","guid":{"rendered":"https:\/\/hunter-optics.com\/?post_type=product&#038;p=1725"},"modified":"2025-08-11T07:36:54","modified_gmt":"2025-08-11T07:36:54","slug":"athlon-talos-btr-gen1-4-14x44-aplr2-ffp-ir-mil-30mm","status":"publish","type":"product","link":"https:\/\/hunter-optics.com\/it\/prodotto\/athlon-talos-btr-gen1-4-14x44-aplr2-ffp-ir-mil-30mm\/","title":{"rendered":"Athlon TALOS BTR GEN1 4-14\u00d744 APLR2 FFP IR MIL 30mm"},"content":{"rendered":"<div id=\"target_description\" class=\"w-full py-8 border-t mb-6 text-sm border-pbordergreydark pm-product-content open\">\n<p><strong>SPECIFICHE<\/strong><\/p>\n<\/div>\n<ul>\n<li>Ingrandimento: 4-14x<\/li>\n<li>Diametro obiettivo: 544 mm<\/li>\n<li>Diametro del tubo: 30 mm<\/li>\n<li>Distanza tra gli occhi: 3,23-3,15 pollici<\/li>\n<li>Campo visivo a 100 metri: 27,2-7,9 metri<\/li>\n<li>Valore del clic: 0,1MIL<\/li>\n<li>Campo di regolazione per rotazione: 10 MIL<\/li>\n<li>Regolazione totale dell'elevazione: 48 MIL<\/li>\n<li>Regolazione totale del guadagno: 48 MIL<\/li>\n<li>Regolazione della parallasse: Messa a fuoco laterale: da 10 metri all'infinito<\/li>\n<li>Materiale di spurgo: Azoto<\/li>\n<li>Lunghezza: 12,9 pollici<\/li>\n<li>Peso: 23,6 oz<\/li>\n<li>Garanzia a vita<\/li>\n<\/ul>\n<p><strong>CARATTERISTICHE<\/strong><\/p>\n<h4>Reticolo del primo piano focale:<\/h4>\n<ul>\n<li>Il design del primo piano focale consente di sfruttare appieno i reticoli appositamente progettati che si restringono o crescono insieme al bersaglio man mano che si ingrandisce o si rimpicciolisce.  Questi reticoli consentono di agganciare rapidamente il bersaglio a bassa potenza, offrendo al contempo posizioni precise di holdover con dettagli pi\u00f9 fini.<\/li>\n<\/ul>\n<h4>Reticolo illuminato:<\/h4>\n<ul>\n<li>Il reticolo illuminato offre una maggiore visibilit\u00e0 al crepuscolo e all'alba e in altri ambienti con scarsa illuminazione ambientale.<\/li>\n<\/ul>\n<h4>Reticolo in vetro acidato:<\/h4>\n<ul>\n<li>Reticolo inciso sul vetro che fornisce un eccellente supporto per la progettazione di reticoli complessi e offre una grande durata e una maggiore resistenza agli urti da rinculo.<\/li>\n<\/ul>\n<h4>Avanzato completamente multicoated:<\/h4>\n<ul>\n<li>L'ottica completamente multicoated riduce efficacemente la luce riflessa e aumenta la trasmissione della luce, offrendo un'immagine pi\u00f9 luminosa rispetto alle normali lenti con rivestimento singolo.<\/li>\n<\/ul>\n<h4>Sistema di arresto dello zero di precisione:<\/h4>\n<ul>\n<li>Il sistema consente di bloccare la posizione di zero e di tornare indietro con un arresto netto e preciso proprio in corrispondenza della tacca di zero, anche se si sta girando al buio pesto o in un angolo cieco.<\/li>\n<\/ul>\n<h4>Alluminio 6061 T6:<\/h4>\n<ul>\n<li>Il tubo in alluminio aeronautico 6061T6, dotato di una resistenza eccezionale e di un'integrit\u00e0 meccanica superiore, protegger\u00e0 queste ottiche di classe mondiale, indipendentemente da qualsiasi tipo di punizione.<\/li>\n<\/ul>\n<h4>Struttura tubolare monopezzo trattata termicamente:<\/h4>\n<ul>\n<li>Il tubo monopezzo trattato termicamente conferisce al cannocchiale una maggiore resistenza rispetto ai tubi in pi\u00f9 pezzi.  Inoltre, un tubo monopezzo \u00e8 in grado di trattenere meglio l'umidit\u00e0, mantenendo il cannocchiale a prova di nebbia per tutta la durata del prodotto.<\/li>\n<\/ul>\n<h4>Impermeabile:<\/h4>\n<ul>\n<li>Impermeabile per proteggere il cannocchiale nelle condizioni atmosferiche pi\u00f9 avverse o in caso di immersione accidentale sott'acqua.<\/li>\n<\/ul>\n<p><strong>A prova di nebbia:<\/strong><\/p>\n<ul>\n<li>A prova di nebbia, per consentire di agganciare immediatamente il bersaglio quando si porta il fucile a una temperatura ambiente fredda dal caldo dell'interno.<\/li>\n<\/ul>\n<p><strong>Antiurto:<\/strong><\/p>\n<ul>\n<li>Sistema meccanico robusto con design speciali sia sul sistema di controllo che su quello di erettore che garantiscono la massima resistenza al rinculo, in grado di sopportare 1000G di rinculo per 1000 volte.<\/li>\n<\/ul>\n<p><strong>Argon spurgato:<\/strong><\/p>\n<ul>\n<li>Lo spurgo con argon utilizza un gas inerte con molecole di dimensioni maggiori per eliminare l'umidit\u00e0 dal tubo, migliorando l'impermeabilit\u00e0 e la stabilit\u00e0 termica.<\/li>\n<\/ul>","protected":false},"excerpt":{"rendered":"<p>Potrebbe essere al di l\u00e0 della vostra immaginazione avere un cannocchiale da puntamento a primo piano focale a circa $300, noi lo abbiamo fatto diventare realt\u00e0 per voi. La famiglia di cannocchiali da puntamento Talos BTR \u00e8 caratterizzata da cannocchiali SFP (1-4\u00d724) e FFP (4-14\u00d744), completamente multistrato, torrette dirette di elevazione e di guadagno, reticolo illuminato, tubo da 30 mm.1-4\u00d724 - Tubo fisso SFP, AHSR 14 SFP IR-MIL4-14\u00d744 - Tubo a fuoco laterale FFP, APLR2 FFP IR-MIL.<\/p>","protected":false},"featured_media":1726,"comment_status":"open","ping_status":"closed","template":"","meta":[],"etheme_brands":[{"term_id":46,"name":"Athlon","slug":"athlon","term_group":0,"term_taxonomy_id":46,"taxonomy":"brand","description":"Athlon is a proud US sports optics product company. Devoted to designing and delivering superior quality optics products and outdoor accessories at a competitive price to our consumers via our distribution and retail channels. Athlon has strong engineering capabilities, strategic alliances with quality manufacturers, and a streamlined fully integrated supply chain. These advantages enable us to bring the latest cutting edge technologies and cut out the extra layers of traditional supply chains. With these advantages we are able to deliver products to consumers with great cost savings. Our goal from day one is to pass those savings to you, the outdoor enthusiast.","parent":0,"count":8,"filter":"raw"}],"product_brand":[],"product_cat":[49],"product_tag":[],"class_list":{"0":"post-1725","1":"product","2":"type-product","3":"status-publish","4":"has-post-thumbnail","6":"brand-athlon","7":"product_cat-rifle-scopes","9":"first","10":"instock","11":"taxable","12":"shipping-taxable","13":"purchasable","14":"product-type-simple"},"yoast_head":"<!-- This site is optimized with the Yoast SEO Premium plugin v25.7.1 (Yoast SEO v27.4) - https:\/\/yoast.com\/product\/yoast-seo-premium-wordpress\/ -->\n<title>Athlon TALOS BTR GEN1 4-14\u00d744 APLR2 FFP IR MIL 30mm - Hunter Optics<\/title>\n<meta name=\"description\" content=\"Athlon Argos BTR GEN2 6-24x50 FFP scope features illuminated APLR2 MOA reticle, aircraft-grade aluminum body &amp; true zero-stop. Ideal for precision shooting. Shop now.\" \/>\n<meta name=\"robots\" content=\"index, follow, max-snippet:-1, max-image-preview:large, max-video-preview:-1\" \/>\n<link rel=\"canonical\" href=\"https:\/\/hunter-optics.com\/it\/prodotto\/athlon-talos-btr-gen1-4-14x44-aplr2-ffp-ir-mil-30mm\/\" \/>\n<meta property=\"og:locale\" content=\"it_IT\" \/>\n<meta property=\"og:type\" content=\"article\" \/>\n<meta property=\"og:title\" content=\"Athlon TALOS BTR GEN1 4-14\u00d744 APLR2 FFP IR MIL 30mm\" \/>\n<meta property=\"og:description\" content=\"Athlon Argos BTR GEN2 6-24x50 FFP scope features illuminated APLR2 MOA reticle, aircraft-grade aluminum body &amp; true zero-stop. Ideal for precision shooting. Shop now.\" \/>\n<meta property=\"og:url\" content=\"https:\/\/hunter-optics.com\/it\/prodotto\/athlon-talos-btr-gen1-4-14x44-aplr2-ffp-ir-mil-30mm\/\" \/>\n<meta property=\"og:site_name\" content=\"Hunter Optics\" \/>\n<meta property=\"article:modified_time\" content=\"2025-08-11T07:36:54+00:00\" \/>\n<meta property=\"og:image\" content=\"https:\/\/hunter-optics.com\/wp-content\/uploads\/2025\/08\/TALOS-BTR-GEN1-4-14\u00d744-APLR2-FFP-IR-MIL-1.webp\" \/>\n\t<meta property=\"og:image:width\" content=\"1500\" \/>\n\t<meta property=\"og:image:height\" content=\"1500\" \/>\n\t<meta property=\"og:image:type\" content=\"image\/webp\" \/>\n<meta name=\"twitter:card\" content=\"summary_large_image\" \/>\n<meta name=\"twitter:label1\" content=\"Prezzo\" \/>\n\t<meta name=\"twitter:data1\" content=\"&#036;412.99\" \/>\n\t<meta name=\"twitter:label2\" content=\"Disponibilit\u00e0\" \/>\n\t<meta name=\"twitter:data2\" content=\"In stock\" \/>\n<script type=\"application\/ld+json\" class=\"yoast-schema-graph\">{\"@context\":\"https:\\\/\\\/schema.org\",\"@graph\":[{\"@type\":\"WebPage\",\"@id\":\"https:\\\/\\\/hunter-optics.com\\\/product\\\/athlon-talos-btr-gen1-4-14x44-aplr2-ffp-ir-mil-30mm\\\/\",\"url\":\"https:\\\/\\\/hunter-optics.com\\\/product\\\/athlon-talos-btr-gen1-4-14x44-aplr2-ffp-ir-mil-30mm\\\/\",\"name\":\"Athlon TALOS BTR GEN1 4-14\u00d744 APLR2 FFP IR MIL 30mm - Hunter Optics\",\"isPartOf\":{\"@id\":\"https:\\\/\\\/hunter-optics.com\\\/#website\"},\"primaryImageOfPage\":{\"@id\":\"https:\\\/\\\/hunter-optics.com\\\/product\\\/athlon-talos-btr-gen1-4-14x44-aplr2-ffp-ir-mil-30mm\\\/#primaryimage\"},\"image\":{\"@id\":\"https:\\\/\\\/hunter-optics.com\\\/product\\\/athlon-talos-btr-gen1-4-14x44-aplr2-ffp-ir-mil-30mm\\\/#primaryimage\"},\"thumbnailUrl\":\"https:\\\/\\\/hunter-optics.com\\\/wp-content\\\/uploads\\\/2025\\\/08\\\/TALOS-BTR-GEN1-4-14\u00d744-APLR2-FFP-IR-MIL-1.webp\",\"datePublished\":\"2025-08-11T06:51:47+00:00\",\"dateModified\":\"2025-08-11T07:36:54+00:00\",\"description\":\"Athlon Argos BTR GEN2 6-24x50 FFP scope features illuminated APLR2 MOA reticle, aircraft-grade aluminum body & true zero-stop. Ideal for precision shooting. Shop now.\",\"breadcrumb\":{\"@id\":\"https:\\\/\\\/hunter-optics.com\\\/product\\\/athlon-talos-btr-gen1-4-14x44-aplr2-ffp-ir-mil-30mm\\\/#breadcrumb\"},\"inLanguage\":\"it-IT\",\"potentialAction\":[{\"@type\":\"ReadAction\",\"target\":[\"https:\\\/\\\/hunter-optics.com\\\/product\\\/athlon-talos-btr-gen1-4-14x44-aplr2-ffp-ir-mil-30mm\\\/\"]}]},{\"@type\":\"ImageObject\",\"inLanguage\":\"it-IT\",\"@id\":\"https:\\\/\\\/hunter-optics.com\\\/product\\\/athlon-talos-btr-gen1-4-14x44-aplr2-ffp-ir-mil-30mm\\\/#primaryimage\",\"url\":\"https:\\\/\\\/hunter-optics.com\\\/wp-content\\\/uploads\\\/2025\\\/08\\\/TALOS-BTR-GEN1-4-14\u00d744-APLR2-FFP-IR-MIL-1.webp\",\"contentUrl\":\"https:\\\/\\\/hunter-optics.com\\\/wp-content\\\/uploads\\\/2025\\\/08\\\/TALOS-BTR-GEN1-4-14\u00d744-APLR2-FFP-IR-MIL-1.webp\",\"width\":1500,\"height\":1500,\"caption\":\"TALOS BTR GEN1 4-14\u00d744 APLR2 FFP IR MIL\"},{\"@type\":\"BreadcrumbList\",\"@id\":\"https:\\\/\\\/hunter-optics.com\\\/product\\\/athlon-talos-btr-gen1-4-14x44-aplr2-ffp-ir-mil-30mm\\\/#breadcrumb\",\"itemListElement\":[{\"@type\":\"ListItem\",\"position\":1,\"name\":\"Home\",\"item\":\"https:\\\/\\\/hunter-optics.com\\\/\"},{\"@type\":\"ListItem\",\"position\":2,\"name\":\"Products\",\"item\":\"https:\\\/\\\/hunter-optics.com\\\/shop\\\/\"},{\"@type\":\"ListItem\",\"position\":3,\"name\":\"Athlon TALOS BTR GEN1 4-14\u00d744 APLR2 FFP IR MIL 30mm\"}]},{\"@type\":\"WebSite\",\"@id\":\"https:\\\/\\\/hunter-optics.com\\\/#website\",\"url\":\"https:\\\/\\\/hunter-optics.com\\\/\",\"name\":\"Hunter Optics\",\"description\":\"Hunter Optics \u2014 Your Eye on the Target.\",\"publisher\":{\"@id\":\"https:\\\/\\\/hunter-optics.com\\\/#organization\"},\"potentialAction\":[{\"@type\":\"SearchAction\",\"target\":{\"@type\":\"EntryPoint\",\"urlTemplate\":\"https:\\\/\\\/hunter-optics.com\\\/?s={search_term_string}\"},\"query-input\":{\"@type\":\"PropertyValueSpecification\",\"valueRequired\":true,\"valueName\":\"search_term_string\"}}],\"inLanguage\":\"it-IT\"},{\"@type\":\"Organization\",\"@id\":\"https:\\\/\\\/hunter-optics.com\\\/#organization\",\"name\":\"Hunter Optics\",\"url\":\"https:\\\/\\\/hunter-optics.com\\\/\",\"logo\":{\"@type\":\"ImageObject\",\"inLanguage\":\"it-IT\",\"@id\":\"https:\\\/\\\/hunter-optics.com\\\/#\\\/schema\\\/logo\\\/image\\\/\",\"url\":\"https:\\\/\\\/hunter-optics.com\\\/wp-content\\\/uploads\\\/2025\\\/06\\\/hunter-optics-logo-1.png\",\"contentUrl\":\"https:\\\/\\\/hunter-optics.com\\\/wp-content\\\/uploads\\\/2025\\\/06\\\/hunter-optics-logo-1.png\",\"width\":937,\"height\":373,\"caption\":\"Hunter Optics\"},\"image\":{\"@id\":\"https:\\\/\\\/hunter-optics.com\\\/#\\\/schema\\\/logo\\\/image\\\/\"}}]}<\/script>\n<meta property=\"product:brand\" content=\"Athlon\" \/>\n<meta property=\"product:price:amount\" content=\"412.99\" \/>\n<meta property=\"product:price:currency\" content=\"USD\" \/>\n<meta property=\"og:availability\" content=\"instock\" \/>\n<meta property=\"product:availability\" content=\"instock\" \/>\n<meta property=\"product:condition\" content=\"new\" \/>\n<!-- \/ Yoast SEO Premium plugin. -->","yoast_head_json":{"title":"Athlon TALOS BTR GEN1 4-14\u00d744 APLR2 FFP IR MIL 30mm - Ottica Hunter","description":"Il cannocchiale Athlon Argos BTR GEN2 6-24x50 FFP \u00e8 dotato di reticolo APLR2 MOA illuminato, corpo in alluminio aeronautico e vero zero-stop. Ideale per il tiro di precisione. Acquista ora.","robots":{"index":"index","follow":"follow","max-snippet":"max-snippet:-1","max-image-preview":"max-image-preview:large","max-video-preview":"max-video-preview:-1"},"canonical":"https:\/\/hunter-optics.com\/it\/prodotto\/athlon-talos-btr-gen1-4-14x44-aplr2-ffp-ir-mil-30mm\/","og_locale":"it_IT","og_type":"article","og_title":"Athlon TALOS BTR GEN1 4-14\u00d744 APLR2 FFP IR MIL 30mm","og_description":"Athlon Argos BTR GEN2 6-24x50 FFP scope features illuminated APLR2 MOA reticle, aircraft-grade aluminum body & true zero-stop. Ideal for precision shooting. Shop now.","og_url":"https:\/\/hunter-optics.com\/it\/prodotto\/athlon-talos-btr-gen1-4-14x44-aplr2-ffp-ir-mil-30mm\/","og_site_name":"Hunter Optics","article_modified_time":"2025-08-11T07:36:54+00:00","og_image":[{"width":1500,"height":1500,"url":"https:\/\/hunter-optics.com\/wp-content\/uploads\/2025\/08\/TALOS-BTR-GEN1-4-14\u00d744-APLR2-FFP-IR-MIL-1.webp","type":"image\/webp"}],"twitter_card":"summary_large_image","twitter_misc":{"Prezzo":"&#36;412.99","Disponibilit\u00e0":"In stock"},"schema":{"@context":"https:\/\/schema.org","@graph":[{"@type":"WebPage","@id":"https:\/\/hunter-optics.com\/product\/athlon-talos-btr-gen1-4-14x44-aplr2-ffp-ir-mil-30mm\/","url":"https:\/\/hunter-optics.com\/product\/athlon-talos-btr-gen1-4-14x44-aplr2-ffp-ir-mil-30mm\/","name":"Athlon TALOS BTR GEN1 4-14\u00d744 APLR2 FFP IR MIL 30mm - Ottica Hunter","isPartOf":{"@id":"https:\/\/hunter-optics.com\/#website"},"primaryImageOfPage":{"@id":"https:\/\/hunter-optics.com\/product\/athlon-talos-btr-gen1-4-14x44-aplr2-ffp-ir-mil-30mm\/#primaryimage"},"image":{"@id":"https:\/\/hunter-optics.com\/product\/athlon-talos-btr-gen1-4-14x44-aplr2-ffp-ir-mil-30mm\/#primaryimage"},"thumbnailUrl":"https:\/\/hunter-optics.com\/wp-content\/uploads\/2025\/08\/TALOS-BTR-GEN1-4-14\u00d744-APLR2-FFP-IR-MIL-1.webp","datePublished":"2025-08-11T06:51:47+00:00","dateModified":"2025-08-11T07:36:54+00:00","description":"Il cannocchiale Athlon Argos BTR GEN2 6-24x50 FFP \u00e8 dotato di reticolo APLR2 MOA illuminato, corpo in alluminio aeronautico e vero zero-stop. Ideale per il tiro di precisione. Acquista ora.","breadcrumb":{"@id":"https:\/\/hunter-optics.com\/product\/athlon-talos-btr-gen1-4-14x44-aplr2-ffp-ir-mil-30mm\/#breadcrumb"},"inLanguage":"it-IT","potentialAction":[{"@type":"ReadAction","target":["https:\/\/hunter-optics.com\/product\/athlon-talos-btr-gen1-4-14x44-aplr2-ffp-ir-mil-30mm\/"]}]},{"@type":"ImageObject","inLanguage":"it-IT","@id":"https:\/\/hunter-optics.com\/product\/athlon-talos-btr-gen1-4-14x44-aplr2-ffp-ir-mil-30mm\/#primaryimage","url":"https:\/\/hunter-optics.com\/wp-content\/uploads\/2025\/08\/TALOS-BTR-GEN1-4-14\u00d744-APLR2-FFP-IR-MIL-1.webp","contentUrl":"https:\/\/hunter-optics.com\/wp-content\/uploads\/2025\/08\/TALOS-BTR-GEN1-4-14\u00d744-APLR2-FFP-IR-MIL-1.webp","width":1500,"height":1500,"caption":"TALOS BTR GEN1 4-14\u00d744 APLR2 FFP IR MIL"},{"@type":"BreadcrumbList","@id":"https:\/\/hunter-optics.com\/product\/athlon-talos-btr-gen1-4-14x44-aplr2-ffp-ir-mil-30mm\/#breadcrumb","itemListElement":[{"@type":"ListItem","position":1,"name":"Home","item":"https:\/\/hunter-optics.com\/"},{"@type":"ListItem","position":2,"name":"Products","item":"https:\/\/hunter-optics.com\/shop\/"},{"@type":"ListItem","position":3,"name":"Athlon TALOS BTR GEN1 4-14\u00d744 APLR2 FFP IR MIL 30mm"}]},{"@type":"WebSite","@id":"https:\/\/hunter-optics.com\/#website","url":"https:\/\/hunter-optics.com\/","name":"Ottica Hunter","description":"Ottica per cacciatori - L'occhio sul bersaglio.","publisher":{"@id":"https:\/\/hunter-optics.com\/#organization"},"potentialAction":[{"@type":"SearchAction","target":{"@type":"EntryPoint","urlTemplate":"https:\/\/hunter-optics.com\/?s={search_term_string}"},"query-input":{"@type":"PropertyValueSpecification","valueRequired":true,"valueName":"search_term_string"}}],"inLanguage":"it-IT"},{"@type":"Organization","@id":"https:\/\/hunter-optics.com\/#organization","name":"Ottica Hunter","url":"https:\/\/hunter-optics.com\/","logo":{"@type":"ImageObject","inLanguage":"it-IT","@id":"https:\/\/hunter-optics.com\/#\/schema\/logo\/image\/","url":"https:\/\/hunter-optics.com\/wp-content\/uploads\/2025\/06\/hunter-optics-logo-1.png","contentUrl":"https:\/\/hunter-optics.com\/wp-content\/uploads\/2025\/06\/hunter-optics-logo-1.png","width":937,"height":373,"caption":"Hunter Optics"},"image":{"@id":"https:\/\/hunter-optics.com\/#\/schema\/logo\/image\/"}}]},"product_brand":"Athlon","product_price_amount":"412.99","product_price_currency":"USD","og_availability":"instock","product_availability":"instock","product_condition":"new"},"_links":{"self":[{"href":"https:\/\/hunter-optics.com\/it\/wp-json\/wp\/v2\/product\/1725","targetHints":{"allow":["GET"]}}],"collection":[{"href":"https:\/\/hunter-optics.com\/it\/wp-json\/wp\/v2\/product"}],"about":[{"href":"https:\/\/hunter-optics.com\/it\/wp-json\/wp\/v2\/types\/product"}],"replies":[{"embeddable":true,"href":"https:\/\/hunter-optics.com\/it\/wp-json\/wp\/v2\/comments?post=1725"}],"version-history":[{"count":3,"href":"https:\/\/hunter-optics.com\/it\/wp-json\/wp\/v2\/product\/1725\/revisions"}],"predecessor-version":[{"id":1740,"href":"https:\/\/hunter-optics.com\/it\/wp-json\/wp\/v2\/product\/1725\/revisions\/1740"}],"wp:featuredmedia":[{"embeddable":true,"href":"https:\/\/hunter-optics.com\/it\/wp-json\/wp\/v2\/media\/1726"}],"wp:attachment":[{"href":"https:\/\/hunter-optics.com\/it\/wp-json\/wp\/v2\/media?parent=1725"}],"wp:term":[{"taxonomy":"brand","embeddable":true,"href":"https:\/\/hunter-optics.com\/it\/wp-json\/wp\/v2\/etheme_brands?post=1725"},{"taxonomy":"product_brand","embeddable":true,"href":"https:\/\/hunter-optics.com\/it\/wp-json\/wp\/v2\/product_brand?post=1725"},{"taxonomy":"product_cat","embeddable":true,"href":"https:\/\/hunter-optics.com\/it\/wp-json\/wp\/v2\/product_cat?post=1725"},{"taxonomy":"product_tag","embeddable":true,"href":"https:\/\/hunter-optics.com\/it\/wp-json\/wp\/v2\/product_tag?post=1725"}],"curies":[{"name":"wp","href":"https:\/\/api.w.org\/{rel}","templated":true}]}}