{"id":1578,"date":"2025-08-05T06:29:36","date_gmt":"2025-08-05T06:29:36","guid":{"rendered":"https:\/\/hunter-optics.com\/?post_type=product&#038;p=1578"},"modified":"2025-08-09T10:02:56","modified_gmt":"2025-08-09T10:02:56","slug":"vortex-venom-1-6x24ir-moa","status":"publish","type":"product","link":"https:\/\/hunter-optics.com\/it\/prodotto\/vortex-venom-1-6x24ir-moa\/","title":{"rendered":"Vortex VENOM\u00ae 1-6x24IR (MOA)"},"content":{"rendered":"<p><strong>Panoramica<\/strong><\/p>\n<p>Veleno<sup>\u00ae<\/sup> \u00e8 il vostro ponte verso la precisione a lungo raggio e il successo tattico: un'ottica da lavoro che trasforma gli sforzi in risultati. Costruzione solida. Grande qualit\u00e0 del vetro, con chiarezza e contrasto che consentono di mantenere la concentrazione in qualsiasi ambiente, sia che si tratti di agganciare bersagli ravvicinati o di superare i propri limiti al poligono. Costruita per i tiratori che hanno bisogno di affidabilit\u00e0, velocit\u00e0 e precisione sotto pressione, la sua linea offre una miscela perfetta di utilit\u00e0 e prestazioni, per farvi entrare nel gioco e spingervi oltre ad ogni colpo.<\/p>\n<div class=\"product sizechart\">\n<div class=\"sizechart-title\">\n<div class=\"item-title\"><strong>Veleno<sup>\u00ae<\/sup> 1-6\u00d724 SFP Dimensioni (in pollici)<\/strong><\/div>\n<\/div>\n<div class=\"sizechart-details\">\n<div class=\"sizechart-image\"><img decoding=\"async\" src=\"https:\/\/vortexoptics.com\/media\/wysiwyg\/dim_venom_3-15x44_moa.png\" alt=\"Venom 1-6x24 SFP Dimensioni\" data-uw-rm-alt-original=\"Venom 1-6x24 SFP Dimensions\" data-uw-rm-alt=\"ALT\" \/><\/div>\n<table class=\"lengths\">\n<tbody>\n<tr>\n<th colspan=\"6\" scope=\"colgroup\">Lunghezze<\/th>\n<\/tr>\n<tr>\n<td>L1<\/td>\n<td>L2<\/td>\n<td>L3<\/td>\n<td>L4<\/td>\n<\/tr>\n<tr>\n<td>10.3<\/td>\n<td>2.8<\/td>\n<td>2.3<\/td>\n<td>6.7<\/td>\n<\/tr>\n<\/tbody>\n<\/table>\n<table class=\"heights\">\n<tbody>\n<tr>\n<th colspan=\"2\" scope=\"colgroup\">Altezze<\/th>\n<\/tr>\n<tr>\n<td>H1<\/td>\n<td>H2<\/td>\n<\/tr>\n<tr>\n<td>1.2<\/td>\n<td>1.8<\/td>\n<\/tr>\n<\/tbody>\n<\/table>\n<p><strong>Specifiche tecniche<\/strong><\/p>\n<table id=\"product-vortex-specs-table\" class=\"data table spec-attributes\">\n<tbody>\n<tr>\n<th class=\"col label\" scope=\"row\">Ingrandimento<\/th>\n<td class=\"col data\" data-th=\"Magnification\">1-6x<\/td>\n<\/tr>\n<tr>\n<th class=\"col label\" scope=\"row\">Diametro dell'obiettivo<\/th>\n<td class=\"col data\" data-th=\"Objective Lens Diameter\">24 mm<\/td>\n<\/tr>\n<tr>\n<th class=\"col label\" scope=\"row\">Piano focale<\/th>\n<td class=\"col data\" data-th=\"Focal Plane\">Secondo piano focale<\/td>\n<\/tr>\n<tr>\n<th class=\"col label\" scope=\"row\">Reticolo<\/th>\n<td class=\"col data\" data-th=\"Reticle\">AR-BDC3<\/td>\n<\/tr>\n<tr>\n<th class=\"col label\" scope=\"row\">Rilievo degli occhi<\/th>\n<td class=\"col data\" data-th=\"Eye Relief\">3.7&#8243;<\/td>\n<\/tr>\n<tr>\n<th class=\"col label\" scope=\"row\">Campo visivo<\/th>\n<td class=\"col data\" data-th=\"Field of View\">126,0\u2032 - 20,2\u2032 @ 100 yds<\/td>\n<\/tr>\n<tr>\n<th class=\"col label\" scope=\"row\">Stile torretta<\/th>\n<td class=\"col data\" data-th=\"Turret Style\">Cappello<\/td>\n<\/tr>\n<tr>\n<th class=\"col label\" scope=\"row\">Dimensione del tubo<\/th>\n<td class=\"col data\" data-th=\"Tube Size\">30 mm<\/td>\n<\/tr>\n<tr>\n<th class=\"col label\" scope=\"row\">Adeguamento Laurea<\/th>\n<td class=\"col data\" data-th=\"Adjustment Graduation\">1\/4 MOA<\/td>\n<\/tr>\n<tr>\n<th class=\"col label\" scope=\"row\">Viaggio per rotazione<\/th>\n<td class=\"col data\" data-th=\"Travel Per Rotation\">25 MOA<\/td>\n<\/tr>\n<tr>\n<th class=\"col label\" scope=\"row\">Regolazione dell'elevazione massima<\/th>\n<td class=\"col data\" data-th=\"Max Elevation Adjustment\">140 MOA<\/td>\n<\/tr>\n<tr>\n<th class=\"col label\" scope=\"row\">Regolazione max. del guadagno<\/th>\n<td class=\"col data\" data-th=\"Max Windage Adjustment\">140 MOA<\/td>\n<\/tr>\n<tr>\n<th class=\"col label\" scope=\"row\">Impostazione della parallasse<\/th>\n<td class=\"col data\" data-th=\"Parallax Setting\">100 metri.<\/td>\n<\/tr>\n<tr>\n<th class=\"col label\" scope=\"row\">Lunghezza<\/th>\n<td class=\"col data\" data-th=\"Length\">10.3&#8243;<\/td>\n<\/tr>\n<tr>\n<th class=\"col label\" scope=\"row\">Peso<\/th>\n<td class=\"col data\" data-th=\"Weight\">19,5 oz<\/td>\n<\/tr>\n<\/tbody>\n<\/table>\n<p><strong>Caratteristiche<\/strong><\/p>\n<table>\n<tbody>\n<tr>\n<th class=\"col label\" scope=\"row\">Sistema ottico XD\u2122<\/th>\n<td class=\"col data\">Il sistema ottico premium offre una risoluzione impressionante, una nitidezza da bordo a bordo, riduce notevolmente l'aberrazione cromatica e garantisce immagini luminose e ad alto contrasto.<\/td>\n<\/tr>\n<tr>\n<th class=\"col label\" scope=\"row\">Lenti completamente rivestite<\/th>\n<td class=\"col data\">I rivestimenti antiriflesso su tutte le superfici aria-vetro garantiscono una maggiore trasmissione della luce per una maggiore chiarezza e prestazioni in condizioni di scarsa illuminazione.<\/td>\n<\/tr>\n<tr>\n<th class=\"col label\" scope=\"row\">Reticolo illuminato<\/th>\n<td class=\"col data\">Fornisce un puntamento preciso in condizioni di scarsa illuminazione.<\/td>\n<\/tr>\n<tr>\n<th class=\"col label\" scope=\"row\">Tubo monopezzo<\/th>\n<td class=\"col data\">Massimizza l'allineamento per una maggiore precisione e prestazioni visive ottimali, oltre a garantire resistenza e impermeabilit\u00e0.<\/td>\n<\/tr>\n<tr>\n<th class=\"col label\" scope=\"row\">Gas azoto spurgato<\/th>\n<td class=\"col data\">Purificato con gas e sigillato con O-ring per prestazioni antiappannamento e impermeabili in tutte le condizioni.<\/td>\n<\/tr>\n<tr>\n<th class=\"col label\" scope=\"row\">Oculare a messa a fuoco rapida<\/th>\n<td class=\"col data\">Consente di mettere a fuoco il reticolo in modo rapido e semplice.<\/td>\n<\/tr>\n<tr>\n<th class=\"col label\" scope=\"row\">Leva di lancio<\/th>\n<td class=\"col data\">La leva di lancio in dotazione pu\u00f2 essere installata per una rapida e semplice regolazione dell'ingrandimento.<\/td>\n<\/tr>\n<tr>\n<th class=\"col label\" scope=\"row\">Alluminio di grado aeronautico<\/th>\n<td class=\"col data\">Costruito da un solido blocco di alluminio aeronautico per garantire resistenza e rigidit\u00e0.<\/td>\n<\/tr>\n<tr>\n<th class=\"col label\" scope=\"row\">ArmorTek<sup>\u00ae<\/sup><\/th>\n<td class=\"col data\">Il rivestimento ultra rigido e antigraffio protegge le lenti esterne da graffi, olio e sporco.<\/td>\n<\/tr>\n<tr>\n<th class=\"col label\" scope=\"row\">Anodizzazione nera opaca a basso abbagliamento<\/th>\n<td class=\"col data\">L'anodizzazione resistente alla corrosione e all'usura offre una superficie opaca a basso riflesso e aiuta a mimetizzare la posizione del tiratore.<\/td>\n<\/tr>\n<tr>\n<th class=\"col label\" scope=\"row\">Impermeabile<\/th>\n<td class=\"col data\">Progettato per resistere alle condizioni climatiche pi\u00f9 difficili.<\/td>\n<\/tr>\n<tr>\n<th class=\"col label\" scope=\"row\">Antiurto<\/th>\n<td class=\"col data\">Progettato per resistere ai massimi livelli di rinculo e impatto.<\/td>\n<\/tr>\n<tr>\n<th class=\"col label\" scope=\"row\">A prova di nebbia<\/th>\n<td class=\"col data\">Progettato per resistere a un'ampia gamma di temperature.<\/td>\n<\/tr>\n<\/tbody>\n<\/table>\n<p><strong>Reticolo<\/strong><\/p>\n<div class=\"reticle-details\">\n<div class=\"reticle-image\"><img decoding=\"async\" src=\"https:\/\/vortexoptics.widen.net\/content\/4ruwhdj8w8\/jpeg\/VTX_SE-1624-2_AR-BDC3_MOA_RS_I_RI_FV.jpeg?w=320&amp;keep=c&amp;crop=yes&amp;color=cccccc&amp;quality=80&amp;u=9oqiqe\" alt=\"AR-BDC3\" data-uw-rm-alt-original=\"\" data-uw-rm-alt=\"CT\" \/><\/div>\n<div class=\"reticle-info\">\n<p><strong>AR-BDC3<\/strong><\/p>\n<div class=\"reticle-description\">\n<p>L'AR-BDC3, illuminato e inciso su vetro, \u00e8 stato specificamente regolato per le prestazioni balistiche dei comuni caricamenti 5,56 su AR-15. Il punto centrale da 1 MOA fornisce un punto di mira preciso, mentre il cerchio circolare circostante da 16,625 MOA porta l'occhio al centro pi\u00f9 velocemente per una rapida acquisizione del bersaglio e il BDC mantiene il bersaglio fino a 650 metri.<\/p>\n<p>Dettaglio della sottotensione per il cannocchiale Venom 1-6\u00d724 con reticolo AR-BDC3.<\/p>\n<\/div>\n<\/div>\n<\/div>\n<\/div>\n<\/div>","protected":false},"excerpt":{"rendered":"<p>Overview Venom\u00ae is your bridge to long-range accuracy and tactical success\u2014a workhorse optic that turns effort into results. Solid construction. Great glass quality with clarity<\/p>","protected":false},"featured_media":1580,"comment_status":"open","ping_status":"closed","template":"","meta":[],"etheme_brands":[{"term_id":47,"name":"Vortex","slug":"vortex","term_group":0,"term_taxonomy_id":47,"taxonomy":"brand","description":"","parent":0,"count":9,"filter":"raw"}],"product_brand":[],"product_cat":[49],"product_tag":[],"class_list":{"0":"post-1578","1":"product","2":"type-product","3":"status-publish","4":"has-post-thumbnail","6":"brand-vortex","7":"product_cat-rifle-scopes","9":"first","10":"instock","11":"sale","12":"taxable","13":"shipping-taxable","14":"purchasable","15":"product-type-simple"},"yoast_head":"<!-- This site is optimized with the Yoast SEO Premium plugin v25.7.1 (Yoast SEO v27.4) - https:\/\/yoast.com\/product\/yoast-seo-premium-wordpress\/ -->\n<title>Vortex VENOM\u00ae 1-6x24IR (MOA) - Hunter Optics<\/title>\n<meta name=\"description\" content=\"Vortex Venom 1-6x24IR MOA rifle scope features illuminated reticle, precision adjustments &amp; rugged construction. Ideal for tactical shooting. Shop Vortex optics.\" \/>\n<meta name=\"robots\" content=\"index, follow, max-snippet:-1, max-image-preview:large, max-video-preview:-1\" \/>\n<link rel=\"canonical\" href=\"https:\/\/hunter-optics.com\/it\/prodotto\/vortex-venom-1-6x24ir-moa\/\" \/>\n<meta property=\"og:locale\" content=\"it_IT\" \/>\n<meta property=\"og:type\" content=\"article\" \/>\n<meta property=\"og:title\" content=\"Vortex VENOM\u00ae 1-6x24IR (MOA)\" \/>\n<meta property=\"og:description\" content=\"Vortex Venom 1-6x24IR MOA rifle scope features illuminated reticle, precision adjustments &amp; rugged construction. Ideal for tactical shooting. Shop Vortex optics.\" \/>\n<meta property=\"og:url\" content=\"https:\/\/hunter-optics.com\/it\/prodotto\/vortex-venom-1-6x24ir-moa\/\" \/>\n<meta property=\"og:site_name\" content=\"Hunter Optics\" \/>\n<meta property=\"article:modified_time\" content=\"2025-08-09T10:02:56+00:00\" \/>\n<meta property=\"og:image\" content=\"https:\/\/hunter-optics.com\/wp-content\/uploads\/2025\/08\/Vortex-Venom-1-6x24IR-MOA.jpg\" \/>\n\t<meta property=\"og:image:width\" content=\"876\" \/>\n\t<meta property=\"og:image:height\" content=\"876\" \/>\n\t<meta property=\"og:image:type\" content=\"image\/jpeg\" \/>\n<meta name=\"twitter:card\" content=\"summary_large_image\" \/>\n<meta name=\"twitter:label1\" content=\"Prezzo\" \/>\n\t<meta name=\"twitter:data1\" content=\"&#036;439.99\" \/>\n\t<meta name=\"twitter:label2\" content=\"Disponibilit\u00e0\" \/>\n\t<meta name=\"twitter:data2\" content=\"In stock\" \/>\n<script type=\"application\/ld+json\" class=\"yoast-schema-graph\">{\"@context\":\"https:\\\/\\\/schema.org\",\"@graph\":[{\"@type\":\"WebPage\",\"@id\":\"https:\\\/\\\/hunter-optics.com\\\/product\\\/vortex-venom-1-6x24ir-moa\\\/\",\"url\":\"https:\\\/\\\/hunter-optics.com\\\/product\\\/vortex-venom-1-6x24ir-moa\\\/\",\"name\":\"Vortex VENOM\u00ae 1-6x24IR (MOA) - Hunter Optics\",\"isPartOf\":{\"@id\":\"https:\\\/\\\/hunter-optics.com\\\/#website\"},\"primaryImageOfPage\":{\"@id\":\"https:\\\/\\\/hunter-optics.com\\\/product\\\/vortex-venom-1-6x24ir-moa\\\/#primaryimage\"},\"image\":{\"@id\":\"https:\\\/\\\/hunter-optics.com\\\/product\\\/vortex-venom-1-6x24ir-moa\\\/#primaryimage\"},\"thumbnailUrl\":\"https:\\\/\\\/hunter-optics.com\\\/wp-content\\\/uploads\\\/2025\\\/08\\\/Vortex-Venom-1-6x24IR-MOA.jpg\",\"datePublished\":\"2025-08-05T06:29:36+00:00\",\"dateModified\":\"2025-08-09T10:02:56+00:00\",\"description\":\"Vortex Venom 1-6x24IR MOA rifle scope features illuminated reticle, precision adjustments & rugged construction. Ideal for tactical shooting. Shop Vortex optics.\",\"breadcrumb\":{\"@id\":\"https:\\\/\\\/hunter-optics.com\\\/product\\\/vortex-venom-1-6x24ir-moa\\\/#breadcrumb\"},\"inLanguage\":\"it-IT\",\"potentialAction\":[{\"@type\":\"ReadAction\",\"target\":[\"https:\\\/\\\/hunter-optics.com\\\/product\\\/vortex-venom-1-6x24ir-moa\\\/\"]}]},{\"@type\":\"ImageObject\",\"inLanguage\":\"it-IT\",\"@id\":\"https:\\\/\\\/hunter-optics.com\\\/product\\\/vortex-venom-1-6x24ir-moa\\\/#primaryimage\",\"url\":\"https:\\\/\\\/hunter-optics.com\\\/wp-content\\\/uploads\\\/2025\\\/08\\\/Vortex-Venom-1-6x24IR-MOA.jpg\",\"contentUrl\":\"https:\\\/\\\/hunter-optics.com\\\/wp-content\\\/uploads\\\/2025\\\/08\\\/Vortex-Venom-1-6x24IR-MOA.jpg\",\"width\":876,\"height\":876},{\"@type\":\"BreadcrumbList\",\"@id\":\"https:\\\/\\\/hunter-optics.com\\\/product\\\/vortex-venom-1-6x24ir-moa\\\/#breadcrumb\",\"itemListElement\":[{\"@type\":\"ListItem\",\"position\":1,\"name\":\"Home\",\"item\":\"https:\\\/\\\/hunter-optics.com\\\/\"},{\"@type\":\"ListItem\",\"position\":2,\"name\":\"Products\",\"item\":\"https:\\\/\\\/hunter-optics.com\\\/shop\\\/\"},{\"@type\":\"ListItem\",\"position\":3,\"name\":\"Vortex VENOM\u00ae 1-6x24IR (MOA)\"}]},{\"@type\":\"WebSite\",\"@id\":\"https:\\\/\\\/hunter-optics.com\\\/#website\",\"url\":\"https:\\\/\\\/hunter-optics.com\\\/\",\"name\":\"Hunter Optics\",\"description\":\"Hunter Optics \u2014 Your Eye on the Target.\",\"publisher\":{\"@id\":\"https:\\\/\\\/hunter-optics.com\\\/#organization\"},\"potentialAction\":[{\"@type\":\"SearchAction\",\"target\":{\"@type\":\"EntryPoint\",\"urlTemplate\":\"https:\\\/\\\/hunter-optics.com\\\/?s={search_term_string}\"},\"query-input\":{\"@type\":\"PropertyValueSpecification\",\"valueRequired\":true,\"valueName\":\"search_term_string\"}}],\"inLanguage\":\"it-IT\"},{\"@type\":\"Organization\",\"@id\":\"https:\\\/\\\/hunter-optics.com\\\/#organization\",\"name\":\"Hunter Optics\",\"url\":\"https:\\\/\\\/hunter-optics.com\\\/\",\"logo\":{\"@type\":\"ImageObject\",\"inLanguage\":\"it-IT\",\"@id\":\"https:\\\/\\\/hunter-optics.com\\\/#\\\/schema\\\/logo\\\/image\\\/\",\"url\":\"https:\\\/\\\/hunter-optics.com\\\/wp-content\\\/uploads\\\/2025\\\/06\\\/hunter-optics-logo-1.png\",\"contentUrl\":\"https:\\\/\\\/hunter-optics.com\\\/wp-content\\\/uploads\\\/2025\\\/06\\\/hunter-optics-logo-1.png\",\"width\":937,\"height\":373,\"caption\":\"Hunter Optics\"},\"image\":{\"@id\":\"https:\\\/\\\/hunter-optics.com\\\/#\\\/schema\\\/logo\\\/image\\\/\"}}]}<\/script>\n<meta property=\"product:brand\" content=\"Vortex\" \/>\n<meta property=\"product:price:amount\" content=\"439.99\" \/>\n<meta property=\"product:price:currency\" content=\"USD\" \/>\n<meta property=\"og:availability\" content=\"instock\" \/>\n<meta property=\"product:availability\" content=\"instock\" \/>\n<meta property=\"product:condition\" content=\"new\" \/>\n<!-- \/ Yoast SEO Premium plugin. -->","yoast_head_json":{"title":"Vortex VENOM\u00ae 1-6x24IR (MOA) - Ottica Hunter","description":"Il cannocchiale da puntamento Vortex Venom 1-6x24IR MOA \u00e8 dotato di reticolo illuminato, regolazioni di precisione e struttura robusta. Ideale per il tiro tattico. Acquista le ottiche Vortex.","robots":{"index":"index","follow":"follow","max-snippet":"max-snippet:-1","max-image-preview":"max-image-preview:large","max-video-preview":"max-video-preview:-1"},"canonical":"https:\/\/hunter-optics.com\/it\/prodotto\/vortex-venom-1-6x24ir-moa\/","og_locale":"it_IT","og_type":"article","og_title":"Vortex VENOM\u00ae 1-6x24IR (MOA)","og_description":"Vortex Venom 1-6x24IR MOA rifle scope features illuminated reticle, precision adjustments & rugged construction. Ideal for tactical shooting. Shop Vortex optics.","og_url":"https:\/\/hunter-optics.com\/it\/prodotto\/vortex-venom-1-6x24ir-moa\/","og_site_name":"Hunter Optics","article_modified_time":"2025-08-09T10:02:56+00:00","og_image":[{"width":876,"height":876,"url":"https:\/\/hunter-optics.com\/wp-content\/uploads\/2025\/08\/Vortex-Venom-1-6x24IR-MOA.jpg","type":"image\/jpeg"}],"twitter_card":"summary_large_image","twitter_misc":{"Prezzo":"&#36;439.99","Disponibilit\u00e0":"In stock"},"schema":{"@context":"https:\/\/schema.org","@graph":[{"@type":"WebPage","@id":"https:\/\/hunter-optics.com\/product\/vortex-venom-1-6x24ir-moa\/","url":"https:\/\/hunter-optics.com\/product\/vortex-venom-1-6x24ir-moa\/","name":"Vortex VENOM\u00ae 1-6x24IR (MOA) - Ottica Hunter","isPartOf":{"@id":"https:\/\/hunter-optics.com\/#website"},"primaryImageOfPage":{"@id":"https:\/\/hunter-optics.com\/product\/vortex-venom-1-6x24ir-moa\/#primaryimage"},"image":{"@id":"https:\/\/hunter-optics.com\/product\/vortex-venom-1-6x24ir-moa\/#primaryimage"},"thumbnailUrl":"https:\/\/hunter-optics.com\/wp-content\/uploads\/2025\/08\/Vortex-Venom-1-6x24IR-MOA.jpg","datePublished":"2025-08-05T06:29:36+00:00","dateModified":"2025-08-09T10:02:56+00:00","description":"Il cannocchiale da puntamento Vortex Venom 1-6x24IR MOA \u00e8 dotato di reticolo illuminato, regolazioni di precisione e struttura robusta. Ideale per il tiro tattico. Acquista le ottiche Vortex.","breadcrumb":{"@id":"https:\/\/hunter-optics.com\/product\/vortex-venom-1-6x24ir-moa\/#breadcrumb"},"inLanguage":"it-IT","potentialAction":[{"@type":"ReadAction","target":["https:\/\/hunter-optics.com\/product\/vortex-venom-1-6x24ir-moa\/"]}]},{"@type":"ImageObject","inLanguage":"it-IT","@id":"https:\/\/hunter-optics.com\/product\/vortex-venom-1-6x24ir-moa\/#primaryimage","url":"https:\/\/hunter-optics.com\/wp-content\/uploads\/2025\/08\/Vortex-Venom-1-6x24IR-MOA.jpg","contentUrl":"https:\/\/hunter-optics.com\/wp-content\/uploads\/2025\/08\/Vortex-Venom-1-6x24IR-MOA.jpg","width":876,"height":876},{"@type":"BreadcrumbList","@id":"https:\/\/hunter-optics.com\/product\/vortex-venom-1-6x24ir-moa\/#breadcrumb","itemListElement":[{"@type":"ListItem","position":1,"name":"Home","item":"https:\/\/hunter-optics.com\/"},{"@type":"ListItem","position":2,"name":"Products","item":"https:\/\/hunter-optics.com\/shop\/"},{"@type":"ListItem","position":3,"name":"Vortex VENOM\u00ae 1-6x24IR (MOA)"}]},{"@type":"WebSite","@id":"https:\/\/hunter-optics.com\/#website","url":"https:\/\/hunter-optics.com\/","name":"Ottica Hunter","description":"Ottica per cacciatori - L'occhio sul bersaglio.","publisher":{"@id":"https:\/\/hunter-optics.com\/#organization"},"potentialAction":[{"@type":"SearchAction","target":{"@type":"EntryPoint","urlTemplate":"https:\/\/hunter-optics.com\/?s={search_term_string}"},"query-input":{"@type":"PropertyValueSpecification","valueRequired":true,"valueName":"search_term_string"}}],"inLanguage":"it-IT"},{"@type":"Organization","@id":"https:\/\/hunter-optics.com\/#organization","name":"Ottica Hunter","url":"https:\/\/hunter-optics.com\/","logo":{"@type":"ImageObject","inLanguage":"it-IT","@id":"https:\/\/hunter-optics.com\/#\/schema\/logo\/image\/","url":"https:\/\/hunter-optics.com\/wp-content\/uploads\/2025\/06\/hunter-optics-logo-1.png","contentUrl":"https:\/\/hunter-optics.com\/wp-content\/uploads\/2025\/06\/hunter-optics-logo-1.png","width":937,"height":373,"caption":"Hunter Optics"},"image":{"@id":"https:\/\/hunter-optics.com\/#\/schema\/logo\/image\/"}}]},"product_brand":"Vortex","product_price_amount":"439.99","product_price_currency":"USD","og_availability":"instock","product_availability":"instock","product_condition":"new"},"_links":{"self":[{"href":"https:\/\/hunter-optics.com\/it\/wp-json\/wp\/v2\/product\/1578","targetHints":{"allow":["GET"]}}],"collection":[{"href":"https:\/\/hunter-optics.com\/it\/wp-json\/wp\/v2\/product"}],"about":[{"href":"https:\/\/hunter-optics.com\/it\/wp-json\/wp\/v2\/types\/product"}],"replies":[{"embeddable":true,"href":"https:\/\/hunter-optics.com\/it\/wp-json\/wp\/v2\/comments?post=1578"}],"version-history":[{"count":5,"href":"https:\/\/hunter-optics.com\/it\/wp-json\/wp\/v2\/product\/1578\/revisions"}],"predecessor-version":[{"id":1681,"href":"https:\/\/hunter-optics.com\/it\/wp-json\/wp\/v2\/product\/1578\/revisions\/1681"}],"wp:featuredmedia":[{"embeddable":true,"href":"https:\/\/hunter-optics.com\/it\/wp-json\/wp\/v2\/media\/1580"}],"wp:attachment":[{"href":"https:\/\/hunter-optics.com\/it\/wp-json\/wp\/v2\/media?parent=1578"}],"wp:term":[{"taxonomy":"brand","embeddable":true,"href":"https:\/\/hunter-optics.com\/it\/wp-json\/wp\/v2\/etheme_brands?post=1578"},{"taxonomy":"product_brand","embeddable":true,"href":"https:\/\/hunter-optics.com\/it\/wp-json\/wp\/v2\/product_brand?post=1578"},{"taxonomy":"product_cat","embeddable":true,"href":"https:\/\/hunter-optics.com\/it\/wp-json\/wp\/v2\/product_cat?post=1578"},{"taxonomy":"product_tag","embeddable":true,"href":"https:\/\/hunter-optics.com\/it\/wp-json\/wp\/v2\/product_tag?post=1578"}],"curies":[{"name":"wp","href":"https:\/\/api.w.org\/{rel}","templated":true}]}}