{"id":1567,"date":"2025-07-31T09:31:36","date_gmt":"2025-07-31T09:31:36","guid":{"rendered":"https:\/\/hunter-optics.com\/?post_type=product&#038;p=1567"},"modified":"2025-10-11T09:22:10","modified_gmt":"2025-10-11T09:22:10","slug":"swampfox-sentinel-ultra-compatto-micro-mirino-a-punto-rosso","status":"publish","type":"product","link":"https:\/\/hunter-optics.com\/it\/prodotto\/swampfox-sentinel-ultra-compatto-micro-mirino-a-punto-rosso\/","title":{"rendered":"Swampfox Sentinel Ultra-Compact Micro Red Dot Sight"},"content":{"rendered":"<div class=\"celwidget aplus-module basic-module-13-text aplus-standard\" data-csa-c-id=\"q2f2ji-tav081-x21ukz-rlru7n\" data-cel-widget=\"aplus-basic-module-13-text\">\n<div class=\"a-section a-spacing-none aplus-module aplus-module-13 aplus-module-wrapper apm-fixed-width\">\n<div class=\"a-section a-spacing-none aplus-13-heading\">\n<h3 class=\"a-size-extra-large aplus-13-heading-text a-text-bold\">SEMPRE PRONTO<\/h3>\n<\/div>\n<div class=\"a-section a-spacing-none aplus-module-section aplus-text-section\">\n<p class=\"description\">Avete fatto il lavoro. Avete seguito i corsi e le esercitazioni. Non ti limiti a sparare regolarmente, ma ti alleni duramente quando lo fai. Sei quello a cui chiedono aiuto per capire come funziona il timer dei colpi. Il fuoco a secco \u00e8 il vostro momento di meditazione zen e il porto d'armi quotidiano fa parte del vostro stile di vita.<\/p>\n<p class=\"description\">Siete pronti a migliorare il sistema di mira della vostra pistola da trasporto con l'ultima tecnologia disponibile. Swampfox Sentinel \u00e8 pronto per voi.<\/p>\n<\/div>\n<\/div>\n<\/div>\n<div class=\"celwidget aplus-module module-2 aplus-standard\" data-csa-c-id=\"rbs0ir-u2z1il-h9xkf8-kkh1er\" data-cel-widget=\"aplus-module-2\">\n<div class=\"aplus-module-wrapper apm-floatnone apm-fixed-width\">\n<div class=\"apm-sidemodule apm-spacing\">\n<div class=\"apm-sidemodule-imageleft\"><img decoding=\"async\" class=\"\" src=\"https:\/\/m.media-amazon.com\/images\/S\/aplus-media\/sc\/54542c89-d99e-4679-8d80-9171c4237607.__CR234,0,1032,1032_PT0_SX300_V1___.jpg\" alt=\"Mondo reale\" data-src=\"https:\/\/m.media-amazon.com\/images\/S\/aplus-media\/sc\/54542c89-d99e-4679-8d80-9171c4237607.__CR234,0,1032,1032_PT0_SX300_V1___.jpg\" \/><\/div>\n<div class=\"apm-sidemodule-textright\">\n<h3 class=\"a-spacing-mini\">MONDO REALE, VANTAGGIO REALE<\/h3>\n<p>I mirini a punto rosso montati su slitta stanno conquistando il mondo delle forze dell'ordine e delle competizioni, e per una buona ragione. I vantaggi di un puntamento mirato, di un inseguimento pi\u00f9 rapido del bersaglio e di una maggiore precisione si applicano tanto al porto d'armi quanto all'uso in servizio o nelle competizioni. Si tratta di un vero e proprio aumento delle prestazioni, sia di giorno che di notte.<\/p>\n<p>Due modelli Sentinel sono pronti ad affrontare le sfide del trasporto quotidiano. Sentinel-M \u00e8 la versione con pulsante manuale, mentre Sentinel-A \u00e8 dotato di regolazione della luminosit\u00e0 completamente automatica.<\/p>\n<\/div>\n<\/div>\n<\/div>\n<div><\/div>\n<\/div>\n<div class=\"celwidget aplus-module module-3 aplus-standard\" data-csa-c-id=\"juuqzu-oium0l-b3uhn2-a41tru\" data-cel-widget=\"aplus-module-3\">\n<div class=\"aplus-module-wrapper apm-floatnone apm-fixed-width\">\n<div class=\"apm-sidemodule apm-spacing\">\n<div class=\"apm-sidemodule-imageright\"><img decoding=\"async\" class=\"a-spacing-mini\" src=\"https:\/\/m.media-amazon.com\/images\/S\/aplus-media\/sc\/438cbd30-e759-4f69-891f-3398f3839253.__CR250,0,1000,1000_PT0_SX300_V1___.jpg\" alt=\"Manuale Automatico\" data-src=\"https:\/\/m.media-amazon.com\/images\/S\/aplus-media\/sc\/438cbd30-e759-4f69-891f-3398f3839253.__CR250,0,1000,1000_PT0_SX300_V1___.jpg\" \/><\/div>\n<div class=\"apm-sidemodule-textleft\">\n<h3 class=\"a-spacing-mini\">MANUALE VS. AUTOMATICO, LA SCELTA \u00c8 VOSTRA<\/h3>\n<p>Sentinel-M dispone di dieci impostazioni di luminosit\u00e0 regolabili manualmente e accessibili tramite pulsanti digitali. L'illuminazione con sensore di movimento Shake \u2018N Wake preserva la durata della batteria quando Sentinel-M rimane immobile per circa 4 minuti. Non appena il movimento riprende, Sentinel-M riprende il livello di luminosit\u00e0 precedente. Per spegnere manualmente Sentinel-M, premere il pulsante di luminosit\u00e0 GI\u00d9 per 3 secondi.<\/p>\n<p>Sentinel-A non dorme mai. Un sensore fotosensibile sul lato sinistro del corpo del cannocchiale fornisce un punto luminoso in relazione alla luce ambientale in tutte le condizioni, di giorno e di notte. Non ci sono controlli manuali, non c'\u00e8 Shake \u2018N Wake, non c'\u00e8 modo che Sentinel-A si spenga accidentalmente, mai. Installate la batteria CR2032 sotto Sentinel-A e sarete a posto per due anni di fila: non c'\u00e8 nulla da smanettare.<\/p>\n<\/div>\n<\/div>\n<\/div>\n<div><\/div>\n<\/div>\n<div class=\"celwidget aplus-module module-2 aplus-standard\" data-csa-c-id=\"8jjy7y-gvjmk6-bc20yy-ndkuda\" data-cel-widget=\"aplus-module-2\">\n<div class=\"aplus-module-wrapper apm-floatnone apm-fixed-width\">\n<div class=\"apm-sidemodule apm-spacing\">\n<div class=\"apm-sidemodule-imageleft\"><img decoding=\"async\" class=\"\" src=\"https:\/\/m.media-amazon.com\/images\/S\/aplus-media\/sc\/878d3c56-1005-4b10-9bf7-0ad2f063b772.__CR170,0,1174,1174_PT0_SX300_V1___.jpg\" alt=\"Durata della batteria dei punti luminosi\" data-src=\"https:\/\/m.media-amazon.com\/images\/S\/aplus-media\/sc\/878d3c56-1005-4b10-9bf7-0ad2f063b772.__CR170,0,1174,1174_PT0_SX300_V1___.jpg\" \/><\/div>\n<div class=\"apm-sidemodule-textright\">\n<h3 class=\"a-spacing-mini\">PUNTO PI\u00d9 LUMINOSO, MAGGIORE DURATA DELLA BATTERIA<\/h3>\n<p>Come Liberty e Justice, Sentinel utilizza un emettitore ad alta efficienza che proietta un punto rosso da 3 MOA. L'impostazione pi\u00f9 alta del Sentinel \u00e8 pi\u00f9 luminosa di qualsiasi altro punto rosso Swampfox attuale.<\/p>\n<p>Non c'\u00e8 spazio per un sistema a vassoio robusto e resistente con un ingombro cos\u00ec ridotto, quindi sostituire la batteria di Sentinel significa rimuovere l'ottica e potenzialmente azzerarla di nuovo.<\/p>\n<p>La buona notizia \u00e8 che eliminando il sistema di vassoi si crea spazio per utilizzare una batteria CR2032 pi\u00f9 grande, raddoppiando di fatto la durata della batteria. Sia che scegliate Sentinel-M o Sentinel-A, aspettatevi due anni di durata reale della batteria, anche portando la pistola tutto il giorno.<\/p>\n<\/div>\n<\/div>\n<\/div>\n<div><\/div>\n<\/div>\n<div class=\"celwidget aplus-module module-3 aplus-standard\" data-csa-c-id=\"v2vfqx-i05djb-tdj468-kg4alu\" data-cel-widget=\"aplus-module-3\">\n<div class=\"aplus-module-wrapper apm-floatnone apm-fixed-width\">\n<div class=\"apm-sidemodule apm-spacing\">\n<div class=\"apm-sidemodule-imageright\"><img decoding=\"async\" class=\"a-spacing-mini\" src=\"https:\/\/m.media-amazon.com\/images\/S\/aplus-media\/sc\/b1227ee4-3a1b-40cb-8099-1bd31acb5cc1.__CR200,0,800,800_PT0_SX300_V1___.jpg\" alt=\"Fusione di metallo e vetro\" data-src=\"https:\/\/m.media-amazon.com\/images\/S\/aplus-media\/sc\/b1227ee4-3a1b-40cb-8099-1bd31acb5cc1.__CR200,0,800,800_PT0_SX300_V1___.jpg\" \/><\/div>\n<div class=\"apm-sidemodule-textleft\">\n<h3 class=\"a-spacing-mini\">UNA FUSIONE DI METALLO E VETRO<\/h3>\n<p>Altre aziende stanno producendo punti pistola sottili con corpi in plastica e lenti in polimero trasparente.<\/p>\n<p>No, grazie. Non \u00e8 il nostro stile.<\/p>\n<p>Sentinel \u00e8 realizzato in alluminio 7075-T6 lavorato a controllo numerico, rivestito di nero opaco e dotato di vetro multicoated della stessa eccellente qualit\u00e0 utilizzata nei nostri cannocchiali da puntamento di precisione a lungo raggio.<\/p>\n<\/div>\n<\/div>\n<\/div>\n<div><\/div>\n<\/div>\n<div class=\"celwidget aplus-module module-9 aplus-standard\" data-csa-c-id=\"am66hf-mzscfy-6gs7ni-jjckkm\" data-cel-widget=\"aplus-module-9\">\n<div class=\"aplus-module-wrapper apm-fixed-width apm-spacing\">\n<div class=\"apm-flex\">\n<div class=\"apm-flex-item-third-width\">\n<p class=\"apm-text-center\"><img decoding=\"async\" class=\"a-spacing-mini\" src=\"https:\/\/m.media-amazon.com\/images\/S\/aplus-media\/sc\/abf4e33f-69ca-4326-a4ec-cd868f4e2187.__CR250,0,1000,1000_PT0_SX300_V1___.jpg\" alt=\"A cosa si adatta\" data-src=\"https:\/\/m.media-amazon.com\/images\/S\/aplus-media\/sc\/abf4e33f-69ca-4326-a4ec-cd868f4e2187.__CR250,0,1000,1000_PT0_SX300_V1___.jpg\" \/><\/p>\n<h4 class=\"a-spacing-mini\">MA A COSA SI ADATTA?<\/h4>\n<p>Sentinel \u00e8 davvero piccolo. Alto circa un pollice, largo un pollice e lungo 1,6 pollici. All'interno di questo minuscolo cannocchiale si trova una finestra di 16 mm x 16 mm, sufficientemente grande per un'acquisizione rapida e per il tracciamento del mirino, ma abbastanza piccola da non compromettere nemmeno un po' l'occultabilit\u00e0.<\/p>\n<p>Sentinel si adatta a Sig P365XL, Springfield Hellcat OSP, Canik Elite SC, S&amp;W Shield 2.0 Optics Ready, Walther PPS M2 Optics Ready - qualsiasi slitta sottile con ingombro RMSc incorporato, sia di fabbrica che tagliato da un armaiolo.<\/p>\n<\/div>\n<div class=\"apm-flex-item-third-width\">\n<p class=\"apm-text-center\"><img decoding=\"async\" class=\"a-spacing-mini\" src=\"https:\/\/m.media-amazon.com\/images\/S\/aplus-media\/sc\/5d9c00ad-f104-478e-a883-e524d280610d.__CR250,0,1001,1001_PT0_SX300_V1___.jpg\" alt=\"Affidabile\" data-src=\"https:\/\/m.media-amazon.com\/images\/S\/aplus-media\/sc\/5d9c00ad-f104-478e-a883-e524d280610d.__CR250,0,1001,1001_PT0_SX300_V1___.jpg\" \/><\/p>\n<h4 class=\"a-spacing-mini\">ULTRA AFFIDABILE<\/h4>\n<p>Un'ottica per il trasporto occulto deve essere estremamente affidabile, perch\u00e9 si sta letteralmente scommettendo la propria vita sul fatto che sar\u00e0 pronta quando verr\u00e0 chiamata in causa. Alcune pistole, come la P365XL mostrata qui a fianco, non hanno la possibilit\u00e0 di co-mirarsi con le mire di ferro una volta installato il punto. Se il punto si spegne, non ci sono altre mire.<\/p>\n<p>Sentinel \u00e8 impermeabile quando viene installato utilizzando la guarnizione flessibile inclusa che si inserisce tra l'ottica e l'impronta. Ha una resistenza agli urti di ben 1500 G.<\/p>\n<\/div>\n<div class=\"apm-flex-item-third-width\">\n<p class=\"apm-text-center\"><img decoding=\"async\" class=\"a-spacing-mini\" src=\"https:\/\/m.media-amazon.com\/images\/S\/aplus-media\/sc\/dca4b11c-df34-47cf-9c1a-e8cd0ba7760b.__CR154,0,1193,1193_PT0_SX300_V1___.jpg\" alt=\"Sparare 50000 colpi\" data-src=\"https:\/\/m.media-amazon.com\/images\/S\/aplus-media\/sc\/dca4b11c-df34-47cf-9c1a-e8cd0ba7760b.__CR154,0,1193,1193_PT0_SX300_V1___.jpg\" \/><\/p>\n<h4 class=\"a-spacing-mini\">SPARARE 50.000 COLPI<\/h4>\n<p>La fortuna favorisce chi \u00e8 preparato, giusto? Quindi scendete in campo e allenatevi duramente. Man mano che il numero di colpi aumenta, che si consuma la fondina della pistola, che si sostituiscono le molle di rinculo e le molle del caricatore e, s\u00ec, anche le batterie, Sentinel non si arrender\u00e0, e nemmeno noi.<\/p>\n<p>Se Sentinel smette di funzionare entro 50.000 colpi di fuoco vivo, Swampfox lo riparer\u00e0 o lo sostituir\u00e0 prontamente. Questo \u00e8 il nostro codice. \u00c8 la nostra parola.<\/p>\n<\/div>\n<\/div>\n<\/div>\n<div><\/div>\n<\/div>\n<div class=\"celwidget aplus-module module-16-tech-specs aplus-standard\" data-csa-c-id=\"lx1z06-7ouehe-wicqj9-b3948p\" data-cel-widget=\"aplus-module-16-tech-specs\">\n<div class=\"a-section a-spacing-large aplus-module-wrapper apm-fixed-width aplus-index-6\">\n<h3 class=\"a-size-extra-large a-spacing-base a-text-center\">Specifiche tecniche<\/h3>\n<div class=\"a-row\">\n<div class=\"a-column a-span12 aplus-tech-spec-hide-loading\">\n<table class=\"a-bordered a-horizontal-stripes aplus-tech-spec-table\">\n<tbody>\n<tr>\n<td class=\"a-text-bold\">Regolazione MOA<\/td>\n<td>Quadrante<\/td>\n<\/tr>\n<tr>\n<td class=\"a-text-bold\">Dimensione del punto<\/td>\n<td>3 MOA<\/td>\n<\/tr>\n<tr>\n<td class=\"a-text-bold\">Ingrandimento\/diametro lente<\/td>\n<td>1x; 16 mm<\/td>\n<\/tr>\n<tr>\n<td class=\"a-text-bold\">Posizioni di illuminazione<\/td>\n<td>Sentinel-M: 10; Sentinel-A: regolazione continua<\/td>\n<\/tr>\n<tr>\n<td class=\"a-text-bold\">Regolazioni della luminosit\u00e0<\/td>\n<td>Sentinel-M: pressa digitale su\/gi\u00f9; Sentinel-A: sensore fotosensibile<\/td>\n<\/tr>\n<tr>\n<td class=\"a-text-bold\">Forze G antiurto<\/td>\n<td>1500G<\/td>\n<\/tr>\n<tr>\n<td class=\"a-text-bold\">Impermeabile<\/td>\n<td>1 metro\/ IPX7<\/td>\n<\/tr>\n<tr>\n<td class=\"a-text-bold\">Batteria<\/td>\n<td>Tipo di batteria: CR 2032; Durata massima della batteria: Circa 2 anni nel mondo reale<\/td>\n<\/tr>\n<tr>\n<td class=\"a-text-bold\">Dimensioni<\/td>\n<td>Lunghezza: 1,61\u2033; Larghezza: 0,91\u2033; Altezza: 0,94\u2033.<\/td>\n<\/tr>\n<tr>\n<td class=\"a-text-bold\">Peso<\/td>\n<td>0,62 oz<\/td>\n<\/tr>\n<tr>\n<td class=\"a-text-bold\">Lente<\/td>\n<td>Multi-Coated Ruby Red; Rivestimenti speciali: Antiappannante, idrofobico, antigraffio<\/td>\n<\/tr>\n<tr>\n<td class=\"a-text-bold\">Parallasse<\/td>\n<td>Senza parallasse a 100 metri<\/td>\n<\/tr>\n<tr>\n<td class=\"a-text-bold\">Rilievo degli occhi<\/td>\n<td>Illimitato<\/td>\n<\/tr>\n<tr>\n<td class=\"a-text-bold\">Tipo di montaggio<\/td>\n<td>Impronta RMSc<\/td>\n<\/tr>\n<tr>\n<td class=\"a-text-bold\">Telaio<\/td>\n<td>Alluminio 7075 di grado aeronautico<\/td>\n<\/tr>\n<tr>\n<td class=\"a-text-bold\">Vento\/Elevazione<\/td>\n<td>Gamma di movimento vento\/altezza (MOA): +\/- 35 MOA\/ Gamma totale di 70 MOA<\/td>\n<\/tr>\n<\/tbody>\n<\/table>\n<\/div>\n<\/div>\n<\/div>\n<\/div>","protected":false},"excerpt":{"rendered":"<p>SEMPRE PRONTI Avete fatto il lavoro. Avete seguito i corsi e le esercitazioni. Non vi limitate a sparare regolarmente, ma vi allenate duramente quando<\/p>","protected":false},"featured_media":1568,"comment_status":"open","ping_status":"closed","template":"","meta":[],"etheme_brands":[{"term_id":53,"name":"Swampfox","slug":"swampfox","term_group":0,"term_taxonomy_id":53,"taxonomy":"brand","description":"","parent":0,"count":1,"filter":"raw"}],"product_brand":[],"product_cat":[50],"product_tag":[],"class_list":{"0":"post-1567","1":"product","2":"type-product","3":"status-publish","4":"has-post-thumbnail","6":"brand-swampfox","7":"product_cat-red-dot-sights","9":"first","10":"instock","11":"sale","12":"taxable","13":"shipping-taxable","14":"purchasable","15":"product-type-simple"},"yoast_head":"<!-- This site is optimized with the Yoast SEO Premium plugin v25.7.1 (Yoast SEO v27.4) - https:\/\/yoast.com\/product\/yoast-seo-premium-wordpress\/ -->\n<title>Swampfox Sentinel Ultra-Compact Micro Red Dot Sight - Hunter Optics<\/title>\n<meta name=\"robots\" content=\"index, follow, max-snippet:-1, max-image-preview:large, max-video-preview:-1\" \/>\n<link rel=\"canonical\" href=\"https:\/\/hunter-optics.com\/it\/prodotto\/swampfox-sentinel-ultra-compatto-micro-mirino-a-punto-rosso\/\" \/>\n<meta property=\"og:locale\" content=\"it_IT\" \/>\n<meta property=\"og:type\" content=\"article\" \/>\n<meta property=\"og:title\" content=\"Swampfox Sentinel Ultra-Compact Micro Red Dot Sight\" \/>\n<meta property=\"og:description\" content=\"ALWAYS READY\u200b You\u2019ve done the work. You\u2019ve taken the classes and run the drills. You don\u2019t just shoot on the regular, you train hard when\" \/>\n<meta property=\"og:url\" content=\"https:\/\/hunter-optics.com\/it\/prodotto\/swampfox-sentinel-ultra-compatto-micro-mirino-a-punto-rosso\/\" \/>\n<meta property=\"og:site_name\" content=\"Hunter Optics\" \/>\n<meta property=\"article:modified_time\" content=\"2025-10-11T09:22:10+00:00\" \/>\n<meta property=\"og:image\" content=\"https:\/\/hunter-optics.com\/wp-content\/uploads\/2025\/07\/Swampfox-Sentinel-Ultra-Compact-Micro-Red-Dot-Sight.jpg\" \/>\n\t<meta property=\"og:image:width\" content=\"876\" \/>\n\t<meta property=\"og:image:height\" content=\"876\" \/>\n\t<meta property=\"og:image:type\" content=\"image\/jpeg\" \/>\n<meta name=\"twitter:card\" content=\"summary_large_image\" \/>\n<meta name=\"twitter:label1\" content=\"Prezzo\" \/>\n\t<meta name=\"twitter:data1\" content=\"&#036;119.99\" \/>\n\t<meta name=\"twitter:label2\" content=\"Disponibilit\u00e0\" \/>\n\t<meta name=\"twitter:data2\" content=\"In stock\" \/>\n<script type=\"application\/ld+json\" class=\"yoast-schema-graph\">{\"@context\":\"https:\\\/\\\/schema.org\",\"@graph\":[{\"@type\":\"WebPage\",\"@id\":\"https:\\\/\\\/hunter-optics.com\\\/product\\\/swampfox-sentinel-ultra-compact-micro-red-dot-sight\\\/\",\"url\":\"https:\\\/\\\/hunter-optics.com\\\/product\\\/swampfox-sentinel-ultra-compact-micro-red-dot-sight\\\/\",\"name\":\"Swampfox Sentinel Ultra-Compact Micro Red Dot Sight - Hunter Optics\",\"isPartOf\":{\"@id\":\"https:\\\/\\\/hunter-optics.com\\\/#website\"},\"primaryImageOfPage\":{\"@id\":\"https:\\\/\\\/hunter-optics.com\\\/product\\\/swampfox-sentinel-ultra-compact-micro-red-dot-sight\\\/#primaryimage\"},\"image\":{\"@id\":\"https:\\\/\\\/hunter-optics.com\\\/product\\\/swampfox-sentinel-ultra-compact-micro-red-dot-sight\\\/#primaryimage\"},\"thumbnailUrl\":\"https:\\\/\\\/hunter-optics.com\\\/wp-content\\\/uploads\\\/2025\\\/07\\\/Swampfox-Sentinel-Ultra-Compact-Micro-Red-Dot-Sight.jpg\",\"datePublished\":\"2025-07-31T09:31:36+00:00\",\"dateModified\":\"2025-10-11T09:22:10+00:00\",\"breadcrumb\":{\"@id\":\"https:\\\/\\\/hunter-optics.com\\\/product\\\/swampfox-sentinel-ultra-compact-micro-red-dot-sight\\\/#breadcrumb\"},\"inLanguage\":\"it-IT\",\"potentialAction\":[{\"@type\":\"ReadAction\",\"target\":[\"https:\\\/\\\/hunter-optics.com\\\/product\\\/swampfox-sentinel-ultra-compact-micro-red-dot-sight\\\/\"]}]},{\"@type\":\"ImageObject\",\"inLanguage\":\"it-IT\",\"@id\":\"https:\\\/\\\/hunter-optics.com\\\/product\\\/swampfox-sentinel-ultra-compact-micro-red-dot-sight\\\/#primaryimage\",\"url\":\"https:\\\/\\\/hunter-optics.com\\\/wp-content\\\/uploads\\\/2025\\\/07\\\/Swampfox-Sentinel-Ultra-Compact-Micro-Red-Dot-Sight.jpg\",\"contentUrl\":\"https:\\\/\\\/hunter-optics.com\\\/wp-content\\\/uploads\\\/2025\\\/07\\\/Swampfox-Sentinel-Ultra-Compact-Micro-Red-Dot-Sight.jpg\",\"width\":876,\"height\":876},{\"@type\":\"BreadcrumbList\",\"@id\":\"https:\\\/\\\/hunter-optics.com\\\/product\\\/swampfox-sentinel-ultra-compact-micro-red-dot-sight\\\/#breadcrumb\",\"itemListElement\":[{\"@type\":\"ListItem\",\"position\":1,\"name\":\"Home\",\"item\":\"https:\\\/\\\/hunter-optics.com\\\/\"},{\"@type\":\"ListItem\",\"position\":2,\"name\":\"Products\",\"item\":\"https:\\\/\\\/hunter-optics.com\\\/shop\\\/\"},{\"@type\":\"ListItem\",\"position\":3,\"name\":\"Swampfox Sentinel Ultra-Compact Micro Red Dot Sight\"}]},{\"@type\":\"WebSite\",\"@id\":\"https:\\\/\\\/hunter-optics.com\\\/#website\",\"url\":\"https:\\\/\\\/hunter-optics.com\\\/\",\"name\":\"Hunter Optics\",\"description\":\"Hunter Optics \u2014 Your Eye on the Target.\",\"publisher\":{\"@id\":\"https:\\\/\\\/hunter-optics.com\\\/#organization\"},\"potentialAction\":[{\"@type\":\"SearchAction\",\"target\":{\"@type\":\"EntryPoint\",\"urlTemplate\":\"https:\\\/\\\/hunter-optics.com\\\/?s={search_term_string}\"},\"query-input\":{\"@type\":\"PropertyValueSpecification\",\"valueRequired\":true,\"valueName\":\"search_term_string\"}}],\"inLanguage\":\"it-IT\"},{\"@type\":\"Organization\",\"@id\":\"https:\\\/\\\/hunter-optics.com\\\/#organization\",\"name\":\"Hunter Optics\",\"url\":\"https:\\\/\\\/hunter-optics.com\\\/\",\"logo\":{\"@type\":\"ImageObject\",\"inLanguage\":\"it-IT\",\"@id\":\"https:\\\/\\\/hunter-optics.com\\\/#\\\/schema\\\/logo\\\/image\\\/\",\"url\":\"https:\\\/\\\/hunter-optics.com\\\/wp-content\\\/uploads\\\/2025\\\/06\\\/hunter-optics-logo-1.png\",\"contentUrl\":\"https:\\\/\\\/hunter-optics.com\\\/wp-content\\\/uploads\\\/2025\\\/06\\\/hunter-optics-logo-1.png\",\"width\":937,\"height\":373,\"caption\":\"Hunter Optics\"},\"image\":{\"@id\":\"https:\\\/\\\/hunter-optics.com\\\/#\\\/schema\\\/logo\\\/image\\\/\"}}]}<\/script>\n<meta property=\"product:brand\" content=\"Swampfox\" \/>\n<meta property=\"product:price:amount\" content=\"119.99\" \/>\n<meta property=\"product:price:currency\" content=\"USD\" \/>\n<meta property=\"og:availability\" content=\"instock\" \/>\n<meta property=\"product:availability\" content=\"instock\" \/>\n<meta property=\"product:condition\" content=\"new\" \/>\n<!-- \/ Yoast SEO Premium plugin. -->","yoast_head_json":{"title":"Swampfox Sentinel Ultra-Compact Micro Red Dot Sight - Ottica Hunter","robots":{"index":"index","follow":"follow","max-snippet":"max-snippet:-1","max-image-preview":"max-image-preview:large","max-video-preview":"max-video-preview:-1"},"canonical":"https:\/\/hunter-optics.com\/it\/prodotto\/swampfox-sentinel-ultra-compatto-micro-mirino-a-punto-rosso\/","og_locale":"it_IT","og_type":"article","og_title":"Swampfox Sentinel Ultra-Compact Micro Red Dot Sight","og_description":"ALWAYS READY\u200b You\u2019ve done the work. You\u2019ve taken the classes and run the drills. You don\u2019t just shoot on the regular, you train hard when","og_url":"https:\/\/hunter-optics.com\/it\/prodotto\/swampfox-sentinel-ultra-compatto-micro-mirino-a-punto-rosso\/","og_site_name":"Hunter Optics","article_modified_time":"2025-10-11T09:22:10+00:00","og_image":[{"width":876,"height":876,"url":"https:\/\/hunter-optics.com\/wp-content\/uploads\/2025\/07\/Swampfox-Sentinel-Ultra-Compact-Micro-Red-Dot-Sight.jpg","type":"image\/jpeg"}],"twitter_card":"summary_large_image","twitter_misc":{"Prezzo":"&#36;119.99","Disponibilit\u00e0":"In stock"},"schema":{"@context":"https:\/\/schema.org","@graph":[{"@type":"WebPage","@id":"https:\/\/hunter-optics.com\/product\/swampfox-sentinel-ultra-compact-micro-red-dot-sight\/","url":"https:\/\/hunter-optics.com\/product\/swampfox-sentinel-ultra-compact-micro-red-dot-sight\/","name":"Swampfox Sentinel Ultra-Compact Micro Red Dot Sight - Ottica Hunter","isPartOf":{"@id":"https:\/\/hunter-optics.com\/#website"},"primaryImageOfPage":{"@id":"https:\/\/hunter-optics.com\/product\/swampfox-sentinel-ultra-compact-micro-red-dot-sight\/#primaryimage"},"image":{"@id":"https:\/\/hunter-optics.com\/product\/swampfox-sentinel-ultra-compact-micro-red-dot-sight\/#primaryimage"},"thumbnailUrl":"https:\/\/hunter-optics.com\/wp-content\/uploads\/2025\/07\/Swampfox-Sentinel-Ultra-Compact-Micro-Red-Dot-Sight.jpg","datePublished":"2025-07-31T09:31:36+00:00","dateModified":"2025-10-11T09:22:10+00:00","breadcrumb":{"@id":"https:\/\/hunter-optics.com\/product\/swampfox-sentinel-ultra-compact-micro-red-dot-sight\/#breadcrumb"},"inLanguage":"it-IT","potentialAction":[{"@type":"ReadAction","target":["https:\/\/hunter-optics.com\/product\/swampfox-sentinel-ultra-compact-micro-red-dot-sight\/"]}]},{"@type":"ImageObject","inLanguage":"it-IT","@id":"https:\/\/hunter-optics.com\/product\/swampfox-sentinel-ultra-compact-micro-red-dot-sight\/#primaryimage","url":"https:\/\/hunter-optics.com\/wp-content\/uploads\/2025\/07\/Swampfox-Sentinel-Ultra-Compact-Micro-Red-Dot-Sight.jpg","contentUrl":"https:\/\/hunter-optics.com\/wp-content\/uploads\/2025\/07\/Swampfox-Sentinel-Ultra-Compact-Micro-Red-Dot-Sight.jpg","width":876,"height":876},{"@type":"BreadcrumbList","@id":"https:\/\/hunter-optics.com\/product\/swampfox-sentinel-ultra-compact-micro-red-dot-sight\/#breadcrumb","itemListElement":[{"@type":"ListItem","position":1,"name":"Home","item":"https:\/\/hunter-optics.com\/"},{"@type":"ListItem","position":2,"name":"Products","item":"https:\/\/hunter-optics.com\/shop\/"},{"@type":"ListItem","position":3,"name":"Swampfox Sentinel Ultra-Compact Micro Red Dot Sight"}]},{"@type":"WebSite","@id":"https:\/\/hunter-optics.com\/#website","url":"https:\/\/hunter-optics.com\/","name":"Ottica Hunter","description":"Ottica per cacciatori - L'occhio sul bersaglio.","publisher":{"@id":"https:\/\/hunter-optics.com\/#organization"},"potentialAction":[{"@type":"SearchAction","target":{"@type":"EntryPoint","urlTemplate":"https:\/\/hunter-optics.com\/?s={search_term_string}"},"query-input":{"@type":"PropertyValueSpecification","valueRequired":true,"valueName":"search_term_string"}}],"inLanguage":"it-IT"},{"@type":"Organization","@id":"https:\/\/hunter-optics.com\/#organization","name":"Ottica Hunter","url":"https:\/\/hunter-optics.com\/","logo":{"@type":"ImageObject","inLanguage":"it-IT","@id":"https:\/\/hunter-optics.com\/#\/schema\/logo\/image\/","url":"https:\/\/hunter-optics.com\/wp-content\/uploads\/2025\/06\/hunter-optics-logo-1.png","contentUrl":"https:\/\/hunter-optics.com\/wp-content\/uploads\/2025\/06\/hunter-optics-logo-1.png","width":937,"height":373,"caption":"Hunter Optics"},"image":{"@id":"https:\/\/hunter-optics.com\/#\/schema\/logo\/image\/"}}]},"product_brand":"Swampfox","product_price_amount":"119.99","product_price_currency":"USD","og_availability":"instock","product_availability":"instock","product_condition":"new"},"_links":{"self":[{"href":"https:\/\/hunter-optics.com\/it\/wp-json\/wp\/v2\/product\/1567","targetHints":{"allow":["GET"]}}],"collection":[{"href":"https:\/\/hunter-optics.com\/it\/wp-json\/wp\/v2\/product"}],"about":[{"href":"https:\/\/hunter-optics.com\/it\/wp-json\/wp\/v2\/types\/product"}],"replies":[{"embeddable":true,"href":"https:\/\/hunter-optics.com\/it\/wp-json\/wp\/v2\/comments?post=1567"}],"version-history":[{"count":1,"href":"https:\/\/hunter-optics.com\/it\/wp-json\/wp\/v2\/product\/1567\/revisions"}],"predecessor-version":[{"id":1569,"href":"https:\/\/hunter-optics.com\/it\/wp-json\/wp\/v2\/product\/1567\/revisions\/1569"}],"wp:featuredmedia":[{"embeddable":true,"href":"https:\/\/hunter-optics.com\/it\/wp-json\/wp\/v2\/media\/1568"}],"wp:attachment":[{"href":"https:\/\/hunter-optics.com\/it\/wp-json\/wp\/v2\/media?parent=1567"}],"wp:term":[{"taxonomy":"brand","embeddable":true,"href":"https:\/\/hunter-optics.com\/it\/wp-json\/wp\/v2\/etheme_brands?post=1567"},{"taxonomy":"product_brand","embeddable":true,"href":"https:\/\/hunter-optics.com\/it\/wp-json\/wp\/v2\/product_brand?post=1567"},{"taxonomy":"product_cat","embeddable":true,"href":"https:\/\/hunter-optics.com\/it\/wp-json\/wp\/v2\/product_cat?post=1567"},{"taxonomy":"product_tag","embeddable":true,"href":"https:\/\/hunter-optics.com\/it\/wp-json\/wp\/v2\/product_tag?post=1567"}],"curies":[{"name":"wp","href":"https:\/\/api.w.org\/{rel}","templated":true}]}}