{"id":1542,"date":"2025-07-31T08:41:23","date_gmt":"2025-07-31T08:41:23","guid":{"rendered":"https:\/\/hunter-optics.com\/?post_type=product&#038;p=1542"},"modified":"2025-10-11T08:58:47","modified_gmt":"2025-10-11T08:58:47","slug":"mirino-a-punto-rosso-riton-3-tactix-prd","status":"publish","type":"product","link":"https:\/\/hunter-optics.com\/it\/prodotto\/mirino-a-punto-rosso-riton-3-tactix-prd\/","title":{"rendered":"Mirino a punto rosso Riton 3 Tactix PRD"},"content":{"rendered":"<div id=\"brxe-uenhta\" class=\"brxe-text prod-video__txt\">\n<p><strong>RETICOLI VERSATILI<\/strong><\/p>\n<p>Il <strong>3 Tactix MPRD 3<\/strong> ha tre opzioni di reticolo, per offrirvi la presentazione dei punti pi\u00f9 adatta al vostro stile di tiro. \u00c8 possibile scegliere tra un classico punto singolo, un cerchio o un punto all'interno di un cerchio. Entrambe le unit\u00e0 memorizzano le preferenze relative al reticolo e alla luminosit\u00e0, in modo da poter arrivare al bersaglio con la massima dimestichezza. Nel caso in cui dobbiate proteggervi, potete essere certi che il vostro punto sar\u00e0 affidabile e pronto in un momento.<\/p>\n<div id=\"brxe-pogdbu\" class=\"brxe-container prod-colmns\">\n<div id=\"brxe-ywglqp\" class=\"brxe-text prod-column__txt\">\n<p><strong>L'OTTICA GIUSTA PER LA VOSTRA PIATTAFORMA<\/strong><\/p>\n<p>Il <strong>3 Tactix MPRD 3<\/strong> \u00e8 stato progettato per adattarsi al maggior numero possibile di piattaforme. Con cos\u00ec tanti modelli e impronte di ottiche sul mercato, vogliamo che la scelta sia chiara. Per le pistole full-size con l'impronta RMR, il TACTIX PRD 3 si monta direttamente sull'apertura del carrello, mentre l'MPRD \u00e8 progettato per essere utilizzato con l'impronta RMSc pi\u00f9 comunemente presente sulle piattaforme compatte e subcompatte. Entrambi sono dotati di un adattatore per guida pic che ne consente il montaggio su fucili o altre armi lunghe con opzione pic rail.<\/p>\n<p><strong>TECNOLOGIA DI RILEVAMENTO DEL MOVIMENTO<\/strong><\/p>\n<p>Il Riton <strong>3 Tactix MPRD 3<\/strong> \u00e8 dotato di una tecnologia che rileva il movimento e attiva l'ottica semplicemente mirando al bersaglio. In questo modo si arriva al bersaglio pi\u00f9 rapidamente, senza la necessit\u00e0 di ulteriori passaggi mentre si estrae l'arma. Inoltre, la batteria offre prestazioni e durata ottimali grazie allo spegnimento automatico quando non \u00e8 in uso.<\/p>\n<p><strong>LUMINOSIT\u00c0 REGOLABILE<\/strong><\/p>\n<p>L'MPRD 3 Tactix dispone di dieci livelli di luminosit\u00e0 per adattarsi alle condizioni di tiro. Inoltre, i livelli uno e due sono compatibili con la tecnologia di visione notturna. Le regolazioni si effettuano tramite i due pulsanti sul lato sinistro dell'unit\u00e0. Questi pulsanti sono della dimensione perfetta per modificare rapidamente il livello di luminosit\u00e0 anche con i guanti. Dalle condizioni di scarsa illuminazione a quelle estreme di luce diurna, l'adattabilit\u00e0 \u00e8 fondamentale: con un'ampia gamma di regolazioni, il 3 Tactix MPRD vi coprir\u00e0 in qualsiasi condizione.<\/p>\n<div id=\"brxe-pzrzqi\" class=\"brxe-block prod-ret-info\">\n<h3 id=\"brxe-ztlivr\" class=\"brxe-heading prod-tabs__title\">Informazioni sul reticolo:<\/h3>\n<p id=\"brxe-grjall\" class=\"brxe-text-basic prod-reticle-name\">RETICOLO: Punto 3 MOA + cerchio 30 MOA<\/p>\n<div id=\"brxe-rkyybx\" class=\"brxe-text-basic prod-ret__txt\">\n<p>Il <strong>Punto 3 MOA<\/strong> assicura una mira accurata per tiri precisi, mentre il cerchio da 30 MOA facilita l'acquisizione rapida del bersaglio a distanza ravvicinata. L'utente pu\u00f2 scegliere ci\u00f2 che meglio si adatta alle diverse situazioni di tiro.<\/p>\n<div id=\"brxe-abuzoo\" class=\"brxe-block x-tabs_panel x-tabs_panel-current\" tabindex=\"0\" role=\"tabpanel\" aria-labelledby=\"brxe-amrphz\">\n<div id=\"brxe-ohplhw\" class=\"brxe-block x-tabs_panel-content\">\n<h3 id=\"brxe-qcmket\" class=\"brxe-heading prod-tabs__title\">Caratteristiche principali:<\/h3>\n<div id=\"brxe-pnyzeh\" class=\"brxe-block prod-tab-feature\">\n<div class=\"brxe-xfsvub brxe-block prod-tab-key-loop\"><img loading=\"lazy\" decoding=\"async\" class=\"brxe-rtihxw brxe-image prod-feature__icon css-filter size-full\" src=\"https:\/\/ritonoptics.com\/wp-content\/uploads\/precision-quality-1.png\" alt=\"\" width=\"72\" height=\"74\" \/><\/p>\n<div class=\"brxe-anynyj brxe-div\">\n<p class=\"brxe-abizyp brxe-text-basic prod-feature__title\">Garanzia di qualit\u00e0 di precisione<\/p>\n<p class=\"brxe-lprtvs brxe-text-basic prod-feature__txt\">Ogni prodotto Riton viene sottoposto a un rigoroso processo di controllo della qualit\u00e0 da parte di tecnici certificati di Tucson, AZ. Ogni prodotto ricevuto \u00e8 stato sottoposto a...<\/p>\n<\/div>\n<\/div>\n<div class=\"brxe-xfsvub brxe-block prod-tab-key-loop\"><img loading=\"lazy\" decoding=\"async\" class=\"brxe-rtihxw brxe-image prod-feature__icon css-filter size-full\" src=\"https:\/\/ritonoptics.com\/wp-content\/uploads\/hd-glass-1.png\" alt=\"\" width=\"72\" height=\"74\" \/><\/p>\n<div class=\"brxe-anynyj brxe-div\">\n<p class=\"brxe-abizyp brxe-text-basic prod-feature__title\">Vetro Riton HD<\/p>\n<p class=\"brxe-lprtvs brxe-text-basic prod-feature__txt\">Il vetro Riton ad alta densit\u00e0 (HD) offre una trasmissione della luce pari a 99,5% per una maggiore chiarezza e un'immagine visiva ottimale.<\/p>\n<\/div>\n<\/div>\n<div class=\"brxe-xfsvub brxe-block prod-tab-key-loop\"><img loading=\"lazy\" decoding=\"async\" class=\"brxe-rtihxw brxe-image prod-feature__icon css-filter size-full\" src=\"https:\/\/ritonoptics.com\/wp-content\/uploads\/performance-coating-1.png\" alt=\"\" width=\"72\" height=\"74\" \/><\/p>\n<div class=\"brxe-anynyj brxe-div\">\n<p class=\"brxe-abizyp brxe-text-basic prod-feature__title\">Riton Performance Coating<\/p>\n<p class=\"brxe-lprtvs brxe-text-basic prod-feature__txt\">Grazie a lenti proprietarie completamente rivestite, tutte le ottiche Riton sono caratterizzate da un miglioramento della luminosit\u00e0, da rivestimenti a banda larga, antigraffio e antiriflesso per...<\/p>\n<div id=\"brxe-gtdyre\" class=\"brxe-block x-tabs_panel x-tabs_panel-current\" tabindex=\"0\" role=\"tabpanel\" aria-labelledby=\"brxe-yxbhdb\">\n<div id=\"brxe-eknisj\" class=\"brxe-block x-tabs_panel-content\">\n<h3 id=\"brxe-qzyxzy\" class=\"brxe-heading prod-tabs__title\">Specifiche complete:<\/h3>\n<div class=\"brxe-zlpnap brxe-block prod-tab-spec-loop\">\n<p class=\"brxe-ibnnrs brxe-text-basic tab-spec__value\">Ingrandimento: 1<\/p>\n<\/div>\n<div class=\"brxe-zlpnap brxe-block prod-tab-spec-loop\">\n<p class=\"brxe-ibnnrs brxe-text-basic tab-spec__value\">Diametro obiettivo: 21 mm x 16,4 mm<\/p>\n<\/div>\n<div class=\"brxe-zlpnap brxe-block prod-tab-spec-loop\">\n<p class=\"brxe-ibnnrs brxe-text-basic tab-spec__value\">Distanza dagli occhi: illimitata<\/p>\n<\/div>\n<div class=\"brxe-zlpnap brxe-block prod-tab-spec-loop\">\n<p class=\"brxe-ibnnrs brxe-text-basic tab-spec__value\">Valore di scatto: 1 MOA<\/p>\n<\/div>\n<div class=\"brxe-zlpnap brxe-block prod-tab-spec-loop\">\n<p class=\"brxe-ibnnrs brxe-text-basic tab-spec__value\">Campo di regolazione: 45 MOA<\/p>\n<\/div>\n<div class=\"brxe-zlpnap brxe-block prod-tab-spec-loop\">\n<p class=\"brxe-ibnnrs brxe-text-basic tab-spec__value\">Reticolo: punto 3 MOA + cerchio 30 MOA<\/p>\n<\/div>\n<div class=\"brxe-zlpnap brxe-block prod-tab-spec-loop\">\n<p class=\"brxe-ibnnrs brxe-text-basic tab-spec__value\">Altezza: 1.02in\/26mm<\/p>\n<\/div>\n<div class=\"brxe-zlpnap brxe-block prod-tab-spec-loop\">\n<p class=\"brxe-ibnnrs brxe-text-basic tab-spec__value\">Lunghezza: 1.64in\/41.6mm<\/p>\n<\/div>\n<div class=\"brxe-zlpnap brxe-block prod-tab-spec-loop\">\n<p class=\"brxe-ibnnrs brxe-text-basic tab-spec__value\">Larghezza: 1,02in\/25,8mm<\/p>\n<\/div>\n<div class=\"brxe-zlpnap brxe-block prod-tab-spec-loop\">\n<p class=\"brxe-ibnnrs brxe-text-basic tab-spec__value\">Peso: 0,96oz\/27,2g<\/p>\n<\/div>\n<div class=\"brxe-zlpnap brxe-block prod-tab-spec-loop\">\n<p class=\"brxe-ibnnrs brxe-text-basic tab-spec__value\">Materiale: lega di alluminio 7075<\/p>\n<\/div>\n<div class=\"brxe-zlpnap brxe-block prod-tab-spec-loop\">\n<p class=\"brxe-ibnnrs brxe-text-basic tab-spec__value\">Impronta:RMSc<\/p>\n<\/div>\n<div class=\"brxe-zlpnap brxe-block prod-tab-spec-loop\">\n<p class=\"brxe-ibnnrs brxe-text-basic tab-spec__value\">Batteria: CR1632<\/p>\n<\/div>\n<div class=\"brxe-zlpnap brxe-block prod-tab-spec-loop\">\n<p class=\"brxe-ibnnrs brxe-text-basic tab-spec__value\">Durata della batteria: 50.000 ore<\/p>\n<\/div>\n<div class=\"brxe-zlpnap brxe-block prod-tab-spec-loop\">\n<p class=\"brxe-ibnnrs brxe-text-basic tab-spec__value\">Grado di impermeabilit\u00e0: IPX67<\/p>\n<\/div>\n<div class=\"brxe-zlpnap brxe-block prod-tab-spec-loop\">\n<p class=\"brxe-ibnnrs brxe-text-basic tab-spec__value\">Accessori inclusi: chiave a brugola, batteria 1632, strumento per il punto rosso, panno per l'obiettivo, adattatore per guida Pic, viti di montaggio.<\/p>\n<\/div>\n<\/div>\n<\/div>\n<\/div>\n<\/div>\n<\/div>\n<\/div>\n<\/div>\n<\/div>\n<\/div>\n<\/div>\n<\/div>\n<\/div>","protected":false},"excerpt":{"rendered":"<p>Il <strong>3 Tactix MPRD 3 (micro punto rosso per pistola)<\/strong>, Il sistema \u00e8 stato progettato per garantire prestazioni e affidabilit\u00e0 per l'uso quotidiano. Il paraluce integrato protegge il vetro del punto da abrasioni, urti e luce solare, garantendo la visibilit\u00e0 del punto indipendentemente dagli ostacoli. Con tre opzioni di reticolo illuminato in rosso tra cui scegliere, \u00e8 possibile regolare il punto in base alle proprie preferenze. La batteria ha un'autonomia di 50.000 ore e la semplicit\u00e0 di un vano batteria a caricamento laterale che non richiede lo smontaggio dell'ottica per mantenerla alimentata.<\/p>","protected":false},"featured_media":1557,"comment_status":"open","ping_status":"closed","template":"","meta":[],"etheme_brands":[{"term_id":44,"name":"Riton","slug":"riton","term_group":0,"term_taxonomy_id":44,"taxonomy":"brand","description":"","parent":0,"count":18,"filter":"raw"}],"product_brand":[],"product_cat":[50],"product_tag":[],"class_list":{"0":"post-1542","1":"product","2":"type-product","3":"status-publish","4":"has-post-thumbnail","6":"brand-riton","7":"product_cat-red-dot-sights","9":"first","10":"instock","11":"sale","12":"taxable","13":"shipping-taxable","14":"purchasable","15":"product-type-simple"},"yoast_head":"<!-- This site is optimized with the Yoast SEO Premium plugin v25.7.1 (Yoast SEO v27.4) - https:\/\/yoast.com\/product\/yoast-seo-premium-wordpress\/ -->\n<title>Riton 3 Tactix PRD Red Dot Sight - Hunter Optics<\/title>\n<meta name=\"description\" content=\"Riton 3 Tactix PRD red dot sight delivers rapid target acquisition with an illuminated dot. Features aircraft-grade aluminum construction &amp; HD glass clarity. Shop now.\" \/>\n<meta name=\"robots\" content=\"index, follow, max-snippet:-1, max-image-preview:large, max-video-preview:-1\" \/>\n<link rel=\"canonical\" href=\"https:\/\/hunter-optics.com\/it\/prodotto\/mirino-a-punto-rosso-riton-3-tactix-prd\/\" \/>\n<meta property=\"og:locale\" content=\"it_IT\" \/>\n<meta property=\"og:type\" content=\"article\" \/>\n<meta property=\"og:title\" content=\"Riton 3 Tactix PRD Red Dot Sight\" \/>\n<meta property=\"og:description\" content=\"Riton 3 Tactix PRD red dot sight delivers rapid target acquisition with an illuminated dot. Features aircraft-grade aluminum construction &amp; HD glass clarity. Shop now.\" \/>\n<meta property=\"og:url\" content=\"https:\/\/hunter-optics.com\/it\/prodotto\/mirino-a-punto-rosso-riton-3-tactix-prd\/\" \/>\n<meta property=\"og:site_name\" content=\"Hunter Optics\" \/>\n<meta property=\"article:modified_time\" content=\"2025-10-11T08:58:47+00:00\" \/>\n<meta property=\"og:image\" content=\"https:\/\/hunter-optics.com\/wp-content\/uploads\/2025\/07\/3-Tactix-MPRD-3.webp\" \/>\n\t<meta property=\"og:image:width\" content=\"876\" \/>\n\t<meta property=\"og:image:height\" content=\"876\" \/>\n\t<meta property=\"og:image:type\" content=\"image\/webp\" \/>\n<meta name=\"twitter:card\" content=\"summary_large_image\" \/>\n<meta name=\"twitter:label1\" content=\"Prezzo\" \/>\n\t<meta name=\"twitter:data1\" content=\"&#036;199.99\" \/>\n\t<meta name=\"twitter:label2\" content=\"Disponibilit\u00e0\" \/>\n\t<meta name=\"twitter:data2\" content=\"In stock\" \/>\n<script type=\"application\/ld+json\" class=\"yoast-schema-graph\">{\"@context\":\"https:\\\/\\\/schema.org\",\"@graph\":[{\"@type\":\"WebPage\",\"@id\":\"https:\\\/\\\/hunter-optics.com\\\/product\\\/riton-3-tactix-prd-red-dot-sight\\\/\",\"url\":\"https:\\\/\\\/hunter-optics.com\\\/product\\\/riton-3-tactix-prd-red-dot-sight\\\/\",\"name\":\"Riton 3 Tactix PRD Red Dot Sight - Hunter Optics\",\"isPartOf\":{\"@id\":\"https:\\\/\\\/hunter-optics.com\\\/#website\"},\"primaryImageOfPage\":{\"@id\":\"https:\\\/\\\/hunter-optics.com\\\/product\\\/riton-3-tactix-prd-red-dot-sight\\\/#primaryimage\"},\"image\":{\"@id\":\"https:\\\/\\\/hunter-optics.com\\\/product\\\/riton-3-tactix-prd-red-dot-sight\\\/#primaryimage\"},\"thumbnailUrl\":\"https:\\\/\\\/hunter-optics.com\\\/wp-content\\\/uploads\\\/2025\\\/07\\\/3-Tactix-MPRD-3.webp\",\"datePublished\":\"2025-07-31T08:41:23+00:00\",\"dateModified\":\"2025-10-11T08:58:47+00:00\",\"description\":\"Riton 3 Tactix PRD red dot sight delivers rapid target acquisition with an illuminated dot. Features aircraft-grade aluminum construction & HD glass clarity. Shop now.\",\"breadcrumb\":{\"@id\":\"https:\\\/\\\/hunter-optics.com\\\/product\\\/riton-3-tactix-prd-red-dot-sight\\\/#breadcrumb\"},\"inLanguage\":\"it-IT\",\"potentialAction\":[{\"@type\":\"ReadAction\",\"target\":[\"https:\\\/\\\/hunter-optics.com\\\/product\\\/riton-3-tactix-prd-red-dot-sight\\\/\"]}]},{\"@type\":\"ImageObject\",\"inLanguage\":\"it-IT\",\"@id\":\"https:\\\/\\\/hunter-optics.com\\\/product\\\/riton-3-tactix-prd-red-dot-sight\\\/#primaryimage\",\"url\":\"https:\\\/\\\/hunter-optics.com\\\/wp-content\\\/uploads\\\/2025\\\/07\\\/3-Tactix-MPRD-3.webp\",\"contentUrl\":\"https:\\\/\\\/hunter-optics.com\\\/wp-content\\\/uploads\\\/2025\\\/07\\\/3-Tactix-MPRD-3.webp\",\"width\":876,\"height\":876},{\"@type\":\"BreadcrumbList\",\"@id\":\"https:\\\/\\\/hunter-optics.com\\\/product\\\/riton-3-tactix-prd-red-dot-sight\\\/#breadcrumb\",\"itemListElement\":[{\"@type\":\"ListItem\",\"position\":1,\"name\":\"Home\",\"item\":\"https:\\\/\\\/hunter-optics.com\\\/\"},{\"@type\":\"ListItem\",\"position\":2,\"name\":\"Products\",\"item\":\"https:\\\/\\\/hunter-optics.com\\\/shop\\\/\"},{\"@type\":\"ListItem\",\"position\":3,\"name\":\"Riton 3 Tactix PRD Red Dot Sight\"}]},{\"@type\":\"WebSite\",\"@id\":\"https:\\\/\\\/hunter-optics.com\\\/#website\",\"url\":\"https:\\\/\\\/hunter-optics.com\\\/\",\"name\":\"Hunter Optics\",\"description\":\"Hunter Optics \u2014 Your Eye on the Target.\",\"publisher\":{\"@id\":\"https:\\\/\\\/hunter-optics.com\\\/#organization\"},\"potentialAction\":[{\"@type\":\"SearchAction\",\"target\":{\"@type\":\"EntryPoint\",\"urlTemplate\":\"https:\\\/\\\/hunter-optics.com\\\/?s={search_term_string}\"},\"query-input\":{\"@type\":\"PropertyValueSpecification\",\"valueRequired\":true,\"valueName\":\"search_term_string\"}}],\"inLanguage\":\"it-IT\"},{\"@type\":\"Organization\",\"@id\":\"https:\\\/\\\/hunter-optics.com\\\/#organization\",\"name\":\"Hunter Optics\",\"url\":\"https:\\\/\\\/hunter-optics.com\\\/\",\"logo\":{\"@type\":\"ImageObject\",\"inLanguage\":\"it-IT\",\"@id\":\"https:\\\/\\\/hunter-optics.com\\\/#\\\/schema\\\/logo\\\/image\\\/\",\"url\":\"https:\\\/\\\/hunter-optics.com\\\/wp-content\\\/uploads\\\/2025\\\/06\\\/hunter-optics-logo-1.png\",\"contentUrl\":\"https:\\\/\\\/hunter-optics.com\\\/wp-content\\\/uploads\\\/2025\\\/06\\\/hunter-optics-logo-1.png\",\"width\":937,\"height\":373,\"caption\":\"Hunter Optics\"},\"image\":{\"@id\":\"https:\\\/\\\/hunter-optics.com\\\/#\\\/schema\\\/logo\\\/image\\\/\"}}]}<\/script>\n<meta property=\"product:brand\" content=\"Riton\" \/>\n<meta property=\"product:price:amount\" content=\"199.99\" \/>\n<meta property=\"product:price:currency\" content=\"USD\" \/>\n<meta property=\"og:availability\" content=\"instock\" \/>\n<meta property=\"product:availability\" content=\"instock\" \/>\n<meta property=\"product:condition\" content=\"new\" \/>\n<!-- \/ Yoast SEO Premium plugin. -->","yoast_head_json":{"title":"Mirino a punto rosso Riton 3 Tactix PRD - Ottica Hunter","description":"Il mirino a punto rosso Riton 3 Tactix PRD offre una rapida acquisizione del bersaglio con un punto illuminato. Presenta una struttura in alluminio aeronautico e una nitidezza del vetro HD. Acquista ora.","robots":{"index":"index","follow":"follow","max-snippet":"max-snippet:-1","max-image-preview":"max-image-preview:large","max-video-preview":"max-video-preview:-1"},"canonical":"https:\/\/hunter-optics.com\/it\/prodotto\/mirino-a-punto-rosso-riton-3-tactix-prd\/","og_locale":"it_IT","og_type":"article","og_title":"Riton 3 Tactix PRD Red Dot Sight","og_description":"Riton 3 Tactix PRD red dot sight delivers rapid target acquisition with an illuminated dot. Features aircraft-grade aluminum construction & HD glass clarity. Shop now.","og_url":"https:\/\/hunter-optics.com\/it\/prodotto\/mirino-a-punto-rosso-riton-3-tactix-prd\/","og_site_name":"Hunter Optics","article_modified_time":"2025-10-11T08:58:47+00:00","og_image":[{"width":876,"height":876,"url":"https:\/\/hunter-optics.com\/wp-content\/uploads\/2025\/07\/3-Tactix-MPRD-3.webp","type":"image\/webp"}],"twitter_card":"summary_large_image","twitter_misc":{"Prezzo":"&#36;199.99","Disponibilit\u00e0":"In stock"},"schema":{"@context":"https:\/\/schema.org","@graph":[{"@type":"WebPage","@id":"https:\/\/hunter-optics.com\/product\/riton-3-tactix-prd-red-dot-sight\/","url":"https:\/\/hunter-optics.com\/product\/riton-3-tactix-prd-red-dot-sight\/","name":"Mirino a punto rosso Riton 3 Tactix PRD - Ottica Hunter","isPartOf":{"@id":"https:\/\/hunter-optics.com\/#website"},"primaryImageOfPage":{"@id":"https:\/\/hunter-optics.com\/product\/riton-3-tactix-prd-red-dot-sight\/#primaryimage"},"image":{"@id":"https:\/\/hunter-optics.com\/product\/riton-3-tactix-prd-red-dot-sight\/#primaryimage"},"thumbnailUrl":"https:\/\/hunter-optics.com\/wp-content\/uploads\/2025\/07\/3-Tactix-MPRD-3.webp","datePublished":"2025-07-31T08:41:23+00:00","dateModified":"2025-10-11T08:58:47+00:00","description":"Il mirino a punto rosso Riton 3 Tactix PRD offre una rapida acquisizione del bersaglio con un punto illuminato. Presenta una struttura in alluminio aeronautico e una nitidezza del vetro HD. Acquista ora.","breadcrumb":{"@id":"https:\/\/hunter-optics.com\/product\/riton-3-tactix-prd-red-dot-sight\/#breadcrumb"},"inLanguage":"it-IT","potentialAction":[{"@type":"ReadAction","target":["https:\/\/hunter-optics.com\/product\/riton-3-tactix-prd-red-dot-sight\/"]}]},{"@type":"ImageObject","inLanguage":"it-IT","@id":"https:\/\/hunter-optics.com\/product\/riton-3-tactix-prd-red-dot-sight\/#primaryimage","url":"https:\/\/hunter-optics.com\/wp-content\/uploads\/2025\/07\/3-Tactix-MPRD-3.webp","contentUrl":"https:\/\/hunter-optics.com\/wp-content\/uploads\/2025\/07\/3-Tactix-MPRD-3.webp","width":876,"height":876},{"@type":"BreadcrumbList","@id":"https:\/\/hunter-optics.com\/product\/riton-3-tactix-prd-red-dot-sight\/#breadcrumb","itemListElement":[{"@type":"ListItem","position":1,"name":"Home","item":"https:\/\/hunter-optics.com\/"},{"@type":"ListItem","position":2,"name":"Products","item":"https:\/\/hunter-optics.com\/shop\/"},{"@type":"ListItem","position":3,"name":"Riton 3 Tactix PRD Red Dot Sight"}]},{"@type":"WebSite","@id":"https:\/\/hunter-optics.com\/#website","url":"https:\/\/hunter-optics.com\/","name":"Ottica Hunter","description":"Ottica per cacciatori - L'occhio sul bersaglio.","publisher":{"@id":"https:\/\/hunter-optics.com\/#organization"},"potentialAction":[{"@type":"SearchAction","target":{"@type":"EntryPoint","urlTemplate":"https:\/\/hunter-optics.com\/?s={search_term_string}"},"query-input":{"@type":"PropertyValueSpecification","valueRequired":true,"valueName":"search_term_string"}}],"inLanguage":"it-IT"},{"@type":"Organization","@id":"https:\/\/hunter-optics.com\/#organization","name":"Ottica Hunter","url":"https:\/\/hunter-optics.com\/","logo":{"@type":"ImageObject","inLanguage":"it-IT","@id":"https:\/\/hunter-optics.com\/#\/schema\/logo\/image\/","url":"https:\/\/hunter-optics.com\/wp-content\/uploads\/2025\/06\/hunter-optics-logo-1.png","contentUrl":"https:\/\/hunter-optics.com\/wp-content\/uploads\/2025\/06\/hunter-optics-logo-1.png","width":937,"height":373,"caption":"Hunter Optics"},"image":{"@id":"https:\/\/hunter-optics.com\/#\/schema\/logo\/image\/"}}]},"product_brand":"Riton","product_price_amount":"199.99","product_price_currency":"USD","og_availability":"instock","product_availability":"instock","product_condition":"new"},"_links":{"self":[{"href":"https:\/\/hunter-optics.com\/it\/wp-json\/wp\/v2\/product\/1542","targetHints":{"allow":["GET"]}}],"collection":[{"href":"https:\/\/hunter-optics.com\/it\/wp-json\/wp\/v2\/product"}],"about":[{"href":"https:\/\/hunter-optics.com\/it\/wp-json\/wp\/v2\/types\/product"}],"replies":[{"embeddable":true,"href":"https:\/\/hunter-optics.com\/it\/wp-json\/wp\/v2\/comments?post=1542"}],"version-history":[{"count":3,"href":"https:\/\/hunter-optics.com\/it\/wp-json\/wp\/v2\/product\/1542\/revisions"}],"predecessor-version":[{"id":1565,"href":"https:\/\/hunter-optics.com\/it\/wp-json\/wp\/v2\/product\/1542\/revisions\/1565"}],"wp:featuredmedia":[{"embeddable":true,"href":"https:\/\/hunter-optics.com\/it\/wp-json\/wp\/v2\/media\/1557"}],"wp:attachment":[{"href":"https:\/\/hunter-optics.com\/it\/wp-json\/wp\/v2\/media?parent=1542"}],"wp:term":[{"taxonomy":"brand","embeddable":true,"href":"https:\/\/hunter-optics.com\/it\/wp-json\/wp\/v2\/etheme_brands?post=1542"},{"taxonomy":"product_brand","embeddable":true,"href":"https:\/\/hunter-optics.com\/it\/wp-json\/wp\/v2\/product_brand?post=1542"},{"taxonomy":"product_cat","embeddable":true,"href":"https:\/\/hunter-optics.com\/it\/wp-json\/wp\/v2\/product_cat?post=1542"},{"taxonomy":"product_tag","embeddable":true,"href":"https:\/\/hunter-optics.com\/it\/wp-json\/wp\/v2\/product_tag?post=1542"}],"curies":[{"name":"wp","href":"https:\/\/api.w.org\/{rel}","templated":true}]}}