{"id":1527,"date":"2025-07-31T07:09:50","date_gmt":"2025-07-31T07:09:50","guid":{"rendered":"https:\/\/hunter-optics.com\/?post_type=product&#038;p=1527"},"modified":"2025-08-11T07:41:19","modified_gmt":"2025-08-11T07:41:19","slug":"athlon-argos-btr-gen2-6-24x50-ffp-apmr-mil-ir-30mm","status":"publish","type":"product","link":"https:\/\/hunter-optics.com\/it\/prodotto\/athlon-argos-btr-gen2-6-24x50-ffp-apmr-mil-ir-30mm\/","title":{"rendered":"Athlon ARGOS BTR GEN2 6-24\u00d750 FFP APMR MIL IR 30mm"},"content":{"rendered":"<div id=\"target_description\" class=\"w-full py-8 border-t mb-6 text-sm border-pbordergreydark pm-product-content open\">\n<ul>\n<li>Per coloro che sono alle prime armi con le PRS o che stanno cercando di iniziare, date un'occhiata alla famiglia di cannocchiali Argos BTR GEN2.<\/li>\n<li>Questi cannocchiali hanno caratteristiche che normalmente si trovano solo nei cannocchiali di fascia alta.<\/li>\n<li>L'ingrandimento 4x li rende versatili in diverse discipline di tiro.<\/li>\n<li>Sono inoltre dotati di un True Zero Stop di precisione e di un'ottica avanzata con rivestimento completo che offre un'immagine luminosa e cristallina anche in ambienti con scarsa illuminazione.<\/li>\n<li>L'Argos BTR GEN2 \u00e8 inoltre dotato del nostro esclusivo rivestimento XPL che protegge le lenti da sporco, grasso e condizioni atmosferiche avverse.<\/li>\n<li>Il tubo in alluminio aeronautico protegger\u00e0 queste ottiche di classe mondiale, indipendentemente dalle sollecitazioni che gli verranno inflitte.<\/li>\n<\/ul>\n<p><span id=\"link_specs\" class=\"border-t border-pbordergreydark text-lg sm:text-xl cursor-pointer font-serif block relative py-4 font-semibold pm-product-tablink grey open\">SPECIFICHE<\/span><\/p>\n<div id=\"target_specs\" class=\"w-full py-8 border-t mb-6 text-sm border-pbordergreydark pm-product-content open\">\n<ul>\n<li><strong>Ingrandimento:<\/strong> 6-24x<\/li>\n<li><strong>Diametro obiettivo:<\/strong> 50 mm<\/li>\n<li><strong>Reticolo:<\/strong> APMR FFP IR MIL, vetro inciso<\/li>\n<li><strong>Finitura superficiale:<\/strong> Opaco<\/li>\n<li><strong>Rivestimento dell'obiettivo:<\/strong> Banda larga completamente multistrato<\/li>\n<li><strong>Rivestimento extra:<\/strong> Rivestimento protettivo Xtra<\/li>\n<li><strong>Materiale del tubo:<\/strong> Alluminio di grado aeronautico<\/li>\n<li><strong>Diametro del tubo:<\/strong> 30 mm<\/li>\n<li><strong>Uscita dell'alunno:<\/strong>\u00a08,2-2,1 mm<\/li>\n<li><strong>Rilievo oculare:<\/strong> 3,3 pollici<\/li>\n<li><strong>Campo visivo a 100 metri:<\/strong> 16,7-4,5 piedi<\/li>\n<li><strong>Fare clic su Valore:<\/strong> 0,1MIL<\/li>\n<li><strong>Campo di regolazione per rotazione:<\/strong> 6MIL<\/li>\n<li><strong>Regolazione totale dell'elevazione:<\/strong> 18 MIL<\/li>\n<li><strong>Regolazione totale del Windage:<\/strong> 18 MIL<\/li>\n<li><strong>Stile torretta:<\/strong> Esposto<\/li>\n<li><strong>Regolazione della parallasse:\u00a0<\/strong>Messa a fuoco laterale: da 10 metri all'infinito<\/li>\n<li><strong>Materiale di spurgo:<\/strong> Argon<\/li>\n<li><strong>Lunghezza:<\/strong> 14,1 pollici<\/li>\n<li><strong>Peso:<\/strong> 30,3 once<\/li>\n<li>Prodotto in Cina<\/li>\n<\/ul>\n<p><span id=\"link_features\" class=\"border-t border-pbordergreydark text-lg sm:text-xl cursor-pointer font-serif block relative py-4 font-semibold pm-product-tablink grey open\">CARATTERISTICHE<\/span><\/p>\n<div id=\"target_features\" class=\"w-full py-8 border-t mb-6 text-sm border-pbordergreydark pm-product-content open\">\n<h4>Reticolo del primo piano focale:<\/h4>\n<ul>\n<li>Il design del primo piano focale consente di sfruttare appieno i reticoli appositamente progettati che si restringono o crescono insieme al bersaglio man mano che si ingrandisce o si rimpicciolisce.  Questi reticoli consentono di agganciare rapidamente il bersaglio a bassa potenza, offrendo al contempo posizioni precise di holdover con dettagli pi\u00f9 fini.<\/li>\n<\/ul>\n<h4>Reticolo illuminato:<\/h4>\n<ul>\n<li>Il reticolo illuminato offre una maggiore visibilit\u00e0 al crepuscolo e all'alba e in altri ambienti con scarsa illuminazione ambientale.<\/li>\n<\/ul>\n<h4>Reticolo in vetro acidato:<\/h4>\n<ul>\n<li>Reticolo inciso sul vetro che fornisce un eccellente supporto per la progettazione di reticoli complessi e offre una grande durata e una maggiore resistenza agli urti da rinculo.<\/li>\n<\/ul>\n<h4>Avanzato completamente multicoated:<\/h4>\n<ul>\n<li>L'ottica completamente multicoated riduce efficacemente la luce riflessa e aumenta la trasmissione della luce, offrendo un'immagine pi\u00f9 luminosa rispetto alle normali lenti con rivestimento singolo.<\/li>\n<\/ul>\n<h4>Sistema di arresto dello zero di precisione:<\/h4>\n<ul>\n<li>Il sistema consente di bloccare la posizione di zero e di tornare indietro con un arresto netto e preciso proprio in corrispondenza della tacca di zero, anche se si sta girando al buio pesto o in un angolo cieco.<\/li>\n<\/ul>\n<h4>Alluminio 6061 T6:<\/h4>\n<ul>\n<li>Il tubo in alluminio aeronautico 6061T6, dotato di una resistenza eccezionale e di un'integrit\u00e0 meccanica superiore, protegger\u00e0 queste ottiche di classe mondiale, indipendentemente da qualsiasi tipo di punizione.<\/li>\n<\/ul>\n<h4>Struttura tubolare monopezzo trattata termicamente:<\/h4>\n<ul>\n<li>Il tubo monopezzo trattato termicamente conferisce al cannocchiale una maggiore resistenza rispetto ai tubi in pi\u00f9 pezzi.  Inoltre, un tubo monopezzo \u00e8 in grado di trattenere meglio l'umidit\u00e0, mantenendo il cannocchiale a prova di nebbia per tutta la durata del prodotto.<\/li>\n<\/ul>\n<h4>Impermeabile:<\/h4>\n<ul>\n<li>Impermeabile per proteggere il cannocchiale nelle condizioni atmosferiche pi\u00f9 avverse o in caso di immersione accidentale sott'acqua.<\/li>\n<\/ul>\n<h4>A prova di nebbia:<\/h4>\n<ul>\n<li>A prova di nebbia, per consentire di agganciare immediatamente il bersaglio quando si porta il fucile a una temperatura ambiente fredda dal caldo dell'interno.<\/li>\n<\/ul>\n<h4>Antiurto:<\/h4>\n<ul>\n<li>Sistema meccanico robusto con design speciali sia sul sistema di controllo che su quello di erettore che garantiscono la massima resistenza al rinculo, in grado di sopportare 1000G di rinculo per 1000 volte.<\/li>\n<\/ul>\n<h4>Argon spurgato:<\/h4>\n<ul>\n<li>Lo spurgo con argon utilizza un gas inerte con molecole di dimensioni maggiori per eliminare l'umidit\u00e0 dal tubo, migliorando l'impermeabilit\u00e0 e la stabilit\u00e0 termica.<\/li>\n<\/ul>\n<p>&nbsp;<\/p>\n<\/div>\n<\/div>\n<\/div>","protected":false},"excerpt":{"rendered":"<p>Se siete alla ricerca di un cannocchiale da puntamento di alto livello, date un'occhiata alla famiglia di cannocchiali da puntamento Argos BTR GEN2. La famiglia Argos BTR GEN2 \u00e8 ideale per chi vuole iniziare a praticare il PRS o altre discipline di tiro a lunga distanza. Questa famiglia di cannocchiali da puntamento \u00e8 caratterizzata da modelli FFP e SFP, True Precision Zero Stop, lenti completamente multistrato, torrette di elevazione e di saliscendi a quadrante diretto (con copertura 1-8\u00d724), reticolo illuminato, tubo da 30 mm.<\/p>","protected":false},"featured_media":1529,"comment_status":"open","ping_status":"closed","template":"","meta":[],"etheme_brands":[{"term_id":46,"name":"Athlon","slug":"athlon","term_group":0,"term_taxonomy_id":46,"taxonomy":"brand","description":"Athlon is a proud US sports optics product company. Devoted to designing and delivering superior quality optics products and outdoor accessories at a competitive price to our consumers via our distribution and retail channels. Athlon has strong engineering capabilities, strategic alliances with quality manufacturers, and a streamlined fully integrated supply chain. These advantages enable us to bring the latest cutting edge technologies and cut out the extra layers of traditional supply chains. With these advantages we are able to deliver products to consumers with great cost savings. Our goal from day one is to pass those savings to you, the outdoor enthusiast.","parent":0,"count":8,"filter":"raw"}],"product_brand":[],"product_cat":[49],"product_tag":[],"class_list":{"0":"post-1527","1":"product","2":"type-product","3":"status-publish","4":"has-post-thumbnail","6":"brand-athlon","7":"product_cat-rifle-scopes","9":"first","10":"instock","11":"sale","12":"taxable","13":"shipping-taxable","14":"purchasable","15":"product-type-simple"},"yoast_head":"<!-- This site is optimized with the Yoast SEO Premium plugin v25.7.1 (Yoast SEO v27.4) - https:\/\/yoast.com\/product\/yoast-seo-premium-wordpress\/ -->\n<title>Athlon ARGOS BTR GEN2 6-24x50 FFP APMR MIL IR 30mm - Hunter Optics<\/title>\n<meta name=\"description\" content=\"Athlon Argos BTR GEN2 6-24x50 FFP scope features illuminated APLR2 MOA reticle, aircraft-grade aluminum body &amp; true zero-stop. Ideal for precision shooting. Shop now.\" \/>\n<meta name=\"robots\" content=\"index, follow, max-snippet:-1, max-image-preview:large, max-video-preview:-1\" \/>\n<link rel=\"canonical\" href=\"https:\/\/hunter-optics.com\/it\/prodotto\/athlon-argos-btr-gen2-6-24x50-ffp-apmr-mil-ir-30mm\/\" \/>\n<meta property=\"og:locale\" content=\"it_IT\" \/>\n<meta property=\"og:type\" content=\"article\" \/>\n<meta property=\"og:title\" content=\"Athlon ARGOS BTR GEN2 6-24x50 FFP APMR MIL IR 30mm\" \/>\n<meta property=\"og:description\" content=\"Athlon Argos BTR GEN2 6-24x50 FFP scope features illuminated APLR2 MOA reticle, aircraft-grade aluminum body &amp; true zero-stop. Ideal for precision shooting. Shop now.\" \/>\n<meta property=\"og:url\" content=\"https:\/\/hunter-optics.com\/it\/prodotto\/athlon-argos-btr-gen2-6-24x50-ffp-apmr-mil-ir-30mm\/\" \/>\n<meta property=\"og:site_name\" content=\"Hunter Optics\" \/>\n<meta property=\"article:modified_time\" content=\"2025-08-11T07:41:19+00:00\" \/>\n<meta property=\"og:image\" content=\"https:\/\/hunter-optics.com\/wp-content\/uploads\/2025\/07\/Athlon-Argos-BTR-GEN2.jpg\" \/>\n\t<meta property=\"og:image:width\" content=\"876\" \/>\n\t<meta property=\"og:image:height\" content=\"876\" \/>\n\t<meta property=\"og:image:type\" content=\"image\/jpeg\" \/>\n<meta name=\"twitter:card\" content=\"summary_large_image\" \/>\n<meta name=\"twitter:label1\" content=\"Prezzo\" \/>\n\t<meta name=\"twitter:data1\" content=\"&#036;429.99\" \/>\n\t<meta name=\"twitter:label2\" content=\"Disponibilit\u00e0\" \/>\n\t<meta name=\"twitter:data2\" content=\"In stock\" \/>\n<script type=\"application\/ld+json\" class=\"yoast-schema-graph\">{\"@context\":\"https:\\\/\\\/schema.org\",\"@graph\":[{\"@type\":\"WebPage\",\"@id\":\"https:\\\/\\\/hunter-optics.com\\\/product\\\/athlon-argos-btr-gen2-6-24x50-ffp-apmr-mil-ir-30mm\\\/\",\"url\":\"https:\\\/\\\/hunter-optics.com\\\/product\\\/athlon-argos-btr-gen2-6-24x50-ffp-apmr-mil-ir-30mm\\\/\",\"name\":\"Athlon ARGOS BTR GEN2 6-24x50 FFP APMR MIL IR 30mm - Hunter Optics\",\"isPartOf\":{\"@id\":\"https:\\\/\\\/hunter-optics.com\\\/#website\"},\"primaryImageOfPage\":{\"@id\":\"https:\\\/\\\/hunter-optics.com\\\/product\\\/athlon-argos-btr-gen2-6-24x50-ffp-apmr-mil-ir-30mm\\\/#primaryimage\"},\"image\":{\"@id\":\"https:\\\/\\\/hunter-optics.com\\\/product\\\/athlon-argos-btr-gen2-6-24x50-ffp-apmr-mil-ir-30mm\\\/#primaryimage\"},\"thumbnailUrl\":\"https:\\\/\\\/hunter-optics.com\\\/wp-content\\\/uploads\\\/2025\\\/07\\\/Athlon-Argos-BTR-GEN2.jpg\",\"datePublished\":\"2025-07-31T07:09:50+00:00\",\"dateModified\":\"2025-08-11T07:41:19+00:00\",\"description\":\"Athlon Argos BTR GEN2 6-24x50 FFP scope features illuminated APLR2 MOA reticle, aircraft-grade aluminum body & true zero-stop. Ideal for precision shooting. Shop now.\",\"breadcrumb\":{\"@id\":\"https:\\\/\\\/hunter-optics.com\\\/product\\\/athlon-argos-btr-gen2-6-24x50-ffp-apmr-mil-ir-30mm\\\/#breadcrumb\"},\"inLanguage\":\"it-IT\",\"potentialAction\":[{\"@type\":\"ReadAction\",\"target\":[\"https:\\\/\\\/hunter-optics.com\\\/product\\\/athlon-argos-btr-gen2-6-24x50-ffp-apmr-mil-ir-30mm\\\/\"]}]},{\"@type\":\"ImageObject\",\"inLanguage\":\"it-IT\",\"@id\":\"https:\\\/\\\/hunter-optics.com\\\/product\\\/athlon-argos-btr-gen2-6-24x50-ffp-apmr-mil-ir-30mm\\\/#primaryimage\",\"url\":\"https:\\\/\\\/hunter-optics.com\\\/wp-content\\\/uploads\\\/2025\\\/07\\\/Athlon-Argos-BTR-GEN2.jpg\",\"contentUrl\":\"https:\\\/\\\/hunter-optics.com\\\/wp-content\\\/uploads\\\/2025\\\/07\\\/Athlon-Argos-BTR-GEN2.jpg\",\"width\":876,\"height\":876},{\"@type\":\"BreadcrumbList\",\"@id\":\"https:\\\/\\\/hunter-optics.com\\\/product\\\/athlon-argos-btr-gen2-6-24x50-ffp-apmr-mil-ir-30mm\\\/#breadcrumb\",\"itemListElement\":[{\"@type\":\"ListItem\",\"position\":1,\"name\":\"Home\",\"item\":\"https:\\\/\\\/hunter-optics.com\\\/\"},{\"@type\":\"ListItem\",\"position\":2,\"name\":\"Products\",\"item\":\"https:\\\/\\\/hunter-optics.com\\\/shop\\\/\"},{\"@type\":\"ListItem\",\"position\":3,\"name\":\"Athlon ARGOS BTR GEN2 6-24&#215;50 FFP APMR MIL IR 30mm\"}]},{\"@type\":\"WebSite\",\"@id\":\"https:\\\/\\\/hunter-optics.com\\\/#website\",\"url\":\"https:\\\/\\\/hunter-optics.com\\\/\",\"name\":\"Hunter Optics\",\"description\":\"Hunter Optics \u2014 Your Eye on the Target.\",\"publisher\":{\"@id\":\"https:\\\/\\\/hunter-optics.com\\\/#organization\"},\"potentialAction\":[{\"@type\":\"SearchAction\",\"target\":{\"@type\":\"EntryPoint\",\"urlTemplate\":\"https:\\\/\\\/hunter-optics.com\\\/?s={search_term_string}\"},\"query-input\":{\"@type\":\"PropertyValueSpecification\",\"valueRequired\":true,\"valueName\":\"search_term_string\"}}],\"inLanguage\":\"it-IT\"},{\"@type\":\"Organization\",\"@id\":\"https:\\\/\\\/hunter-optics.com\\\/#organization\",\"name\":\"Hunter Optics\",\"url\":\"https:\\\/\\\/hunter-optics.com\\\/\",\"logo\":{\"@type\":\"ImageObject\",\"inLanguage\":\"it-IT\",\"@id\":\"https:\\\/\\\/hunter-optics.com\\\/#\\\/schema\\\/logo\\\/image\\\/\",\"url\":\"https:\\\/\\\/hunter-optics.com\\\/wp-content\\\/uploads\\\/2025\\\/06\\\/hunter-optics-logo-1.png\",\"contentUrl\":\"https:\\\/\\\/hunter-optics.com\\\/wp-content\\\/uploads\\\/2025\\\/06\\\/hunter-optics-logo-1.png\",\"width\":937,\"height\":373,\"caption\":\"Hunter Optics\"},\"image\":{\"@id\":\"https:\\\/\\\/hunter-optics.com\\\/#\\\/schema\\\/logo\\\/image\\\/\"}}]}<\/script>\n<meta property=\"product:brand\" content=\"Athlon\" \/>\n<meta property=\"product:price:amount\" content=\"429.99\" \/>\n<meta property=\"product:price:currency\" content=\"USD\" \/>\n<meta property=\"og:availability\" content=\"instock\" \/>\n<meta property=\"product:availability\" content=\"instock\" \/>\n<meta property=\"product:condition\" content=\"new\" \/>\n<!-- \/ Yoast SEO Premium plugin. -->","yoast_head_json":{"title":"Athlon ARGOS BTR GEN2 6-24x50 FFP APMR MIL IR 30mm - Ottica Hunter","description":"Il cannocchiale Athlon Argos BTR GEN2 6-24x50 FFP \u00e8 dotato di reticolo APLR2 MOA illuminato, corpo in alluminio aeronautico e vero zero-stop. Ideale per il tiro di precisione. Acquista ora.","robots":{"index":"index","follow":"follow","max-snippet":"max-snippet:-1","max-image-preview":"max-image-preview:large","max-video-preview":"max-video-preview:-1"},"canonical":"https:\/\/hunter-optics.com\/it\/prodotto\/athlon-argos-btr-gen2-6-24x50-ffp-apmr-mil-ir-30mm\/","og_locale":"it_IT","og_type":"article","og_title":"Athlon ARGOS BTR GEN2 6-24x50 FFP APMR MIL IR 30mm","og_description":"Athlon Argos BTR GEN2 6-24x50 FFP scope features illuminated APLR2 MOA reticle, aircraft-grade aluminum body & true zero-stop. Ideal for precision shooting. Shop now.","og_url":"https:\/\/hunter-optics.com\/it\/prodotto\/athlon-argos-btr-gen2-6-24x50-ffp-apmr-mil-ir-30mm\/","og_site_name":"Hunter Optics","article_modified_time":"2025-08-11T07:41:19+00:00","og_image":[{"width":876,"height":876,"url":"https:\/\/hunter-optics.com\/wp-content\/uploads\/2025\/07\/Athlon-Argos-BTR-GEN2.jpg","type":"image\/jpeg"}],"twitter_card":"summary_large_image","twitter_misc":{"Prezzo":"&#36;429.99","Disponibilit\u00e0":"In stock"},"schema":{"@context":"https:\/\/schema.org","@graph":[{"@type":"WebPage","@id":"https:\/\/hunter-optics.com\/product\/athlon-argos-btr-gen2-6-24x50-ffp-apmr-mil-ir-30mm\/","url":"https:\/\/hunter-optics.com\/product\/athlon-argos-btr-gen2-6-24x50-ffp-apmr-mil-ir-30mm\/","name":"Athlon ARGOS BTR GEN2 6-24x50 FFP APMR MIL IR 30mm - Ottica Hunter","isPartOf":{"@id":"https:\/\/hunter-optics.com\/#website"},"primaryImageOfPage":{"@id":"https:\/\/hunter-optics.com\/product\/athlon-argos-btr-gen2-6-24x50-ffp-apmr-mil-ir-30mm\/#primaryimage"},"image":{"@id":"https:\/\/hunter-optics.com\/product\/athlon-argos-btr-gen2-6-24x50-ffp-apmr-mil-ir-30mm\/#primaryimage"},"thumbnailUrl":"https:\/\/hunter-optics.com\/wp-content\/uploads\/2025\/07\/Athlon-Argos-BTR-GEN2.jpg","datePublished":"2025-07-31T07:09:50+00:00","dateModified":"2025-08-11T07:41:19+00:00","description":"Il cannocchiale Athlon Argos BTR GEN2 6-24x50 FFP \u00e8 dotato di reticolo APLR2 MOA illuminato, corpo in alluminio aeronautico e vero zero-stop. Ideale per il tiro di precisione. Acquista ora.","breadcrumb":{"@id":"https:\/\/hunter-optics.com\/product\/athlon-argos-btr-gen2-6-24x50-ffp-apmr-mil-ir-30mm\/#breadcrumb"},"inLanguage":"it-IT","potentialAction":[{"@type":"ReadAction","target":["https:\/\/hunter-optics.com\/product\/athlon-argos-btr-gen2-6-24x50-ffp-apmr-mil-ir-30mm\/"]}]},{"@type":"ImageObject","inLanguage":"it-IT","@id":"https:\/\/hunter-optics.com\/product\/athlon-argos-btr-gen2-6-24x50-ffp-apmr-mil-ir-30mm\/#primaryimage","url":"https:\/\/hunter-optics.com\/wp-content\/uploads\/2025\/07\/Athlon-Argos-BTR-GEN2.jpg","contentUrl":"https:\/\/hunter-optics.com\/wp-content\/uploads\/2025\/07\/Athlon-Argos-BTR-GEN2.jpg","width":876,"height":876},{"@type":"BreadcrumbList","@id":"https:\/\/hunter-optics.com\/product\/athlon-argos-btr-gen2-6-24x50-ffp-apmr-mil-ir-30mm\/#breadcrumb","itemListElement":[{"@type":"ListItem","position":1,"name":"Home","item":"https:\/\/hunter-optics.com\/"},{"@type":"ListItem","position":2,"name":"Products","item":"https:\/\/hunter-optics.com\/shop\/"},{"@type":"ListItem","position":3,"name":"Athlon ARGOS BTR GEN2 6-24&#215;50 FFP APMR MIL IR 30mm"}]},{"@type":"WebSite","@id":"https:\/\/hunter-optics.com\/#website","url":"https:\/\/hunter-optics.com\/","name":"Ottica Hunter","description":"Ottica per cacciatori - L'occhio sul bersaglio.","publisher":{"@id":"https:\/\/hunter-optics.com\/#organization"},"potentialAction":[{"@type":"SearchAction","target":{"@type":"EntryPoint","urlTemplate":"https:\/\/hunter-optics.com\/?s={search_term_string}"},"query-input":{"@type":"PropertyValueSpecification","valueRequired":true,"valueName":"search_term_string"}}],"inLanguage":"it-IT"},{"@type":"Organization","@id":"https:\/\/hunter-optics.com\/#organization","name":"Ottica Hunter","url":"https:\/\/hunter-optics.com\/","logo":{"@type":"ImageObject","inLanguage":"it-IT","@id":"https:\/\/hunter-optics.com\/#\/schema\/logo\/image\/","url":"https:\/\/hunter-optics.com\/wp-content\/uploads\/2025\/06\/hunter-optics-logo-1.png","contentUrl":"https:\/\/hunter-optics.com\/wp-content\/uploads\/2025\/06\/hunter-optics-logo-1.png","width":937,"height":373,"caption":"Hunter Optics"},"image":{"@id":"https:\/\/hunter-optics.com\/#\/schema\/logo\/image\/"}}]},"product_brand":"Athlon","product_price_amount":"429.99","product_price_currency":"USD","og_availability":"instock","product_availability":"instock","product_condition":"new"},"_links":{"self":[{"href":"https:\/\/hunter-optics.com\/it\/wp-json\/wp\/v2\/product\/1527","targetHints":{"allow":["GET"]}}],"collection":[{"href":"https:\/\/hunter-optics.com\/it\/wp-json\/wp\/v2\/product"}],"about":[{"href":"https:\/\/hunter-optics.com\/it\/wp-json\/wp\/v2\/types\/product"}],"replies":[{"embeddable":true,"href":"https:\/\/hunter-optics.com\/it\/wp-json\/wp\/v2\/comments?post=1527"}],"version-history":[{"count":5,"href":"https:\/\/hunter-optics.com\/it\/wp-json\/wp\/v2\/product\/1527\/revisions"}],"predecessor-version":[{"id":1744,"href":"https:\/\/hunter-optics.com\/it\/wp-json\/wp\/v2\/product\/1527\/revisions\/1744"}],"wp:featuredmedia":[{"embeddable":true,"href":"https:\/\/hunter-optics.com\/it\/wp-json\/wp\/v2\/media\/1529"}],"wp:attachment":[{"href":"https:\/\/hunter-optics.com\/it\/wp-json\/wp\/v2\/media?parent=1527"}],"wp:term":[{"taxonomy":"brand","embeddable":true,"href":"https:\/\/hunter-optics.com\/it\/wp-json\/wp\/v2\/etheme_brands?post=1527"},{"taxonomy":"product_brand","embeddable":true,"href":"https:\/\/hunter-optics.com\/it\/wp-json\/wp\/v2\/product_brand?post=1527"},{"taxonomy":"product_cat","embeddable":true,"href":"https:\/\/hunter-optics.com\/it\/wp-json\/wp\/v2\/product_cat?post=1527"},{"taxonomy":"product_tag","embeddable":true,"href":"https:\/\/hunter-optics.com\/it\/wp-json\/wp\/v2\/product_tag?post=1527"}],"curies":[{"name":"wp","href":"https:\/\/api.w.org\/{rel}","templated":true}]}}