{"id":1504,"date":"2025-07-31T06:22:35","date_gmt":"2025-07-31T06:22:35","guid":{"rendered":"https:\/\/hunter-optics.com\/?post_type=product&#038;p=1504"},"modified":"2025-07-31T06:24:20","modified_gmt":"2025-07-31T06:24:20","slug":"crimson-trace-4-20x50mm-mil-ffp-ctl-3420","status":"publish","type":"product","link":"https:\/\/hunter-optics.com\/it\/prodotto\/crimson-trace-4-20x50mm-mil-ffp-ctl-3420\/","title":{"rendered":"Crimson Trace 4-20x50mm MIL\/FFP CTL-3420"},"content":{"rendered":"<p>Il CTL-3420 Serie 3 \u00e8 un cannocchiale da puntamento di fascia media 4-20x50 mm ricco di funzioni, costruito appositamente da zero. Il primo piano focale (FFP) e l'impressionante nitidezza del vetro giapponese ED rendono l'esperienza di tiro impareggiabile. Il reticolo avanzato LR1-MIL, progettato su misura, \u00e8 completamente illuminato e offre rapidi punti di appoggio per l'et\u00e0 del vento e l'elevazione. Le torrette tattiche esposte . 1 MIL a vista offrono una sensazione di precisione e di robustezza durante la regolazione per ottenere i tiri pi\u00f9 precisi. L'intera linea di cannocchiali Crimson Trace offre indicatori di livellamento EZ mount per un montaggio rapido e preciso e rare tech (anello di allineamento rosso) per un corretto posizionamento degli occhi. Tutti i cannocchiali Crimson Trace sono coperti da una garanzia a vita.<\/p>\n<div class=\"a-row\">\n<div class=\"a-column a-span6\">\n<h1 class=\"a-size-medium a-spacing-small\">Dettagli tecnici<\/h1>\n<\/div>\n<\/div>\n<div class=\"a-expander-content a-expander-extend-content\" data-expanded=\"true\">\n<div class=\"a-row a-expander-container a-expander-inline-container\">\n<div class=\"a-expander-content a-expander-section-content a-section-expander-inner\" data-expanded=\"true\">\n<table id=\"productDetails_techSpec_section_1\" class=\"a-keyvalue prodDetTable\">\n<tbody>\n<tr>\n<th class=\"a-color-secondary a-size-base prodDetSectionEntry\">Marchio<\/th>\n<td class=\"a-size-base prodDetAttrValue\">Traccia cremisi<\/td>\n<\/tr>\n<tr>\n<th class=\"a-color-secondary a-size-base prodDetSectionEntry\">Colore<\/th>\n<td class=\"a-size-base prodDetAttrValue\">Nero<\/td>\n<\/tr>\n<tr>\n<th class=\"a-color-secondary a-size-base prodDetSectionEntry\">Stile<\/th>\n<td class=\"a-size-base prodDetAttrValue\">Tattico<\/td>\n<\/tr>\n<tr>\n<th class=\"a-color-secondary a-size-base prodDetSectionEntry\">Lo sport<\/th>\n<td class=\"a-size-base prodDetAttrValue\">Caccia, tattico e militare<\/td>\n<\/tr>\n<tr>\n<th class=\"a-color-secondary a-size-base prodDetSectionEntry\">Peso dell'articolo<\/th>\n<td class=\"a-size-base prodDetAttrValue\">3,76 libbre<\/td>\n<\/tr>\n<tr>\n<th class=\"a-color-secondary a-size-base prodDetSectionEntry\">Materiale<\/th>\n<td class=\"a-size-base prodDetAttrValue\">Alluminio<\/td>\n<\/tr>\n<tr>\n<th class=\"a-color-secondary a-size-base prodDetSectionEntry\">Ingrandimento massimo<\/th>\n<td class=\"a-size-base prodDetAttrValue\">20.00<\/td>\n<\/tr>\n<tr>\n<th class=\"a-color-secondary a-size-base prodDetSectionEntry\">Diametro dell'obiettivo<\/th>\n<td class=\"a-size-base prodDetAttrValue\">50 millimetri<\/td>\n<\/tr>\n<tr>\n<th class=\"a-color-secondary a-size-base prodDetSectionEntry\">Ingrandimento minimo<\/th>\n<td class=\"a-size-base prodDetAttrValue\">4.00<\/td>\n<\/tr>\n<tr>\n<th class=\"a-color-secondary a-size-base prodDetSectionEntry\">Dispositivi compatibili<\/th>\n<td class=\"a-size-base prodDetAttrValue\">Fucile<\/td>\n<\/tr>\n<tr>\n<th class=\"a-color-secondary a-size-base prodDetSectionEntry\">Tipo di montaggio<\/th>\n<td class=\"a-size-base prodDetAttrValue\">Montaggio ad estrusione<\/td>\n<\/tr>\n<tr>\n<th class=\"a-color-secondary a-size-base prodDetSectionEntry\">Visione notturna<\/th>\n<td class=\"a-size-base prodDetAttrValue\">No<\/td>\n<\/tr>\n<tr>\n<th class=\"a-color-secondary a-size-base prodDetSectionEntry\">Rilievo degli occhi<\/th>\n<td class=\"a-size-base prodDetAttrValue\">3,7 pollici<\/td>\n<\/tr>\n<tr>\n<th class=\"a-color-secondary a-size-base prodDetSectionEntry\">Campo visivo<\/th>\n<td class=\"a-size-base prodDetAttrValue\">28,9 piedi<\/td>\n<\/tr>\n<tr>\n<th class=\"a-color-secondary a-size-base prodDetSectionEntry\">Nome del modello<\/th>\n<td class=\"a-size-base prodDetAttrValue\">Ottica Crimson Trace Cannocchiale tattico 4-20x50mm MIL\/MIL FFP con LR1-MIL con reticolo illuminato, serie 3 CTL-3420<\/td>\n<\/tr>\n<tr>\n<th class=\"a-color-secondary a-size-base prodDetSectionEntry\">Produttore<\/th>\n<td class=\"a-size-base prodDetAttrValue\">Crimson Trace Corporation<\/td>\n<\/tr>\n<tr>\n<th class=\"a-color-secondary a-size-base prodDetSectionEntry\">Tipo di reticolo<\/th>\n<td class=\"a-size-base prodDetAttrValue\">LR1-MIL<\/td>\n<\/tr>\n<tr>\n<th class=\"a-color-secondary a-size-base prodDetSectionEntry\">UPC<\/th>\n<td class=\"a-size-base prodDetAttrValue\">850002469134<\/td>\n<\/tr>\n<tr>\n<th class=\"a-color-secondary a-size-base prodDetSectionEntry\">Articolo Dimensioni della confezione L x L x H<\/th>\n<td class=\"a-size-base prodDetAttrValue\">17,48 x 4,84 x 4,13 pollici<\/td>\n<\/tr>\n<tr>\n<th class=\"a-color-secondary a-size-base prodDetSectionEntry\">Peso della confezione<\/th>\n<td class=\"a-size-base prodDetAttrValue\">1,73 chilogrammi<\/td>\n<\/tr>\n<tr>\n<th class=\"a-color-secondary a-size-base prodDetSectionEntry\">Dimensioni dell'articolo LxLxH<\/th>\n<td class=\"a-size-base prodDetAttrValue\">14,5 x 3,4 x 2,5 pollici<\/td>\n<\/tr>\n<tr>\n<th class=\"a-color-secondary a-size-base prodDetSectionEntry\">Nome del marchio<\/th>\n<td class=\"a-size-base prodDetAttrValue\">Traccia cremisi<\/td>\n<\/tr>\n<tr>\n<th class=\"a-color-secondary a-size-base prodDetSectionEntry\">Descrizione della garanzia<\/th>\n<td class=\"a-size-base prodDetAttrValue\">https:\/\/www.crimsontrace.com\/support\/warranty, GARANZIA A VITA<\/td>\n<\/tr>\n<tr>\n<th class=\"a-color-secondary a-size-base prodDetSectionEntry\">Utenti consigliati<\/th>\n<td class=\"a-size-base prodDetAttrValue\">unisex-adulto<\/td>\n<\/tr>\n<tr>\n<th class=\"a-color-secondary a-size-base prodDetSectionEntry\">Numero di articoli<\/th>\n<td class=\"a-size-base prodDetAttrValue\">1<\/td>\n<\/tr>\n<tr>\n<th class=\"a-color-secondary a-size-base prodDetSectionEntry\">Numero di parte<\/th>\n<td class=\"a-size-base prodDetAttrValue\">CTL-3420<\/td>\n<\/tr>\n<tr>\n<th class=\"a-color-secondary a-size-base prodDetSectionEntry\">Anno del modello<\/th>\n<td class=\"a-size-base prodDetAttrValue\">2020<\/td>\n<\/tr>\n<tr>\n<th class=\"a-color-secondary a-size-base prodDetSectionEntry\">Componenti inclusi<\/th>\n<td class=\"a-size-base prodDetAttrValue\">Cannocchiale, batteria, manuale del sistema, manuale del reticolo, strumenti del sistema, 2x tappi a ribalta, panno per la pulizia dell'obiettivo<\/td>\n<\/tr>\n<tr>\n<th class=\"a-color-secondary a-size-base prodDetSectionEntry\">Dimensione<\/th>\n<td class=\"a-size-base prodDetAttrValue\">Taglia unica<\/td>\n<\/tr>\n<tr>\n<th class=\"a-color-secondary a-size-base prodDetSectionEntry\">Orientamento delle mani<\/th>\n<td class=\"a-size-base prodDetAttrValue\">Sinistra\/Destra<\/td>\n<\/tr>\n<\/tbody>\n<\/table>\n<\/div>\n<\/div>\n<\/div>","protected":false},"excerpt":{"rendered":"<ul class=\"a-unordered-list a-vertical a-spacing-mini\">\n<li class=\"a-spacing-mini\"><span class=\"a-list-item\"> POTENZA: Il cannocchiale 4-20x50 mm fa sembrare gli oggetti da quattro a venti volte pi\u00f9 vicini rispetto all'occhio nudo, grazie all'obiettivo da 50 mm. <\/span><\/li>\n<li class=\"a-spacing-mini\"><span class=\"a-list-item\"> PRIMO PIANO FOCALE (FFP): il reticolo illuminato avanzato LR1-MIL, inciso su vetro, si trova davanti al meccanismo di ingrandimento e scala per fornire punti di presa balistici corretti a qualsiasi distanza. <\/span><\/li>\n<li class=\"a-spacing-mini\"><span class=\"a-list-item\"> TORRETTE A VISTA CON RETICOLO AVANZATO LR1-MIL: <\/span><\/li>\n<li class=\"a-spacing-mini\"><span class=\"a-list-item\"> PRODUZIONE DI QUALIT\u00c0: Il tubo principale in alluminio anodizzato da 30 mm in un unico pezzo \u00e8 costruito per affrontare gli ambienti pi\u00f9 difficili. <\/span><\/li>\n<\/ul>","protected":false},"featured_media":1509,"comment_status":"open","ping_status":"closed","template":"","meta":[],"etheme_brands":[{"term_id":45,"name":"Crimson Trace","slug":"crimson-trace","term_group":0,"term_taxonomy_id":45,"taxonomy":"brand","description":"Crimson Trace is a manufacturer dedicated to producing the highest quality laser sights, tactical lights, electronic sights, and riflescopes for your pistols, rifles, and shotguns.","parent":0,"count":6,"filter":"raw"}],"product_brand":[],"product_cat":[49],"product_tag":[],"class_list":{"0":"post-1504","1":"product","2":"type-product","3":"status-publish","4":"has-post-thumbnail","6":"brand-crimson-trace","7":"product_cat-rifle-scopes","9":"first","10":"instock","11":"sale","12":"taxable","13":"shipping-taxable","14":"purchasable","15":"product-type-simple"},"yoast_head":"<!-- This site is optimized with the Yoast SEO Premium plugin v25.7.1 (Yoast SEO v27.4) - https:\/\/yoast.com\/product\/yoast-seo-premium-wordpress\/ -->\n<title>Crimson Trace 4-20x50mm MIL\/FFP CTL-3420 - Hunter Optics<\/title>\n<meta name=\"description\" content=\"The CTL-3420 3 Series is a feature rich 4-20x50mm mid-range rifle scope that has been purposefully built from the ground up.\" \/>\n<meta name=\"robots\" content=\"index, follow, max-snippet:-1, max-image-preview:large, max-video-preview:-1\" \/>\n<link rel=\"canonical\" href=\"https:\/\/hunter-optics.com\/it\/prodotto\/crimson-trace-4-20x50mm-mil-ffp-ctl-3420\/\" \/>\n<meta property=\"og:locale\" content=\"it_IT\" \/>\n<meta property=\"og:type\" content=\"article\" \/>\n<meta property=\"og:title\" content=\"Crimson Trace 4-20x50mm MIL\/FFP CTL-3420\" \/>\n<meta property=\"og:description\" content=\"The CTL-3420 3 Series is a feature rich 4-20x50mm mid-range rifle scope that has been purposefully built from the ground up.\" \/>\n<meta property=\"og:url\" content=\"https:\/\/hunter-optics.com\/it\/prodotto\/crimson-trace-4-20x50mm-mil-ffp-ctl-3420\/\" \/>\n<meta property=\"og:site_name\" content=\"Hunter Optics\" \/>\n<meta property=\"article:modified_time\" content=\"2025-07-31T06:24:20+00:00\" \/>\n<meta property=\"og:image\" content=\"https:\/\/hunter-optics.com\/wp-content\/uploads\/2025\/07\/CTL-3420.jpg\" \/>\n\t<meta property=\"og:image:width\" content=\"876\" \/>\n\t<meta property=\"og:image:height\" content=\"876\" \/>\n\t<meta property=\"og:image:type\" content=\"image\/jpeg\" \/>\n<meta name=\"twitter:card\" content=\"summary_large_image\" \/>\n<meta name=\"twitter:label1\" content=\"Prezzo\" \/>\n\t<meta name=\"twitter:data1\" content=\"&#036;669.99\" \/>\n\t<meta name=\"twitter:label2\" content=\"Disponibilit\u00e0\" \/>\n\t<meta name=\"twitter:data2\" content=\"In stock\" \/>\n<script type=\"application\/ld+json\" class=\"yoast-schema-graph\">{\"@context\":\"https:\\\/\\\/schema.org\",\"@graph\":[{\"@type\":\"WebPage\",\"@id\":\"https:\\\/\\\/hunter-optics.com\\\/product\\\/crimson-trace-4-20x50mm-mil-ffp-ctl-3420\\\/\",\"url\":\"https:\\\/\\\/hunter-optics.com\\\/product\\\/crimson-trace-4-20x50mm-mil-ffp-ctl-3420\\\/\",\"name\":\"Crimson Trace 4-20x50mm MIL\\\/FFP CTL-3420 - Hunter Optics\",\"isPartOf\":{\"@id\":\"https:\\\/\\\/hunter-optics.com\\\/#website\"},\"primaryImageOfPage\":{\"@id\":\"https:\\\/\\\/hunter-optics.com\\\/product\\\/crimson-trace-4-20x50mm-mil-ffp-ctl-3420\\\/#primaryimage\"},\"image\":{\"@id\":\"https:\\\/\\\/hunter-optics.com\\\/product\\\/crimson-trace-4-20x50mm-mil-ffp-ctl-3420\\\/#primaryimage\"},\"thumbnailUrl\":\"https:\\\/\\\/hunter-optics.com\\\/wp-content\\\/uploads\\\/2025\\\/07\\\/CTL-3420.jpg\",\"datePublished\":\"2025-07-31T06:22:35+00:00\",\"dateModified\":\"2025-07-31T06:24:20+00:00\",\"description\":\"The CTL-3420 3 Series is a feature rich 4-20x50mm mid-range rifle scope that has been purposefully built from the ground up.\",\"breadcrumb\":{\"@id\":\"https:\\\/\\\/hunter-optics.com\\\/product\\\/crimson-trace-4-20x50mm-mil-ffp-ctl-3420\\\/#breadcrumb\"},\"inLanguage\":\"it-IT\",\"potentialAction\":[{\"@type\":\"ReadAction\",\"target\":[\"https:\\\/\\\/hunter-optics.com\\\/product\\\/crimson-trace-4-20x50mm-mil-ffp-ctl-3420\\\/\"]}]},{\"@type\":\"ImageObject\",\"inLanguage\":\"it-IT\",\"@id\":\"https:\\\/\\\/hunter-optics.com\\\/product\\\/crimson-trace-4-20x50mm-mil-ffp-ctl-3420\\\/#primaryimage\",\"url\":\"https:\\\/\\\/hunter-optics.com\\\/wp-content\\\/uploads\\\/2025\\\/07\\\/CTL-3420.jpg\",\"contentUrl\":\"https:\\\/\\\/hunter-optics.com\\\/wp-content\\\/uploads\\\/2025\\\/07\\\/CTL-3420.jpg\",\"width\":876,\"height\":876},{\"@type\":\"BreadcrumbList\",\"@id\":\"https:\\\/\\\/hunter-optics.com\\\/product\\\/crimson-trace-4-20x50mm-mil-ffp-ctl-3420\\\/#breadcrumb\",\"itemListElement\":[{\"@type\":\"ListItem\",\"position\":1,\"name\":\"Home\",\"item\":\"https:\\\/\\\/hunter-optics.com\\\/\"},{\"@type\":\"ListItem\",\"position\":2,\"name\":\"Products\",\"item\":\"https:\\\/\\\/hunter-optics.com\\\/shop\\\/\"},{\"@type\":\"ListItem\",\"position\":3,\"name\":\"Crimson Trace 4-20x50mm MIL\\\/FFP CTL-3420\"}]},{\"@type\":\"WebSite\",\"@id\":\"https:\\\/\\\/hunter-optics.com\\\/#website\",\"url\":\"https:\\\/\\\/hunter-optics.com\\\/\",\"name\":\"Hunter Optics\",\"description\":\"Hunter Optics \u2014 Your Eye on the Target.\",\"publisher\":{\"@id\":\"https:\\\/\\\/hunter-optics.com\\\/#organization\"},\"potentialAction\":[{\"@type\":\"SearchAction\",\"target\":{\"@type\":\"EntryPoint\",\"urlTemplate\":\"https:\\\/\\\/hunter-optics.com\\\/?s={search_term_string}\"},\"query-input\":{\"@type\":\"PropertyValueSpecification\",\"valueRequired\":true,\"valueName\":\"search_term_string\"}}],\"inLanguage\":\"it-IT\"},{\"@type\":\"Organization\",\"@id\":\"https:\\\/\\\/hunter-optics.com\\\/#organization\",\"name\":\"Hunter Optics\",\"url\":\"https:\\\/\\\/hunter-optics.com\\\/\",\"logo\":{\"@type\":\"ImageObject\",\"inLanguage\":\"it-IT\",\"@id\":\"https:\\\/\\\/hunter-optics.com\\\/#\\\/schema\\\/logo\\\/image\\\/\",\"url\":\"https:\\\/\\\/hunter-optics.com\\\/wp-content\\\/uploads\\\/2025\\\/06\\\/hunter-optics-logo-1.png\",\"contentUrl\":\"https:\\\/\\\/hunter-optics.com\\\/wp-content\\\/uploads\\\/2025\\\/06\\\/hunter-optics-logo-1.png\",\"width\":937,\"height\":373,\"caption\":\"Hunter Optics\"},\"image\":{\"@id\":\"https:\\\/\\\/hunter-optics.com\\\/#\\\/schema\\\/logo\\\/image\\\/\"}}]}<\/script>\n<meta property=\"product:brand\" content=\"Crimson Trace\" \/>\n<meta property=\"product:price:amount\" content=\"669.99\" \/>\n<meta property=\"product:price:currency\" content=\"USD\" \/>\n<meta property=\"og:availability\" content=\"instock\" \/>\n<meta property=\"product:availability\" content=\"instock\" \/>\n<meta property=\"product:condition\" content=\"new\" \/>\n<!-- \/ Yoast SEO Premium plugin. -->","yoast_head_json":{"title":"Crimson Trace 4-20x50mm MIL\/FFP CTL-3420 - Ottica per cacciatori","description":"Il CTL-3420 Serie 3 \u00e8 un cannocchiale da puntamento medio 4-20x50 mm ricco di funzioni, costruito appositamente da zero.","robots":{"index":"index","follow":"follow","max-snippet":"max-snippet:-1","max-image-preview":"max-image-preview:large","max-video-preview":"max-video-preview:-1"},"canonical":"https:\/\/hunter-optics.com\/it\/prodotto\/crimson-trace-4-20x50mm-mil-ffp-ctl-3420\/","og_locale":"it_IT","og_type":"article","og_title":"Crimson Trace 4-20x50mm MIL\/FFP CTL-3420","og_description":"The CTL-3420 3 Series is a feature rich 4-20x50mm mid-range rifle scope that has been purposefully built from the ground up.","og_url":"https:\/\/hunter-optics.com\/it\/prodotto\/crimson-trace-4-20x50mm-mil-ffp-ctl-3420\/","og_site_name":"Hunter Optics","article_modified_time":"2025-07-31T06:24:20+00:00","og_image":[{"width":876,"height":876,"url":"https:\/\/hunter-optics.com\/wp-content\/uploads\/2025\/07\/CTL-3420.jpg","type":"image\/jpeg"}],"twitter_card":"summary_large_image","twitter_misc":{"Prezzo":"&#36;669.99","Disponibilit\u00e0":"In stock"},"schema":{"@context":"https:\/\/schema.org","@graph":[{"@type":"WebPage","@id":"https:\/\/hunter-optics.com\/product\/crimson-trace-4-20x50mm-mil-ffp-ctl-3420\/","url":"https:\/\/hunter-optics.com\/product\/crimson-trace-4-20x50mm-mil-ffp-ctl-3420\/","name":"Crimson Trace 4-20x50mm MIL\/FFP CTL-3420 - Ottica per cacciatori","isPartOf":{"@id":"https:\/\/hunter-optics.com\/#website"},"primaryImageOfPage":{"@id":"https:\/\/hunter-optics.com\/product\/crimson-trace-4-20x50mm-mil-ffp-ctl-3420\/#primaryimage"},"image":{"@id":"https:\/\/hunter-optics.com\/product\/crimson-trace-4-20x50mm-mil-ffp-ctl-3420\/#primaryimage"},"thumbnailUrl":"https:\/\/hunter-optics.com\/wp-content\/uploads\/2025\/07\/CTL-3420.jpg","datePublished":"2025-07-31T06:22:35+00:00","dateModified":"2025-07-31T06:24:20+00:00","description":"Il CTL-3420 Serie 3 \u00e8 un cannocchiale da puntamento medio 4-20x50 mm ricco di funzioni, costruito appositamente da zero.","breadcrumb":{"@id":"https:\/\/hunter-optics.com\/product\/crimson-trace-4-20x50mm-mil-ffp-ctl-3420\/#breadcrumb"},"inLanguage":"it-IT","potentialAction":[{"@type":"ReadAction","target":["https:\/\/hunter-optics.com\/product\/crimson-trace-4-20x50mm-mil-ffp-ctl-3420\/"]}]},{"@type":"ImageObject","inLanguage":"it-IT","@id":"https:\/\/hunter-optics.com\/product\/crimson-trace-4-20x50mm-mil-ffp-ctl-3420\/#primaryimage","url":"https:\/\/hunter-optics.com\/wp-content\/uploads\/2025\/07\/CTL-3420.jpg","contentUrl":"https:\/\/hunter-optics.com\/wp-content\/uploads\/2025\/07\/CTL-3420.jpg","width":876,"height":876},{"@type":"BreadcrumbList","@id":"https:\/\/hunter-optics.com\/product\/crimson-trace-4-20x50mm-mil-ffp-ctl-3420\/#breadcrumb","itemListElement":[{"@type":"ListItem","position":1,"name":"Home","item":"https:\/\/hunter-optics.com\/"},{"@type":"ListItem","position":2,"name":"Products","item":"https:\/\/hunter-optics.com\/shop\/"},{"@type":"ListItem","position":3,"name":"Crimson Trace 4-20x50mm MIL\/FFP CTL-3420"}]},{"@type":"WebSite","@id":"https:\/\/hunter-optics.com\/#website","url":"https:\/\/hunter-optics.com\/","name":"Ottica Hunter","description":"Ottica per cacciatori - L'occhio sul bersaglio.","publisher":{"@id":"https:\/\/hunter-optics.com\/#organization"},"potentialAction":[{"@type":"SearchAction","target":{"@type":"EntryPoint","urlTemplate":"https:\/\/hunter-optics.com\/?s={search_term_string}"},"query-input":{"@type":"PropertyValueSpecification","valueRequired":true,"valueName":"search_term_string"}}],"inLanguage":"it-IT"},{"@type":"Organization","@id":"https:\/\/hunter-optics.com\/#organization","name":"Ottica Hunter","url":"https:\/\/hunter-optics.com\/","logo":{"@type":"ImageObject","inLanguage":"it-IT","@id":"https:\/\/hunter-optics.com\/#\/schema\/logo\/image\/","url":"https:\/\/hunter-optics.com\/wp-content\/uploads\/2025\/06\/hunter-optics-logo-1.png","contentUrl":"https:\/\/hunter-optics.com\/wp-content\/uploads\/2025\/06\/hunter-optics-logo-1.png","width":937,"height":373,"caption":"Hunter Optics"},"image":{"@id":"https:\/\/hunter-optics.com\/#\/schema\/logo\/image\/"}}]},"product_brand":"Crimson Trace","product_price_amount":"669.99","product_price_currency":"USD","og_availability":"instock","product_availability":"instock","product_condition":"new"},"_links":{"self":[{"href":"https:\/\/hunter-optics.com\/it\/wp-json\/wp\/v2\/product\/1504","targetHints":{"allow":["GET"]}}],"collection":[{"href":"https:\/\/hunter-optics.com\/it\/wp-json\/wp\/v2\/product"}],"about":[{"href":"https:\/\/hunter-optics.com\/it\/wp-json\/wp\/v2\/types\/product"}],"replies":[{"embeddable":true,"href":"https:\/\/hunter-optics.com\/it\/wp-json\/wp\/v2\/comments?post=1504"}],"version-history":[{"count":1,"href":"https:\/\/hunter-optics.com\/it\/wp-json\/wp\/v2\/product\/1504\/revisions"}],"predecessor-version":[{"id":1512,"href":"https:\/\/hunter-optics.com\/it\/wp-json\/wp\/v2\/product\/1504\/revisions\/1512"}],"wp:featuredmedia":[{"embeddable":true,"href":"https:\/\/hunter-optics.com\/it\/wp-json\/wp\/v2\/media\/1509"}],"wp:attachment":[{"href":"https:\/\/hunter-optics.com\/it\/wp-json\/wp\/v2\/media?parent=1504"}],"wp:term":[{"taxonomy":"brand","embeddable":true,"href":"https:\/\/hunter-optics.com\/it\/wp-json\/wp\/v2\/etheme_brands?post=1504"},{"taxonomy":"product_brand","embeddable":true,"href":"https:\/\/hunter-optics.com\/it\/wp-json\/wp\/v2\/product_brand?post=1504"},{"taxonomy":"product_cat","embeddable":true,"href":"https:\/\/hunter-optics.com\/it\/wp-json\/wp\/v2\/product_cat?post=1504"},{"taxonomy":"product_tag","embeddable":true,"href":"https:\/\/hunter-optics.com\/it\/wp-json\/wp\/v2\/product_tag?post=1504"}],"curies":[{"name":"wp","href":"https:\/\/api.w.org\/{rel}","templated":true}]}}