{"id":1489,"date":"2025-07-29T09:38:29","date_gmt":"2025-07-29T09:38:29","guid":{"rendered":"https:\/\/hunter-optics.com\/?post_type=product&#038;p=1489"},"modified":"2025-07-31T06:10:29","modified_gmt":"2025-07-31T06:10:29","slug":"crimson-trace-5-serie-3-18x50mm-ctl-5318","status":"publish","type":"product","link":"https:\/\/hunter-optics.com\/it\/prodotto\/crimson-trace-5-serie-3-18x50mm-ctl-5318\/","title":{"rendered":"Crimson Trace Serie 5 3-18x50 mm CTL-5318"},"content":{"rendered":"<h2 id=\"caption-header\">Informazioni sul prodotto per il cannocchiale tattico Crimson Trace Serie 5 3-18x50 mm<\/h2>\n<div>\n<div id=\"product-caption-block-description\" class=\"product-caption-block product-caption-block\">\n<p>Il Crimson Trace CTL-5318 Serie 5 \u00e8 un cannocchiale da puntamento di fascia media 3-18x50 mm ricco di funzioni e costruito appositamente da zero. Il primo piano focale (FFP) e l'impressionante nitidezza del vetro giapponese ED rendono l'esperienza di tiro impareggiabile. Il reticolo avanzato MR1-MIL, progettato su misura, \u00e8 completamente illuminato e offre rapidi punti di hold-over per il windage e l'elevazione. Le torrette tattiche da .1 MIL esposte offrono una sensazione di precisione e di robustezza quando si tratta di effettuare i tiri pi\u00f9 precisi. L'intera linea di cannocchiali Crimson Trace offre indicatori di livellamento EZ Mount per un montaggio rapido e preciso e un anello di allineamento rosso per un corretto posizionamento degli occhi. Tutti i cannocchiali Crimson Trace fanno parte del programma FREE Batteries For Life e sono coperti da garanzia a vita.Primo piano focale (FFP): il reticolo illuminato avanzato MR1-MIL, inciso su vetro, si trova davanti al meccanismo di ingrandimento e fornisce punti di presa balistici corretti a qualsiasi distanza. Questa caratteristica consente di puntare il reticolo in qualsiasi punto della scala di ingrandimento e di effettuare misurazioni precise della distanza. Numerosi punti di mantenimento del windage consentono regolazioni al volo in condizioni ambientali sempre diverse. Il vetro ED completamente rivestito di qualit\u00e0 superiore garantisce una migliore qualit\u00e0 dell'immagine in tutto lo spettro visivo. Il cannocchiale 3-18x50 mm fa sembrare gli oggetti da tre a diciotto volte pi\u00f9 vicini rispetto all'occhio nudo, grazie a un obiettivo da 50 mmTorrette esposte con reticolo MR1-MIL Advanced: La possibilit\u00e0 di regolare l'elevazione e il guadagno rende la Serie 5 ottimale per le applicazioni di caccia di precisione a lungo raggio, pur essendo leggeraZero-Stop per un ritorno a zero semplificato e un indicatore di seconda rotazioneCassa oculare incredibilmente indulgente con regolazione diottrica per mantenere un reticolo a fuoco Il tubo principale in alluminio anodizzato da 30 mm in un unico pezzo \u00e8 costruito per affrontare gli ambienti pi\u00f9 difficiliImpermeabile e antiappannamento con lenti rivestite per proteggere da graffi, olio e detritiPurgato con azoto e sigillato con O-Ring<img loading=\"lazy\" decoding=\"async\" src=\"https:\/\/opl.0ps.us\/assets-1d43849faec\/base\/opweb\/base\/desktop\/img\/pixels\/description-product-pixel.gif\" alt=\"immagine\" width=\"1\" height=\"1\" \/>.<\/p>\n<div id=\"product-caption-block-manufacture-specification\" class=\"product-caption-block product-caption-block\">\n<h3>Specifiche per il cannocchiale tattico Crimson Trace Serie 5 3-18x50 mm:<\/h3>\n<table class=\"spec-table\" border=\"0\" cellspacing=\"0\" cellpadding=\"0\">\n<tbody>\n<tr>\n<td class=\"spec-left-column\">Produttore:<\/td>\n<td width=\"50%\">Traccia cremisi<\/td>\n<\/tr>\n<tr>\n<td class=\"spec-left-column\">Diametro obiettivo:<\/td>\n<td width=\"50%\">50 mm<\/td>\n<\/tr>\n<tr>\n<td class=\"spec-left-column\">Ingrandimento:<\/td>\n<td width=\"50%\">3 - 18 x<\/td>\n<\/tr>\n<tr>\n<td class=\"spec-left-column\">Reticolo:<\/td>\n<td width=\"50%\">MR1-MIL Reticolo illuminato<\/td>\n<\/tr>\n<tr>\n<td class=\"spec-left-column\">Diametro del tubo:<\/td>\n<td width=\"50%\">34 mm<\/td>\n<\/tr>\n<tr>\n<td class=\"spec-left-column\">Piano focale del reticolo:<\/td>\n<td width=\"50%\">Primo piano focale (FFP)<\/td>\n<\/tr>\n<tr>\n<td class=\"spec-left-column\">Uscita dell'alunno:<\/td>\n<td width=\"50%\">2,8 - 9 mm<\/td>\n<\/tr>\n<tr>\n<td class=\"spec-left-column\">Colore dell'illuminazione:<\/td>\n<td width=\"50%\">Rosso<\/td>\n<\/tr>\n<tr>\n<td class=\"spec-left-column\">Finitura:<\/td>\n<td width=\"50%\">Opaco<\/td>\n<\/tr>\n<tr>\n<td class=\"spec-left-column\">Campo visivo, Lineare:<\/td>\n<td width=\"50%\">33,2 piedi a 100 metri<\/td>\n<\/tr>\n<tr>\n<td class=\"spec-left-column\">Rilievo oculare:<\/td>\n<td width=\"50%\">3,5 in<\/td>\n<\/tr>\n<tr>\n<td class=\"spec-left-column\">Gamma di regolazione diottrica:<\/td>\n<td width=\"50%\">-3 - 2 dpt<\/td>\n<\/tr>\n<tr>\n<td class=\"spec-left-column\">Colore:<\/td>\n<td width=\"50%\">Nero<\/td>\n<\/tr>\n<tr>\n<td class=\"spec-left-column\">Regolazione Fare clic su Valore:<\/td>\n<td width=\"50%\">0,1 Mil Rad<\/td>\n<\/tr>\n<tr>\n<td class=\"spec-left-column\">Lunghezza:<\/td>\n<td width=\"50%\">17 in<\/td>\n<\/tr>\n<tr>\n<td class=\"spec-left-column\">Tipo di regolazione:<\/td>\n<td width=\"50%\">Mil Rad<\/td>\n<\/tr>\n<tr>\n<td class=\"spec-left-column\">Parallasse:<\/td>\n<td width=\"50%\">Da 10 metri all'infinito<\/td>\n<\/tr>\n<tr>\n<td class=\"spec-left-column\">Tipo di illuminazione:<\/td>\n<td width=\"50%\">LED<\/td>\n<\/tr>\n<tr>\n<td class=\"spec-left-column\">Tipo di batteria:<\/td>\n<td width=\"50%\">CR2032<\/td>\n<\/tr>\n<tr>\n<td class=\"spec-left-column\">Larghezza:<\/td>\n<td width=\"50%\">4,75 in<\/td>\n<\/tr>\n<tr>\n<td class=\"spec-left-column\">Tessuto\/Materiale:<\/td>\n<td width=\"50%\">Tubo in alluminio aeronautico 6061-T6 in un unico pezzo<\/td>\n<\/tr>\n<tr>\n<td class=\"spec-left-column\">Altezza:<\/td>\n<td width=\"50%\">50 mm<\/td>\n<\/tr>\n<tr>\n<td class=\"spec-left-column\">Gamma di messa a fuoco:<\/td>\n<td width=\"50%\">Da 10 metri all'infinito<\/td>\n<\/tr>\n<tr>\n<td class=\"spec-left-column\">Materiale della lente:<\/td>\n<td width=\"50%\">Vetro ED<\/td>\n<\/tr>\n<tr>\n<td class=\"spec-left-column\">Rivestimento ottico:<\/td>\n<td width=\"50%\">Completamente rivestito in pi\u00f9 parti<\/td>\n<\/tr>\n<tr>\n<td class=\"spec-left-column\">Temperatura di esercizio:<\/td>\n<td width=\"50%\">-10 - 50 Celsius<\/td>\n<\/tr>\n<tr>\n<td class=\"spec-left-column\">Livello di impermeabilit\u00e0:<\/td>\n<td width=\"50%\">Impermeabile<\/td>\n<\/tr>\n<tr>\n<td class=\"spec-left-column\">A prova di nebbia:<\/td>\n<td width=\"50%\">S\u00ec<\/td>\n<\/tr>\n<tr>\n<td class=\"spec-left-column\">Quantit\u00e0 di batterie:<\/td>\n<td width=\"50%\">1<\/td>\n<\/tr>\n<tr>\n<td class=\"spec-left-column\">Accessori inclusi:<\/td>\n<td width=\"50%\">Panno per la pulizia dell'obiettivo, batteria, tappi a scatto<\/td>\n<\/tr>\n<tr>\n<td class=\"spec-left-column\">Tipo di ingrandimento:<\/td>\n<td width=\"50%\">Variabile<\/td>\n<\/tr>\n<tr>\n<td class=\"spec-left-column\">Caratteristiche aggiuntive:<\/td>\n<td width=\"50%\">Azzeramento<\/td>\n<\/tr>\n<tr>\n<td class=\"spec-left-column\">Altezza anello:<\/td>\n<td width=\"50%\">34 mm<\/td>\n<\/tr>\n<tr>\n<td class=\"spec-left-column\">Tipo di attacco:<\/td>\n<td width=\"50%\">Anello per cannocchiale<\/td>\n<\/tr>\n<\/tbody>\n<\/table>\n<\/div>\n<\/div>\n<\/div>","protected":false},"excerpt":{"rendered":"<p><span class=\"IpNPnb\" data-spec-name=\"Reticle\"><strong>Reticolo: <\/strong>MR1-MIL Reticolo illuminato <\/span><span class=\"IpNPnb\" data-spec-name=\"Tube Diameter\"><strong>Diametro del tubo: <\/strong>34 mm<\/span><span class=\"IpNPnb\" data-spec-name=\"Reticle Focal Plane\"><strong>Piano focale del reticolo: <\/strong>Primo piano focale (FFP) <\/span><span class=\"IpNPnb\" data-spec-name=\"Illumination Color\"><strong>Colore dell'illuminazione: <\/strong>Rosso <\/span><span class=\"IpNPnb\" data-spec-name=\"Finish\"><strong>Finitura: <\/strong>Opaco <\/span><span class=\"IpNPnb\" data-spec-name=\"Color\"><strong>Colore: <\/strong>Nero <\/span><span class=\"IpNPnb\" data-spec-name=\"Adjustment Click Value\"><strong>Regolazione Fare clic su Valore: <\/strong>0,1 Mil Rad<\/span><span class=\"IpNPnb\" data-spec-name=\"Adjustment Type\"><strong>Tipo di regolazione: <\/strong>Mil Rad <\/span><span class=\"IpNPnb\" data-spec-name=\"Illumination Type\"><strong>Tipo di illuminazione: <\/strong>LED <\/span><\/p>","protected":false},"featured_media":1490,"comment_status":"open","ping_status":"closed","template":"","meta":[],"etheme_brands":[{"term_id":45,"name":"Crimson Trace","slug":"crimson-trace","term_group":0,"term_taxonomy_id":45,"taxonomy":"brand","description":"Crimson Trace is a manufacturer dedicated to producing the highest quality laser sights, tactical lights, electronic sights, and riflescopes for your pistols, rifles, and shotguns.","parent":0,"count":6,"filter":"raw"}],"product_brand":[],"product_cat":[49],"product_tag":[],"class_list":{"0":"post-1489","1":"product","2":"type-product","3":"status-publish","4":"has-post-thumbnail","6":"brand-crimson-trace","7":"product_cat-rifle-scopes","9":"first","10":"instock","11":"sale","12":"taxable","13":"shipping-taxable","14":"purchasable","15":"product-type-simple"},"yoast_head":"<!-- This site is optimized with the Yoast SEO Premium plugin v25.7.1 (Yoast SEO v27.4) - https:\/\/yoast.com\/product\/yoast-seo-premium-wordpress\/ -->\n<title>Crimson Trace 5 Series 3-18x50mm CTL-5318 - Hunter Optics<\/title>\n<meta name=\"description\" content=\"The Crimson Trace 5 Series 3-18x50mm CTL-5318 is a feature rich 3-18x50mm mid-range rifle scope that has been purposefully built from the ground up.\" \/>\n<meta name=\"robots\" content=\"index, follow, max-snippet:-1, max-image-preview:large, max-video-preview:-1\" \/>\n<link rel=\"canonical\" href=\"https:\/\/hunter-optics.com\/it\/prodotto\/crimson-trace-5-serie-3-18x50mm-ctl-5318\/\" \/>\n<meta property=\"og:locale\" content=\"it_IT\" \/>\n<meta property=\"og:type\" content=\"article\" \/>\n<meta property=\"og:title\" content=\"Crimson Trace 5 Series 3-18x50mm CTL-5318\" \/>\n<meta property=\"og:description\" content=\"The Crimson Trace 5 Series 3-18x50mm CTL-5318 is a feature rich 3-18x50mm mid-range rifle scope that has been purposefully built from the ground up.\" \/>\n<meta property=\"og:url\" content=\"https:\/\/hunter-optics.com\/it\/prodotto\/crimson-trace-5-serie-3-18x50mm-ctl-5318\/\" \/>\n<meta property=\"og:site_name\" content=\"Hunter Optics\" \/>\n<meta property=\"article:modified_time\" content=\"2025-07-31T06:10:29+00:00\" \/>\n<meta property=\"og:image\" content=\"https:\/\/hunter-optics.com\/wp-content\/uploads\/2025\/07\/Crimson-Trace-5-Series-3-18x50mm-CTL-5318.jpg\" \/>\n\t<meta property=\"og:image:width\" content=\"876\" \/>\n\t<meta property=\"og:image:height\" content=\"876\" \/>\n\t<meta property=\"og:image:type\" content=\"image\/jpeg\" \/>\n<meta name=\"twitter:card\" content=\"summary_large_image\" \/>\n<meta name=\"twitter:label1\" content=\"Prezzo\" \/>\n\t<meta name=\"twitter:data1\" content=\"&#036;769.99\" \/>\n\t<meta name=\"twitter:label2\" content=\"Disponibilit\u00e0\" \/>\n\t<meta name=\"twitter:data2\" content=\"In stock\" \/>\n<script type=\"application\/ld+json\" class=\"yoast-schema-graph\">{\"@context\":\"https:\\\/\\\/schema.org\",\"@graph\":[{\"@type\":\"WebPage\",\"@id\":\"https:\\\/\\\/hunter-optics.com\\\/product\\\/crimson-trace-5-series-3-18x50mm-ctl-5318\\\/\",\"url\":\"https:\\\/\\\/hunter-optics.com\\\/product\\\/crimson-trace-5-series-3-18x50mm-ctl-5318\\\/\",\"name\":\"Crimson Trace 5 Series 3-18x50mm CTL-5318 - Hunter Optics\",\"isPartOf\":{\"@id\":\"https:\\\/\\\/hunter-optics.com\\\/#website\"},\"primaryImageOfPage\":{\"@id\":\"https:\\\/\\\/hunter-optics.com\\\/product\\\/crimson-trace-5-series-3-18x50mm-ctl-5318\\\/#primaryimage\"},\"image\":{\"@id\":\"https:\\\/\\\/hunter-optics.com\\\/product\\\/crimson-trace-5-series-3-18x50mm-ctl-5318\\\/#primaryimage\"},\"thumbnailUrl\":\"https:\\\/\\\/hunter-optics.com\\\/wp-content\\\/uploads\\\/2025\\\/07\\\/Crimson-Trace-5-Series-3-18x50mm-CTL-5318.jpg\",\"datePublished\":\"2025-07-29T09:38:29+00:00\",\"dateModified\":\"2025-07-31T06:10:29+00:00\",\"description\":\"The Crimson Trace 5 Series 3-18x50mm CTL-5318 is a feature rich 3-18x50mm mid-range rifle scope that has been purposefully built from the ground up.\",\"breadcrumb\":{\"@id\":\"https:\\\/\\\/hunter-optics.com\\\/product\\\/crimson-trace-5-series-3-18x50mm-ctl-5318\\\/#breadcrumb\"},\"inLanguage\":\"it-IT\",\"potentialAction\":[{\"@type\":\"ReadAction\",\"target\":[\"https:\\\/\\\/hunter-optics.com\\\/product\\\/crimson-trace-5-series-3-18x50mm-ctl-5318\\\/\"]}]},{\"@type\":\"ImageObject\",\"inLanguage\":\"it-IT\",\"@id\":\"https:\\\/\\\/hunter-optics.com\\\/product\\\/crimson-trace-5-series-3-18x50mm-ctl-5318\\\/#primaryimage\",\"url\":\"https:\\\/\\\/hunter-optics.com\\\/wp-content\\\/uploads\\\/2025\\\/07\\\/Crimson-Trace-5-Series-3-18x50mm-CTL-5318.jpg\",\"contentUrl\":\"https:\\\/\\\/hunter-optics.com\\\/wp-content\\\/uploads\\\/2025\\\/07\\\/Crimson-Trace-5-Series-3-18x50mm-CTL-5318.jpg\",\"width\":876,\"height\":876},{\"@type\":\"BreadcrumbList\",\"@id\":\"https:\\\/\\\/hunter-optics.com\\\/product\\\/crimson-trace-5-series-3-18x50mm-ctl-5318\\\/#breadcrumb\",\"itemListElement\":[{\"@type\":\"ListItem\",\"position\":1,\"name\":\"Home\",\"item\":\"https:\\\/\\\/hunter-optics.com\\\/\"},{\"@type\":\"ListItem\",\"position\":2,\"name\":\"Products\",\"item\":\"https:\\\/\\\/hunter-optics.com\\\/shop\\\/\"},{\"@type\":\"ListItem\",\"position\":3,\"name\":\"Crimson Trace 5 Series 3-18x50mm CTL-5318\"}]},{\"@type\":\"WebSite\",\"@id\":\"https:\\\/\\\/hunter-optics.com\\\/#website\",\"url\":\"https:\\\/\\\/hunter-optics.com\\\/\",\"name\":\"Hunter Optics\",\"description\":\"Hunter Optics \u2014 Your Eye on the Target.\",\"publisher\":{\"@id\":\"https:\\\/\\\/hunter-optics.com\\\/#organization\"},\"potentialAction\":[{\"@type\":\"SearchAction\",\"target\":{\"@type\":\"EntryPoint\",\"urlTemplate\":\"https:\\\/\\\/hunter-optics.com\\\/?s={search_term_string}\"},\"query-input\":{\"@type\":\"PropertyValueSpecification\",\"valueRequired\":true,\"valueName\":\"search_term_string\"}}],\"inLanguage\":\"it-IT\"},{\"@type\":\"Organization\",\"@id\":\"https:\\\/\\\/hunter-optics.com\\\/#organization\",\"name\":\"Hunter Optics\",\"url\":\"https:\\\/\\\/hunter-optics.com\\\/\",\"logo\":{\"@type\":\"ImageObject\",\"inLanguage\":\"it-IT\",\"@id\":\"https:\\\/\\\/hunter-optics.com\\\/#\\\/schema\\\/logo\\\/image\\\/\",\"url\":\"https:\\\/\\\/hunter-optics.com\\\/wp-content\\\/uploads\\\/2025\\\/06\\\/hunter-optics-logo-1.png\",\"contentUrl\":\"https:\\\/\\\/hunter-optics.com\\\/wp-content\\\/uploads\\\/2025\\\/06\\\/hunter-optics-logo-1.png\",\"width\":937,\"height\":373,\"caption\":\"Hunter Optics\"},\"image\":{\"@id\":\"https:\\\/\\\/hunter-optics.com\\\/#\\\/schema\\\/logo\\\/image\\\/\"}}]}<\/script>\n<meta property=\"product:brand\" content=\"Crimson Trace\" \/>\n<meta property=\"product:price:amount\" content=\"769.99\" \/>\n<meta property=\"product:price:currency\" content=\"USD\" \/>\n<meta property=\"og:availability\" content=\"instock\" \/>\n<meta property=\"product:availability\" content=\"instock\" \/>\n<meta property=\"product:condition\" content=\"new\" \/>\n<!-- \/ Yoast SEO Premium plugin. -->","yoast_head_json":{"title":"Crimson Trace Serie 5 3-18x50 mm CTL-5318 - Ottica per cacciatori","description":"Il Crimson Trace 5 Series 3-18x50mm CTL-5318 \u00e8 un cannocchiale da puntamento di fascia media 3-18x50mm ricco di funzioni e costruito appositamente da zero.","robots":{"index":"index","follow":"follow","max-snippet":"max-snippet:-1","max-image-preview":"max-image-preview:large","max-video-preview":"max-video-preview:-1"},"canonical":"https:\/\/hunter-optics.com\/it\/prodotto\/crimson-trace-5-serie-3-18x50mm-ctl-5318\/","og_locale":"it_IT","og_type":"article","og_title":"Crimson Trace 5 Series 3-18x50mm CTL-5318","og_description":"The Crimson Trace 5 Series 3-18x50mm CTL-5318 is a feature rich 3-18x50mm mid-range rifle scope that has been purposefully built from the ground up.","og_url":"https:\/\/hunter-optics.com\/it\/prodotto\/crimson-trace-5-serie-3-18x50mm-ctl-5318\/","og_site_name":"Hunter Optics","article_modified_time":"2025-07-31T06:10:29+00:00","og_image":[{"width":876,"height":876,"url":"https:\/\/hunter-optics.com\/wp-content\/uploads\/2025\/07\/Crimson-Trace-5-Series-3-18x50mm-CTL-5318.jpg","type":"image\/jpeg"}],"twitter_card":"summary_large_image","twitter_misc":{"Prezzo":"&#36;769.99","Disponibilit\u00e0":"In stock"},"schema":{"@context":"https:\/\/schema.org","@graph":[{"@type":"WebPage","@id":"https:\/\/hunter-optics.com\/product\/crimson-trace-5-series-3-18x50mm-ctl-5318\/","url":"https:\/\/hunter-optics.com\/product\/crimson-trace-5-series-3-18x50mm-ctl-5318\/","name":"Crimson Trace Serie 5 3-18x50 mm CTL-5318 - Ottica per cacciatori","isPartOf":{"@id":"https:\/\/hunter-optics.com\/#website"},"primaryImageOfPage":{"@id":"https:\/\/hunter-optics.com\/product\/crimson-trace-5-series-3-18x50mm-ctl-5318\/#primaryimage"},"image":{"@id":"https:\/\/hunter-optics.com\/product\/crimson-trace-5-series-3-18x50mm-ctl-5318\/#primaryimage"},"thumbnailUrl":"https:\/\/hunter-optics.com\/wp-content\/uploads\/2025\/07\/Crimson-Trace-5-Series-3-18x50mm-CTL-5318.jpg","datePublished":"2025-07-29T09:38:29+00:00","dateModified":"2025-07-31T06:10:29+00:00","description":"Il Crimson Trace 5 Series 3-18x50mm CTL-5318 \u00e8 un cannocchiale da puntamento di fascia media 3-18x50mm ricco di funzioni e costruito appositamente da zero.","breadcrumb":{"@id":"https:\/\/hunter-optics.com\/product\/crimson-trace-5-series-3-18x50mm-ctl-5318\/#breadcrumb"},"inLanguage":"it-IT","potentialAction":[{"@type":"ReadAction","target":["https:\/\/hunter-optics.com\/product\/crimson-trace-5-series-3-18x50mm-ctl-5318\/"]}]},{"@type":"ImageObject","inLanguage":"it-IT","@id":"https:\/\/hunter-optics.com\/product\/crimson-trace-5-series-3-18x50mm-ctl-5318\/#primaryimage","url":"https:\/\/hunter-optics.com\/wp-content\/uploads\/2025\/07\/Crimson-Trace-5-Series-3-18x50mm-CTL-5318.jpg","contentUrl":"https:\/\/hunter-optics.com\/wp-content\/uploads\/2025\/07\/Crimson-Trace-5-Series-3-18x50mm-CTL-5318.jpg","width":876,"height":876},{"@type":"BreadcrumbList","@id":"https:\/\/hunter-optics.com\/product\/crimson-trace-5-series-3-18x50mm-ctl-5318\/#breadcrumb","itemListElement":[{"@type":"ListItem","position":1,"name":"Home","item":"https:\/\/hunter-optics.com\/"},{"@type":"ListItem","position":2,"name":"Products","item":"https:\/\/hunter-optics.com\/shop\/"},{"@type":"ListItem","position":3,"name":"Crimson Trace 5 Series 3-18x50mm CTL-5318"}]},{"@type":"WebSite","@id":"https:\/\/hunter-optics.com\/#website","url":"https:\/\/hunter-optics.com\/","name":"Ottica Hunter","description":"Ottica per cacciatori - L'occhio sul bersaglio.","publisher":{"@id":"https:\/\/hunter-optics.com\/#organization"},"potentialAction":[{"@type":"SearchAction","target":{"@type":"EntryPoint","urlTemplate":"https:\/\/hunter-optics.com\/?s={search_term_string}"},"query-input":{"@type":"PropertyValueSpecification","valueRequired":true,"valueName":"search_term_string"}}],"inLanguage":"it-IT"},{"@type":"Organization","@id":"https:\/\/hunter-optics.com\/#organization","name":"Ottica Hunter","url":"https:\/\/hunter-optics.com\/","logo":{"@type":"ImageObject","inLanguage":"it-IT","@id":"https:\/\/hunter-optics.com\/#\/schema\/logo\/image\/","url":"https:\/\/hunter-optics.com\/wp-content\/uploads\/2025\/06\/hunter-optics-logo-1.png","contentUrl":"https:\/\/hunter-optics.com\/wp-content\/uploads\/2025\/06\/hunter-optics-logo-1.png","width":937,"height":373,"caption":"Hunter Optics"},"image":{"@id":"https:\/\/hunter-optics.com\/#\/schema\/logo\/image\/"}}]},"product_brand":"Crimson Trace","product_price_amount":"769.99","product_price_currency":"USD","og_availability":"instock","product_availability":"instock","product_condition":"new"},"_links":{"self":[{"href":"https:\/\/hunter-optics.com\/it\/wp-json\/wp\/v2\/product\/1489","targetHints":{"allow":["GET"]}}],"collection":[{"href":"https:\/\/hunter-optics.com\/it\/wp-json\/wp\/v2\/product"}],"about":[{"href":"https:\/\/hunter-optics.com\/it\/wp-json\/wp\/v2\/types\/product"}],"replies":[{"embeddable":true,"href":"https:\/\/hunter-optics.com\/it\/wp-json\/wp\/v2\/comments?post=1489"}],"version-history":[{"count":1,"href":"https:\/\/hunter-optics.com\/it\/wp-json\/wp\/v2\/product\/1489\/revisions"}],"predecessor-version":[{"id":1497,"href":"https:\/\/hunter-optics.com\/it\/wp-json\/wp\/v2\/product\/1489\/revisions\/1497"}],"wp:featuredmedia":[{"embeddable":true,"href":"https:\/\/hunter-optics.com\/it\/wp-json\/wp\/v2\/media\/1490"}],"wp:attachment":[{"href":"https:\/\/hunter-optics.com\/it\/wp-json\/wp\/v2\/media?parent=1489"}],"wp:term":[{"taxonomy":"brand","embeddable":true,"href":"https:\/\/hunter-optics.com\/it\/wp-json\/wp\/v2\/etheme_brands?post=1489"},{"taxonomy":"product_brand","embeddable":true,"href":"https:\/\/hunter-optics.com\/it\/wp-json\/wp\/v2\/product_brand?post=1489"},{"taxonomy":"product_cat","embeddable":true,"href":"https:\/\/hunter-optics.com\/it\/wp-json\/wp\/v2\/product_cat?post=1489"},{"taxonomy":"product_tag","embeddable":true,"href":"https:\/\/hunter-optics.com\/it\/wp-json\/wp\/v2\/product_tag?post=1489"}],"curies":[{"name":"wp","href":"https:\/\/api.w.org\/{rel}","templated":true}]}}