{"id":1313,"date":"2025-07-03T07:40:10","date_gmt":"2025-07-03T07:40:10","guid":{"rendered":"https:\/\/hunter-optics.com\/?post_type=product&#038;p=1313"},"modified":"2025-07-29T06:00:30","modified_gmt":"2025-07-29T06:00:30","slug":"riton-5-conquistare-5-25x50ir-ffp-mrad","status":"publish","type":"product","link":"https:\/\/hunter-optics.com\/it\/prodotto\/riton-5-conquistare-5-25x50ir-ffp-mrad\/","title":{"rendered":"Riton 5 Conquer 5-25x50IR FFP MRAD"},"content":{"rendered":"<h4 class=\"a-spacing-mini\">Riton X5 Conquer 5-25\u00d750 MRAD<\/h4>\n<p class=\"a-spacing-base\">Dotato di un tubo da 34 mm e di un rapporto di ingrandimento di 5x, il Riton 5 Conquer 5-25\u00d750 presenta la combinazione perfetta di chiarezza e durata per garantire il successo di ogni tiro. Grazie al reticolo First Focal Plane (FFP), alla leva di lancio integrata e alle avanzate torrette Riton R5 Zero Stop, quest'ottica consente di effettuare tiri rapidi e mirati a qualsiasi distanza.<\/p>\n<h5>Promessa di Riton<\/h5>\n<p class=\"a-spacing-base\">Come parte della Promessa Riton, crediamo nel fornirvi il miglior servizio possibile, compresa la migliore promessa di prodotto del settore. La qualit\u00e0 dei nostri prodotti fa s\u00ec che questa sia la migliore promessa che probabilmente non dovrete mai usare; tuttavia, come cacciatori e tiratori, sappiamo che a volte accadono cose brutte anche alle migliori attrezzature.<\/p>\n<h3 class=\"a-spacing-mini\">Informazioni sul reticolo PSR di Riton<\/h3>\n<p class=\"a-spacing-base\">Il 5 Conquer 5-25\u00d750 MRAD in primo piano focale \u00e8 dotato del reticolo PSR. Uno dei reticoli pi\u00f9 popolari di Riton per una buona ragione!<\/p>\n<ul class=\"a-unordered-list a-vertical\">\n<li><span class=\"a-list-item\">0,4 Punto centrale MRAD<\/span><\/li>\n<li><span class=\"a-list-item\">0,2 MRAD di distanza tra i punti<\/span><\/li>\n<li><span class=\"a-list-item\">1 MRAD tra le linee.<\/span><\/li>\n<\/ul>\n<div class=\"apm-flex-item-fourth-width\">\n<p class=\"apm-text-center\"><img decoding=\"async\" class=\"\" src=\"https:\/\/m.media-amazon.com\/images\/S\/aplus-media-library-service-media\/2a3691ca-1ba6-425a-81d6-eea9b48041b0.__CR18,0,464,464_PT0_SX220_V1___.jpg\" alt=\"Icona RitonOptics.EPCleanRoom.Icona\" data-src=\"https:\/\/m.media-amazon.com\/images\/S\/aplus-media-library-service-media\/2a3691ca-1ba6-425a-81d6-eea9b48041b0.__CR18,0,464,464_PT0_SX220_V1___.jpg\" \/><\/p>\n<h4 class=\"a-spacing-mini\">Assemblati in camera bianca EP<\/h4>\n<p class=\"a-size-small\">Tutte le nostre ottiche sono assemblate in una camera bianca protetta da fattori ambientali. Questo garantisce che ogni ottica sia priva di detriti.<\/p>\n<\/div>\n<div class=\"apm-flex-item-fourth-width\">\n<p class=\"apm-text-center\"><img decoding=\"async\" class=\"\" src=\"https:\/\/m.media-amazon.com\/images\/S\/aplus-media-library-service-media\/be7a0589-7a1f-4e33-991d-031fdeda1e6b.__CR18,0,464,464_PT0_SX220_V1___.jpg\" alt=\"Icona RitonOttica.Impermeabile\" data-src=\"https:\/\/m.media-amazon.com\/images\/S\/aplus-media-library-service-media\/be7a0589-7a1f-4e33-991d-031fdeda1e6b.__CR18,0,464,464_PT0_SX220_V1___.jpg\" \/><\/p>\n<h4 class=\"a-spacing-mini\">Impermeabile e antiurto<\/h4>\n<p class=\"a-size-small\">Ogni ottica \u00e8 garantita come impermeabile e antiurto. Ogni ottica \u00e8 testata fino a 1200 g.<\/p>\n<\/div>\n<div class=\"apm-flex-item-fourth-width\">\n<p class=\"apm-text-center\"><img decoding=\"async\" class=\"\" src=\"https:\/\/m.media-amazon.com\/images\/S\/aplus-media-library-service-media\/f15dac1c-1de6-4ffc-8bc8-75b718848e9a.__CR18,0,464,464_PT0_SX220_V1___.jpg\" alt=\"Icona RitonOptics.FastFocus.Icona\" data-src=\"https:\/\/m.media-amazon.com\/images\/S\/aplus-media-library-service-media\/f15dac1c-1de6-4ffc-8bc8-75b718848e9a.__CR18,0,464,464_PT0_SX220_V1___.jpg\" \/><\/p>\n<h4 class=\"a-spacing-mini\">Equipaggiato con il nostro oculare a messa a fuoco rapida<\/h4>\n<p class=\"a-size-small\">Per garantire che gli occhi di tutti possano utilizzare le nostre ottiche, ognuno di essi \u00e8 dotato del nostro oculare a messa a fuoco rapida.<\/p>\n<\/div>\n<div class=\"apm-flex-item-fourth-width\">\n<p class=\"apm-text-center\"><img decoding=\"async\" class=\"\" src=\"https:\/\/m.media-amazon.com\/images\/S\/aplus-media-library-service-media\/dd84b561-06be-4aba-94a6-94cb4782c51f.__CR18,0,464,464_PT0_SX220_V1___.jpg\" alt=\"Icona RitonOptics.RuggedConstruction.Icona\" data-src=\"https:\/\/m.media-amazon.com\/images\/S\/aplus-media-library-service-media\/dd84b561-06be-4aba-94a6-94cb4782c51f.__CR18,0,464,464_PT0_SX220_V1___.jpg\" \/><\/p>\n<h4 class=\"a-spacing-mini\">Struttura in alluminio resistente e robusta<\/h4>\n<p class=\"a-size-small\">Tutte le nostre ottiche sono costruite in alluminio aeronautico e vetro resistente, in grado di affrontare le intemperie.<\/p>\n<h3 class=\"a-size-extra-large a-spacing-base a-text-center\">Specifiche complete<\/h3>\n<div class=\"a-row\">\n<div class=\"a-column a-span12 aplus-tech-spec-hide-loading\">\n<table class=\"a-bordered a-horizontal-stripes aplus-tech-spec-table\">\n<tbody>\n<tr>\n<td class=\"a-text-bold\">Ingrandimento<\/td>\n<td>5-25<\/td>\n<\/tr>\n<tr>\n<td class=\"a-text-bold\">Regolazione del parallasse<\/td>\n<td>10-infinito<\/td>\n<\/tr>\n<tr>\n<td class=\"a-text-bold\">Diametro del tubo<\/td>\n<td>34 mm<\/td>\n<\/tr>\n<tr>\n<td class=\"a-text-bold\">Diametro dell'obiettivo<\/td>\n<td>50 mm<\/td>\n<\/tr>\n<tr>\n<td class=\"a-text-bold\">Posizione dell'obiettivo focale<\/td>\n<td>Primo piano focale<\/td>\n<\/tr>\n<tr>\n<td class=\"a-text-bold\">Rivestimento delle lenti<\/td>\n<td>Rivestimento delle lenti: Completamente multirivestito, banda larga completa, rivestimento impermeabile, miglioramento della luminosit\u00e0 in condizioni di scarsa illuminazione<\/td>\n<\/tr>\n<tr>\n<td class=\"a-text-bold\">Reticolo<\/td>\n<td>PSR, illuminato<\/td>\n<\/tr>\n<tr>\n<td class=\"a-text-bold\">Campo visivo a 100 metri<\/td>\n<td>22,5ft-4,5ft<\/td>\n<\/tr>\n<tr>\n<td class=\"a-text-bold\">Rilievo degli occhi<\/td>\n<td>3,7in\/95mm<\/td>\n<\/tr>\n<tr>\n<td class=\"a-text-bold\">Uscita Alunno<\/td>\n<td>Basso 10,2 mm - Alto 2,2 mm<\/td>\n<\/tr>\n<tr>\n<td class=\"a-text-bold\">Valore di scatto a 100 yds\/m<\/td>\n<td>1\/10\u00b0 MRAD<\/td>\n<\/tr>\n<tr>\n<td class=\"a-text-bold\">Intervallo di regolazione<\/td>\n<td>22 MRAD<\/td>\n<\/tr>\n<tr>\n<td class=\"a-text-bold\">Lunghezza di montaggio<\/td>\n<td>7,75in\/196mm<\/td>\n<\/tr>\n<tr>\n<td class=\"a-text-bold\">Lunghezza<\/td>\n<td>15,37 pollici\/390 mm<\/td>\n<\/tr>\n<tr>\n<td class=\"a-text-bold\">Peso<\/td>\n<td>34 oz\/963 g<\/td>\n<\/tr>\n<tr>\n<td class=\"a-text-bold\">Articoli inclusi<\/td>\n<td>Copriobiettivi ribaltabili, panno per lenti, chiave a brugola<\/td>\n<\/tr>\n<\/tbody>\n<\/table>\n<\/div>\n<\/div>\n<\/div>","protected":false},"excerpt":{"rendered":"<p>Riton X5 Conquer 5-25&#215;50 MRAD Featuring a 34mm tube and a 5x magnification ratio, Riton\u2019s 5 Conquer 5-25\u00d750 has the perfect combination of clarity and<\/p>","protected":false},"featured_media":1385,"comment_status":"open","ping_status":"closed","template":"","meta":[],"etheme_brands":[{"term_id":44,"name":"Riton","slug":"riton","term_group":0,"term_taxonomy_id":44,"taxonomy":"brand","description":"","parent":0,"count":18,"filter":"raw"}],"product_brand":[],"product_cat":[49],"product_tag":[],"class_list":{"0":"post-1313","1":"product","2":"type-product","3":"status-publish","4":"has-post-thumbnail","6":"brand-riton","7":"product_cat-rifle-scopes","9":"first","10":"instock","11":"sale","12":"taxable","13":"shipping-taxable","14":"purchasable","15":"product-type-simple"},"yoast_head":"<!-- This site is optimized with the Yoast SEO Premium plugin v25.7.1 (Yoast SEO v27.4) - https:\/\/yoast.com\/product\/yoast-seo-premium-wordpress\/ -->\n<title>Riton 5 Conquer 5-25x50IR FFP MRAD - Hunter Optics<\/title>\n<meta name=\"robots\" content=\"index, follow, max-snippet:-1, max-image-preview:large, max-video-preview:-1\" \/>\n<link rel=\"canonical\" href=\"https:\/\/hunter-optics.com\/it\/prodotto\/riton-5-conquistare-5-25x50ir-ffp-mrad\/\" \/>\n<meta property=\"og:locale\" content=\"it_IT\" \/>\n<meta property=\"og:type\" content=\"article\" \/>\n<meta property=\"og:title\" content=\"Riton 5 Conquer 5-25x50IR FFP MRAD\" \/>\n<meta property=\"og:description\" content=\"Riton X5 Conquer 5-25&#215;50 MRAD Featuring a 34mm tube and a 5x magnification ratio, Riton\u2019s 5 Conquer 5-25\u00d750 has the perfect combination of clarity and\" \/>\n<meta property=\"og:url\" content=\"https:\/\/hunter-optics.com\/it\/prodotto\/riton-5-conquistare-5-25x50ir-ffp-mrad\/\" \/>\n<meta property=\"og:site_name\" content=\"Hunter Optics\" \/>\n<meta property=\"article:modified_time\" content=\"2025-07-29T06:00:30+00:00\" \/>\n<meta property=\"og:image\" content=\"https:\/\/hunter-optics.com\/wp-content\/uploads\/2025\/07\/Riton-5-Conquer-5-25x50IR-FFP-MRAD.jpg\" \/>\n\t<meta property=\"og:image:width\" content=\"876\" \/>\n\t<meta property=\"og:image:height\" content=\"876\" \/>\n\t<meta property=\"og:image:type\" content=\"image\/jpeg\" \/>\n<meta name=\"twitter:card\" content=\"summary_large_image\" \/>\n<meta name=\"twitter:label1\" content=\"Prezzo\" \/>\n\t<meta name=\"twitter:data1\" content=\"&#036;629.99\" \/>\n\t<meta name=\"twitter:label2\" content=\"Disponibilit\u00e0\" \/>\n\t<meta name=\"twitter:data2\" content=\"In stock\" \/>\n<script type=\"application\/ld+json\" class=\"yoast-schema-graph\">{\"@context\":\"https:\\\/\\\/schema.org\",\"@graph\":[{\"@type\":\"WebPage\",\"@id\":\"https:\\\/\\\/hunter-optics.com\\\/product\\\/riton-5-conquer-5-25x50ir-ffp-mrad\\\/\",\"url\":\"https:\\\/\\\/hunter-optics.com\\\/product\\\/riton-5-conquer-5-25x50ir-ffp-mrad\\\/\",\"name\":\"Riton 5 Conquer 5-25x50IR FFP MRAD - Hunter Optics\",\"isPartOf\":{\"@id\":\"https:\\\/\\\/hunter-optics.com\\\/#website\"},\"primaryImageOfPage\":{\"@id\":\"https:\\\/\\\/hunter-optics.com\\\/product\\\/riton-5-conquer-5-25x50ir-ffp-mrad\\\/#primaryimage\"},\"image\":{\"@id\":\"https:\\\/\\\/hunter-optics.com\\\/product\\\/riton-5-conquer-5-25x50ir-ffp-mrad\\\/#primaryimage\"},\"thumbnailUrl\":\"https:\\\/\\\/hunter-optics.com\\\/wp-content\\\/uploads\\\/2025\\\/07\\\/Riton-5-Conquer-5-25x50IR-FFP-MRAD.jpg\",\"datePublished\":\"2025-07-03T07:40:10+00:00\",\"dateModified\":\"2025-07-29T06:00:30+00:00\",\"breadcrumb\":{\"@id\":\"https:\\\/\\\/hunter-optics.com\\\/product\\\/riton-5-conquer-5-25x50ir-ffp-mrad\\\/#breadcrumb\"},\"inLanguage\":\"it-IT\",\"potentialAction\":[{\"@type\":\"ReadAction\",\"target\":[\"https:\\\/\\\/hunter-optics.com\\\/product\\\/riton-5-conquer-5-25x50ir-ffp-mrad\\\/\"]}]},{\"@type\":\"ImageObject\",\"inLanguage\":\"it-IT\",\"@id\":\"https:\\\/\\\/hunter-optics.com\\\/product\\\/riton-5-conquer-5-25x50ir-ffp-mrad\\\/#primaryimage\",\"url\":\"https:\\\/\\\/hunter-optics.com\\\/wp-content\\\/uploads\\\/2025\\\/07\\\/Riton-5-Conquer-5-25x50IR-FFP-MRAD.jpg\",\"contentUrl\":\"https:\\\/\\\/hunter-optics.com\\\/wp-content\\\/uploads\\\/2025\\\/07\\\/Riton-5-Conquer-5-25x50IR-FFP-MRAD.jpg\",\"width\":876,\"height\":876},{\"@type\":\"BreadcrumbList\",\"@id\":\"https:\\\/\\\/hunter-optics.com\\\/product\\\/riton-5-conquer-5-25x50ir-ffp-mrad\\\/#breadcrumb\",\"itemListElement\":[{\"@type\":\"ListItem\",\"position\":1,\"name\":\"Home\",\"item\":\"https:\\\/\\\/hunter-optics.com\\\/\"},{\"@type\":\"ListItem\",\"position\":2,\"name\":\"Products\",\"item\":\"https:\\\/\\\/hunter-optics.com\\\/shop\\\/\"},{\"@type\":\"ListItem\",\"position\":3,\"name\":\"Riton 5 Conquer 5-25x50IR FFP MRAD\"}]},{\"@type\":\"WebSite\",\"@id\":\"https:\\\/\\\/hunter-optics.com\\\/#website\",\"url\":\"https:\\\/\\\/hunter-optics.com\\\/\",\"name\":\"Hunter Optics\",\"description\":\"Hunter Optics \u2014 Your Eye on the Target.\",\"publisher\":{\"@id\":\"https:\\\/\\\/hunter-optics.com\\\/#organization\"},\"potentialAction\":[{\"@type\":\"SearchAction\",\"target\":{\"@type\":\"EntryPoint\",\"urlTemplate\":\"https:\\\/\\\/hunter-optics.com\\\/?s={search_term_string}\"},\"query-input\":{\"@type\":\"PropertyValueSpecification\",\"valueRequired\":true,\"valueName\":\"search_term_string\"}}],\"inLanguage\":\"it-IT\"},{\"@type\":\"Organization\",\"@id\":\"https:\\\/\\\/hunter-optics.com\\\/#organization\",\"name\":\"Hunter Optics\",\"url\":\"https:\\\/\\\/hunter-optics.com\\\/\",\"logo\":{\"@type\":\"ImageObject\",\"inLanguage\":\"it-IT\",\"@id\":\"https:\\\/\\\/hunter-optics.com\\\/#\\\/schema\\\/logo\\\/image\\\/\",\"url\":\"https:\\\/\\\/hunter-optics.com\\\/wp-content\\\/uploads\\\/2025\\\/06\\\/hunter-optics-logo-1.png\",\"contentUrl\":\"https:\\\/\\\/hunter-optics.com\\\/wp-content\\\/uploads\\\/2025\\\/06\\\/hunter-optics-logo-1.png\",\"width\":937,\"height\":373,\"caption\":\"Hunter Optics\"},\"image\":{\"@id\":\"https:\\\/\\\/hunter-optics.com\\\/#\\\/schema\\\/logo\\\/image\\\/\"}}]}<\/script>\n<meta property=\"product:brand\" content=\"Riton\" \/>\n<meta property=\"product:price:amount\" content=\"629.99\" \/>\n<meta property=\"product:price:currency\" content=\"USD\" \/>\n<meta property=\"og:availability\" content=\"instock\" \/>\n<meta property=\"product:availability\" content=\"instock\" \/>\n<meta property=\"product:condition\" content=\"new\" \/>\n<!-- \/ Yoast SEO Premium plugin. -->","yoast_head_json":{"title":"Riton 5 Conquer 5-25x50IR FFP MRAD - Ottica Hunter","robots":{"index":"index","follow":"follow","max-snippet":"max-snippet:-1","max-image-preview":"max-image-preview:large","max-video-preview":"max-video-preview:-1"},"canonical":"https:\/\/hunter-optics.com\/it\/prodotto\/riton-5-conquistare-5-25x50ir-ffp-mrad\/","og_locale":"it_IT","og_type":"article","og_title":"Riton 5 Conquer 5-25x50IR FFP MRAD","og_description":"Riton X5 Conquer 5-25&#215;50 MRAD Featuring a 34mm tube and a 5x magnification ratio, Riton\u2019s 5 Conquer 5-25\u00d750 has the perfect combination of clarity and","og_url":"https:\/\/hunter-optics.com\/it\/prodotto\/riton-5-conquistare-5-25x50ir-ffp-mrad\/","og_site_name":"Hunter Optics","article_modified_time":"2025-07-29T06:00:30+00:00","og_image":[{"width":876,"height":876,"url":"https:\/\/hunter-optics.com\/wp-content\/uploads\/2025\/07\/Riton-5-Conquer-5-25x50IR-FFP-MRAD.jpg","type":"image\/jpeg"}],"twitter_card":"summary_large_image","twitter_misc":{"Prezzo":"&#36;629.99","Disponibilit\u00e0":"In stock"},"schema":{"@context":"https:\/\/schema.org","@graph":[{"@type":"WebPage","@id":"https:\/\/hunter-optics.com\/product\/riton-5-conquer-5-25x50ir-ffp-mrad\/","url":"https:\/\/hunter-optics.com\/product\/riton-5-conquer-5-25x50ir-ffp-mrad\/","name":"Riton 5 Conquer 5-25x50IR FFP MRAD - Ottica Hunter","isPartOf":{"@id":"https:\/\/hunter-optics.com\/#website"},"primaryImageOfPage":{"@id":"https:\/\/hunter-optics.com\/product\/riton-5-conquer-5-25x50ir-ffp-mrad\/#primaryimage"},"image":{"@id":"https:\/\/hunter-optics.com\/product\/riton-5-conquer-5-25x50ir-ffp-mrad\/#primaryimage"},"thumbnailUrl":"https:\/\/hunter-optics.com\/wp-content\/uploads\/2025\/07\/Riton-5-Conquer-5-25x50IR-FFP-MRAD.jpg","datePublished":"2025-07-03T07:40:10+00:00","dateModified":"2025-07-29T06:00:30+00:00","breadcrumb":{"@id":"https:\/\/hunter-optics.com\/product\/riton-5-conquer-5-25x50ir-ffp-mrad\/#breadcrumb"},"inLanguage":"it-IT","potentialAction":[{"@type":"ReadAction","target":["https:\/\/hunter-optics.com\/product\/riton-5-conquer-5-25x50ir-ffp-mrad\/"]}]},{"@type":"ImageObject","inLanguage":"it-IT","@id":"https:\/\/hunter-optics.com\/product\/riton-5-conquer-5-25x50ir-ffp-mrad\/#primaryimage","url":"https:\/\/hunter-optics.com\/wp-content\/uploads\/2025\/07\/Riton-5-Conquer-5-25x50IR-FFP-MRAD.jpg","contentUrl":"https:\/\/hunter-optics.com\/wp-content\/uploads\/2025\/07\/Riton-5-Conquer-5-25x50IR-FFP-MRAD.jpg","width":876,"height":876},{"@type":"BreadcrumbList","@id":"https:\/\/hunter-optics.com\/product\/riton-5-conquer-5-25x50ir-ffp-mrad\/#breadcrumb","itemListElement":[{"@type":"ListItem","position":1,"name":"Home","item":"https:\/\/hunter-optics.com\/"},{"@type":"ListItem","position":2,"name":"Products","item":"https:\/\/hunter-optics.com\/shop\/"},{"@type":"ListItem","position":3,"name":"Riton 5 Conquer 5-25x50IR FFP MRAD"}]},{"@type":"WebSite","@id":"https:\/\/hunter-optics.com\/#website","url":"https:\/\/hunter-optics.com\/","name":"Ottica Hunter","description":"Ottica per cacciatori - L'occhio sul bersaglio.","publisher":{"@id":"https:\/\/hunter-optics.com\/#organization"},"potentialAction":[{"@type":"SearchAction","target":{"@type":"EntryPoint","urlTemplate":"https:\/\/hunter-optics.com\/?s={search_term_string}"},"query-input":{"@type":"PropertyValueSpecification","valueRequired":true,"valueName":"search_term_string"}}],"inLanguage":"it-IT"},{"@type":"Organization","@id":"https:\/\/hunter-optics.com\/#organization","name":"Ottica Hunter","url":"https:\/\/hunter-optics.com\/","logo":{"@type":"ImageObject","inLanguage":"it-IT","@id":"https:\/\/hunter-optics.com\/#\/schema\/logo\/image\/","url":"https:\/\/hunter-optics.com\/wp-content\/uploads\/2025\/06\/hunter-optics-logo-1.png","contentUrl":"https:\/\/hunter-optics.com\/wp-content\/uploads\/2025\/06\/hunter-optics-logo-1.png","width":937,"height":373,"caption":"Hunter Optics"},"image":{"@id":"https:\/\/hunter-optics.com\/#\/schema\/logo\/image\/"}}]},"product_brand":"Riton","product_price_amount":"629.99","product_price_currency":"USD","og_availability":"instock","product_availability":"instock","product_condition":"new"},"_links":{"self":[{"href":"https:\/\/hunter-optics.com\/it\/wp-json\/wp\/v2\/product\/1313","targetHints":{"allow":["GET"]}}],"collection":[{"href":"https:\/\/hunter-optics.com\/it\/wp-json\/wp\/v2\/product"}],"about":[{"href":"https:\/\/hunter-optics.com\/it\/wp-json\/wp\/v2\/types\/product"}],"replies":[{"embeddable":true,"href":"https:\/\/hunter-optics.com\/it\/wp-json\/wp\/v2\/comments?post=1313"}],"version-history":[{"count":3,"href":"https:\/\/hunter-optics.com\/it\/wp-json\/wp\/v2\/product\/1313\/revisions"}],"predecessor-version":[{"id":1377,"href":"https:\/\/hunter-optics.com\/it\/wp-json\/wp\/v2\/product\/1313\/revisions\/1377"}],"wp:featuredmedia":[{"embeddable":true,"href":"https:\/\/hunter-optics.com\/it\/wp-json\/wp\/v2\/media\/1385"}],"wp:attachment":[{"href":"https:\/\/hunter-optics.com\/it\/wp-json\/wp\/v2\/media?parent=1313"}],"wp:term":[{"taxonomy":"brand","embeddable":true,"href":"https:\/\/hunter-optics.com\/it\/wp-json\/wp\/v2\/etheme_brands?post=1313"},{"taxonomy":"product_brand","embeddable":true,"href":"https:\/\/hunter-optics.com\/it\/wp-json\/wp\/v2\/product_brand?post=1313"},{"taxonomy":"product_cat","embeddable":true,"href":"https:\/\/hunter-optics.com\/it\/wp-json\/wp\/v2\/product_cat?post=1313"},{"taxonomy":"product_tag","embeddable":true,"href":"https:\/\/hunter-optics.com\/it\/wp-json\/wp\/v2\/product_tag?post=1313"}],"curies":[{"name":"wp","href":"https:\/\/api.w.org\/{rel}","templated":true}]}}