{"id":1298,"date":"2025-07-03T06:53:05","date_gmt":"2025-07-03T06:53:05","guid":{"rendered":"https:\/\/hunter-optics.com\/?post_type=product&#038;p=1298"},"modified":"2025-07-24T08:53:53","modified_gmt":"2025-07-24T08:53:53","slug":"riton-3-conquistare-6-24x50ir-ffp","status":"publish","type":"product","link":"https:\/\/hunter-optics.com\/it\/prodotto\/riton-3-conquistare-6-24x50ir-ffp\/","title":{"rendered":"Riton 3 CONQUER 6-24\u00d750IR FFP"},"content":{"rendered":"<h3 id=\"brxe-wmwgnk\" class=\"brxe-heading h4\">PORTARE L'OBIETTIVO A VOI<\/h3>\n<div id=\"brxe-hqsamv\" class=\"brxe-text-basic tir-video__subtitle\">Riton 3 CONQUER 6-24\u00d750<\/div>\n<div id=\"brxe-uenhta\" class=\"brxe-text prod-video__txt\">\n<p><strong>LA CHIAREZZA \u00c8 IMPORTANTE<\/strong><\/p>\n<p>Il 3 Conquer dimostra l'impegno di Riton nel fornire vetri di qualit\u00e0 a qualsiasi prezzo. Il sistema ottico \u00e8 completamente multistrato per migliorare il colore e la visibilit\u00e0 in condizioni di scarsa illuminazione, in modo da poter vedere il bersaglio in qualsiasi situazione immaginabile.<\/p>\n<p><strong>ADATTAMENTO DELL'AMBIENTE DI ILLUMINAZIONE<\/strong><\/p>\n<p>L'illuminazione pu\u00f2 essere una caratteristica cruciale che pu\u00f2 aiutarvi ad adattarvi all'ambiente. Il 3 Conquer 6-24\u00d750 \u00e8 preparato per le situazioni ambientali che si possono incontrare, grazie ai sei livelli di illuminazione con un interruttore di spegnimento tra ogni livello, \u00e8 possibile impostare la posizione perfetta per le proprie esigenze e cambiare i livelli al volo.<\/p>\n<p><strong>COSTRUITO PER DURARE<\/strong><\/p>\n<p>Il Riton\u00a0<strong>3 Conquer 6-24\u00d750<\/strong>, costruito per resistere alle intemperie, agli urti e a tutto ci\u00f2 che ne consegue, pur mantenendo la precisione. Costruito in alluminio 6061-T6 di qualit\u00e0 aeronautica, il 3 Conquer 6-24 \u00e8 stato costruito pensando alla sua durata. Come tutti i cannocchiali Riton, il 3 Conquer 6-24 \u00e8 sottoposto a test d'impatto fino a 1.200 G, \u00e8 omologato per le armi ad aria compressa ed \u00e8 coperto dalla garanzia limitata a vita Riton. Indipendentemente dall'applicazione, il Riton 3 Conquer 6-24\u00d750 \u00e8 costruito per resistere senza compromettere le prestazioni.<\/p>\n<p><strong>RITORNO A ZERO<\/strong><\/p>\n<p>Con 3 Conquer 6-24\u00d750 avete a disposizione le torrette Riton R3 Zero Stop. Progettate per mantenere una regolazione costante nel tempo, queste torrette garantiscono la tranquillit\u00e0 di una vita di prestazioni, indipendentemente dal numero di volte in cui sono state regolate. Inoltre, il kit di boccole zero-stop in dotazione consente, una volta avvistato, di impostare lo zero stop, in modo che, se vi piace comporre la distanza, possiate tornare a zero in modo rapido e semplice.<\/p>\n<h3 id=\"brxe-ztlivr\" class=\"brxe-heading prod-tabs__title\">Informazioni sul reticolo:<\/h3>\n<p id=\"brxe-grjall\" class=\"brxe-text-basic prod-reticle-name\">RETICOLO: MPSR, illuminato<\/p>\n<div id=\"brxe-rkyybx\" class=\"brxe-text-basic prod-ret__txt\">\n<p>Il reticolo MPSR \u00e8 stato progettato per il tiro di precisione a lunga distanza e offre chiare indicazioni di elevazione e di guadagno. Grazie ai segni MIL finemente spaziati e ai punti di holdover, consente ai tiratori di effettuare regolazioni accurate, garantendo sicurezza e precisione a qualsiasi distanza.<\/p>\n<h3 id=\"brxe-qcmket\" class=\"brxe-heading prod-tabs__title\">Caratteristiche principali:<\/h3>\n<div id=\"brxe-pnyzeh\" class=\"brxe-block prod-tab-feature\">\n<div class=\"brxe-xfsvub brxe-block prod-tab-key-loop\"><img loading=\"lazy\" decoding=\"async\" class=\"brxe-rtihxw brxe-image prod-feature__icon css-filter size-full\" src=\"https:\/\/ritonoptics.com\/wp-content\/uploads\/dry-nitrogen-purged-and-sealed-1.png\" alt=\"\" width=\"72\" height=\"74\" \/><\/p>\n<div class=\"brxe-anynyj brxe-div\">\n<p class=\"brxe-abizyp brxe-text-basic prod-feature__title\">Azoto secco spurgato e sigillato<\/p>\n<p class=\"brxe-lprtvs brxe-text-basic prod-feature__txt\">Utilizzando azoto gassoso, l'ottica viene spurgata e sigillata per garantire prestazioni ottimali in tutte le condizioni atmosferiche per tutta la durata del...<\/p>\n<\/div>\n<\/div>\n<div class=\"brxe-xfsvub brxe-block prod-tab-key-loop\"><img loading=\"lazy\" decoding=\"async\" class=\"brxe-rtihxw brxe-image prod-feature__icon css-filter size-full\" src=\"https:\/\/ritonoptics.com\/wp-content\/uploads\/precision-quality-1.png\" alt=\"\" width=\"72\" height=\"74\" \/><\/p>\n<div class=\"brxe-anynyj brxe-div\">\n<p class=\"brxe-abizyp brxe-text-basic prod-feature__title\">Garanzia di qualit\u00e0 di precisione<\/p>\n<p class=\"brxe-lprtvs brxe-text-basic prod-feature__txt\">Ogni prodotto Riton viene sottoposto a un rigoroso processo di controllo della qualit\u00e0 da parte di tecnici certificati di Tucson, AZ. Ogni prodotto ricevuto \u00e8 stato sottoposto a...<\/p>\n<\/div>\n<\/div>\n<div class=\"brxe-xfsvub brxe-block prod-tab-key-loop\"><img loading=\"lazy\" decoding=\"async\" class=\"brxe-rtihxw brxe-image prod-feature__icon css-filter size-full\" src=\"https:\/\/ritonoptics.com\/wp-content\/uploads\/advanced-turret-1.png\" alt=\"\" width=\"72\" height=\"74\" \/><\/p>\n<div class=\"brxe-anynyj brxe-div\">\n<p class=\"brxe-abizyp brxe-text-basic prod-feature__title\">Sistema di torrette avanzate Riton<\/p>\n<p class=\"brxe-lprtvs brxe-text-basic prod-feature__txt\">Il Riton Advanced Turret System incorpora le torrette Zero Stop di Riton in una delle varie forme, garantendo un tracciamento e una precisione ripetibili.<\/p>\n<\/div>\n<\/div>\n<div class=\"brxe-xfsvub brxe-block prod-tab-key-loop\"><img loading=\"lazy\" decoding=\"async\" class=\"brxe-rtihxw brxe-image prod-feature__icon css-filter size-full\" src=\"https:\/\/ritonoptics.com\/wp-content\/uploads\/hd-glass-1.png\" alt=\"\" width=\"72\" height=\"74\" \/><\/p>\n<div class=\"brxe-anynyj brxe-div\">\n<p class=\"brxe-abizyp brxe-text-basic prod-feature__title\">Vetro Riton HD<\/p>\n<p class=\"brxe-lprtvs brxe-text-basic prod-feature__txt\">Il vetro Riton ad alta densit\u00e0 (HD) offre una trasmissione della luce pari a 99,5% per una maggiore chiarezza e un'immagine visiva ottimale.<\/p>\n<\/div>\n<\/div>\n<div class=\"brxe-xfsvub brxe-block prod-tab-key-loop\"><img loading=\"lazy\" decoding=\"async\" class=\"brxe-rtihxw brxe-image prod-feature__icon css-filter size-full\" src=\"https:\/\/ritonoptics.com\/wp-content\/uploads\/performance-coating-1.png\" alt=\"\" width=\"72\" height=\"74\" \/><\/p>\n<div class=\"brxe-anynyj brxe-div\">\n<p class=\"brxe-abizyp brxe-text-basic prod-feature__title\">Riton Performance Coating<\/p>\n<p class=\"brxe-lprtvs brxe-text-basic prod-feature__txt\">Grazie a lenti proprietarie completamente rivestite, tutte le ottiche Riton sono caratterizzate da un miglioramento della luminosit\u00e0, da rivestimenti a banda larga, antigraffio e antiriflesso per...<\/p>\n<\/div>\n<\/div>\n<div class=\"brxe-xfsvub brxe-block prod-tab-key-loop\"><img loading=\"lazy\" decoding=\"async\" class=\"brxe-rtihxw brxe-image prod-feature__icon css-filter size-full\" src=\"https:\/\/ritonoptics.com\/wp-content\/uploads\/rugged-construction-1.png\" alt=\"\" width=\"72\" height=\"74\" \/><\/p>\n<div class=\"brxe-anynyj brxe-div\">\n<p class=\"brxe-abizyp brxe-text-basic prod-feature__title\">Costruzione robusta Riton<\/p>\n<p class=\"brxe-lprtvs brxe-text-basic prod-feature__txt\">La costruzione Riton Rugged incorpora l'applicazione di alluminio 6061-T6 di grado aeronautico, tubi monopezzo lavorati a CNC e anodizzazione a strato duro di tipo III....<\/p>\n<\/div>\n<\/div>\n<div class=\"brxe-xfsvub brxe-block prod-tab-key-loop\"><img loading=\"lazy\" decoding=\"async\" class=\"brxe-rtihxw brxe-image prod-feature__icon css-filter size-full\" src=\"https:\/\/ritonoptics.com\/wp-content\/uploads\/airgun-approved-1.png\" alt=\"\" width=\"72\" height=\"74\" \/><\/p>\n<div class=\"brxe-anynyj brxe-div\">\n<p class=\"brxe-abizyp brxe-text-basic prod-feature__title\">Approvato per le armi ad aria compressa<\/p>\n<p class=\"brxe-lprtvs brxe-text-basic prod-feature__txt\">I cannocchiali Riton sono altamente valutati e adatti all'uso di armi ad aria compressa, offrendo durata ed eccellente chiarezza ottica. Progettati per resistere al rinculo unico...<\/p>\n<h3 id=\"brxe-qzyxzy\" class=\"brxe-heading prod-tabs__title\">Specifiche complete:<\/h3>\n<div class=\"brxe-zlpnap brxe-block prod-tab-spec-loop\">\n<p class=\"brxe-ibnnrs brxe-text-basic tab-spec__value\">Ingrandimento: 6-24<\/p>\n<\/div>\n<div class=\"brxe-zlpnap brxe-block prod-tab-spec-loop\">\n<p class=\"brxe-ibnnrs brxe-text-basic tab-spec__value\">Regolazione della parallasse: 10 - infinito<\/p>\n<\/div>\n<div class=\"brxe-zlpnap brxe-block prod-tab-spec-loop\">\n<p class=\"brxe-ibnnrs brxe-text-basic tab-spec__value\">Diametro del tubo: 30 mm<\/p>\n<\/div>\n<div class=\"brxe-zlpnap brxe-block prod-tab-spec-loop\">\n<p class=\"brxe-ibnnrs brxe-text-basic tab-spec__value\">Diametro obiettivo: 50 mm<\/p>\n<\/div>\n<div class=\"brxe-zlpnap brxe-block prod-tab-spec-loop\">\n<p class=\"brxe-ibnnrs brxe-text-basic tab-spec__value\">Piano focale: primo piano focale<\/p>\n<\/div>\n<div class=\"brxe-zlpnap brxe-block prod-tab-spec-loop\">\n<p class=\"brxe-ibnnrs brxe-text-basic tab-spec__value\">Rivestimento dell'obiettivo: completamente multistrato, banda larga completa, rivestimento impermeabile, miglioramento in condizioni di scarsa illuminazione<\/p>\n<\/div>\n<div class=\"brxe-zlpnap brxe-block prod-tab-spec-loop\">\n<p class=\"brxe-ibnnrs brxe-text-basic tab-spec__value\">Reticolo: MPSR, illuminato<\/p>\n<\/div>\n<div class=\"brxe-zlpnap brxe-block prod-tab-spec-loop\">\n<p class=\"brxe-ibnnrs brxe-text-basic tab-spec__value\">Campo visivo a 100 metri: 16,8 piedi - 4,4 piedi<\/p>\n<\/div>\n<div class=\"brxe-zlpnap brxe-block prod-tab-spec-loop\">\n<p class=\"brxe-ibnnrs brxe-text-basic tab-spec__value\">Materiale: 6061-T6<\/p>\n<\/div>\n<div class=\"brxe-zlpnap brxe-block prod-tab-spec-loop\">\n<p class=\"brxe-ibnnrs brxe-text-basic tab-spec__value\">Distanza dagli occhi: 3.3in\/85mm<\/p>\n<\/div>\n<div class=\"brxe-zlpnap brxe-block prod-tab-spec-loop\">\n<p class=\"brxe-ibnnrs brxe-text-basic tab-spec__value\">Pupilla di uscita: bassa 8,2 mm - alta 2,1 mm<\/p>\n<\/div>\n<div class=\"brxe-zlpnap brxe-block prod-tab-spec-loop\">\n<p class=\"brxe-ibnnrs brxe-text-basic tab-spec__value\">Valore di scatto a 100 metri: 1\/10 di MRAD<\/p>\n<\/div>\n<div class=\"brxe-zlpnap brxe-block prod-tab-spec-loop\">\n<p class=\"brxe-ibnnrs brxe-text-basic tab-spec__value\">Campo di regolazione: 18 MRAD<\/p>\n<\/div>\n<div class=\"brxe-zlpnap brxe-block prod-tab-spec-loop\">\n<p class=\"brxe-ibnnrs brxe-text-basic tab-spec__value\">Lunghezza di montaggio: 6,37 pollici\/161 mm<\/p>\n<\/div>\n<div class=\"brxe-zlpnap brxe-block prod-tab-spec-loop\">\n<p class=\"brxe-ibnnrs brxe-text-basic tab-spec__value\">Lunghezza: 14.17in\/360mm<\/p>\n<\/div>\n<div class=\"brxe-zlpnap brxe-block prod-tab-spec-loop\">\n<p class=\"brxe-ibnnrs brxe-text-basic tab-spec__value\">Weight:1.83lbs\/29.28oz<\/p>\n<\/div>\n<div class=\"brxe-zlpnap brxe-block prod-tab-spec-loop\">\n<p class=\"brxe-ibnnrs brxe-text-basic tab-spec__value\">Accessori in dotazione: Copriobiettivo ribaltabile, panno per lenti, chiave a brugola, boccola zero stop con chiave<\/p>\n<\/div>\n<\/div>\n<\/div>\n<\/div>\n<\/div>\n<\/div>","protected":false},"excerpt":{"rendered":"<div id=\"brxe-hxkylx\" class=\"brxe-product-short-description prod-single__txt\">\n<div class=\"woocommerce-product-details__short-description\">\n<p>Portate il bersaglio da voi con il Riton 3 Conquer 6-24\u00d750. Caratteristiche come le torrette di arresto dello zero a vista, il reticolo illuminato e i rivestimenti in vetro che migliorano l'immagine del bersaglio, il tutto su un tubo da 30 millimetri, fanno di questa ottica il massimo per il tiro a lunga distanza, la caccia e tutto il resto.<\/p>\n<\/div>\n<\/div>","protected":false},"featured_media":1299,"comment_status":"open","ping_status":"closed","template":"","meta":[],"etheme_brands":[{"term_id":44,"name":"Riton","slug":"riton","term_group":0,"term_taxonomy_id":44,"taxonomy":"brand","description":"","parent":0,"count":18,"filter":"raw"}],"product_brand":[],"product_cat":[49],"product_tag":[],"class_list":{"0":"post-1298","1":"product","2":"type-product","3":"status-publish","4":"has-post-thumbnail","6":"brand-riton","7":"product_cat-rifle-scopes","9":"first","10":"instock","11":"sale","12":"taxable","13":"shipping-taxable","14":"purchasable","15":"product-type-simple"},"yoast_head":"<!-- This site is optimized with the Yoast SEO Premium plugin v25.7.1 (Yoast SEO v27.4) - https:\/\/yoast.com\/product\/yoast-seo-premium-wordpress\/ -->\n<title>Riton 3 CONQUER 6-24\u00d750IR FFP - Hunter Optics<\/title>\n<meta name=\"description\" content=\"Bring the target to you with the Riton 3 Conquer 6-24\u00d750. Features like exposed zero stop turrets, an illuminated reticle.\" \/>\n<meta name=\"robots\" content=\"index, follow, max-snippet:-1, max-image-preview:large, max-video-preview:-1\" \/>\n<link rel=\"canonical\" href=\"https:\/\/hunter-optics.com\/it\/prodotto\/riton-3-conquistare-6-24x50ir-ffp\/\" \/>\n<meta property=\"og:locale\" content=\"it_IT\" \/>\n<meta property=\"og:type\" content=\"article\" \/>\n<meta property=\"og:title\" content=\"Riton 3 CONQUER 6-24\u00d750IR FFP\" \/>\n<meta property=\"og:description\" content=\"Bring the target to you with the Riton 3 Conquer 6-24\u00d750. Features like exposed zero stop turrets, an illuminated reticle.\" \/>\n<meta property=\"og:url\" content=\"https:\/\/hunter-optics.com\/it\/prodotto\/riton-3-conquistare-6-24x50ir-ffp\/\" \/>\n<meta property=\"og:site_name\" content=\"Hunter Optics\" \/>\n<meta property=\"article:modified_time\" content=\"2025-07-24T08:53:53+00:00\" \/>\n<meta property=\"og:image\" content=\"https:\/\/hunter-optics.com\/wp-content\/uploads\/2025\/07\/Riton-3-CONQUER-6-24\u00d750.webp\" \/>\n\t<meta property=\"og:image:width\" content=\"876\" \/>\n\t<meta property=\"og:image:height\" content=\"876\" \/>\n\t<meta property=\"og:image:type\" content=\"image\/webp\" \/>\n<meta name=\"twitter:card\" content=\"summary_large_image\" \/>\n<meta name=\"twitter:label1\" content=\"Prezzo\" \/>\n\t<meta name=\"twitter:data1\" content=\"&#036;559.99\" \/>\n\t<meta name=\"twitter:label2\" content=\"Disponibilit\u00e0\" \/>\n\t<meta name=\"twitter:data2\" content=\"In stock\" \/>\n<script type=\"application\/ld+json\" class=\"yoast-schema-graph\">{\"@context\":\"https:\\\/\\\/schema.org\",\"@graph\":[{\"@type\":\"WebPage\",\"@id\":\"https:\\\/\\\/hunter-optics.com\\\/product\\\/riton-3-conquer-6-24x50ir-ffp\\\/\",\"url\":\"https:\\\/\\\/hunter-optics.com\\\/product\\\/riton-3-conquer-6-24x50ir-ffp\\\/\",\"name\":\"Riton 3 CONQUER 6-24\u00d750IR FFP - Hunter Optics\",\"isPartOf\":{\"@id\":\"https:\\\/\\\/hunter-optics.com\\\/#website\"},\"primaryImageOfPage\":{\"@id\":\"https:\\\/\\\/hunter-optics.com\\\/product\\\/riton-3-conquer-6-24x50ir-ffp\\\/#primaryimage\"},\"image\":{\"@id\":\"https:\\\/\\\/hunter-optics.com\\\/product\\\/riton-3-conquer-6-24x50ir-ffp\\\/#primaryimage\"},\"thumbnailUrl\":\"https:\\\/\\\/hunter-optics.com\\\/wp-content\\\/uploads\\\/2025\\\/07\\\/Riton-3-CONQUER-6-24\u00d750.webp\",\"datePublished\":\"2025-07-03T06:53:05+00:00\",\"dateModified\":\"2025-07-24T08:53:53+00:00\",\"description\":\"Bring the target to you with the Riton 3 Conquer 6-24\u00d750. Features like exposed zero stop turrets, an illuminated reticle.\",\"breadcrumb\":{\"@id\":\"https:\\\/\\\/hunter-optics.com\\\/product\\\/riton-3-conquer-6-24x50ir-ffp\\\/#breadcrumb\"},\"inLanguage\":\"it-IT\",\"potentialAction\":[{\"@type\":\"ReadAction\",\"target\":[\"https:\\\/\\\/hunter-optics.com\\\/product\\\/riton-3-conquer-6-24x50ir-ffp\\\/\"]}]},{\"@type\":\"ImageObject\",\"inLanguage\":\"it-IT\",\"@id\":\"https:\\\/\\\/hunter-optics.com\\\/product\\\/riton-3-conquer-6-24x50ir-ffp\\\/#primaryimage\",\"url\":\"https:\\\/\\\/hunter-optics.com\\\/wp-content\\\/uploads\\\/2025\\\/07\\\/Riton-3-CONQUER-6-24\u00d750.webp\",\"contentUrl\":\"https:\\\/\\\/hunter-optics.com\\\/wp-content\\\/uploads\\\/2025\\\/07\\\/Riton-3-CONQUER-6-24\u00d750.webp\",\"width\":876,\"height\":876},{\"@type\":\"BreadcrumbList\",\"@id\":\"https:\\\/\\\/hunter-optics.com\\\/product\\\/riton-3-conquer-6-24x50ir-ffp\\\/#breadcrumb\",\"itemListElement\":[{\"@type\":\"ListItem\",\"position\":1,\"name\":\"Home\",\"item\":\"https:\\\/\\\/hunter-optics.com\\\/\"},{\"@type\":\"ListItem\",\"position\":2,\"name\":\"Products\",\"item\":\"https:\\\/\\\/hunter-optics.com\\\/shop\\\/\"},{\"@type\":\"ListItem\",\"position\":3,\"name\":\"Riton 3 CONQUER 6-24\u00d750IR FFP\"}]},{\"@type\":\"WebSite\",\"@id\":\"https:\\\/\\\/hunter-optics.com\\\/#website\",\"url\":\"https:\\\/\\\/hunter-optics.com\\\/\",\"name\":\"Hunter Optics\",\"description\":\"Hunter Optics \u2014 Your Eye on the Target.\",\"publisher\":{\"@id\":\"https:\\\/\\\/hunter-optics.com\\\/#organization\"},\"potentialAction\":[{\"@type\":\"SearchAction\",\"target\":{\"@type\":\"EntryPoint\",\"urlTemplate\":\"https:\\\/\\\/hunter-optics.com\\\/?s={search_term_string}\"},\"query-input\":{\"@type\":\"PropertyValueSpecification\",\"valueRequired\":true,\"valueName\":\"search_term_string\"}}],\"inLanguage\":\"it-IT\"},{\"@type\":\"Organization\",\"@id\":\"https:\\\/\\\/hunter-optics.com\\\/#organization\",\"name\":\"Hunter Optics\",\"url\":\"https:\\\/\\\/hunter-optics.com\\\/\",\"logo\":{\"@type\":\"ImageObject\",\"inLanguage\":\"it-IT\",\"@id\":\"https:\\\/\\\/hunter-optics.com\\\/#\\\/schema\\\/logo\\\/image\\\/\",\"url\":\"https:\\\/\\\/hunter-optics.com\\\/wp-content\\\/uploads\\\/2025\\\/06\\\/hunter-optics-logo-1.png\",\"contentUrl\":\"https:\\\/\\\/hunter-optics.com\\\/wp-content\\\/uploads\\\/2025\\\/06\\\/hunter-optics-logo-1.png\",\"width\":937,\"height\":373,\"caption\":\"Hunter Optics\"},\"image\":{\"@id\":\"https:\\\/\\\/hunter-optics.com\\\/#\\\/schema\\\/logo\\\/image\\\/\"}}]}<\/script>\n<meta property=\"product:brand\" content=\"Riton\" \/>\n<meta property=\"product:price:amount\" content=\"559.99\" \/>\n<meta property=\"product:price:currency\" content=\"USD\" \/>\n<meta property=\"og:availability\" content=\"instock\" \/>\n<meta property=\"product:availability\" content=\"instock\" \/>\n<meta property=\"product:condition\" content=\"new\" \/>\n<!-- \/ Yoast SEO Premium plugin. -->","yoast_head_json":{"title":"Riton 3 CONQUER 6-24\u00d750IR FFP - Ottica Hunter","description":"Portate il bersaglio a voi con il Riton 3 Conquer 6-24\u00d750. Caratteristiche come le torrette zero stop esposte, un reticolo illuminato.","robots":{"index":"index","follow":"follow","max-snippet":"max-snippet:-1","max-image-preview":"max-image-preview:large","max-video-preview":"max-video-preview:-1"},"canonical":"https:\/\/hunter-optics.com\/it\/prodotto\/riton-3-conquistare-6-24x50ir-ffp\/","og_locale":"it_IT","og_type":"article","og_title":"Riton 3 CONQUER 6-24\u00d750IR FFP","og_description":"Bring the target to you with the Riton 3 Conquer 6-24\u00d750. Features like exposed zero stop turrets, an illuminated reticle.","og_url":"https:\/\/hunter-optics.com\/it\/prodotto\/riton-3-conquistare-6-24x50ir-ffp\/","og_site_name":"Hunter Optics","article_modified_time":"2025-07-24T08:53:53+00:00","og_image":[{"width":876,"height":876,"url":"https:\/\/hunter-optics.com\/wp-content\/uploads\/2025\/07\/Riton-3-CONQUER-6-24\u00d750.webp","type":"image\/webp"}],"twitter_card":"summary_large_image","twitter_misc":{"Prezzo":"&#36;559.99","Disponibilit\u00e0":"In stock"},"schema":{"@context":"https:\/\/schema.org","@graph":[{"@type":"WebPage","@id":"https:\/\/hunter-optics.com\/product\/riton-3-conquer-6-24x50ir-ffp\/","url":"https:\/\/hunter-optics.com\/product\/riton-3-conquer-6-24x50ir-ffp\/","name":"Riton 3 CONQUER 6-24\u00d750IR FFP - Ottica Hunter","isPartOf":{"@id":"https:\/\/hunter-optics.com\/#website"},"primaryImageOfPage":{"@id":"https:\/\/hunter-optics.com\/product\/riton-3-conquer-6-24x50ir-ffp\/#primaryimage"},"image":{"@id":"https:\/\/hunter-optics.com\/product\/riton-3-conquer-6-24x50ir-ffp\/#primaryimage"},"thumbnailUrl":"https:\/\/hunter-optics.com\/wp-content\/uploads\/2025\/07\/Riton-3-CONQUER-6-24\u00d750.webp","datePublished":"2025-07-03T06:53:05+00:00","dateModified":"2025-07-24T08:53:53+00:00","description":"Portate il bersaglio a voi con il Riton 3 Conquer 6-24\u00d750. Caratteristiche come le torrette zero stop esposte, un reticolo illuminato.","breadcrumb":{"@id":"https:\/\/hunter-optics.com\/product\/riton-3-conquer-6-24x50ir-ffp\/#breadcrumb"},"inLanguage":"it-IT","potentialAction":[{"@type":"ReadAction","target":["https:\/\/hunter-optics.com\/product\/riton-3-conquer-6-24x50ir-ffp\/"]}]},{"@type":"ImageObject","inLanguage":"it-IT","@id":"https:\/\/hunter-optics.com\/product\/riton-3-conquer-6-24x50ir-ffp\/#primaryimage","url":"https:\/\/hunter-optics.com\/wp-content\/uploads\/2025\/07\/Riton-3-CONQUER-6-24\u00d750.webp","contentUrl":"https:\/\/hunter-optics.com\/wp-content\/uploads\/2025\/07\/Riton-3-CONQUER-6-24\u00d750.webp","width":876,"height":876},{"@type":"BreadcrumbList","@id":"https:\/\/hunter-optics.com\/product\/riton-3-conquer-6-24x50ir-ffp\/#breadcrumb","itemListElement":[{"@type":"ListItem","position":1,"name":"Home","item":"https:\/\/hunter-optics.com\/"},{"@type":"ListItem","position":2,"name":"Products","item":"https:\/\/hunter-optics.com\/shop\/"},{"@type":"ListItem","position":3,"name":"Riton 3 CONQUER 6-24\u00d750IR FFP"}]},{"@type":"WebSite","@id":"https:\/\/hunter-optics.com\/#website","url":"https:\/\/hunter-optics.com\/","name":"Ottica Hunter","description":"Ottica per cacciatori - L'occhio sul bersaglio.","publisher":{"@id":"https:\/\/hunter-optics.com\/#organization"},"potentialAction":[{"@type":"SearchAction","target":{"@type":"EntryPoint","urlTemplate":"https:\/\/hunter-optics.com\/?s={search_term_string}"},"query-input":{"@type":"PropertyValueSpecification","valueRequired":true,"valueName":"search_term_string"}}],"inLanguage":"it-IT"},{"@type":"Organization","@id":"https:\/\/hunter-optics.com\/#organization","name":"Ottica Hunter","url":"https:\/\/hunter-optics.com\/","logo":{"@type":"ImageObject","inLanguage":"it-IT","@id":"https:\/\/hunter-optics.com\/#\/schema\/logo\/image\/","url":"https:\/\/hunter-optics.com\/wp-content\/uploads\/2025\/06\/hunter-optics-logo-1.png","contentUrl":"https:\/\/hunter-optics.com\/wp-content\/uploads\/2025\/06\/hunter-optics-logo-1.png","width":937,"height":373,"caption":"Hunter Optics"},"image":{"@id":"https:\/\/hunter-optics.com\/#\/schema\/logo\/image\/"}}]},"product_brand":"Riton","product_price_amount":"559.99","product_price_currency":"USD","og_availability":"instock","product_availability":"instock","product_condition":"new"},"_links":{"self":[{"href":"https:\/\/hunter-optics.com\/it\/wp-json\/wp\/v2\/product\/1298","targetHints":{"allow":["GET"]}}],"collection":[{"href":"https:\/\/hunter-optics.com\/it\/wp-json\/wp\/v2\/product"}],"about":[{"href":"https:\/\/hunter-optics.com\/it\/wp-json\/wp\/v2\/types\/product"}],"replies":[{"embeddable":true,"href":"https:\/\/hunter-optics.com\/it\/wp-json\/wp\/v2\/comments?post=1298"}],"version-history":[{"count":2,"href":"https:\/\/hunter-optics.com\/it\/wp-json\/wp\/v2\/product\/1298\/revisions"}],"predecessor-version":[{"id":1325,"href":"https:\/\/hunter-optics.com\/it\/wp-json\/wp\/v2\/product\/1298\/revisions\/1325"}],"wp:featuredmedia":[{"embeddable":true,"href":"https:\/\/hunter-optics.com\/it\/wp-json\/wp\/v2\/media\/1299"}],"wp:attachment":[{"href":"https:\/\/hunter-optics.com\/it\/wp-json\/wp\/v2\/media?parent=1298"}],"wp:term":[{"taxonomy":"brand","embeddable":true,"href":"https:\/\/hunter-optics.com\/it\/wp-json\/wp\/v2\/etheme_brands?post=1298"},{"taxonomy":"product_brand","embeddable":true,"href":"https:\/\/hunter-optics.com\/it\/wp-json\/wp\/v2\/product_brand?post=1298"},{"taxonomy":"product_cat","embeddable":true,"href":"https:\/\/hunter-optics.com\/it\/wp-json\/wp\/v2\/product_cat?post=1298"},{"taxonomy":"product_tag","embeddable":true,"href":"https:\/\/hunter-optics.com\/it\/wp-json\/wp\/v2\/product_tag?post=1298"}],"curies":[{"name":"wp","href":"https:\/\/api.w.org\/{rel}","templated":true}]}}