{"id":1285,"date":"2025-07-03T06:09:07","date_gmt":"2025-07-03T06:09:07","guid":{"rendered":"https:\/\/hunter-optics.com\/?post_type=product&#038;p=1285"},"modified":"2025-07-24T08:53:39","modified_gmt":"2025-07-24T08:53:39","slug":"riton-3-primal-3-12x56ir","status":"publish","type":"product","link":"https:\/\/hunter-optics.com\/it\/prodotto\/riton-3-primal-3-12x56ir\/","title":{"rendered":"RIton 3 PRIMAL 3-12\u00d756IR"},"content":{"rendered":"<h3 id=\"brxe-wmwgnk\" class=\"brxe-heading h4\">SEMPLICEMENTE AZZECCATO<\/h3>\n<div id=\"brxe-hqsamv\" class=\"brxe-text-basic tir-video__subtitle\">3 PRIMAL 3-12\u00d756<\/div>\n<div id=\"brxe-uenhta\" class=\"brxe-text prod-video__txt\">\n<p><strong>LA CHIAREZZA \u00c8 IMPORTANTE<\/strong><\/p>\n<p>Il Riton 3 Primal 3-12\u00d756 dimostra l'impegno di Riton nel fornire vetri di qualit\u00e0 a qualsiasi prezzo. Il sistema ottico \u00e8 completamente multistrato per migliorare il colore e la visibilit\u00e0 in condizioni di scarsa illuminazione, in modo da poter vedere il bersaglio in qualsiasi situazione immaginabile.<\/p>\n<p><strong>POTENTEMENTE PRIMORDIALE<\/strong><\/p>\n<p>Il 3 Primal 3-12\u00d756 \u00e8 dotato del reticolo RDH, un reticolo chiaro e aperto con un unico punto di mira illuminato al centro. Il punto centrale illuminato di rosso consente di adattarsi a condizioni di scarsa illuminazione o a situazioni di forte contrasto in cui un reticolo tradizionale non illuminato potrebbe non essere visibile. Non lasciate che le condizioni di luce ambientale siano il motivo per cui il vostro bersaglio non viene riempito.<\/p>\n<p><strong>INSEGUIMENTO SENZA OSTACOLI<\/strong><\/p>\n<p>Non si vuole che l'attrezzatura pesi durante la caccia. Con questo obiettivo, il 3 Primal 3-12\u00d756 vi copre. Con un peso di poco pi\u00f9 di un chilo, questa ottica \u00e8 in grado di affrontare qualsiasi caccia senza affaticarvi, mantenendovi sul campo pi\u00f9 a lungo quando \u00e8 pi\u00f9 importante.<\/p>\n<p><strong>COSTRUITO PER DURARE<\/strong><\/p>\n<p>Il Riton 3 Primal 3-12\u00d756 \u00e8 stato costruito per resistere alle intemperie, agli urti e a tutto ci\u00f2 che ne consegue, pur mantenendo la precisione. Costruito in alluminio aeronautico 6061-T6, il 3 Primal 3-12\u00d756 \u00e8 stato costruito pensando alla durata e per resistere a qualsiasi condizione si possa incontrare. Come tutti i cannocchiali Riton, il 3 Primal 3-12\u00d756 \u00e8 sottoposto a test d'impatto fino a 1.200 G, \u00e8 omologato per le armi ad aria compressa ed \u00e8 coperto dalla garanzia limitata a vita Riton. Indipendentemente dall'applicazione, il Riton 3 Primal 3-12\u00d756 \u00e8 costruito per resistere senza compromettere le prestazioni.<\/p>\n<h3 id=\"brxe-ztlivr\" class=\"brxe-heading prod-tabs__title\">Informazioni sul reticolo:<\/h3>\n<p id=\"brxe-grjall\" class=\"brxe-text-basic prod-reticle-name\">RETICOLO: RDH<\/p>\n<div id=\"brxe-rkyybx\" class=\"brxe-text-basic prod-ret__txt\">\n<p>Il\u00a0<strong>Reticolo RDH<\/strong>\u00a0\u00e8 stato progettato pensando ai cacciatori. Il punto centrale illuminato \u00e8 un punto di mira naturale anche in situazioni di tensione, mentre il resto del reticolo \u00e8 aperto per facilitare l'inseguimento della selvaggina.<\/p>\n<h3 id=\"brxe-qcmket\" class=\"brxe-heading prod-tabs__title\">Caratteristiche principali:<\/h3>\n<div id=\"brxe-pnyzeh\" class=\"brxe-block prod-tab-feature\">\n<div class=\"brxe-xfsvub brxe-block prod-tab-key-loop\"><img loading=\"lazy\" decoding=\"async\" class=\"brxe-rtihxw brxe-image prod-feature__icon css-filter size-full\" src=\"https:\/\/ritonoptics.com\/wp-content\/uploads\/dry-nitrogen-purged-and-sealed-1.png\" alt=\"\" width=\"72\" height=\"74\" \/><\/p>\n<div class=\"brxe-anynyj brxe-div\">\n<p class=\"brxe-abizyp brxe-text-basic prod-feature__title\">Azoto secco spurgato e sigillato<\/p>\n<p class=\"brxe-lprtvs brxe-text-basic prod-feature__txt\">Utilizzando azoto gassoso, l'ottica viene spurgata e sigillata per garantire prestazioni ottimali in tutte le condizioni atmosferiche per tutta la durata del...<\/p>\n<\/div>\n<\/div>\n<div class=\"brxe-xfsvub brxe-block prod-tab-key-loop\"><img loading=\"lazy\" decoding=\"async\" class=\"brxe-rtihxw brxe-image prod-feature__icon css-filter size-full\" src=\"https:\/\/ritonoptics.com\/wp-content\/uploads\/precision-quality-1.png\" alt=\"\" width=\"72\" height=\"74\" \/><\/p>\n<div class=\"brxe-anynyj brxe-div\">\n<p class=\"brxe-abizyp brxe-text-basic prod-feature__title\">Garanzia di qualit\u00e0 di precisione<\/p>\n<p class=\"brxe-lprtvs brxe-text-basic prod-feature__txt\">Ogni prodotto Riton viene sottoposto a un rigoroso processo di controllo della qualit\u00e0 da parte di tecnici certificati di Tucson, AZ. Ogni prodotto ricevuto \u00e8 stato sottoposto a...<\/p>\n<\/div>\n<\/div>\n<div class=\"brxe-xfsvub brxe-block prod-tab-key-loop\"><img loading=\"lazy\" decoding=\"async\" class=\"brxe-rtihxw brxe-image prod-feature__icon css-filter size-full\" src=\"https:\/\/ritonoptics.com\/wp-content\/uploads\/hd-glass-1.png\" alt=\"\" width=\"72\" height=\"74\" \/><\/p>\n<div class=\"brxe-anynyj brxe-div\">\n<p class=\"brxe-abizyp brxe-text-basic prod-feature__title\">Vetro Riton HD<\/p>\n<p class=\"brxe-lprtvs brxe-text-basic prod-feature__txt\">Il vetro Riton ad alta densit\u00e0 (HD) offre una trasmissione della luce pari a 99,5% per una maggiore chiarezza e un'immagine visiva ottimale.<\/p>\n<\/div>\n<\/div>\n<div class=\"brxe-xfsvub brxe-block prod-tab-key-loop\"><img loading=\"lazy\" decoding=\"async\" class=\"brxe-rtihxw brxe-image prod-feature__icon css-filter size-full\" src=\"https:\/\/ritonoptics.com\/wp-content\/uploads\/rugged-construction-1.png\" alt=\"\" width=\"72\" height=\"74\" \/><\/p>\n<div class=\"brxe-anynyj brxe-div\">\n<p class=\"brxe-abizyp brxe-text-basic prod-feature__title\">Costruzione robusta Riton<\/p>\n<p class=\"brxe-lprtvs brxe-text-basic prod-feature__txt\">La costruzione Riton Rugged incorpora l'applicazione di alluminio 6061-T6 di grado aeronautico, tubi monopezzo lavorati a CNC e anodizzazione a strato duro di tipo III....<\/p>\n<\/div>\n<\/div>\n<div class=\"brxe-xfsvub brxe-block prod-tab-key-loop\"><img loading=\"lazy\" decoding=\"async\" class=\"brxe-rtihxw brxe-image prod-feature__icon css-filter size-full\" src=\"https:\/\/ritonoptics.com\/wp-content\/uploads\/performance-coating-1.png\" alt=\"\" width=\"72\" height=\"74\" \/><\/p>\n<div class=\"brxe-anynyj brxe-div\">\n<p class=\"brxe-abizyp brxe-text-basic prod-feature__title\">Riton Performance Coating<\/p>\n<p class=\"brxe-lprtvs brxe-text-basic prod-feature__txt\">Grazie a lenti proprietarie completamente rivestite, tutte le ottiche Riton sono caratterizzate da un miglioramento della luminosit\u00e0, da rivestimenti a banda larga, antigraffio e antiriflesso per...<\/p>\n<\/div>\n<\/div>\n<div class=\"brxe-xfsvub brxe-block prod-tab-key-loop\"><img loading=\"lazy\" decoding=\"async\" class=\"brxe-rtihxw brxe-image prod-feature__icon css-filter size-full\" src=\"https:\/\/ritonoptics.com\/wp-content\/uploads\/airgun-approved-1.png\" alt=\"\" width=\"72\" height=\"74\" \/><\/p>\n<div class=\"brxe-anynyj brxe-div\">\n<p class=\"brxe-abizyp brxe-text-basic prod-feature__title\">Approvato per le armi ad aria compressa<\/p>\n<p class=\"brxe-lprtvs brxe-text-basic prod-feature__txt\">I cannocchiali Riton sono altamente valutati e adatti all'uso di armi ad aria compressa, offrendo durata ed eccellente chiarezza ottica. Progettati per resistere al rinculo unico...<\/p>\n<h3 id=\"brxe-qzyxzy\" class=\"brxe-heading prod-tabs__title\">Specifiche complete:<\/h3>\n<div class=\"brxe-zlpnap brxe-block prod-tab-spec-loop\">\n<p class=\"brxe-ibnnrs brxe-text-basic tab-spec__value\">Ingrandimento: 3-12<\/p>\n<\/div>\n<div class=\"brxe-zlpnap brxe-block prod-tab-spec-loop\">\n<p class=\"brxe-ibnnrs brxe-text-basic tab-spec__value\">Regolazione della parallasse: 15 - infinito<\/p>\n<\/div>\n<div class=\"brxe-zlpnap brxe-block prod-tab-spec-loop\">\n<p class=\"brxe-ibnnrs brxe-text-basic tab-spec__value\">Diametro del tubo: 30 mm<\/p>\n<\/div>\n<div class=\"brxe-zlpnap brxe-block prod-tab-spec-loop\">\n<p class=\"brxe-ibnnrs brxe-text-basic tab-spec__value\">Diametro obiettivo: 56 mm<\/p>\n<\/div>\n<div class=\"brxe-zlpnap brxe-block prod-tab-spec-loop\">\n<p class=\"brxe-ibnnrs brxe-text-basic tab-spec__value\">Piano focale: secondo piano focale<\/p>\n<\/div>\n<div class=\"brxe-zlpnap brxe-block prod-tab-spec-loop\">\n<p class=\"brxe-ibnnrs brxe-text-basic tab-spec__value\">Rivestimento dell'obiettivo: completamente multistrato, banda larga completa, rivestimento impermeabile, miglioramento in condizioni di scarsa illuminazione<\/p>\n<\/div>\n<div class=\"brxe-zlpnap brxe-block prod-tab-spec-loop\">\n<p class=\"brxe-ibnnrs brxe-text-basic tab-spec__value\">Reticolo: RDH, illuminato<\/p>\n<\/div>\n<div class=\"brxe-zlpnap brxe-block prod-tab-spec-loop\">\n<p class=\"brxe-ibnnrs brxe-text-basic tab-spec__value\">Campo visivo a 100 metri: 33 ft - 8,4 ft<\/p>\n<\/div>\n<div class=\"brxe-zlpnap brxe-block prod-tab-spec-loop\">\n<p class=\"brxe-ibnnrs brxe-text-basic tab-spec__value\">Materiale: 6061-T6<\/p>\n<\/div>\n<div class=\"brxe-zlpnap brxe-block prod-tab-spec-loop\">\n<p class=\"brxe-ibnnrs brxe-text-basic tab-spec__value\">Distanza dagli occhi: 3.35in\/85mm<\/p>\n<\/div>\n<div class=\"brxe-zlpnap brxe-block prod-tab-spec-loop\">\n<p class=\"brxe-ibnnrs brxe-text-basic tab-spec__value\">Pupilla di uscita: bassa 14,5 mm - alta 4,7 mm<\/p>\n<\/div>\n<div class=\"brxe-zlpnap brxe-block prod-tab-spec-loop\">\n<p class=\"brxe-ibnnrs brxe-text-basic tab-spec__value\">Valore di scatto a 100 metri: 1\/4 MOA<\/p>\n<\/div>\n<div class=\"brxe-zlpnap brxe-block prod-tab-spec-loop\">\n<p class=\"brxe-ibnnrs brxe-text-basic tab-spec__value\">Campo di regolazione: 60 MOA<\/p>\n<\/div>\n<div class=\"brxe-zlpnap brxe-block prod-tab-spec-loop\">\n<p class=\"brxe-ibnnrs brxe-text-basic tab-spec__value\">Lunghezza di montaggio: 5,4in\/137mm<\/p>\n<\/div>\n<div class=\"brxe-zlpnap brxe-block prod-tab-spec-loop\">\n<p class=\"brxe-ibnnrs brxe-text-basic tab-spec__value\">Lunghezza: 13.39in\/340mm<\/p>\n<\/div>\n<div class=\"brxe-zlpnap brxe-block prod-tab-spec-loop\">\n<p class=\"brxe-ibnnrs brxe-text-basic tab-spec__value\">Peso: 1.74lbs\/27.8oz<\/p>\n<\/div>\n<div class=\"brxe-zlpnap brxe-block prod-tab-spec-loop\">\n<p class=\"brxe-ibnnrs brxe-text-basic tab-spec__value\">Accessori in dotazione: Copriobiettivi ribaltabili, panno per obiettivi, chiave a brugola, batteria 2032 installata<\/p>\n<\/div>\n<\/div>\n<\/div>\n<\/div>\n<\/div>\n<\/div>","protected":false},"excerpt":{"rendered":"<div id=\"brxe-hxkylx\" class=\"brxe-product-short-description prod-single__txt\">\n<div class=\"woocommerce-product-details__short-description\">\n<p>Il <strong>Riton<\/strong> <strong>3 Primal 3-12\u00d756<\/strong> \u00e8 un'ottica da caccia semplice ma estremamente efficace. Progettata pensando al cacciatore, l'obiettivo sovradimensionato massimizza la qualit\u00e0 dell'immagine in condizioni di scarsa illuminazione, mentre il reticolo RDH offre un punto di mira chiaro e illuminato che si evidenzia anche nelle ombre scure. Con il 3 Primal 3-12\u00d756 potete essere certi che la vostra ottica non sar\u00e0 l'anello debole quando arriver\u00e0 il momento della verit\u00e0.<\/p>\n<\/div>\n<\/div>","protected":false},"featured_media":1286,"comment_status":"open","ping_status":"closed","template":"","meta":[],"etheme_brands":[{"term_id":44,"name":"Riton","slug":"riton","term_group":0,"term_taxonomy_id":44,"taxonomy":"brand","description":"","parent":0,"count":18,"filter":"raw"}],"product_brand":[],"product_cat":[49],"product_tag":[],"class_list":{"0":"post-1285","1":"product","2":"type-product","3":"status-publish","4":"has-post-thumbnail","6":"brand-riton","7":"product_cat-rifle-scopes","9":"first","10":"instock","11":"sale","12":"taxable","13":"shipping-taxable","14":"purchasable","15":"product-type-simple"},"yoast_head":"<!-- This site is optimized with the Yoast SEO Premium plugin v25.7.1 (Yoast SEO v27.4) - https:\/\/yoast.com\/product\/yoast-seo-premium-wordpress\/ -->\n<title>RIton 3 PRIMAL 3-12\u00d756IR - Hunter Optics<\/title>\n<meta name=\"robots\" content=\"index, follow, max-snippet:-1, max-image-preview:large, max-video-preview:-1\" \/>\n<link rel=\"canonical\" href=\"https:\/\/hunter-optics.com\/it\/prodotto\/riton-3-primal-3-12x56ir\/\" \/>\n<meta property=\"og:locale\" content=\"it_IT\" \/>\n<meta property=\"og:type\" content=\"article\" \/>\n<meta property=\"og:title\" content=\"RIton 3 PRIMAL 3-12\u00d756IR\" \/>\n<meta property=\"og:description\" content=\"The Riton 3 Primal 3-12\u00d756 is a simple but highly effective hunting optic. Designed with the hunter in mind, an oversized objective maximizes low-light image quality, while the RDH reticle delivers a clear, illuminated aimpoint that shows up even in dark shadows. With the 3 Primal 3-12\u00d756 you can be confident your optics won\u2019t be the weak link when the moment of truth comes.\" \/>\n<meta property=\"og:url\" content=\"https:\/\/hunter-optics.com\/it\/prodotto\/riton-3-primal-3-12x56ir\/\" \/>\n<meta property=\"og:site_name\" content=\"Hunter Optics\" \/>\n<meta property=\"article:modified_time\" content=\"2025-07-24T08:53:39+00:00\" \/>\n<meta property=\"og:image\" content=\"https:\/\/hunter-optics.com\/wp-content\/uploads\/2025\/07\/3-Primal-3-12x56-Angled.webp\" \/>\n\t<meta property=\"og:image:width\" content=\"876\" \/>\n\t<meta property=\"og:image:height\" content=\"876\" \/>\n\t<meta property=\"og:image:type\" content=\"image\/webp\" \/>\n<meta name=\"twitter:card\" content=\"summary_large_image\" \/>\n<meta name=\"twitter:label1\" content=\"Prezzo\" \/>\n\t<meta name=\"twitter:data1\" content=\"&#036;509.99\" \/>\n\t<meta name=\"twitter:label2\" content=\"Disponibilit\u00e0\" \/>\n\t<meta name=\"twitter:data2\" content=\"In stock\" \/>\n<script type=\"application\/ld+json\" class=\"yoast-schema-graph\">{\"@context\":\"https:\\\/\\\/schema.org\",\"@graph\":[{\"@type\":\"WebPage\",\"@id\":\"https:\\\/\\\/hunter-optics.com\\\/product\\\/riton-3-primal-3-12x56ir\\\/\",\"url\":\"https:\\\/\\\/hunter-optics.com\\\/product\\\/riton-3-primal-3-12x56ir\\\/\",\"name\":\"RIton 3 PRIMAL 3-12\u00d756IR - Hunter Optics\",\"isPartOf\":{\"@id\":\"https:\\\/\\\/hunter-optics.com\\\/#website\"},\"primaryImageOfPage\":{\"@id\":\"https:\\\/\\\/hunter-optics.com\\\/product\\\/riton-3-primal-3-12x56ir\\\/#primaryimage\"},\"image\":{\"@id\":\"https:\\\/\\\/hunter-optics.com\\\/product\\\/riton-3-primal-3-12x56ir\\\/#primaryimage\"},\"thumbnailUrl\":\"https:\\\/\\\/hunter-optics.com\\\/wp-content\\\/uploads\\\/2025\\\/07\\\/3-Primal-3-12x56-Angled.webp\",\"datePublished\":\"2025-07-03T06:09:07+00:00\",\"dateModified\":\"2025-07-24T08:53:39+00:00\",\"breadcrumb\":{\"@id\":\"https:\\\/\\\/hunter-optics.com\\\/product\\\/riton-3-primal-3-12x56ir\\\/#breadcrumb\"},\"inLanguage\":\"it-IT\",\"potentialAction\":[{\"@type\":\"ReadAction\",\"target\":[\"https:\\\/\\\/hunter-optics.com\\\/product\\\/riton-3-primal-3-12x56ir\\\/\"]}]},{\"@type\":\"ImageObject\",\"inLanguage\":\"it-IT\",\"@id\":\"https:\\\/\\\/hunter-optics.com\\\/product\\\/riton-3-primal-3-12x56ir\\\/#primaryimage\",\"url\":\"https:\\\/\\\/hunter-optics.com\\\/wp-content\\\/uploads\\\/2025\\\/07\\\/3-Primal-3-12x56-Angled.webp\",\"contentUrl\":\"https:\\\/\\\/hunter-optics.com\\\/wp-content\\\/uploads\\\/2025\\\/07\\\/3-Primal-3-12x56-Angled.webp\",\"width\":876,\"height\":876},{\"@type\":\"BreadcrumbList\",\"@id\":\"https:\\\/\\\/hunter-optics.com\\\/product\\\/riton-3-primal-3-12x56ir\\\/#breadcrumb\",\"itemListElement\":[{\"@type\":\"ListItem\",\"position\":1,\"name\":\"Home\",\"item\":\"https:\\\/\\\/hunter-optics.com\\\/\"},{\"@type\":\"ListItem\",\"position\":2,\"name\":\"Products\",\"item\":\"https:\\\/\\\/hunter-optics.com\\\/shop\\\/\"},{\"@type\":\"ListItem\",\"position\":3,\"name\":\"RIton 3 PRIMAL 3-12\u00d756IR\"}]},{\"@type\":\"WebSite\",\"@id\":\"https:\\\/\\\/hunter-optics.com\\\/#website\",\"url\":\"https:\\\/\\\/hunter-optics.com\\\/\",\"name\":\"Hunter Optics\",\"description\":\"Hunter Optics \u2014 Your Eye on the Target.\",\"publisher\":{\"@id\":\"https:\\\/\\\/hunter-optics.com\\\/#organization\"},\"potentialAction\":[{\"@type\":\"SearchAction\",\"target\":{\"@type\":\"EntryPoint\",\"urlTemplate\":\"https:\\\/\\\/hunter-optics.com\\\/?s={search_term_string}\"},\"query-input\":{\"@type\":\"PropertyValueSpecification\",\"valueRequired\":true,\"valueName\":\"search_term_string\"}}],\"inLanguage\":\"it-IT\"},{\"@type\":\"Organization\",\"@id\":\"https:\\\/\\\/hunter-optics.com\\\/#organization\",\"name\":\"Hunter Optics\",\"url\":\"https:\\\/\\\/hunter-optics.com\\\/\",\"logo\":{\"@type\":\"ImageObject\",\"inLanguage\":\"it-IT\",\"@id\":\"https:\\\/\\\/hunter-optics.com\\\/#\\\/schema\\\/logo\\\/image\\\/\",\"url\":\"https:\\\/\\\/hunter-optics.com\\\/wp-content\\\/uploads\\\/2025\\\/06\\\/hunter-optics-logo-1.png\",\"contentUrl\":\"https:\\\/\\\/hunter-optics.com\\\/wp-content\\\/uploads\\\/2025\\\/06\\\/hunter-optics-logo-1.png\",\"width\":937,\"height\":373,\"caption\":\"Hunter Optics\"},\"image\":{\"@id\":\"https:\\\/\\\/hunter-optics.com\\\/#\\\/schema\\\/logo\\\/image\\\/\"}}]}<\/script>\n<meta property=\"product:brand\" content=\"Riton\" \/>\n<meta property=\"product:price:amount\" content=\"509.99\" \/>\n<meta property=\"product:price:currency\" content=\"USD\" \/>\n<meta property=\"og:availability\" content=\"instock\" \/>\n<meta property=\"product:availability\" content=\"instock\" \/>\n<meta property=\"product:condition\" content=\"new\" \/>\n<!-- \/ Yoast SEO Premium plugin. -->","yoast_head_json":{"title":"RIton 3 PRIMAL 3-12\u00d756IR - Ottica Hunter","robots":{"index":"index","follow":"follow","max-snippet":"max-snippet:-1","max-image-preview":"max-image-preview:large","max-video-preview":"max-video-preview:-1"},"canonical":"https:\/\/hunter-optics.com\/it\/prodotto\/riton-3-primal-3-12x56ir\/","og_locale":"it_IT","og_type":"article","og_title":"RIton 3 PRIMAL 3-12\u00d756IR","og_description":"The Riton 3 Primal 3-12\u00d756 is a simple but highly effective hunting optic. Designed with the hunter in mind, an oversized objective maximizes low-light image quality, while the RDH reticle delivers a clear, illuminated aimpoint that shows up even in dark shadows. With the 3 Primal 3-12\u00d756 you can be confident your optics won\u2019t be the weak link when the moment of truth comes.","og_url":"https:\/\/hunter-optics.com\/it\/prodotto\/riton-3-primal-3-12x56ir\/","og_site_name":"Hunter Optics","article_modified_time":"2025-07-24T08:53:39+00:00","og_image":[{"width":876,"height":876,"url":"https:\/\/hunter-optics.com\/wp-content\/uploads\/2025\/07\/3-Primal-3-12x56-Angled.webp","type":"image\/webp"}],"twitter_card":"summary_large_image","twitter_misc":{"Prezzo":"&#36;509.99","Disponibilit\u00e0":"In stock"},"schema":{"@context":"https:\/\/schema.org","@graph":[{"@type":"WebPage","@id":"https:\/\/hunter-optics.com\/product\/riton-3-primal-3-12x56ir\/","url":"https:\/\/hunter-optics.com\/product\/riton-3-primal-3-12x56ir\/","name":"RIton 3 PRIMAL 3-12\u00d756IR - Ottica Hunter","isPartOf":{"@id":"https:\/\/hunter-optics.com\/#website"},"primaryImageOfPage":{"@id":"https:\/\/hunter-optics.com\/product\/riton-3-primal-3-12x56ir\/#primaryimage"},"image":{"@id":"https:\/\/hunter-optics.com\/product\/riton-3-primal-3-12x56ir\/#primaryimage"},"thumbnailUrl":"https:\/\/hunter-optics.com\/wp-content\/uploads\/2025\/07\/3-Primal-3-12x56-Angled.webp","datePublished":"2025-07-03T06:09:07+00:00","dateModified":"2025-07-24T08:53:39+00:00","breadcrumb":{"@id":"https:\/\/hunter-optics.com\/product\/riton-3-primal-3-12x56ir\/#breadcrumb"},"inLanguage":"it-IT","potentialAction":[{"@type":"ReadAction","target":["https:\/\/hunter-optics.com\/product\/riton-3-primal-3-12x56ir\/"]}]},{"@type":"ImageObject","inLanguage":"it-IT","@id":"https:\/\/hunter-optics.com\/product\/riton-3-primal-3-12x56ir\/#primaryimage","url":"https:\/\/hunter-optics.com\/wp-content\/uploads\/2025\/07\/3-Primal-3-12x56-Angled.webp","contentUrl":"https:\/\/hunter-optics.com\/wp-content\/uploads\/2025\/07\/3-Primal-3-12x56-Angled.webp","width":876,"height":876},{"@type":"BreadcrumbList","@id":"https:\/\/hunter-optics.com\/product\/riton-3-primal-3-12x56ir\/#breadcrumb","itemListElement":[{"@type":"ListItem","position":1,"name":"Home","item":"https:\/\/hunter-optics.com\/"},{"@type":"ListItem","position":2,"name":"Products","item":"https:\/\/hunter-optics.com\/shop\/"},{"@type":"ListItem","position":3,"name":"RIton 3 PRIMAL 3-12\u00d756IR"}]},{"@type":"WebSite","@id":"https:\/\/hunter-optics.com\/#website","url":"https:\/\/hunter-optics.com\/","name":"Ottica Hunter","description":"Ottica per cacciatori - L'occhio sul bersaglio.","publisher":{"@id":"https:\/\/hunter-optics.com\/#organization"},"potentialAction":[{"@type":"SearchAction","target":{"@type":"EntryPoint","urlTemplate":"https:\/\/hunter-optics.com\/?s={search_term_string}"},"query-input":{"@type":"PropertyValueSpecification","valueRequired":true,"valueName":"search_term_string"}}],"inLanguage":"it-IT"},{"@type":"Organization","@id":"https:\/\/hunter-optics.com\/#organization","name":"Ottica Hunter","url":"https:\/\/hunter-optics.com\/","logo":{"@type":"ImageObject","inLanguage":"it-IT","@id":"https:\/\/hunter-optics.com\/#\/schema\/logo\/image\/","url":"https:\/\/hunter-optics.com\/wp-content\/uploads\/2025\/06\/hunter-optics-logo-1.png","contentUrl":"https:\/\/hunter-optics.com\/wp-content\/uploads\/2025\/06\/hunter-optics-logo-1.png","width":937,"height":373,"caption":"Hunter Optics"},"image":{"@id":"https:\/\/hunter-optics.com\/#\/schema\/logo\/image\/"}}]},"product_brand":"Riton","product_price_amount":"509.99","product_price_currency":"USD","og_availability":"instock","product_availability":"instock","product_condition":"new"},"_links":{"self":[{"href":"https:\/\/hunter-optics.com\/it\/wp-json\/wp\/v2\/product\/1285","targetHints":{"allow":["GET"]}}],"collection":[{"href":"https:\/\/hunter-optics.com\/it\/wp-json\/wp\/v2\/product"}],"about":[{"href":"https:\/\/hunter-optics.com\/it\/wp-json\/wp\/v2\/types\/product"}],"replies":[{"embeddable":true,"href":"https:\/\/hunter-optics.com\/it\/wp-json\/wp\/v2\/comments?post=1285"}],"version-history":[{"count":2,"href":"https:\/\/hunter-optics.com\/it\/wp-json\/wp\/v2\/product\/1285\/revisions"}],"predecessor-version":[{"id":1324,"href":"https:\/\/hunter-optics.com\/it\/wp-json\/wp\/v2\/product\/1285\/revisions\/1324"}],"wp:featuredmedia":[{"embeddable":true,"href":"https:\/\/hunter-optics.com\/it\/wp-json\/wp\/v2\/media\/1286"}],"wp:attachment":[{"href":"https:\/\/hunter-optics.com\/it\/wp-json\/wp\/v2\/media?parent=1285"}],"wp:term":[{"taxonomy":"brand","embeddable":true,"href":"https:\/\/hunter-optics.com\/it\/wp-json\/wp\/v2\/etheme_brands?post=1285"},{"taxonomy":"product_brand","embeddable":true,"href":"https:\/\/hunter-optics.com\/it\/wp-json\/wp\/v2\/product_brand?post=1285"},{"taxonomy":"product_cat","embeddable":true,"href":"https:\/\/hunter-optics.com\/it\/wp-json\/wp\/v2\/product_cat?post=1285"},{"taxonomy":"product_tag","embeddable":true,"href":"https:\/\/hunter-optics.com\/it\/wp-json\/wp\/v2\/product_tag?post=1285"}],"curies":[{"name":"wp","href":"https:\/\/api.w.org\/{rel}","templated":true}]}}