{"id":1246,"date":"2025-07-03T02:53:12","date_gmt":"2025-07-03T02:53:12","guid":{"rendered":"https:\/\/hunter-optics.com\/?post_type=product&#038;p=1246"},"modified":"2025-07-24T08:53:25","modified_gmt":"2025-07-24T08:53:25","slug":"riton-3-tactix-1-8x24-blk","status":"publish","type":"product","link":"https:\/\/hunter-optics.com\/it\/prodotto\/riton-3-tactix-1-8x24-blk\/","title":{"rendered":"Riton 3 TACTIX 1-8\u00d724 BLK"},"content":{"rendered":"<h3 id=\"brxe-wmwgnk\" class=\"brxe-heading h4\">ESSERE PRONTI - ESSERE ADATTABILI<\/h3>\n<div id=\"brxe-hqsamv\" class=\"brxe-text-basic tir-video__subtitle\">3 TACTIX 1-8\u00d724<\/div>\n<div id=\"brxe-uenhta\" class=\"brxe-text prod-video__txt\">\n<p><strong>CAMPIONE DI TUTTE LE GAMME<\/strong><\/p>\n<p>Il\u00a0<strong>3 Tactix 1-8\u00d724 LPVO<\/strong>\u00a0eccelle sia nei bersagli a distanza ravvicinata che in quelli a distanza. Sia che abbiate bisogno di abbattere rapidamente bersagli a distanza ravvicinata, sia che abbiate un po' di tempo per sparare su un bersaglio a distanza, potete essere certi che le capacit\u00e0 CQB e a lunga distanza del 3 Tactix 1-8\u00d724 fanno al caso vostro.<\/p>\n<p><strong>INGRANDIMENTO RAPIDO IN QUALSIASI CONDIZIONE<\/strong><\/p>\n<p>Il 3 Tactix 1-8 \u00e8 dotato del sistema a doppia leva in attesa di brevetto di Riton, perfetto per le applicazioni in cui \u00e8 necessario cambiare rapidamente i livelli di ingrandimento per raggiungere il bersaglio. Grazie alla possibilit\u00e0 di posizionare la leva di lancio in pi\u00f9 posizioni e di scegliere tra diverse altezze, \u00e8 possibile personalizzare la propria configurazione in base alle proprie esigenze di tiro. Non importa se volete risparmiare peso e mantenere un profilo basso, o se dovete essere in grado di azionare l'ingrandimento con mani guantate o in condizioni scivolose o bagnate, il sistema a doppia leva di lancio offre il tipo di modularit\u00e0 e personalizzazione di cui avete bisogno.<\/p>\n<p><strong>COSTRUITO PER DURARE<\/strong><\/p>\n<p>Il Riton\u00a0<strong>3 Tactix 1-8\u00d724<\/strong>, costruito per resistere alle intemperie, agli urti e a tutto ci\u00f2 che ne consegue, mantenendo la massima precisione. Costruito in alluminio 6061-T6 di qualit\u00e0 aeronautica, il cannocchiale 1-8 \u00e8 stato realizzato con l'obiettivo di durare nel tempo e di resistere a qualsiasi condizione si possa incontrare. Come tutti i cannocchiali Riton, il 3 Tactix 1-8 \u00e8 sottoposto a test d'impatto fino a 1.200 G, \u00e8 omologato per le armi ad aria compressa ed \u00e8 coperto dalla garanzia limitata a vita Riton. Indipendentemente dall'applicazione, il Riton 3 Tactix 1-8\u00d724 \u00e8 costruito per resistere senza compromettere le prestazioni.<\/p>\n<h3 id=\"brxe-ztlivr\" class=\"brxe-heading prod-tabs__title\">Informazioni sul reticolo:<\/h3>\n<p id=\"brxe-grjall\" class=\"brxe-text-basic prod-reticle-name\">RETICOLO: OT<\/p>\n<div id=\"brxe-rkyybx\" class=\"brxe-text-basic prod-ret__txt\">\n<p>Il\u00a0<strong>Reticolo OT<\/strong>\u00a0\u00e8 perfetto per le applicazioni tattiche e adattabile alla caccia. Il suo design illuminato migliora la visibilit\u00e0 in tutte le condizioni, mentre i dettagliati holdover consentono tiri rapidi e precisi a varie distanze, assicurando prestazioni costanti sia negli scontri ravvicinati che a lungo raggio.<\/p>\n<h3 id=\"brxe-qcmket\" class=\"brxe-heading prod-tabs__title\">Caratteristiche principali:<\/h3>\n<div id=\"brxe-pnyzeh\" class=\"brxe-block prod-tab-feature\">\n<div class=\"brxe-xfsvub brxe-block prod-tab-key-loop\"><img loading=\"lazy\" decoding=\"async\" class=\"brxe-rtihxw brxe-image prod-feature__icon css-filter size-full\" src=\"https:\/\/ritonoptics.com\/wp-content\/uploads\/dry-nitrogen-purged-and-sealed-1.png\" alt=\"\" width=\"72\" height=\"74\" \/><\/p>\n<div class=\"brxe-anynyj brxe-div\">\n<p class=\"brxe-abizyp brxe-text-basic prod-feature__title\">Azoto secco spurgato e sigillato<\/p>\n<p class=\"brxe-lprtvs brxe-text-basic prod-feature__txt\">Utilizzando azoto gassoso, l'ottica viene spurgata e sigillata per garantire prestazioni ottimali in tutte le condizioni atmosferiche per tutta la durata del...<\/p>\n<\/div>\n<\/div>\n<div class=\"brxe-xfsvub brxe-block prod-tab-key-loop\"><img loading=\"lazy\" decoding=\"async\" class=\"brxe-rtihxw brxe-image prod-feature__icon css-filter size-full\" src=\"https:\/\/ritonoptics.com\/wp-content\/uploads\/precision-quality-1.png\" alt=\"\" width=\"72\" height=\"74\" \/><\/p>\n<div class=\"brxe-anynyj brxe-div\">\n<p class=\"brxe-abizyp brxe-text-basic prod-feature__title\">Garanzia di qualit\u00e0 di precisione<\/p>\n<p class=\"brxe-lprtvs brxe-text-basic prod-feature__txt\">Ogni prodotto Riton viene sottoposto a un rigoroso processo di controllo della qualit\u00e0 da parte di tecnici certificati di Tucson, AZ. Ogni prodotto ricevuto \u00e8 stato sottoposto a...<\/p>\n<\/div>\n<\/div>\n<div class=\"brxe-xfsvub brxe-block prod-tab-key-loop\"><img loading=\"lazy\" decoding=\"async\" class=\"brxe-rtihxw brxe-image prod-feature__icon css-filter size-full\" src=\"https:\/\/ritonoptics.com\/wp-content\/uploads\/hd-glass-1.png\" alt=\"\" width=\"72\" height=\"74\" \/><\/p>\n<div class=\"brxe-anynyj brxe-div\">\n<p class=\"brxe-abizyp brxe-text-basic prod-feature__title\">Vetro Riton HD<\/p>\n<p class=\"brxe-lprtvs brxe-text-basic prod-feature__txt\">Il vetro Riton ad alta densit\u00e0 (HD) offre una trasmissione della luce pari a 99,5% per una maggiore chiarezza e un'immagine visiva ottimale.<\/p>\n<\/div>\n<\/div>\n<div class=\"brxe-xfsvub brxe-block prod-tab-key-loop\"><img loading=\"lazy\" decoding=\"async\" class=\"brxe-rtihxw brxe-image prod-feature__icon css-filter size-full\" src=\"https:\/\/ritonoptics.com\/wp-content\/uploads\/performance-coating-1.png\" alt=\"\" width=\"72\" height=\"74\" \/><\/p>\n<div class=\"brxe-anynyj brxe-div\">\n<p class=\"brxe-abizyp brxe-text-basic prod-feature__title\">Riton Performance Coating<\/p>\n<p class=\"brxe-lprtvs brxe-text-basic prod-feature__txt\">Grazie a lenti proprietarie completamente rivestite, tutte le ottiche Riton sono caratterizzate da un miglioramento della luminosit\u00e0, da rivestimenti a banda larga, antigraffio e antiriflesso per...<\/p>\n<\/div>\n<\/div>\n<div class=\"brxe-xfsvub brxe-block prod-tab-key-loop\"><img loading=\"lazy\" decoding=\"async\" class=\"brxe-rtihxw brxe-image prod-feature__icon css-filter size-full\" src=\"https:\/\/ritonoptics.com\/wp-content\/uploads\/rugged-construction-1.png\" alt=\"\" width=\"72\" height=\"74\" \/><\/p>\n<div class=\"brxe-anynyj brxe-div\">\n<p class=\"brxe-abizyp brxe-text-basic prod-feature__title\">Costruzione robusta Riton<\/p>\n<p class=\"brxe-lprtvs brxe-text-basic prod-feature__txt\">La costruzione Riton Rugged incorpora l'applicazione di alluminio 6061-T6 di grado aeronautico, tubi monopezzo lavorati a CNC e anodizzazione a strato duro di tipo III....<\/p>\n<\/div>\n<\/div>\n<div class=\"brxe-xfsvub brxe-block prod-tab-key-loop\"><img loading=\"lazy\" decoding=\"async\" class=\"brxe-rtihxw brxe-image prod-feature__icon css-filter size-full\" src=\"https:\/\/ritonoptics.com\/wp-content\/uploads\/airgun-approved-1.png\" alt=\"\" width=\"72\" height=\"74\" \/><\/p>\n<div class=\"brxe-anynyj brxe-div\">\n<p class=\"brxe-abizyp brxe-text-basic prod-feature__title\">Approvato per le armi ad aria compressa<\/p>\n<p class=\"brxe-lprtvs brxe-text-basic prod-feature__txt\">I cannocchiali Riton sono altamente valutati e adatti all'uso di armi ad aria compressa, offrendo durata ed eccellente chiarezza ottica. Progettati per resistere al rinculo unico...<\/p>\n<h3 id=\"brxe-qzyxzy\" class=\"brxe-heading prod-tabs__title\">Specifiche complete:<\/h3>\n<div class=\"brxe-zlpnap brxe-block prod-tab-spec-loop\">\n<p class=\"brxe-ibnnrs brxe-text-basic tab-spec__value\">Ingrandimento: 1-8<\/p>\n<\/div>\n<div class=\"brxe-zlpnap brxe-block prod-tab-spec-loop\">\n<p class=\"brxe-ibnnrs brxe-text-basic tab-spec__value\">Regolazione del parallasse: fissa a 100 iarde<\/p>\n<\/div>\n<div class=\"brxe-zlpnap brxe-block prod-tab-spec-loop\">\n<p class=\"brxe-ibnnrs brxe-text-basic tab-spec__value\">Diametro del tubo: 30 mm<\/p>\n<\/div>\n<div class=\"brxe-zlpnap brxe-block prod-tab-spec-loop\">\n<p class=\"brxe-ibnnrs brxe-text-basic tab-spec__value\">Diametro obiettivo: 24 mm<\/p>\n<\/div>\n<div class=\"brxe-zlpnap brxe-block prod-tab-spec-loop\">\n<p class=\"brxe-ibnnrs brxe-text-basic tab-spec__value\">Piano focale: secondo piano focale<\/p>\n<\/div>\n<div class=\"brxe-zlpnap brxe-block prod-tab-spec-loop\">\n<p class=\"brxe-ibnnrs brxe-text-basic tab-spec__value\">Rivestimento dell'obiettivo: completamente multistrato, banda larga completa, rivestimento impermeabile, miglioramento in condizioni di scarsa illuminazione<\/p>\n<\/div>\n<div class=\"brxe-zlpnap brxe-block prod-tab-spec-loop\">\n<p class=\"brxe-ibnnrs brxe-text-basic tab-spec__value\">Reticolo: OT, illuminato<\/p>\n<\/div>\n<div class=\"brxe-zlpnap brxe-block prod-tab-spec-loop\">\n<p class=\"brxe-ibnnrs brxe-text-basic tab-spec__value\">Campo visivo a 100 metri: 105,8 piedi - 13,1 piedi<\/p>\n<\/div>\n<div class=\"brxe-zlpnap brxe-block prod-tab-spec-loop\">\n<p class=\"brxe-ibnnrs brxe-text-basic tab-spec__value\">Materiale: 6061-T6<\/p>\n<\/div>\n<div class=\"brxe-zlpnap brxe-block prod-tab-spec-loop\">\n<p class=\"brxe-ibnnrs brxe-text-basic tab-spec__value\">Distanza dagli occhi: 3.5in\/90mm<\/p>\n<\/div>\n<div class=\"brxe-zlpnap brxe-block prod-tab-spec-loop\">\n<p class=\"brxe-ibnnrs brxe-text-basic tab-spec__value\">Pupilla di uscita: bassa 7,5 mm - alta 3 mm<\/p>\n<\/div>\n<div class=\"brxe-zlpnap brxe-block prod-tab-spec-loop\">\n<p class=\"brxe-ibnnrs brxe-text-basic tab-spec__value\">Valore di scatto a 100 metri: 1\/2 MOA<\/p>\n<\/div>\n<div class=\"brxe-zlpnap brxe-block prod-tab-spec-loop\">\n<p class=\"brxe-ibnnrs brxe-text-basic tab-spec__value\">Campo di regolazione: 120 MOA<\/p>\n<\/div>\n<div class=\"brxe-zlpnap brxe-block prod-tab-spec-loop\">\n<p class=\"brxe-ibnnrs brxe-text-basic tab-spec__value\">Lunghezza di montaggio: 6,75in\/171mm<\/p>\n<\/div>\n<div class=\"brxe-zlpnap brxe-block prod-tab-spec-loop\">\n<p class=\"brxe-ibnnrs brxe-text-basic tab-spec__value\">Lunghezza: 10.83in\/275mm<\/p>\n<\/div>\n<div class=\"brxe-zlpnap brxe-block prod-tab-spec-loop\">\n<p class=\"brxe-ibnnrs brxe-text-basic tab-spec__value\">Peso: 1.6lbs\/25.6oz<\/p>\n<\/div>\n<div class=\"brxe-zlpnap brxe-block prod-tab-spec-loop\">\n<p class=\"brxe-ibnnrs brxe-text-basic tab-spec__value\">Accessori inclusi: Copriobiettivi ribaltabili, panno per obiettivi, chiave a brugola<\/p>\n<\/div>\n<\/div>\n<\/div>\n<\/div>\n<\/div>\n<\/div>","protected":false},"excerpt":{"rendered":"<div id=\"brxe-hxkylx\" class=\"brxe-product-short-description prod-single__txt\">\n<div class=\"woocommerce-product-details__short-description\">\n<p>Il\u00a0<strong>Riton 3 Tactix 1-8\u00d724 LPVO<\/strong> (ottica variabile a bassa potenza) \u00e8 la soluzione ottica definitiva per un'ampia gamma di fucili. Da un moderno fucile sportivo multiuso al fucile a leva che si usa per cacciare in una fitta copertura. Con un reticolo sul secondo piano focale che agisce come un punto rosso a bassi livelli di ingrandimento e un reticolo a lunga distanza a livelli di ingrandimento pi\u00f9 elevati, questa ottica si adatta a qualsiasi applicazione, dalla difesa domestica alla caccia e praticamente a tutto il resto.<\/p>\n<\/div>\n<\/div>","protected":false},"featured_media":1247,"comment_status":"open","ping_status":"closed","template":"","meta":[],"etheme_brands":[{"term_id":44,"name":"Riton","slug":"riton","term_group":0,"term_taxonomy_id":44,"taxonomy":"brand","description":"","parent":0,"count":18,"filter":"raw"}],"product_brand":[],"product_cat":[49],"product_tag":[],"class_list":{"0":"post-1246","1":"product","2":"type-product","3":"status-publish","4":"has-post-thumbnail","6":"brand-riton","7":"product_cat-rifle-scopes","9":"first","10":"instock","11":"sale","12":"taxable","13":"shipping-taxable","14":"purchasable","15":"product-type-simple"},"yoast_head":"<!-- This site is optimized with the Yoast SEO Premium plugin v25.7.1 (Yoast SEO v27.4) - https:\/\/yoast.com\/product\/yoast-seo-premium-wordpress\/ -->\n<title>Riton 3 TACTIX 1-8\u00d724 BLK - Hunter Optics<\/title>\n<meta name=\"robots\" content=\"index, follow, max-snippet:-1, max-image-preview:large, max-video-preview:-1\" \/>\n<link rel=\"canonical\" href=\"https:\/\/hunter-optics.com\/it\/prodotto\/riton-3-tactix-1-8x24-blk\/\" \/>\n<meta property=\"og:locale\" content=\"it_IT\" \/>\n<meta property=\"og:type\" content=\"article\" \/>\n<meta property=\"og:title\" content=\"Riton 3 TACTIX 1-8\u00d724 BLK\" \/>\n<meta property=\"og:description\" content=\"The\u00a0Riton 3 Tactix 1-8\u00d724 LPVO (low power variable optic) is the ultimate optical solution for a wide array of rifles. From a multipurpose modern sporting rifle, to that lever gun you use to hunt in dense cover. With a second focal plane reticle that acts similar to a red dot on low magnification levels, to a long range beast on higher magnification levels, this optic fits every application from home defense to hunting and virtually everything in between.\" \/>\n<meta property=\"og:url\" content=\"https:\/\/hunter-optics.com\/it\/prodotto\/riton-3-tactix-1-8x24-blk\/\" \/>\n<meta property=\"og:site_name\" content=\"Hunter Optics\" \/>\n<meta property=\"article:modified_time\" content=\"2025-07-24T08:53:25+00:00\" \/>\n<meta property=\"og:image\" content=\"https:\/\/hunter-optics.com\/wp-content\/uploads\/2025\/07\/3-Tactix-1-8x24-Black-Angled.webp\" \/>\n\t<meta property=\"og:image:width\" content=\"876\" \/>\n\t<meta property=\"og:image:height\" content=\"876\" \/>\n\t<meta property=\"og:image:type\" content=\"image\/webp\" \/>\n<meta name=\"twitter:card\" content=\"summary_large_image\" \/>\n<meta name=\"twitter:label1\" content=\"Prezzo\" \/>\n\t<meta name=\"twitter:data1\" content=\"&#036;469.99\" \/>\n\t<meta name=\"twitter:label2\" content=\"Disponibilit\u00e0\" \/>\n\t<meta name=\"twitter:data2\" content=\"In stock\" \/>\n<script type=\"application\/ld+json\" class=\"yoast-schema-graph\">{\"@context\":\"https:\\\/\\\/schema.org\",\"@graph\":[{\"@type\":\"WebPage\",\"@id\":\"https:\\\/\\\/hunter-optics.com\\\/product\\\/riton-3-tactix-1-8x24-blk\\\/\",\"url\":\"https:\\\/\\\/hunter-optics.com\\\/product\\\/riton-3-tactix-1-8x24-blk\\\/\",\"name\":\"Riton 3 TACTIX 1-8\u00d724 BLK - Hunter Optics\",\"isPartOf\":{\"@id\":\"https:\\\/\\\/hunter-optics.com\\\/#website\"},\"primaryImageOfPage\":{\"@id\":\"https:\\\/\\\/hunter-optics.com\\\/product\\\/riton-3-tactix-1-8x24-blk\\\/#primaryimage\"},\"image\":{\"@id\":\"https:\\\/\\\/hunter-optics.com\\\/product\\\/riton-3-tactix-1-8x24-blk\\\/#primaryimage\"},\"thumbnailUrl\":\"https:\\\/\\\/hunter-optics.com\\\/wp-content\\\/uploads\\\/2025\\\/07\\\/3-Tactix-1-8x24-Black-Angled.webp\",\"datePublished\":\"2025-07-03T02:53:12+00:00\",\"dateModified\":\"2025-07-24T08:53:25+00:00\",\"breadcrumb\":{\"@id\":\"https:\\\/\\\/hunter-optics.com\\\/product\\\/riton-3-tactix-1-8x24-blk\\\/#breadcrumb\"},\"inLanguage\":\"it-IT\",\"potentialAction\":[{\"@type\":\"ReadAction\",\"target\":[\"https:\\\/\\\/hunter-optics.com\\\/product\\\/riton-3-tactix-1-8x24-blk\\\/\"]}]},{\"@type\":\"ImageObject\",\"inLanguage\":\"it-IT\",\"@id\":\"https:\\\/\\\/hunter-optics.com\\\/product\\\/riton-3-tactix-1-8x24-blk\\\/#primaryimage\",\"url\":\"https:\\\/\\\/hunter-optics.com\\\/wp-content\\\/uploads\\\/2025\\\/07\\\/3-Tactix-1-8x24-Black-Angled.webp\",\"contentUrl\":\"https:\\\/\\\/hunter-optics.com\\\/wp-content\\\/uploads\\\/2025\\\/07\\\/3-Tactix-1-8x24-Black-Angled.webp\",\"width\":876,\"height\":876},{\"@type\":\"BreadcrumbList\",\"@id\":\"https:\\\/\\\/hunter-optics.com\\\/product\\\/riton-3-tactix-1-8x24-blk\\\/#breadcrumb\",\"itemListElement\":[{\"@type\":\"ListItem\",\"position\":1,\"name\":\"Home\",\"item\":\"https:\\\/\\\/hunter-optics.com\\\/\"},{\"@type\":\"ListItem\",\"position\":2,\"name\":\"Products\",\"item\":\"https:\\\/\\\/hunter-optics.com\\\/shop\\\/\"},{\"@type\":\"ListItem\",\"position\":3,\"name\":\"Riton 3 TACTIX 1-8\u00d724 BLK\"}]},{\"@type\":\"WebSite\",\"@id\":\"https:\\\/\\\/hunter-optics.com\\\/#website\",\"url\":\"https:\\\/\\\/hunter-optics.com\\\/\",\"name\":\"Hunter Optics\",\"description\":\"Hunter Optics \u2014 Your Eye on the Target.\",\"publisher\":{\"@id\":\"https:\\\/\\\/hunter-optics.com\\\/#organization\"},\"potentialAction\":[{\"@type\":\"SearchAction\",\"target\":{\"@type\":\"EntryPoint\",\"urlTemplate\":\"https:\\\/\\\/hunter-optics.com\\\/?s={search_term_string}\"},\"query-input\":{\"@type\":\"PropertyValueSpecification\",\"valueRequired\":true,\"valueName\":\"search_term_string\"}}],\"inLanguage\":\"it-IT\"},{\"@type\":\"Organization\",\"@id\":\"https:\\\/\\\/hunter-optics.com\\\/#organization\",\"name\":\"Hunter Optics\",\"url\":\"https:\\\/\\\/hunter-optics.com\\\/\",\"logo\":{\"@type\":\"ImageObject\",\"inLanguage\":\"it-IT\",\"@id\":\"https:\\\/\\\/hunter-optics.com\\\/#\\\/schema\\\/logo\\\/image\\\/\",\"url\":\"https:\\\/\\\/hunter-optics.com\\\/wp-content\\\/uploads\\\/2025\\\/06\\\/hunter-optics-logo-1.png\",\"contentUrl\":\"https:\\\/\\\/hunter-optics.com\\\/wp-content\\\/uploads\\\/2025\\\/06\\\/hunter-optics-logo-1.png\",\"width\":937,\"height\":373,\"caption\":\"Hunter Optics\"},\"image\":{\"@id\":\"https:\\\/\\\/hunter-optics.com\\\/#\\\/schema\\\/logo\\\/image\\\/\"}}]}<\/script>\n<meta property=\"product:brand\" content=\"Riton\" \/>\n<meta property=\"product:price:amount\" content=\"469.99\" \/>\n<meta property=\"product:price:currency\" content=\"USD\" \/>\n<meta property=\"og:availability\" content=\"instock\" \/>\n<meta property=\"product:availability\" content=\"instock\" \/>\n<meta property=\"product:condition\" content=\"new\" \/>\n<!-- \/ Yoast SEO Premium plugin. -->","yoast_head_json":{"title":"Riton 3 TACTIX 1-8\u00d724 BLK - Ottica Hunter","robots":{"index":"index","follow":"follow","max-snippet":"max-snippet:-1","max-image-preview":"max-image-preview:large","max-video-preview":"max-video-preview:-1"},"canonical":"https:\/\/hunter-optics.com\/it\/prodotto\/riton-3-tactix-1-8x24-blk\/","og_locale":"it_IT","og_type":"article","og_title":"Riton 3 TACTIX 1-8\u00d724 BLK","og_description":"The\u00a0Riton 3 Tactix 1-8\u00d724 LPVO (low power variable optic) is the ultimate optical solution for a wide array of rifles. From a multipurpose modern sporting rifle, to that lever gun you use to hunt in dense cover. With a second focal plane reticle that acts similar to a red dot on low magnification levels, to a long range beast on higher magnification levels, this optic fits every application from home defense to hunting and virtually everything in between.","og_url":"https:\/\/hunter-optics.com\/it\/prodotto\/riton-3-tactix-1-8x24-blk\/","og_site_name":"Hunter Optics","article_modified_time":"2025-07-24T08:53:25+00:00","og_image":[{"width":876,"height":876,"url":"https:\/\/hunter-optics.com\/wp-content\/uploads\/2025\/07\/3-Tactix-1-8x24-Black-Angled.webp","type":"image\/webp"}],"twitter_card":"summary_large_image","twitter_misc":{"Prezzo":"&#36;469.99","Disponibilit\u00e0":"In stock"},"schema":{"@context":"https:\/\/schema.org","@graph":[{"@type":"WebPage","@id":"https:\/\/hunter-optics.com\/product\/riton-3-tactix-1-8x24-blk\/","url":"https:\/\/hunter-optics.com\/product\/riton-3-tactix-1-8x24-blk\/","name":"Riton 3 TACTIX 1-8\u00d724 BLK - Ottica Hunter","isPartOf":{"@id":"https:\/\/hunter-optics.com\/#website"},"primaryImageOfPage":{"@id":"https:\/\/hunter-optics.com\/product\/riton-3-tactix-1-8x24-blk\/#primaryimage"},"image":{"@id":"https:\/\/hunter-optics.com\/product\/riton-3-tactix-1-8x24-blk\/#primaryimage"},"thumbnailUrl":"https:\/\/hunter-optics.com\/wp-content\/uploads\/2025\/07\/3-Tactix-1-8x24-Black-Angled.webp","datePublished":"2025-07-03T02:53:12+00:00","dateModified":"2025-07-24T08:53:25+00:00","breadcrumb":{"@id":"https:\/\/hunter-optics.com\/product\/riton-3-tactix-1-8x24-blk\/#breadcrumb"},"inLanguage":"it-IT","potentialAction":[{"@type":"ReadAction","target":["https:\/\/hunter-optics.com\/product\/riton-3-tactix-1-8x24-blk\/"]}]},{"@type":"ImageObject","inLanguage":"it-IT","@id":"https:\/\/hunter-optics.com\/product\/riton-3-tactix-1-8x24-blk\/#primaryimage","url":"https:\/\/hunter-optics.com\/wp-content\/uploads\/2025\/07\/3-Tactix-1-8x24-Black-Angled.webp","contentUrl":"https:\/\/hunter-optics.com\/wp-content\/uploads\/2025\/07\/3-Tactix-1-8x24-Black-Angled.webp","width":876,"height":876},{"@type":"BreadcrumbList","@id":"https:\/\/hunter-optics.com\/product\/riton-3-tactix-1-8x24-blk\/#breadcrumb","itemListElement":[{"@type":"ListItem","position":1,"name":"Home","item":"https:\/\/hunter-optics.com\/"},{"@type":"ListItem","position":2,"name":"Products","item":"https:\/\/hunter-optics.com\/shop\/"},{"@type":"ListItem","position":3,"name":"Riton 3 TACTIX 1-8\u00d724 BLK"}]},{"@type":"WebSite","@id":"https:\/\/hunter-optics.com\/#website","url":"https:\/\/hunter-optics.com\/","name":"Ottica Hunter","description":"Ottica per cacciatori - L'occhio sul bersaglio.","publisher":{"@id":"https:\/\/hunter-optics.com\/#organization"},"potentialAction":[{"@type":"SearchAction","target":{"@type":"EntryPoint","urlTemplate":"https:\/\/hunter-optics.com\/?s={search_term_string}"},"query-input":{"@type":"PropertyValueSpecification","valueRequired":true,"valueName":"search_term_string"}}],"inLanguage":"it-IT"},{"@type":"Organization","@id":"https:\/\/hunter-optics.com\/#organization","name":"Ottica Hunter","url":"https:\/\/hunter-optics.com\/","logo":{"@type":"ImageObject","inLanguage":"it-IT","@id":"https:\/\/hunter-optics.com\/#\/schema\/logo\/image\/","url":"https:\/\/hunter-optics.com\/wp-content\/uploads\/2025\/06\/hunter-optics-logo-1.png","contentUrl":"https:\/\/hunter-optics.com\/wp-content\/uploads\/2025\/06\/hunter-optics-logo-1.png","width":937,"height":373,"caption":"Hunter Optics"},"image":{"@id":"https:\/\/hunter-optics.com\/#\/schema\/logo\/image\/"}}]},"product_brand":"Riton","product_price_amount":"469.99","product_price_currency":"USD","og_availability":"instock","product_availability":"instock","product_condition":"new"},"_links":{"self":[{"href":"https:\/\/hunter-optics.com\/it\/wp-json\/wp\/v2\/product\/1246","targetHints":{"allow":["GET"]}}],"collection":[{"href":"https:\/\/hunter-optics.com\/it\/wp-json\/wp\/v2\/product"}],"about":[{"href":"https:\/\/hunter-optics.com\/it\/wp-json\/wp\/v2\/types\/product"}],"replies":[{"embeddable":true,"href":"https:\/\/hunter-optics.com\/it\/wp-json\/wp\/v2\/comments?post=1246"}],"version-history":[{"count":2,"href":"https:\/\/hunter-optics.com\/it\/wp-json\/wp\/v2\/product\/1246\/revisions"}],"predecessor-version":[{"id":1277,"href":"https:\/\/hunter-optics.com\/it\/wp-json\/wp\/v2\/product\/1246\/revisions\/1277"}],"wp:featuredmedia":[{"embeddable":true,"href":"https:\/\/hunter-optics.com\/it\/wp-json\/wp\/v2\/media\/1247"}],"wp:attachment":[{"href":"https:\/\/hunter-optics.com\/it\/wp-json\/wp\/v2\/media?parent=1246"}],"wp:term":[{"taxonomy":"brand","embeddable":true,"href":"https:\/\/hunter-optics.com\/it\/wp-json\/wp\/v2\/etheme_brands?post=1246"},{"taxonomy":"product_brand","embeddable":true,"href":"https:\/\/hunter-optics.com\/it\/wp-json\/wp\/v2\/product_brand?post=1246"},{"taxonomy":"product_cat","embeddable":true,"href":"https:\/\/hunter-optics.com\/it\/wp-json\/wp\/v2\/product_cat?post=1246"},{"taxonomy":"product_tag","embeddable":true,"href":"https:\/\/hunter-optics.com\/it\/wp-json\/wp\/v2\/product_tag?post=1246"}],"curies":[{"name":"wp","href":"https:\/\/api.w.org\/{rel}","templated":true}]}}