{"id":1183,"date":"2025-07-01T05:47:56","date_gmt":"2025-07-01T05:47:56","guid":{"rendered":"https:\/\/hunter-optics.com\/?post_type=product&#038;p=1183"},"modified":"2025-10-11T09:37:00","modified_gmt":"2025-10-11T09:37:00","slug":"riton-1-primal-3-9x40","status":"publish","type":"product","link":"https:\/\/hunter-optics.com\/it\/prodotto\/riton-1-primal-3-9x40\/","title":{"rendered":"Riton 1 PRIMAL 3-9\u00d740"},"content":{"rendered":"<h3 id=\"brxe-wmwgnk\" class=\"brxe-heading h4\">CONCENTRARSI SULLA FUNZIONE<\/h3>\n<div id=\"brxe-hqsamv\" class=\"brxe-text-basic tir-video__subtitle\">1 PRIMAL 3-9\u00d740<\/div>\n<div id=\"brxe-uenhta\" class=\"brxe-text prod-video__txt\">\n<p><strong>UNA VISIONE CHIARA DA LONTANO<\/strong><\/p>\n<p>La serie 1 Primal utilizza un sistema ottico completamente multistrato in tutto il cannocchiale. Il risultato \u00e8 una visione pi\u00f9 chiara e luminosa del bersaglio, una protezione dagli elementi e la capacit\u00e0 di operare sul campo in quelle situazioni di scarsa illuminazione in cui il successo della stagione \u00e8 in bilico.<\/p>\n<p><strong>AGGIUSTAMENTI CHE SI VEDONO E SI SENTONO<\/strong><\/p>\n<p>Con\u00a0<strong>1 Primal 3-9\u00d740<\/strong>\u00a0la regolazione \u00e8 resa semplice. Grazie alla regolazione da \u00bc MOA e alle torrette tattili, la regolazione dell'ottica \u00e8 un gioco da ragazzi. Effettuate le regolazioni una sola volta e sarete pronti ad abbattere la selvaggina da trofeo per tutta la vita.<\/p>\n<p><strong>RETICOLI PULITI, NITIDI E UTILIZZABILI<\/strong><\/p>\n<p>Nella linea 1 Primal troverete reticoli nitidi, puliti e pronti per qualsiasi tipo di caccia. Che siate alla ricerca di un reticolo con holdover MOA per regolazioni rapide durante i tiri a lunga distanza, o di un duplex tradizionale per i tiri pi\u00f9 intensi e ravvicinati, la linea di ottiche 1 Primal fa al caso vostro.<\/p>\n<p><strong>MANTENERE IL PASSO<\/strong><\/p>\n<p>Quando \u00e8 necessario regolare l'ingrandimento, si desidera poterlo fare in modo rapido e semplice, senza dover armeggiare con il tasto destro dell'ingrandimento. La Serie 1 Primal semplifica questa operazione grazie a una leva di regolazione integrata che si pu\u00f2 manovrare facilmente, anche con le mani guantate o in condizioni di umidit\u00e0.<\/p>\n<h3 id=\"brxe-ztlivr\" class=\"brxe-heading prod-tabs__title\">Informazioni sul reticolo:<\/h3>\n<p id=\"brxe-grjall\" class=\"brxe-text-basic prod-reticle-name\">RETICOLO: RHR<\/p>\n<div id=\"brxe-rkyybx\" class=\"brxe-text-basic prod-ret__txt\">\n<p>Il\u00a0<strong>Reticolo RHR<\/strong>\u00a0presenta un raffinato design duplex per una rapida acquisizione del bersaglio, offrendo una visione pulita ideale per le coperture fitte e le condizioni di scarsa illuminazione. Le sue audaci linee esterne attirano lo sguardo verso le linee centrali, consentendo ai cacciatori di agganciare i bersagli in modo rapido e sicuro.<\/p>\n<h3 id=\"brxe-qcmket\" class=\"brxe-heading prod-tabs__title\">Caratteristiche principali:<\/h3>\n<div id=\"brxe-pnyzeh\" class=\"brxe-block prod-tab-feature\">\n<div class=\"brxe-xfsvub brxe-block prod-tab-key-loop\">\n<p><img loading=\"lazy\" decoding=\"async\" class=\"brxe-rtihxw brxe-image prod-feature__icon css-filter size-full\" src=\"https:\/\/ritonoptics.com\/wp-content\/uploads\/dry-nitrogen-purged-and-sealed-1.png\" alt=\"\" width=\"72\" height=\"74\" \/><\/p>\n<div class=\"brxe-anynyj brxe-div\">\n<p class=\"brxe-abizyp brxe-text-basic prod-feature__title\">Azoto secco spurgato e sigillato<\/p>\n<p class=\"brxe-lprtvs brxe-text-basic prod-feature__txt\">Utilizzando azoto gassoso, l'ottica viene spurgata e sigillata per garantire prestazioni ottimali in tutte le condizioni atmosferiche per tutta la durata del...<\/p>\n<\/div>\n<\/div>\n<div class=\"brxe-xfsvub brxe-block prod-tab-key-loop\">\n<p><img loading=\"lazy\" decoding=\"async\" class=\"brxe-rtihxw brxe-image prod-feature__icon css-filter size-full\" src=\"https:\/\/ritonoptics.com\/wp-content\/uploads\/precision-quality-1.png\" alt=\"\" width=\"72\" height=\"74\" \/><\/p>\n<div class=\"brxe-anynyj brxe-div\">\n<p class=\"brxe-abizyp brxe-text-basic prod-feature__title\">Garanzia di qualit\u00e0 di precisione<\/p>\n<p class=\"brxe-lprtvs brxe-text-basic prod-feature__txt\">Ogni prodotto Riton viene sottoposto a un rigoroso processo di controllo della qualit\u00e0 da parte di tecnici certificati di Tucson, AZ. Ogni prodotto ricevuto \u00e8 stato sottoposto a...<\/p>\n<\/div>\n<\/div>\n<div class=\"brxe-xfsvub brxe-block prod-tab-key-loop\">\n<p><img loading=\"lazy\" decoding=\"async\" class=\"brxe-rtihxw brxe-image prod-feature__icon css-filter size-full\" src=\"https:\/\/ritonoptics.com\/wp-content\/uploads\/hd-glass-1.png\" alt=\"\" width=\"72\" height=\"74\" \/><\/p>\n<div class=\"brxe-anynyj brxe-div\">\n<p class=\"brxe-abizyp brxe-text-basic prod-feature__title\">Vetro Riton HD<\/p>\n<p class=\"brxe-lprtvs brxe-text-basic prod-feature__txt\">Il vetro Riton ad alta densit\u00e0 (HD) offre una trasmissione della luce pari a 99,5% per una maggiore chiarezza e un'immagine visiva ottimale.<\/p>\n<\/div>\n<\/div>\n<div class=\"brxe-xfsvub brxe-block prod-tab-key-loop\">\n<p><img loading=\"lazy\" decoding=\"async\" class=\"brxe-rtihxw brxe-image prod-feature__icon css-filter size-full\" src=\"https:\/\/ritonoptics.com\/wp-content\/uploads\/performance-coating-1.png\" alt=\"\" width=\"72\" height=\"74\" \/><\/p>\n<div class=\"brxe-anynyj brxe-div\">\n<p class=\"brxe-abizyp brxe-text-basic prod-feature__title\">Riton Performance Coating<\/p>\n<p class=\"brxe-lprtvs brxe-text-basic prod-feature__txt\">Grazie a lenti proprietarie completamente rivestite, tutte le ottiche Riton sono caratterizzate da un miglioramento della luminosit\u00e0, da rivestimenti a banda larga, antigraffio e antiriflesso per...<\/p>\n<\/div>\n<\/div>\n<div class=\"brxe-xfsvub brxe-block prod-tab-key-loop\">\n<p><img loading=\"lazy\" decoding=\"async\" class=\"brxe-rtihxw brxe-image prod-feature__icon css-filter size-full\" src=\"https:\/\/ritonoptics.com\/wp-content\/uploads\/rugged-construction-1.png\" alt=\"\" width=\"72\" height=\"74\" \/><\/p>\n<div class=\"brxe-anynyj brxe-div\">\n<p class=\"brxe-abizyp brxe-text-basic prod-feature__title\">Costruzione robusta Riton<\/p>\n<p class=\"brxe-lprtvs brxe-text-basic prod-feature__txt\">La costruzione Riton Rugged incorpora l'applicazione di alluminio 6061-T6 di grado aeronautico, tubi monopezzo lavorati a CNC e anodizzazione a strato duro di tipo III....<\/p>\n<\/div>\n<\/div>\n<div class=\"brxe-xfsvub brxe-block prod-tab-key-loop\">\n<p><img loading=\"lazy\" decoding=\"async\" class=\"brxe-rtihxw brxe-image prod-feature__icon css-filter size-full\" src=\"https:\/\/ritonoptics.com\/wp-content\/uploads\/airgun-approved-1.png\" alt=\"\" width=\"72\" height=\"74\" \/><\/p>\n<div class=\"brxe-anynyj brxe-div\">\n<p class=\"brxe-abizyp brxe-text-basic prod-feature__title\">Approvato per le armi ad aria compressa<\/p>\n<p class=\"brxe-lprtvs brxe-text-basic prod-feature__txt\">I cannocchiali Riton sono altamente valutati e adatti all'uso di armi ad aria compressa, offrendo durata ed eccellente chiarezza ottica. Progettati per resistere al rinculo unico...<\/p>\n<h3 id=\"brxe-qzyxzy\" class=\"brxe-heading prod-tabs__title\">Specifiche complete:<\/h3>\n<div class=\"brxe-zlpnap brxe-block prod-tab-spec-loop\">\n<p class=\"brxe-ibnnrs brxe-text-basic tab-spec__value\">Ingrandimento: 3-9<\/p>\n<\/div>\n<div class=\"brxe-zlpnap brxe-block prod-tab-spec-loop\">\n<p class=\"brxe-ibnnrs brxe-text-basic tab-spec__value\">Regolazione della parallasse: 15 - infinito<\/p>\n<\/div>\n<div class=\"brxe-zlpnap brxe-block prod-tab-spec-loop\">\n<p class=\"brxe-ibnnrs brxe-text-basic tab-spec__value\">Diametro del tubo: 1 pollice<\/p>\n<\/div>\n<div class=\"brxe-zlpnap brxe-block prod-tab-spec-loop\">\n<p class=\"brxe-ibnnrs brxe-text-basic tab-spec__value\">Diametro obiettivo: 40 mm<\/p>\n<\/div>\n<div class=\"brxe-zlpnap brxe-block prod-tab-spec-loop\">\n<p class=\"brxe-ibnnrs brxe-text-basic tab-spec__value\">Piano focale: secondo piano focale<\/p>\n<\/div>\n<div class=\"brxe-zlpnap brxe-block prod-tab-spec-loop\">\n<p class=\"brxe-ibnnrs brxe-text-basic tab-spec__value\">Rivestimento dell'obiettivo: completamente multistrato, banda larga completa, rivestimento impermeabile, miglioramento in condizioni di scarsa illuminazione<\/p>\n<\/div>\n<div class=\"brxe-zlpnap brxe-block prod-tab-spec-loop\">\n<p class=\"brxe-ibnnrs brxe-text-basic tab-spec__value\">Reticolo: RHR<\/p>\n<\/div>\n<div class=\"brxe-zlpnap brxe-block prod-tab-spec-loop\">\n<p class=\"brxe-ibnnrs brxe-text-basic tab-spec__value\">Campo visivo a 100 metri: 33 ft - 11 ft<\/p>\n<\/div>\n<div class=\"brxe-zlpnap brxe-block prod-tab-spec-loop\">\n<p class=\"brxe-ibnnrs brxe-text-basic tab-spec__value\">Materiale: 6061-T6<\/p>\n<\/div>\n<div class=\"brxe-zlpnap brxe-block prod-tab-spec-loop\">\n<p class=\"brxe-ibnnrs brxe-text-basic tab-spec__value\">Distanza dagli occhi: 4.33in\/110mm<\/p>\n<\/div>\n<div class=\"brxe-zlpnap brxe-block prod-tab-spec-loop\">\n<p class=\"brxe-ibnnrs brxe-text-basic tab-spec__value\">Pupilla di uscita: bassa 14,4 mm - 4,9 mm<\/p>\n<\/div>\n<div class=\"brxe-zlpnap brxe-block prod-tab-spec-loop\">\n<p class=\"brxe-ibnnrs brxe-text-basic tab-spec__value\">Valore di scatto a 100 metri: 1\/4 MOA<\/p>\n<\/div>\n<div class=\"brxe-zlpnap brxe-block prod-tab-spec-loop\">\n<p class=\"brxe-ibnnrs brxe-text-basic tab-spec__value\">Campo di regolazione: 80 MOA<\/p>\n<\/div>\n<div class=\"brxe-zlpnap brxe-block prod-tab-spec-loop\">\n<p class=\"brxe-ibnnrs brxe-text-basic tab-spec__value\">Lunghezza di montaggio: 5,5in\/140mm<\/p>\n<\/div>\n<div class=\"brxe-zlpnap brxe-block prod-tab-spec-loop\">\n<p class=\"brxe-ibnnrs brxe-text-basic tab-spec__value\">Length:12.03in\/305.56mm<\/p>\n<\/div>\n<div class=\"brxe-zlpnap brxe-block prod-tab-spec-loop\">\n<p class=\"brxe-ibnnrs brxe-text-basic tab-spec__value\">Weight:1.22lbs\/19.52oz<\/p>\n<\/div>\n<div class=\"brxe-zlpnap brxe-block prod-tab-spec-loop\">\n<p class=\"brxe-ibnnrs brxe-text-basic tab-spec__value\">Accessori inclusi: Copriobiettivi ribaltabili, panno per obiettivi, chiave a brugola<\/p>\n<\/div>\n<\/div>\n<\/div>\n<\/div>\n<\/div>\n<\/div>","protected":false},"excerpt":{"rendered":"<p>Il <strong>Riton<\/strong> <strong>1 Primal 3-9\u00d740<\/strong>\u00a0di Riton si concentra sulle prestazioni funzionali con una piattaforma semplice e perfetta per il vostro tempo nei boschi. Quando volete prestazioni affidabili e ottiche di qualit\u00e0 che vi diano la visuale di cui avete bisogno quando arriva il momento di riempire il vostro cartellino, la linea di cannocchiali 1 Primal vi offre esattamente questo, e a un prezzo inferiore a quello che vi aspettereste.<\/p>","protected":false},"featured_media":1184,"comment_status":"open","ping_status":"closed","template":"","meta":[],"etheme_brands":[{"term_id":44,"name":"Riton","slug":"riton","term_group":0,"term_taxonomy_id":44,"taxonomy":"brand","description":"","parent":0,"count":18,"filter":"raw"}],"product_brand":[],"product_cat":[49],"product_tag":[],"class_list":{"0":"post-1183","1":"product","2":"type-product","3":"status-publish","4":"has-post-thumbnail","6":"brand-riton","7":"product_cat-rifle-scopes","9":"first","10":"instock","11":"sale","12":"taxable","13":"shipping-taxable","14":"purchasable","15":"product-type-simple"},"yoast_head":"<!-- This site is optimized with the Yoast SEO Premium plugin v25.7.1 (Yoast SEO v27.4) - https:\/\/yoast.com\/product\/yoast-seo-premium-wordpress\/ -->\n<title>Riton 1 PRIMAL 3-9\u00d740 - Hunter Optics<\/title>\n<meta name=\"description\" content=\"The Riton 1 Primal 3-9\u00d740\u00a0from Riton keeps the focus on functional performance with a straightforward platform that\u2019s perfect for your time in the woods.\" \/>\n<meta name=\"robots\" content=\"index, follow, max-snippet:-1, max-image-preview:large, max-video-preview:-1\" \/>\n<link rel=\"canonical\" href=\"https:\/\/hunter-optics.com\/it\/prodotto\/riton-1-primal-3-9x40\/\" \/>\n<meta property=\"og:locale\" content=\"it_IT\" \/>\n<meta property=\"og:type\" content=\"article\" \/>\n<meta property=\"og:title\" content=\"Riton 1 PRIMAL 3-9\u00d740\" \/>\n<meta property=\"og:description\" content=\"The Riton 1 Primal 3-9\u00d740\u00a0from Riton keeps the focus on functional performance with a straightforward platform that\u2019s perfect for your time in the woods.\" \/>\n<meta property=\"og:url\" content=\"https:\/\/hunter-optics.com\/it\/prodotto\/riton-1-primal-3-9x40\/\" \/>\n<meta property=\"og:site_name\" content=\"Hunter Optics\" \/>\n<meta property=\"article:modified_time\" content=\"2025-10-11T09:37:00+00:00\" \/>\n<meta property=\"og:image\" content=\"https:\/\/hunter-optics.com\/wp-content\/uploads\/2025\/07\/1-Primal-3-9x40-lb-v2-angle-02.webp\" \/>\n\t<meta property=\"og:image:width\" content=\"876\" \/>\n\t<meta property=\"og:image:height\" content=\"876\" \/>\n\t<meta property=\"og:image:type\" content=\"image\/webp\" \/>\n<meta name=\"twitter:card\" content=\"summary_large_image\" \/>\n<meta name=\"twitter:label1\" content=\"Prezzo\" \/>\n\t<meta name=\"twitter:data1\" content=\"&#036;219.99\" \/>\n\t<meta name=\"twitter:label2\" content=\"Disponibilit\u00e0\" \/>\n\t<meta name=\"twitter:data2\" content=\"In stock\" \/>\n<script type=\"application\/ld+json\" class=\"yoast-schema-graph\">{\"@context\":\"https:\\\/\\\/schema.org\",\"@graph\":[{\"@type\":\"WebPage\",\"@id\":\"https:\\\/\\\/hunter-optics.com\\\/product\\\/riton-1-primal-3-9x40\\\/\",\"url\":\"https:\\\/\\\/hunter-optics.com\\\/product\\\/riton-1-primal-3-9x40\\\/\",\"name\":\"Riton 1 PRIMAL 3-9\u00d740 - Hunter Optics\",\"isPartOf\":{\"@id\":\"https:\\\/\\\/hunter-optics.com\\\/#website\"},\"primaryImageOfPage\":{\"@id\":\"https:\\\/\\\/hunter-optics.com\\\/product\\\/riton-1-primal-3-9x40\\\/#primaryimage\"},\"image\":{\"@id\":\"https:\\\/\\\/hunter-optics.com\\\/product\\\/riton-1-primal-3-9x40\\\/#primaryimage\"},\"thumbnailUrl\":\"https:\\\/\\\/hunter-optics.com\\\/wp-content\\\/uploads\\\/2025\\\/07\\\/1-Primal-3-9x40-lb-v2-angle-02.webp\",\"datePublished\":\"2025-07-01T05:47:56+00:00\",\"dateModified\":\"2025-10-11T09:37:00+00:00\",\"description\":\"The Riton 1 Primal 3-9\u00d740\u00a0from Riton keeps the focus on functional performance with a straightforward platform that\u2019s perfect for your time in the woods.\",\"breadcrumb\":{\"@id\":\"https:\\\/\\\/hunter-optics.com\\\/product\\\/riton-1-primal-3-9x40\\\/#breadcrumb\"},\"inLanguage\":\"it-IT\",\"potentialAction\":[{\"@type\":\"ReadAction\",\"target\":[\"https:\\\/\\\/hunter-optics.com\\\/product\\\/riton-1-primal-3-9x40\\\/\"]}]},{\"@type\":\"ImageObject\",\"inLanguage\":\"it-IT\",\"@id\":\"https:\\\/\\\/hunter-optics.com\\\/product\\\/riton-1-primal-3-9x40\\\/#primaryimage\",\"url\":\"https:\\\/\\\/hunter-optics.com\\\/wp-content\\\/uploads\\\/2025\\\/07\\\/1-Primal-3-9x40-lb-v2-angle-02.webp\",\"contentUrl\":\"https:\\\/\\\/hunter-optics.com\\\/wp-content\\\/uploads\\\/2025\\\/07\\\/1-Primal-3-9x40-lb-v2-angle-02.webp\",\"width\":876,\"height\":876},{\"@type\":\"BreadcrumbList\",\"@id\":\"https:\\\/\\\/hunter-optics.com\\\/product\\\/riton-1-primal-3-9x40\\\/#breadcrumb\",\"itemListElement\":[{\"@type\":\"ListItem\",\"position\":1,\"name\":\"Home\",\"item\":\"https:\\\/\\\/hunter-optics.com\\\/\"},{\"@type\":\"ListItem\",\"position\":2,\"name\":\"Products\",\"item\":\"https:\\\/\\\/hunter-optics.com\\\/shop\\\/\"},{\"@type\":\"ListItem\",\"position\":3,\"name\":\"Riton 1 PRIMAL 3-9\u00d740\"}]},{\"@type\":\"WebSite\",\"@id\":\"https:\\\/\\\/hunter-optics.com\\\/#website\",\"url\":\"https:\\\/\\\/hunter-optics.com\\\/\",\"name\":\"Hunter Optics\",\"description\":\"Hunter Optics \u2014 Your Eye on the Target.\",\"publisher\":{\"@id\":\"https:\\\/\\\/hunter-optics.com\\\/#organization\"},\"potentialAction\":[{\"@type\":\"SearchAction\",\"target\":{\"@type\":\"EntryPoint\",\"urlTemplate\":\"https:\\\/\\\/hunter-optics.com\\\/?s={search_term_string}\"},\"query-input\":{\"@type\":\"PropertyValueSpecification\",\"valueRequired\":true,\"valueName\":\"search_term_string\"}}],\"inLanguage\":\"it-IT\"},{\"@type\":\"Organization\",\"@id\":\"https:\\\/\\\/hunter-optics.com\\\/#organization\",\"name\":\"Hunter Optics\",\"url\":\"https:\\\/\\\/hunter-optics.com\\\/\",\"logo\":{\"@type\":\"ImageObject\",\"inLanguage\":\"it-IT\",\"@id\":\"https:\\\/\\\/hunter-optics.com\\\/#\\\/schema\\\/logo\\\/image\\\/\",\"url\":\"https:\\\/\\\/hunter-optics.com\\\/wp-content\\\/uploads\\\/2025\\\/06\\\/hunter-optics-logo-1.png\",\"contentUrl\":\"https:\\\/\\\/hunter-optics.com\\\/wp-content\\\/uploads\\\/2025\\\/06\\\/hunter-optics-logo-1.png\",\"width\":937,\"height\":373,\"caption\":\"Hunter Optics\"},\"image\":{\"@id\":\"https:\\\/\\\/hunter-optics.com\\\/#\\\/schema\\\/logo\\\/image\\\/\"}}]}<\/script>\n<meta property=\"product:brand\" content=\"Riton\" \/>\n<meta property=\"product:price:amount\" content=\"219.99\" \/>\n<meta property=\"product:price:currency\" content=\"USD\" \/>\n<meta property=\"og:availability\" content=\"instock\" \/>\n<meta property=\"product:availability\" content=\"instock\" \/>\n<meta property=\"product:condition\" content=\"new\" \/>\n<!-- \/ Yoast SEO Premium plugin. -->","yoast_head_json":{"title":"Riton 1 PRIMAL 3-9\u00d740 - Ottica Hunter","description":"Il Riton 1 Primal 3-9\u00d740 di Riton si concentra sulle prestazioni funzionali con una piattaforma semplice, perfetta per il tempo trascorso nei boschi.","robots":{"index":"index","follow":"follow","max-snippet":"max-snippet:-1","max-image-preview":"max-image-preview:large","max-video-preview":"max-video-preview:-1"},"canonical":"https:\/\/hunter-optics.com\/it\/prodotto\/riton-1-primal-3-9x40\/","og_locale":"it_IT","og_type":"article","og_title":"Riton 1 PRIMAL 3-9\u00d740","og_description":"The Riton 1 Primal 3-9\u00d740\u00a0from Riton keeps the focus on functional performance with a straightforward platform that\u2019s perfect for your time in the woods.","og_url":"https:\/\/hunter-optics.com\/it\/prodotto\/riton-1-primal-3-9x40\/","og_site_name":"Hunter Optics","article_modified_time":"2025-10-11T09:37:00+00:00","og_image":[{"width":876,"height":876,"url":"https:\/\/hunter-optics.com\/wp-content\/uploads\/2025\/07\/1-Primal-3-9x40-lb-v2-angle-02.webp","type":"image\/webp"}],"twitter_card":"summary_large_image","twitter_misc":{"Prezzo":"&#36;219.99","Disponibilit\u00e0":"In stock"},"schema":{"@context":"https:\/\/schema.org","@graph":[{"@type":"WebPage","@id":"https:\/\/hunter-optics.com\/product\/riton-1-primal-3-9x40\/","url":"https:\/\/hunter-optics.com\/product\/riton-1-primal-3-9x40\/","name":"Riton 1 PRIMAL 3-9\u00d740 - Ottica Hunter","isPartOf":{"@id":"https:\/\/hunter-optics.com\/#website"},"primaryImageOfPage":{"@id":"https:\/\/hunter-optics.com\/product\/riton-1-primal-3-9x40\/#primaryimage"},"image":{"@id":"https:\/\/hunter-optics.com\/product\/riton-1-primal-3-9x40\/#primaryimage"},"thumbnailUrl":"https:\/\/hunter-optics.com\/wp-content\/uploads\/2025\/07\/1-Primal-3-9x40-lb-v2-angle-02.webp","datePublished":"2025-07-01T05:47:56+00:00","dateModified":"2025-10-11T09:37:00+00:00","description":"Il Riton 1 Primal 3-9\u00d740 di Riton si concentra sulle prestazioni funzionali con una piattaforma semplice, perfetta per il tempo trascorso nei boschi.","breadcrumb":{"@id":"https:\/\/hunter-optics.com\/product\/riton-1-primal-3-9x40\/#breadcrumb"},"inLanguage":"it-IT","potentialAction":[{"@type":"ReadAction","target":["https:\/\/hunter-optics.com\/product\/riton-1-primal-3-9x40\/"]}]},{"@type":"ImageObject","inLanguage":"it-IT","@id":"https:\/\/hunter-optics.com\/product\/riton-1-primal-3-9x40\/#primaryimage","url":"https:\/\/hunter-optics.com\/wp-content\/uploads\/2025\/07\/1-Primal-3-9x40-lb-v2-angle-02.webp","contentUrl":"https:\/\/hunter-optics.com\/wp-content\/uploads\/2025\/07\/1-Primal-3-9x40-lb-v2-angle-02.webp","width":876,"height":876},{"@type":"BreadcrumbList","@id":"https:\/\/hunter-optics.com\/product\/riton-1-primal-3-9x40\/#breadcrumb","itemListElement":[{"@type":"ListItem","position":1,"name":"Home","item":"https:\/\/hunter-optics.com\/"},{"@type":"ListItem","position":2,"name":"Products","item":"https:\/\/hunter-optics.com\/shop\/"},{"@type":"ListItem","position":3,"name":"Riton 1 PRIMAL 3-9\u00d740"}]},{"@type":"WebSite","@id":"https:\/\/hunter-optics.com\/#website","url":"https:\/\/hunter-optics.com\/","name":"Ottica Hunter","description":"Ottica per cacciatori - L'occhio sul bersaglio.","publisher":{"@id":"https:\/\/hunter-optics.com\/#organization"},"potentialAction":[{"@type":"SearchAction","target":{"@type":"EntryPoint","urlTemplate":"https:\/\/hunter-optics.com\/?s={search_term_string}"},"query-input":{"@type":"PropertyValueSpecification","valueRequired":true,"valueName":"search_term_string"}}],"inLanguage":"it-IT"},{"@type":"Organization","@id":"https:\/\/hunter-optics.com\/#organization","name":"Ottica Hunter","url":"https:\/\/hunter-optics.com\/","logo":{"@type":"ImageObject","inLanguage":"it-IT","@id":"https:\/\/hunter-optics.com\/#\/schema\/logo\/image\/","url":"https:\/\/hunter-optics.com\/wp-content\/uploads\/2025\/06\/hunter-optics-logo-1.png","contentUrl":"https:\/\/hunter-optics.com\/wp-content\/uploads\/2025\/06\/hunter-optics-logo-1.png","width":937,"height":373,"caption":"Hunter Optics"},"image":{"@id":"https:\/\/hunter-optics.com\/#\/schema\/logo\/image\/"}}]},"product_brand":"Riton","product_price_amount":"219.99","product_price_currency":"USD","og_availability":"instock","product_availability":"instock","product_condition":"new"},"_links":{"self":[{"href":"https:\/\/hunter-optics.com\/it\/wp-json\/wp\/v2\/product\/1183","targetHints":{"allow":["GET"]}}],"collection":[{"href":"https:\/\/hunter-optics.com\/it\/wp-json\/wp\/v2\/product"}],"about":[{"href":"https:\/\/hunter-optics.com\/it\/wp-json\/wp\/v2\/types\/product"}],"replies":[{"embeddable":true,"href":"https:\/\/hunter-optics.com\/it\/wp-json\/wp\/v2\/comments?post=1183"}],"version-history":[{"count":6,"href":"https:\/\/hunter-optics.com\/it\/wp-json\/wp\/v2\/product\/1183\/revisions"}],"predecessor-version":[{"id":1297,"href":"https:\/\/hunter-optics.com\/it\/wp-json\/wp\/v2\/product\/1183\/revisions\/1297"}],"wp:featuredmedia":[{"embeddable":true,"href":"https:\/\/hunter-optics.com\/it\/wp-json\/wp\/v2\/media\/1184"}],"wp:attachment":[{"href":"https:\/\/hunter-optics.com\/it\/wp-json\/wp\/v2\/media?parent=1183"}],"wp:term":[{"taxonomy":"brand","embeddable":true,"href":"https:\/\/hunter-optics.com\/it\/wp-json\/wp\/v2\/etheme_brands?post=1183"},{"taxonomy":"product_brand","embeddable":true,"href":"https:\/\/hunter-optics.com\/it\/wp-json\/wp\/v2\/product_brand?post=1183"},{"taxonomy":"product_cat","embeddable":true,"href":"https:\/\/hunter-optics.com\/it\/wp-json\/wp\/v2\/product_cat?post=1183"},{"taxonomy":"product_tag","embeddable":true,"href":"https:\/\/hunter-optics.com\/it\/wp-json\/wp\/v2\/product_tag?post=1183"}],"curies":[{"name":"wp","href":"https:\/\/api.w.org\/{rel}","templated":true}]}}